{"id":5233,"date":"2023-04-28T13:43:42","date_gmt":"2023-04-28T11:43:42","guid":{"rendered":"https:\/\/www.sereni-d.com\/die-marke\/"},"modified":"2024-08-22T17:34:09","modified_gmt":"2024-08-22T15:34:09","slug":"die-marke","status":"publish","type":"page","link":"https:\/\/www.sereni-d.com\/de\/die-marke\/","title":{"rendered":"Die Marke"},"content":{"rendered":"\n<h2 class=\"wp-block-heading has-text-align-center d-lg-none\">Das Projekt<\/h2>\n\n\n\n<div class=\"wp-block-media-text is-stacked-on-mobile mobile-img-full no-fit\"><figure class=\"wp-block-media-text__media\"><img loading=\"lazy\" decoding=\"async\" width=\"800\" height=\"500\" src=\"https:\/\/www.sereni-d.com\/wp-content\/uploads\/2023\/04\/img_marque_800x500_le-projet.jpg\" alt=\"\" class=\"wp-image-323 size-full\" srcset=\"https:\/\/www.sereni-d.com\/wp-content\/uploads\/2023\/04\/img_marque_800x500_le-projet.jpg 800w, https:\/\/www.sereni-d.com\/wp-content\/uploads\/2023\/04\/img_marque_800x500_le-projet-600x375.jpg 600w, https:\/\/www.sereni-d.com\/wp-content\/uploads\/2023\/04\/img_marque_800x500_le-projet-300x188.jpg 300w, https:\/\/www.sereni-d.com\/wp-content\/uploads\/2023\/04\/img_marque_800x500_le-projet-768x480.jpg 768w\" sizes=\"auto, (max-width: 800px) 100vw, 800px\" \/><\/figure><div class=\"wp-block-media-text__content\">\n<h2 class=\"wp-block-heading d-none d-lg-block\">Das Projekt<\/h2>\n\n\n\n<p>Mehr als eine Million Menschen waren 2020 in der Schweiz und in Frankreich von Bettwanzen betroffen, und zwischen 2017 und 2022 war jeder zehnte Haushalt von Bettwanzen betroffen. Jede dritte AirBnB-Unterkunft in New York ist von Bettwanzen befallen, ebenso wie die meisten Jugendherbergen und H\u00fctten auf Fernwanderwegen. In einigen Stadtvierteln von Genf, Paris, Marseille und anderen Gro\u00dfst\u00e4dten sind regelm\u00e4\u00dfig Geb\u00e4ude vollst\u00e4ndig betroffen. <\/p>\n\n\n\n<p class=\"read-more-block\"><a href=\"#\" class=\"btn-more\">Weiterlesen <\/a><\/p>\n\n\n\n<p>Bettwanzen sind zu einer echten Plage und einem Problem f\u00fcr die \u00f6ffentliche Gesundheit geworden. Wenn Sie an Orte mit hoher Fluktuation reisen, wie Hotels, AirBnB, Bed &amp; Breakfasts, H\u00fctten, Campingpl\u00e4tze, oder wenn Sie Zeit in Gesundheitseinrichtungen, \u00f6ffentlichen Verkehrsmitteln, Bibliotheken verbringen oder Ihre Wohnung vermieten, ist die Wahrscheinlichkeit hoch, dass Sie von Bettwanzen betroffen sind. Angesichts dieses Anstiegs in der Schweiz, in Frankreich und weltweit und der Tatsache, dass es auf dem Markt keine wirksamen und nat\u00fcrlichen Produkte zur Bek\u00e4mpfung von Bettwanzen gibt, hat das Schweizer Labor Sereni-d<strong><sup>\u00ae<\/sup><\/strong> sich der Erforschung von pflanzlichen Wirkstoffen und der Entwicklung von gesunden Formeln verschrieben, die f\u00fcr Ihre Familie und unsere Umwelt unbedenklich sind. Das Labor verwendet mehr als 15 Pflanzen und pflanzliche Wirkstoffe, um Bettwanzen und ihre Unannehmlichkeiten zu bek\u00e4mpfen.<\/p>\n<\/div><\/div>\n\n\n\n<div style=\"height:2vw\" aria-hidden=\"true\" class=\"wp-block-spacer\"><\/div>\n\n\n\n<h2 class=\"wp-block-heading has-text-align-center d-lg-none\">Unsere Geschichte<\/h2>\n\n\n\n<div class=\"wp-block-media-text has-media-on-the-right is-stacked-on-mobile mobile-img-full no-fit\"><div class=\"wp-block-media-text__content\">\n<h2 class=\"wp-block-heading d-none d-lg-block\">Unsere Geschichte<\/h2>\n\n\n\n<p>Nach schlechten Erfahrungen in den von Bettwanzen verseuchten H\u00fctten des Fernwanderwegs GR20 auf Korsika, dann in einer \u00fcber AirBnB gemieteten Wohnung in Montreal, Kanada, und in einem B\u00fcro in Genf, entstand nach und nach die Idee. Marine Falconnet erkannte, dass es weder wirksame und nat\u00fcrliche Produkte zur Vorbeugung noch radikale, schnelle und gesunde Abhilfe schaffende Methoden gab, um Bettwanzen bei einem Befall loszuwerden, und dass dies bei den Opfern oft psychologische N\u00f6te ausl\u00f6ste. 2021 beschloss Marine Falconnet, diesen Mangel zu beheben, indem sie eine Reihe von wirksamen und nachhaltigen Produkten entwickelte, um Privatpersonen und Fachleuten zu helfen. Die Produkte offenbarten ihre maximale Wirksamkeit, und heute sind mehr als 250.000 Familien zufrieden.<\/p>\n\n\n\n<p class=\"read-more-block\"><a href=\"#\" class=\"btn-more\">Weiterlesen<\/a><\/p>\n\n\n\n<p>\u201eAls Ingenieurin, Mutter von zwei Kindern und f\u00fcr Naturprodukte empf\u00e4ngliche Person habe ich die besten Experten zusammengebracht, um nach pflanzlichen Wirkstoffen zu suchen und eine gesunde, ungiftige und nachhaltige Alternative f\u00fcr Ihre Familie und unsere Umwelt zu entwickeln. Sereni-d<strong><sup>\u00ae<\/sup><\/strong> ist ein Schweizer Labor f\u00fcr Bettwanzen-Experten, um diese wahre Plage des 21. Jahrhunderts nachhaltig zu bek\u00e4mpfen.\u201d<\/p>\n<\/div><figure class=\"wp-block-media-text__media\"><img loading=\"lazy\" decoding=\"async\" width=\"800\" height=\"500\" src=\"https:\/\/www.sereni-d.com\/wp-content\/uploads\/2023\/04\/img_marque_800x500_notre-histoire.jpg\" alt=\"\" class=\"wp-image-326 size-full\" srcset=\"https:\/\/www.sereni-d.com\/wp-content\/uploads\/2023\/04\/img_marque_800x500_notre-histoire.jpg 800w, https:\/\/www.sereni-d.com\/wp-content\/uploads\/2023\/04\/img_marque_800x500_notre-histoire-600x375.jpg 600w, https:\/\/www.sereni-d.com\/wp-content\/uploads\/2023\/04\/img_marque_800x500_notre-histoire-300x188.jpg 300w, https:\/\/www.sereni-d.com\/wp-content\/uploads\/2023\/04\/img_marque_800x500_notre-histoire-768x480.jpg 768w\" sizes=\"auto, (max-width: 800px) 100vw, 800px\" \/><\/figure><\/div>\n","protected":false},"excerpt":{"rendered":"<p>Das Projekt Das Projekt Mehr als eine Million Menschen waren 2020 in der Schweiz und in Frankreich von Bettwanzen betroffen, und zwischen 2017 und 2022 war jeder zehnte Haushalt von Bettwanzen betroffen. Jede dritte AirBnB-Unterkunft in New York ist von Bettwanzen befallen, ebenso wie die meisten Jugendherbergen und H\u00fctten auf Fernwanderwegen. In einigen Stadtvierteln von [&hellip;]<\/p>\n","protected":false},"author":1,"featured_media":0,"parent":0,"menu_order":0,"comment_status":"closed","ping_status":"closed","template":"template-page-marque.php","meta":{"_acf_changed":false,"_monsterinsights_skip_tracking":false,"_monsterinsights_sitenote_active":false,"_monsterinsights_sitenote_note":"","_monsterinsights_sitenote_category":0,"footnotes":""},"class_list":["post-5233","page","type-page","status-publish","hentry"],"acf":[],"yoast_head":"<!-- This site is optimized with the Yoast SEO plugin v27.4 - https:\/\/yoast.com\/product\/yoast-seo-wordpress\/ -->\n<title>Die Marke SERENI-D<\/title>\n<meta name=\"description\" content=\"Entdecken Sie Sereni-d\u00ae EXPERT BETTWANZEN, Ihre nat\u00fcrlich gewonnene und wirksame L\u00f6sung gegen Bettwanzen. Wir sind ein Schweizer LABORATORIUM und bieten Produkte an, die aus Pflanzen, \u00e4therischen \u00d6len und Wasser bestehen. F\u00fcr Privatpersonen und Gewerbetreibende.\" \/>\n<meta name=\"robots\" content=\"index, follow, max-snippet:-1, max-image-preview:large, max-video-preview:-1\" \/>\n<link rel=\"canonical\" href=\"https:\/\/www.sereni-d.com\/de\/die-marke\/\" \/>\n<meta property=\"og:locale\" content=\"de_DE\" \/>\n<meta property=\"og:type\" content=\"article\" \/>\n<meta property=\"og:title\" content=\"Die Marke SERENI-D\" \/>\n<meta property=\"og:description\" content=\"Entdecken Sie Sereni-d\u00ae EXPERT BETTWANZEN, Ihre nat\u00fcrlich gewonnene und wirksame L\u00f6sung gegen Bettwanzen. Wir sind ein Schweizer LABORATORIUM und bieten Produkte an, die aus Pflanzen, \u00e4therischen \u00d6len und Wasser bestehen. F\u00fcr Privatpersonen und Gewerbetreibende.\" \/>\n<meta property=\"og:url\" content=\"https:\/\/www.sereni-d.com\/de\/die-marke\/\" \/>\n<meta property=\"og:site_name\" content=\"Sereni-d\u00ae\" \/>\n<meta property=\"article:publisher\" content=\"https:\/\/www.facebook.com\/SereniDsante\/\" \/>\n<meta property=\"article:modified_time\" content=\"2024-08-22T15:34:09+00:00\" \/>\n<meta property=\"og:image\" content=\"https:\/\/www.sereni-d.com\/wp-content\/uploads\/2023\/04\/img_marque_800x500_le-projet.jpg\" \/>\n<meta name=\"twitter:card\" content=\"summary_large_image\" \/>\n<meta name=\"twitter:label1\" content=\"Gesch\u00e4tzte Lesezeit\" \/>\n\t<meta name=\"twitter:data1\" content=\"3\u00a0Minuten\" \/>\n<script type=\"application\/ld+json\" class=\"yoast-schema-graph\">{\"@context\":\"https:\\\/\\\/schema.org\",\"@graph\":[{\"@type\":\"WebPage\",\"@id\":\"https:\\\/\\\/www.sereni-d.com\\\/de\\\/die-marke\\\/\",\"url\":\"https:\\\/\\\/www.sereni-d.com\\\/de\\\/die-marke\\\/\",\"name\":\"Die Marke SERENI-D\",\"isPartOf\":{\"@id\":\"https:\\\/\\\/www.sereni-d.com\\\/de\\\/#website\"},\"primaryImageOfPage\":{\"@id\":\"https:\\\/\\\/www.sereni-d.com\\\/de\\\/die-marke\\\/#primaryimage\"},\"image\":{\"@id\":\"https:\\\/\\\/www.sereni-d.com\\\/de\\\/die-marke\\\/#primaryimage\"},\"thumbnailUrl\":\"https:\\\/\\\/www.sereni-d.com\\\/wp-content\\\/uploads\\\/2023\\\/04\\\/img_marque_800x500_le-projet.jpg\",\"datePublished\":\"2023-04-28T11:43:42+00:00\",\"dateModified\":\"2024-08-22T15:34:09+00:00\",\"description\":\"Entdecken Sie Sereni-d\u00ae EXPERT BETTWANZEN, Ihre nat\u00fcrlich gewonnene und wirksame L\u00f6sung gegen Bettwanzen. Wir sind ein Schweizer LABORATORIUM und bieten Produkte an, die aus Pflanzen, \u00e4therischen \u00d6len und Wasser bestehen. F\u00fcr Privatpersonen und Gewerbetreibende.\",\"breadcrumb\":{\"@id\":\"https:\\\/\\\/www.sereni-d.com\\\/de\\\/die-marke\\\/#breadcrumb\"},\"inLanguage\":\"de\",\"potentialAction\":[{\"@type\":\"ReadAction\",\"target\":[\"https:\\\/\\\/www.sereni-d.com\\\/de\\\/die-marke\\\/\"]}]},{\"@type\":\"ImageObject\",\"inLanguage\":\"de\",\"@id\":\"https:\\\/\\\/www.sereni-d.com\\\/de\\\/die-marke\\\/#primaryimage\",\"url\":\"https:\\\/\\\/www.sereni-d.com\\\/wp-content\\\/uploads\\\/2023\\\/04\\\/img_marque_800x500_le-projet.jpg\",\"contentUrl\":\"https:\\\/\\\/www.sereni-d.com\\\/wp-content\\\/uploads\\\/2023\\\/04\\\/img_marque_800x500_le-projet.jpg\"},{\"@type\":\"BreadcrumbList\",\"@id\":\"https:\\\/\\\/www.sereni-d.com\\\/de\\\/die-marke\\\/#breadcrumb\",\"itemListElement\":[{\"@type\":\"ListItem\",\"position\":1,\"name\":\"Startseite\",\"item\":\"https:\\\/\\\/www.sereni-d.com\\\/de\\\/\"},{\"@type\":\"ListItem\",\"position\":2,\"name\":\"Die Marke\"}]},{\"@type\":\"WebSite\",\"@id\":\"https:\\\/\\\/www.sereni-d.com\\\/de\\\/#website\",\"url\":\"https:\\\/\\\/www.sereni-d.com\\\/de\\\/\",\"name\":\"Sereni-d\u00ae\",\"description\":\"EXPERT Punaises de Lit - Laboratoire SUISSE - Traitements concentr\u00e9s contres les Punaises de Lit. Protection Longue Dur\u00e9e. Efficacit\u00e9 prouv\u00e9e, r\u00e9sultat maximal. Recommand\u00e9 par les professionnels.\",\"publisher\":{\"@id\":\"https:\\\/\\\/www.sereni-d.com\\\/de\\\/#organization\"},\"potentialAction\":[{\"@type\":\"SearchAction\",\"target\":{\"@type\":\"EntryPoint\",\"urlTemplate\":\"https:\\\/\\\/www.sereni-d.com\\\/de\\\/?s={search_term_string}\"},\"query-input\":{\"@type\":\"PropertyValueSpecification\",\"valueRequired\":true,\"valueName\":\"search_term_string\"}}],\"inLanguage\":\"de\"},{\"@type\":\"Organization\",\"@id\":\"https:\\\/\\\/www.sereni-d.com\\\/de\\\/#organization\",\"name\":\"Sereni-d\",\"url\":\"https:\\\/\\\/www.sereni-d.com\\\/de\\\/\",\"logo\":{\"@type\":\"ImageObject\",\"inLanguage\":\"de\",\"@id\":\"https:\\\/\\\/www.sereni-d.com\\\/de\\\/#\\\/schema\\\/logo\\\/image\\\/\",\"url\":\"\",\"contentUrl\":\"\",\"caption\":\"Sereni-d\"},\"image\":{\"@id\":\"https:\\\/\\\/www.sereni-d.com\\\/de\\\/#\\\/schema\\\/logo\\\/image\\\/\"},\"sameAs\":[\"https:\\\/\\\/www.facebook.com\\\/SereniDsante\\\/\",\"https:\\\/\\\/www.instagram.com\\\/serenidsante\\\/\"]}]}<\/script>\n<!-- \/ Yoast SEO plugin. -->","yoast_head_json":{"title":"Die Marke SERENI-D","description":"Entdecken Sie Sereni-d\u00ae EXPERT BETTWANZEN, Ihre nat\u00fcrlich gewonnene und wirksame L\u00f6sung gegen Bettwanzen. Wir sind ein Schweizer LABORATORIUM und bieten Produkte an, die aus Pflanzen, \u00e4therischen \u00d6len und Wasser bestehen. F\u00fcr Privatpersonen und Gewerbetreibende.","robots":{"index":"index","follow":"follow","max-snippet":"max-snippet:-1","max-image-preview":"max-image-preview:large","max-video-preview":"max-video-preview:-1"},"canonical":"https:\/\/www.sereni-d.com\/de\/die-marke\/","og_locale":"de_DE","og_type":"article","og_title":"Die Marke SERENI-D","og_description":"Entdecken Sie Sereni-d\u00ae EXPERT BETTWANZEN, Ihre nat\u00fcrlich gewonnene und wirksame L\u00f6sung gegen Bettwanzen. Wir sind ein Schweizer LABORATORIUM und bieten Produkte an, die aus Pflanzen, \u00e4therischen \u00d6len und Wasser bestehen. F\u00fcr Privatpersonen und Gewerbetreibende.","og_url":"https:\/\/www.sereni-d.com\/de\/die-marke\/","og_site_name":"Sereni-d\u00ae","article_publisher":"https:\/\/www.facebook.com\/SereniDsante\/","article_modified_time":"2024-08-22T15:34:09+00:00","og_image":[{"url":"https:\/\/www.sereni-d.com\/wp-content\/uploads\/2023\/04\/img_marque_800x500_le-projet.jpg","type":"","width":"","height":""}],"twitter_card":"summary_large_image","twitter_misc":{"Gesch\u00e4tzte Lesezeit":"3\u00a0Minuten"},"schema":{"@context":"https:\/\/schema.org","@graph":[{"@type":"WebPage","@id":"https:\/\/www.sereni-d.com\/de\/die-marke\/","url":"https:\/\/www.sereni-d.com\/de\/die-marke\/","name":"Die Marke SERENI-D","isPartOf":{"@id":"https:\/\/www.sereni-d.com\/de\/#website"},"primaryImageOfPage":{"@id":"https:\/\/www.sereni-d.com\/de\/die-marke\/#primaryimage"},"image":{"@id":"https:\/\/www.sereni-d.com\/de\/die-marke\/#primaryimage"},"thumbnailUrl":"https:\/\/www.sereni-d.com\/wp-content\/uploads\/2023\/04\/img_marque_800x500_le-projet.jpg","datePublished":"2023-04-28T11:43:42+00:00","dateModified":"2024-08-22T15:34:09+00:00","description":"Entdecken Sie Sereni-d\u00ae EXPERT BETTWANZEN, Ihre nat\u00fcrlich gewonnene und wirksame L\u00f6sung gegen Bettwanzen. Wir sind ein Schweizer LABORATORIUM und bieten Produkte an, die aus Pflanzen, \u00e4therischen \u00d6len und Wasser bestehen. F\u00fcr Privatpersonen und Gewerbetreibende.","breadcrumb":{"@id":"https:\/\/www.sereni-d.com\/de\/die-marke\/#breadcrumb"},"inLanguage":"de","potentialAction":[{"@type":"ReadAction","target":["https:\/\/www.sereni-d.com\/de\/die-marke\/"]}]},{"@type":"ImageObject","inLanguage":"de","@id":"https:\/\/www.sereni-d.com\/de\/die-marke\/#primaryimage","url":"https:\/\/www.sereni-d.com\/wp-content\/uploads\/2023\/04\/img_marque_800x500_le-projet.jpg","contentUrl":"https:\/\/www.sereni-d.com\/wp-content\/uploads\/2023\/04\/img_marque_800x500_le-projet.jpg"},{"@type":"BreadcrumbList","@id":"https:\/\/www.sereni-d.com\/de\/die-marke\/#breadcrumb","itemListElement":[{"@type":"ListItem","position":1,"name":"Startseite","item":"https:\/\/www.sereni-d.com\/de\/"},{"@type":"ListItem","position":2,"name":"Die Marke"}]},{"@type":"WebSite","@id":"https:\/\/www.sereni-d.com\/de\/#website","url":"https:\/\/www.sereni-d.com\/de\/","name":"Sereni-d\u00ae","description":"EXPERT Punaises de Lit - Laboratoire SUISSE - Traitements concentr\u00e9s contres les Punaises de Lit. Protection Longue Dur\u00e9e. Efficacit\u00e9 prouv\u00e9e, r\u00e9sultat maximal. Recommand\u00e9 par les professionnels.","publisher":{"@id":"https:\/\/www.sereni-d.com\/de\/#organization"},"potentialAction":[{"@type":"SearchAction","target":{"@type":"EntryPoint","urlTemplate":"https:\/\/www.sereni-d.com\/de\/?s={search_term_string}"},"query-input":{"@type":"PropertyValueSpecification","valueRequired":true,"valueName":"search_term_string"}}],"inLanguage":"de"},{"@type":"Organization","@id":"https:\/\/www.sereni-d.com\/de\/#organization","name":"Sereni-d","url":"https:\/\/www.sereni-d.com\/de\/","logo":{"@type":"ImageObject","inLanguage":"de","@id":"https:\/\/www.sereni-d.com\/de\/#\/schema\/logo\/image\/","url":"","contentUrl":"","caption":"Sereni-d"},"image":{"@id":"https:\/\/www.sereni-d.com\/de\/#\/schema\/logo\/image\/"},"sameAs":["https:\/\/www.facebook.com\/SereniDsante\/","https:\/\/www.instagram.com\/serenidsante\/"]}]}},"_links":{"self":[{"href":"https:\/\/www.sereni-d.com\/de\/wp-json\/wp\/v2\/pages\/5233","targetHints":{"allow":["GET"]}}],"collection":[{"href":"https:\/\/www.sereni-d.com\/de\/wp-json\/wp\/v2\/pages"}],"about":[{"href":"https:\/\/www.sereni-d.com\/de\/wp-json\/wp\/v2\/types\/page"}],"author":[{"embeddable":true,"href":"https:\/\/www.sereni-d.com\/de\/wp-json\/wp\/v2\/users\/1"}],"replies":[{"embeddable":true,"href":"https:\/\/www.sereni-d.com\/de\/wp-json\/wp\/v2\/comments?post=5233"}],"version-history":[{"count":3,"href":"https:\/\/www.sereni-d.com\/de\/wp-json\/wp\/v2\/pages\/5233\/revisions"}],"predecessor-version":[{"id":7774,"href":"https:\/\/www.sereni-d.com\/de\/wp-json\/wp\/v2\/pages\/5233\/revisions\/7774"}],"wp:attachment":[{"href":"https:\/\/www.sereni-d.com\/de\/wp-json\/wp\/v2\/media?parent=5233"}],"curies":[{"name":"wp","href":"https:\/\/api.w.org\/{rel}","templated":true}]}}