{"id":10054,"date":"2024-11-20T10:54:18","date_gmt":"2024-11-20T09:54:18","guid":{"rendered":"https:\/\/www.sereni-d.com\/?post_type=product&#038;p=10054"},"modified":"2026-04-13T01:53:20","modified_gmt":"2026-04-12T23:53:20","slug":"reise-repellent-plakette-bettwanze","status":"publish","type":"product","link":"https:\/\/www.sereni-d.com\/de\/produits\/reise-repellent-plakette-bettwanze\/","title":{"rendered":"REISEPLAKETTE Repellent Bettwanzen"},"content":{"rendered":"<p>Die <strong>REISEPLAKETTE GEGEN BETTWANZEN<\/strong> ist eine gebrauchsfertige Plakette, die speziell entwickelt wurde, um Bettwanzen effektiv in einem pr\u00e4ventiven Rahmen abzuwehren.<\/p>\n<p>Ihre mit Geraniol- und Lavendelextrakt angereicherte Formel, ausgew\u00e4hlt f\u00fcr ihre starken abwehrenden Eigenschaften, gew\u00e4hrleistet eine langanhaltende pr\u00e4ventive Wirksamkeit.<\/p>\n<p>In Ihrem Gep\u00e4ck platziert, st\u00f6ren die aktiven Substanzen der Bettwanzenplakette die Geruchsrezeptoren der Bettwanzen und hindern sie daran, sich dort einzunisten oder Eier zu legen.<\/p>\n<p>Die Plakette kann in Handtaschen, Rucks\u00e4cke oder Koffer gelegt werden, um diese vor unerw\u00fcnschten Bettwanzen zu sch\u00fctzen, indem eine echte Barriere geschaffen wird. Die Plakette sch\u00fctzt Ihre pers\u00f6nlichen Gegenst\u00e4nde w\u00e4hrend Ihrer Reisen oder bei Verdacht auf eine nahegelegene Bel\u00e4stigung.<\/p>\n<p><strong>Sereni-d\u00ae Zufriedenheitsgarantie:<\/strong> Sollten Sie mit Ihrem Kauf nicht zufrieden sein, kontaktieren Sie uns \u00fcber die Kontaktseite, und wir erstatten Ihnen den vollen Betrag zur\u00fcck.<\/p>\n","protected":false},"excerpt":{"rendered":"<ul>\n<li>Reiseabwehrplatte gegen Bettwanzen<\/li>\n<li>Vertreibt Bettwanzen im pr\u00e4ventiven Rahmen<\/li>\n<li>Dauerhafter, sicherer und langanhaltender Schutz<\/li>\n<li>\u00dcber 250.000 zufriedene Sereni-d\u00ae Kunden<\/li>\n<\/ul>\n<p><strong>KONZENTRIERTE FORMEL \u2013 MAXIMALES ERGEBNIS<\/strong><\/p>\n<p>&nbsp;<\/p>\n","protected":false},"featured_media":10058,"comment_status":"open","ping_status":"closed","template":"","meta":{"_acf_changed":false,"_monsterinsights_skip_tracking":false,"_monsterinsights_sitenote_active":false,"_monsterinsights_sitenote_note":"","_monsterinsights_sitenote_category":0},"product_brand":[],"product_cat":[77],"product_tag":[],"class_list":{"0":"post-10054","1":"product","2":"type-product","3":"status-publish","4":"has-post-thumbnail","6":"product_cat-produkte","8":"first","9":"instock","10":"taxable","11":"shipping-taxable","12":"purchasable","13":"product-type-simple"},"acf":[],"yoast_head":"<!-- This site is optimized with the Yoast SEO plugin v27.2 - https:\/\/yoast.com\/product\/yoast-seo-wordpress\/ -->\n<title>REISE-PLAKETTE gegen Bettwanzen mit \u00e4therischen \u00d6len- Sereni-d\u00ae<\/title>\n<meta name=\"description\" content=\"Repellent-Plakette Bettwanze mit Lavendel- und Geraniol-Extrakten! Reiseschutz f\u00fcr 8 bis 12 Wochen - 100 % nat\u00fcrlich und langanhaltend\" \/>\n<meta name=\"robots\" content=\"index, follow, max-snippet:-1, max-image-preview:large, max-video-preview:-1\" \/>\n<link rel=\"canonical\" href=\"https:\/\/www.sereni-d.com\/de\/produits\/reise-repellent-plakette-bettwanze\/\" \/>\n<meta property=\"og:locale\" content=\"de_DE\" \/>\n<meta property=\"og:type\" content=\"article\" \/>\n<meta property=\"og:title\" content=\"REISE-PLAKETTE gegen Bettwanzen mit \u00e4therischen \u00d6len- Sereni-d\u00ae\" \/>\n<meta property=\"og:description\" content=\"Repellent-Plakette Bettwanze mit Lavendel- und Geraniol-Extrakten! Reiseschutz f\u00fcr 8 bis 12 Wochen - 100 % nat\u00fcrlich und langanhaltend\" \/>\n<meta property=\"og:url\" content=\"https:\/\/www.sereni-d.com\/de\/produits\/reise-repellent-plakette-bettwanze\/\" \/>\n<meta property=\"og:site_name\" content=\"Sereni-d\u00ae\" \/>\n<meta property=\"article:publisher\" content=\"https:\/\/www.facebook.com\/SereniDsante\/\" \/>\n<meta property=\"article:modified_time\" content=\"2026-04-12T23:53:20+00:00\" \/>\n<meta property=\"og:image\" content=\"https:\/\/www.sereni-d.com\/wp-content\/uploads\/2024\/11\/DE_plaquette_voyage_1-scaled.jpg\" \/>\n\t<meta property=\"og:image:width\" content=\"2560\" \/>\n\t<meta property=\"og:image:height\" content=\"2560\" \/>\n\t<meta property=\"og:image:type\" content=\"image\/jpeg\" \/>\n<meta name=\"twitter:card\" content=\"summary_large_image\" \/>\n<meta name=\"twitter:label1\" content=\"Gesch\u00e4tzte Lesezeit\" \/>\n\t<meta name=\"twitter:data1\" content=\"1\u00a0Minute\" \/>\n<script type=\"application\/ld+json\" class=\"yoast-schema-graph\">{\"@context\":\"https:\/\/schema.org\",\"@graph\":[{\"@type\":\"WebPage\",\"@id\":\"https:\/\/www.sereni-d.com\/de\/produits\/reise-repellent-plakette-bettwanze\/\",\"url\":\"https:\/\/www.sereni-d.com\/de\/produits\/reise-repellent-plakette-bettwanze\/\",\"name\":\"REISE-PLAKETTE gegen Bettwanzen mit \u00e4therischen \u00d6len- Sereni-d\u00ae\",\"isPartOf\":{\"@id\":\"https:\/\/www.sereni-d.com\/de\/#website\"},\"primaryImageOfPage\":{\"@id\":\"https:\/\/www.sereni-d.com\/de\/produits\/reise-repellent-plakette-bettwanze\/#primaryimage\"},\"image\":{\"@id\":\"https:\/\/www.sereni-d.com\/de\/produits\/reise-repellent-plakette-bettwanze\/#primaryimage\"},\"thumbnailUrl\":\"https:\/\/www.sereni-d.com\/wp-content\/uploads\/2024\/11\/DE_plaquette_voyage_1-scaled.jpg\",\"datePublished\":\"2024-11-20T09:54:18+00:00\",\"dateModified\":\"2026-04-12T23:53:20+00:00\",\"description\":\"Repellent-Plakette Bettwanze mit Lavendel- und Geraniol-Extrakten! Reiseschutz f\u00fcr 8 bis 12 Wochen - 100 % nat\u00fcrlich und langanhaltend\",\"breadcrumb\":{\"@id\":\"https:\/\/www.sereni-d.com\/de\/produits\/reise-repellent-plakette-bettwanze\/#breadcrumb\"},\"inLanguage\":\"de\",\"potentialAction\":[{\"@type\":\"ReadAction\",\"target\":[\"https:\/\/www.sereni-d.com\/de\/produits\/reise-repellent-plakette-bettwanze\/\"]}]},{\"@type\":\"ImageObject\",\"inLanguage\":\"de\",\"@id\":\"https:\/\/www.sereni-d.com\/de\/produits\/reise-repellent-plakette-bettwanze\/#primaryimage\",\"url\":\"https:\/\/www.sereni-d.com\/wp-content\/uploads\/2024\/11\/DE_plaquette_voyage_1-scaled.jpg\",\"contentUrl\":\"https:\/\/www.sereni-d.com\/wp-content\/uploads\/2024\/11\/DE_plaquette_voyage_1-scaled.jpg\",\"width\":2560,\"height\":2560,\"caption\":\"Bettwanzen Reiseplakette\"},{\"@type\":\"BreadcrumbList\",\"@id\":\"https:\/\/www.sereni-d.com\/de\/produits\/reise-repellent-plakette-bettwanze\/#breadcrumb\",\"itemListElement\":[{\"@type\":\"ListItem\",\"position\":1,\"name\":\"Startseite\",\"item\":\"https:\/\/www.sereni-d.com\/de\/\"},{\"@type\":\"ListItem\",\"position\":2,\"name\":\"Shop\",\"item\":\"https:\/\/www.sereni-d.com\/de\/shop\/\"},{\"@type\":\"ListItem\",\"position\":3,\"name\":\"Punaise de lit\",\"item\":\"https:\/\/www.sereni-d.com\/categories\/punaise-de-lit\/\"},{\"@type\":\"ListItem\",\"position\":4,\"name\":\"Produkte\",\"item\":\"https:\/\/www.sereni-d.com\/de\/categories\/produkte\/\"},{\"@type\":\"ListItem\",\"position\":5,\"name\":\"REISEPLAKETTE Repellent Bettwanzen\"}]},{\"@type\":\"WebSite\",\"@id\":\"https:\/\/www.sereni-d.com\/de\/#website\",\"url\":\"https:\/\/www.sereni-d.com\/de\/\",\"name\":\"Sereni-d\u00ae\",\"description\":\"EXPERT Punaises de Lit - Laboratoire SUISSE - Traitements concentr\u00e9s contres les Punaises de Lit. Protection Longue Dur\u00e9e. Efficacit\u00e9 prouv\u00e9e, r\u00e9sultat maximal. Recommand\u00e9 par les professionnels.\",\"publisher\":{\"@id\":\"https:\/\/www.sereni-d.com\/de\/#organization\"},\"potentialAction\":[{\"@type\":\"SearchAction\",\"target\":{\"@type\":\"EntryPoint\",\"urlTemplate\":\"https:\/\/www.sereni-d.com\/de\/?s={search_term_string}\"},\"query-input\":{\"@type\":\"PropertyValueSpecification\",\"valueRequired\":true,\"valueName\":\"search_term_string\"}}],\"inLanguage\":\"de\"},{\"@type\":\"Organization\",\"@id\":\"https:\/\/www.sereni-d.com\/de\/#organization\",\"name\":\"Sereni-d\",\"url\":\"https:\/\/www.sereni-d.com\/de\/\",\"logo\":{\"@type\":\"ImageObject\",\"inLanguage\":\"de\",\"@id\":\"https:\/\/www.sereni-d.com\/de\/#\/schema\/logo\/image\/\",\"url\":\"\",\"contentUrl\":\"\",\"caption\":\"Sereni-d\"},\"image\":{\"@id\":\"https:\/\/www.sereni-d.com\/de\/#\/schema\/logo\/image\/\"},\"sameAs\":[\"https:\/\/www.facebook.com\/SereniDsante\/\",\"https:\/\/www.instagram.com\/serenidsante\/\"]}]}<\/script>\n<!-- \/ Yoast SEO plugin. -->","yoast_head_json":{"title":"REISE-PLAKETTE gegen Bettwanzen mit \u00e4therischen \u00d6len- Sereni-d\u00ae","description":"Repellent-Plakette Bettwanze mit Lavendel- und Geraniol-Extrakten! Reiseschutz f\u00fcr 8 bis 12 Wochen - 100 % nat\u00fcrlich und langanhaltend","robots":{"index":"index","follow":"follow","max-snippet":"max-snippet:-1","max-image-preview":"max-image-preview:large","max-video-preview":"max-video-preview:-1"},"canonical":"https:\/\/www.sereni-d.com\/de\/produits\/reise-repellent-plakette-bettwanze\/","og_locale":"de_DE","og_type":"article","og_title":"REISE-PLAKETTE gegen Bettwanzen mit \u00e4therischen \u00d6len- Sereni-d\u00ae","og_description":"Repellent-Plakette Bettwanze mit Lavendel- und Geraniol-Extrakten! Reiseschutz f\u00fcr 8 bis 12 Wochen - 100 % nat\u00fcrlich und langanhaltend","og_url":"https:\/\/www.sereni-d.com\/de\/produits\/reise-repellent-plakette-bettwanze\/","og_site_name":"Sereni-d\u00ae","article_publisher":"https:\/\/www.facebook.com\/SereniDsante\/","article_modified_time":"2026-04-12T23:53:20+00:00","og_image":[{"width":2560,"height":2560,"url":"https:\/\/www.sereni-d.com\/wp-content\/uploads\/2024\/11\/DE_plaquette_voyage_1-scaled.jpg","type":"image\/jpeg"}],"twitter_card":"summary_large_image","twitter_misc":{"Gesch\u00e4tzte Lesezeit":"1\u00a0Minute"},"schema":{"@context":"https:\/\/schema.org","@graph":[{"@type":"WebPage","@id":"https:\/\/www.sereni-d.com\/de\/produits\/reise-repellent-plakette-bettwanze\/","url":"https:\/\/www.sereni-d.com\/de\/produits\/reise-repellent-plakette-bettwanze\/","name":"REISE-PLAKETTE gegen Bettwanzen mit \u00e4therischen \u00d6len- Sereni-d\u00ae","isPartOf":{"@id":"https:\/\/www.sereni-d.com\/de\/#website"},"primaryImageOfPage":{"@id":"https:\/\/www.sereni-d.com\/de\/produits\/reise-repellent-plakette-bettwanze\/#primaryimage"},"image":{"@id":"https:\/\/www.sereni-d.com\/de\/produits\/reise-repellent-plakette-bettwanze\/#primaryimage"},"thumbnailUrl":"https:\/\/www.sereni-d.com\/wp-content\/uploads\/2024\/11\/DE_plaquette_voyage_1-scaled.jpg","datePublished":"2024-11-20T09:54:18+00:00","dateModified":"2026-04-12T23:53:20+00:00","description":"Repellent-Plakette Bettwanze mit Lavendel- und Geraniol-Extrakten! Reiseschutz f\u00fcr 8 bis 12 Wochen - 100 % nat\u00fcrlich und langanhaltend","breadcrumb":{"@id":"https:\/\/www.sereni-d.com\/de\/produits\/reise-repellent-plakette-bettwanze\/#breadcrumb"},"inLanguage":"de","potentialAction":[{"@type":"ReadAction","target":["https:\/\/www.sereni-d.com\/de\/produits\/reise-repellent-plakette-bettwanze\/"]}]},{"@type":"ImageObject","inLanguage":"de","@id":"https:\/\/www.sereni-d.com\/de\/produits\/reise-repellent-plakette-bettwanze\/#primaryimage","url":"https:\/\/www.sereni-d.com\/wp-content\/uploads\/2024\/11\/DE_plaquette_voyage_1-scaled.jpg","contentUrl":"https:\/\/www.sereni-d.com\/wp-content\/uploads\/2024\/11\/DE_plaquette_voyage_1-scaled.jpg","width":2560,"height":2560,"caption":"Bettwanzen Reiseplakette"},{"@type":"BreadcrumbList","@id":"https:\/\/www.sereni-d.com\/de\/produits\/reise-repellent-plakette-bettwanze\/#breadcrumb","itemListElement":[{"@type":"ListItem","position":1,"name":"Startseite","item":"https:\/\/www.sereni-d.com\/de\/"},{"@type":"ListItem","position":2,"name":"Shop","item":"https:\/\/www.sereni-d.com\/de\/shop\/"},{"@type":"ListItem","position":3,"name":"Punaise de lit","item":"https:\/\/www.sereni-d.com\/categories\/punaise-de-lit\/"},{"@type":"ListItem","position":4,"name":"Produkte","item":"https:\/\/www.sereni-d.com\/de\/categories\/produkte\/"},{"@type":"ListItem","position":5,"name":"REISEPLAKETTE Repellent Bettwanzen"}]},{"@type":"WebSite","@id":"https:\/\/www.sereni-d.com\/de\/#website","url":"https:\/\/www.sereni-d.com\/de\/","name":"Sereni-d\u00ae","description":"EXPERT Punaises de Lit - Laboratoire SUISSE - Traitements concentr\u00e9s contres les Punaises de Lit. Protection Longue Dur\u00e9e. Efficacit\u00e9 prouv\u00e9e, r\u00e9sultat maximal. Recommand\u00e9 par les professionnels.","publisher":{"@id":"https:\/\/www.sereni-d.com\/de\/#organization"},"potentialAction":[{"@type":"SearchAction","target":{"@type":"EntryPoint","urlTemplate":"https:\/\/www.sereni-d.com\/de\/?s={search_term_string}"},"query-input":{"@type":"PropertyValueSpecification","valueRequired":true,"valueName":"search_term_string"}}],"inLanguage":"de"},{"@type":"Organization","@id":"https:\/\/www.sereni-d.com\/de\/#organization","name":"Sereni-d","url":"https:\/\/www.sereni-d.com\/de\/","logo":{"@type":"ImageObject","inLanguage":"de","@id":"https:\/\/www.sereni-d.com\/de\/#\/schema\/logo\/image\/","url":"","contentUrl":"","caption":"Sereni-d"},"image":{"@id":"https:\/\/www.sereni-d.com\/de\/#\/schema\/logo\/image\/"},"sameAs":["https:\/\/www.facebook.com\/SereniDsante\/","https:\/\/www.instagram.com\/serenidsante\/"]}]}},"_links":{"self":[{"href":"https:\/\/www.sereni-d.com\/de\/wp-json\/wp\/v2\/product\/10054","targetHints":{"allow":["GET"]}}],"collection":[{"href":"https:\/\/www.sereni-d.com\/de\/wp-json\/wp\/v2\/product"}],"about":[{"href":"https:\/\/www.sereni-d.com\/de\/wp-json\/wp\/v2\/types\/product"}],"replies":[{"embeddable":true,"href":"https:\/\/www.sereni-d.com\/de\/wp-json\/wp\/v2\/comments?post=10054"}],"wp:featuredmedia":[{"embeddable":true,"href":"https:\/\/www.sereni-d.com\/de\/wp-json\/wp\/v2\/media\/10058"}],"wp:attachment":[{"href":"https:\/\/www.sereni-d.com\/de\/wp-json\/wp\/v2\/media?parent=10054"}],"wp:term":[{"taxonomy":"product_brand","embeddable":true,"href":"https:\/\/www.sereni-d.com\/de\/wp-json\/wp\/v2\/product_brand?post=10054"},{"taxonomy":"product_cat","embeddable":true,"href":"https:\/\/www.sereni-d.com\/de\/wp-json\/wp\/v2\/product_cat?post=10054"},{"taxonomy":"product_tag","embeddable":true,"href":"https:\/\/www.sereni-d.com\/de\/wp-json\/wp\/v2\/product_tag?post=10054"}],"curies":[{"name":"wp","href":"https:\/\/api.w.org\/{rel}","templated":true}]}}