{"id":10069,"date":"2024-11-20T12:41:33","date_gmt":"2024-11-20T11:41:33","guid":{"rendered":"https:\/\/www.sereni-d.com\/?post_type=product&#038;p=10069"},"modified":"2026-05-03T17:20:35","modified_gmt":"2026-05-03T15:20:35","slug":"bettwanzen-abwehrplaketten","status":"publish","type":"product","link":"https:\/\/www.sereni-d.com\/de\/produits\/bettwanzen-abwehrplaketten\/","title":{"rendered":"BETTPLAKETTEN gegen Bettwanzen"},"content":{"rendered":"<p>Die <strong>Bettwanzenplaketten<\/strong> sind gebrauchsfertige Platten, die speziell entwickelt wurden, um Bettwanzen pr\u00e4ventiv abzuwehren.<\/p>\n<p>Ihre Extrakte aus Geraniol und Lavendel, die f\u00fcr ihre starken abwehrenden Eigenschaften ausgew\u00e4hlt wurden, garantieren eine langanhaltende pr\u00e4ventive Wirksamkeit.<\/p>\n<p>Unter den Bettbeinen platziert, werden die aktiven Substanzen der Platten die olfaktorischen Rezeptoren der Bettwanzen st\u00f6ren und sie davon abhalten, sich in Ihrem Bett niederzulassen.<\/p>\n<p>Die Plaketten bilden eine echte Barriere, die Sie w\u00e4hrend des Schlafs vor Bettwanzen sch\u00fctzt.<\/p>\n<p><strong>Die Bettwanzenplaketten sollten in Erg\u00e4nzung zu einer vollst\u00e4ndigen Behandlung gegen Bettwanzen und der Einhaltung des Sereni-d Desinfektionsprotokolls verwendet werden.<\/strong><\/p>\n<p><strong>Sereni-d\u00ae Zufriedenheitsgarantie:<\/strong> Sollten Sie mit Ihrem Kauf nicht zufrieden sein, kontaktieren Sie uns \u00fcber die Kontaktseite, und wir erstatten Ihnen den vollen Betrag zur\u00fcck.<\/p>\n","protected":false},"excerpt":{"rendered":"<ul>\n<li>Repellent-Plaketten gegen Bettwanzen<\/li>\n<li>Vertreibt Bettwanzen im pr\u00e4ventiven Rahmen<\/li>\n<li>Dauerhafter, sicherer und langanhaltender Schutz<\/li>\n<li>\u00dcber 250.000 zufriedene Sereni-d\u00ae Kunden<\/li>\n<\/ul>\n<p><strong>KONZENTRIERTE FORMEL \u2013 MAXIMALES ERGEBNIS<\/strong><\/p>\n<p>&nbsp;<\/p>\n","protected":false},"featured_media":10084,"comment_status":"open","ping_status":"closed","template":"","meta":{"_acf_changed":false,"_monsterinsights_skip_tracking":false,"_monsterinsights_sitenote_active":false,"_monsterinsights_sitenote_note":"","_monsterinsights_sitenote_category":0},"product_brand":[],"product_cat":[77],"product_tag":[],"class_list":{"0":"post-10069","1":"product","2":"type-product","3":"status-publish","4":"has-post-thumbnail","6":"product_cat-produkte","8":"first","9":"instock","10":"taxable","11":"shipping-taxable","12":"purchasable","13":"product-type-simple"},"acf":[],"yoast_head":"<!-- This site is optimized with the Yoast SEO plugin v27.4 - https:\/\/yoast.com\/product\/yoast-seo-wordpress\/ -->\n<title>Bettwanzenplaketten mit \u00e4therischen \u00d6len- Sereni-d\u00ae<\/title>\n<meta name=\"description\" content=\"Abwehrplaketten gegen Bettwanzen mit Lavendel- und Geraniol-Extrakten! Zimmer-Schutz - 100% nat\u00fcrliche langanhaltende Barrier\" \/>\n<meta name=\"robots\" content=\"index, follow, max-snippet:-1, max-image-preview:large, max-video-preview:-1\" \/>\n<link rel=\"canonical\" href=\"https:\/\/www.sereni-d.com\/de\/produits\/bettwanzen-abwehrplaketten\/\" \/>\n<meta property=\"og:locale\" content=\"de_DE\" \/>\n<meta property=\"og:type\" content=\"article\" \/>\n<meta property=\"og:title\" content=\"Bettwanzenplaketten mit \u00e4therischen \u00d6len- Sereni-d\u00ae\" \/>\n<meta property=\"og:description\" content=\"Abwehrplaketten gegen Bettwanzen mit Lavendel- und Geraniol-Extrakten! Zimmer-Schutz - 100% nat\u00fcrliche langanhaltende Barrier\" \/>\n<meta property=\"og:url\" content=\"https:\/\/www.sereni-d.com\/de\/produits\/bettwanzen-abwehrplaketten\/\" \/>\n<meta property=\"og:site_name\" content=\"Sereni-d\u00ae\" \/>\n<meta property=\"article:publisher\" content=\"https:\/\/www.facebook.com\/SereniDsante\/\" \/>\n<meta property=\"article:modified_time\" content=\"2026-05-03T15:20:35+00:00\" \/>\n<meta property=\"og:image\" content=\"https:\/\/www.sereni-d.com\/wp-content\/uploads\/2024\/11\/DE_plaquette_lit_1-scaled.jpg\" \/>\n\t<meta property=\"og:image:width\" content=\"2560\" \/>\n\t<meta property=\"og:image:height\" content=\"2560\" \/>\n\t<meta property=\"og:image:type\" content=\"image\/jpeg\" \/>\n<meta name=\"twitter:card\" content=\"summary_large_image\" \/>\n<meta name=\"twitter:label1\" content=\"Gesch\u00e4tzte Lesezeit\" \/>\n\t<meta name=\"twitter:data1\" content=\"1\u00a0Minute\" \/>\n<script type=\"application\/ld+json\" class=\"yoast-schema-graph\">{\"@context\":\"https:\\\/\\\/schema.org\",\"@graph\":[{\"@type\":\"WebPage\",\"@id\":\"https:\\\/\\\/www.sereni-d.com\\\/de\\\/produits\\\/bettwanzen-abwehrplaketten\\\/\",\"url\":\"https:\\\/\\\/www.sereni-d.com\\\/de\\\/produits\\\/bettwanzen-abwehrplaketten\\\/\",\"name\":\"Bettwanzenplaketten mit \u00e4therischen \u00d6len- Sereni-d\u00ae\",\"isPartOf\":{\"@id\":\"https:\\\/\\\/www.sereni-d.com\\\/de\\\/#website\"},\"primaryImageOfPage\":{\"@id\":\"https:\\\/\\\/www.sereni-d.com\\\/de\\\/produits\\\/bettwanzen-abwehrplaketten\\\/#primaryimage\"},\"image\":{\"@id\":\"https:\\\/\\\/www.sereni-d.com\\\/de\\\/produits\\\/bettwanzen-abwehrplaketten\\\/#primaryimage\"},\"thumbnailUrl\":\"https:\\\/\\\/www.sereni-d.com\\\/wp-content\\\/uploads\\\/2024\\\/11\\\/DE_plaquette_lit_1-scaled.jpg\",\"datePublished\":\"2024-11-20T11:41:33+00:00\",\"dateModified\":\"2026-05-03T15:20:35+00:00\",\"description\":\"Abwehrplaketten gegen Bettwanzen mit Lavendel- und Geraniol-Extrakten! Zimmer-Schutz - 100% nat\u00fcrliche langanhaltende Barrier\",\"breadcrumb\":{\"@id\":\"https:\\\/\\\/www.sereni-d.com\\\/de\\\/produits\\\/bettwanzen-abwehrplaketten\\\/#breadcrumb\"},\"inLanguage\":\"de\",\"potentialAction\":[{\"@type\":\"ReadAction\",\"target\":[\"https:\\\/\\\/www.sereni-d.com\\\/de\\\/produits\\\/bettwanzen-abwehrplaketten\\\/\"]}]},{\"@type\":\"ImageObject\",\"inLanguage\":\"de\",\"@id\":\"https:\\\/\\\/www.sereni-d.com\\\/de\\\/produits\\\/bettwanzen-abwehrplaketten\\\/#primaryimage\",\"url\":\"https:\\\/\\\/www.sereni-d.com\\\/wp-content\\\/uploads\\\/2024\\\/11\\\/DE_plaquette_lit_1-scaled.jpg\",\"contentUrl\":\"https:\\\/\\\/www.sereni-d.com\\\/wp-content\\\/uploads\\\/2024\\\/11\\\/DE_plaquette_lit_1-scaled.jpg\",\"width\":2560,\"height\":2560,\"caption\":\"Plaketten bettwanzen\"},{\"@type\":\"BreadcrumbList\",\"@id\":\"https:\\\/\\\/www.sereni-d.com\\\/de\\\/produits\\\/bettwanzen-abwehrplaketten\\\/#breadcrumb\",\"itemListElement\":[{\"@type\":\"ListItem\",\"position\":1,\"name\":\"Startseite\",\"item\":\"https:\\\/\\\/www.sereni-d.com\\\/de\\\/\"},{\"@type\":\"ListItem\",\"position\":2,\"name\":\"Shop\",\"item\":\"https:\\\/\\\/www.sereni-d.com\\\/de\\\/shop\\\/\"},{\"@type\":\"ListItem\",\"position\":3,\"name\":\"Punaise de lit\",\"item\":\"https:\\\/\\\/www.sereni-d.com\\\/categories\\\/punaise-de-lit\\\/\"},{\"@type\":\"ListItem\",\"position\":4,\"name\":\"Produkte\",\"item\":\"https:\\\/\\\/www.sereni-d.com\\\/de\\\/categories\\\/produkte\\\/\"},{\"@type\":\"ListItem\",\"position\":5,\"name\":\"BETTPLAKETTEN gegen Bettwanzen\"}]},{\"@type\":\"WebSite\",\"@id\":\"https:\\\/\\\/www.sereni-d.com\\\/de\\\/#website\",\"url\":\"https:\\\/\\\/www.sereni-d.com\\\/de\\\/\",\"name\":\"Sereni-d\u00ae\",\"description\":\"EXPERT Punaises de Lit - Laboratoire SUISSE - Traitements concentr\u00e9s contres les Punaises de Lit. Protection Longue Dur\u00e9e. Efficacit\u00e9 prouv\u00e9e, r\u00e9sultat maximal. Recommand\u00e9 par les professionnels.\",\"publisher\":{\"@id\":\"https:\\\/\\\/www.sereni-d.com\\\/de\\\/#organization\"},\"potentialAction\":[{\"@type\":\"SearchAction\",\"target\":{\"@type\":\"EntryPoint\",\"urlTemplate\":\"https:\\\/\\\/www.sereni-d.com\\\/de\\\/?s={search_term_string}\"},\"query-input\":{\"@type\":\"PropertyValueSpecification\",\"valueRequired\":true,\"valueName\":\"search_term_string\"}}],\"inLanguage\":\"de\"},{\"@type\":\"Organization\",\"@id\":\"https:\\\/\\\/www.sereni-d.com\\\/de\\\/#organization\",\"name\":\"Sereni-d\",\"url\":\"https:\\\/\\\/www.sereni-d.com\\\/de\\\/\",\"logo\":{\"@type\":\"ImageObject\",\"inLanguage\":\"de\",\"@id\":\"https:\\\/\\\/www.sereni-d.com\\\/de\\\/#\\\/schema\\\/logo\\\/image\\\/\",\"url\":\"\",\"contentUrl\":\"\",\"caption\":\"Sereni-d\"},\"image\":{\"@id\":\"https:\\\/\\\/www.sereni-d.com\\\/de\\\/#\\\/schema\\\/logo\\\/image\\\/\"},\"sameAs\":[\"https:\\\/\\\/www.facebook.com\\\/SereniDsante\\\/\",\"https:\\\/\\\/www.instagram.com\\\/serenidsante\\\/\"]}]}<\/script>\n<!-- \/ Yoast SEO plugin. -->","yoast_head_json":{"title":"Bettwanzenplaketten mit \u00e4therischen \u00d6len- Sereni-d\u00ae","description":"Abwehrplaketten gegen Bettwanzen mit Lavendel- und Geraniol-Extrakten! Zimmer-Schutz - 100% nat\u00fcrliche langanhaltende Barrier","robots":{"index":"index","follow":"follow","max-snippet":"max-snippet:-1","max-image-preview":"max-image-preview:large","max-video-preview":"max-video-preview:-1"},"canonical":"https:\/\/www.sereni-d.com\/de\/produits\/bettwanzen-abwehrplaketten\/","og_locale":"de_DE","og_type":"article","og_title":"Bettwanzenplaketten mit \u00e4therischen \u00d6len- Sereni-d\u00ae","og_description":"Abwehrplaketten gegen Bettwanzen mit Lavendel- und Geraniol-Extrakten! Zimmer-Schutz - 100% nat\u00fcrliche langanhaltende Barrier","og_url":"https:\/\/www.sereni-d.com\/de\/produits\/bettwanzen-abwehrplaketten\/","og_site_name":"Sereni-d\u00ae","article_publisher":"https:\/\/www.facebook.com\/SereniDsante\/","article_modified_time":"2026-05-03T15:20:35+00:00","og_image":[{"width":2560,"height":2560,"url":"https:\/\/www.sereni-d.com\/wp-content\/uploads\/2024\/11\/DE_plaquette_lit_1-scaled.jpg","type":"image\/jpeg"}],"twitter_card":"summary_large_image","twitter_misc":{"Gesch\u00e4tzte Lesezeit":"1\u00a0Minute"},"schema":{"@context":"https:\/\/schema.org","@graph":[{"@type":"WebPage","@id":"https:\/\/www.sereni-d.com\/de\/produits\/bettwanzen-abwehrplaketten\/","url":"https:\/\/www.sereni-d.com\/de\/produits\/bettwanzen-abwehrplaketten\/","name":"Bettwanzenplaketten mit \u00e4therischen \u00d6len- Sereni-d\u00ae","isPartOf":{"@id":"https:\/\/www.sereni-d.com\/de\/#website"},"primaryImageOfPage":{"@id":"https:\/\/www.sereni-d.com\/de\/produits\/bettwanzen-abwehrplaketten\/#primaryimage"},"image":{"@id":"https:\/\/www.sereni-d.com\/de\/produits\/bettwanzen-abwehrplaketten\/#primaryimage"},"thumbnailUrl":"https:\/\/www.sereni-d.com\/wp-content\/uploads\/2024\/11\/DE_plaquette_lit_1-scaled.jpg","datePublished":"2024-11-20T11:41:33+00:00","dateModified":"2026-05-03T15:20:35+00:00","description":"Abwehrplaketten gegen Bettwanzen mit Lavendel- und Geraniol-Extrakten! Zimmer-Schutz - 100% nat\u00fcrliche langanhaltende Barrier","breadcrumb":{"@id":"https:\/\/www.sereni-d.com\/de\/produits\/bettwanzen-abwehrplaketten\/#breadcrumb"},"inLanguage":"de","potentialAction":[{"@type":"ReadAction","target":["https:\/\/www.sereni-d.com\/de\/produits\/bettwanzen-abwehrplaketten\/"]}]},{"@type":"ImageObject","inLanguage":"de","@id":"https:\/\/www.sereni-d.com\/de\/produits\/bettwanzen-abwehrplaketten\/#primaryimage","url":"https:\/\/www.sereni-d.com\/wp-content\/uploads\/2024\/11\/DE_plaquette_lit_1-scaled.jpg","contentUrl":"https:\/\/www.sereni-d.com\/wp-content\/uploads\/2024\/11\/DE_plaquette_lit_1-scaled.jpg","width":2560,"height":2560,"caption":"Plaketten bettwanzen"},{"@type":"BreadcrumbList","@id":"https:\/\/www.sereni-d.com\/de\/produits\/bettwanzen-abwehrplaketten\/#breadcrumb","itemListElement":[{"@type":"ListItem","position":1,"name":"Startseite","item":"https:\/\/www.sereni-d.com\/de\/"},{"@type":"ListItem","position":2,"name":"Shop","item":"https:\/\/www.sereni-d.com\/de\/shop\/"},{"@type":"ListItem","position":3,"name":"Punaise de lit","item":"https:\/\/www.sereni-d.com\/categories\/punaise-de-lit\/"},{"@type":"ListItem","position":4,"name":"Produkte","item":"https:\/\/www.sereni-d.com\/de\/categories\/produkte\/"},{"@type":"ListItem","position":5,"name":"BETTPLAKETTEN gegen Bettwanzen"}]},{"@type":"WebSite","@id":"https:\/\/www.sereni-d.com\/de\/#website","url":"https:\/\/www.sereni-d.com\/de\/","name":"Sereni-d\u00ae","description":"EXPERT Punaises de Lit - Laboratoire SUISSE - Traitements concentr\u00e9s contres les Punaises de Lit. Protection Longue Dur\u00e9e. Efficacit\u00e9 prouv\u00e9e, r\u00e9sultat maximal. Recommand\u00e9 par les professionnels.","publisher":{"@id":"https:\/\/www.sereni-d.com\/de\/#organization"},"potentialAction":[{"@type":"SearchAction","target":{"@type":"EntryPoint","urlTemplate":"https:\/\/www.sereni-d.com\/de\/?s={search_term_string}"},"query-input":{"@type":"PropertyValueSpecification","valueRequired":true,"valueName":"search_term_string"}}],"inLanguage":"de"},{"@type":"Organization","@id":"https:\/\/www.sereni-d.com\/de\/#organization","name":"Sereni-d","url":"https:\/\/www.sereni-d.com\/de\/","logo":{"@type":"ImageObject","inLanguage":"de","@id":"https:\/\/www.sereni-d.com\/de\/#\/schema\/logo\/image\/","url":"","contentUrl":"","caption":"Sereni-d"},"image":{"@id":"https:\/\/www.sereni-d.com\/de\/#\/schema\/logo\/image\/"},"sameAs":["https:\/\/www.facebook.com\/SereniDsante\/","https:\/\/www.instagram.com\/serenidsante\/"]}]}},"_links":{"self":[{"href":"https:\/\/www.sereni-d.com\/de\/wp-json\/wp\/v2\/product\/10069","targetHints":{"allow":["GET"]}}],"collection":[{"href":"https:\/\/www.sereni-d.com\/de\/wp-json\/wp\/v2\/product"}],"about":[{"href":"https:\/\/www.sereni-d.com\/de\/wp-json\/wp\/v2\/types\/product"}],"replies":[{"embeddable":true,"href":"https:\/\/www.sereni-d.com\/de\/wp-json\/wp\/v2\/comments?post=10069"}],"wp:featuredmedia":[{"embeddable":true,"href":"https:\/\/www.sereni-d.com\/de\/wp-json\/wp\/v2\/media\/10084"}],"wp:attachment":[{"href":"https:\/\/www.sereni-d.com\/de\/wp-json\/wp\/v2\/media?parent=10069"}],"wp:term":[{"taxonomy":"product_brand","embeddable":true,"href":"https:\/\/www.sereni-d.com\/de\/wp-json\/wp\/v2\/product_brand?post=10069"},{"taxonomy":"product_cat","embeddable":true,"href":"https:\/\/www.sereni-d.com\/de\/wp-json\/wp\/v2\/product_cat?post=10069"},{"taxonomy":"product_tag","embeddable":true,"href":"https:\/\/www.sereni-d.com\/de\/wp-json\/wp\/v2\/product_tag?post=10069"}],"curies":[{"name":"wp","href":"https:\/\/api.w.org\/{rel}","templated":true}]}}