{"id":12637,"date":"2025-03-13T15:23:44","date_gmt":"2025-03-13T14:23:44","guid":{"rendered":"https:\/\/www.sereni-d.com\/?post_type=product&#038;p=12637"},"modified":"2026-04-17T09:23:27","modified_gmt":"2026-04-17T07:23:27","slug":"sos-bettwanzen-pro-konzentrat","status":"publish","type":"product","link":"https:\/\/www.sereni-d.com\/de\/produits\/sos-bettwanzen-pro-konzentrat\/","title":{"rendered":"SOS PRO Konzentrat"},"content":{"rendered":"<p class=\"\" data-start=\"4713\" data-end=\"4885\">Das <strong>SOS PRO Konzentrat<\/strong> von Sereni-d ist eine konzentrierte Behandlung zum Verd\u00fcnnen, inspiriert von der Natur und speziell entwickelt, um Bettwanzen gezielt zu bek\u00e4mpfen.<\/p>\n<p class=\"\" data-start=\"4887\" data-end=\"5181\">Sein pflanzlicher Pyrethrum-Bl\u00fctenextrakt, kombiniert mit seinem pflanzlichen Synergisten, sorgt f\u00fcr die blitzschnelle Zerst\u00f6rung von Bettwanzen in allen Entwicklungsstadien (von Larven bis zu Erwachsenen), indem es ihr Nervensystem und Exoskelett angreift, sie neutralisiert und austrocknet.<\/p>\n<p class=\"\" data-start=\"5183\" data-end=\"5324\">Die konzentrierte Formel wirkt sofort (innerhalb weniger Minuten) und langanhaltend (bis zu 12 Tage unter optimalen Anwendungsbedingungen).<\/p>\n<p class=\"\" data-start=\"5326\" data-end=\"5926\">Die 100mL-Flasche wird mit Wasser in einem 5L-Spr\u00fcher verd\u00fcnnt und reicht f\u00fcr die Behandlung einer <strong>Fl\u00e4che von 100m\u00b2<\/strong>. Auf Textilien, Bettw\u00e4sche und Oberfl\u00e4chen gespr\u00fcht, bilden die verteilten Molek\u00fcle einen zerst\u00f6rerischen Film, der Bettwanzen bei Kontakt mit der behandelten Oberfl\u00e4che vergiftet. Dies ist eine Schockbehandlung, die als Teil eines vollst\u00e4ndigen <a href=\"https:\/\/www.sereni-d.com\/de\/unsere-tipps\/bettwanzen-das-protokoll-um-schritt-fur-schritt-zu-handeln\/\">Bek\u00e4mpfungsprotokolls<\/a> durchgef\u00fchrt werden sollte, nachdem der Befall identifiziert und eingesch\u00e4tzt wurde, Unordnung beseitigt, gesaugt, Textilien bei 60\u00b0C gewaschen und Kieselgur hinter Sockelleisten und in Deckenecken verteilt wurden.<\/p>\n<p class=\"\" data-start=\"5928\" data-end=\"6059\">Das SOS PRO Konzentrat ist Ihr bester Verb\u00fcndeter bei einem gro\u00dffl\u00e4chigen Befall oder bei dem geringsten Verdacht auf Bettwanzen. Es ist geeignet f\u00fcr <strong>Hotels, Fachleute sowie Privatpersonen<\/strong>, die gro\u00dfe Fl\u00e4chen behandeln m\u00f6chten.<\/p>\n<p class=\"\" data-start=\"6061\" data-end=\"6238\"><strong data-start=\"6061\" data-end=\"6098\">Sereni-d\u00ae Zufriedenheitsgarantie:<\/strong> Wenn Sie mit Ihrem Kauf nicht zufrieden sind, kontaktieren Sie uns \u00fcber die <a href=\"https:\/\/www.sereni-d.com\/de\/kontakt\/\">Kontaktseite<\/a>, und wir erstatten Ihnen den vollen Betrag zur\u00fcck.<\/p>\n","protected":false},"excerpt":{"rendered":"<p align=\"justify\">\u2022 Professionelle konzentrierte Behandlung gegen Bettwanzen<br \/>\n\u2022 Eliminiert Bettwanzen im Larven- und Erwachsenenstadium<br \/>\n\u2022 100m\u00b2 behandelte Fl\u00e4che<br \/>\n\u2022 Mehr als 200 000 zufriedene Sereni-d<sup>\u00ae<\/sup>-Kunden<\/p>\n<p align=\"justify\"><strong>KONZENTRIERTE FORMEL \u2013 MAXIMALES ERGEBNIS<\/strong><\/p>\n","protected":false},"featured_media":12643,"comment_status":"open","ping_status":"closed","template":"","meta":{"_acf_changed":false,"_monsterinsights_skip_tracking":false,"_monsterinsights_sitenote_active":false,"_monsterinsights_sitenote_note":"","_monsterinsights_sitenote_category":0},"product_brand":[],"product_cat":[77],"product_tag":[],"class_list":{"0":"post-12637","1":"product","2":"type-product","3":"status-publish","4":"has-post-thumbnail","6":"product_cat-produkte","8":"first","9":"instock","10":"taxable","11":"shipping-taxable","12":"purchasable","13":"product-type-simple"},"acf":[],"yoast_head":"<!-- This site is optimized with the Yoast SEO plugin v27.2 - https:\/\/yoast.com\/product\/yoast-seo-wordpress\/ -->\n<title>Bettwanzenbehandlung SOS PRO Konzentrat- Sereni-d\u00ae<\/title>\n<meta name=\"description\" content=\"Professionelle Behandlung gegen Bettwanzen. Konzentrat zum Verd\u00fcnnen, eine 100-mL-Flasche = 5 L = 100 m\u00b2 behandelte Fl\u00e4che.\" \/>\n<meta name=\"robots\" content=\"index, follow, max-snippet:-1, max-image-preview:large, max-video-preview:-1\" \/>\n<link rel=\"canonical\" href=\"https:\/\/www.sereni-d.com\/de\/produits\/sos-bettwanzen-pro-konzentrat\/\" \/>\n<meta property=\"og:locale\" content=\"de_DE\" \/>\n<meta property=\"og:type\" content=\"article\" \/>\n<meta property=\"og:title\" content=\"Bettwanzenbehandlung SOS PRO Konzentrat- Sereni-d\u00ae\" \/>\n<meta property=\"og:description\" content=\"Professionelle Behandlung gegen Bettwanzen. Konzentrat zum Verd\u00fcnnen, eine 100-mL-Flasche = 5 L = 100 m\u00b2 behandelte Fl\u00e4che.\" \/>\n<meta property=\"og:url\" content=\"https:\/\/www.sereni-d.com\/de\/produits\/sos-bettwanzen-pro-konzentrat\/\" \/>\n<meta property=\"og:site_name\" content=\"Sereni-d\u00ae\" \/>\n<meta property=\"article:publisher\" content=\"https:\/\/www.facebook.com\/SereniDsante\/\" \/>\n<meta property=\"article:modified_time\" content=\"2026-04-17T07:23:27+00:00\" \/>\n<meta property=\"og:image\" content=\"https:\/\/www.sereni-d.com\/wp-content\/uploads\/2025\/03\/image_SOS_pro-1-scaled.jpg\" \/>\n\t<meta property=\"og:image:width\" content=\"2560\" \/>\n\t<meta property=\"og:image:height\" content=\"2560\" \/>\n\t<meta property=\"og:image:type\" content=\"image\/jpeg\" \/>\n<meta name=\"twitter:card\" content=\"summary_large_image\" \/>\n<meta name=\"twitter:label1\" content=\"Gesch\u00e4tzte Lesezeit\" \/>\n\t<meta name=\"twitter:data1\" content=\"2\u00a0Minuten\" \/>\n<script type=\"application\/ld+json\" class=\"yoast-schema-graph\">{\"@context\":\"https:\/\/schema.org\",\"@graph\":[{\"@type\":\"WebPage\",\"@id\":\"https:\/\/www.sereni-d.com\/de\/produits\/sos-bettwanzen-pro-konzentrat\/\",\"url\":\"https:\/\/www.sereni-d.com\/de\/produits\/sos-bettwanzen-pro-konzentrat\/\",\"name\":\"Bettwanzenbehandlung SOS PRO Konzentrat- Sereni-d\u00ae\",\"isPartOf\":{\"@id\":\"https:\/\/www.sereni-d.com\/de\/#website\"},\"primaryImageOfPage\":{\"@id\":\"https:\/\/www.sereni-d.com\/de\/produits\/sos-bettwanzen-pro-konzentrat\/#primaryimage\"},\"image\":{\"@id\":\"https:\/\/www.sereni-d.com\/de\/produits\/sos-bettwanzen-pro-konzentrat\/#primaryimage\"},\"thumbnailUrl\":\"https:\/\/www.sereni-d.com\/wp-content\/uploads\/2025\/04\/SOS_pro_DE_1.jpg\",\"datePublished\":\"2025-03-13T14:23:44+00:00\",\"dateModified\":\"2026-04-17T07:23:27+00:00\",\"description\":\"Professionelle Behandlung gegen Bettwanzen. Konzentrat zum Verd\u00fcnnen, eine 100-mL-Flasche = 5 L = 100 m\u00b2 behandelte Fl\u00e4che.\",\"breadcrumb\":{\"@id\":\"https:\/\/www.sereni-d.com\/de\/produits\/sos-bettwanzen-pro-konzentrat\/#breadcrumb\"},\"inLanguage\":\"de\",\"potentialAction\":[{\"@type\":\"ReadAction\",\"target\":[\"https:\/\/www.sereni-d.com\/de\/produits\/sos-bettwanzen-pro-konzentrat\/\"]}]},{\"@type\":\"ImageObject\",\"inLanguage\":\"de\",\"@id\":\"https:\/\/www.sereni-d.com\/de\/produits\/sos-bettwanzen-pro-konzentrat\/#primaryimage\",\"url\":\"https:\/\/www.sereni-d.com\/wp-content\/uploads\/2025\/04\/SOS_pro_DE_1.jpg\",\"contentUrl\":\"https:\/\/www.sereni-d.com\/wp-content\/uploads\/2025\/04\/SOS_pro_DE_1.jpg\",\"width\":2500,\"height\":2500,\"caption\":\"SOS PRO Concentr\u00e9\"},{\"@type\":\"BreadcrumbList\",\"@id\":\"https:\/\/www.sereni-d.com\/de\/produits\/sos-bettwanzen-pro-konzentrat\/#breadcrumb\",\"itemListElement\":[{\"@type\":\"ListItem\",\"position\":1,\"name\":\"Startseite\",\"item\":\"https:\/\/www.sereni-d.com\/de\/\"},{\"@type\":\"ListItem\",\"position\":2,\"name\":\"Shop\",\"item\":\"https:\/\/www.sereni-d.com\/de\/shop\/\"},{\"@type\":\"ListItem\",\"position\":3,\"name\":\"Punaise de lit\",\"item\":\"https:\/\/www.sereni-d.com\/categories\/punaise-de-lit\/\"},{\"@type\":\"ListItem\",\"position\":4,\"name\":\"Produkte\",\"item\":\"https:\/\/www.sereni-d.com\/de\/categories\/produkte\/\"},{\"@type\":\"ListItem\",\"position\":5,\"name\":\"SOS PRO Konzentrat\"}]},{\"@type\":\"WebSite\",\"@id\":\"https:\/\/www.sereni-d.com\/de\/#website\",\"url\":\"https:\/\/www.sereni-d.com\/de\/\",\"name\":\"Sereni-d\u00ae\",\"description\":\"EXPERT Punaises de Lit - Laboratoire SUISSE - Traitements concentr\u00e9s contres les Punaises de Lit. Protection Longue Dur\u00e9e. Efficacit\u00e9 prouv\u00e9e, r\u00e9sultat maximal. Recommand\u00e9 par les professionnels.\",\"publisher\":{\"@id\":\"https:\/\/www.sereni-d.com\/de\/#organization\"},\"potentialAction\":[{\"@type\":\"SearchAction\",\"target\":{\"@type\":\"EntryPoint\",\"urlTemplate\":\"https:\/\/www.sereni-d.com\/de\/?s={search_term_string}\"},\"query-input\":{\"@type\":\"PropertyValueSpecification\",\"valueRequired\":true,\"valueName\":\"search_term_string\"}}],\"inLanguage\":\"de\"},{\"@type\":\"Organization\",\"@id\":\"https:\/\/www.sereni-d.com\/de\/#organization\",\"name\":\"Sereni-d\",\"url\":\"https:\/\/www.sereni-d.com\/de\/\",\"logo\":{\"@type\":\"ImageObject\",\"inLanguage\":\"de\",\"@id\":\"https:\/\/www.sereni-d.com\/de\/#\/schema\/logo\/image\/\",\"url\":\"\",\"contentUrl\":\"\",\"caption\":\"Sereni-d\"},\"image\":{\"@id\":\"https:\/\/www.sereni-d.com\/de\/#\/schema\/logo\/image\/\"},\"sameAs\":[\"https:\/\/www.facebook.com\/SereniDsante\/\",\"https:\/\/www.instagram.com\/serenidsante\/\"]}]}<\/script>\n<!-- \/ Yoast SEO plugin. -->","yoast_head_json":{"title":"Bettwanzenbehandlung SOS PRO Konzentrat- Sereni-d\u00ae","description":"Professionelle Behandlung gegen Bettwanzen. Konzentrat zum Verd\u00fcnnen, eine 100-mL-Flasche = 5 L = 100 m\u00b2 behandelte Fl\u00e4che.","robots":{"index":"index","follow":"follow","max-snippet":"max-snippet:-1","max-image-preview":"max-image-preview:large","max-video-preview":"max-video-preview:-1"},"canonical":"https:\/\/www.sereni-d.com\/de\/produits\/sos-bettwanzen-pro-konzentrat\/","og_locale":"de_DE","og_type":"article","og_title":"Bettwanzenbehandlung SOS PRO Konzentrat- Sereni-d\u00ae","og_description":"Professionelle Behandlung gegen Bettwanzen. Konzentrat zum Verd\u00fcnnen, eine 100-mL-Flasche = 5 L = 100 m\u00b2 behandelte Fl\u00e4che.","og_url":"https:\/\/www.sereni-d.com\/de\/produits\/sos-bettwanzen-pro-konzentrat\/","og_site_name":"Sereni-d\u00ae","article_publisher":"https:\/\/www.facebook.com\/SereniDsante\/","article_modified_time":"2026-04-17T07:23:27+00:00","og_image":[{"width":2560,"height":2560,"url":"https:\/\/www.sereni-d.com\/wp-content\/uploads\/2025\/03\/image_SOS_pro-1-scaled.jpg","type":"image\/jpeg"}],"twitter_card":"summary_large_image","twitter_misc":{"Gesch\u00e4tzte Lesezeit":"2\u00a0Minuten"},"schema":{"@context":"https:\/\/schema.org","@graph":[{"@type":"WebPage","@id":"https:\/\/www.sereni-d.com\/de\/produits\/sos-bettwanzen-pro-konzentrat\/","url":"https:\/\/www.sereni-d.com\/de\/produits\/sos-bettwanzen-pro-konzentrat\/","name":"Bettwanzenbehandlung SOS PRO Konzentrat- Sereni-d\u00ae","isPartOf":{"@id":"https:\/\/www.sereni-d.com\/de\/#website"},"primaryImageOfPage":{"@id":"https:\/\/www.sereni-d.com\/de\/produits\/sos-bettwanzen-pro-konzentrat\/#primaryimage"},"image":{"@id":"https:\/\/www.sereni-d.com\/de\/produits\/sos-bettwanzen-pro-konzentrat\/#primaryimage"},"thumbnailUrl":"https:\/\/www.sereni-d.com\/wp-content\/uploads\/2025\/04\/SOS_pro_DE_1.jpg","datePublished":"2025-03-13T14:23:44+00:00","dateModified":"2026-04-17T07:23:27+00:00","description":"Professionelle Behandlung gegen Bettwanzen. Konzentrat zum Verd\u00fcnnen, eine 100-mL-Flasche = 5 L = 100 m\u00b2 behandelte Fl\u00e4che.","breadcrumb":{"@id":"https:\/\/www.sereni-d.com\/de\/produits\/sos-bettwanzen-pro-konzentrat\/#breadcrumb"},"inLanguage":"de","potentialAction":[{"@type":"ReadAction","target":["https:\/\/www.sereni-d.com\/de\/produits\/sos-bettwanzen-pro-konzentrat\/"]}]},{"@type":"ImageObject","inLanguage":"de","@id":"https:\/\/www.sereni-d.com\/de\/produits\/sos-bettwanzen-pro-konzentrat\/#primaryimage","url":"https:\/\/www.sereni-d.com\/wp-content\/uploads\/2025\/04\/SOS_pro_DE_1.jpg","contentUrl":"https:\/\/www.sereni-d.com\/wp-content\/uploads\/2025\/04\/SOS_pro_DE_1.jpg","width":2500,"height":2500,"caption":"SOS PRO Concentr\u00e9"},{"@type":"BreadcrumbList","@id":"https:\/\/www.sereni-d.com\/de\/produits\/sos-bettwanzen-pro-konzentrat\/#breadcrumb","itemListElement":[{"@type":"ListItem","position":1,"name":"Startseite","item":"https:\/\/www.sereni-d.com\/de\/"},{"@type":"ListItem","position":2,"name":"Shop","item":"https:\/\/www.sereni-d.com\/de\/shop\/"},{"@type":"ListItem","position":3,"name":"Punaise de lit","item":"https:\/\/www.sereni-d.com\/categories\/punaise-de-lit\/"},{"@type":"ListItem","position":4,"name":"Produkte","item":"https:\/\/www.sereni-d.com\/de\/categories\/produkte\/"},{"@type":"ListItem","position":5,"name":"SOS PRO Konzentrat"}]},{"@type":"WebSite","@id":"https:\/\/www.sereni-d.com\/de\/#website","url":"https:\/\/www.sereni-d.com\/de\/","name":"Sereni-d\u00ae","description":"EXPERT Punaises de Lit - Laboratoire SUISSE - Traitements concentr\u00e9s contres les Punaises de Lit. Protection Longue Dur\u00e9e. Efficacit\u00e9 prouv\u00e9e, r\u00e9sultat maximal. Recommand\u00e9 par les professionnels.","publisher":{"@id":"https:\/\/www.sereni-d.com\/de\/#organization"},"potentialAction":[{"@type":"SearchAction","target":{"@type":"EntryPoint","urlTemplate":"https:\/\/www.sereni-d.com\/de\/?s={search_term_string}"},"query-input":{"@type":"PropertyValueSpecification","valueRequired":true,"valueName":"search_term_string"}}],"inLanguage":"de"},{"@type":"Organization","@id":"https:\/\/www.sereni-d.com\/de\/#organization","name":"Sereni-d","url":"https:\/\/www.sereni-d.com\/de\/","logo":{"@type":"ImageObject","inLanguage":"de","@id":"https:\/\/www.sereni-d.com\/de\/#\/schema\/logo\/image\/","url":"","contentUrl":"","caption":"Sereni-d"},"image":{"@id":"https:\/\/www.sereni-d.com\/de\/#\/schema\/logo\/image\/"},"sameAs":["https:\/\/www.facebook.com\/SereniDsante\/","https:\/\/www.instagram.com\/serenidsante\/"]}]}},"_links":{"self":[{"href":"https:\/\/www.sereni-d.com\/de\/wp-json\/wp\/v2\/product\/12637","targetHints":{"allow":["GET"]}}],"collection":[{"href":"https:\/\/www.sereni-d.com\/de\/wp-json\/wp\/v2\/product"}],"about":[{"href":"https:\/\/www.sereni-d.com\/de\/wp-json\/wp\/v2\/types\/product"}],"replies":[{"embeddable":true,"href":"https:\/\/www.sereni-d.com\/de\/wp-json\/wp\/v2\/comments?post=12637"}],"wp:featuredmedia":[{"embeddable":true,"href":"https:\/\/www.sereni-d.com\/de\/wp-json\/wp\/v2\/media\/12643"}],"wp:attachment":[{"href":"https:\/\/www.sereni-d.com\/de\/wp-json\/wp\/v2\/media?parent=12637"}],"wp:term":[{"taxonomy":"product_brand","embeddable":true,"href":"https:\/\/www.sereni-d.com\/de\/wp-json\/wp\/v2\/product_brand?post=12637"},{"taxonomy":"product_cat","embeddable":true,"href":"https:\/\/www.sereni-d.com\/de\/wp-json\/wp\/v2\/product_cat?post=12637"},{"taxonomy":"product_tag","embeddable":true,"href":"https:\/\/www.sereni-d.com\/de\/wp-json\/wp\/v2\/product_tag?post=12637"}],"curies":[{"name":"wp","href":"https:\/\/api.w.org\/{rel}","templated":true}]}}