{"id":15967,"date":"2025-07-03T17:10:30","date_gmt":"2025-07-03T15:10:30","guid":{"rendered":"https:\/\/www.sereni-d.com\/?post_type=product&#038;p=15967"},"modified":"2026-05-07T15:06:23","modified_gmt":"2026-05-07T13:06:23","slug":"sos-kanister-5l","status":"publish","type":"product","link":"https:\/\/www.sereni-d.com\/de\/produits\/sos-kanister-5l\/","title":{"rendered":"PRO SOS 5L Kanister"},"content":{"rendered":"<p data-start=\"3081\" data-end=\"3281\"><strong data-start=\"3081\" data-end=\"3281\">Der SOS-Kanister von Sereni-d ist eine gebrauchsfertige L\u00f6sung, die von der Natur inspiriert wurde und speziell zur Bek\u00e4mpfung von Bettwanzen im Rahmen einer kurativen Behandlung entwickelt wurde.<\/strong><\/p>\n<p data-start=\"3283\" data-end=\"3578\">Der pflanzliche Pyrethrumbl\u00fctenextrakt in Kombination mit einem nat\u00fcrlichen Synergisten sorgt f\u00fcr die rasche Zerst\u00f6rung von Bettwanzen in allen Entwicklungsstadien (von Larven bis zu erwachsenen Tieren) durch eine Schockwirkung auf ihr Nervensystem und Exoskelett, die sie l\u00e4hmt und austrocknet.<\/p>\n<p data-start=\"3580\" data-end=\"3709\">Die konzentrierte Formel wirkt sofort (innerhalb weniger Minuten) und langanhaltend (bis zu 12 Tage unter optimalen Bedingungen).<\/p>\n<p data-start=\"3711\" data-end=\"4257\">Die L\u00f6sung sollte in eine Spr\u00fchflasche oder einen Spr\u00fchbeh\u00e4lter Ihrer Wahl umgef\u00fcllt werden. Ein Kanister reicht f\u00fcr eine Fl\u00e4che von 100 m\u00b2. Auf Textilien, Bettwaren und Oberfl\u00e4chen gespr\u00fcht, bildet die L\u00f6sung einen giftigen Film, der Bettwanzen beim Kontakt abt\u00f6tet. Es handelt sich um eine Schockbehandlung, die im Rahmen eines vollst\u00e4ndigen <a href=\"https:\/\/www.sereni-d.com\/de\/das-protokoll-zur-endgultigen-beseitigung-von-bettwanzen\/\">Bek\u00e4mpfungsprotokolls<\/a> durchgef\u00fchrt werden sollte: Identifikation des Befalls, Aufr\u00e4umen, Staubsaugen, Waschen der Textilien bei 60 \u00b0C, Verteilung von Kieselgur hinter Sockelleisten und in Deckenecken&#8230;<\/p>\n<p data-start=\"4259\" data-end=\"4457\">Der SOS-Kanister ist Ihr bester Verb\u00fcndeter bei starkem Befall oder wenn Sie einen Verdacht auf Bettwanzen haben. Geeignet f\u00fcr Hotels, Profis und Privatpersonen, die gro\u00dfe Fl\u00e4chen behandeln m\u00f6chten.<\/p>\n<p class=\"\" data-start=\"6061\" data-end=\"6238\"><strong data-start=\"6061\" data-end=\"6098\">Sereni-d\u00ae Zufriedenheitsgarantie:<\/strong> Wenn Sie mit Ihrem Kauf nicht zufrieden sind, kontaktieren Sie uns \u00fcber die <a href=\"https:\/\/www.sereni-d.com\/de\/kontakt\/\">Kontaktseite<\/a>, und wir erstatten Ihnen den vollen Betrag zur\u00fcck.<\/p>\n","protected":false},"excerpt":{"rendered":"<p align=\"justify\">\u2022 Professionelle konzentrierte Behandlung gegen Bettwanzen<br \/>\n\u2022 Eliminiert Bettwanzen im Larven- und Erwachsenenstadium<br \/>\n\u2022 100m\u00b2 behandelte Fl\u00e4che<br \/>\n\u2022 Mehr als 200 000 zufriedene Sereni-d<sup>\u00ae<\/sup>-Kunden<\/p>\n<p align=\"justify\"><strong>KONZENTRIERTE FORMEL \u2013 MAXIMALES ERGEBNIS<\/strong><\/p>\n","protected":false},"featured_media":15972,"comment_status":"open","ping_status":"closed","template":"","meta":{"_acf_changed":false,"_monsterinsights_skip_tracking":false,"_monsterinsights_sitenote_active":false,"_monsterinsights_sitenote_note":"","_monsterinsights_sitenote_category":0},"product_brand":[],"product_cat":[77],"product_tag":[],"class_list":{"0":"post-15967","1":"product","2":"type-product","3":"status-publish","4":"has-post-thumbnail","6":"product_cat-produkte","8":"first","9":"instock","10":"taxable","11":"shipping-taxable","12":"purchasable","13":"product-type-simple"},"acf":[],"yoast_head":"<!-- This site is optimized with the Yoast SEO plugin v27.4 - https:\/\/yoast.com\/product\/yoast-seo-wordpress\/ -->\n<title>Bettwanzenbehandlung SOS \u2013 5L Kanister- Sereni-d\u00ae<\/title>\n<meta name=\"description\" content=\"Professionelle Behandlung gegen Bettwanzen. Ein Kanister enth\u00e4lt 5\u202fL L\u00f6sung und reicht f\u00fcr eine Fl\u00e4che von 100\u202fm\u00b2.\" \/>\n<meta name=\"robots\" content=\"index, follow, max-snippet:-1, max-image-preview:large, max-video-preview:-1\" \/>\n<link rel=\"canonical\" href=\"https:\/\/www.sereni-d.com\/de\/produits\/sos-kanister-5l\/\" \/>\n<meta property=\"og:locale\" content=\"de_DE\" \/>\n<meta property=\"og:type\" content=\"article\" \/>\n<meta property=\"og:title\" content=\"Bettwanzenbehandlung SOS \u2013 5L Kanister- Sereni-d\u00ae\" \/>\n<meta property=\"og:description\" content=\"Professionelle Behandlung gegen Bettwanzen. Ein Kanister enth\u00e4lt 5\u202fL L\u00f6sung und reicht f\u00fcr eine Fl\u00e4che von 100\u202fm\u00b2.\" \/>\n<meta property=\"og:url\" content=\"https:\/\/www.sereni-d.com\/de\/produits\/sos-kanister-5l\/\" \/>\n<meta property=\"og:site_name\" content=\"Sereni-d\u00ae\" \/>\n<meta property=\"article:publisher\" content=\"https:\/\/www.facebook.com\/SereniDsante\/\" \/>\n<meta property=\"article:modified_time\" content=\"2026-05-07T13:06:23+00:00\" \/>\n<meta property=\"og:image\" content=\"https:\/\/www.sereni-d.com\/wp-content\/uploads\/2025\/07\/FR_bidon_1.jpg\" \/>\n\t<meta property=\"og:image:width\" content=\"980\" \/>\n\t<meta property=\"og:image:height\" content=\"980\" \/>\n\t<meta property=\"og:image:type\" content=\"image\/jpeg\" \/>\n<meta name=\"twitter:card\" content=\"summary_large_image\" \/>\n<meta name=\"twitter:label1\" content=\"Gesch\u00e4tzte Lesezeit\" \/>\n\t<meta name=\"twitter:data1\" content=\"2\u00a0Minuten\" \/>\n<script type=\"application\/ld+json\" class=\"yoast-schema-graph\">{\"@context\":\"https:\\\/\\\/schema.org\",\"@graph\":[{\"@type\":\"WebPage\",\"@id\":\"https:\\\/\\\/www.sereni-d.com\\\/de\\\/produits\\\/sos-kanister-5l\\\/\",\"url\":\"https:\\\/\\\/www.sereni-d.com\\\/de\\\/produits\\\/sos-kanister-5l\\\/\",\"name\":\"Bettwanzenbehandlung SOS \u2013 5L Kanister- Sereni-d\u00ae\",\"isPartOf\":{\"@id\":\"https:\\\/\\\/www.sereni-d.com\\\/de\\\/#website\"},\"primaryImageOfPage\":{\"@id\":\"https:\\\/\\\/www.sereni-d.com\\\/de\\\/produits\\\/sos-kanister-5l\\\/#primaryimage\"},\"image\":{\"@id\":\"https:\\\/\\\/www.sereni-d.com\\\/de\\\/produits\\\/sos-kanister-5l\\\/#primaryimage\"},\"thumbnailUrl\":\"https:\\\/\\\/www.sereni-d.com\\\/wp-content\\\/uploads\\\/2025\\\/10\\\/DE_bidon_0-scaled.jpg\",\"datePublished\":\"2025-07-03T15:10:30+00:00\",\"dateModified\":\"2026-05-07T13:06:23+00:00\",\"description\":\"Professionelle Behandlung gegen Bettwanzen. Ein Kanister enth\u00e4lt 5\u202fL L\u00f6sung und reicht f\u00fcr eine Fl\u00e4che von 100\u202fm\u00b2.\",\"breadcrumb\":{\"@id\":\"https:\\\/\\\/www.sereni-d.com\\\/de\\\/produits\\\/sos-kanister-5l\\\/#breadcrumb\"},\"inLanguage\":\"de\",\"potentialAction\":[{\"@type\":\"ReadAction\",\"target\":[\"https:\\\/\\\/www.sereni-d.com\\\/de\\\/produits\\\/sos-kanister-5l\\\/\"]}]},{\"@type\":\"ImageObject\",\"inLanguage\":\"de\",\"@id\":\"https:\\\/\\\/www.sereni-d.com\\\/de\\\/produits\\\/sos-kanister-5l\\\/#primaryimage\",\"url\":\"https:\\\/\\\/www.sereni-d.com\\\/wp-content\\\/uploads\\\/2025\\\/10\\\/DE_bidon_0-scaled.jpg\",\"contentUrl\":\"https:\\\/\\\/www.sereni-d.com\\\/wp-content\\\/uploads\\\/2025\\\/10\\\/DE_bidon_0-scaled.jpg\",\"width\":2560,\"height\":2560},{\"@type\":\"BreadcrumbList\",\"@id\":\"https:\\\/\\\/www.sereni-d.com\\\/de\\\/produits\\\/sos-kanister-5l\\\/#breadcrumb\",\"itemListElement\":[{\"@type\":\"ListItem\",\"position\":1,\"name\":\"Startseite\",\"item\":\"https:\\\/\\\/www.sereni-d.com\\\/de\\\/\"},{\"@type\":\"ListItem\",\"position\":2,\"name\":\"Shop\",\"item\":\"https:\\\/\\\/www.sereni-d.com\\\/de\\\/shop\\\/\"},{\"@type\":\"ListItem\",\"position\":3,\"name\":\"Punaise de lit\",\"item\":\"https:\\\/\\\/www.sereni-d.com\\\/categories\\\/punaise-de-lit\\\/\"},{\"@type\":\"ListItem\",\"position\":4,\"name\":\"Produkte\",\"item\":\"https:\\\/\\\/www.sereni-d.com\\\/de\\\/categories\\\/produkte\\\/\"},{\"@type\":\"ListItem\",\"position\":5,\"name\":\"PRO SOS 5L Kanister\"}]},{\"@type\":\"WebSite\",\"@id\":\"https:\\\/\\\/www.sereni-d.com\\\/de\\\/#website\",\"url\":\"https:\\\/\\\/www.sereni-d.com\\\/de\\\/\",\"name\":\"Sereni-d\u00ae\",\"description\":\"EXPERT Punaises de Lit - Laboratoire SUISSE - Traitements concentr\u00e9s contres les Punaises de Lit. Protection Longue Dur\u00e9e. Efficacit\u00e9 prouv\u00e9e, r\u00e9sultat maximal. Recommand\u00e9 par les professionnels.\",\"publisher\":{\"@id\":\"https:\\\/\\\/www.sereni-d.com\\\/de\\\/#organization\"},\"potentialAction\":[{\"@type\":\"SearchAction\",\"target\":{\"@type\":\"EntryPoint\",\"urlTemplate\":\"https:\\\/\\\/www.sereni-d.com\\\/de\\\/?s={search_term_string}\"},\"query-input\":{\"@type\":\"PropertyValueSpecification\",\"valueRequired\":true,\"valueName\":\"search_term_string\"}}],\"inLanguage\":\"de\"},{\"@type\":\"Organization\",\"@id\":\"https:\\\/\\\/www.sereni-d.com\\\/de\\\/#organization\",\"name\":\"Sereni-d\",\"url\":\"https:\\\/\\\/www.sereni-d.com\\\/de\\\/\",\"logo\":{\"@type\":\"ImageObject\",\"inLanguage\":\"de\",\"@id\":\"https:\\\/\\\/www.sereni-d.com\\\/de\\\/#\\\/schema\\\/logo\\\/image\\\/\",\"url\":\"\",\"contentUrl\":\"\",\"caption\":\"Sereni-d\"},\"image\":{\"@id\":\"https:\\\/\\\/www.sereni-d.com\\\/de\\\/#\\\/schema\\\/logo\\\/image\\\/\"},\"sameAs\":[\"https:\\\/\\\/www.facebook.com\\\/SereniDsante\\\/\",\"https:\\\/\\\/www.instagram.com\\\/serenidsante\\\/\"]}]}<\/script>\n<!-- \/ Yoast SEO plugin. -->","yoast_head_json":{"title":"Bettwanzenbehandlung SOS \u2013 5L Kanister- Sereni-d\u00ae","description":"Professionelle Behandlung gegen Bettwanzen. Ein Kanister enth\u00e4lt 5\u202fL L\u00f6sung und reicht f\u00fcr eine Fl\u00e4che von 100\u202fm\u00b2.","robots":{"index":"index","follow":"follow","max-snippet":"max-snippet:-1","max-image-preview":"max-image-preview:large","max-video-preview":"max-video-preview:-1"},"canonical":"https:\/\/www.sereni-d.com\/de\/produits\/sos-kanister-5l\/","og_locale":"de_DE","og_type":"article","og_title":"Bettwanzenbehandlung SOS \u2013 5L Kanister- Sereni-d\u00ae","og_description":"Professionelle Behandlung gegen Bettwanzen. Ein Kanister enth\u00e4lt 5\u202fL L\u00f6sung und reicht f\u00fcr eine Fl\u00e4che von 100\u202fm\u00b2.","og_url":"https:\/\/www.sereni-d.com\/de\/produits\/sos-kanister-5l\/","og_site_name":"Sereni-d\u00ae","article_publisher":"https:\/\/www.facebook.com\/SereniDsante\/","article_modified_time":"2026-05-07T13:06:23+00:00","og_image":[{"url":"https:\/\/www.sereni-d.com\/wp-content\/uploads\/2025\/07\/FR_bidon_1.jpg","width":980,"height":980,"type":"image\/jpeg"}],"twitter_card":"summary_large_image","twitter_misc":{"Gesch\u00e4tzte Lesezeit":"2\u00a0Minuten"},"schema":{"@context":"https:\/\/schema.org","@graph":[{"@type":"WebPage","@id":"https:\/\/www.sereni-d.com\/de\/produits\/sos-kanister-5l\/","url":"https:\/\/www.sereni-d.com\/de\/produits\/sos-kanister-5l\/","name":"Bettwanzenbehandlung SOS \u2013 5L Kanister- Sereni-d\u00ae","isPartOf":{"@id":"https:\/\/www.sereni-d.com\/de\/#website"},"primaryImageOfPage":{"@id":"https:\/\/www.sereni-d.com\/de\/produits\/sos-kanister-5l\/#primaryimage"},"image":{"@id":"https:\/\/www.sereni-d.com\/de\/produits\/sos-kanister-5l\/#primaryimage"},"thumbnailUrl":"https:\/\/www.sereni-d.com\/wp-content\/uploads\/2025\/10\/DE_bidon_0-scaled.jpg","datePublished":"2025-07-03T15:10:30+00:00","dateModified":"2026-05-07T13:06:23+00:00","description":"Professionelle Behandlung gegen Bettwanzen. Ein Kanister enth\u00e4lt 5\u202fL L\u00f6sung und reicht f\u00fcr eine Fl\u00e4che von 100\u202fm\u00b2.","breadcrumb":{"@id":"https:\/\/www.sereni-d.com\/de\/produits\/sos-kanister-5l\/#breadcrumb"},"inLanguage":"de","potentialAction":[{"@type":"ReadAction","target":["https:\/\/www.sereni-d.com\/de\/produits\/sos-kanister-5l\/"]}]},{"@type":"ImageObject","inLanguage":"de","@id":"https:\/\/www.sereni-d.com\/de\/produits\/sos-kanister-5l\/#primaryimage","url":"https:\/\/www.sereni-d.com\/wp-content\/uploads\/2025\/10\/DE_bidon_0-scaled.jpg","contentUrl":"https:\/\/www.sereni-d.com\/wp-content\/uploads\/2025\/10\/DE_bidon_0-scaled.jpg","width":2560,"height":2560},{"@type":"BreadcrumbList","@id":"https:\/\/www.sereni-d.com\/de\/produits\/sos-kanister-5l\/#breadcrumb","itemListElement":[{"@type":"ListItem","position":1,"name":"Startseite","item":"https:\/\/www.sereni-d.com\/de\/"},{"@type":"ListItem","position":2,"name":"Shop","item":"https:\/\/www.sereni-d.com\/de\/shop\/"},{"@type":"ListItem","position":3,"name":"Punaise de lit","item":"https:\/\/www.sereni-d.com\/categories\/punaise-de-lit\/"},{"@type":"ListItem","position":4,"name":"Produkte","item":"https:\/\/www.sereni-d.com\/de\/categories\/produkte\/"},{"@type":"ListItem","position":5,"name":"PRO SOS 5L Kanister"}]},{"@type":"WebSite","@id":"https:\/\/www.sereni-d.com\/de\/#website","url":"https:\/\/www.sereni-d.com\/de\/","name":"Sereni-d\u00ae","description":"EXPERT Punaises de Lit - Laboratoire SUISSE - Traitements concentr\u00e9s contres les Punaises de Lit. Protection Longue Dur\u00e9e. Efficacit\u00e9 prouv\u00e9e, r\u00e9sultat maximal. Recommand\u00e9 par les professionnels.","publisher":{"@id":"https:\/\/www.sereni-d.com\/de\/#organization"},"potentialAction":[{"@type":"SearchAction","target":{"@type":"EntryPoint","urlTemplate":"https:\/\/www.sereni-d.com\/de\/?s={search_term_string}"},"query-input":{"@type":"PropertyValueSpecification","valueRequired":true,"valueName":"search_term_string"}}],"inLanguage":"de"},{"@type":"Organization","@id":"https:\/\/www.sereni-d.com\/de\/#organization","name":"Sereni-d","url":"https:\/\/www.sereni-d.com\/de\/","logo":{"@type":"ImageObject","inLanguage":"de","@id":"https:\/\/www.sereni-d.com\/de\/#\/schema\/logo\/image\/","url":"","contentUrl":"","caption":"Sereni-d"},"image":{"@id":"https:\/\/www.sereni-d.com\/de\/#\/schema\/logo\/image\/"},"sameAs":["https:\/\/www.facebook.com\/SereniDsante\/","https:\/\/www.instagram.com\/serenidsante\/"]}]}},"_links":{"self":[{"href":"https:\/\/www.sereni-d.com\/de\/wp-json\/wp\/v2\/product\/15967","targetHints":{"allow":["GET"]}}],"collection":[{"href":"https:\/\/www.sereni-d.com\/de\/wp-json\/wp\/v2\/product"}],"about":[{"href":"https:\/\/www.sereni-d.com\/de\/wp-json\/wp\/v2\/types\/product"}],"replies":[{"embeddable":true,"href":"https:\/\/www.sereni-d.com\/de\/wp-json\/wp\/v2\/comments?post=15967"}],"wp:featuredmedia":[{"embeddable":true,"href":"https:\/\/www.sereni-d.com\/de\/wp-json\/wp\/v2\/media\/15972"}],"wp:attachment":[{"href":"https:\/\/www.sereni-d.com\/de\/wp-json\/wp\/v2\/media?parent=15967"}],"wp:term":[{"taxonomy":"product_brand","embeddable":true,"href":"https:\/\/www.sereni-d.com\/de\/wp-json\/wp\/v2\/product_brand?post=15967"},{"taxonomy":"product_cat","embeddable":true,"href":"https:\/\/www.sereni-d.com\/de\/wp-json\/wp\/v2\/product_cat?post=15967"},{"taxonomy":"product_tag","embeddable":true,"href":"https:\/\/www.sereni-d.com\/de\/wp-json\/wp\/v2\/product_tag?post=15967"}],"curies":[{"name":"wp","href":"https:\/\/api.w.org\/{rel}","templated":true}]}}