{"id":20697,"date":"2025-11-20T15:15:18","date_gmt":"2025-11-20T14:15:18","guid":{"rendered":"https:\/\/www.sereni-d.com\/?post_type=product&#038;p=20697"},"modified":"2026-04-19T16:23:35","modified_gmt":"2026-04-19T14:23:35","slug":"kieselgur-minze-ameisen","status":"publish","type":"product","link":"https:\/\/www.sereni-d.com\/de\/produits\/kieselgur-minze-ameisen\/","title":{"rendered":"KIESELGUR MINZE Ameisen"},"content":{"rendered":"<p data-start=\"7919\" data-end=\"8134\"><strong data-start=\"7919\" data-end=\"7958\">KIESELGUR MINZE \u2013 AMEISENBEHANDLUNG<\/strong> ist ein gebrauchsfertiges Aerosol, dessen Wirkprinzipien von der Natur inspiriert sind und das speziell zur vorbeugenden und gezielten Bek\u00e4mpfung von Ameisen entwickelt wurde.<\/p>\n<p data-start=\"8136\" data-end=\"8665\">Die Formel auf Basis von Kieselgur und Minze, bestehend aus fossilen mikroskopischen Algen, sorgt f\u00fcr die wirksame Bek\u00e4mpfung von Ameisen durch einen abrasiven \u201eRasierklingen\u201c-Effekt und eine austrocknende Wirkung. Durch ihre eigenen Bewegungen bedecken sich die Ameisen mit Kieselgur- und Minzepulver. Die hohe Absorptionskraft des Pulvers entzieht der Kutikula Lipide, was zur Austrocknung der Insekten f\u00fchrt, die innerhalb weniger Stunden absterben. Der Duft des \u00e4therischen Minz\u00f6ls sorgt f\u00fcr ein angenehm frisches Raumgef\u00fchl.<\/p>\n<p data-start=\"8667\" data-end=\"9316\">Die konzentrierte Formel bietet eine sofortige Wirkung (innerhalb weniger Stunden) sowie eine langanhaltende Wirkung (bis zu 3 Wochen Restwirkung unter optimalen Anwendungsbedingungen). Die Kieselgur ist amorph und nicht kalziniert. Die biozide Zulassung garantiert einen Siliziumdioxidgehalt (SiO\u2082) von mindestens 90 %, wodurch ein sehr hoher Absorptionsgrad und eine hohe Wirksamkeit gegen Ameisen gew\u00e4hrleistet sind. Dies unterscheidet sie von nicht-biozider, lebensmitteltauglicher Kieselgur, die einen geringeren Siliziumdioxidgehalt, gr\u00f6bere Partikel und damit eine reduzierte Austrocknungswirkung aufweist und gegen Ameisen nicht wirksam ist.<\/p>\n<p data-start=\"9318\" data-end=\"9537\">Auf Ameisenlaufwege, Nestzug\u00e4nge, Risse, Sockelleisten und andere dunkle Bereiche gespr\u00fcht, haftet die Kieselgur an den Ameisen und f\u00fchrt beim \u00dcberqueren der behandelten Fl\u00e4chen durch schnelle Austrocknung zu deren Tod.<\/p>\n<p data-start=\"9539\" data-end=\"9947\">Das Aerosol <strong data-start=\"9551\" data-end=\"9570\">KIESELGUR MINZE<\/strong> ist eine professionelle L\u00f6sung zur Ameisenbek\u00e4mpfung, die keine Resistenzbildung verursacht. Es ist ebenfalls wirksam gegen andere kriechende Insekten im Haushalt wie Bettwanzen, Spinnen, Milben, Fl\u00f6he, Silberfischchen, Kakerlaken und Schaben. Es stellt eine erg\u00e4nzende Alternative zu anderen Sereni-d\u00ae L\u00f6sungen f\u00fcr einen dauerhaften und verst\u00e4rkten Schutz Ihres Zuhauses dar.<\/p>\n<p data-start=\"9949\" data-end=\"10386\">Das Aerosol <strong data-start=\"9961\" data-end=\"9980\">KIESELGUR MINZE<\/strong> ist Ihr bester Verb\u00fcndeter zur Vorbeugung und bei einem Ameisenbefall. Es ist eine pr\u00e4zise mechanische Alternative zu chemischen Behandlungen. Im pr\u00e4ventiven Einsatz erzeugt es, an strategischen Stellen angewendet, eine echte Schutzbarriere gegen Ameisen. Das Sereni-d\u00ae Kieselgur-Minze-Pulver erm\u00f6glicht eine gezielte, nicht fl\u00fcchtige Anwendung und ist ideal zur Bek\u00e4mpfung von Ameisen und Ameisennestern.<\/p>\n<p data-start=\"10388\" data-end=\"10575\"><strong data-start=\"10388\" data-end=\"10425\">Sereni-d\u00ae Zufriedenheitsgarantie:<\/strong> Sollten Sie mit Ihrem Kauf nicht zufrieden sein, kontaktieren Sie uns bitte \u00fcber die Kontaktseite \u2013 wir erstatten Ihnen den vollen Kaufbetrag zur\u00fcck.<\/p>\n","protected":false},"excerpt":{"rendered":"<p align=\"justify\">\u2022 Pr\u00e4ventives und kuratives Aerosol gegen Ameisen<br \/>\n\u2022 Beseitigt und verhindert 100 % der Ameisen<br \/>\n\u2022 Sofortiger Schutz, langanhaltend (bis zu 3 Wochen)<br \/>\n\u2022 Mehr als 250.000 zufriedene Sereni-d\u00ae Kunden<\/p>\n<p align=\"justify\"><strong>KONZENTRIERTE FORMEL &#8211; MAXIMALES ERGEBNIS<\/strong><\/p>\n","protected":false},"featured_media":20799,"comment_status":"open","ping_status":"closed","template":"","meta":{"_acf_changed":false,"_monsterinsights_skip_tracking":false,"_monsterinsights_sitenote_active":false,"_monsterinsights_sitenote_note":"","_monsterinsights_sitenote_category":0},"product_brand":[],"product_cat":[77],"product_tag":[],"class_list":{"0":"post-20697","1":"product","2":"type-product","3":"status-publish","4":"has-post-thumbnail","6":"product_cat-produkte","8":"first","9":"instock","10":"taxable","11":"shipping-taxable","12":"purchasable","13":"product-type-simple"},"acf":[],"yoast_head":"<!-- This site is optimized with the Yoast SEO plugin v27.2 - https:\/\/yoast.com\/product\/yoast-seo-wordpress\/ -->\n<title>Kieselgur Minze Ameisenbehandlung - Sereni-d\u00ae<\/title>\n<meta name=\"description\" content=\"Leistungsstarke professionelle L\u00f6sung gegen Ameisen. Beseitigt und verhindert 100 % der Ameisen. 3 Wochen Wirksamkeit.\" \/>\n<meta name=\"robots\" content=\"index, follow, max-snippet:-1, max-image-preview:large, max-video-preview:-1\" \/>\n<link rel=\"canonical\" href=\"https:\/\/www.sereni-d.com\/de\/produits\/kieselgur-minze-ameisen\/\" \/>\n<meta property=\"og:locale\" content=\"de_DE\" \/>\n<meta property=\"og:type\" content=\"article\" \/>\n<meta property=\"og:title\" content=\"Kieselgur Minze Ameisenbehandlung - Sereni-d\u00ae\" \/>\n<meta property=\"og:description\" content=\"Leistungsstarke professionelle L\u00f6sung gegen Ameisen. Beseitigt und verhindert 100 % der Ameisen. 3 Wochen Wirksamkeit.\" \/>\n<meta property=\"og:url\" content=\"https:\/\/www.sereni-d.com\/de\/produits\/kieselgur-minze-ameisen\/\" \/>\n<meta property=\"og:site_name\" content=\"Sereni-d\u00ae\" \/>\n<meta property=\"article:publisher\" content=\"https:\/\/www.facebook.com\/SereniDsante\/\" \/>\n<meta property=\"article:modified_time\" content=\"2026-04-19T14:23:35+00:00\" \/>\n<meta property=\"og:image\" content=\"https:\/\/www.sereni-d.com\/wp-content\/uploads\/2025\/11\/DE_menthe-fourmis-400ml-scaled.jpg\" \/>\n\t<meta property=\"og:image:width\" content=\"2560\" \/>\n\t<meta property=\"og:image:height\" content=\"2560\" \/>\n\t<meta property=\"og:image:type\" content=\"image\/jpeg\" \/>\n<meta name=\"twitter:card\" content=\"summary_large_image\" \/>\n<meta name=\"twitter:label1\" content=\"Gesch\u00e4tzte Lesezeit\" \/>\n\t<meta name=\"twitter:data1\" content=\"2\u00a0Minuten\" \/>\n<script type=\"application\/ld+json\" class=\"yoast-schema-graph\">{\"@context\":\"https:\/\/schema.org\",\"@graph\":[{\"@type\":\"WebPage\",\"@id\":\"https:\/\/www.sereni-d.com\/de\/produits\/kieselgur-minze-ameisen\/\",\"url\":\"https:\/\/www.sereni-d.com\/de\/produits\/kieselgur-minze-ameisen\/\",\"name\":\"Kieselgur Minze Ameisenbehandlung - Sereni-d\u00ae\",\"isPartOf\":{\"@id\":\"https:\/\/www.sereni-d.com\/de\/#website\"},\"primaryImageOfPage\":{\"@id\":\"https:\/\/www.sereni-d.com\/de\/produits\/kieselgur-minze-ameisen\/#primaryimage\"},\"image\":{\"@id\":\"https:\/\/www.sereni-d.com\/de\/produits\/kieselgur-minze-ameisen\/#primaryimage\"},\"thumbnailUrl\":\"https:\/\/www.sereni-d.com\/wp-content\/uploads\/2025\/11\/DE_menthe-fourmis-scaled.jpg\",\"datePublished\":\"2025-11-20T14:15:18+00:00\",\"dateModified\":\"2026-04-19T14:23:35+00:00\",\"description\":\"Leistungsstarke professionelle L\u00f6sung gegen Ameisen. Beseitigt und verhindert 100 % der Ameisen. 3 Wochen Wirksamkeit.\",\"breadcrumb\":{\"@id\":\"https:\/\/www.sereni-d.com\/de\/produits\/kieselgur-minze-ameisen\/#breadcrumb\"},\"inLanguage\":\"de\",\"potentialAction\":[{\"@type\":\"ReadAction\",\"target\":[\"https:\/\/www.sereni-d.com\/de\/produits\/kieselgur-minze-ameisen\/\"]}]},{\"@type\":\"ImageObject\",\"inLanguage\":\"de\",\"@id\":\"https:\/\/www.sereni-d.com\/de\/produits\/kieselgur-minze-ameisen\/#primaryimage\",\"url\":\"https:\/\/www.sereni-d.com\/wp-content\/uploads\/2025\/11\/DE_menthe-fourmis-scaled.jpg\",\"contentUrl\":\"https:\/\/www.sereni-d.com\/wp-content\/uploads\/2025\/11\/DE_menthe-fourmis-scaled.jpg\",\"width\":2560,\"height\":2560,\"caption\":\"Kieselgur mit \u00c4therischem \u00d6l\"},{\"@type\":\"BreadcrumbList\",\"@id\":\"https:\/\/www.sereni-d.com\/de\/produits\/kieselgur-minze-ameisen\/#breadcrumb\",\"itemListElement\":[{\"@type\":\"ListItem\",\"position\":1,\"name\":\"Startseite\",\"item\":\"https:\/\/www.sereni-d.com\/de\/\"},{\"@type\":\"ListItem\",\"position\":2,\"name\":\"Shop\",\"item\":\"https:\/\/www.sereni-d.com\/de\/shop\/\"},{\"@type\":\"ListItem\",\"position\":3,\"name\":\"Punaise de lit\",\"item\":\"https:\/\/www.sereni-d.com\/categories\/punaise-de-lit\/\"},{\"@type\":\"ListItem\",\"position\":4,\"name\":\"Produkte\",\"item\":\"https:\/\/www.sereni-d.com\/de\/categories\/produkte\/\"},{\"@type\":\"ListItem\",\"position\":5,\"name\":\"KIESELGUR MINZE Ameisen\"}]},{\"@type\":\"WebSite\",\"@id\":\"https:\/\/www.sereni-d.com\/de\/#website\",\"url\":\"https:\/\/www.sereni-d.com\/de\/\",\"name\":\"Sereni-d\u00ae\",\"description\":\"EXPERT Punaises de Lit - Laboratoire SUISSE - Traitements concentr\u00e9s contres les Punaises de Lit. Protection Longue Dur\u00e9e. Efficacit\u00e9 prouv\u00e9e, r\u00e9sultat maximal. Recommand\u00e9 par les professionnels.\",\"publisher\":{\"@id\":\"https:\/\/www.sereni-d.com\/de\/#organization\"},\"potentialAction\":[{\"@type\":\"SearchAction\",\"target\":{\"@type\":\"EntryPoint\",\"urlTemplate\":\"https:\/\/www.sereni-d.com\/de\/?s={search_term_string}\"},\"query-input\":{\"@type\":\"PropertyValueSpecification\",\"valueRequired\":true,\"valueName\":\"search_term_string\"}}],\"inLanguage\":\"de\"},{\"@type\":\"Organization\",\"@id\":\"https:\/\/www.sereni-d.com\/de\/#organization\",\"name\":\"Sereni-d\",\"url\":\"https:\/\/www.sereni-d.com\/de\/\",\"logo\":{\"@type\":\"ImageObject\",\"inLanguage\":\"de\",\"@id\":\"https:\/\/www.sereni-d.com\/de\/#\/schema\/logo\/image\/\",\"url\":\"\",\"contentUrl\":\"\",\"caption\":\"Sereni-d\"},\"image\":{\"@id\":\"https:\/\/www.sereni-d.com\/de\/#\/schema\/logo\/image\/\"},\"sameAs\":[\"https:\/\/www.facebook.com\/SereniDsante\/\",\"https:\/\/www.instagram.com\/serenidsante\/\"]}]}<\/script>\n<!-- \/ Yoast SEO plugin. -->","yoast_head_json":{"title":"Kieselgur Minze Ameisenbehandlung - Sereni-d\u00ae","description":"Leistungsstarke professionelle L\u00f6sung gegen Ameisen. Beseitigt und verhindert 100 % der Ameisen. 3 Wochen Wirksamkeit.","robots":{"index":"index","follow":"follow","max-snippet":"max-snippet:-1","max-image-preview":"max-image-preview:large","max-video-preview":"max-video-preview:-1"},"canonical":"https:\/\/www.sereni-d.com\/de\/produits\/kieselgur-minze-ameisen\/","og_locale":"de_DE","og_type":"article","og_title":"Kieselgur Minze Ameisenbehandlung - Sereni-d\u00ae","og_description":"Leistungsstarke professionelle L\u00f6sung gegen Ameisen. Beseitigt und verhindert 100 % der Ameisen. 3 Wochen Wirksamkeit.","og_url":"https:\/\/www.sereni-d.com\/de\/produits\/kieselgur-minze-ameisen\/","og_site_name":"Sereni-d\u00ae","article_publisher":"https:\/\/www.facebook.com\/SereniDsante\/","article_modified_time":"2026-04-19T14:23:35+00:00","og_image":[{"width":2560,"height":2560,"url":"https:\/\/www.sereni-d.com\/wp-content\/uploads\/2025\/11\/DE_menthe-fourmis-400ml-scaled.jpg","type":"image\/jpeg"}],"twitter_card":"summary_large_image","twitter_misc":{"Gesch\u00e4tzte Lesezeit":"2\u00a0Minuten"},"schema":{"@context":"https:\/\/schema.org","@graph":[{"@type":"WebPage","@id":"https:\/\/www.sereni-d.com\/de\/produits\/kieselgur-minze-ameisen\/","url":"https:\/\/www.sereni-d.com\/de\/produits\/kieselgur-minze-ameisen\/","name":"Kieselgur Minze Ameisenbehandlung - Sereni-d\u00ae","isPartOf":{"@id":"https:\/\/www.sereni-d.com\/de\/#website"},"primaryImageOfPage":{"@id":"https:\/\/www.sereni-d.com\/de\/produits\/kieselgur-minze-ameisen\/#primaryimage"},"image":{"@id":"https:\/\/www.sereni-d.com\/de\/produits\/kieselgur-minze-ameisen\/#primaryimage"},"thumbnailUrl":"https:\/\/www.sereni-d.com\/wp-content\/uploads\/2025\/11\/DE_menthe-fourmis-scaled.jpg","datePublished":"2025-11-20T14:15:18+00:00","dateModified":"2026-04-19T14:23:35+00:00","description":"Leistungsstarke professionelle L\u00f6sung gegen Ameisen. Beseitigt und verhindert 100 % der Ameisen. 3 Wochen Wirksamkeit.","breadcrumb":{"@id":"https:\/\/www.sereni-d.com\/de\/produits\/kieselgur-minze-ameisen\/#breadcrumb"},"inLanguage":"de","potentialAction":[{"@type":"ReadAction","target":["https:\/\/www.sereni-d.com\/de\/produits\/kieselgur-minze-ameisen\/"]}]},{"@type":"ImageObject","inLanguage":"de","@id":"https:\/\/www.sereni-d.com\/de\/produits\/kieselgur-minze-ameisen\/#primaryimage","url":"https:\/\/www.sereni-d.com\/wp-content\/uploads\/2025\/11\/DE_menthe-fourmis-scaled.jpg","contentUrl":"https:\/\/www.sereni-d.com\/wp-content\/uploads\/2025\/11\/DE_menthe-fourmis-scaled.jpg","width":2560,"height":2560,"caption":"Kieselgur mit \u00c4therischem \u00d6l"},{"@type":"BreadcrumbList","@id":"https:\/\/www.sereni-d.com\/de\/produits\/kieselgur-minze-ameisen\/#breadcrumb","itemListElement":[{"@type":"ListItem","position":1,"name":"Startseite","item":"https:\/\/www.sereni-d.com\/de\/"},{"@type":"ListItem","position":2,"name":"Shop","item":"https:\/\/www.sereni-d.com\/de\/shop\/"},{"@type":"ListItem","position":3,"name":"Punaise de lit","item":"https:\/\/www.sereni-d.com\/categories\/punaise-de-lit\/"},{"@type":"ListItem","position":4,"name":"Produkte","item":"https:\/\/www.sereni-d.com\/de\/categories\/produkte\/"},{"@type":"ListItem","position":5,"name":"KIESELGUR MINZE Ameisen"}]},{"@type":"WebSite","@id":"https:\/\/www.sereni-d.com\/de\/#website","url":"https:\/\/www.sereni-d.com\/de\/","name":"Sereni-d\u00ae","description":"EXPERT Punaises de Lit - Laboratoire SUISSE - Traitements concentr\u00e9s contres les Punaises de Lit. Protection Longue Dur\u00e9e. Efficacit\u00e9 prouv\u00e9e, r\u00e9sultat maximal. Recommand\u00e9 par les professionnels.","publisher":{"@id":"https:\/\/www.sereni-d.com\/de\/#organization"},"potentialAction":[{"@type":"SearchAction","target":{"@type":"EntryPoint","urlTemplate":"https:\/\/www.sereni-d.com\/de\/?s={search_term_string}"},"query-input":{"@type":"PropertyValueSpecification","valueRequired":true,"valueName":"search_term_string"}}],"inLanguage":"de"},{"@type":"Organization","@id":"https:\/\/www.sereni-d.com\/de\/#organization","name":"Sereni-d","url":"https:\/\/www.sereni-d.com\/de\/","logo":{"@type":"ImageObject","inLanguage":"de","@id":"https:\/\/www.sereni-d.com\/de\/#\/schema\/logo\/image\/","url":"","contentUrl":"","caption":"Sereni-d"},"image":{"@id":"https:\/\/www.sereni-d.com\/de\/#\/schema\/logo\/image\/"},"sameAs":["https:\/\/www.facebook.com\/SereniDsante\/","https:\/\/www.instagram.com\/serenidsante\/"]}]}},"_links":{"self":[{"href":"https:\/\/www.sereni-d.com\/de\/wp-json\/wp\/v2\/product\/20697","targetHints":{"allow":["GET"]}}],"collection":[{"href":"https:\/\/www.sereni-d.com\/de\/wp-json\/wp\/v2\/product"}],"about":[{"href":"https:\/\/www.sereni-d.com\/de\/wp-json\/wp\/v2\/types\/product"}],"replies":[{"embeddable":true,"href":"https:\/\/www.sereni-d.com\/de\/wp-json\/wp\/v2\/comments?post=20697"}],"wp:featuredmedia":[{"embeddable":true,"href":"https:\/\/www.sereni-d.com\/de\/wp-json\/wp\/v2\/media\/20799"}],"wp:attachment":[{"href":"https:\/\/www.sereni-d.com\/de\/wp-json\/wp\/v2\/media?parent=20697"}],"wp:term":[{"taxonomy":"product_brand","embeddable":true,"href":"https:\/\/www.sereni-d.com\/de\/wp-json\/wp\/v2\/product_brand?post=20697"},{"taxonomy":"product_cat","embeddable":true,"href":"https:\/\/www.sereni-d.com\/de\/wp-json\/wp\/v2\/product_cat?post=20697"},{"taxonomy":"product_tag","embeddable":true,"href":"https:\/\/www.sereni-d.com\/de\/wp-json\/wp\/v2\/product_tag?post=20697"}],"curies":[{"name":"wp","href":"https:\/\/api.w.org\/{rel}","templated":true}]}}