{"id":23191,"date":"2026-03-17T13:37:15","date_gmt":"2026-03-17T12:37:15","guid":{"rendered":"https:\/\/www.sereni-d.com\/?post_type=product&#038;p=23191"},"modified":"2026-05-03T18:20:52","modified_gmt":"2026-05-03T16:20:52","slug":"textilmotten-diffusor","status":"publish","type":"product","link":"https:\/\/www.sereni-d.com\/de\/produits\/textilmotten-diffusor\/","title":{"rendered":"MINT POWER \u2013 Textilmotten-Abwehr-Diffusor"},"content":{"rendered":"<p data-start=\"3659\" data-end=\"3841\"><strong>MINT POWER \u2013 Textilmotten-Abwehr-Diffusor<\/strong> ist eine gebrauchsfertige L\u00f6sung, die speziell entwickelt wurde, um Kleidung wirksam vor Motten zu sch\u00fctzen \u2013 ausschlie\u00dflich zur Vorbeugung.<\/p>\n<p data-start=\"3843\" data-end=\"4192\">Die Formel basiert auf sorgf\u00e4ltig ausgew\u00e4hltem Pfefferminz\u00f6l mit nat\u00fcrlichen abweisenden Eigenschaften und wirkt, indem sie eine starke olfaktorische Barriere bildet, die die Sinnesrezeptoren der Motten st\u00f6rt. Unf\u00e4hig, eine geeignete Umgebung zu erkennen, werden sie daran gehindert, sich zu n\u00e4hern, anzusiedeln und Eier auf den Textilien abzulegen.<\/p>\n<p data-start=\"4194\" data-end=\"4519\">In Schubladen, Schr\u00e4nken oder Kleiderschr\u00e4nken platziert, sorgt die langsame Abgabe des Wirkstoffs f\u00fcr gleichm\u00e4\u00dfigen und kontinuierlichen Schutz der Aufbewahrungsbereiche. <strong>Der Diffusor sch\u00fctzt Kleidung, Wolle, Kaschmir, M\u00e4ntel, Pelze und empfindliche Stoffe dauerhaft und verbreitet gleichzeitig einen angenehmen Frischeduft<\/strong>.<\/p>\n<p data-start=\"4521\" data-end=\"4786\">Textilmotten werden von Naturfasern und dunklen, schlecht bel\u00fcfteten Umgebungen angezogen, daher ist vorbeugendes Handeln entscheidend. Dank seiner gezielten Wirkung bietet MINT POWER eine einfache, saubere und effektive L\u00f6sung zum t\u00e4glichen Schutz Ihrer Textilien.<\/p>\n<p data-start=\"4788\" data-end=\"5003\">Die Wirkung tritt sofort ein und <strong>h\u00e4lt unter optimalen Bedingungen bis zu 1 Monat an<\/strong>. F\u00fcr maximale Leistung wird empfohlen, das Produkt mindestens <strong>7 Tage lang wirken zu lassen<\/strong>, um einen dauerhaften Schutz aufzubauen.<\/p>\n<p data-start=\"5005\" data-end=\"5238\">Der MINT POWER-Diffusor ist ausschlie\u00dflich f\u00fcr die <strong>Pr\u00e4vention vorgesehen<\/strong>. Vor der Anwendung sicherstellen, dass keine aktive Infestation vorliegt (Larven oder sichtbare Motten). Im Zweifel vorher eine kurative Behandlung durchf\u00fchren.<\/p>\n<p data-start=\"5240\" data-end=\"5414\">Einfach zu verwenden, ohne direkten Kontakt mit der Kleidung, integriert sich der MINT POWER-Diffusor nahtlos in Ihre Pflegeroutine f\u00fcr kontinuierlichen, sorgenfreien Schutz.<\/p>\n<p data-start=\"10388\" data-end=\"10575\"><strong data-start=\"10388\" data-end=\"10425\">Sereni-d\u00ae Zufriedenheitsgarantie:<\/strong> Sollten Sie mit Ihrem Kauf nicht zufrieden sein, kontaktieren Sie uns bitte \u00fcber die <a href=\"https:\/\/www.sereni-d.com\/de\/kontakt\/\">Kontaktseite<\/a> \u2013 wir erstatten Ihnen den vollen Kaufbetrag zur\u00fcck.<\/p>\n","protected":false},"excerpt":{"rendered":"<p align=\"justify\">\u2022 Nat\u00fcrliche sch\u00fctzende Duftbarriere mit Minze<br \/>\n\u2022 Sch\u00fctzt vor Textilmotten in Schr\u00e4nken, Ankleiden und Schubladen<br \/>\n\u2022 Sofortiger und langanhaltender Schutz (bis zu 1 Monat)<br \/>\n\u2022 Mehr als 250.000 zufriedene Sereni-d\u00ae Kunden<\/p>\n<p align=\"justify\"><strong>KONZENTRIERTE FORMEL &#8211; MAXIMALES ERGEBNIS<\/strong><\/p>\n","protected":false},"featured_media":23198,"comment_status":"open","ping_status":"closed","template":"","meta":{"_acf_changed":false,"_monsterinsights_skip_tracking":false,"_monsterinsights_sitenote_active":false,"_monsterinsights_sitenote_note":"","_monsterinsights_sitenote_category":0},"product_brand":[],"product_cat":[77],"product_tag":[],"class_list":{"0":"post-23191","1":"product","2":"type-product","3":"status-publish","4":"has-post-thumbnail","6":"product_cat-produkte","8":"first","9":"outofstock","10":"taxable","11":"shipping-taxable","12":"purchasable","13":"product-type-simple"},"acf":[],"yoast_head":"<!-- This site is optimized with the Yoast SEO plugin v27.4 - https:\/\/yoast.com\/product\/yoast-seo-wordpress\/ -->\n<title>MINT POWER Textilmotten-Abwehr-Diffusor - Sereni-d\u00ae<\/title>\n<meta name=\"description\" content=\"Professionelle, leistungsstarke L\u00f6sung gegen Motten. Textilmotten-Repellent auf Basis von Pfefferminz\u00f6l. Wirksamkeit bis zu 1 Monat.\" \/>\n<meta name=\"robots\" content=\"index, follow, max-snippet:-1, max-image-preview:large, max-video-preview:-1\" \/>\n<link rel=\"canonical\" href=\"https:\/\/www.sereni-d.com\/de\/produits\/textilmotten-diffusor\/\" \/>\n<meta property=\"og:locale\" content=\"de_DE\" \/>\n<meta property=\"og:type\" content=\"article\" \/>\n<meta property=\"og:title\" content=\"MINT POWER Textilmotten-Abwehr-Diffusor - Sereni-d\u00ae\" \/>\n<meta property=\"og:description\" content=\"Professionelle, leistungsstarke L\u00f6sung gegen Motten. Textilmotten-Repellent auf Basis von Pfefferminz\u00f6l. Wirksamkeit bis zu 1 Monat.\" \/>\n<meta property=\"og:url\" content=\"https:\/\/www.sereni-d.com\/de\/produits\/textilmotten-diffusor\/\" \/>\n<meta property=\"og:site_name\" content=\"Sereni-d\u00ae\" \/>\n<meta property=\"article:publisher\" content=\"https:\/\/www.facebook.com\/SereniDsante\/\" \/>\n<meta property=\"article:modified_time\" content=\"2026-05-03T16:20:52+00:00\" \/>\n<meta property=\"og:image\" content=\"https:\/\/www.sereni-d.com\/wp-content\/uploads\/2026\/03\/DE_anti-mites-cire-1-scaled.jpg\" \/>\n\t<meta property=\"og:image:width\" content=\"2560\" \/>\n\t<meta property=\"og:image:height\" content=\"2560\" \/>\n\t<meta property=\"og:image:type\" content=\"image\/jpeg\" \/>\n<meta name=\"twitter:card\" content=\"summary_large_image\" \/>\n<meta name=\"twitter:label1\" content=\"Gesch\u00e4tzte Lesezeit\" \/>\n\t<meta name=\"twitter:data1\" content=\"2\u00a0Minuten\" \/>\n<script type=\"application\/ld+json\" class=\"yoast-schema-graph\">{\"@context\":\"https:\\\/\\\/schema.org\",\"@graph\":[{\"@type\":\"WebPage\",\"@id\":\"https:\\\/\\\/www.sereni-d.com\\\/de\\\/produits\\\/textilmotten-diffusor\\\/\",\"url\":\"https:\\\/\\\/www.sereni-d.com\\\/de\\\/produits\\\/textilmotten-diffusor\\\/\",\"name\":\"MINT POWER Textilmotten-Abwehr-Diffusor - Sereni-d\u00ae\",\"isPartOf\":{\"@id\":\"https:\\\/\\\/www.sereni-d.com\\\/de\\\/#website\"},\"primaryImageOfPage\":{\"@id\":\"https:\\\/\\\/www.sereni-d.com\\\/de\\\/produits\\\/textilmotten-diffusor\\\/#primaryimage\"},\"image\":{\"@id\":\"https:\\\/\\\/www.sereni-d.com\\\/de\\\/produits\\\/textilmotten-diffusor\\\/#primaryimage\"},\"thumbnailUrl\":\"https:\\\/\\\/www.sereni-d.com\\\/wp-content\\\/uploads\\\/2026\\\/03\\\/DE_anti-mites-cire-1-scaled.jpg\",\"datePublished\":\"2026-03-17T12:37:15+00:00\",\"dateModified\":\"2026-05-03T16:20:52+00:00\",\"description\":\"Professionelle, leistungsstarke L\u00f6sung gegen Motten. Textilmotten-Repellent auf Basis von Pfefferminz\u00f6l. Wirksamkeit bis zu 1 Monat.\",\"breadcrumb\":{\"@id\":\"https:\\\/\\\/www.sereni-d.com\\\/de\\\/produits\\\/textilmotten-diffusor\\\/#breadcrumb\"},\"inLanguage\":\"de\",\"potentialAction\":[{\"@type\":\"ReadAction\",\"target\":[\"https:\\\/\\\/www.sereni-d.com\\\/de\\\/produits\\\/textilmotten-diffusor\\\/\"]}]},{\"@type\":\"ImageObject\",\"inLanguage\":\"de\",\"@id\":\"https:\\\/\\\/www.sereni-d.com\\\/de\\\/produits\\\/textilmotten-diffusor\\\/#primaryimage\",\"url\":\"https:\\\/\\\/www.sereni-d.com\\\/wp-content\\\/uploads\\\/2026\\\/03\\\/DE_anti-mites-cire-1-scaled.jpg\",\"contentUrl\":\"https:\\\/\\\/www.sereni-d.com\\\/wp-content\\\/uploads\\\/2026\\\/03\\\/DE_anti-mites-cire-1-scaled.jpg\",\"width\":2560,\"height\":2560},{\"@type\":\"BreadcrumbList\",\"@id\":\"https:\\\/\\\/www.sereni-d.com\\\/de\\\/produits\\\/textilmotten-diffusor\\\/#breadcrumb\",\"itemListElement\":[{\"@type\":\"ListItem\",\"position\":1,\"name\":\"Startseite\",\"item\":\"https:\\\/\\\/www.sereni-d.com\\\/de\\\/\"},{\"@type\":\"ListItem\",\"position\":2,\"name\":\"Shop\",\"item\":\"https:\\\/\\\/www.sereni-d.com\\\/de\\\/shop\\\/\"},{\"@type\":\"ListItem\",\"position\":3,\"name\":\"Punaise de lit\",\"item\":\"https:\\\/\\\/www.sereni-d.com\\\/categories\\\/punaise-de-lit\\\/\"},{\"@type\":\"ListItem\",\"position\":4,\"name\":\"Produkte\",\"item\":\"https:\\\/\\\/www.sereni-d.com\\\/de\\\/categories\\\/produkte\\\/\"},{\"@type\":\"ListItem\",\"position\":5,\"name\":\"MINT POWER \u2013 Textilmotten-Abwehr-Diffusor\"}]},{\"@type\":\"WebSite\",\"@id\":\"https:\\\/\\\/www.sereni-d.com\\\/de\\\/#website\",\"url\":\"https:\\\/\\\/www.sereni-d.com\\\/de\\\/\",\"name\":\"Sereni-d\u00ae\",\"description\":\"EXPERT Punaises de Lit - Laboratoire SUISSE - Traitements concentr\u00e9s contres les Punaises de Lit. Protection Longue Dur\u00e9e. Efficacit\u00e9 prouv\u00e9e, r\u00e9sultat maximal. Recommand\u00e9 par les professionnels.\",\"publisher\":{\"@id\":\"https:\\\/\\\/www.sereni-d.com\\\/de\\\/#organization\"},\"potentialAction\":[{\"@type\":\"SearchAction\",\"target\":{\"@type\":\"EntryPoint\",\"urlTemplate\":\"https:\\\/\\\/www.sereni-d.com\\\/de\\\/?s={search_term_string}\"},\"query-input\":{\"@type\":\"PropertyValueSpecification\",\"valueRequired\":true,\"valueName\":\"search_term_string\"}}],\"inLanguage\":\"de\"},{\"@type\":\"Organization\",\"@id\":\"https:\\\/\\\/www.sereni-d.com\\\/de\\\/#organization\",\"name\":\"Sereni-d\",\"url\":\"https:\\\/\\\/www.sereni-d.com\\\/de\\\/\",\"logo\":{\"@type\":\"ImageObject\",\"inLanguage\":\"de\",\"@id\":\"https:\\\/\\\/www.sereni-d.com\\\/de\\\/#\\\/schema\\\/logo\\\/image\\\/\",\"url\":\"\",\"contentUrl\":\"\",\"caption\":\"Sereni-d\"},\"image\":{\"@id\":\"https:\\\/\\\/www.sereni-d.com\\\/de\\\/#\\\/schema\\\/logo\\\/image\\\/\"},\"sameAs\":[\"https:\\\/\\\/www.facebook.com\\\/SereniDsante\\\/\",\"https:\\\/\\\/www.instagram.com\\\/serenidsante\\\/\"]}]}<\/script>\n<!-- \/ Yoast SEO plugin. -->","yoast_head_json":{"title":"MINT POWER Textilmotten-Abwehr-Diffusor - Sereni-d\u00ae","description":"Professionelle, leistungsstarke L\u00f6sung gegen Motten. Textilmotten-Repellent auf Basis von Pfefferminz\u00f6l. Wirksamkeit bis zu 1 Monat.","robots":{"index":"index","follow":"follow","max-snippet":"max-snippet:-1","max-image-preview":"max-image-preview:large","max-video-preview":"max-video-preview:-1"},"canonical":"https:\/\/www.sereni-d.com\/de\/produits\/textilmotten-diffusor\/","og_locale":"de_DE","og_type":"article","og_title":"MINT POWER Textilmotten-Abwehr-Diffusor - Sereni-d\u00ae","og_description":"Professionelle, leistungsstarke L\u00f6sung gegen Motten. Textilmotten-Repellent auf Basis von Pfefferminz\u00f6l. Wirksamkeit bis zu 1 Monat.","og_url":"https:\/\/www.sereni-d.com\/de\/produits\/textilmotten-diffusor\/","og_site_name":"Sereni-d\u00ae","article_publisher":"https:\/\/www.facebook.com\/SereniDsante\/","article_modified_time":"2026-05-03T16:20:52+00:00","og_image":[{"width":2560,"height":2560,"url":"https:\/\/www.sereni-d.com\/wp-content\/uploads\/2026\/03\/DE_anti-mites-cire-1-scaled.jpg","type":"image\/jpeg"}],"twitter_card":"summary_large_image","twitter_misc":{"Gesch\u00e4tzte Lesezeit":"2\u00a0Minuten"},"schema":{"@context":"https:\/\/schema.org","@graph":[{"@type":"WebPage","@id":"https:\/\/www.sereni-d.com\/de\/produits\/textilmotten-diffusor\/","url":"https:\/\/www.sereni-d.com\/de\/produits\/textilmotten-diffusor\/","name":"MINT POWER Textilmotten-Abwehr-Diffusor - Sereni-d\u00ae","isPartOf":{"@id":"https:\/\/www.sereni-d.com\/de\/#website"},"primaryImageOfPage":{"@id":"https:\/\/www.sereni-d.com\/de\/produits\/textilmotten-diffusor\/#primaryimage"},"image":{"@id":"https:\/\/www.sereni-d.com\/de\/produits\/textilmotten-diffusor\/#primaryimage"},"thumbnailUrl":"https:\/\/www.sereni-d.com\/wp-content\/uploads\/2026\/03\/DE_anti-mites-cire-1-scaled.jpg","datePublished":"2026-03-17T12:37:15+00:00","dateModified":"2026-05-03T16:20:52+00:00","description":"Professionelle, leistungsstarke L\u00f6sung gegen Motten. Textilmotten-Repellent auf Basis von Pfefferminz\u00f6l. Wirksamkeit bis zu 1 Monat.","breadcrumb":{"@id":"https:\/\/www.sereni-d.com\/de\/produits\/textilmotten-diffusor\/#breadcrumb"},"inLanguage":"de","potentialAction":[{"@type":"ReadAction","target":["https:\/\/www.sereni-d.com\/de\/produits\/textilmotten-diffusor\/"]}]},{"@type":"ImageObject","inLanguage":"de","@id":"https:\/\/www.sereni-d.com\/de\/produits\/textilmotten-diffusor\/#primaryimage","url":"https:\/\/www.sereni-d.com\/wp-content\/uploads\/2026\/03\/DE_anti-mites-cire-1-scaled.jpg","contentUrl":"https:\/\/www.sereni-d.com\/wp-content\/uploads\/2026\/03\/DE_anti-mites-cire-1-scaled.jpg","width":2560,"height":2560},{"@type":"BreadcrumbList","@id":"https:\/\/www.sereni-d.com\/de\/produits\/textilmotten-diffusor\/#breadcrumb","itemListElement":[{"@type":"ListItem","position":1,"name":"Startseite","item":"https:\/\/www.sereni-d.com\/de\/"},{"@type":"ListItem","position":2,"name":"Shop","item":"https:\/\/www.sereni-d.com\/de\/shop\/"},{"@type":"ListItem","position":3,"name":"Punaise de lit","item":"https:\/\/www.sereni-d.com\/categories\/punaise-de-lit\/"},{"@type":"ListItem","position":4,"name":"Produkte","item":"https:\/\/www.sereni-d.com\/de\/categories\/produkte\/"},{"@type":"ListItem","position":5,"name":"MINT POWER \u2013 Textilmotten-Abwehr-Diffusor"}]},{"@type":"WebSite","@id":"https:\/\/www.sereni-d.com\/de\/#website","url":"https:\/\/www.sereni-d.com\/de\/","name":"Sereni-d\u00ae","description":"EXPERT Punaises de Lit - Laboratoire SUISSE - Traitements concentr\u00e9s contres les Punaises de Lit. Protection Longue Dur\u00e9e. Efficacit\u00e9 prouv\u00e9e, r\u00e9sultat maximal. Recommand\u00e9 par les professionnels.","publisher":{"@id":"https:\/\/www.sereni-d.com\/de\/#organization"},"potentialAction":[{"@type":"SearchAction","target":{"@type":"EntryPoint","urlTemplate":"https:\/\/www.sereni-d.com\/de\/?s={search_term_string}"},"query-input":{"@type":"PropertyValueSpecification","valueRequired":true,"valueName":"search_term_string"}}],"inLanguage":"de"},{"@type":"Organization","@id":"https:\/\/www.sereni-d.com\/de\/#organization","name":"Sereni-d","url":"https:\/\/www.sereni-d.com\/de\/","logo":{"@type":"ImageObject","inLanguage":"de","@id":"https:\/\/www.sereni-d.com\/de\/#\/schema\/logo\/image\/","url":"","contentUrl":"","caption":"Sereni-d"},"image":{"@id":"https:\/\/www.sereni-d.com\/de\/#\/schema\/logo\/image\/"},"sameAs":["https:\/\/www.facebook.com\/SereniDsante\/","https:\/\/www.instagram.com\/serenidsante\/"]}]}},"_links":{"self":[{"href":"https:\/\/www.sereni-d.com\/de\/wp-json\/wp\/v2\/product\/23191","targetHints":{"allow":["GET"]}}],"collection":[{"href":"https:\/\/www.sereni-d.com\/de\/wp-json\/wp\/v2\/product"}],"about":[{"href":"https:\/\/www.sereni-d.com\/de\/wp-json\/wp\/v2\/types\/product"}],"replies":[{"embeddable":true,"href":"https:\/\/www.sereni-d.com\/de\/wp-json\/wp\/v2\/comments?post=23191"}],"wp:featuredmedia":[{"embeddable":true,"href":"https:\/\/www.sereni-d.com\/de\/wp-json\/wp\/v2\/media\/23198"}],"wp:attachment":[{"href":"https:\/\/www.sereni-d.com\/de\/wp-json\/wp\/v2\/media?parent=23191"}],"wp:term":[{"taxonomy":"product_brand","embeddable":true,"href":"https:\/\/www.sereni-d.com\/de\/wp-json\/wp\/v2\/product_brand?post=23191"},{"taxonomy":"product_cat","embeddable":true,"href":"https:\/\/www.sereni-d.com\/de\/wp-json\/wp\/v2\/product_cat?post=23191"},{"taxonomy":"product_tag","embeddable":true,"href":"https:\/\/www.sereni-d.com\/de\/wp-json\/wp\/v2\/product_tag?post=23191"}],"curies":[{"name":"wp","href":"https:\/\/api.w.org\/{rel}","templated":true}]}}