{"id":23336,"date":"2026-03-18T13:01:47","date_gmt":"2026-03-18T12:01:47","guid":{"rendered":"https:\/\/www.sereni-d.com\/?post_type=product&#038;p=23336"},"modified":"2026-05-03T17:20:54","modified_gmt":"2026-05-03T15:20:54","slug":"spray-gegen-motten-lebensmittel-textilien","status":"publish","type":"product","link":"https:\/\/www.sereni-d.com\/de\/produits\/spray-gegen-motten-lebensmittel-textilien\/","title":{"rendered":"EXTERMINT Lebensmittel- &#038; Kleidermotten"},"content":{"rendered":"<p data-start=\"4079\" data-end=\"4261\"><strong data-start=\"4079\" data-end=\"4138\">EXTERMINT \u2013 Spray gegen Lebensmittel- und Kleidermotten<\/strong> ist ein gebrauchsfertiges Insektizid, das speziell entwickelt wurde, um sichtbare Motten gezielt und wirksam zu bek\u00e4mpfen.<\/p>\n<p data-start=\"4263\" data-end=\"4671\">Seine Formel auf Basis von Pfefferminz\u00f6l, das aufgrund seiner starken pflanzlichen insektiziden Eigenschaften ausgew\u00e4hlt wurde, wirkt durch direkten Kontakt mit den Insekten. Dieser Wirkmechanismus erm\u00f6glicht eine schnelle Beseitigung von Lebensmittel- und Textilmotten, sobald sie entdeckt werden, ohne dass eine gro\u00dffl\u00e4chige Behandlung von Oberfl\u00e4chen oder eine Verteilung in der Raumluft erforderlich ist.<\/p>\n<p data-start=\"4673\" data-end=\"5023\">Als Direktspray angewendet, eignet sich EXTERMINT ideal f\u00fcr eine sofortige und gezielte Anwendung, insbesondere in Schr\u00e4nken, K\u00fcchen, Vorratskammern, Kleiderschr\u00e4nken sowie in Lebensmittel- oder Textillagern, in denen Insekten beobachtet werden. Es stellt eine einfache und effektive L\u00f6sung dar, um das Auftreten sichtbarer Motten schnell zu stoppen.<\/p>\n<p data-start=\"5025\" data-end=\"5213\">Dank seiner gezielten Wirkung erm\u00f6glicht EXTERMINT eine schnelle Kontrolle im Falle eines Befalls, indem die Insekten neutralisiert werden, bevor sie sich vermehren oder ausbreiten k\u00f6nnen.<\/p>\n<p data-start=\"5215\" data-end=\"5357\">Die Wirkung kann bis zu 24 Stunden nach der Anwendung anhalten und gew\u00e4hrleistet eine schnelle Effizienz unter normalen Anwendungsbedingungen.<\/p>\n<p data-start=\"5359\" data-end=\"5790\">Das EXTERMINT Spray wirkt nur auf sichtbare Insekten. F\u00fcr einen vollst\u00e4ndigen und langfristigen Schutz wird empfohlen, es mit einer vorbeugenden L\u00f6sung zu kombinieren. EXTERMINT wird idealerweise in Kombination mit dem MINT POWER Repellent-Diffusor verwendet, der pr\u00e4ventiv wirkt. Diese Kombination erm\u00f6glicht: die sofortige Beseitigung sichtbarer Motten (EXTERMINT) und die Verhinderung ihrer R\u00fcckkehr und <a href=\"https:\/\/www.sereni-d.com\/de\/produits\/textilmotten-diffusor\/\"><strong>Ansiedlung (MINT POWER)<\/strong><\/a>.<\/p>\n<p data-start=\"5792\" data-end=\"6230\">Direkt auf sichtbare Insekten spr\u00fchen. Nicht auf Oberfl\u00e4chen, Lebensmittel oder Textilien spr\u00fchen. Nur bei tats\u00e4chlichem Insektenbefall verwenden. Lebensmittel- und Textilmotten vermehren sich schnell. F\u00fcr eine optimale Wirksamkeit wird empfohlen, kontaminierte Quellen zu entfernen, befallene Bereiche regelm\u00e4\u00dfig zu reinigen und eine kurative Behandlung mit einer pr\u00e4ventiven L\u00f6sung zu kombinieren, um einen erneuten Befall zu vermeiden.<\/p>\n<p data-start=\"10388\" data-end=\"10575\"><strong data-start=\"10388\" data-end=\"10425\">Sereni-d\u00ae Zufriedenheitsgarantie:<\/strong> Sollten Sie mit Ihrem Kauf nicht zufrieden sein, kontaktieren Sie uns bitte \u00fcber die <a href=\"https:\/\/www.sereni-d.com\/de\/kontakt\/\">Kontaktseite<\/a> \u2013 wir erstatten Ihnen den vollen Kaufbetrag zur\u00fcck.<\/p>\n","protected":false},"excerpt":{"rendered":"<p align=\"justify\">\u2022 Kuratives Spray gegen Lebensmittel- und Kleidermotten<br \/>\n\u2022 Beseitigt 100 % der Motten (Eier, Larven, adulte Tiere)<br \/>\n\u2022 Sofortiger und langanhaltender Schutz<br \/>\n\u2022 Mehr als 250.000 zufriedene Sereni-d\u00ae Kunden<\/p>\n<p align=\"justify\"><strong>KONZENTRIERTE FORMEL &#8211; MAXIMALES ERGEBNIS<\/strong><\/p>\n","protected":false},"featured_media":23341,"comment_status":"open","ping_status":"closed","template":"","meta":{"_acf_changed":false,"_monsterinsights_skip_tracking":false,"_monsterinsights_sitenote_active":false,"_monsterinsights_sitenote_note":"","_monsterinsights_sitenote_category":0},"product_brand":[],"product_cat":[77],"product_tag":[],"class_list":{"0":"post-23336","1":"product","2":"type-product","3":"status-publish","4":"has-post-thumbnail","6":"product_cat-produkte","8":"first","9":"outofstock","10":"taxable","11":"shipping-taxable","12":"purchasable","13":"product-type-simple"},"acf":[],"yoast_head":"<!-- This site is optimized with the Yoast SEO plugin v27.4 - https:\/\/yoast.com\/product\/yoast-seo-wordpress\/ -->\n<title>SPRAY GEGEN LEBENSMITTEL- UND KLEIDERMOTTEN - Sereni-d\u00ae<\/title>\n<meta name=\"description\" content=\"Professionelle, leistungsstarke L\u00f6sung gegen Motten. Spray auf Basis von Pfefferminz\u00f6l. Sofortige und langanhaltende Wirkung.\" \/>\n<meta name=\"robots\" content=\"index, follow, max-snippet:-1, max-image-preview:large, max-video-preview:-1\" \/>\n<link rel=\"canonical\" href=\"https:\/\/www.sereni-d.com\/de\/produits\/spray-gegen-motten-lebensmittel-textilien\/\" \/>\n<meta property=\"og:locale\" content=\"de_DE\" \/>\n<meta property=\"og:type\" content=\"article\" \/>\n<meta property=\"og:title\" content=\"SPRAY GEGEN LEBENSMITTEL- UND KLEIDERMOTTEN - Sereni-d\u00ae\" \/>\n<meta property=\"og:description\" content=\"Professionelle, leistungsstarke L\u00f6sung gegen Motten. Spray auf Basis von Pfefferminz\u00f6l. Sofortige und langanhaltende Wirkung.\" \/>\n<meta property=\"og:url\" content=\"https:\/\/www.sereni-d.com\/de\/produits\/spray-gegen-motten-lebensmittel-textilien\/\" \/>\n<meta property=\"og:site_name\" content=\"Sereni-d\u00ae\" \/>\n<meta property=\"article:publisher\" content=\"https:\/\/www.facebook.com\/SereniDsante\/\" \/>\n<meta property=\"article:modified_time\" content=\"2026-05-03T15:20:54+00:00\" \/>\n<meta property=\"og:image\" content=\"https:\/\/www.sereni-d.com\/wp-content\/uploads\/2026\/03\/DE_image-anti-mites-XXL_-scaled.jpg\" \/>\n\t<meta property=\"og:image:width\" content=\"2560\" \/>\n\t<meta property=\"og:image:height\" content=\"2560\" \/>\n\t<meta property=\"og:image:type\" content=\"image\/jpeg\" \/>\n<meta name=\"twitter:card\" content=\"summary_large_image\" \/>\n<meta name=\"twitter:label1\" content=\"Gesch\u00e4tzte Lesezeit\" \/>\n\t<meta name=\"twitter:data1\" content=\"2\u00a0Minuten\" \/>\n<script type=\"application\/ld+json\" class=\"yoast-schema-graph\">{\"@context\":\"https:\\\/\\\/schema.org\",\"@graph\":[{\"@type\":\"WebPage\",\"@id\":\"https:\\\/\\\/www.sereni-d.com\\\/de\\\/produits\\\/spray-gegen-motten-lebensmittel-textilien\\\/\",\"url\":\"https:\\\/\\\/www.sereni-d.com\\\/de\\\/produits\\\/spray-gegen-motten-lebensmittel-textilien\\\/\",\"name\":\"SPRAY GEGEN LEBENSMITTEL- UND KLEIDERMOTTEN - Sereni-d\u00ae\",\"isPartOf\":{\"@id\":\"https:\\\/\\\/www.sereni-d.com\\\/de\\\/#website\"},\"primaryImageOfPage\":{\"@id\":\"https:\\\/\\\/www.sereni-d.com\\\/de\\\/produits\\\/spray-gegen-motten-lebensmittel-textilien\\\/#primaryimage\"},\"image\":{\"@id\":\"https:\\\/\\\/www.sereni-d.com\\\/de\\\/produits\\\/spray-gegen-motten-lebensmittel-textilien\\\/#primaryimage\"},\"thumbnailUrl\":\"https:\\\/\\\/www.sereni-d.com\\\/wp-content\\\/uploads\\\/2026\\\/03\\\/DE_image-anti-mites-XXL_-scaled.jpg\",\"datePublished\":\"2026-03-18T12:01:47+00:00\",\"dateModified\":\"2026-05-03T15:20:54+00:00\",\"description\":\"Professionelle, leistungsstarke L\u00f6sung gegen Motten. Spray auf Basis von Pfefferminz\u00f6l. Sofortige und langanhaltende Wirkung.\",\"breadcrumb\":{\"@id\":\"https:\\\/\\\/www.sereni-d.com\\\/de\\\/produits\\\/spray-gegen-motten-lebensmittel-textilien\\\/#breadcrumb\"},\"inLanguage\":\"de\",\"potentialAction\":[{\"@type\":\"ReadAction\",\"target\":[\"https:\\\/\\\/www.sereni-d.com\\\/de\\\/produits\\\/spray-gegen-motten-lebensmittel-textilien\\\/\"]}]},{\"@type\":\"ImageObject\",\"inLanguage\":\"de\",\"@id\":\"https:\\\/\\\/www.sereni-d.com\\\/de\\\/produits\\\/spray-gegen-motten-lebensmittel-textilien\\\/#primaryimage\",\"url\":\"https:\\\/\\\/www.sereni-d.com\\\/wp-content\\\/uploads\\\/2026\\\/03\\\/DE_image-anti-mites-XXL_-scaled.jpg\",\"contentUrl\":\"https:\\\/\\\/www.sereni-d.com\\\/wp-content\\\/uploads\\\/2026\\\/03\\\/DE_image-anti-mites-XXL_-scaled.jpg\",\"width\":2560,\"height\":2560},{\"@type\":\"BreadcrumbList\",\"@id\":\"https:\\\/\\\/www.sereni-d.com\\\/de\\\/produits\\\/spray-gegen-motten-lebensmittel-textilien\\\/#breadcrumb\",\"itemListElement\":[{\"@type\":\"ListItem\",\"position\":1,\"name\":\"Startseite\",\"item\":\"https:\\\/\\\/www.sereni-d.com\\\/de\\\/\"},{\"@type\":\"ListItem\",\"position\":2,\"name\":\"Shop\",\"item\":\"https:\\\/\\\/www.sereni-d.com\\\/de\\\/shop\\\/\"},{\"@type\":\"ListItem\",\"position\":3,\"name\":\"Punaise de lit\",\"item\":\"https:\\\/\\\/www.sereni-d.com\\\/categories\\\/punaise-de-lit\\\/\"},{\"@type\":\"ListItem\",\"position\":4,\"name\":\"Produkte\",\"item\":\"https:\\\/\\\/www.sereni-d.com\\\/de\\\/categories\\\/produkte\\\/\"},{\"@type\":\"ListItem\",\"position\":5,\"name\":\"EXTERMINT Lebensmittel- &#038; Kleidermotten\"}]},{\"@type\":\"WebSite\",\"@id\":\"https:\\\/\\\/www.sereni-d.com\\\/de\\\/#website\",\"url\":\"https:\\\/\\\/www.sereni-d.com\\\/de\\\/\",\"name\":\"Sereni-d\u00ae\",\"description\":\"EXPERT Punaises de Lit - Laboratoire SUISSE - Traitements concentr\u00e9s contres les Punaises de Lit. Protection Longue Dur\u00e9e. Efficacit\u00e9 prouv\u00e9e, r\u00e9sultat maximal. Recommand\u00e9 par les professionnels.\",\"publisher\":{\"@id\":\"https:\\\/\\\/www.sereni-d.com\\\/de\\\/#organization\"},\"potentialAction\":[{\"@type\":\"SearchAction\",\"target\":{\"@type\":\"EntryPoint\",\"urlTemplate\":\"https:\\\/\\\/www.sereni-d.com\\\/de\\\/?s={search_term_string}\"},\"query-input\":{\"@type\":\"PropertyValueSpecification\",\"valueRequired\":true,\"valueName\":\"search_term_string\"}}],\"inLanguage\":\"de\"},{\"@type\":\"Organization\",\"@id\":\"https:\\\/\\\/www.sereni-d.com\\\/de\\\/#organization\",\"name\":\"Sereni-d\",\"url\":\"https:\\\/\\\/www.sereni-d.com\\\/de\\\/\",\"logo\":{\"@type\":\"ImageObject\",\"inLanguage\":\"de\",\"@id\":\"https:\\\/\\\/www.sereni-d.com\\\/de\\\/#\\\/schema\\\/logo\\\/image\\\/\",\"url\":\"\",\"contentUrl\":\"\",\"caption\":\"Sereni-d\"},\"image\":{\"@id\":\"https:\\\/\\\/www.sereni-d.com\\\/de\\\/#\\\/schema\\\/logo\\\/image\\\/\"},\"sameAs\":[\"https:\\\/\\\/www.facebook.com\\\/SereniDsante\\\/\",\"https:\\\/\\\/www.instagram.com\\\/serenidsante\\\/\"]}]}<\/script>\n<!-- \/ Yoast SEO plugin. -->","yoast_head_json":{"title":"SPRAY GEGEN LEBENSMITTEL- UND KLEIDERMOTTEN - Sereni-d\u00ae","description":"Professionelle, leistungsstarke L\u00f6sung gegen Motten. Spray auf Basis von Pfefferminz\u00f6l. Sofortige und langanhaltende Wirkung.","robots":{"index":"index","follow":"follow","max-snippet":"max-snippet:-1","max-image-preview":"max-image-preview:large","max-video-preview":"max-video-preview:-1"},"canonical":"https:\/\/www.sereni-d.com\/de\/produits\/spray-gegen-motten-lebensmittel-textilien\/","og_locale":"de_DE","og_type":"article","og_title":"SPRAY GEGEN LEBENSMITTEL- UND KLEIDERMOTTEN - Sereni-d\u00ae","og_description":"Professionelle, leistungsstarke L\u00f6sung gegen Motten. Spray auf Basis von Pfefferminz\u00f6l. Sofortige und langanhaltende Wirkung.","og_url":"https:\/\/www.sereni-d.com\/de\/produits\/spray-gegen-motten-lebensmittel-textilien\/","og_site_name":"Sereni-d\u00ae","article_publisher":"https:\/\/www.facebook.com\/SereniDsante\/","article_modified_time":"2026-05-03T15:20:54+00:00","og_image":[{"width":2560,"height":2560,"url":"https:\/\/www.sereni-d.com\/wp-content\/uploads\/2026\/03\/DE_image-anti-mites-XXL_-scaled.jpg","type":"image\/jpeg"}],"twitter_card":"summary_large_image","twitter_misc":{"Gesch\u00e4tzte Lesezeit":"2\u00a0Minuten"},"schema":{"@context":"https:\/\/schema.org","@graph":[{"@type":"WebPage","@id":"https:\/\/www.sereni-d.com\/de\/produits\/spray-gegen-motten-lebensmittel-textilien\/","url":"https:\/\/www.sereni-d.com\/de\/produits\/spray-gegen-motten-lebensmittel-textilien\/","name":"SPRAY GEGEN LEBENSMITTEL- UND KLEIDERMOTTEN - Sereni-d\u00ae","isPartOf":{"@id":"https:\/\/www.sereni-d.com\/de\/#website"},"primaryImageOfPage":{"@id":"https:\/\/www.sereni-d.com\/de\/produits\/spray-gegen-motten-lebensmittel-textilien\/#primaryimage"},"image":{"@id":"https:\/\/www.sereni-d.com\/de\/produits\/spray-gegen-motten-lebensmittel-textilien\/#primaryimage"},"thumbnailUrl":"https:\/\/www.sereni-d.com\/wp-content\/uploads\/2026\/03\/DE_image-anti-mites-XXL_-scaled.jpg","datePublished":"2026-03-18T12:01:47+00:00","dateModified":"2026-05-03T15:20:54+00:00","description":"Professionelle, leistungsstarke L\u00f6sung gegen Motten. Spray auf Basis von Pfefferminz\u00f6l. Sofortige und langanhaltende Wirkung.","breadcrumb":{"@id":"https:\/\/www.sereni-d.com\/de\/produits\/spray-gegen-motten-lebensmittel-textilien\/#breadcrumb"},"inLanguage":"de","potentialAction":[{"@type":"ReadAction","target":["https:\/\/www.sereni-d.com\/de\/produits\/spray-gegen-motten-lebensmittel-textilien\/"]}]},{"@type":"ImageObject","inLanguage":"de","@id":"https:\/\/www.sereni-d.com\/de\/produits\/spray-gegen-motten-lebensmittel-textilien\/#primaryimage","url":"https:\/\/www.sereni-d.com\/wp-content\/uploads\/2026\/03\/DE_image-anti-mites-XXL_-scaled.jpg","contentUrl":"https:\/\/www.sereni-d.com\/wp-content\/uploads\/2026\/03\/DE_image-anti-mites-XXL_-scaled.jpg","width":2560,"height":2560},{"@type":"BreadcrumbList","@id":"https:\/\/www.sereni-d.com\/de\/produits\/spray-gegen-motten-lebensmittel-textilien\/#breadcrumb","itemListElement":[{"@type":"ListItem","position":1,"name":"Startseite","item":"https:\/\/www.sereni-d.com\/de\/"},{"@type":"ListItem","position":2,"name":"Shop","item":"https:\/\/www.sereni-d.com\/de\/shop\/"},{"@type":"ListItem","position":3,"name":"Punaise de lit","item":"https:\/\/www.sereni-d.com\/categories\/punaise-de-lit\/"},{"@type":"ListItem","position":4,"name":"Produkte","item":"https:\/\/www.sereni-d.com\/de\/categories\/produkte\/"},{"@type":"ListItem","position":5,"name":"EXTERMINT Lebensmittel- &#038; Kleidermotten"}]},{"@type":"WebSite","@id":"https:\/\/www.sereni-d.com\/de\/#website","url":"https:\/\/www.sereni-d.com\/de\/","name":"Sereni-d\u00ae","description":"EXPERT Punaises de Lit - Laboratoire SUISSE - Traitements concentr\u00e9s contres les Punaises de Lit. Protection Longue Dur\u00e9e. Efficacit\u00e9 prouv\u00e9e, r\u00e9sultat maximal. Recommand\u00e9 par les professionnels.","publisher":{"@id":"https:\/\/www.sereni-d.com\/de\/#organization"},"potentialAction":[{"@type":"SearchAction","target":{"@type":"EntryPoint","urlTemplate":"https:\/\/www.sereni-d.com\/de\/?s={search_term_string}"},"query-input":{"@type":"PropertyValueSpecification","valueRequired":true,"valueName":"search_term_string"}}],"inLanguage":"de"},{"@type":"Organization","@id":"https:\/\/www.sereni-d.com\/de\/#organization","name":"Sereni-d","url":"https:\/\/www.sereni-d.com\/de\/","logo":{"@type":"ImageObject","inLanguage":"de","@id":"https:\/\/www.sereni-d.com\/de\/#\/schema\/logo\/image\/","url":"","contentUrl":"","caption":"Sereni-d"},"image":{"@id":"https:\/\/www.sereni-d.com\/de\/#\/schema\/logo\/image\/"},"sameAs":["https:\/\/www.facebook.com\/SereniDsante\/","https:\/\/www.instagram.com\/serenidsante\/"]}]}},"_links":{"self":[{"href":"https:\/\/www.sereni-d.com\/de\/wp-json\/wp\/v2\/product\/23336","targetHints":{"allow":["GET"]}}],"collection":[{"href":"https:\/\/www.sereni-d.com\/de\/wp-json\/wp\/v2\/product"}],"about":[{"href":"https:\/\/www.sereni-d.com\/de\/wp-json\/wp\/v2\/types\/product"}],"replies":[{"embeddable":true,"href":"https:\/\/www.sereni-d.com\/de\/wp-json\/wp\/v2\/comments?post=23336"}],"wp:featuredmedia":[{"embeddable":true,"href":"https:\/\/www.sereni-d.com\/de\/wp-json\/wp\/v2\/media\/23341"}],"wp:attachment":[{"href":"https:\/\/www.sereni-d.com\/de\/wp-json\/wp\/v2\/media?parent=23336"}],"wp:term":[{"taxonomy":"product_brand","embeddable":true,"href":"https:\/\/www.sereni-d.com\/de\/wp-json\/wp\/v2\/product_brand?post=23336"},{"taxonomy":"product_cat","embeddable":true,"href":"https:\/\/www.sereni-d.com\/de\/wp-json\/wp\/v2\/product_cat?post=23336"},{"taxonomy":"product_tag","embeddable":true,"href":"https:\/\/www.sereni-d.com\/de\/wp-json\/wp\/v2\/product_tag?post=23336"}],"curies":[{"name":"wp","href":"https:\/\/api.w.org\/{rel}","templated":true}]}}