{"id":5221,"date":"2023-04-11T14:26:37","date_gmt":"2023-04-11T12:26:37","guid":{"rendered":"https:\/\/www.sereni-d.com\/produits\/sos-bettwanzen\/"},"modified":"2026-04-28T17:53:09","modified_gmt":"2026-04-28T15:53:09","slug":"sos-bettwanzen","status":"publish","type":"product","link":"https:\/\/www.sereni-d.com\/de\/produits\/sos-bettwanzen\/","title":{"rendered":"SOS Bettwanzen"},"content":{"rendered":"<p><strong>SOS Behandlung BETTWANZEN<\/strong> ist ein gebrauchsfertiges Produkt im kleinen Format, das von der Natur inspiriert wurde, um Bettwanzen effektiv und kurativ zu bek\u00e4mpfen.<\/p>\n<p>Dank seines Extrakts aus pflanzlicher Pyrethrumbl\u00fcte, Geraniol und einem Komplex ausgew\u00e4hlter \u00e4therischer \u00d6le mit starken insektiziden Eigenschaften sorgt dieses Spray f\u00fcr eine schnelle Beseitigung von Bettwanzen in allen Entwicklungsstadien (Eier, Larven, Erwachsene). Seine Schockwirkung wirkt auf deren Nervensysteme und Exoskelette, neutralisiert und trocknet sie aus.<\/p>\n<p><strong>Seine konzentrierte Formel bietet eine sofortige Wirksamkeit<\/strong> (in wenigen Minuten) und <strong>eine lange Dauer<\/strong> (bis zu 12 Tage unter optimalen Bedingungen). Wenn es auf Textilien und Oberfl\u00e4chen gespr\u00fcht wird, bilden die verteilten Molek\u00fcle einen zerst\u00f6rerischen Film, der <strong>die Bettwanzen vergiftet<\/strong>, wenn sie mit der behandelten Oberfl\u00e4che in Kontakt kommen.<\/p>\n<p>Das SOS-Spray ist Ihr bester Verb\u00fcndeter bei Verdacht auf Bettwanzen w\u00e4hrend Ihrer Reisen und bei Ihrer R\u00fcckkehr, um Ihre pers\u00f6nlichen Gegenst\u00e4nde zu behandeln, die m\u00f6glicherweise mit Bettwanzen in Kontakt gekommen sind.<\/p>\n<p><strong>Sereni-d\u00ae<\/strong> Zufriedenheitsgarantie: Wenn Sie mit Ihrem Kauf nicht zufrieden sind, kontaktieren Sie uns \u00fcber die Seite <a title=\"Kontakt SERENI-D\" href=\"https:\/\/www.sereni-d.com\/de\/kontakt\/\">Kontakt<\/a> und wir werden Ihnen den vollen Betrag zur\u00fcckerstatten.<\/p>\n","protected":false},"excerpt":{"rendered":"<p>\u2022 Superstarkes Abhilfe schaffendes Spray gegen Bettwanzen<br \/>\n\u2022 Entfernt 100% aller Bettwanzen-Stadien (Eier, Larven, Erwachsene)<br \/>\n\u2022 Sofortiger, sicherer und lang anhaltender Schutz<br \/>\n\u2022 Mehr als 200.000 zufriedene Sereni-d<sup>\u00ae<\/sup>-Kunden<\/p>\n<p><strong>KONZENTRIERTE FORMEL \u2013 MAXIMALES ERGEBNIS<\/strong><\/p>\n<p>&nbsp;<\/p>\n","protected":false},"featured_media":6360,"comment_status":"open","ping_status":"closed","template":"","meta":{"_acf_changed":false,"_monsterinsights_skip_tracking":false,"_monsterinsights_sitenote_active":false,"_monsterinsights_sitenote_note":"","_monsterinsights_sitenote_category":0},"product_brand":[],"product_cat":[77],"product_tag":[],"class_list":{"0":"post-5221","1":"product","2":"type-product","3":"status-publish","4":"has-post-thumbnail","6":"product_cat-produkte","8":"first","9":"instock","10":"taxable","11":"shipping-taxable","12":"purchasable","13":"product-type-simple"},"acf":[],"yoast_head":"<!-- This site is optimized with the Yoast SEO plugin v27.4 - https:\/\/yoast.com\/product\/yoast-seo-wordpress\/ -->\n<title>Bettwanzenbehandlung - Pflanzliches Spray CHOC - Sereni-d\u00ae<\/title>\n<meta name=\"description\" content=\"SOS pflanzliche Heilbehandlung ANTI-BETTWANZEN! Bek\u00e4mpft wirksam &amp; dauerhaft - Vernichtet Bettwanzen vollst\u00e4ndig! 100% nat\u00fcrlicher Schutz Langzeitwirkung\" \/>\n<meta name=\"robots\" content=\"index, follow, max-snippet:-1, max-image-preview:large, max-video-preview:-1\" \/>\n<link rel=\"canonical\" href=\"https:\/\/www.sereni-d.com\/de\/produits\/sos-bettwanzen\/\" \/>\n<meta property=\"og:locale\" content=\"de_DE\" \/>\n<meta property=\"og:type\" content=\"article\" \/>\n<meta property=\"og:title\" content=\"Bettwanzenbehandlung - Pflanzliches Spray CHOC - Sereni-d\u00ae\" \/>\n<meta property=\"og:description\" content=\"SOS pflanzliche Heilbehandlung ANTI-BETTWANZEN! Bek\u00e4mpft wirksam &amp; dauerhaft - Vernichtet Bettwanzen vollst\u00e4ndig! 100% nat\u00fcrlicher Schutz Langzeitwirkung\" \/>\n<meta property=\"og:url\" content=\"https:\/\/www.sereni-d.com\/de\/produits\/sos-bettwanzen\/\" \/>\n<meta property=\"og:site_name\" content=\"Sereni-d\u00ae\" \/>\n<meta property=\"article:publisher\" content=\"https:\/\/www.facebook.com\/SereniDsante\/\" \/>\n<meta property=\"article:modified_time\" content=\"2026-04-28T15:53:09+00:00\" \/>\n<meta property=\"og:image\" content=\"https:\/\/www.sereni-d.com\/wp-content\/uploads\/2024\/06\/DE_SOS-100ml-1.jpg\" \/>\n\t<meta property=\"og:image:width\" content=\"1000\" \/>\n\t<meta property=\"og:image:height\" content=\"1000\" \/>\n\t<meta property=\"og:image:type\" content=\"image\/jpeg\" \/>\n<meta name=\"twitter:card\" content=\"summary_large_image\" \/>\n<meta name=\"twitter:label1\" content=\"Gesch\u00e4tzte Lesezeit\" \/>\n\t<meta name=\"twitter:data1\" content=\"2\u00a0Minuten\" \/>\n<script type=\"application\/ld+json\" class=\"yoast-schema-graph\">{\"@context\":\"https:\\\/\\\/schema.org\",\"@graph\":[{\"@type\":\"WebPage\",\"@id\":\"https:\\\/\\\/www.sereni-d.com\\\/de\\\/produits\\\/sos-bettwanzen\\\/\",\"url\":\"https:\\\/\\\/www.sereni-d.com\\\/de\\\/produits\\\/sos-bettwanzen\\\/\",\"name\":\"Bettwanzenbehandlung - Pflanzliches Spray CHOC - Sereni-d\u00ae\",\"isPartOf\":{\"@id\":\"https:\\\/\\\/www.sereni-d.com\\\/de\\\/#website\"},\"primaryImageOfPage\":{\"@id\":\"https:\\\/\\\/www.sereni-d.com\\\/de\\\/produits\\\/sos-bettwanzen\\\/#primaryimage\"},\"image\":{\"@id\":\"https:\\\/\\\/www.sereni-d.com\\\/de\\\/produits\\\/sos-bettwanzen\\\/#primaryimage\"},\"thumbnailUrl\":\"https:\\\/\\\/www.sereni-d.com\\\/wp-content\\\/uploads\\\/2024\\\/06\\\/DE_SOS-100ml-1.jpg\",\"datePublished\":\"2023-04-11T12:26:37+00:00\",\"dateModified\":\"2026-04-28T15:53:09+00:00\",\"description\":\"SOS pflanzliche Heilbehandlung ANTI-BETTWANZEN! Bek\u00e4mpft wirksam & dauerhaft - Vernichtet Bettwanzen vollst\u00e4ndig! 100% nat\u00fcrlicher Schutz Langzeitwirkung\",\"breadcrumb\":{\"@id\":\"https:\\\/\\\/www.sereni-d.com\\\/de\\\/produits\\\/sos-bettwanzen\\\/#breadcrumb\"},\"inLanguage\":\"de\",\"potentialAction\":[{\"@type\":\"ReadAction\",\"target\":[\"https:\\\/\\\/www.sereni-d.com\\\/de\\\/produits\\\/sos-bettwanzen\\\/\"]}]},{\"@type\":\"ImageObject\",\"inLanguage\":\"de\",\"@id\":\"https:\\\/\\\/www.sereni-d.com\\\/de\\\/produits\\\/sos-bettwanzen\\\/#primaryimage\",\"url\":\"https:\\\/\\\/www.sereni-d.com\\\/wp-content\\\/uploads\\\/2024\\\/06\\\/DE_SOS-100ml-1.jpg\",\"contentUrl\":\"https:\\\/\\\/www.sereni-d.com\\\/wp-content\\\/uploads\\\/2024\\\/06\\\/DE_SOS-100ml-1.jpg\",\"width\":1000,\"height\":1000,\"caption\":\"Bettwanzen\"},{\"@type\":\"BreadcrumbList\",\"@id\":\"https:\\\/\\\/www.sereni-d.com\\\/de\\\/produits\\\/sos-bettwanzen\\\/#breadcrumb\",\"itemListElement\":[{\"@type\":\"ListItem\",\"position\":1,\"name\":\"Startseite\",\"item\":\"https:\\\/\\\/www.sereni-d.com\\\/de\\\/\"},{\"@type\":\"ListItem\",\"position\":2,\"name\":\"Shop\",\"item\":\"https:\\\/\\\/www.sereni-d.com\\\/de\\\/shop\\\/\"},{\"@type\":\"ListItem\",\"position\":3,\"name\":\"Punaise de lit\",\"item\":\"https:\\\/\\\/www.sereni-d.com\\\/categories\\\/punaise-de-lit\\\/\"},{\"@type\":\"ListItem\",\"position\":4,\"name\":\"Produkte\",\"item\":\"https:\\\/\\\/www.sereni-d.com\\\/de\\\/categories\\\/produkte\\\/\"},{\"@type\":\"ListItem\",\"position\":5,\"name\":\"SOS Bettwanzen\"}]},{\"@type\":\"WebSite\",\"@id\":\"https:\\\/\\\/www.sereni-d.com\\\/de\\\/#website\",\"url\":\"https:\\\/\\\/www.sereni-d.com\\\/de\\\/\",\"name\":\"Sereni-d\u00ae\",\"description\":\"EXPERT Punaises de Lit - Laboratoire SUISSE - Traitements concentr\u00e9s contres les Punaises de Lit. Protection Longue Dur\u00e9e. Efficacit\u00e9 prouv\u00e9e, r\u00e9sultat maximal. Recommand\u00e9 par les professionnels.\",\"publisher\":{\"@id\":\"https:\\\/\\\/www.sereni-d.com\\\/de\\\/#organization\"},\"potentialAction\":[{\"@type\":\"SearchAction\",\"target\":{\"@type\":\"EntryPoint\",\"urlTemplate\":\"https:\\\/\\\/www.sereni-d.com\\\/de\\\/?s={search_term_string}\"},\"query-input\":{\"@type\":\"PropertyValueSpecification\",\"valueRequired\":true,\"valueName\":\"search_term_string\"}}],\"inLanguage\":\"de\"},{\"@type\":\"Organization\",\"@id\":\"https:\\\/\\\/www.sereni-d.com\\\/de\\\/#organization\",\"name\":\"Sereni-d\",\"url\":\"https:\\\/\\\/www.sereni-d.com\\\/de\\\/\",\"logo\":{\"@type\":\"ImageObject\",\"inLanguage\":\"de\",\"@id\":\"https:\\\/\\\/www.sereni-d.com\\\/de\\\/#\\\/schema\\\/logo\\\/image\\\/\",\"url\":\"\",\"contentUrl\":\"\",\"caption\":\"Sereni-d\"},\"image\":{\"@id\":\"https:\\\/\\\/www.sereni-d.com\\\/de\\\/#\\\/schema\\\/logo\\\/image\\\/\"},\"sameAs\":[\"https:\\\/\\\/www.facebook.com\\\/SereniDsante\\\/\",\"https:\\\/\\\/www.instagram.com\\\/serenidsante\\\/\"]}]}<\/script>\n<!-- \/ Yoast SEO plugin. -->","yoast_head_json":{"title":"Bettwanzenbehandlung - Pflanzliches Spray CHOC - Sereni-d\u00ae","description":"SOS pflanzliche Heilbehandlung ANTI-BETTWANZEN! Bek\u00e4mpft wirksam & dauerhaft - Vernichtet Bettwanzen vollst\u00e4ndig! 100% nat\u00fcrlicher Schutz Langzeitwirkung","robots":{"index":"index","follow":"follow","max-snippet":"max-snippet:-1","max-image-preview":"max-image-preview:large","max-video-preview":"max-video-preview:-1"},"canonical":"https:\/\/www.sereni-d.com\/de\/produits\/sos-bettwanzen\/","og_locale":"de_DE","og_type":"article","og_title":"Bettwanzenbehandlung - Pflanzliches Spray CHOC - Sereni-d\u00ae","og_description":"SOS pflanzliche Heilbehandlung ANTI-BETTWANZEN! Bek\u00e4mpft wirksam & dauerhaft - Vernichtet Bettwanzen vollst\u00e4ndig! 100% nat\u00fcrlicher Schutz Langzeitwirkung","og_url":"https:\/\/www.sereni-d.com\/de\/produits\/sos-bettwanzen\/","og_site_name":"Sereni-d\u00ae","article_publisher":"https:\/\/www.facebook.com\/SereniDsante\/","article_modified_time":"2026-04-28T15:53:09+00:00","og_image":[{"width":1000,"height":1000,"url":"https:\/\/www.sereni-d.com\/wp-content\/uploads\/2024\/06\/DE_SOS-100ml-1.jpg","type":"image\/jpeg"}],"twitter_card":"summary_large_image","twitter_misc":{"Gesch\u00e4tzte Lesezeit":"2\u00a0Minuten"},"schema":{"@context":"https:\/\/schema.org","@graph":[{"@type":"WebPage","@id":"https:\/\/www.sereni-d.com\/de\/produits\/sos-bettwanzen\/","url":"https:\/\/www.sereni-d.com\/de\/produits\/sos-bettwanzen\/","name":"Bettwanzenbehandlung - Pflanzliches Spray CHOC - Sereni-d\u00ae","isPartOf":{"@id":"https:\/\/www.sereni-d.com\/de\/#website"},"primaryImageOfPage":{"@id":"https:\/\/www.sereni-d.com\/de\/produits\/sos-bettwanzen\/#primaryimage"},"image":{"@id":"https:\/\/www.sereni-d.com\/de\/produits\/sos-bettwanzen\/#primaryimage"},"thumbnailUrl":"https:\/\/www.sereni-d.com\/wp-content\/uploads\/2024\/06\/DE_SOS-100ml-1.jpg","datePublished":"2023-04-11T12:26:37+00:00","dateModified":"2026-04-28T15:53:09+00:00","description":"SOS pflanzliche Heilbehandlung ANTI-BETTWANZEN! Bek\u00e4mpft wirksam & dauerhaft - Vernichtet Bettwanzen vollst\u00e4ndig! 100% nat\u00fcrlicher Schutz Langzeitwirkung","breadcrumb":{"@id":"https:\/\/www.sereni-d.com\/de\/produits\/sos-bettwanzen\/#breadcrumb"},"inLanguage":"de","potentialAction":[{"@type":"ReadAction","target":["https:\/\/www.sereni-d.com\/de\/produits\/sos-bettwanzen\/"]}]},{"@type":"ImageObject","inLanguage":"de","@id":"https:\/\/www.sereni-d.com\/de\/produits\/sos-bettwanzen\/#primaryimage","url":"https:\/\/www.sereni-d.com\/wp-content\/uploads\/2024\/06\/DE_SOS-100ml-1.jpg","contentUrl":"https:\/\/www.sereni-d.com\/wp-content\/uploads\/2024\/06\/DE_SOS-100ml-1.jpg","width":1000,"height":1000,"caption":"Bettwanzen"},{"@type":"BreadcrumbList","@id":"https:\/\/www.sereni-d.com\/de\/produits\/sos-bettwanzen\/#breadcrumb","itemListElement":[{"@type":"ListItem","position":1,"name":"Startseite","item":"https:\/\/www.sereni-d.com\/de\/"},{"@type":"ListItem","position":2,"name":"Shop","item":"https:\/\/www.sereni-d.com\/de\/shop\/"},{"@type":"ListItem","position":3,"name":"Punaise de lit","item":"https:\/\/www.sereni-d.com\/categories\/punaise-de-lit\/"},{"@type":"ListItem","position":4,"name":"Produkte","item":"https:\/\/www.sereni-d.com\/de\/categories\/produkte\/"},{"@type":"ListItem","position":5,"name":"SOS Bettwanzen"}]},{"@type":"WebSite","@id":"https:\/\/www.sereni-d.com\/de\/#website","url":"https:\/\/www.sereni-d.com\/de\/","name":"Sereni-d\u00ae","description":"EXPERT Punaises de Lit - Laboratoire SUISSE - Traitements concentr\u00e9s contres les Punaises de Lit. Protection Longue Dur\u00e9e. Efficacit\u00e9 prouv\u00e9e, r\u00e9sultat maximal. Recommand\u00e9 par les professionnels.","publisher":{"@id":"https:\/\/www.sereni-d.com\/de\/#organization"},"potentialAction":[{"@type":"SearchAction","target":{"@type":"EntryPoint","urlTemplate":"https:\/\/www.sereni-d.com\/de\/?s={search_term_string}"},"query-input":{"@type":"PropertyValueSpecification","valueRequired":true,"valueName":"search_term_string"}}],"inLanguage":"de"},{"@type":"Organization","@id":"https:\/\/www.sereni-d.com\/de\/#organization","name":"Sereni-d","url":"https:\/\/www.sereni-d.com\/de\/","logo":{"@type":"ImageObject","inLanguage":"de","@id":"https:\/\/www.sereni-d.com\/de\/#\/schema\/logo\/image\/","url":"","contentUrl":"","caption":"Sereni-d"},"image":{"@id":"https:\/\/www.sereni-d.com\/de\/#\/schema\/logo\/image\/"},"sameAs":["https:\/\/www.facebook.com\/SereniDsante\/","https:\/\/www.instagram.com\/serenidsante\/"]}]}},"_links":{"self":[{"href":"https:\/\/www.sereni-d.com\/de\/wp-json\/wp\/v2\/product\/5221","targetHints":{"allow":["GET"]}}],"collection":[{"href":"https:\/\/www.sereni-d.com\/de\/wp-json\/wp\/v2\/product"}],"about":[{"href":"https:\/\/www.sereni-d.com\/de\/wp-json\/wp\/v2\/types\/product"}],"replies":[{"embeddable":true,"href":"https:\/\/www.sereni-d.com\/de\/wp-json\/wp\/v2\/comments?post=5221"}],"wp:featuredmedia":[{"embeddable":true,"href":"https:\/\/www.sereni-d.com\/de\/wp-json\/wp\/v2\/media\/6360"}],"wp:attachment":[{"href":"https:\/\/www.sereni-d.com\/de\/wp-json\/wp\/v2\/media?parent=5221"}],"wp:term":[{"taxonomy":"product_brand","embeddable":true,"href":"https:\/\/www.sereni-d.com\/de\/wp-json\/wp\/v2\/product_brand?post=5221"},{"taxonomy":"product_cat","embeddable":true,"href":"https:\/\/www.sereni-d.com\/de\/wp-json\/wp\/v2\/product_cat?post=5221"},{"taxonomy":"product_tag","embeddable":true,"href":"https:\/\/www.sereni-d.com\/de\/wp-json\/wp\/v2\/product_tag?post=5221"}],"curies":[{"name":"wp","href":"https:\/\/api.w.org\/{rel}","templated":true}]}}