{"id":5270,"date":"2023-05-31T16:07:56","date_gmt":"2023-05-31T14:07:56","guid":{"rendered":"https:\/\/www.sereni-d.com\/produits\/sos-bettwanzen-xxl\/"},"modified":"2026-04-28T19:23:11","modified_gmt":"2026-04-28T17:23:11","slug":"sos-bettwanzen-xxl","status":"publish","type":"product","link":"https:\/\/www.sereni-d.com\/de\/produits\/sos-bettwanzen-xxl\/","title":{"rendered":"SOS Bettwanzen XXL"},"content":{"rendered":"<p><strong>SOS Pflanzliche Heilbehandlung ANTI-BETTWANZEN XXL<\/strong> ist ein gebrauchsfertiges Spray, dessen Prinzipien von der Natur inspiriert sind und das speziell zur kurativen Bek\u00e4mpfung von Bettwanzen entwickelt wurde.<\/p>\n<p>Sein <strong>Extrakt aus der Bl\u00fcte des pflanzlichen Pyrethrums in Verbindung mit seinem Komplex aus \u00e4therischen \u00d6len,<\/strong> die aufgrund ihrer Molek\u00fcle mit insektiziden Eigenschaften ausgew\u00e4hlt wurden, sorgt f\u00fcr eine blitzartige Vernichtung von Bettwanzen in allen Entwicklungsstadien (Eier, Larven, Erwachsene) durch eine Schockwirkung auf ihr Nervensystem und ihr Exoskelett, wodurch sie neutralisiert und ausgetrocknet werden.<\/p>\n<p>Seine <strong>konzentrierte Formel hat eine sofortige (wenige Minuten) und lang anhaltende (bis zu 12 Tage bei optimalen Anwendungsbedingungen) Wirkung<\/strong>.<\/p>\n<p>Wenn Sie es auf Ihre Textilien, Bettw\u00e4sche und Oberfl\u00e4chen spr\u00fchen, bilden die verteilten Molek\u00fcle einen zerst\u00f6rerischen Film, der die Bettwanzen vergiftet, wenn sie \u00fcber die behandelte Oberfl\u00e4che krabbeln.<\/p>\n<p>Das SOS-<strong>Spray<\/strong> ist Ihr bester Verb\u00fcndeter bei einem Befall oder beim geringsten Zweifel bez\u00fcglich des Vorhandenseins von Bettwanzen oder Eiern. Ein 500-ml-Spray erm\u00f6glicht die Behandlung einer Fl\u00e4che von ca. 10 m\u00b2.<\/p>\n<p><strong>Sereni-d\u00ae<\/strong> Zufriedenheitsgarantie: Wenn Sie mit Ihrem Kauf nicht zufrieden sind, kontaktieren Sie uns \u00fcber die Seite <a title=\"Kontakt SERENI-D\" href=\"https:\/\/www.sereni-d.com\/de\/kontakt\/\">Kontakt<\/a> und wir werden Ihnen den vollen Betrag zur\u00fcckerstatten.<\/p>\n","protected":false},"excerpt":{"rendered":"<p align=\"justify\">\u2022 Abhilfe schaffendes Spray gegen Bettwanzen<br \/>\n\u2022 Entfernt 100% aller Bettwanzen-Stadien (Eier, Larven, Erwachsene)<br \/>\n\u2022 Sofortiger, sicherer und lang anhaltender Schutz<br \/>\n\u2022 Mehr als 50.000 zufriedene Sereni-d<sup>\u00ae<\/sup>-Kunden<\/p>\n<p align=\"justify\"><strong>KONZENTRIERTE FORMEL \u2013 MAXIMALES ERGEBNIS<\/strong><\/p>\n","protected":false},"featured_media":6384,"comment_status":"open","ping_status":"closed","template":"","meta":{"_acf_changed":false,"_monsterinsights_skip_tracking":false,"_monsterinsights_sitenote_active":false,"_monsterinsights_sitenote_note":"","_monsterinsights_sitenote_category":0},"product_brand":[],"product_cat":[77],"product_tag":[],"class_list":{"0":"post-5270","1":"product","2":"type-product","3":"status-publish","4":"has-post-thumbnail","6":"product_cat-produkte","8":"first","9":"instock","10":"taxable","11":"shipping-taxable","12":"purchasable","13":"product-type-simple"},"acf":[],"yoast_head":"<!-- This site is optimized with the Yoast SEO plugin v27.4 - https:\/\/yoast.com\/product\/yoast-seo-wordpress\/ -->\n<title>SOS gegen Bettwanzen - Nat\u00fcrliches CHOC Spray - XXL 500ml - Sereni-d\u00ae<\/title>\n<meta name=\"description\" content=\"Die Endg\u00fcltige L\u00f6sung. Vernichtet sofort 100% der Bettwanzen. Lang anhaltend - Schock-Effekt. Schluss mit dem Albtraum von Bettwanzen. 100% wirksames SOS-Spray\" \/>\n<meta name=\"robots\" content=\"index, follow, max-snippet:-1, max-image-preview:large, max-video-preview:-1\" \/>\n<link rel=\"canonical\" href=\"https:\/\/www.sereni-d.com\/de\/produits\/sos-bettwanzen-xxl\/\" \/>\n<meta property=\"og:locale\" content=\"de_DE\" \/>\n<meta property=\"og:type\" content=\"article\" \/>\n<meta property=\"og:title\" content=\"SOS gegen Bettwanzen - Nat\u00fcrliches CHOC Spray - XXL 500ml - Sereni-d\u00ae\" \/>\n<meta property=\"og:description\" content=\"Die Endg\u00fcltige L\u00f6sung. Vernichtet sofort 100% der Bettwanzen. Lang anhaltend - Schock-Effekt. Schluss mit dem Albtraum von Bettwanzen. 100% wirksames SOS-Spray\" \/>\n<meta property=\"og:url\" content=\"https:\/\/www.sereni-d.com\/de\/produits\/sos-bettwanzen-xxl\/\" \/>\n<meta property=\"og:site_name\" content=\"Sereni-d\u00ae\" \/>\n<meta property=\"article:publisher\" content=\"https:\/\/www.facebook.com\/SereniDsante\/\" \/>\n<meta property=\"article:modified_time\" content=\"2026-04-28T17:23:11+00:00\" \/>\n<meta property=\"og:image\" content=\"https:\/\/www.sereni-d.com\/wp-content\/uploads\/2024\/06\/DE_SOS-XXL-1.jpg\" \/>\n\t<meta property=\"og:image:width\" content=\"1000\" \/>\n\t<meta property=\"og:image:height\" content=\"1000\" \/>\n\t<meta property=\"og:image:type\" content=\"image\/jpeg\" \/>\n<meta name=\"twitter:card\" content=\"summary_large_image\" \/>\n<meta name=\"twitter:label1\" content=\"Gesch\u00e4tzte Lesezeit\" \/>\n\t<meta name=\"twitter:data1\" content=\"2\u00a0Minuten\" \/>\n<script type=\"application\/ld+json\" class=\"yoast-schema-graph\">{\"@context\":\"https:\\\/\\\/schema.org\",\"@graph\":[{\"@type\":\"WebPage\",\"@id\":\"https:\\\/\\\/www.sereni-d.com\\\/de\\\/produits\\\/sos-bettwanzen-xxl\\\/\",\"url\":\"https:\\\/\\\/www.sereni-d.com\\\/de\\\/produits\\\/sos-bettwanzen-xxl\\\/\",\"name\":\"SOS gegen Bettwanzen - Nat\u00fcrliches CHOC Spray - XXL 500ml - Sereni-d\u00ae\",\"isPartOf\":{\"@id\":\"https:\\\/\\\/www.sereni-d.com\\\/de\\\/#website\"},\"primaryImageOfPage\":{\"@id\":\"https:\\\/\\\/www.sereni-d.com\\\/de\\\/produits\\\/sos-bettwanzen-xxl\\\/#primaryimage\"},\"image\":{\"@id\":\"https:\\\/\\\/www.sereni-d.com\\\/de\\\/produits\\\/sos-bettwanzen-xxl\\\/#primaryimage\"},\"thumbnailUrl\":\"https:\\\/\\\/www.sereni-d.com\\\/wp-content\\\/uploads\\\/2024\\\/06\\\/DE_SOS-XXL-1.jpg\",\"datePublished\":\"2023-05-31T14:07:56+00:00\",\"dateModified\":\"2026-04-28T17:23:11+00:00\",\"description\":\"Die Endg\u00fcltige L\u00f6sung. Vernichtet sofort 100% der Bettwanzen. Lang anhaltend - Schock-Effekt. Schluss mit dem Albtraum von Bettwanzen. 100% wirksames SOS-Spray\",\"breadcrumb\":{\"@id\":\"https:\\\/\\\/www.sereni-d.com\\\/de\\\/produits\\\/sos-bettwanzen-xxl\\\/#breadcrumb\"},\"inLanguage\":\"de\",\"potentialAction\":[{\"@type\":\"ReadAction\",\"target\":[\"https:\\\/\\\/www.sereni-d.com\\\/de\\\/produits\\\/sos-bettwanzen-xxl\\\/\"]}]},{\"@type\":\"ImageObject\",\"inLanguage\":\"de\",\"@id\":\"https:\\\/\\\/www.sereni-d.com\\\/de\\\/produits\\\/sos-bettwanzen-xxl\\\/#primaryimage\",\"url\":\"https:\\\/\\\/www.sereni-d.com\\\/wp-content\\\/uploads\\\/2024\\\/06\\\/DE_SOS-XXL-1.jpg\",\"contentUrl\":\"https:\\\/\\\/www.sereni-d.com\\\/wp-content\\\/uploads\\\/2024\\\/06\\\/DE_SOS-XXL-1.jpg\",\"width\":1000,\"height\":1000,\"caption\":\"Bettwanzenbehandlung\"},{\"@type\":\"BreadcrumbList\",\"@id\":\"https:\\\/\\\/www.sereni-d.com\\\/de\\\/produits\\\/sos-bettwanzen-xxl\\\/#breadcrumb\",\"itemListElement\":[{\"@type\":\"ListItem\",\"position\":1,\"name\":\"Startseite\",\"item\":\"https:\\\/\\\/www.sereni-d.com\\\/de\\\/\"},{\"@type\":\"ListItem\",\"position\":2,\"name\":\"Shop\",\"item\":\"https:\\\/\\\/www.sereni-d.com\\\/de\\\/shop\\\/\"},{\"@type\":\"ListItem\",\"position\":3,\"name\":\"Punaise de lit\",\"item\":\"https:\\\/\\\/www.sereni-d.com\\\/categories\\\/punaise-de-lit\\\/\"},{\"@type\":\"ListItem\",\"position\":4,\"name\":\"Produkte\",\"item\":\"https:\\\/\\\/www.sereni-d.com\\\/de\\\/categories\\\/produkte\\\/\"},{\"@type\":\"ListItem\",\"position\":5,\"name\":\"SOS Bettwanzen XXL\"}]},{\"@type\":\"WebSite\",\"@id\":\"https:\\\/\\\/www.sereni-d.com\\\/de\\\/#website\",\"url\":\"https:\\\/\\\/www.sereni-d.com\\\/de\\\/\",\"name\":\"Sereni-d\u00ae\",\"description\":\"EXPERT Punaises de Lit - Laboratoire SUISSE - Traitements concentr\u00e9s contres les Punaises de Lit. Protection Longue Dur\u00e9e. Efficacit\u00e9 prouv\u00e9e, r\u00e9sultat maximal. Recommand\u00e9 par les professionnels.\",\"publisher\":{\"@id\":\"https:\\\/\\\/www.sereni-d.com\\\/de\\\/#organization\"},\"potentialAction\":[{\"@type\":\"SearchAction\",\"target\":{\"@type\":\"EntryPoint\",\"urlTemplate\":\"https:\\\/\\\/www.sereni-d.com\\\/de\\\/?s={search_term_string}\"},\"query-input\":{\"@type\":\"PropertyValueSpecification\",\"valueRequired\":true,\"valueName\":\"search_term_string\"}}],\"inLanguage\":\"de\"},{\"@type\":\"Organization\",\"@id\":\"https:\\\/\\\/www.sereni-d.com\\\/de\\\/#organization\",\"name\":\"Sereni-d\",\"url\":\"https:\\\/\\\/www.sereni-d.com\\\/de\\\/\",\"logo\":{\"@type\":\"ImageObject\",\"inLanguage\":\"de\",\"@id\":\"https:\\\/\\\/www.sereni-d.com\\\/de\\\/#\\\/schema\\\/logo\\\/image\\\/\",\"url\":\"\",\"contentUrl\":\"\",\"caption\":\"Sereni-d\"},\"image\":{\"@id\":\"https:\\\/\\\/www.sereni-d.com\\\/de\\\/#\\\/schema\\\/logo\\\/image\\\/\"},\"sameAs\":[\"https:\\\/\\\/www.facebook.com\\\/SereniDsante\\\/\",\"https:\\\/\\\/www.instagram.com\\\/serenidsante\\\/\"]}]}<\/script>\n<!-- \/ Yoast SEO plugin. -->","yoast_head_json":{"title":"SOS gegen Bettwanzen - Nat\u00fcrliches CHOC Spray - XXL 500ml - Sereni-d\u00ae","description":"Die Endg\u00fcltige L\u00f6sung. Vernichtet sofort 100% der Bettwanzen. Lang anhaltend - Schock-Effekt. Schluss mit dem Albtraum von Bettwanzen. 100% wirksames SOS-Spray","robots":{"index":"index","follow":"follow","max-snippet":"max-snippet:-1","max-image-preview":"max-image-preview:large","max-video-preview":"max-video-preview:-1"},"canonical":"https:\/\/www.sereni-d.com\/de\/produits\/sos-bettwanzen-xxl\/","og_locale":"de_DE","og_type":"article","og_title":"SOS gegen Bettwanzen - Nat\u00fcrliches CHOC Spray - XXL 500ml - Sereni-d\u00ae","og_description":"Die Endg\u00fcltige L\u00f6sung. Vernichtet sofort 100% der Bettwanzen. Lang anhaltend - Schock-Effekt. Schluss mit dem Albtraum von Bettwanzen. 100% wirksames SOS-Spray","og_url":"https:\/\/www.sereni-d.com\/de\/produits\/sos-bettwanzen-xxl\/","og_site_name":"Sereni-d\u00ae","article_publisher":"https:\/\/www.facebook.com\/SereniDsante\/","article_modified_time":"2026-04-28T17:23:11+00:00","og_image":[{"width":1000,"height":1000,"url":"https:\/\/www.sereni-d.com\/wp-content\/uploads\/2024\/06\/DE_SOS-XXL-1.jpg","type":"image\/jpeg"}],"twitter_card":"summary_large_image","twitter_misc":{"Gesch\u00e4tzte Lesezeit":"2\u00a0Minuten"},"schema":{"@context":"https:\/\/schema.org","@graph":[{"@type":"WebPage","@id":"https:\/\/www.sereni-d.com\/de\/produits\/sos-bettwanzen-xxl\/","url":"https:\/\/www.sereni-d.com\/de\/produits\/sos-bettwanzen-xxl\/","name":"SOS gegen Bettwanzen - Nat\u00fcrliches CHOC Spray - XXL 500ml - Sereni-d\u00ae","isPartOf":{"@id":"https:\/\/www.sereni-d.com\/de\/#website"},"primaryImageOfPage":{"@id":"https:\/\/www.sereni-d.com\/de\/produits\/sos-bettwanzen-xxl\/#primaryimage"},"image":{"@id":"https:\/\/www.sereni-d.com\/de\/produits\/sos-bettwanzen-xxl\/#primaryimage"},"thumbnailUrl":"https:\/\/www.sereni-d.com\/wp-content\/uploads\/2024\/06\/DE_SOS-XXL-1.jpg","datePublished":"2023-05-31T14:07:56+00:00","dateModified":"2026-04-28T17:23:11+00:00","description":"Die Endg\u00fcltige L\u00f6sung. Vernichtet sofort 100% der Bettwanzen. Lang anhaltend - Schock-Effekt. Schluss mit dem Albtraum von Bettwanzen. 100% wirksames SOS-Spray","breadcrumb":{"@id":"https:\/\/www.sereni-d.com\/de\/produits\/sos-bettwanzen-xxl\/#breadcrumb"},"inLanguage":"de","potentialAction":[{"@type":"ReadAction","target":["https:\/\/www.sereni-d.com\/de\/produits\/sos-bettwanzen-xxl\/"]}]},{"@type":"ImageObject","inLanguage":"de","@id":"https:\/\/www.sereni-d.com\/de\/produits\/sos-bettwanzen-xxl\/#primaryimage","url":"https:\/\/www.sereni-d.com\/wp-content\/uploads\/2024\/06\/DE_SOS-XXL-1.jpg","contentUrl":"https:\/\/www.sereni-d.com\/wp-content\/uploads\/2024\/06\/DE_SOS-XXL-1.jpg","width":1000,"height":1000,"caption":"Bettwanzenbehandlung"},{"@type":"BreadcrumbList","@id":"https:\/\/www.sereni-d.com\/de\/produits\/sos-bettwanzen-xxl\/#breadcrumb","itemListElement":[{"@type":"ListItem","position":1,"name":"Startseite","item":"https:\/\/www.sereni-d.com\/de\/"},{"@type":"ListItem","position":2,"name":"Shop","item":"https:\/\/www.sereni-d.com\/de\/shop\/"},{"@type":"ListItem","position":3,"name":"Punaise de lit","item":"https:\/\/www.sereni-d.com\/categories\/punaise-de-lit\/"},{"@type":"ListItem","position":4,"name":"Produkte","item":"https:\/\/www.sereni-d.com\/de\/categories\/produkte\/"},{"@type":"ListItem","position":5,"name":"SOS Bettwanzen XXL"}]},{"@type":"WebSite","@id":"https:\/\/www.sereni-d.com\/de\/#website","url":"https:\/\/www.sereni-d.com\/de\/","name":"Sereni-d\u00ae","description":"EXPERT Punaises de Lit - Laboratoire SUISSE - Traitements concentr\u00e9s contres les Punaises de Lit. Protection Longue Dur\u00e9e. Efficacit\u00e9 prouv\u00e9e, r\u00e9sultat maximal. Recommand\u00e9 par les professionnels.","publisher":{"@id":"https:\/\/www.sereni-d.com\/de\/#organization"},"potentialAction":[{"@type":"SearchAction","target":{"@type":"EntryPoint","urlTemplate":"https:\/\/www.sereni-d.com\/de\/?s={search_term_string}"},"query-input":{"@type":"PropertyValueSpecification","valueRequired":true,"valueName":"search_term_string"}}],"inLanguage":"de"},{"@type":"Organization","@id":"https:\/\/www.sereni-d.com\/de\/#organization","name":"Sereni-d","url":"https:\/\/www.sereni-d.com\/de\/","logo":{"@type":"ImageObject","inLanguage":"de","@id":"https:\/\/www.sereni-d.com\/de\/#\/schema\/logo\/image\/","url":"","contentUrl":"","caption":"Sereni-d"},"image":{"@id":"https:\/\/www.sereni-d.com\/de\/#\/schema\/logo\/image\/"},"sameAs":["https:\/\/www.facebook.com\/SereniDsante\/","https:\/\/www.instagram.com\/serenidsante\/"]}]}},"_links":{"self":[{"href":"https:\/\/www.sereni-d.com\/de\/wp-json\/wp\/v2\/product\/5270","targetHints":{"allow":["GET"]}}],"collection":[{"href":"https:\/\/www.sereni-d.com\/de\/wp-json\/wp\/v2\/product"}],"about":[{"href":"https:\/\/www.sereni-d.com\/de\/wp-json\/wp\/v2\/types\/product"}],"replies":[{"embeddable":true,"href":"https:\/\/www.sereni-d.com\/de\/wp-json\/wp\/v2\/comments?post=5270"}],"wp:featuredmedia":[{"embeddable":true,"href":"https:\/\/www.sereni-d.com\/de\/wp-json\/wp\/v2\/media\/6384"}],"wp:attachment":[{"href":"https:\/\/www.sereni-d.com\/de\/wp-json\/wp\/v2\/media?parent=5270"}],"wp:term":[{"taxonomy":"product_brand","embeddable":true,"href":"https:\/\/www.sereni-d.com\/de\/wp-json\/wp\/v2\/product_brand?post=5270"},{"taxonomy":"product_cat","embeddable":true,"href":"https:\/\/www.sereni-d.com\/de\/wp-json\/wp\/v2\/product_cat?post=5270"},{"taxonomy":"product_tag","embeddable":true,"href":"https:\/\/www.sereni-d.com\/de\/wp-json\/wp\/v2\/product_tag?post=5270"}],"curies":[{"name":"wp","href":"https:\/\/api.w.org\/{rel}","templated":true}]}}