{"id":5273,"date":"2023-05-31T16:26:22","date_gmt":"2023-05-31T14:26:22","guid":{"rendered":"https:\/\/www.sereni-d.com\/produits\/stopper-textil-bettwanzen-pack\/"},"modified":"2026-04-29T14:23:11","modified_gmt":"2026-04-29T12:23:11","slug":"stopper-textil-bettwanzen-pack","status":"publish","type":"product","link":"https:\/\/www.sereni-d.com\/de\/produits\/stopper-textil-bettwanzen-pack\/","title":{"rendered":"STOPPER Textil Bettwanzen PACK"},"content":{"rendered":"<p><strong>STOPPER Vorbeugende Behandlung Vegetal ANTI-BETTWANZEN<\/strong> ist ein gebrauchsfertiges Spray, dessen Prinzipien von der Natur inspiriert sind und das speziell zur vorbeugenden Bek\u00e4mpfung von Bettwanzen entwickelt wurde.<\/p>\n<p>Sein <strong>Extrakt aus der Bl\u00fcte des pflanzlichen Pyrethrums garantiert in Verbindung mit seinem Komplex aus \u00e4therischen \u00d6len<\/strong>, die aufgrund ihrer repellierenden Eigenschaften ausgew\u00e4hlt wurden, eine hohe pr\u00e4ventive Langzeitwirkung (bis zu 7 Tage unter optimalen Anwendungsbedingungen).<\/p>\n<p>Wenn Sie es auf Ihre Textilien und Ihr Gep\u00e4ck spr\u00fchen, st\u00f6rt das Spray mit dem starken Geruch von pflanzlichen Wirkstoffen die Geruchsrezeptoren der Bettwanzen und h\u00e4lt sie davon ab, sich einzunisten oder ihre Eier abzulegen.<\/p>\n<p>Das Spray kann auch auf Oberfl\u00e4chen wie T\u00fcrschwellen, Fensterrahmen oder L\u00fcftungssch\u00e4chten verspr\u00fcht werden, wenn Sie Zweifel an einer m\u00f6glicherweise befallenen Nachbarschaft haben.<\/p>\n<p>Das <strong>STOPPER Sereni-d\u00ae<\/strong> Spray ist Ihr bester Verb\u00fcndeter auf Reisen oder wenn Sie Zweifel in Bezug auf einen Befall in der N\u00e4he haben.<\/p>\n<p><strong>Sereni-d\u00ae<\/strong> Zufriedenheitsgarantie: Wenn Sie mit Ihrem Kauf nicht zufrieden sind, kontaktieren Sie uns \u00fcber die Seite <a title=\"Kontakt SERENI-D\" href=\"https:\/\/www.sereni-d.com\/de\/kontakt\/\">Kontakt<\/a> und wir werden Ihnen den vollen Betrag zur\u00fcckerstatten.<\/p>\n","protected":false},"excerpt":{"rendered":"<p align=\"justify\">\u2022 Pr\u00e4ventives Spray gegen Bettwanzen<br \/>\n\u2022 Wehrt Bettwanzen vorbeugend ab<br \/>\n\u2022 Dauerhafter, sicherer und lang anhaltender Schutz<br \/>\n\u2022 Mehr als 50.000 zufriedene Sereni-d<sup>\u00ae<\/sup>-Kunden<\/p>\n<p><strong>KONZENTRIERTE FORMEL \u2013 MAXIMALES ERGEBNIS<\/strong><\/p>\n<p align=\"justify\"><strong> <\/strong><\/p>\n","protected":false},"featured_media":6459,"comment_status":"open","ping_status":"closed","template":"","meta":{"_acf_changed":false,"_monsterinsights_skip_tracking":false,"_monsterinsights_sitenote_active":false,"_monsterinsights_sitenote_note":"","_monsterinsights_sitenote_category":0},"product_brand":[],"product_cat":[81],"product_tag":[],"class_list":{"0":"post-5273","1":"product","2":"type-product","3":"status-publish","4":"has-post-thumbnail","6":"product_cat-packs-de","8":"first","9":"instock","10":"taxable","11":"shipping-taxable","12":"purchasable","13":"product-type-simple"},"acf":[],"yoast_head":"<!-- This site is optimized with the Yoast SEO plugin v27.4 - https:\/\/yoast.com\/product\/yoast-seo-wordpress\/ -->\n<title>STOPPER Bettwanzen - Repellent Spray - 2 X 100mL - Sereni-d\u00ae<\/title>\n<meta name=\"description\" content=\"STOPPER Vorbeugende Pflanzliche Behandlung gegen Bettwanzen! Wirksamer &amp; nachhaltiger Schutz - Pflanzliches Repellent gegen Bettwanzen! Langzeitschutz\" \/>\n<meta name=\"robots\" content=\"index, follow, max-snippet:-1, max-image-preview:large, max-video-preview:-1\" \/>\n<link rel=\"canonical\" href=\"https:\/\/www.sereni-d.com\/de\/produits\/stopper-textil-bettwanzen-pack\/\" \/>\n<meta property=\"og:locale\" content=\"de_DE\" \/>\n<meta property=\"og:type\" content=\"article\" \/>\n<meta property=\"og:title\" content=\"STOPPER Bettwanzen - Repellent Spray - 2 X 100mL - Sereni-d\u00ae\" \/>\n<meta property=\"og:description\" content=\"STOPPER Vorbeugende Pflanzliche Behandlung gegen Bettwanzen! Wirksamer &amp; nachhaltiger Schutz - Pflanzliches Repellent gegen Bettwanzen! Langzeitschutz\" \/>\n<meta property=\"og:url\" content=\"https:\/\/www.sereni-d.com\/de\/produits\/stopper-textil-bettwanzen-pack\/\" \/>\n<meta property=\"og:site_name\" content=\"Sereni-d\u00ae\" \/>\n<meta property=\"article:publisher\" content=\"https:\/\/www.facebook.com\/SereniDsante\/\" \/>\n<meta property=\"article:modified_time\" content=\"2026-04-29T12:23:11+00:00\" \/>\n<meta property=\"og:image\" content=\"https:\/\/www.sereni-d.com\/wp-content\/uploads\/2024\/06\/kit_DE_duo-bouclier.jpg\" \/>\n\t<meta property=\"og:image:width\" content=\"1000\" \/>\n\t<meta property=\"og:image:height\" content=\"1000\" \/>\n\t<meta property=\"og:image:type\" content=\"image\/jpeg\" \/>\n<meta name=\"twitter:card\" content=\"summary_large_image\" \/>\n<meta name=\"twitter:label1\" content=\"Gesch\u00e4tzte Lesezeit\" \/>\n\t<meta name=\"twitter:data1\" content=\"2\u00a0Minuten\" \/>\n<script type=\"application\/ld+json\" class=\"yoast-schema-graph\">{\"@context\":\"https:\\\/\\\/schema.org\",\"@graph\":[{\"@type\":\"WebPage\",\"@id\":\"https:\\\/\\\/www.sereni-d.com\\\/de\\\/produits\\\/stopper-textil-bettwanzen-pack\\\/\",\"url\":\"https:\\\/\\\/www.sereni-d.com\\\/de\\\/produits\\\/stopper-textil-bettwanzen-pack\\\/\",\"name\":\"STOPPER Bettwanzen - Repellent Spray - 2 X 100mL - Sereni-d\u00ae\",\"isPartOf\":{\"@id\":\"https:\\\/\\\/www.sereni-d.com\\\/de\\\/#website\"},\"primaryImageOfPage\":{\"@id\":\"https:\\\/\\\/www.sereni-d.com\\\/de\\\/produits\\\/stopper-textil-bettwanzen-pack\\\/#primaryimage\"},\"image\":{\"@id\":\"https:\\\/\\\/www.sereni-d.com\\\/de\\\/produits\\\/stopper-textil-bettwanzen-pack\\\/#primaryimage\"},\"thumbnailUrl\":\"https:\\\/\\\/www.sereni-d.com\\\/wp-content\\\/uploads\\\/2024\\\/06\\\/kit_DE_duo-bouclier.jpg\",\"datePublished\":\"2023-05-31T14:26:22+00:00\",\"dateModified\":\"2026-04-29T12:23:11+00:00\",\"description\":\"STOPPER Vorbeugende Pflanzliche Behandlung gegen Bettwanzen! Wirksamer & nachhaltiger Schutz - Pflanzliches Repellent gegen Bettwanzen! Langzeitschutz\",\"breadcrumb\":{\"@id\":\"https:\\\/\\\/www.sereni-d.com\\\/de\\\/produits\\\/stopper-textil-bettwanzen-pack\\\/#breadcrumb\"},\"inLanguage\":\"de\",\"potentialAction\":[{\"@type\":\"ReadAction\",\"target\":[\"https:\\\/\\\/www.sereni-d.com\\\/de\\\/produits\\\/stopper-textil-bettwanzen-pack\\\/\"]}]},{\"@type\":\"ImageObject\",\"inLanguage\":\"de\",\"@id\":\"https:\\\/\\\/www.sereni-d.com\\\/de\\\/produits\\\/stopper-textil-bettwanzen-pack\\\/#primaryimage\",\"url\":\"https:\\\/\\\/www.sereni-d.com\\\/wp-content\\\/uploads\\\/2024\\\/06\\\/kit_DE_duo-bouclier.jpg\",\"contentUrl\":\"https:\\\/\\\/www.sereni-d.com\\\/wp-content\\\/uploads\\\/2024\\\/06\\\/kit_DE_duo-bouclier.jpg\",\"width\":1000,\"height\":1000},{\"@type\":\"BreadcrumbList\",\"@id\":\"https:\\\/\\\/www.sereni-d.com\\\/de\\\/produits\\\/stopper-textil-bettwanzen-pack\\\/#breadcrumb\",\"itemListElement\":[{\"@type\":\"ListItem\",\"position\":1,\"name\":\"Startseite\",\"item\":\"https:\\\/\\\/www.sereni-d.com\\\/de\\\/\"},{\"@type\":\"ListItem\",\"position\":2,\"name\":\"Shop\",\"item\":\"https:\\\/\\\/www.sereni-d.com\\\/de\\\/shop\\\/\"},{\"@type\":\"ListItem\",\"position\":3,\"name\":\"Punaise de lit\",\"item\":\"https:\\\/\\\/www.sereni-d.com\\\/categories\\\/punaise-de-lit\\\/\"},{\"@type\":\"ListItem\",\"position\":4,\"name\":\"Packs\",\"item\":\"https:\\\/\\\/www.sereni-d.com\\\/de\\\/categories\\\/packs-de\\\/\"},{\"@type\":\"ListItem\",\"position\":5,\"name\":\"STOPPER Textil Bettwanzen PACK\"}]},{\"@type\":\"WebSite\",\"@id\":\"https:\\\/\\\/www.sereni-d.com\\\/de\\\/#website\",\"url\":\"https:\\\/\\\/www.sereni-d.com\\\/de\\\/\",\"name\":\"Sereni-d\u00ae\",\"description\":\"EXPERT Punaises de Lit - Laboratoire SUISSE - Traitements concentr\u00e9s contres les Punaises de Lit. Protection Longue Dur\u00e9e. Efficacit\u00e9 prouv\u00e9e, r\u00e9sultat maximal. Recommand\u00e9 par les professionnels.\",\"publisher\":{\"@id\":\"https:\\\/\\\/www.sereni-d.com\\\/de\\\/#organization\"},\"potentialAction\":[{\"@type\":\"SearchAction\",\"target\":{\"@type\":\"EntryPoint\",\"urlTemplate\":\"https:\\\/\\\/www.sereni-d.com\\\/de\\\/?s={search_term_string}\"},\"query-input\":{\"@type\":\"PropertyValueSpecification\",\"valueRequired\":true,\"valueName\":\"search_term_string\"}}],\"inLanguage\":\"de\"},{\"@type\":\"Organization\",\"@id\":\"https:\\\/\\\/www.sereni-d.com\\\/de\\\/#organization\",\"name\":\"Sereni-d\",\"url\":\"https:\\\/\\\/www.sereni-d.com\\\/de\\\/\",\"logo\":{\"@type\":\"ImageObject\",\"inLanguage\":\"de\",\"@id\":\"https:\\\/\\\/www.sereni-d.com\\\/de\\\/#\\\/schema\\\/logo\\\/image\\\/\",\"url\":\"\",\"contentUrl\":\"\",\"caption\":\"Sereni-d\"},\"image\":{\"@id\":\"https:\\\/\\\/www.sereni-d.com\\\/de\\\/#\\\/schema\\\/logo\\\/image\\\/\"},\"sameAs\":[\"https:\\\/\\\/www.facebook.com\\\/SereniDsante\\\/\",\"https:\\\/\\\/www.instagram.com\\\/serenidsante\\\/\"]}]}<\/script>\n<!-- \/ Yoast SEO plugin. -->","yoast_head_json":{"title":"STOPPER Bettwanzen - Repellent Spray - 2 X 100mL - Sereni-d\u00ae","description":"STOPPER Vorbeugende Pflanzliche Behandlung gegen Bettwanzen! Wirksamer & nachhaltiger Schutz - Pflanzliches Repellent gegen Bettwanzen! Langzeitschutz","robots":{"index":"index","follow":"follow","max-snippet":"max-snippet:-1","max-image-preview":"max-image-preview:large","max-video-preview":"max-video-preview:-1"},"canonical":"https:\/\/www.sereni-d.com\/de\/produits\/stopper-textil-bettwanzen-pack\/","og_locale":"de_DE","og_type":"article","og_title":"STOPPER Bettwanzen - Repellent Spray - 2 X 100mL - Sereni-d\u00ae","og_description":"STOPPER Vorbeugende Pflanzliche Behandlung gegen Bettwanzen! Wirksamer & nachhaltiger Schutz - Pflanzliches Repellent gegen Bettwanzen! Langzeitschutz","og_url":"https:\/\/www.sereni-d.com\/de\/produits\/stopper-textil-bettwanzen-pack\/","og_site_name":"Sereni-d\u00ae","article_publisher":"https:\/\/www.facebook.com\/SereniDsante\/","article_modified_time":"2026-04-29T12:23:11+00:00","og_image":[{"width":1000,"height":1000,"url":"https:\/\/www.sereni-d.com\/wp-content\/uploads\/2024\/06\/kit_DE_duo-bouclier.jpg","type":"image\/jpeg"}],"twitter_card":"summary_large_image","twitter_misc":{"Gesch\u00e4tzte Lesezeit":"2\u00a0Minuten"},"schema":{"@context":"https:\/\/schema.org","@graph":[{"@type":"WebPage","@id":"https:\/\/www.sereni-d.com\/de\/produits\/stopper-textil-bettwanzen-pack\/","url":"https:\/\/www.sereni-d.com\/de\/produits\/stopper-textil-bettwanzen-pack\/","name":"STOPPER Bettwanzen - Repellent Spray - 2 X 100mL - Sereni-d\u00ae","isPartOf":{"@id":"https:\/\/www.sereni-d.com\/de\/#website"},"primaryImageOfPage":{"@id":"https:\/\/www.sereni-d.com\/de\/produits\/stopper-textil-bettwanzen-pack\/#primaryimage"},"image":{"@id":"https:\/\/www.sereni-d.com\/de\/produits\/stopper-textil-bettwanzen-pack\/#primaryimage"},"thumbnailUrl":"https:\/\/www.sereni-d.com\/wp-content\/uploads\/2024\/06\/kit_DE_duo-bouclier.jpg","datePublished":"2023-05-31T14:26:22+00:00","dateModified":"2026-04-29T12:23:11+00:00","description":"STOPPER Vorbeugende Pflanzliche Behandlung gegen Bettwanzen! Wirksamer & nachhaltiger Schutz - Pflanzliches Repellent gegen Bettwanzen! Langzeitschutz","breadcrumb":{"@id":"https:\/\/www.sereni-d.com\/de\/produits\/stopper-textil-bettwanzen-pack\/#breadcrumb"},"inLanguage":"de","potentialAction":[{"@type":"ReadAction","target":["https:\/\/www.sereni-d.com\/de\/produits\/stopper-textil-bettwanzen-pack\/"]}]},{"@type":"ImageObject","inLanguage":"de","@id":"https:\/\/www.sereni-d.com\/de\/produits\/stopper-textil-bettwanzen-pack\/#primaryimage","url":"https:\/\/www.sereni-d.com\/wp-content\/uploads\/2024\/06\/kit_DE_duo-bouclier.jpg","contentUrl":"https:\/\/www.sereni-d.com\/wp-content\/uploads\/2024\/06\/kit_DE_duo-bouclier.jpg","width":1000,"height":1000},{"@type":"BreadcrumbList","@id":"https:\/\/www.sereni-d.com\/de\/produits\/stopper-textil-bettwanzen-pack\/#breadcrumb","itemListElement":[{"@type":"ListItem","position":1,"name":"Startseite","item":"https:\/\/www.sereni-d.com\/de\/"},{"@type":"ListItem","position":2,"name":"Shop","item":"https:\/\/www.sereni-d.com\/de\/shop\/"},{"@type":"ListItem","position":3,"name":"Punaise de lit","item":"https:\/\/www.sereni-d.com\/categories\/punaise-de-lit\/"},{"@type":"ListItem","position":4,"name":"Packs","item":"https:\/\/www.sereni-d.com\/de\/categories\/packs-de\/"},{"@type":"ListItem","position":5,"name":"STOPPER Textil Bettwanzen PACK"}]},{"@type":"WebSite","@id":"https:\/\/www.sereni-d.com\/de\/#website","url":"https:\/\/www.sereni-d.com\/de\/","name":"Sereni-d\u00ae","description":"EXPERT Punaises de Lit - Laboratoire SUISSE - Traitements concentr\u00e9s contres les Punaises de Lit. Protection Longue Dur\u00e9e. Efficacit\u00e9 prouv\u00e9e, r\u00e9sultat maximal. Recommand\u00e9 par les professionnels.","publisher":{"@id":"https:\/\/www.sereni-d.com\/de\/#organization"},"potentialAction":[{"@type":"SearchAction","target":{"@type":"EntryPoint","urlTemplate":"https:\/\/www.sereni-d.com\/de\/?s={search_term_string}"},"query-input":{"@type":"PropertyValueSpecification","valueRequired":true,"valueName":"search_term_string"}}],"inLanguage":"de"},{"@type":"Organization","@id":"https:\/\/www.sereni-d.com\/de\/#organization","name":"Sereni-d","url":"https:\/\/www.sereni-d.com\/de\/","logo":{"@type":"ImageObject","inLanguage":"de","@id":"https:\/\/www.sereni-d.com\/de\/#\/schema\/logo\/image\/","url":"","contentUrl":"","caption":"Sereni-d"},"image":{"@id":"https:\/\/www.sereni-d.com\/de\/#\/schema\/logo\/image\/"},"sameAs":["https:\/\/www.facebook.com\/SereniDsante\/","https:\/\/www.instagram.com\/serenidsante\/"]}]}},"_links":{"self":[{"href":"https:\/\/www.sereni-d.com\/de\/wp-json\/wp\/v2\/product\/5273","targetHints":{"allow":["GET"]}}],"collection":[{"href":"https:\/\/www.sereni-d.com\/de\/wp-json\/wp\/v2\/product"}],"about":[{"href":"https:\/\/www.sereni-d.com\/de\/wp-json\/wp\/v2\/types\/product"}],"replies":[{"embeddable":true,"href":"https:\/\/www.sereni-d.com\/de\/wp-json\/wp\/v2\/comments?post=5273"}],"wp:featuredmedia":[{"embeddable":true,"href":"https:\/\/www.sereni-d.com\/de\/wp-json\/wp\/v2\/media\/6459"}],"wp:attachment":[{"href":"https:\/\/www.sereni-d.com\/de\/wp-json\/wp\/v2\/media?parent=5273"}],"wp:term":[{"taxonomy":"product_brand","embeddable":true,"href":"https:\/\/www.sereni-d.com\/de\/wp-json\/wp\/v2\/product_brand?post=5273"},{"taxonomy":"product_cat","embeddable":true,"href":"https:\/\/www.sereni-d.com\/de\/wp-json\/wp\/v2\/product_cat?post=5273"},{"taxonomy":"product_tag","embeddable":true,"href":"https:\/\/www.sereni-d.com\/de\/wp-json\/wp\/v2\/product_tag?post=5273"}],"curies":[{"name":"wp","href":"https:\/\/api.w.org\/{rel}","templated":true}]}}