{"id":5279,"date":"2023-09-26T17:50:48","date_gmt":"2023-09-26T15:50:48","guid":{"rendered":"https:\/\/www.sereni-d.com\/produits\/preventif-bettwanzen-pack\/"},"modified":"2026-04-30T18:53:12","modified_gmt":"2026-04-30T16:53:12","slug":"preventif-bettwanzen-pack","status":"publish","type":"product","link":"https:\/\/www.sereni-d.com\/de\/produits\/preventif-bettwanzen-pack\/","title":{"rendered":"Pr\u00e9ventif Bettwanzen PACK"},"content":{"rendered":"<p>Die pr\u00e4ventiven<strong> STOPPER Textile<\/strong> und<strong>ANTI-STICH Corporel Repulsif ANTI BETTWANZEN <\/strong>sind gebrauchsfertige Sprays, deren Prinzipien von der Natur inspiriert sind und die speziell zur vorbeugenden Abwehr von Bettwanzen entwickelt wurden.<\/p>\n<p>Ihr <strong>Extrakt aus der Bl\u00fcte des pflanzlichen Pyrethrums und Geraniol in Verbindung mit ihren Komplexen aus \u00e4therischen \u00d6len<\/strong>, die aufgrund ihrer repellierenden Eigenschaften ausgew\u00e4hlt wurden, gew\u00e4hrleistet eine hohe und lang anhaltende pr\u00e4ventive Wirksamkeit (bis zu 7 Tage unter optimalen Anwendungsbedingungen). Mit den Sprays STOPPER und ANTI-STICH werden Ihre pers\u00f6nlichen Gegenst\u00e4nde und Ihre Haut gesch\u00fctzt.<\/p>\n<p>Der <strong>PACK Pr\u00e9ventif Anti-Punaise de Lit <\/strong>bietet Schutz vor Bettwanzen und ist Ihr bester Verb\u00fcndeter in \u00f6ffentlichen Verkehrsmitteln, im Kino, auf Reisen oder wenn Sie Zweifel in Bezug auf Sch\u00e4dlinge oder einen Befall in Ihrer N\u00e4he haben.<\/p>\n<p><strong>Sereni-d\u00ae<\/strong> Zufriedenheitsgarantie: Wenn Sie mit Ihrem Kauf nicht zufrieden sind, kontaktieren Sie uns \u00fcber die Seite <a title=\"Kontakt SERENI-D\" href=\"https:\/\/www.sereni-d.com\/de\/kontakt\/\">Kontakt<\/a> und wir werden Ihnen den vollen Betrag zur\u00fcckerstatten.<\/p>\n","protected":false},"excerpt":{"rendered":"<p align=\"justify\">\u2022 Pack Pr\u00e9ventif gegen Bettwanzen<br \/>\n\u2022 Wehrt Bettwanzen auf Ihren Textilien, Gep\u00e4ckst\u00fccken und Ihrer Haut ab<br \/>\n\u2022 Dauerhafter, sicherer und lang anhaltender Schutz<br \/>\n\u2022 Mehr als 50.000 zufriedene Sereni-d<sup>\u00ae<\/sup>-Kunden<\/p>\n<p align=\"justify\"><strong>KONZENTRIERTE FORMELN \u2013 MAXIMALES ERGEBNIS<\/strong><\/p>\n","protected":false},"featured_media":6467,"comment_status":"open","ping_status":"closed","template":"","meta":{"_acf_changed":false,"_monsterinsights_skip_tracking":false,"_monsterinsights_sitenote_active":false,"_monsterinsights_sitenote_note":"","_monsterinsights_sitenote_category":0},"product_brand":[],"product_cat":[81],"product_tag":[],"class_list":{"0":"post-5279","1":"product","2":"type-product","3":"status-publish","4":"has-post-thumbnail","6":"product_cat-packs-de","8":"first","9":"instock","10":"taxable","11":"shipping-taxable","12":"purchasable","13":"product-type-simple"},"acf":[],"yoast_head":"<!-- This site is optimized with the Yoast SEO plugin v27.4 - https:\/\/yoast.com\/product\/yoast-seo-wordpress\/ -->\n<title>PACK Pr\u00e9ventif Repulsif Bettwanzen - Sereni-d\u00ae<\/title>\n<meta name=\"description\" content=\"Set mit 2x100mL - Pr\u00e4ventivpaket gegen Bettwanzen - Dauerhafter, sicherer und lang anhaltender Schutz\" \/>\n<meta name=\"robots\" content=\"index, follow, max-snippet:-1, max-image-preview:large, max-video-preview:-1\" \/>\n<link rel=\"canonical\" href=\"https:\/\/www.sereni-d.com\/de\/produits\/preventif-bettwanzen-pack\/\" \/>\n<meta property=\"og:locale\" content=\"de_DE\" \/>\n<meta property=\"og:type\" content=\"article\" \/>\n<meta property=\"og:title\" content=\"PACK Pr\u00e9ventif Repulsif Bettwanzen - Sereni-d\u00ae\" \/>\n<meta property=\"og:description\" content=\"Set mit 2x100mL - Pr\u00e4ventivpaket gegen Bettwanzen - Dauerhafter, sicherer und lang anhaltender Schutz\" \/>\n<meta property=\"og:url\" content=\"https:\/\/www.sereni-d.com\/de\/produits\/preventif-bettwanzen-pack\/\" \/>\n<meta property=\"og:site_name\" content=\"Sereni-d\u00ae\" \/>\n<meta property=\"article:publisher\" content=\"https:\/\/www.facebook.com\/SereniDsante\/\" \/>\n<meta property=\"article:modified_time\" content=\"2026-04-30T16:53:12+00:00\" \/>\n<meta property=\"og:image\" content=\"https:\/\/www.sereni-d.com\/wp-content\/uploads\/2024\/06\/kit_DE_bouclier_antipique.jpg\" \/>\n\t<meta property=\"og:image:width\" content=\"1000\" \/>\n\t<meta property=\"og:image:height\" content=\"1000\" \/>\n\t<meta property=\"og:image:type\" content=\"image\/jpeg\" \/>\n<meta name=\"twitter:card\" content=\"summary_large_image\" \/>\n<meta name=\"twitter:label1\" content=\"Gesch\u00e4tzte Lesezeit\" \/>\n\t<meta name=\"twitter:data1\" content=\"1\u00a0Minute\" \/>\n<script type=\"application\/ld+json\" class=\"yoast-schema-graph\">{\"@context\":\"https:\\\/\\\/schema.org\",\"@graph\":[{\"@type\":\"WebPage\",\"@id\":\"https:\\\/\\\/www.sereni-d.com\\\/de\\\/produits\\\/preventif-bettwanzen-pack\\\/\",\"url\":\"https:\\\/\\\/www.sereni-d.com\\\/de\\\/produits\\\/preventif-bettwanzen-pack\\\/\",\"name\":\"PACK Pr\u00e9ventif Repulsif Bettwanzen - Sereni-d\u00ae\",\"isPartOf\":{\"@id\":\"https:\\\/\\\/www.sereni-d.com\\\/de\\\/#website\"},\"primaryImageOfPage\":{\"@id\":\"https:\\\/\\\/www.sereni-d.com\\\/de\\\/produits\\\/preventif-bettwanzen-pack\\\/#primaryimage\"},\"image\":{\"@id\":\"https:\\\/\\\/www.sereni-d.com\\\/de\\\/produits\\\/preventif-bettwanzen-pack\\\/#primaryimage\"},\"thumbnailUrl\":\"https:\\\/\\\/www.sereni-d.com\\\/wp-content\\\/uploads\\\/2024\\\/06\\\/kit_DE_bouclier_antipique.jpg\",\"datePublished\":\"2023-09-26T15:50:48+00:00\",\"dateModified\":\"2026-04-30T16:53:12+00:00\",\"description\":\"Set mit 2x100mL - Pr\u00e4ventivpaket gegen Bettwanzen - Dauerhafter, sicherer und lang anhaltender Schutz\",\"breadcrumb\":{\"@id\":\"https:\\\/\\\/www.sereni-d.com\\\/de\\\/produits\\\/preventif-bettwanzen-pack\\\/#breadcrumb\"},\"inLanguage\":\"de\",\"potentialAction\":[{\"@type\":\"ReadAction\",\"target\":[\"https:\\\/\\\/www.sereni-d.com\\\/de\\\/produits\\\/preventif-bettwanzen-pack\\\/\"]}]},{\"@type\":\"ImageObject\",\"inLanguage\":\"de\",\"@id\":\"https:\\\/\\\/www.sereni-d.com\\\/de\\\/produits\\\/preventif-bettwanzen-pack\\\/#primaryimage\",\"url\":\"https:\\\/\\\/www.sereni-d.com\\\/wp-content\\\/uploads\\\/2024\\\/06\\\/kit_DE_bouclier_antipique.jpg\",\"contentUrl\":\"https:\\\/\\\/www.sereni-d.com\\\/wp-content\\\/uploads\\\/2024\\\/06\\\/kit_DE_bouclier_antipique.jpg\",\"width\":1000,\"height\":1000},{\"@type\":\"BreadcrumbList\",\"@id\":\"https:\\\/\\\/www.sereni-d.com\\\/de\\\/produits\\\/preventif-bettwanzen-pack\\\/#breadcrumb\",\"itemListElement\":[{\"@type\":\"ListItem\",\"position\":1,\"name\":\"Startseite\",\"item\":\"https:\\\/\\\/www.sereni-d.com\\\/de\\\/\"},{\"@type\":\"ListItem\",\"position\":2,\"name\":\"Shop\",\"item\":\"https:\\\/\\\/www.sereni-d.com\\\/de\\\/shop\\\/\"},{\"@type\":\"ListItem\",\"position\":3,\"name\":\"Punaise de lit\",\"item\":\"https:\\\/\\\/www.sereni-d.com\\\/categories\\\/punaise-de-lit\\\/\"},{\"@type\":\"ListItem\",\"position\":4,\"name\":\"Packs\",\"item\":\"https:\\\/\\\/www.sereni-d.com\\\/de\\\/categories\\\/packs-de\\\/\"},{\"@type\":\"ListItem\",\"position\":5,\"name\":\"Pr\u00e9ventif Bettwanzen PACK\"}]},{\"@type\":\"WebSite\",\"@id\":\"https:\\\/\\\/www.sereni-d.com\\\/de\\\/#website\",\"url\":\"https:\\\/\\\/www.sereni-d.com\\\/de\\\/\",\"name\":\"Sereni-d\u00ae\",\"description\":\"EXPERT Punaises de Lit - Laboratoire SUISSE - Traitements concentr\u00e9s contres les Punaises de Lit. Protection Longue Dur\u00e9e. Efficacit\u00e9 prouv\u00e9e, r\u00e9sultat maximal. Recommand\u00e9 par les professionnels.\",\"publisher\":{\"@id\":\"https:\\\/\\\/www.sereni-d.com\\\/de\\\/#organization\"},\"potentialAction\":[{\"@type\":\"SearchAction\",\"target\":{\"@type\":\"EntryPoint\",\"urlTemplate\":\"https:\\\/\\\/www.sereni-d.com\\\/de\\\/?s={search_term_string}\"},\"query-input\":{\"@type\":\"PropertyValueSpecification\",\"valueRequired\":true,\"valueName\":\"search_term_string\"}}],\"inLanguage\":\"de\"},{\"@type\":\"Organization\",\"@id\":\"https:\\\/\\\/www.sereni-d.com\\\/de\\\/#organization\",\"name\":\"Sereni-d\",\"url\":\"https:\\\/\\\/www.sereni-d.com\\\/de\\\/\",\"logo\":{\"@type\":\"ImageObject\",\"inLanguage\":\"de\",\"@id\":\"https:\\\/\\\/www.sereni-d.com\\\/de\\\/#\\\/schema\\\/logo\\\/image\\\/\",\"url\":\"\",\"contentUrl\":\"\",\"caption\":\"Sereni-d\"},\"image\":{\"@id\":\"https:\\\/\\\/www.sereni-d.com\\\/de\\\/#\\\/schema\\\/logo\\\/image\\\/\"},\"sameAs\":[\"https:\\\/\\\/www.facebook.com\\\/SereniDsante\\\/\",\"https:\\\/\\\/www.instagram.com\\\/serenidsante\\\/\"]}]}<\/script>\n<!-- \/ Yoast SEO plugin. -->","yoast_head_json":{"title":"PACK Pr\u00e9ventif Repulsif Bettwanzen - Sereni-d\u00ae","description":"Set mit 2x100mL - Pr\u00e4ventivpaket gegen Bettwanzen - Dauerhafter, sicherer und lang anhaltender Schutz","robots":{"index":"index","follow":"follow","max-snippet":"max-snippet:-1","max-image-preview":"max-image-preview:large","max-video-preview":"max-video-preview:-1"},"canonical":"https:\/\/www.sereni-d.com\/de\/produits\/preventif-bettwanzen-pack\/","og_locale":"de_DE","og_type":"article","og_title":"PACK Pr\u00e9ventif Repulsif Bettwanzen - Sereni-d\u00ae","og_description":"Set mit 2x100mL - Pr\u00e4ventivpaket gegen Bettwanzen - Dauerhafter, sicherer und lang anhaltender Schutz","og_url":"https:\/\/www.sereni-d.com\/de\/produits\/preventif-bettwanzen-pack\/","og_site_name":"Sereni-d\u00ae","article_publisher":"https:\/\/www.facebook.com\/SereniDsante\/","article_modified_time":"2026-04-30T16:53:12+00:00","og_image":[{"width":1000,"height":1000,"url":"https:\/\/www.sereni-d.com\/wp-content\/uploads\/2024\/06\/kit_DE_bouclier_antipique.jpg","type":"image\/jpeg"}],"twitter_card":"summary_large_image","twitter_misc":{"Gesch\u00e4tzte Lesezeit":"1\u00a0Minute"},"schema":{"@context":"https:\/\/schema.org","@graph":[{"@type":"WebPage","@id":"https:\/\/www.sereni-d.com\/de\/produits\/preventif-bettwanzen-pack\/","url":"https:\/\/www.sereni-d.com\/de\/produits\/preventif-bettwanzen-pack\/","name":"PACK Pr\u00e9ventif Repulsif Bettwanzen - Sereni-d\u00ae","isPartOf":{"@id":"https:\/\/www.sereni-d.com\/de\/#website"},"primaryImageOfPage":{"@id":"https:\/\/www.sereni-d.com\/de\/produits\/preventif-bettwanzen-pack\/#primaryimage"},"image":{"@id":"https:\/\/www.sereni-d.com\/de\/produits\/preventif-bettwanzen-pack\/#primaryimage"},"thumbnailUrl":"https:\/\/www.sereni-d.com\/wp-content\/uploads\/2024\/06\/kit_DE_bouclier_antipique.jpg","datePublished":"2023-09-26T15:50:48+00:00","dateModified":"2026-04-30T16:53:12+00:00","description":"Set mit 2x100mL - Pr\u00e4ventivpaket gegen Bettwanzen - Dauerhafter, sicherer und lang anhaltender Schutz","breadcrumb":{"@id":"https:\/\/www.sereni-d.com\/de\/produits\/preventif-bettwanzen-pack\/#breadcrumb"},"inLanguage":"de","potentialAction":[{"@type":"ReadAction","target":["https:\/\/www.sereni-d.com\/de\/produits\/preventif-bettwanzen-pack\/"]}]},{"@type":"ImageObject","inLanguage":"de","@id":"https:\/\/www.sereni-d.com\/de\/produits\/preventif-bettwanzen-pack\/#primaryimage","url":"https:\/\/www.sereni-d.com\/wp-content\/uploads\/2024\/06\/kit_DE_bouclier_antipique.jpg","contentUrl":"https:\/\/www.sereni-d.com\/wp-content\/uploads\/2024\/06\/kit_DE_bouclier_antipique.jpg","width":1000,"height":1000},{"@type":"BreadcrumbList","@id":"https:\/\/www.sereni-d.com\/de\/produits\/preventif-bettwanzen-pack\/#breadcrumb","itemListElement":[{"@type":"ListItem","position":1,"name":"Startseite","item":"https:\/\/www.sereni-d.com\/de\/"},{"@type":"ListItem","position":2,"name":"Shop","item":"https:\/\/www.sereni-d.com\/de\/shop\/"},{"@type":"ListItem","position":3,"name":"Punaise de lit","item":"https:\/\/www.sereni-d.com\/categories\/punaise-de-lit\/"},{"@type":"ListItem","position":4,"name":"Packs","item":"https:\/\/www.sereni-d.com\/de\/categories\/packs-de\/"},{"@type":"ListItem","position":5,"name":"Pr\u00e9ventif Bettwanzen PACK"}]},{"@type":"WebSite","@id":"https:\/\/www.sereni-d.com\/de\/#website","url":"https:\/\/www.sereni-d.com\/de\/","name":"Sereni-d\u00ae","description":"EXPERT Punaises de Lit - Laboratoire SUISSE - Traitements concentr\u00e9s contres les Punaises de Lit. Protection Longue Dur\u00e9e. Efficacit\u00e9 prouv\u00e9e, r\u00e9sultat maximal. Recommand\u00e9 par les professionnels.","publisher":{"@id":"https:\/\/www.sereni-d.com\/de\/#organization"},"potentialAction":[{"@type":"SearchAction","target":{"@type":"EntryPoint","urlTemplate":"https:\/\/www.sereni-d.com\/de\/?s={search_term_string}"},"query-input":{"@type":"PropertyValueSpecification","valueRequired":true,"valueName":"search_term_string"}}],"inLanguage":"de"},{"@type":"Organization","@id":"https:\/\/www.sereni-d.com\/de\/#organization","name":"Sereni-d","url":"https:\/\/www.sereni-d.com\/de\/","logo":{"@type":"ImageObject","inLanguage":"de","@id":"https:\/\/www.sereni-d.com\/de\/#\/schema\/logo\/image\/","url":"","contentUrl":"","caption":"Sereni-d"},"image":{"@id":"https:\/\/www.sereni-d.com\/de\/#\/schema\/logo\/image\/"},"sameAs":["https:\/\/www.facebook.com\/SereniDsante\/","https:\/\/www.instagram.com\/serenidsante\/"]}]}},"_links":{"self":[{"href":"https:\/\/www.sereni-d.com\/de\/wp-json\/wp\/v2\/product\/5279","targetHints":{"allow":["GET"]}}],"collection":[{"href":"https:\/\/www.sereni-d.com\/de\/wp-json\/wp\/v2\/product"}],"about":[{"href":"https:\/\/www.sereni-d.com\/de\/wp-json\/wp\/v2\/types\/product"}],"replies":[{"embeddable":true,"href":"https:\/\/www.sereni-d.com\/de\/wp-json\/wp\/v2\/comments?post=5279"}],"wp:featuredmedia":[{"embeddable":true,"href":"https:\/\/www.sereni-d.com\/de\/wp-json\/wp\/v2\/media\/6467"}],"wp:attachment":[{"href":"https:\/\/www.sereni-d.com\/de\/wp-json\/wp\/v2\/media?parent=5279"}],"wp:term":[{"taxonomy":"product_brand","embeddable":true,"href":"https:\/\/www.sereni-d.com\/de\/wp-json\/wp\/v2\/product_brand?post=5279"},{"taxonomy":"product_cat","embeddable":true,"href":"https:\/\/www.sereni-d.com\/de\/wp-json\/wp\/v2\/product_cat?post=5279"},{"taxonomy":"product_tag","embeddable":true,"href":"https:\/\/www.sereni-d.com\/de\/wp-json\/wp\/v2\/product_tag?post=5279"}],"curies":[{"name":"wp","href":"https:\/\/api.w.org\/{rel}","templated":true}]}}