{"id":5286,"date":"2023-06-26T21:23:03","date_gmt":"2023-06-26T19:23:03","guid":{"rendered":"https:\/\/www.sereni-d.com\/produits\/anti-stich-corporel-bettwanzen\/"},"modified":"2026-04-30T04:23:15","modified_gmt":"2026-04-30T02:23:15","slug":"anti-stich-corporel-bettwanzen","status":"publish","type":"product","link":"https:\/\/www.sereni-d.com\/de\/produits\/anti-stich-corporel-bettwanzen\/","title":{"rendered":"ANTI-STICH Corporel Bettwanzen"},"content":{"rendered":"<p><strong data-sanitized-data-mce-fragment=\"1\">ANTI-STICH Nat\u00fcrliche repellierende K\u00f6rperbehandlung ANTI-BETTWANZEN<\/strong> ist ein gebrauchsfertiges, repellierendes K\u00f6rperspray, dessen Prinzipien von der Natur inspiriert sind und das speziell entwickelt wurde, um einen wirksamen Schutz vor Bettwanzen zu bieten.<\/p>\n<p>Sein Extrakt aus <strong>Geraniol in Verbindung mit seinem Komplex aus \u00e4therischen und pflanzlichen \u00d6len<\/strong>, die aufgrund ihrer Molek\u00fcle mit repellierenden, feuchtigkeitsspendenden und beruhigenden Eigenschaften ausgew\u00e4hlt wurden, garantiert eine hohe, lang anhaltende pr\u00e4ventive Wirksamkeit und sch\u00fctzt gleichzeitig Ihre Haut.<\/p>\n<p>Auf unbedeckte Stellen gespr\u00fcht, <strong>h\u00e4lt das K\u00f6rperspray die Bettwanzen davon ab, Sie zu stechen<\/strong>, indem es ihre Geruchsrezeptoren st\u00f6rt. Das Spray <strong>Anti-Stich Sereni-d\u00ae <\/strong>ist Ihr bester Verb\u00fcndeter auf Reisen oder wenn Sie Zweifel in Bezug auf einen Befall in der N\u00e4he haben. Es ist eine Erg\u00e4nzung zum <strong>STOPPER Anti Bettwanzen Pr\u00e4ventiv Textil<\/strong>.<\/p>\n<p><strong>Sereni-d\u00ae<\/strong> Zufriedenheitsgarantie: Wenn Sie mit Ihrem Kauf nicht zufrieden sind, kontaktieren Sie uns \u00fcber die Seite <a title=\"Kontakt SERENI-D\" href=\"https:\/\/www.sereni-d.com\/de\/kontakt\/\">Kontakt<\/a> und wir werden Ihnen den vollen Betrag zur\u00fcckerstatten.<\/p>\n","protected":false},"excerpt":{"rendered":"<p>\u2022 Repellent K\u00f6rper-Spray gegen Bettwanzenbisse<br \/>\n\u2022 Wehrt Bettwanzen vorbeugend ab<br \/>\n\u2022 Dauerhafter, sicherer und lang anhaltender Schutz<br \/>\n\u2022 Mehr als 50.000 zufriedene Sereni-d<sup>\u00ae<\/sup>-Kunden<\/p>\n<p><strong>KONZENTRIERTE FORMEL \u2013 MAXIMALES ERGEBNIS<\/strong><\/p>\n","protected":false},"featured_media":6400,"comment_status":"open","ping_status":"closed","template":"","meta":{"_acf_changed":false,"_monsterinsights_skip_tracking":false,"_monsterinsights_sitenote_active":false,"_monsterinsights_sitenote_note":"","_monsterinsights_sitenote_category":0},"product_brand":[],"product_cat":[77],"product_tag":[],"class_list":{"0":"post-5286","1":"product","2":"type-product","3":"status-publish","4":"has-post-thumbnail","6":"product_cat-produkte","8":"first","9":"instock","10":"taxable","11":"shipping-taxable","12":"purchasable","13":"product-type-simple"},"acf":[],"yoast_head":"<!-- This site is optimized with the Yoast SEO plugin v27.4 - https:\/\/yoast.com\/product\/yoast-seo-wordpress\/ -->\n<title>ANTI-STICH Corporel Bettwanzen - Sereni-d\u00ae<\/title>\n<meta name=\"description\" content=\"ANTI-STICH K\u00f6rperbehandlung mit Repellent ANTI-BETTWANZEN. 8-st\u00fcndiger Schutz vor Stichen. Maximale Wirksamkeit.\" \/>\n<meta name=\"robots\" content=\"index, follow, max-snippet:-1, max-image-preview:large, max-video-preview:-1\" \/>\n<link rel=\"canonical\" href=\"https:\/\/www.sereni-d.com\/de\/produits\/anti-stich-corporel-bettwanzen\/\" \/>\n<meta property=\"og:locale\" content=\"de_DE\" \/>\n<meta property=\"og:type\" content=\"article\" \/>\n<meta property=\"og:title\" content=\"ANTI-STICH Corporel Bettwanzen - Sereni-d\u00ae\" \/>\n<meta property=\"og:description\" content=\"ANTI-STICH K\u00f6rperbehandlung mit Repellent ANTI-BETTWANZEN. 8-st\u00fcndiger Schutz vor Stichen. Maximale Wirksamkeit.\" \/>\n<meta property=\"og:url\" content=\"https:\/\/www.sereni-d.com\/de\/produits\/anti-stich-corporel-bettwanzen\/\" \/>\n<meta property=\"og:site_name\" content=\"Sereni-d\u00ae\" \/>\n<meta property=\"article:publisher\" content=\"https:\/\/www.facebook.com\/SereniDsante\/\" \/>\n<meta property=\"article:modified_time\" content=\"2026-04-30T02:23:15+00:00\" \/>\n<meta property=\"og:image\" content=\"https:\/\/www.sereni-d.com\/wp-content\/uploads\/2024\/06\/DE_anti-pique-100ml-1.jpg\" \/>\n\t<meta property=\"og:image:width\" content=\"1000\" \/>\n\t<meta property=\"og:image:height\" content=\"1000\" \/>\n\t<meta property=\"og:image:type\" content=\"image\/jpeg\" \/>\n<meta name=\"twitter:card\" content=\"summary_large_image\" \/>\n<meta name=\"twitter:label1\" content=\"Gesch\u00e4tzte Lesezeit\" \/>\n\t<meta name=\"twitter:data1\" content=\"1\u00a0Minute\" \/>\n<script type=\"application\/ld+json\" class=\"yoast-schema-graph\">{\"@context\":\"https:\\\/\\\/schema.org\",\"@graph\":[{\"@type\":\"WebPage\",\"@id\":\"https:\\\/\\\/www.sereni-d.com\\\/de\\\/produits\\\/anti-stich-corporel-bettwanzen\\\/\",\"url\":\"https:\\\/\\\/www.sereni-d.com\\\/de\\\/produits\\\/anti-stich-corporel-bettwanzen\\\/\",\"name\":\"ANTI-STICH Corporel Bettwanzen - Sereni-d\u00ae\",\"isPartOf\":{\"@id\":\"https:\\\/\\\/www.sereni-d.com\\\/de\\\/#website\"},\"primaryImageOfPage\":{\"@id\":\"https:\\\/\\\/www.sereni-d.com\\\/de\\\/produits\\\/anti-stich-corporel-bettwanzen\\\/#primaryimage\"},\"image\":{\"@id\":\"https:\\\/\\\/www.sereni-d.com\\\/de\\\/produits\\\/anti-stich-corporel-bettwanzen\\\/#primaryimage\"},\"thumbnailUrl\":\"https:\\\/\\\/www.sereni-d.com\\\/wp-content\\\/uploads\\\/2024\\\/06\\\/DE_anti-pique-100ml-1.jpg\",\"datePublished\":\"2023-06-26T19:23:03+00:00\",\"dateModified\":\"2026-04-30T02:23:15+00:00\",\"description\":\"ANTI-STICH K\u00f6rperbehandlung mit Repellent ANTI-BETTWANZEN. 8-st\u00fcndiger Schutz vor Stichen. Maximale Wirksamkeit.\",\"breadcrumb\":{\"@id\":\"https:\\\/\\\/www.sereni-d.com\\\/de\\\/produits\\\/anti-stich-corporel-bettwanzen\\\/#breadcrumb\"},\"inLanguage\":\"de\",\"potentialAction\":[{\"@type\":\"ReadAction\",\"target\":[\"https:\\\/\\\/www.sereni-d.com\\\/de\\\/produits\\\/anti-stich-corporel-bettwanzen\\\/\"]}]},{\"@type\":\"ImageObject\",\"inLanguage\":\"de\",\"@id\":\"https:\\\/\\\/www.sereni-d.com\\\/de\\\/produits\\\/anti-stich-corporel-bettwanzen\\\/#primaryimage\",\"url\":\"https:\\\/\\\/www.sereni-d.com\\\/wp-content\\\/uploads\\\/2024\\\/06\\\/DE_anti-pique-100ml-1.jpg\",\"contentUrl\":\"https:\\\/\\\/www.sereni-d.com\\\/wp-content\\\/uploads\\\/2024\\\/06\\\/DE_anti-pique-100ml-1.jpg\",\"width\":1000,\"height\":1000,\"caption\":\"k\u00f6rperliches Bettwanzen-Repellent\"},{\"@type\":\"BreadcrumbList\",\"@id\":\"https:\\\/\\\/www.sereni-d.com\\\/de\\\/produits\\\/anti-stich-corporel-bettwanzen\\\/#breadcrumb\",\"itemListElement\":[{\"@type\":\"ListItem\",\"position\":1,\"name\":\"Startseite\",\"item\":\"https:\\\/\\\/www.sereni-d.com\\\/de\\\/\"},{\"@type\":\"ListItem\",\"position\":2,\"name\":\"Shop\",\"item\":\"https:\\\/\\\/www.sereni-d.com\\\/de\\\/shop\\\/\"},{\"@type\":\"ListItem\",\"position\":3,\"name\":\"Punaise de lit\",\"item\":\"https:\\\/\\\/www.sereni-d.com\\\/categories\\\/punaise-de-lit\\\/\"},{\"@type\":\"ListItem\",\"position\":4,\"name\":\"Produkte\",\"item\":\"https:\\\/\\\/www.sereni-d.com\\\/de\\\/categories\\\/produkte\\\/\"},{\"@type\":\"ListItem\",\"position\":5,\"name\":\"ANTI-STICH Corporel Bettwanzen\"}]},{\"@type\":\"WebSite\",\"@id\":\"https:\\\/\\\/www.sereni-d.com\\\/de\\\/#website\",\"url\":\"https:\\\/\\\/www.sereni-d.com\\\/de\\\/\",\"name\":\"Sereni-d\u00ae\",\"description\":\"EXPERT Punaises de Lit - Laboratoire SUISSE - Traitements concentr\u00e9s contres les Punaises de Lit. Protection Longue Dur\u00e9e. Efficacit\u00e9 prouv\u00e9e, r\u00e9sultat maximal. Recommand\u00e9 par les professionnels.\",\"publisher\":{\"@id\":\"https:\\\/\\\/www.sereni-d.com\\\/de\\\/#organization\"},\"potentialAction\":[{\"@type\":\"SearchAction\",\"target\":{\"@type\":\"EntryPoint\",\"urlTemplate\":\"https:\\\/\\\/www.sereni-d.com\\\/de\\\/?s={search_term_string}\"},\"query-input\":{\"@type\":\"PropertyValueSpecification\",\"valueRequired\":true,\"valueName\":\"search_term_string\"}}],\"inLanguage\":\"de\"},{\"@type\":\"Organization\",\"@id\":\"https:\\\/\\\/www.sereni-d.com\\\/de\\\/#organization\",\"name\":\"Sereni-d\",\"url\":\"https:\\\/\\\/www.sereni-d.com\\\/de\\\/\",\"logo\":{\"@type\":\"ImageObject\",\"inLanguage\":\"de\",\"@id\":\"https:\\\/\\\/www.sereni-d.com\\\/de\\\/#\\\/schema\\\/logo\\\/image\\\/\",\"url\":\"\",\"contentUrl\":\"\",\"caption\":\"Sereni-d\"},\"image\":{\"@id\":\"https:\\\/\\\/www.sereni-d.com\\\/de\\\/#\\\/schema\\\/logo\\\/image\\\/\"},\"sameAs\":[\"https:\\\/\\\/www.facebook.com\\\/SereniDsante\\\/\",\"https:\\\/\\\/www.instagram.com\\\/serenidsante\\\/\"]}]}<\/script>\n<!-- \/ Yoast SEO plugin. -->","yoast_head_json":{"title":"ANTI-STICH Corporel Bettwanzen - Sereni-d\u00ae","description":"ANTI-STICH K\u00f6rperbehandlung mit Repellent ANTI-BETTWANZEN. 8-st\u00fcndiger Schutz vor Stichen. Maximale Wirksamkeit.","robots":{"index":"index","follow":"follow","max-snippet":"max-snippet:-1","max-image-preview":"max-image-preview:large","max-video-preview":"max-video-preview:-1"},"canonical":"https:\/\/www.sereni-d.com\/de\/produits\/anti-stich-corporel-bettwanzen\/","og_locale":"de_DE","og_type":"article","og_title":"ANTI-STICH Corporel Bettwanzen - Sereni-d\u00ae","og_description":"ANTI-STICH K\u00f6rperbehandlung mit Repellent ANTI-BETTWANZEN. 8-st\u00fcndiger Schutz vor Stichen. Maximale Wirksamkeit.","og_url":"https:\/\/www.sereni-d.com\/de\/produits\/anti-stich-corporel-bettwanzen\/","og_site_name":"Sereni-d\u00ae","article_publisher":"https:\/\/www.facebook.com\/SereniDsante\/","article_modified_time":"2026-04-30T02:23:15+00:00","og_image":[{"width":1000,"height":1000,"url":"https:\/\/www.sereni-d.com\/wp-content\/uploads\/2024\/06\/DE_anti-pique-100ml-1.jpg","type":"image\/jpeg"}],"twitter_card":"summary_large_image","twitter_misc":{"Gesch\u00e4tzte Lesezeit":"1\u00a0Minute"},"schema":{"@context":"https:\/\/schema.org","@graph":[{"@type":"WebPage","@id":"https:\/\/www.sereni-d.com\/de\/produits\/anti-stich-corporel-bettwanzen\/","url":"https:\/\/www.sereni-d.com\/de\/produits\/anti-stich-corporel-bettwanzen\/","name":"ANTI-STICH Corporel Bettwanzen - Sereni-d\u00ae","isPartOf":{"@id":"https:\/\/www.sereni-d.com\/de\/#website"},"primaryImageOfPage":{"@id":"https:\/\/www.sereni-d.com\/de\/produits\/anti-stich-corporel-bettwanzen\/#primaryimage"},"image":{"@id":"https:\/\/www.sereni-d.com\/de\/produits\/anti-stich-corporel-bettwanzen\/#primaryimage"},"thumbnailUrl":"https:\/\/www.sereni-d.com\/wp-content\/uploads\/2024\/06\/DE_anti-pique-100ml-1.jpg","datePublished":"2023-06-26T19:23:03+00:00","dateModified":"2026-04-30T02:23:15+00:00","description":"ANTI-STICH K\u00f6rperbehandlung mit Repellent ANTI-BETTWANZEN. 8-st\u00fcndiger Schutz vor Stichen. Maximale Wirksamkeit.","breadcrumb":{"@id":"https:\/\/www.sereni-d.com\/de\/produits\/anti-stich-corporel-bettwanzen\/#breadcrumb"},"inLanguage":"de","potentialAction":[{"@type":"ReadAction","target":["https:\/\/www.sereni-d.com\/de\/produits\/anti-stich-corporel-bettwanzen\/"]}]},{"@type":"ImageObject","inLanguage":"de","@id":"https:\/\/www.sereni-d.com\/de\/produits\/anti-stich-corporel-bettwanzen\/#primaryimage","url":"https:\/\/www.sereni-d.com\/wp-content\/uploads\/2024\/06\/DE_anti-pique-100ml-1.jpg","contentUrl":"https:\/\/www.sereni-d.com\/wp-content\/uploads\/2024\/06\/DE_anti-pique-100ml-1.jpg","width":1000,"height":1000,"caption":"k\u00f6rperliches Bettwanzen-Repellent"},{"@type":"BreadcrumbList","@id":"https:\/\/www.sereni-d.com\/de\/produits\/anti-stich-corporel-bettwanzen\/#breadcrumb","itemListElement":[{"@type":"ListItem","position":1,"name":"Startseite","item":"https:\/\/www.sereni-d.com\/de\/"},{"@type":"ListItem","position":2,"name":"Shop","item":"https:\/\/www.sereni-d.com\/de\/shop\/"},{"@type":"ListItem","position":3,"name":"Punaise de lit","item":"https:\/\/www.sereni-d.com\/categories\/punaise-de-lit\/"},{"@type":"ListItem","position":4,"name":"Produkte","item":"https:\/\/www.sereni-d.com\/de\/categories\/produkte\/"},{"@type":"ListItem","position":5,"name":"ANTI-STICH Corporel Bettwanzen"}]},{"@type":"WebSite","@id":"https:\/\/www.sereni-d.com\/de\/#website","url":"https:\/\/www.sereni-d.com\/de\/","name":"Sereni-d\u00ae","description":"EXPERT Punaises de Lit - Laboratoire SUISSE - Traitements concentr\u00e9s contres les Punaises de Lit. Protection Longue Dur\u00e9e. Efficacit\u00e9 prouv\u00e9e, r\u00e9sultat maximal. Recommand\u00e9 par les professionnels.","publisher":{"@id":"https:\/\/www.sereni-d.com\/de\/#organization"},"potentialAction":[{"@type":"SearchAction","target":{"@type":"EntryPoint","urlTemplate":"https:\/\/www.sereni-d.com\/de\/?s={search_term_string}"},"query-input":{"@type":"PropertyValueSpecification","valueRequired":true,"valueName":"search_term_string"}}],"inLanguage":"de"},{"@type":"Organization","@id":"https:\/\/www.sereni-d.com\/de\/#organization","name":"Sereni-d","url":"https:\/\/www.sereni-d.com\/de\/","logo":{"@type":"ImageObject","inLanguage":"de","@id":"https:\/\/www.sereni-d.com\/de\/#\/schema\/logo\/image\/","url":"","contentUrl":"","caption":"Sereni-d"},"image":{"@id":"https:\/\/www.sereni-d.com\/de\/#\/schema\/logo\/image\/"},"sameAs":["https:\/\/www.facebook.com\/SereniDsante\/","https:\/\/www.instagram.com\/serenidsante\/"]}]}},"_links":{"self":[{"href":"https:\/\/www.sereni-d.com\/de\/wp-json\/wp\/v2\/product\/5286","targetHints":{"allow":["GET"]}}],"collection":[{"href":"https:\/\/www.sereni-d.com\/de\/wp-json\/wp\/v2\/product"}],"about":[{"href":"https:\/\/www.sereni-d.com\/de\/wp-json\/wp\/v2\/types\/product"}],"replies":[{"embeddable":true,"href":"https:\/\/www.sereni-d.com\/de\/wp-json\/wp\/v2\/comments?post=5286"}],"wp:featuredmedia":[{"embeddable":true,"href":"https:\/\/www.sereni-d.com\/de\/wp-json\/wp\/v2\/media\/6400"}],"wp:attachment":[{"href":"https:\/\/www.sereni-d.com\/de\/wp-json\/wp\/v2\/media?parent=5286"}],"wp:term":[{"taxonomy":"product_brand","embeddable":true,"href":"https:\/\/www.sereni-d.com\/de\/wp-json\/wp\/v2\/product_brand?post=5286"},{"taxonomy":"product_cat","embeddable":true,"href":"https:\/\/www.sereni-d.com\/de\/wp-json\/wp\/v2\/product_cat?post=5286"},{"taxonomy":"product_tag","embeddable":true,"href":"https:\/\/www.sereni-d.com\/de\/wp-json\/wp\/v2\/product_tag?post=5286"}],"curies":[{"name":"wp","href":"https:\/\/api.w.org\/{rel}","templated":true}]}}