{"id":6127,"date":"2024-05-08T11:30:11","date_gmt":"2024-05-08T09:30:11","guid":{"rendered":"https:\/\/www.sereni-d.com\/?post_type=product&#038;p=6127"},"modified":"2026-04-08T14:27:44","modified_gmt":"2026-04-08T12:27:44","slug":"kieselgur-bettwanzen","status":"publish","type":"product","link":"https:\/\/www.sereni-d.com\/de\/produits\/kieselgur-bettwanzen\/","title":{"rendered":"KIESELGUR Bettwanzen"},"content":{"rendered":"<p>Die <strong>BEHANDLUNG VON KIESELGUR GEGEN BETTWANZEN<\/strong> ist ein gebrauchsfertiges Aerosol, dessen Prinzipien von der Natur inspiriert sind und das speziell entwickelt wurde, um Bettwanzen sowohl in pr\u00e4ventiven als auch in kurativen Einstellungen zu bek\u00e4mpfen.<\/p>\n<p>Seine Formel, basierend auf Kieselgur und zusammengesetzt aus mikroskopischen Algenfossilien, gew\u00e4hrleistet die Zerst\u00f6rung von Bettwanzen in allen Entwicklungsstadien (Eier, Larven und Erwachsene). Bettwanzen bedecken ihren K\u00f6rper mit Kieselgurpulver durch ihre eigenen Bewegungen. Die <strong>starke Absorptionskraft<\/strong> des Pulvers f\u00fchrt zur Entfernung von Lipiden aus der Cuticula, was dazu f\u00fchrt, dass die Insekten innerhalb weniger Stunden austrocknen und sterben.<\/p>\n<p>Seine <strong>konzentrierte Formel hat eine sofortige Wirksamkeit (innerhalb weniger Stunden)<\/strong> und <strong>lang anhaltende Effekte (bis zu 3 Wochen Restaktivit\u00e4t unter optimalen Bedingungen)<\/strong>. Diatomeenerde ist <strong>amorph<\/strong>, <strong>nicht kalziniert<\/strong>, und ihre Biozid-Zulassung garantiert einen <strong>Siliziumdioxidgehalt<\/strong> (SiO2) von mindestens 90 %, <strong>was eine sehr hohe Absorptionsf\u00e4higkeit und Wirksamkeit gegen Bettwanzen sicherstellt<\/strong>. Dies unterscheidet sie von nicht-biozider, lebensmitteltauglicher Diatomeenerde, die einen geringeren Siliziumgehalt, gr\u00f6\u00dfere Partikel und damit eine reduzierte Trocknungswirkung aufweist, wodurch sie gegen Bettwanzen unwirksam ist.<\/p>\n<p>Auf Oberfl\u00e4chen, Matratzen und anderen dunklen Ecken aufgespr\u00fcht, haftet Kieselgur an den Schalen von Bettwanzen und verursacht deren Tod, wenn sie \u00fcber behandelte Oberfl\u00e4chen laufen, indem sie sie entw\u00e4ssern und t\u00f6ten.<\/p>\n<p>Das KIESELGUR-Aerosol ist eine <strong>professionelle L\u00f6sung zur Bettwanzenbek\u00e4mpfung<\/strong>, die <strong>keine Resistenz hervorruft<\/strong>. Es ist auch wirksam gegen andere kriechende Insekten im Haus wie <strong>Ameisen, Spinnen, Milben, Fl\u00f6he, Silberfische, Kakerlaken und K\u00e4fer<\/strong>&#8230;<\/p>\n<p>Das <strong>KIESELGUR-Aerosol<\/strong> ist Ihr bester Verb\u00fcndeter bei der Vorbeugung, im Falle eines Befalls oder bei geringstem Verdacht auf das Vorhandensein von Bettwanzen. Es ist eine pr\u00e4zise mechanische Alternative zu chemischen Behandlungen. Es <strong>erg\u00e4nzt das <a href=\"https:\/\/www.sereni-d.com\/de\/produits\/sos-bettwanzen-xxl\/\">SOS-Spray<\/a> und das <a href=\"https:\/\/www.sereni-d.com\/de\/produits\/freeze-bettwanzen-frostspray\/\">FREEZE-Aerosol<\/a><\/strong>.<\/p>\n<p><strong>Zufriedenheitsgarantie von Sereni-d\u00ae<\/strong>: Wenn Sie mit Ihrem Kauf nicht zufrieden sind, kontaktieren Sie uns \u00fcber die <a href=\"https:\/\/www.sereni-d.com\/de\/kontakt\/\">Kontaktseite<\/a>, und wir erstatten Ihnen den vollen Betrag.<\/p>\n","protected":false},"excerpt":{"rendered":"<p align=\"justify\">\u2022 Pr\u00e4ventives und kuratives Aerosol gegen Bettwanzen<br \/>\n\u2022 Eliminiert und verhindert 100% der Bettwanzen (Eier, Larven, Erwachsene)<br \/>\n\u2022 Sofortiger Schutz, langanhaltend (bis zu 3 Wochen)<br \/>\n\u2022 Mehr als 250.000 zufriedene Sereni-d\u00ae Kunden<\/p>\n<p align=\"justify\"><strong>KONZENTRIERTE FORMEL &#8211; MAXIMALES ERGEBNIS<\/strong><\/p>\n","protected":false},"featured_media":6196,"comment_status":"open","ping_status":"closed","template":"","meta":{"_acf_changed":false,"_monsterinsights_skip_tracking":false,"_monsterinsights_sitenote_active":false,"_monsterinsights_sitenote_note":"","_monsterinsights_sitenote_category":0},"product_brand":[],"product_cat":[77],"product_tag":[],"class_list":{"0":"post-6127","1":"product","2":"type-product","3":"status-publish","4":"has-post-thumbnail","6":"product_cat-produkte","8":"first","9":"instock","10":"taxable","11":"shipping-taxable","12":"purchasable","13":"product-type-simple"},"acf":[],"yoast_head":"<!-- This site is optimized with the Yoast SEO plugin v27.2 - https:\/\/yoast.com\/product\/yoast-seo-wordpress\/ -->\n<title>Kieselgur Bettwanzenbehandlung - Sereni-d\u00ae<\/title>\n<meta name=\"description\" content=\"Leistungsstarke professionelle L\u00f6sung gegen Bettwanzen. Bek\u00e4mpft und verhindert 100% der Bettwanzen. 3 Wochen Wirksamkeit.\" \/>\n<meta name=\"robots\" content=\"index, follow, max-snippet:-1, max-image-preview:large, max-video-preview:-1\" \/>\n<link rel=\"canonical\" href=\"https:\/\/www.sereni-d.com\/de\/produits\/kieselgur-bettwanzen\/\" \/>\n<meta property=\"og:locale\" content=\"de_DE\" \/>\n<meta property=\"og:type\" content=\"article\" \/>\n<meta property=\"og:title\" content=\"Kieselgur Bettwanzenbehandlung - Sereni-d\u00ae\" \/>\n<meta property=\"og:description\" content=\"Leistungsstarke professionelle L\u00f6sung gegen Bettwanzen. Bek\u00e4mpft und verhindert 100% der Bettwanzen. 3 Wochen Wirksamkeit.\" \/>\n<meta property=\"og:url\" content=\"https:\/\/www.sereni-d.com\/de\/produits\/kieselgur-bettwanzen\/\" \/>\n<meta property=\"og:site_name\" content=\"Sereni-d\u00ae\" \/>\n<meta property=\"article:publisher\" content=\"https:\/\/www.facebook.com\/SereniDsante\/\" \/>\n<meta property=\"article:modified_time\" content=\"2026-04-08T12:27:44+00:00\" \/>\n<meta property=\"og:image\" content=\"https:\/\/www.sereni-d.com\/wp-content\/uploads\/2024\/06\/DE_diatomee-400ml_1.jpg\" \/>\n\t<meta property=\"og:image:width\" content=\"1000\" \/>\n\t<meta property=\"og:image:height\" content=\"1000\" \/>\n\t<meta property=\"og:image:type\" content=\"image\/jpeg\" \/>\n<meta name=\"twitter:card\" content=\"summary_large_image\" \/>\n<meta name=\"twitter:label1\" content=\"Gesch\u00e4tzte Lesezeit\" \/>\n\t<meta name=\"twitter:data1\" content=\"2\u00a0Minuten\" \/>\n<script type=\"application\/ld+json\" class=\"yoast-schema-graph\">{\"@context\":\"https:\/\/schema.org\",\"@graph\":[{\"@type\":\"WebPage\",\"@id\":\"https:\/\/www.sereni-d.com\/de\/produits\/kieselgur-bettwanzen\/\",\"url\":\"https:\/\/www.sereni-d.com\/de\/produits\/kieselgur-bettwanzen\/\",\"name\":\"Kieselgur Bettwanzenbehandlung - Sereni-d\u00ae\",\"isPartOf\":{\"@id\":\"https:\/\/www.sereni-d.com\/de\/#website\"},\"primaryImageOfPage\":{\"@id\":\"https:\/\/www.sereni-d.com\/de\/produits\/kieselgur-bettwanzen\/#primaryimage\"},\"image\":{\"@id\":\"https:\/\/www.sereni-d.com\/de\/produits\/kieselgur-bettwanzen\/#primaryimage\"},\"thumbnailUrl\":\"https:\/\/www.sereni-d.com\/wp-content\/uploads\/2024\/06\/DE_diatomee-400ml_1.jpg\",\"datePublished\":\"2024-05-08T09:30:11+00:00\",\"dateModified\":\"2026-04-08T12:27:44+00:00\",\"description\":\"Leistungsstarke professionelle L\u00f6sung gegen Bettwanzen. Bek\u00e4mpft und verhindert 100% der Bettwanzen. 3 Wochen Wirksamkeit.\",\"breadcrumb\":{\"@id\":\"https:\/\/www.sereni-d.com\/de\/produits\/kieselgur-bettwanzen\/#breadcrumb\"},\"inLanguage\":\"de\",\"potentialAction\":[{\"@type\":\"ReadAction\",\"target\":[\"https:\/\/www.sereni-d.com\/de\/produits\/kieselgur-bettwanzen\/\"]}]},{\"@type\":\"ImageObject\",\"inLanguage\":\"de\",\"@id\":\"https:\/\/www.sereni-d.com\/de\/produits\/kieselgur-bettwanzen\/#primaryimage\",\"url\":\"https:\/\/www.sereni-d.com\/wp-content\/uploads\/2024\/06\/DE_diatomee-400ml_1.jpg\",\"contentUrl\":\"https:\/\/www.sereni-d.com\/wp-content\/uploads\/2024\/06\/DE_diatomee-400ml_1.jpg\",\"width\":1000,\"height\":1000,\"caption\":\"Kieselgur Bettwanzen\"},{\"@type\":\"BreadcrumbList\",\"@id\":\"https:\/\/www.sereni-d.com\/de\/produits\/kieselgur-bettwanzen\/#breadcrumb\",\"itemListElement\":[{\"@type\":\"ListItem\",\"position\":1,\"name\":\"Startseite\",\"item\":\"https:\/\/www.sereni-d.com\/de\/\"},{\"@type\":\"ListItem\",\"position\":2,\"name\":\"Shop\",\"item\":\"https:\/\/www.sereni-d.com\/de\/shop\/\"},{\"@type\":\"ListItem\",\"position\":3,\"name\":\"Punaise de lit\",\"item\":\"https:\/\/www.sereni-d.com\/categories\/punaise-de-lit\/\"},{\"@type\":\"ListItem\",\"position\":4,\"name\":\"Produkte\",\"item\":\"https:\/\/www.sereni-d.com\/de\/categories\/produkte\/\"},{\"@type\":\"ListItem\",\"position\":5,\"name\":\"KIESELGUR Bettwanzen\"}]},{\"@type\":\"WebSite\",\"@id\":\"https:\/\/www.sereni-d.com\/de\/#website\",\"url\":\"https:\/\/www.sereni-d.com\/de\/\",\"name\":\"Sereni-d\u00ae\",\"description\":\"EXPERT Punaises de Lit - Laboratoire SUISSE - Traitements concentr\u00e9s contres les Punaises de Lit. Protection Longue Dur\u00e9e. Efficacit\u00e9 prouv\u00e9e, r\u00e9sultat maximal. Recommand\u00e9 par les professionnels.\",\"publisher\":{\"@id\":\"https:\/\/www.sereni-d.com\/de\/#organization\"},\"potentialAction\":[{\"@type\":\"SearchAction\",\"target\":{\"@type\":\"EntryPoint\",\"urlTemplate\":\"https:\/\/www.sereni-d.com\/de\/?s={search_term_string}\"},\"query-input\":{\"@type\":\"PropertyValueSpecification\",\"valueRequired\":true,\"valueName\":\"search_term_string\"}}],\"inLanguage\":\"de\"},{\"@type\":\"Organization\",\"@id\":\"https:\/\/www.sereni-d.com\/de\/#organization\",\"name\":\"Sereni-d\",\"url\":\"https:\/\/www.sereni-d.com\/de\/\",\"logo\":{\"@type\":\"ImageObject\",\"inLanguage\":\"de\",\"@id\":\"https:\/\/www.sereni-d.com\/de\/#\/schema\/logo\/image\/\",\"url\":\"\",\"contentUrl\":\"\",\"caption\":\"Sereni-d\"},\"image\":{\"@id\":\"https:\/\/www.sereni-d.com\/de\/#\/schema\/logo\/image\/\"},\"sameAs\":[\"https:\/\/www.facebook.com\/SereniDsante\/\",\"https:\/\/www.instagram.com\/serenidsante\/\"]}]}<\/script>\n<!-- \/ Yoast SEO plugin. -->","yoast_head_json":{"title":"Kieselgur Bettwanzenbehandlung - Sereni-d\u00ae","description":"Leistungsstarke professionelle L\u00f6sung gegen Bettwanzen. Bek\u00e4mpft und verhindert 100% der Bettwanzen. 3 Wochen Wirksamkeit.","robots":{"index":"index","follow":"follow","max-snippet":"max-snippet:-1","max-image-preview":"max-image-preview:large","max-video-preview":"max-video-preview:-1"},"canonical":"https:\/\/www.sereni-d.com\/de\/produits\/kieselgur-bettwanzen\/","og_locale":"de_DE","og_type":"article","og_title":"Kieselgur Bettwanzenbehandlung - Sereni-d\u00ae","og_description":"Leistungsstarke professionelle L\u00f6sung gegen Bettwanzen. Bek\u00e4mpft und verhindert 100% der Bettwanzen. 3 Wochen Wirksamkeit.","og_url":"https:\/\/www.sereni-d.com\/de\/produits\/kieselgur-bettwanzen\/","og_site_name":"Sereni-d\u00ae","article_publisher":"https:\/\/www.facebook.com\/SereniDsante\/","article_modified_time":"2026-04-08T12:27:44+00:00","og_image":[{"width":1000,"height":1000,"url":"https:\/\/www.sereni-d.com\/wp-content\/uploads\/2024\/06\/DE_diatomee-400ml_1.jpg","type":"image\/jpeg"}],"twitter_card":"summary_large_image","twitter_misc":{"Gesch\u00e4tzte Lesezeit":"2\u00a0Minuten"},"schema":{"@context":"https:\/\/schema.org","@graph":[{"@type":"WebPage","@id":"https:\/\/www.sereni-d.com\/de\/produits\/kieselgur-bettwanzen\/","url":"https:\/\/www.sereni-d.com\/de\/produits\/kieselgur-bettwanzen\/","name":"Kieselgur Bettwanzenbehandlung - Sereni-d\u00ae","isPartOf":{"@id":"https:\/\/www.sereni-d.com\/de\/#website"},"primaryImageOfPage":{"@id":"https:\/\/www.sereni-d.com\/de\/produits\/kieselgur-bettwanzen\/#primaryimage"},"image":{"@id":"https:\/\/www.sereni-d.com\/de\/produits\/kieselgur-bettwanzen\/#primaryimage"},"thumbnailUrl":"https:\/\/www.sereni-d.com\/wp-content\/uploads\/2024\/06\/DE_diatomee-400ml_1.jpg","datePublished":"2024-05-08T09:30:11+00:00","dateModified":"2026-04-08T12:27:44+00:00","description":"Leistungsstarke professionelle L\u00f6sung gegen Bettwanzen. Bek\u00e4mpft und verhindert 100% der Bettwanzen. 3 Wochen Wirksamkeit.","breadcrumb":{"@id":"https:\/\/www.sereni-d.com\/de\/produits\/kieselgur-bettwanzen\/#breadcrumb"},"inLanguage":"de","potentialAction":[{"@type":"ReadAction","target":["https:\/\/www.sereni-d.com\/de\/produits\/kieselgur-bettwanzen\/"]}]},{"@type":"ImageObject","inLanguage":"de","@id":"https:\/\/www.sereni-d.com\/de\/produits\/kieselgur-bettwanzen\/#primaryimage","url":"https:\/\/www.sereni-d.com\/wp-content\/uploads\/2024\/06\/DE_diatomee-400ml_1.jpg","contentUrl":"https:\/\/www.sereni-d.com\/wp-content\/uploads\/2024\/06\/DE_diatomee-400ml_1.jpg","width":1000,"height":1000,"caption":"Kieselgur Bettwanzen"},{"@type":"BreadcrumbList","@id":"https:\/\/www.sereni-d.com\/de\/produits\/kieselgur-bettwanzen\/#breadcrumb","itemListElement":[{"@type":"ListItem","position":1,"name":"Startseite","item":"https:\/\/www.sereni-d.com\/de\/"},{"@type":"ListItem","position":2,"name":"Shop","item":"https:\/\/www.sereni-d.com\/de\/shop\/"},{"@type":"ListItem","position":3,"name":"Punaise de lit","item":"https:\/\/www.sereni-d.com\/categories\/punaise-de-lit\/"},{"@type":"ListItem","position":4,"name":"Produkte","item":"https:\/\/www.sereni-d.com\/de\/categories\/produkte\/"},{"@type":"ListItem","position":5,"name":"KIESELGUR Bettwanzen"}]},{"@type":"WebSite","@id":"https:\/\/www.sereni-d.com\/de\/#website","url":"https:\/\/www.sereni-d.com\/de\/","name":"Sereni-d\u00ae","description":"EXPERT Punaises de Lit - Laboratoire SUISSE - Traitements concentr\u00e9s contres les Punaises de Lit. Protection Longue Dur\u00e9e. Efficacit\u00e9 prouv\u00e9e, r\u00e9sultat maximal. Recommand\u00e9 par les professionnels.","publisher":{"@id":"https:\/\/www.sereni-d.com\/de\/#organization"},"potentialAction":[{"@type":"SearchAction","target":{"@type":"EntryPoint","urlTemplate":"https:\/\/www.sereni-d.com\/de\/?s={search_term_string}"},"query-input":{"@type":"PropertyValueSpecification","valueRequired":true,"valueName":"search_term_string"}}],"inLanguage":"de"},{"@type":"Organization","@id":"https:\/\/www.sereni-d.com\/de\/#organization","name":"Sereni-d","url":"https:\/\/www.sereni-d.com\/de\/","logo":{"@type":"ImageObject","inLanguage":"de","@id":"https:\/\/www.sereni-d.com\/de\/#\/schema\/logo\/image\/","url":"","contentUrl":"","caption":"Sereni-d"},"image":{"@id":"https:\/\/www.sereni-d.com\/de\/#\/schema\/logo\/image\/"},"sameAs":["https:\/\/www.facebook.com\/SereniDsante\/","https:\/\/www.instagram.com\/serenidsante\/"]}]}},"_links":{"self":[{"href":"https:\/\/www.sereni-d.com\/de\/wp-json\/wp\/v2\/product\/6127","targetHints":{"allow":["GET"]}}],"collection":[{"href":"https:\/\/www.sereni-d.com\/de\/wp-json\/wp\/v2\/product"}],"about":[{"href":"https:\/\/www.sereni-d.com\/de\/wp-json\/wp\/v2\/types\/product"}],"replies":[{"embeddable":true,"href":"https:\/\/www.sereni-d.com\/de\/wp-json\/wp\/v2\/comments?post=6127"}],"wp:featuredmedia":[{"embeddable":true,"href":"https:\/\/www.sereni-d.com\/de\/wp-json\/wp\/v2\/media\/6196"}],"wp:attachment":[{"href":"https:\/\/www.sereni-d.com\/de\/wp-json\/wp\/v2\/media?parent=6127"}],"wp:term":[{"taxonomy":"product_brand","embeddable":true,"href":"https:\/\/www.sereni-d.com\/de\/wp-json\/wp\/v2\/product_brand?post=6127"},{"taxonomy":"product_cat","embeddable":true,"href":"https:\/\/www.sereni-d.com\/de\/wp-json\/wp\/v2\/product_cat?post=6127"},{"taxonomy":"product_tag","embeddable":true,"href":"https:\/\/www.sereni-d.com\/de\/wp-json\/wp\/v2\/product_tag?post=6127"}],"curies":[{"name":"wp","href":"https:\/\/api.w.org\/{rel}","templated":true}]}}