{"id":22551,"date":"2026-02-27T09:29:55","date_gmt":"2026-02-27T08:29:55","guid":{"rendered":"https:\/\/www.sereni-d.com\/nos-conseils\/"},"modified":"2026-03-02T15:52:48","modified_gmt":"2026-03-02T14:52:48","slug":"advice","status":"publish","type":"page","link":"https:\/\/www.sereni-d.com\/en\/advice\/","title":{"rendered":"Our advice"},"content":{"rendered":"","protected":false},"excerpt":{"rendered":"","protected":false},"author":1,"featured_media":0,"parent":0,"menu_order":0,"comment_status":"closed","ping_status":"closed","template":"template-categorie-conseil.php","meta":{"_acf_changed":false,"_monsterinsights_skip_tracking":false,"_monsterinsights_sitenote_active":false,"_monsterinsights_sitenote_note":"","_monsterinsights_sitenote_category":0,"footnotes":""},"class_list":["post-22551","page","type-page","status-publish","hentry"],"acf":[],"yoast_head":"<!-- This site is optimized with the Yoast SEO plugin v27.2 - https:\/\/yoast.com\/product\/yoast-seo-wordpress\/ -->\n<title>Our advice - Sereni-d\u00ae<\/title>\n<meta name=\"robots\" content=\"index, follow, max-snippet:-1, max-image-preview:large, max-video-preview:-1\" \/>\n<link rel=\"canonical\" href=\"https:\/\/www.sereni-d.com\/en\/advice\/\" \/>\n<meta property=\"og:locale\" content=\"en_US\" \/>\n<meta property=\"og:type\" content=\"article\" \/>\n<meta property=\"og:title\" content=\"Our advice - Sereni-d\u00ae\" \/>\n<meta property=\"og:url\" content=\"https:\/\/www.sereni-d.com\/en\/advice\/\" \/>\n<meta property=\"og:site_name\" content=\"Sereni-d\u00ae\" \/>\n<meta property=\"article:publisher\" content=\"https:\/\/www.facebook.com\/SereniDsante\/\" \/>\n<meta property=\"article:modified_time\" content=\"2026-03-02T14:52:48+00:00\" \/>\n<meta name=\"twitter:card\" content=\"summary_large_image\" \/>\n<script type=\"application\/ld+json\" class=\"yoast-schema-graph\">{\"@context\":\"https:\/\/schema.org\",\"@graph\":[{\"@type\":\"WebPage\",\"@id\":\"https:\/\/www.sereni-d.com\/en\/advice\/\",\"url\":\"https:\/\/www.sereni-d.com\/en\/advice\/\",\"name\":\"Our advice - Sereni-d\u00ae\",\"isPartOf\":{\"@id\":\"https:\/\/www.sereni-d.com\/en\/#website\"},\"datePublished\":\"2026-02-27T08:29:55+00:00\",\"dateModified\":\"2026-03-02T14:52:48+00:00\",\"breadcrumb\":{\"@id\":\"https:\/\/www.sereni-d.com\/en\/advice\/#breadcrumb\"},\"inLanguage\":\"en-US\",\"potentialAction\":[{\"@type\":\"ReadAction\",\"target\":[\"https:\/\/www.sereni-d.com\/en\/advice\/\"]}]},{\"@type\":\"BreadcrumbList\",\"@id\":\"https:\/\/www.sereni-d.com\/en\/advice\/#breadcrumb\",\"itemListElement\":[{\"@type\":\"ListItem\",\"position\":1,\"name\":\"Home page\",\"item\":\"https:\/\/www.sereni-d.com\/en\/\"},{\"@type\":\"ListItem\",\"position\":2,\"name\":\"Our advice\"}]},{\"@type\":\"WebSite\",\"@id\":\"https:\/\/www.sereni-d.com\/en\/#website\",\"url\":\"https:\/\/www.sereni-d.com\/en\/\",\"name\":\"Sereni-d\u00ae\",\"description\":\"EXPERT Punaises de Lit - Laboratoire SUISSE - Traitements concentr\u00e9s contres les Punaises de Lit. Protection Longue Dur\u00e9e. Efficacit\u00e9 prouv\u00e9e, r\u00e9sultat maximal. Recommand\u00e9 par les professionnels.\",\"publisher\":{\"@id\":\"https:\/\/www.sereni-d.com\/en\/#organization\"},\"potentialAction\":[{\"@type\":\"SearchAction\",\"target\":{\"@type\":\"EntryPoint\",\"urlTemplate\":\"https:\/\/www.sereni-d.com\/en\/?s={search_term_string}\"},\"query-input\":{\"@type\":\"PropertyValueSpecification\",\"valueRequired\":true,\"valueName\":\"search_term_string\"}}],\"inLanguage\":\"en-US\"},{\"@type\":\"Organization\",\"@id\":\"https:\/\/www.sereni-d.com\/en\/#organization\",\"name\":\"Sereni-d\",\"url\":\"https:\/\/www.sereni-d.com\/en\/\",\"logo\":{\"@type\":\"ImageObject\",\"inLanguage\":\"en-US\",\"@id\":\"https:\/\/www.sereni-d.com\/en\/#\/schema\/logo\/image\/\",\"url\":\"\",\"contentUrl\":\"\",\"caption\":\"Sereni-d\"},\"image\":{\"@id\":\"https:\/\/www.sereni-d.com\/en\/#\/schema\/logo\/image\/\"},\"sameAs\":[\"https:\/\/www.facebook.com\/SereniDsante\/\",\"https:\/\/www.instagram.com\/serenidsante\/\"]}]}<\/script>\n<!-- \/ Yoast SEO plugin. -->","yoast_head_json":{"title":"Our advice - Sereni-d\u00ae","robots":{"index":"index","follow":"follow","max-snippet":"max-snippet:-1","max-image-preview":"max-image-preview:large","max-video-preview":"max-video-preview:-1"},"canonical":"https:\/\/www.sereni-d.com\/en\/advice\/","og_locale":"en_US","og_type":"article","og_title":"Our advice - Sereni-d\u00ae","og_url":"https:\/\/www.sereni-d.com\/en\/advice\/","og_site_name":"Sereni-d\u00ae","article_publisher":"https:\/\/www.facebook.com\/SereniDsante\/","article_modified_time":"2026-03-02T14:52:48+00:00","twitter_card":"summary_large_image","schema":{"@context":"https:\/\/schema.org","@graph":[{"@type":"WebPage","@id":"https:\/\/www.sereni-d.com\/en\/advice\/","url":"https:\/\/www.sereni-d.com\/en\/advice\/","name":"Our advice - Sereni-d\u00ae","isPartOf":{"@id":"https:\/\/www.sereni-d.com\/en\/#website"},"datePublished":"2026-02-27T08:29:55+00:00","dateModified":"2026-03-02T14:52:48+00:00","breadcrumb":{"@id":"https:\/\/www.sereni-d.com\/en\/advice\/#breadcrumb"},"inLanguage":"en-US","potentialAction":[{"@type":"ReadAction","target":["https:\/\/www.sereni-d.com\/en\/advice\/"]}]},{"@type":"BreadcrumbList","@id":"https:\/\/www.sereni-d.com\/en\/advice\/#breadcrumb","itemListElement":[{"@type":"ListItem","position":1,"name":"Home page","item":"https:\/\/www.sereni-d.com\/en\/"},{"@type":"ListItem","position":2,"name":"Our advice"}]},{"@type":"WebSite","@id":"https:\/\/www.sereni-d.com\/en\/#website","url":"https:\/\/www.sereni-d.com\/en\/","name":"Sereni-d\u00ae","description":"EXPERT Punaises de Lit - Laboratoire SUISSE - Traitements concentr\u00e9s contres les Punaises de Lit. Protection Longue Dur\u00e9e. Efficacit\u00e9 prouv\u00e9e, r\u00e9sultat maximal. Recommand\u00e9 par les professionnels.","publisher":{"@id":"https:\/\/www.sereni-d.com\/en\/#organization"},"potentialAction":[{"@type":"SearchAction","target":{"@type":"EntryPoint","urlTemplate":"https:\/\/www.sereni-d.com\/en\/?s={search_term_string}"},"query-input":{"@type":"PropertyValueSpecification","valueRequired":true,"valueName":"search_term_string"}}],"inLanguage":"en-US"},{"@type":"Organization","@id":"https:\/\/www.sereni-d.com\/en\/#organization","name":"Sereni-d","url":"https:\/\/www.sereni-d.com\/en\/","logo":{"@type":"ImageObject","inLanguage":"en-US","@id":"https:\/\/www.sereni-d.com\/en\/#\/schema\/logo\/image\/","url":"","contentUrl":"","caption":"Sereni-d"},"image":{"@id":"https:\/\/www.sereni-d.com\/en\/#\/schema\/logo\/image\/"},"sameAs":["https:\/\/www.facebook.com\/SereniDsante\/","https:\/\/www.instagram.com\/serenidsante\/"]}]}},"_links":{"self":[{"href":"https:\/\/www.sereni-d.com\/en\/wp-json\/wp\/v2\/pages\/22551","targetHints":{"allow":["GET"]}}],"collection":[{"href":"https:\/\/www.sereni-d.com\/en\/wp-json\/wp\/v2\/pages"}],"about":[{"href":"https:\/\/www.sereni-d.com\/en\/wp-json\/wp\/v2\/types\/page"}],"author":[{"embeddable":true,"href":"https:\/\/www.sereni-d.com\/en\/wp-json\/wp\/v2\/users\/1"}],"replies":[{"embeddable":true,"href":"https:\/\/www.sereni-d.com\/en\/wp-json\/wp\/v2\/comments?post=22551"}],"version-history":[{"count":3,"href":"https:\/\/www.sereni-d.com\/en\/wp-json\/wp\/v2\/pages\/22551\/revisions"}],"predecessor-version":[{"id":22646,"href":"https:\/\/www.sereni-d.com\/en\/wp-json\/wp\/v2\/pages\/22551\/revisions\/22646"}],"wp:attachment":[{"href":"https:\/\/www.sereni-d.com\/en\/wp-json\/wp\/v2\/media?parent=22551"}],"curies":[{"name":"wp","href":"https:\/\/api.w.org\/{rel}","templated":true}]}}