{"id":51,"date":"2023-04-11T14:47:59","date_gmt":"2023-04-11T12:47:59","guid":{"rendered":"https:\/\/www.sereni-d.com\/page-daccueil\/"},"modified":"2026-04-21T12:57:43","modified_gmt":"2026-04-21T10:57:43","slug":"page-daccueil","status":"publish","type":"page","link":"https:\/\/www.sereni-d.com\/en\/","title":{"rendered":"Home page"},"content":{"rendered":"","protected":false},"excerpt":{"rendered":"","protected":false},"author":1,"featured_media":0,"parent":0,"menu_order":0,"comment_status":"closed","ping_status":"closed","template":"template-homepage.php","meta":{"_acf_changed":false,"_monsterinsights_skip_tracking":false,"_monsterinsights_sitenote_active":false,"_monsterinsights_sitenote_note":"","_monsterinsights_sitenote_category":0,"footnotes":""},"class_list":["post-51","page","type-page","status-publish","hentry"],"acf":[],"yoast_head":"<!-- This site is optimized with the Yoast SEO plugin v27.4 - https:\/\/yoast.com\/product\/yoast-seo-wordpress\/ -->\n<title>Sereni-d\u00ae PEST CONTROL EXPERT \u2013 SWISS LABORATORY<\/title>\n<meta name=\"description\" content=\"Professional Pest Control Products: bed bugs, ants, moths, silverfish... Treatments of natural origin. Recommended by professionals and pharmacies.\" \/>\n<meta name=\"robots\" content=\"index, follow, max-snippet:-1, max-image-preview:large, max-video-preview:-1\" \/>\n<link rel=\"canonical\" href=\"https:\/\/www.sereni-d.com\/en\/\" \/>\n<meta property=\"og:locale\" content=\"en_US\" \/>\n<meta property=\"og:type\" content=\"article\" \/>\n<meta property=\"og:title\" content=\"Sereni-d\u00ae EXPERT Bed bugs - Laboratory SWITZERLAND\" \/>\n<meta property=\"og:description\" content=\"Concentrated natural treatments against bed bugs. Long-term protection. Proven effectiveness, maximum results. Recommended by professionals.\" \/>\n<meta property=\"og:url\" content=\"https:\/\/www.sereni-d.com\/en\/\" \/>\n<meta property=\"og:site_name\" content=\"Sereni-d\u00ae\" \/>\n<meta property=\"article:publisher\" content=\"https:\/\/www.facebook.com\/SereniDsante\/\" \/>\n<meta property=\"article:modified_time\" content=\"2026-04-21T10:57:43+00:00\" \/>\n<meta property=\"og:image\" content=\"https:\/\/www.sereni-d.com\/wp-content\/uploads\/2023\/07\/facebook-share-OG-image-1024x379.jpg\" \/>\n<meta name=\"twitter:card\" content=\"summary_large_image\" \/>\n<script type=\"application\/ld+json\" class=\"yoast-schema-graph\">{\"@context\":\"https:\\\/\\\/schema.org\",\"@graph\":[{\"@type\":\"WebPage\",\"@id\":\"https:\\\/\\\/www.sereni-d.com\\\/en\\\/\",\"url\":\"https:\\\/\\\/www.sereni-d.com\\\/en\\\/\",\"name\":\"Sereni-d\u00ae PEST CONTROL EXPERT \u2013 SWISS LABORATORY\",\"isPartOf\":{\"@id\":\"https:\\\/\\\/www.sereni-d.com\\\/en\\\/#website\"},\"datePublished\":\"2023-04-11T12:47:59+00:00\",\"dateModified\":\"2026-04-21T10:57:43+00:00\",\"description\":\"Professional Pest Control Products: bed bugs, ants, moths, silverfish... Treatments of natural origin. Recommended by professionals and pharmacies.\",\"breadcrumb\":{\"@id\":\"https:\\\/\\\/www.sereni-d.com\\\/en\\\/#breadcrumb\"},\"inLanguage\":\"en-US\",\"potentialAction\":[{\"@type\":\"ReadAction\",\"target\":[\"https:\\\/\\\/www.sereni-d.com\\\/en\\\/\"]}]},{\"@type\":\"BreadcrumbList\",\"@id\":\"https:\\\/\\\/www.sereni-d.com\\\/en\\\/#breadcrumb\",\"itemListElement\":[{\"@type\":\"ListItem\",\"position\":1,\"name\":\"Home page\",\"item\":\"https:\\\/\\\/www.sereni-d.com\\\/en\\\/\"},{\"@type\":\"ListItem\",\"position\":2,\"name\":\"Home page\"}]},{\"@type\":\"WebSite\",\"@id\":\"https:\\\/\\\/www.sereni-d.com\\\/en\\\/#website\",\"url\":\"https:\\\/\\\/www.sereni-d.com\\\/en\\\/\",\"name\":\"Sereni-d\u00ae\",\"description\":\"EXPERT Punaises de Lit - Laboratoire SUISSE - Traitements concentr\u00e9s contres les Punaises de Lit. Protection Longue Dur\u00e9e. Efficacit\u00e9 prouv\u00e9e, r\u00e9sultat maximal. Recommand\u00e9 par les professionnels.\",\"publisher\":{\"@id\":\"https:\\\/\\\/www.sereni-d.com\\\/en\\\/#organization\"},\"potentialAction\":[{\"@type\":\"SearchAction\",\"target\":{\"@type\":\"EntryPoint\",\"urlTemplate\":\"https:\\\/\\\/www.sereni-d.com\\\/en\\\/?s={search_term_string}\"},\"query-input\":{\"@type\":\"PropertyValueSpecification\",\"valueRequired\":true,\"valueName\":\"search_term_string\"}}],\"inLanguage\":\"en-US\"},{\"@type\":\"Organization\",\"@id\":\"https:\\\/\\\/www.sereni-d.com\\\/en\\\/#organization\",\"name\":\"Sereni-d\",\"url\":\"https:\\\/\\\/www.sereni-d.com\\\/en\\\/\",\"logo\":{\"@type\":\"ImageObject\",\"inLanguage\":\"en-US\",\"@id\":\"https:\\\/\\\/www.sereni-d.com\\\/en\\\/#\\\/schema\\\/logo\\\/image\\\/\",\"url\":\"\",\"contentUrl\":\"\",\"caption\":\"Sereni-d\"},\"image\":{\"@id\":\"https:\\\/\\\/www.sereni-d.com\\\/en\\\/#\\\/schema\\\/logo\\\/image\\\/\"},\"sameAs\":[\"https:\\\/\\\/www.facebook.com\\\/SereniDsante\\\/\",\"https:\\\/\\\/www.instagram.com\\\/serenidsante\\\/\"]}]}<\/script>\n<!-- \/ Yoast SEO plugin. -->","yoast_head_json":{"title":"Sereni-d\u00ae PEST CONTROL EXPERT \u2013 SWISS LABORATORY","description":"Professional Pest Control Products: bed bugs, ants, moths, silverfish... Treatments of natural origin. Recommended by professionals and pharmacies.","robots":{"index":"index","follow":"follow","max-snippet":"max-snippet:-1","max-image-preview":"max-image-preview:large","max-video-preview":"max-video-preview:-1"},"canonical":"https:\/\/www.sereni-d.com\/en\/","og_locale":"en_US","og_type":"article","og_title":"Sereni-d\u00ae EXPERT Bed bugs - Laboratory SWITZERLAND","og_description":"Concentrated natural treatments against bed bugs. Long-term protection. Proven effectiveness, maximum results. Recommended by professionals.","og_url":"https:\/\/www.sereni-d.com\/en\/","og_site_name":"Sereni-d\u00ae","article_publisher":"https:\/\/www.facebook.com\/SereniDsante\/","article_modified_time":"2026-04-21T10:57:43+00:00","og_image":[{"url":"https:\/\/www.sereni-d.com\/wp-content\/uploads\/2023\/07\/facebook-share-OG-image-1024x379.jpg","type":"","width":"","height":""}],"twitter_card":"summary_large_image","schema":{"@context":"https:\/\/schema.org","@graph":[{"@type":"WebPage","@id":"https:\/\/www.sereni-d.com\/en\/","url":"https:\/\/www.sereni-d.com\/en\/","name":"Sereni-d\u00ae PEST CONTROL EXPERT \u2013 SWISS LABORATORY","isPartOf":{"@id":"https:\/\/www.sereni-d.com\/en\/#website"},"datePublished":"2023-04-11T12:47:59+00:00","dateModified":"2026-04-21T10:57:43+00:00","description":"Professional Pest Control Products: bed bugs, ants, moths, silverfish... Treatments of natural origin. Recommended by professionals and pharmacies.","breadcrumb":{"@id":"https:\/\/www.sereni-d.com\/en\/#breadcrumb"},"inLanguage":"en-US","potentialAction":[{"@type":"ReadAction","target":["https:\/\/www.sereni-d.com\/en\/"]}]},{"@type":"BreadcrumbList","@id":"https:\/\/www.sereni-d.com\/en\/#breadcrumb","itemListElement":[{"@type":"ListItem","position":1,"name":"Home page","item":"https:\/\/www.sereni-d.com\/en\/"},{"@type":"ListItem","position":2,"name":"Home page"}]},{"@type":"WebSite","@id":"https:\/\/www.sereni-d.com\/en\/#website","url":"https:\/\/www.sereni-d.com\/en\/","name":"Sereni-d\u00ae","description":"EXPERT Punaises de Lit - Laboratoire SUISSE - Traitements concentr\u00e9s contres les Punaises de Lit. Protection Longue Dur\u00e9e. Efficacit\u00e9 prouv\u00e9e, r\u00e9sultat maximal. Recommand\u00e9 par les professionnels.","publisher":{"@id":"https:\/\/www.sereni-d.com\/en\/#organization"},"potentialAction":[{"@type":"SearchAction","target":{"@type":"EntryPoint","urlTemplate":"https:\/\/www.sereni-d.com\/en\/?s={search_term_string}"},"query-input":{"@type":"PropertyValueSpecification","valueRequired":true,"valueName":"search_term_string"}}],"inLanguage":"en-US"},{"@type":"Organization","@id":"https:\/\/www.sereni-d.com\/en\/#organization","name":"Sereni-d","url":"https:\/\/www.sereni-d.com\/en\/","logo":{"@type":"ImageObject","inLanguage":"en-US","@id":"https:\/\/www.sereni-d.com\/en\/#\/schema\/logo\/image\/","url":"","contentUrl":"","caption":"Sereni-d"},"image":{"@id":"https:\/\/www.sereni-d.com\/en\/#\/schema\/logo\/image\/"},"sameAs":["https:\/\/www.facebook.com\/SereniDsante\/","https:\/\/www.instagram.com\/serenidsante\/"]}]}},"_links":{"self":[{"href":"https:\/\/www.sereni-d.com\/en\/wp-json\/wp\/v2\/pages\/51","targetHints":{"allow":["GET"]}}],"collection":[{"href":"https:\/\/www.sereni-d.com\/en\/wp-json\/wp\/v2\/pages"}],"about":[{"href":"https:\/\/www.sereni-d.com\/en\/wp-json\/wp\/v2\/types\/page"}],"author":[{"embeddable":true,"href":"https:\/\/www.sereni-d.com\/en\/wp-json\/wp\/v2\/users\/1"}],"replies":[{"embeddable":true,"href":"https:\/\/www.sereni-d.com\/en\/wp-json\/wp\/v2\/comments?post=51"}],"version-history":[{"count":115,"href":"https:\/\/www.sereni-d.com\/en\/wp-json\/wp\/v2\/pages\/51\/revisions"}],"predecessor-version":[{"id":24355,"href":"https:\/\/www.sereni-d.com\/en\/wp-json\/wp\/v2\/pages\/51\/revisions\/24355"}],"wp:attachment":[{"href":"https:\/\/www.sereni-d.com\/en\/wp-json\/wp\/v2\/media?parent=51"}],"curies":[{"name":"wp","href":"https:\/\/api.w.org\/{rel}","templated":true}]}}