{"id":5226,"date":"2023-04-28T13:43:42","date_gmt":"2023-04-28T11:43:42","guid":{"rendered":"https:\/\/www.sereni-d.com\/the-brand\/"},"modified":"2024-08-22T17:34:48","modified_gmt":"2024-08-22T15:34:48","slug":"the-brand","status":"publish","type":"page","link":"https:\/\/www.sereni-d.com\/en\/the-brand\/","title":{"rendered":"The brand"},"content":{"rendered":"\n<h2 class=\"wp-block-heading has-text-align-center d-lg-none\">The project<\/h2>\n\n\n\n<div class=\"wp-block-media-text is-stacked-on-mobile mobile-img-full no-fit\"><figure class=\"wp-block-media-text__media\"><img loading=\"lazy\" decoding=\"async\" width=\"800\" height=\"500\" src=\"https:\/\/www.sereni-d.com\/wp-content\/uploads\/2023\/04\/img_marque_800x500_le-projet.jpg\" alt=\"\" class=\"wp-image-323 size-full\" srcset=\"https:\/\/www.sereni-d.com\/wp-content\/uploads\/2023\/04\/img_marque_800x500_le-projet.jpg 800w, https:\/\/www.sereni-d.com\/wp-content\/uploads\/2023\/04\/img_marque_800x500_le-projet-600x375.jpg 600w, https:\/\/www.sereni-d.com\/wp-content\/uploads\/2023\/04\/img_marque_800x500_le-projet-300x188.jpg 300w, https:\/\/www.sereni-d.com\/wp-content\/uploads\/2023\/04\/img_marque_800x500_le-projet-768x480.jpg 768w\" sizes=\"auto, (max-width: 800px) 100vw, 800px\" \/><\/figure><div class=\"wp-block-media-text__content\">\n<h2 class=\"wp-block-heading d-none d-lg-block\">The project<\/h2>\n\n\n\n<p>More than a million people were affected by bed bugs in 2020 in Switzerland and France, and one household in 10 between 2017 and 2022. One in three Airbnb accommodations in New York is affected by bed bugs, as are most hostels and mountain refuges on long-distance trails. Entire buildings in Geneva, Paris, Marseille and other major cities are regularly affected. <\/p>\n\n\n\n<p class=\"read-more-block\"><a href=\"#\" class=\"btn-more\">Read more<\/a><\/p>\n\n\n\n<p>Bed bugs have become a real scourge and a public health problem. When travelling to locations with a high turnover, e.g. hotels, Airbnb, B&amp;Bs, country cottages, mountain refuges, campsites or spending time in healthcare facilities, public transport, libraries, or renting out your accommodation, you are highly likely to be affected by bed bugs. Faced with this upsurge in Switzerland, France and the rest of the world, and with no effective, natural products on the market to combat bed bugs, the Swiss laboratory Sereni-d<strong><sup>\u00ae<\/sup><\/strong> is committed to researching active plant ingredients and developing formulas that are healthy for your family and our environment. The laboratory uses over 15 plants and active plant substances to combat bedbugs and their annoyances.<\/p>\n<\/div><\/div>\n\n\n\n<div style=\"height:2vw\" aria-hidden=\"true\" class=\"wp-block-spacer\"><\/div>\n\n\n\n<h2 class=\"wp-block-heading has-text-align-center d-lg-none\">Our history<\/h2>\n\n\n\n<div class=\"wp-block-media-text has-media-on-the-right is-stacked-on-mobile mobile-img-full no-fit\"><div class=\"wp-block-media-text__content\">\n<h2 class=\"wp-block-heading d-none d-lg-block\">Our history<\/h2>\n\n\n\n<p>It was after a bad experience in the bed bug-infested mountain refuges of the GR20 in Corsica, followed by an Airbnb rental in Montreal, Canada, and in an office in Geneva, that the idea gradually germinated. Realising that there weren&#8217;t any effective, natural preventive products or radical, rapid and healthy curative treatments to get rid of bed bugs when infestations occurred, and that this often triggered psychological distress in victims, Marine Falconnet decided in 2021 to fill this gap by developing a range of effective, long-lasting products to help both private individuals and professionals. The products have proved their maximum effectiveness, and today over 250,000 families are satisfied.<\/p>\n\n\n\n<p class=\"read-more-block\"><a href=\"#\" class=\"btn-more\">Read more<\/a><\/p>\n\n\n\n<p>&#8220;As an engineer, mother of two, and sensitive to natural products, I brought together the best experts to research active plant substances and develop a healthy, non-toxic and sustainable alternative for your family and our environment. Sereni-d<strong><sup>\u00ae<\/sup><\/strong> is a Swiss laboratory with expertise in bed bugs, for the long-term control of this real 21st century scourge.&#8221;<\/p>\n<\/div><figure class=\"wp-block-media-text__media\"><img loading=\"lazy\" decoding=\"async\" width=\"800\" height=\"500\" src=\"https:\/\/www.sereni-d.com\/wp-content\/uploads\/2023\/04\/img_marque_800x500_notre-histoire.jpg\" alt=\"\" class=\"wp-image-326 size-full\" srcset=\"https:\/\/www.sereni-d.com\/wp-content\/uploads\/2023\/04\/img_marque_800x500_notre-histoire.jpg 800w, https:\/\/www.sereni-d.com\/wp-content\/uploads\/2023\/04\/img_marque_800x500_notre-histoire-600x375.jpg 600w, https:\/\/www.sereni-d.com\/wp-content\/uploads\/2023\/04\/img_marque_800x500_notre-histoire-300x188.jpg 300w, https:\/\/www.sereni-d.com\/wp-content\/uploads\/2023\/04\/img_marque_800x500_notre-histoire-768x480.jpg 768w\" sizes=\"auto, (max-width: 800px) 100vw, 800px\" \/><\/figure><\/div>\n","protected":false},"excerpt":{"rendered":"<p>The project The project More than a million people were affected by bed bugs in 2020 in Switzerland and France, and one household in 10 between 2017 and 2022. One in three Airbnb accommodations in New York is affected by bed bugs, as are most hostels and mountain refuges on long-distance trails. Entire buildings in [&hellip;]<\/p>\n","protected":false},"author":1,"featured_media":0,"parent":0,"menu_order":0,"comment_status":"closed","ping_status":"closed","template":"template-page-marque.php","meta":{"_acf_changed":false,"_monsterinsights_skip_tracking":false,"_monsterinsights_sitenote_active":false,"_monsterinsights_sitenote_note":"","_monsterinsights_sitenote_category":0,"footnotes":""},"class_list":["post-5226","page","type-page","status-publish","hentry"],"acf":[],"yoast_head":"<!-- This site is optimized with the Yoast SEO plugin v27.2 - https:\/\/yoast.com\/product\/yoast-seo-wordpress\/ -->\n<title>The SERENI-D brand<\/title>\n<meta name=\"description\" content=\"Discover Sereni-d\u00ae EXPERT BED BUGS, your natural and effective solution against bed bugs. LABORATOIRE Suisse, we offer products made from plants, essential oils and water. For individuals and professionals.\" \/>\n<meta name=\"robots\" content=\"index, follow, max-snippet:-1, max-image-preview:large, max-video-preview:-1\" \/>\n<link rel=\"canonical\" href=\"https:\/\/www.sereni-d.com\/en\/the-brand\/\" \/>\n<meta property=\"og:locale\" content=\"en_US\" \/>\n<meta property=\"og:type\" content=\"article\" \/>\n<meta property=\"og:title\" content=\"The SERENI-D brand\" \/>\n<meta property=\"og:description\" content=\"Discover Sereni-d\u00ae EXPERT BED BUGS, your natural and effective solution against bed bugs. LABORATOIRE Suisse, we offer products made from plants, essential oils and water. For individuals and professionals.\" \/>\n<meta property=\"og:url\" content=\"https:\/\/www.sereni-d.com\/en\/the-brand\/\" \/>\n<meta property=\"og:site_name\" content=\"Sereni-d\u00ae\" \/>\n<meta property=\"article:publisher\" content=\"https:\/\/www.facebook.com\/SereniDsante\/\" \/>\n<meta property=\"article:modified_time\" content=\"2024-08-22T15:34:48+00:00\" \/>\n<meta property=\"og:image\" content=\"https:\/\/www.sereni-d.com\/wp-content\/uploads\/2023\/04\/img_marque_800x500_le-projet.jpg\" \/>\n<meta name=\"twitter:card\" content=\"summary_large_image\" \/>\n<meta name=\"twitter:label1\" content=\"Est. reading time\" \/>\n\t<meta name=\"twitter:data1\" content=\"3 minutes\" \/>\n<script type=\"application\/ld+json\" class=\"yoast-schema-graph\">{\"@context\":\"https:\/\/schema.org\",\"@graph\":[{\"@type\":\"WebPage\",\"@id\":\"https:\/\/www.sereni-d.com\/en\/the-brand\/\",\"url\":\"https:\/\/www.sereni-d.com\/en\/the-brand\/\",\"name\":\"The SERENI-D brand\",\"isPartOf\":{\"@id\":\"https:\/\/www.sereni-d.com\/en\/#website\"},\"primaryImageOfPage\":{\"@id\":\"https:\/\/www.sereni-d.com\/en\/the-brand\/#primaryimage\"},\"image\":{\"@id\":\"https:\/\/www.sereni-d.com\/en\/the-brand\/#primaryimage\"},\"thumbnailUrl\":\"https:\/\/www.sereni-d.com\/wp-content\/uploads\/2023\/04\/img_marque_800x500_le-projet.jpg\",\"datePublished\":\"2023-04-28T11:43:42+00:00\",\"dateModified\":\"2024-08-22T15:34:48+00:00\",\"description\":\"Discover Sereni-d\u00ae EXPERT BED BUGS, your natural and effective solution against bed bugs. LABORATOIRE Suisse, we offer products made from plants, essential oils and water. For individuals and professionals.\",\"breadcrumb\":{\"@id\":\"https:\/\/www.sereni-d.com\/en\/the-brand\/#breadcrumb\"},\"inLanguage\":\"en-US\",\"potentialAction\":[{\"@type\":\"ReadAction\",\"target\":[\"https:\/\/www.sereni-d.com\/en\/the-brand\/\"]}]},{\"@type\":\"ImageObject\",\"inLanguage\":\"en-US\",\"@id\":\"https:\/\/www.sereni-d.com\/en\/the-brand\/#primaryimage\",\"url\":\"https:\/\/www.sereni-d.com\/wp-content\/uploads\/2023\/04\/img_marque_800x500_le-projet.jpg\",\"contentUrl\":\"https:\/\/www.sereni-d.com\/wp-content\/uploads\/2023\/04\/img_marque_800x500_le-projet.jpg\"},{\"@type\":\"BreadcrumbList\",\"@id\":\"https:\/\/www.sereni-d.com\/en\/the-brand\/#breadcrumb\",\"itemListElement\":[{\"@type\":\"ListItem\",\"position\":1,\"name\":\"Home page\",\"item\":\"https:\/\/www.sereni-d.com\/en\/\"},{\"@type\":\"ListItem\",\"position\":2,\"name\":\"The brand\"}]},{\"@type\":\"WebSite\",\"@id\":\"https:\/\/www.sereni-d.com\/en\/#website\",\"url\":\"https:\/\/www.sereni-d.com\/en\/\",\"name\":\"Sereni-d\u00ae\",\"description\":\"EXPERT Punaises de Lit - Laboratoire SUISSE - Traitements concentr\u00e9s contres les Punaises de Lit. Protection Longue Dur\u00e9e. Efficacit\u00e9 prouv\u00e9e, r\u00e9sultat maximal. Recommand\u00e9 par les professionnels.\",\"publisher\":{\"@id\":\"https:\/\/www.sereni-d.com\/en\/#organization\"},\"potentialAction\":[{\"@type\":\"SearchAction\",\"target\":{\"@type\":\"EntryPoint\",\"urlTemplate\":\"https:\/\/www.sereni-d.com\/en\/?s={search_term_string}\"},\"query-input\":{\"@type\":\"PropertyValueSpecification\",\"valueRequired\":true,\"valueName\":\"search_term_string\"}}],\"inLanguage\":\"en-US\"},{\"@type\":\"Organization\",\"@id\":\"https:\/\/www.sereni-d.com\/en\/#organization\",\"name\":\"Sereni-d\",\"url\":\"https:\/\/www.sereni-d.com\/en\/\",\"logo\":{\"@type\":\"ImageObject\",\"inLanguage\":\"en-US\",\"@id\":\"https:\/\/www.sereni-d.com\/en\/#\/schema\/logo\/image\/\",\"url\":\"\",\"contentUrl\":\"\",\"caption\":\"Sereni-d\"},\"image\":{\"@id\":\"https:\/\/www.sereni-d.com\/en\/#\/schema\/logo\/image\/\"},\"sameAs\":[\"https:\/\/www.facebook.com\/SereniDsante\/\",\"https:\/\/www.instagram.com\/serenidsante\/\"]}]}<\/script>\n<!-- \/ Yoast SEO plugin. -->","yoast_head_json":{"title":"The SERENI-D brand","description":"Discover Sereni-d\u00ae EXPERT BED BUGS, your natural and effective solution against bed bugs. LABORATOIRE Suisse, we offer products made from plants, essential oils and water. For individuals and professionals.","robots":{"index":"index","follow":"follow","max-snippet":"max-snippet:-1","max-image-preview":"max-image-preview:large","max-video-preview":"max-video-preview:-1"},"canonical":"https:\/\/www.sereni-d.com\/en\/the-brand\/","og_locale":"en_US","og_type":"article","og_title":"The SERENI-D brand","og_description":"Discover Sereni-d\u00ae EXPERT BED BUGS, your natural and effective solution against bed bugs. LABORATOIRE Suisse, we offer products made from plants, essential oils and water. For individuals and professionals.","og_url":"https:\/\/www.sereni-d.com\/en\/the-brand\/","og_site_name":"Sereni-d\u00ae","article_publisher":"https:\/\/www.facebook.com\/SereniDsante\/","article_modified_time":"2024-08-22T15:34:48+00:00","og_image":[{"url":"https:\/\/www.sereni-d.com\/wp-content\/uploads\/2023\/04\/img_marque_800x500_le-projet.jpg","type":"","width":"","height":""}],"twitter_card":"summary_large_image","twitter_misc":{"Est. reading time":"3 minutes"},"schema":{"@context":"https:\/\/schema.org","@graph":[{"@type":"WebPage","@id":"https:\/\/www.sereni-d.com\/en\/the-brand\/","url":"https:\/\/www.sereni-d.com\/en\/the-brand\/","name":"The SERENI-D brand","isPartOf":{"@id":"https:\/\/www.sereni-d.com\/en\/#website"},"primaryImageOfPage":{"@id":"https:\/\/www.sereni-d.com\/en\/the-brand\/#primaryimage"},"image":{"@id":"https:\/\/www.sereni-d.com\/en\/the-brand\/#primaryimage"},"thumbnailUrl":"https:\/\/www.sereni-d.com\/wp-content\/uploads\/2023\/04\/img_marque_800x500_le-projet.jpg","datePublished":"2023-04-28T11:43:42+00:00","dateModified":"2024-08-22T15:34:48+00:00","description":"Discover Sereni-d\u00ae EXPERT BED BUGS, your natural and effective solution against bed bugs. LABORATOIRE Suisse, we offer products made from plants, essential oils and water. For individuals and professionals.","breadcrumb":{"@id":"https:\/\/www.sereni-d.com\/en\/the-brand\/#breadcrumb"},"inLanguage":"en-US","potentialAction":[{"@type":"ReadAction","target":["https:\/\/www.sereni-d.com\/en\/the-brand\/"]}]},{"@type":"ImageObject","inLanguage":"en-US","@id":"https:\/\/www.sereni-d.com\/en\/the-brand\/#primaryimage","url":"https:\/\/www.sereni-d.com\/wp-content\/uploads\/2023\/04\/img_marque_800x500_le-projet.jpg","contentUrl":"https:\/\/www.sereni-d.com\/wp-content\/uploads\/2023\/04\/img_marque_800x500_le-projet.jpg"},{"@type":"BreadcrumbList","@id":"https:\/\/www.sereni-d.com\/en\/the-brand\/#breadcrumb","itemListElement":[{"@type":"ListItem","position":1,"name":"Home page","item":"https:\/\/www.sereni-d.com\/en\/"},{"@type":"ListItem","position":2,"name":"The brand"}]},{"@type":"WebSite","@id":"https:\/\/www.sereni-d.com\/en\/#website","url":"https:\/\/www.sereni-d.com\/en\/","name":"Sereni-d\u00ae","description":"EXPERT Punaises de Lit - Laboratoire SUISSE - Traitements concentr\u00e9s contres les Punaises de Lit. Protection Longue Dur\u00e9e. Efficacit\u00e9 prouv\u00e9e, r\u00e9sultat maximal. Recommand\u00e9 par les professionnels.","publisher":{"@id":"https:\/\/www.sereni-d.com\/en\/#organization"},"potentialAction":[{"@type":"SearchAction","target":{"@type":"EntryPoint","urlTemplate":"https:\/\/www.sereni-d.com\/en\/?s={search_term_string}"},"query-input":{"@type":"PropertyValueSpecification","valueRequired":true,"valueName":"search_term_string"}}],"inLanguage":"en-US"},{"@type":"Organization","@id":"https:\/\/www.sereni-d.com\/en\/#organization","name":"Sereni-d","url":"https:\/\/www.sereni-d.com\/en\/","logo":{"@type":"ImageObject","inLanguage":"en-US","@id":"https:\/\/www.sereni-d.com\/en\/#\/schema\/logo\/image\/","url":"","contentUrl":"","caption":"Sereni-d"},"image":{"@id":"https:\/\/www.sereni-d.com\/en\/#\/schema\/logo\/image\/"},"sameAs":["https:\/\/www.facebook.com\/SereniDsante\/","https:\/\/www.instagram.com\/serenidsante\/"]}]}},"_links":{"self":[{"href":"https:\/\/www.sereni-d.com\/en\/wp-json\/wp\/v2\/pages\/5226","targetHints":{"allow":["GET"]}}],"collection":[{"href":"https:\/\/www.sereni-d.com\/en\/wp-json\/wp\/v2\/pages"}],"about":[{"href":"https:\/\/www.sereni-d.com\/en\/wp-json\/wp\/v2\/types\/page"}],"author":[{"embeddable":true,"href":"https:\/\/www.sereni-d.com\/en\/wp-json\/wp\/v2\/users\/1"}],"replies":[{"embeddable":true,"href":"https:\/\/www.sereni-d.com\/en\/wp-json\/wp\/v2\/comments?post=5226"}],"version-history":[{"count":5,"href":"https:\/\/www.sereni-d.com\/en\/wp-json\/wp\/v2\/pages\/5226\/revisions"}],"predecessor-version":[{"id":7775,"href":"https:\/\/www.sereni-d.com\/en\/wp-json\/wp\/v2\/pages\/5226\/revisions\/7775"}],"wp:attachment":[{"href":"https:\/\/www.sereni-d.com\/en\/wp-json\/wp\/v2\/media?parent=5226"}],"curies":[{"name":"wp","href":"https:\/\/api.w.org\/{rel}","templated":true}]}}