{"id":10068,"date":"2024-11-20T12:41:33","date_gmt":"2024-11-20T11:41:33","guid":{"rendered":"https:\/\/www.sereni-d.com\/?post_type=product&#038;p=10068"},"modified":"2026-04-19T14:53:21","modified_gmt":"2026-04-19T12:53:21","slug":"bed-bug-repellent-plates","status":"publish","type":"product","link":"https:\/\/www.sereni-d.com\/en\/produits\/bed-bug-repellent-plates\/","title":{"rendered":"BED PLAQUES Repellent Bed Bugs"},"content":{"rendered":"<p>The <strong>Bed Bug Plates<\/strong> are ready-to-use plates that have been specially developed to effectively repel bed bugs in a preventive context.<\/p>\n<p>Their extracts of geraniol and lavender, selected for their <strong>powerful repellent properties<\/strong>, ensure <strong>long-lasting preventive effectiveness<\/strong>.<\/p>\n<p>Placed under your bed legs, the active ingredients of the plates will disrupt the olfactory receptors of bed bugs and discourage them from settling in your bed.<\/p>\n<p>The plates create a <strong>true barrier to protect you from bed bugs<\/strong> while you sleep.<\/p>\n<p>Bed Bug Plates should be used in conjunction with a <strong>full bed bug treatment<\/strong> and following the Sereni-d de-<strong>infestation protocol<\/strong>.<\/p>\n<p>&nbsp;<\/p>\n<p><strong>Sereni-d\u00ae Satisfaction Guarantee:<\/strong> If you are not satisfied with your purchase, contact us via the contact page, and we will refund the full amount.<\/p>\n","protected":false},"excerpt":{"rendered":"<ul>\n<li>Bed bug repellent plaques<\/li>\n<li>Repels bed bugs in a preventive framework<\/li>\n<li>Long-lasting, safe, and durable protection<\/li>\n<li>Over 250,000 satisfied Sereni-d\u00ae customers<\/li>\n<\/ul>\n<p><strong>CONCENTRATED FORMULA \u2013 MAXIMUM RESULT<\/strong><\/p>\n<p>&nbsp;<\/p>\n","protected":false},"featured_media":10083,"comment_status":"open","ping_status":"closed","template":"","meta":{"_acf_changed":false,"_monsterinsights_skip_tracking":false,"_monsterinsights_sitenote_active":false,"_monsterinsights_sitenote_note":"","_monsterinsights_sitenote_category":0},"product_brand":[],"product_cat":[75],"product_tag":[],"class_list":{"0":"post-10068","1":"product","2":"type-product","3":"status-publish","4":"has-post-thumbnail","6":"product_cat-products","8":"first","9":"instock","10":"taxable","11":"shipping-taxable","12":"purchasable","13":"product-type-simple"},"acf":[],"yoast_head":"<!-- This site is optimized with the Yoast SEO plugin v27.2 - https:\/\/yoast.com\/product\/yoast-seo-wordpress\/ -->\n<title>Bed Bug Plates with Essential Oils- Sereni-d\u00ae<\/title>\n<meta name=\"description\" content=\"Repellent Bed Bug Plates with Lavender and Geraniol Extracts! Room Protection - 100% Natural Long-Lasting Barrier\" \/>\n<meta name=\"robots\" content=\"index, follow, max-snippet:-1, max-image-preview:large, max-video-preview:-1\" \/>\n<link rel=\"canonical\" href=\"https:\/\/www.sereni-d.com\/en\/produits\/bed-bug-repellent-plates\/\" \/>\n<meta property=\"og:locale\" content=\"en_US\" \/>\n<meta property=\"og:type\" content=\"article\" \/>\n<meta property=\"og:title\" content=\"Bed Bug Plates with Essential Oils- Sereni-d\u00ae\" \/>\n<meta property=\"og:description\" content=\"Repellent Bed Bug Plates with Lavender and Geraniol Extracts! Room Protection - 100% Natural Long-Lasting Barrier\" \/>\n<meta property=\"og:url\" content=\"https:\/\/www.sereni-d.com\/en\/produits\/bed-bug-repellent-plates\/\" \/>\n<meta property=\"og:site_name\" content=\"Sereni-d\u00ae\" \/>\n<meta property=\"article:publisher\" content=\"https:\/\/www.facebook.com\/SereniDsante\/\" \/>\n<meta property=\"article:modified_time\" content=\"2026-04-19T12:53:21+00:00\" \/>\n<meta property=\"og:image\" content=\"https:\/\/www.sereni-d.com\/wp-content\/uploads\/2024\/11\/EN_plaquette_lit_1-scaled.jpg\" \/>\n\t<meta property=\"og:image:width\" content=\"2560\" \/>\n\t<meta property=\"og:image:height\" content=\"2560\" \/>\n\t<meta property=\"og:image:type\" content=\"image\/jpeg\" \/>\n<meta name=\"twitter:card\" content=\"summary_large_image\" \/>\n<meta name=\"twitter:label1\" content=\"Est. reading time\" \/>\n\t<meta name=\"twitter:data1\" content=\"1 minute\" \/>\n<script type=\"application\/ld+json\" class=\"yoast-schema-graph\">{\"@context\":\"https:\/\/schema.org\",\"@graph\":[{\"@type\":\"WebPage\",\"@id\":\"https:\/\/www.sereni-d.com\/en\/produits\/bed-bug-repellent-plates\/\",\"url\":\"https:\/\/www.sereni-d.com\/en\/produits\/bed-bug-repellent-plates\/\",\"name\":\"Bed Bug Plates with Essential Oils- Sereni-d\u00ae\",\"isPartOf\":{\"@id\":\"https:\/\/www.sereni-d.com\/en\/#website\"},\"primaryImageOfPage\":{\"@id\":\"https:\/\/www.sereni-d.com\/en\/produits\/bed-bug-repellent-plates\/#primaryimage\"},\"image\":{\"@id\":\"https:\/\/www.sereni-d.com\/en\/produits\/bed-bug-repellent-plates\/#primaryimage\"},\"thumbnailUrl\":\"https:\/\/www.sereni-d.com\/wp-content\/uploads\/2024\/11\/EN_plaquette_lit_1-scaled.jpg\",\"datePublished\":\"2024-11-20T11:41:33+00:00\",\"dateModified\":\"2026-04-19T12:53:21+00:00\",\"description\":\"Repellent Bed Bug Plates with Lavender and Geraniol Extracts! Room Protection - 100% Natural Long-Lasting Barrier\",\"breadcrumb\":{\"@id\":\"https:\/\/www.sereni-d.com\/en\/produits\/bed-bug-repellent-plates\/#breadcrumb\"},\"inLanguage\":\"en-US\",\"potentialAction\":[{\"@type\":\"ReadAction\",\"target\":[\"https:\/\/www.sereni-d.com\/en\/produits\/bed-bug-repellent-plates\/\"]}]},{\"@type\":\"ImageObject\",\"inLanguage\":\"en-US\",\"@id\":\"https:\/\/www.sereni-d.com\/en\/produits\/bed-bug-repellent-plates\/#primaryimage\",\"url\":\"https:\/\/www.sereni-d.com\/wp-content\/uploads\/2024\/11\/EN_plaquette_lit_1-scaled.jpg\",\"contentUrl\":\"https:\/\/www.sereni-d.com\/wp-content\/uploads\/2024\/11\/EN_plaquette_lit_1-scaled.jpg\",\"width\":2560,\"height\":2560,\"caption\":\"Mattress protection against bed bugs\"},{\"@type\":\"BreadcrumbList\",\"@id\":\"https:\/\/www.sereni-d.com\/en\/produits\/bed-bug-repellent-plates\/#breadcrumb\",\"itemListElement\":[{\"@type\":\"ListItem\",\"position\":1,\"name\":\"Home page\",\"item\":\"https:\/\/www.sereni-d.com\/en\/\"},{\"@type\":\"ListItem\",\"position\":2,\"name\":\"Store\",\"item\":\"https:\/\/www.sereni-d.com\/en\/produits\/\"},{\"@type\":\"ListItem\",\"position\":3,\"name\":\"Punaise de lit\",\"item\":\"https:\/\/www.sereni-d.com\/categories\/punaise-de-lit\/\"},{\"@type\":\"ListItem\",\"position\":4,\"name\":\"Products\",\"item\":\"https:\/\/www.sereni-d.com\/en\/categories\/products\/\"},{\"@type\":\"ListItem\",\"position\":5,\"name\":\"BED PLAQUES Repellent Bed Bugs\"}]},{\"@type\":\"WebSite\",\"@id\":\"https:\/\/www.sereni-d.com\/en\/#website\",\"url\":\"https:\/\/www.sereni-d.com\/en\/\",\"name\":\"Sereni-d\u00ae\",\"description\":\"EXPERT Punaises de Lit - Laboratoire SUISSE - Traitements concentr\u00e9s contres les Punaises de Lit. Protection Longue Dur\u00e9e. Efficacit\u00e9 prouv\u00e9e, r\u00e9sultat maximal. Recommand\u00e9 par les professionnels.\",\"publisher\":{\"@id\":\"https:\/\/www.sereni-d.com\/en\/#organization\"},\"potentialAction\":[{\"@type\":\"SearchAction\",\"target\":{\"@type\":\"EntryPoint\",\"urlTemplate\":\"https:\/\/www.sereni-d.com\/en\/?s={search_term_string}\"},\"query-input\":{\"@type\":\"PropertyValueSpecification\",\"valueRequired\":true,\"valueName\":\"search_term_string\"}}],\"inLanguage\":\"en-US\"},{\"@type\":\"Organization\",\"@id\":\"https:\/\/www.sereni-d.com\/en\/#organization\",\"name\":\"Sereni-d\",\"url\":\"https:\/\/www.sereni-d.com\/en\/\",\"logo\":{\"@type\":\"ImageObject\",\"inLanguage\":\"en-US\",\"@id\":\"https:\/\/www.sereni-d.com\/en\/#\/schema\/logo\/image\/\",\"url\":\"\",\"contentUrl\":\"\",\"caption\":\"Sereni-d\"},\"image\":{\"@id\":\"https:\/\/www.sereni-d.com\/en\/#\/schema\/logo\/image\/\"},\"sameAs\":[\"https:\/\/www.facebook.com\/SereniDsante\/\",\"https:\/\/www.instagram.com\/serenidsante\/\"]}]}<\/script>\n<!-- \/ Yoast SEO plugin. -->","yoast_head_json":{"title":"Bed Bug Plates with Essential Oils- Sereni-d\u00ae","description":"Repellent Bed Bug Plates with Lavender and Geraniol Extracts! Room Protection - 100% Natural Long-Lasting Barrier","robots":{"index":"index","follow":"follow","max-snippet":"max-snippet:-1","max-image-preview":"max-image-preview:large","max-video-preview":"max-video-preview:-1"},"canonical":"https:\/\/www.sereni-d.com\/en\/produits\/bed-bug-repellent-plates\/","og_locale":"en_US","og_type":"article","og_title":"Bed Bug Plates with Essential Oils- Sereni-d\u00ae","og_description":"Repellent Bed Bug Plates with Lavender and Geraniol Extracts! Room Protection - 100% Natural Long-Lasting Barrier","og_url":"https:\/\/www.sereni-d.com\/en\/produits\/bed-bug-repellent-plates\/","og_site_name":"Sereni-d\u00ae","article_publisher":"https:\/\/www.facebook.com\/SereniDsante\/","article_modified_time":"2026-04-19T12:53:21+00:00","og_image":[{"width":2560,"height":2560,"url":"https:\/\/www.sereni-d.com\/wp-content\/uploads\/2024\/11\/EN_plaquette_lit_1-scaled.jpg","type":"image\/jpeg"}],"twitter_card":"summary_large_image","twitter_misc":{"Est. reading time":"1 minute"},"schema":{"@context":"https:\/\/schema.org","@graph":[{"@type":"WebPage","@id":"https:\/\/www.sereni-d.com\/en\/produits\/bed-bug-repellent-plates\/","url":"https:\/\/www.sereni-d.com\/en\/produits\/bed-bug-repellent-plates\/","name":"Bed Bug Plates with Essential Oils- Sereni-d\u00ae","isPartOf":{"@id":"https:\/\/www.sereni-d.com\/en\/#website"},"primaryImageOfPage":{"@id":"https:\/\/www.sereni-d.com\/en\/produits\/bed-bug-repellent-plates\/#primaryimage"},"image":{"@id":"https:\/\/www.sereni-d.com\/en\/produits\/bed-bug-repellent-plates\/#primaryimage"},"thumbnailUrl":"https:\/\/www.sereni-d.com\/wp-content\/uploads\/2024\/11\/EN_plaquette_lit_1-scaled.jpg","datePublished":"2024-11-20T11:41:33+00:00","dateModified":"2026-04-19T12:53:21+00:00","description":"Repellent Bed Bug Plates with Lavender and Geraniol Extracts! Room Protection - 100% Natural Long-Lasting Barrier","breadcrumb":{"@id":"https:\/\/www.sereni-d.com\/en\/produits\/bed-bug-repellent-plates\/#breadcrumb"},"inLanguage":"en-US","potentialAction":[{"@type":"ReadAction","target":["https:\/\/www.sereni-d.com\/en\/produits\/bed-bug-repellent-plates\/"]}]},{"@type":"ImageObject","inLanguage":"en-US","@id":"https:\/\/www.sereni-d.com\/en\/produits\/bed-bug-repellent-plates\/#primaryimage","url":"https:\/\/www.sereni-d.com\/wp-content\/uploads\/2024\/11\/EN_plaquette_lit_1-scaled.jpg","contentUrl":"https:\/\/www.sereni-d.com\/wp-content\/uploads\/2024\/11\/EN_plaquette_lit_1-scaled.jpg","width":2560,"height":2560,"caption":"Mattress protection against bed bugs"},{"@type":"BreadcrumbList","@id":"https:\/\/www.sereni-d.com\/en\/produits\/bed-bug-repellent-plates\/#breadcrumb","itemListElement":[{"@type":"ListItem","position":1,"name":"Home page","item":"https:\/\/www.sereni-d.com\/en\/"},{"@type":"ListItem","position":2,"name":"Store","item":"https:\/\/www.sereni-d.com\/en\/produits\/"},{"@type":"ListItem","position":3,"name":"Punaise de lit","item":"https:\/\/www.sereni-d.com\/categories\/punaise-de-lit\/"},{"@type":"ListItem","position":4,"name":"Products","item":"https:\/\/www.sereni-d.com\/en\/categories\/products\/"},{"@type":"ListItem","position":5,"name":"BED PLAQUES Repellent Bed Bugs"}]},{"@type":"WebSite","@id":"https:\/\/www.sereni-d.com\/en\/#website","url":"https:\/\/www.sereni-d.com\/en\/","name":"Sereni-d\u00ae","description":"EXPERT Punaises de Lit - Laboratoire SUISSE - Traitements concentr\u00e9s contres les Punaises de Lit. Protection Longue Dur\u00e9e. Efficacit\u00e9 prouv\u00e9e, r\u00e9sultat maximal. Recommand\u00e9 par les professionnels.","publisher":{"@id":"https:\/\/www.sereni-d.com\/en\/#organization"},"potentialAction":[{"@type":"SearchAction","target":{"@type":"EntryPoint","urlTemplate":"https:\/\/www.sereni-d.com\/en\/?s={search_term_string}"},"query-input":{"@type":"PropertyValueSpecification","valueRequired":true,"valueName":"search_term_string"}}],"inLanguage":"en-US"},{"@type":"Organization","@id":"https:\/\/www.sereni-d.com\/en\/#organization","name":"Sereni-d","url":"https:\/\/www.sereni-d.com\/en\/","logo":{"@type":"ImageObject","inLanguage":"en-US","@id":"https:\/\/www.sereni-d.com\/en\/#\/schema\/logo\/image\/","url":"","contentUrl":"","caption":"Sereni-d"},"image":{"@id":"https:\/\/www.sereni-d.com\/en\/#\/schema\/logo\/image\/"},"sameAs":["https:\/\/www.facebook.com\/SereniDsante\/","https:\/\/www.instagram.com\/serenidsante\/"]}]}},"_links":{"self":[{"href":"https:\/\/www.sereni-d.com\/en\/wp-json\/wp\/v2\/product\/10068","targetHints":{"allow":["GET"]}}],"collection":[{"href":"https:\/\/www.sereni-d.com\/en\/wp-json\/wp\/v2\/product"}],"about":[{"href":"https:\/\/www.sereni-d.com\/en\/wp-json\/wp\/v2\/types\/product"}],"replies":[{"embeddable":true,"href":"https:\/\/www.sereni-d.com\/en\/wp-json\/wp\/v2\/comments?post=10068"}],"wp:featuredmedia":[{"embeddable":true,"href":"https:\/\/www.sereni-d.com\/en\/wp-json\/wp\/v2\/media\/10083"}],"wp:attachment":[{"href":"https:\/\/www.sereni-d.com\/en\/wp-json\/wp\/v2\/media?parent=10068"}],"wp:term":[{"taxonomy":"product_brand","embeddable":true,"href":"https:\/\/www.sereni-d.com\/en\/wp-json\/wp\/v2\/product_brand?post=10068"},{"taxonomy":"product_cat","embeddable":true,"href":"https:\/\/www.sereni-d.com\/en\/wp-json\/wp\/v2\/product_cat?post=10068"},{"taxonomy":"product_tag","embeddable":true,"href":"https:\/\/www.sereni-d.com\/en\/wp-json\/wp\/v2\/product_tag?post=10068"}],"curies":[{"name":"wp","href":"https:\/\/api.w.org\/{rel}","templated":true}]}}