{"id":12636,"date":"2025-03-13T15:23:44","date_gmt":"2025-03-13T14:23:44","guid":{"rendered":"https:\/\/www.sereni-d.com\/?post_type=product&#038;p=12636"},"modified":"2026-05-17T15:23:32","modified_gmt":"2026-05-17T13:23:32","slug":"sos-bed-bug-pro-concentrate","status":"publish","type":"product","link":"https:\/\/www.sereni-d.com\/en\/produits\/sos-bed-bug-pro-concentrate\/","title":{"rendered":"SOS PRO Concentrate"},"content":{"rendered":"<p class=\"\" data-start=\"84\" data-end=\"256\">The <strong>SOS PRO Concentrate<\/strong> from Sereni-d is a concentrated treatment to be diluted, inspired by nature, and specifically developed to combat bed bugs in a curative approach.<\/p>\n<p class=\"\" data-start=\"258\" data-end=\"539\">Its plant-based Pyrethrum flower extract, combined with its plant-derived synergist, ensures the <strong>rapid destruction of bed bugs<\/strong> at all developmental stages (from larvae to adults) through a <strong>shock effect<\/strong> on their nervous systems and exoskeletons, neutralizing and dehydrating them.<\/p>\n<p class=\"\" data-start=\"541\" data-end=\"683\">Its <strong>concentrated formula<\/strong> provides immediate effectiveness (within minutes) and long-lasting action (up to 12 days under optimal conditions).<\/p>\n<p class=\"\" data-start=\"685\" data-end=\"1221\">The 100mL bottle should be diluted with water in a 5L sprayer, allowing the <strong>treatment of a 100m\u00b2 area<\/strong>. When sprayed on textiles, bedding, and surfaces, the dispersed molecules form a <strong>destructive film<\/strong> that poisons bed bugs upon contact with the treated area. This is a <strong>powerful treatment<\/strong> to be carried out as part of a <a href=\"https:\/\/www.sereni-d.com\/en\/our-advice\/bed-bugs-a-step-by-step-protocol-for-action\/\">complete disinfestation protocol<\/a>, after identifying and assessing the bed bug infestation, decluttering, vacuuming, washing textiles at 60\u00b0C, and spreading diatomaceous earth behind baseboards and in ceiling corners.<\/p>\n<p class=\"\" data-start=\"1223\" data-end=\"1337\">SOS PRO Concentrate is your best ally in case of a <strong>large-scale infestation<\/strong> or any suspicion of bed bug presence. It is suitable for hotels, professionals, as well as individuals who wish to treat large areas.<\/p>\n<p class=\"\" data-start=\"1339\" data-end=\"1488\"><strong data-start=\"1339\" data-end=\"1376\">Sereni-d\u00ae Satisfaction Guarantee:<\/strong> If you are not satisfied with your purchase, contact us via the <a href=\"https:\/\/www.sereni-d.com\/en\/contact\/\">contact page<\/a>, and we will refund you in full.<\/p>\n","protected":false},"excerpt":{"rendered":"<p align=\"justify\">\u2022 Professional concentrated bed bug treatment<br \/>\n\u2022 Eliminates bed bugs at larval and adult stages<br \/>\n\u2022 100m\u00b2 of treated surface<br \/>\n\u2022 Over 200,000 satisfied Sereni-d<sup>\u00ae<\/sup> customers<\/p>\n<p align=\"justify\"><strong>CONCENTRATED FORMULA \u2013 MAXIMUM RESULT<\/strong><\/p>\n","protected":false},"featured_media":12642,"comment_status":"open","ping_status":"closed","template":"","meta":{"_acf_changed":false,"_monsterinsights_skip_tracking":false,"_monsterinsights_sitenote_active":false,"_monsterinsights_sitenote_note":"","_monsterinsights_sitenote_category":0},"product_brand":[],"product_cat":[75],"product_tag":[],"class_list":{"0":"post-12636","1":"product","2":"type-product","3":"status-publish","4":"has-post-thumbnail","6":"product_cat-products","8":"first","9":"instock","10":"taxable","11":"shipping-taxable","12":"purchasable","13":"product-type-simple"},"acf":[],"yoast_head":"<!-- This site is optimized with the Yoast SEO plugin v27.4 - https:\/\/yoast.com\/product\/yoast-seo-wordpress\/ -->\n<title>Bed Bug Treatment SOS PRO Concentrate Sereni-d\u00ae<\/title>\n<meta name=\"description\" content=\"Professional bed bug treatment. Concentrate to dilute, one 100mL bottle = 5L = 100m\u00b2 of treated surface.\" \/>\n<meta name=\"robots\" content=\"index, follow, max-snippet:-1, max-image-preview:large, max-video-preview:-1\" \/>\n<link rel=\"canonical\" href=\"https:\/\/www.sereni-d.com\/en\/produits\/sos-bed-bug-pro-concentrate\/\" \/>\n<meta property=\"og:locale\" content=\"en_US\" \/>\n<meta property=\"og:type\" content=\"article\" \/>\n<meta property=\"og:title\" content=\"Bed Bug Treatment SOS PRO Concentrate Sereni-d\u00ae\" \/>\n<meta property=\"og:description\" content=\"Professional bed bug treatment. Concentrate to dilute, one 100mL bottle = 5L = 100m\u00b2 of treated surface.\" \/>\n<meta property=\"og:url\" content=\"https:\/\/www.sereni-d.com\/en\/produits\/sos-bed-bug-pro-concentrate\/\" \/>\n<meta property=\"og:site_name\" content=\"Sereni-d\u00ae\" \/>\n<meta property=\"article:publisher\" content=\"https:\/\/www.facebook.com\/SereniDsante\/\" \/>\n<meta property=\"article:modified_time\" content=\"2026-05-17T13:23:32+00:00\" \/>\n<meta property=\"og:image\" content=\"https:\/\/www.sereni-d.com\/wp-content\/uploads\/2025\/03\/image_SOS_pro-1-scaled.jpg\" \/>\n\t<meta property=\"og:image:width\" content=\"2560\" \/>\n\t<meta property=\"og:image:height\" content=\"2560\" \/>\n\t<meta property=\"og:image:type\" content=\"image\/jpeg\" \/>\n<meta name=\"twitter:card\" content=\"summary_large_image\" \/>\n<meta name=\"twitter:label1\" content=\"Est. reading time\" \/>\n\t<meta name=\"twitter:data1\" content=\"2 minutes\" \/>\n<script type=\"application\/ld+json\" class=\"yoast-schema-graph\">{\"@context\":\"https:\\\/\\\/schema.org\",\"@graph\":[{\"@type\":\"WebPage\",\"@id\":\"https:\\\/\\\/www.sereni-d.com\\\/en\\\/produits\\\/sos-bed-bug-pro-concentrate\\\/\",\"url\":\"https:\\\/\\\/www.sereni-d.com\\\/en\\\/produits\\\/sos-bed-bug-pro-concentrate\\\/\",\"name\":\"Bed Bug Treatment SOS PRO Concentrate Sereni-d\u00ae\",\"isPartOf\":{\"@id\":\"https:\\\/\\\/www.sereni-d.com\\\/en\\\/#website\"},\"primaryImageOfPage\":{\"@id\":\"https:\\\/\\\/www.sereni-d.com\\\/en\\\/produits\\\/sos-bed-bug-pro-concentrate\\\/#primaryimage\"},\"image\":{\"@id\":\"https:\\\/\\\/www.sereni-d.com\\\/en\\\/produits\\\/sos-bed-bug-pro-concentrate\\\/#primaryimage\"},\"thumbnailUrl\":\"https:\\\/\\\/www.sereni-d.com\\\/wp-content\\\/uploads\\\/2025\\\/04\\\/SOS_pro_EN_1.jpg\",\"datePublished\":\"2025-03-13T14:23:44+00:00\",\"dateModified\":\"2026-05-17T13:23:32+00:00\",\"description\":\"Professional bed bug treatment. Concentrate to dilute, one 100mL bottle = 5L = 100m\u00b2 of treated surface.\",\"breadcrumb\":{\"@id\":\"https:\\\/\\\/www.sereni-d.com\\\/en\\\/produits\\\/sos-bed-bug-pro-concentrate\\\/#breadcrumb\"},\"inLanguage\":\"en-US\",\"potentialAction\":[{\"@type\":\"ReadAction\",\"target\":[\"https:\\\/\\\/www.sereni-d.com\\\/en\\\/produits\\\/sos-bed-bug-pro-concentrate\\\/\"]}]},{\"@type\":\"ImageObject\",\"inLanguage\":\"en-US\",\"@id\":\"https:\\\/\\\/www.sereni-d.com\\\/en\\\/produits\\\/sos-bed-bug-pro-concentrate\\\/#primaryimage\",\"url\":\"https:\\\/\\\/www.sereni-d.com\\\/wp-content\\\/uploads\\\/2025\\\/04\\\/SOS_pro_EN_1.jpg\",\"contentUrl\":\"https:\\\/\\\/www.sereni-d.com\\\/wp-content\\\/uploads\\\/2025\\\/04\\\/SOS_pro_EN_1.jpg\",\"width\":2500,\"height\":2500,\"caption\":\"SOS PRO concentrated\"},{\"@type\":\"BreadcrumbList\",\"@id\":\"https:\\\/\\\/www.sereni-d.com\\\/en\\\/produits\\\/sos-bed-bug-pro-concentrate\\\/#breadcrumb\",\"itemListElement\":[{\"@type\":\"ListItem\",\"position\":1,\"name\":\"Home page\",\"item\":\"https:\\\/\\\/www.sereni-d.com\\\/en\\\/\"},{\"@type\":\"ListItem\",\"position\":2,\"name\":\"Store\",\"item\":\"https:\\\/\\\/www.sereni-d.com\\\/en\\\/produits\\\/\"},{\"@type\":\"ListItem\",\"position\":3,\"name\":\"Punaise de lit\",\"item\":\"https:\\\/\\\/www.sereni-d.com\\\/categories\\\/punaise-de-lit\\\/\"},{\"@type\":\"ListItem\",\"position\":4,\"name\":\"Products\",\"item\":\"https:\\\/\\\/www.sereni-d.com\\\/en\\\/categories\\\/products\\\/\"},{\"@type\":\"ListItem\",\"position\":5,\"name\":\"SOS PRO Concentrate\"}]},{\"@type\":\"WebSite\",\"@id\":\"https:\\\/\\\/www.sereni-d.com\\\/en\\\/#website\",\"url\":\"https:\\\/\\\/www.sereni-d.com\\\/en\\\/\",\"name\":\"Sereni-d\u00ae\",\"description\":\"EXPERT Punaises de Lit - Laboratoire SUISSE - Traitements concentr\u00e9s contres les Punaises de Lit. Protection Longue Dur\u00e9e. Efficacit\u00e9 prouv\u00e9e, r\u00e9sultat maximal. Recommand\u00e9 par les professionnels.\",\"publisher\":{\"@id\":\"https:\\\/\\\/www.sereni-d.com\\\/en\\\/#organization\"},\"potentialAction\":[{\"@type\":\"SearchAction\",\"target\":{\"@type\":\"EntryPoint\",\"urlTemplate\":\"https:\\\/\\\/www.sereni-d.com\\\/en\\\/?s={search_term_string}\"},\"query-input\":{\"@type\":\"PropertyValueSpecification\",\"valueRequired\":true,\"valueName\":\"search_term_string\"}}],\"inLanguage\":\"en-US\"},{\"@type\":\"Organization\",\"@id\":\"https:\\\/\\\/www.sereni-d.com\\\/en\\\/#organization\",\"name\":\"Sereni-d\",\"url\":\"https:\\\/\\\/www.sereni-d.com\\\/en\\\/\",\"logo\":{\"@type\":\"ImageObject\",\"inLanguage\":\"en-US\",\"@id\":\"https:\\\/\\\/www.sereni-d.com\\\/en\\\/#\\\/schema\\\/logo\\\/image\\\/\",\"url\":\"\",\"contentUrl\":\"\",\"caption\":\"Sereni-d\"},\"image\":{\"@id\":\"https:\\\/\\\/www.sereni-d.com\\\/en\\\/#\\\/schema\\\/logo\\\/image\\\/\"},\"sameAs\":[\"https:\\\/\\\/www.facebook.com\\\/SereniDsante\\\/\",\"https:\\\/\\\/www.instagram.com\\\/serenidsante\\\/\"]}]}<\/script>\n<!-- \/ Yoast SEO plugin. -->","yoast_head_json":{"title":"Bed Bug Treatment SOS PRO Concentrate Sereni-d\u00ae","description":"Professional bed bug treatment. Concentrate to dilute, one 100mL bottle = 5L = 100m\u00b2 of treated surface.","robots":{"index":"index","follow":"follow","max-snippet":"max-snippet:-1","max-image-preview":"max-image-preview:large","max-video-preview":"max-video-preview:-1"},"canonical":"https:\/\/www.sereni-d.com\/en\/produits\/sos-bed-bug-pro-concentrate\/","og_locale":"en_US","og_type":"article","og_title":"Bed Bug Treatment SOS PRO Concentrate Sereni-d\u00ae","og_description":"Professional bed bug treatment. Concentrate to dilute, one 100mL bottle = 5L = 100m\u00b2 of treated surface.","og_url":"https:\/\/www.sereni-d.com\/en\/produits\/sos-bed-bug-pro-concentrate\/","og_site_name":"Sereni-d\u00ae","article_publisher":"https:\/\/www.facebook.com\/SereniDsante\/","article_modified_time":"2026-05-17T13:23:32+00:00","og_image":[{"width":2560,"height":2560,"url":"https:\/\/www.sereni-d.com\/wp-content\/uploads\/2025\/03\/image_SOS_pro-1-scaled.jpg","type":"image\/jpeg"}],"twitter_card":"summary_large_image","twitter_misc":{"Est. reading time":"2 minutes"},"schema":{"@context":"https:\/\/schema.org","@graph":[{"@type":"WebPage","@id":"https:\/\/www.sereni-d.com\/en\/produits\/sos-bed-bug-pro-concentrate\/","url":"https:\/\/www.sereni-d.com\/en\/produits\/sos-bed-bug-pro-concentrate\/","name":"Bed Bug Treatment SOS PRO Concentrate Sereni-d\u00ae","isPartOf":{"@id":"https:\/\/www.sereni-d.com\/en\/#website"},"primaryImageOfPage":{"@id":"https:\/\/www.sereni-d.com\/en\/produits\/sos-bed-bug-pro-concentrate\/#primaryimage"},"image":{"@id":"https:\/\/www.sereni-d.com\/en\/produits\/sos-bed-bug-pro-concentrate\/#primaryimage"},"thumbnailUrl":"https:\/\/www.sereni-d.com\/wp-content\/uploads\/2025\/04\/SOS_pro_EN_1.jpg","datePublished":"2025-03-13T14:23:44+00:00","dateModified":"2026-05-17T13:23:32+00:00","description":"Professional bed bug treatment. Concentrate to dilute, one 100mL bottle = 5L = 100m\u00b2 of treated surface.","breadcrumb":{"@id":"https:\/\/www.sereni-d.com\/en\/produits\/sos-bed-bug-pro-concentrate\/#breadcrumb"},"inLanguage":"en-US","potentialAction":[{"@type":"ReadAction","target":["https:\/\/www.sereni-d.com\/en\/produits\/sos-bed-bug-pro-concentrate\/"]}]},{"@type":"ImageObject","inLanguage":"en-US","@id":"https:\/\/www.sereni-d.com\/en\/produits\/sos-bed-bug-pro-concentrate\/#primaryimage","url":"https:\/\/www.sereni-d.com\/wp-content\/uploads\/2025\/04\/SOS_pro_EN_1.jpg","contentUrl":"https:\/\/www.sereni-d.com\/wp-content\/uploads\/2025\/04\/SOS_pro_EN_1.jpg","width":2500,"height":2500,"caption":"SOS PRO concentrated"},{"@type":"BreadcrumbList","@id":"https:\/\/www.sereni-d.com\/en\/produits\/sos-bed-bug-pro-concentrate\/#breadcrumb","itemListElement":[{"@type":"ListItem","position":1,"name":"Home page","item":"https:\/\/www.sereni-d.com\/en\/"},{"@type":"ListItem","position":2,"name":"Store","item":"https:\/\/www.sereni-d.com\/en\/produits\/"},{"@type":"ListItem","position":3,"name":"Punaise de lit","item":"https:\/\/www.sereni-d.com\/categories\/punaise-de-lit\/"},{"@type":"ListItem","position":4,"name":"Products","item":"https:\/\/www.sereni-d.com\/en\/categories\/products\/"},{"@type":"ListItem","position":5,"name":"SOS PRO Concentrate"}]},{"@type":"WebSite","@id":"https:\/\/www.sereni-d.com\/en\/#website","url":"https:\/\/www.sereni-d.com\/en\/","name":"Sereni-d\u00ae","description":"EXPERT Punaises de Lit - Laboratoire SUISSE - Traitements concentr\u00e9s contres les Punaises de Lit. Protection Longue Dur\u00e9e. Efficacit\u00e9 prouv\u00e9e, r\u00e9sultat maximal. Recommand\u00e9 par les professionnels.","publisher":{"@id":"https:\/\/www.sereni-d.com\/en\/#organization"},"potentialAction":[{"@type":"SearchAction","target":{"@type":"EntryPoint","urlTemplate":"https:\/\/www.sereni-d.com\/en\/?s={search_term_string}"},"query-input":{"@type":"PropertyValueSpecification","valueRequired":true,"valueName":"search_term_string"}}],"inLanguage":"en-US"},{"@type":"Organization","@id":"https:\/\/www.sereni-d.com\/en\/#organization","name":"Sereni-d","url":"https:\/\/www.sereni-d.com\/en\/","logo":{"@type":"ImageObject","inLanguage":"en-US","@id":"https:\/\/www.sereni-d.com\/en\/#\/schema\/logo\/image\/","url":"","contentUrl":"","caption":"Sereni-d"},"image":{"@id":"https:\/\/www.sereni-d.com\/en\/#\/schema\/logo\/image\/"},"sameAs":["https:\/\/www.facebook.com\/SereniDsante\/","https:\/\/www.instagram.com\/serenidsante\/"]}]}},"_links":{"self":[{"href":"https:\/\/www.sereni-d.com\/en\/wp-json\/wp\/v2\/product\/12636","targetHints":{"allow":["GET"]}}],"collection":[{"href":"https:\/\/www.sereni-d.com\/en\/wp-json\/wp\/v2\/product"}],"about":[{"href":"https:\/\/www.sereni-d.com\/en\/wp-json\/wp\/v2\/types\/product"}],"replies":[{"embeddable":true,"href":"https:\/\/www.sereni-d.com\/en\/wp-json\/wp\/v2\/comments?post=12636"}],"wp:featuredmedia":[{"embeddable":true,"href":"https:\/\/www.sereni-d.com\/en\/wp-json\/wp\/v2\/media\/12642"}],"wp:attachment":[{"href":"https:\/\/www.sereni-d.com\/en\/wp-json\/wp\/v2\/media?parent=12636"}],"wp:term":[{"taxonomy":"product_brand","embeddable":true,"href":"https:\/\/www.sereni-d.com\/en\/wp-json\/wp\/v2\/product_brand?post=12636"},{"taxonomy":"product_cat","embeddable":true,"href":"https:\/\/www.sereni-d.com\/en\/wp-json\/wp\/v2\/product_cat?post=12636"},{"taxonomy":"product_tag","embeddable":true,"href":"https:\/\/www.sereni-d.com\/en\/wp-json\/wp\/v2\/product_tag?post=12636"}],"curies":[{"name":"wp","href":"https:\/\/api.w.org\/{rel}","templated":true}]}}