{"id":12807,"date":"2025-03-20T10:04:24","date_gmt":"2025-03-20T09:04:24","guid":{"rendered":"https:\/\/www.sereni-d.com\/?post_type=product&#038;p=12807"},"modified":"2026-04-14T22:23:30","modified_gmt":"2026-04-14T20:23:30","slug":"diatomaceous-earth-powder-bed-bugs","status":"publish","type":"product","link":"https:\/\/www.sereni-d.com\/en\/produits\/diatomaceous-earth-powder-bed-bugs\/","title":{"rendered":"Diatomaceous Earth Powder Bed Bugs"},"content":{"rendered":"<p class=\"\" data-start=\"44\" data-end=\"270\"><strong data-start=\"44\" data-end=\"82\">DIATOMACEOUS EARTH Powder BED BUGS<\/strong> is ready-to-use diatomaceous earth powder designed for easy application. Inspired by nature, it has been specially developed to combat bed bugs in both preventive and curative contexts.<\/p>\n<p class=\"\" data-start=\"272\" data-end=\"717\">Diatomaceous earth consists of fossilized microscopic algae and ensures the elimination of bed bugs at all developmental stages (from immature nymphs to adults) through an abrasive effect and desiccating action. Bed bugs coat themselves with the diatomaceous earth powder through their own movements. The powder\u2019s strong absorption power removes the lipids from their cuticle, causing dehydration and leading to their rapid death within hours.<\/p>\n<p class=\"\" data-start=\"719\" data-end=\"1253\">Diatomaceous earth has an immediate effect (a few hours) and long-lasting efficiency (up to several months under optimal conditions, meaning without humidity or vacuuming). With its biocidal certification, diatomaceous earth guarantees a silica (SiO2) content of at least 90%, ensuring a highly effective absorption and drying effect on bed bugs. This is what differentiates it from non-biocidal, food-grade diatomaceous earth, which contains less silica, has larger particle sizes, and is therefore less effective against bed bugs.<\/p>\n<p class=\"\" data-start=\"1255\" data-end=\"1638\">When applied behind baseboards, in false ceilings, ducts, and behind partitions, diatomaceous earth acts as a deep treatment. It adheres to the exoskeletons of bed bugs, dehydrating them upon contact with treated surfaces, leading to their death. The diatomaceous earth powder complements the aerosol spray, which is ideal for small cracks, corners, and wall and ceiling junctions.<\/p>\n<p class=\"\" data-start=\"1640\" data-end=\"1894\"><strong data-start=\"1640\" data-end=\"1669\">DIATOMACEOUS EARTH Powder<\/strong> is a professional-grade bed bug elimination solution that does not induce resistance. It is also effective against other crawling household insects such as ants, spiders, mites, fleas, silverfish, cockroaches, and beetles.<\/p>\n<p class=\"\" data-start=\"1896\" data-end=\"2472\">Diatomaceous earth is your best ally for prevention, in case of infestation, or whenever there is the slightest suspicion of bed bug presence. In cases of infestation, it serves as a precise mechanical alternative to chemical treatments and complements them. It works in conjunction with <a href=\"https:\/\/www.sereni-d.com\/en\/produits\/diatomaceous-earth-bed-bugs\/\">Diatomaceous Earth Aerosol<\/a>, <a href=\"https:\/\/www.sereni-d.com\/en\/produits\/sos-bed-bugs-xxl\/\">SOS spray<\/a>, and <a href=\"https:\/\/www.sereni-d.com\/en\/produits\/freeze-begbugs\/\">FREEZE aerosol<\/a>. When used preventively in strategic locations, diatomaceous earth creates an effective barrier against bed bugs. The <strong data-start=\"2360\" data-end=\"2399\">Sereni-d\u00ae DIATOMACEOUS EARTH Powder<\/strong> allows for targeted application and is ideal for eliminating bed bugs.<\/p>\n<p class=\"\" data-start=\"2474\" data-end=\"2627\"><strong data-start=\"2474\" data-end=\"2511\">Sereni-d\u00ae Satisfaction Guarantee:<\/strong> If you are not satisfied with your purchase, contact us via the <a href=\"https:\/\/www.sereni-d.com\/en\/contact\/\">contact page<\/a>, and we will refund the full amount.<\/p>\n","protected":false},"excerpt":{"rendered":"<p align=\"justify\">\u2022 Preventive and curative powder against bed bugs<br \/>\n\u2022 Eliminates and prevents 100% of bed bugs (nymphs, adults)<br \/>\n\u2022 Immediate protection, long-lasting (up to 3 weeks).<br \/>\n\u2022 More than 200,000 satisfied Sereni-d\u00ae customers.<\/p>\n<p align=\"justify\"><strong>CONCENTRATED FORMULA \u2013 MAXIMUM RESULT<\/strong><\/p>\n","protected":false},"featured_media":12813,"comment_status":"open","ping_status":"closed","template":"","meta":{"_acf_changed":false,"_monsterinsights_skip_tracking":false,"_monsterinsights_sitenote_active":false,"_monsterinsights_sitenote_note":"","_monsterinsights_sitenote_category":0},"product_brand":[],"product_cat":[75],"product_tag":[],"class_list":{"0":"post-12807","1":"product","2":"type-product","3":"status-publish","4":"has-post-thumbnail","6":"product_cat-products","8":"first","9":"instock","10":"taxable","11":"shipping-taxable","12":"purchasable","13":"product-type-simple"},"acf":[],"yoast_head":"<!-- This site is optimized with the Yoast SEO plugin v27.2 - https:\/\/yoast.com\/product\/yoast-seo-wordpress\/ -->\n<title>Diatomaceous Earth Powder Bed Bug Treatment - Sereni-d\u00ae<\/title>\n<meta name=\"description\" content=\"Diatomaceous earth powder helps eliminate bed bugs. It complements chemical treatments and mechanical measures. Professional treatment.\" \/>\n<meta name=\"robots\" content=\"index, follow, max-snippet:-1, max-image-preview:large, max-video-preview:-1\" \/>\n<link rel=\"canonical\" href=\"https:\/\/www.sereni-d.com\/en\/produits\/diatomaceous-earth-powder-bed-bugs\/\" \/>\n<meta property=\"og:locale\" content=\"en_US\" \/>\n<meta property=\"og:type\" content=\"article\" \/>\n<meta property=\"og:title\" content=\"Diatomaceous Earth Powder Bed Bug Treatment - Sereni-d\u00ae\" \/>\n<meta property=\"og:description\" content=\"Diatomaceous earth powder helps eliminate bed bugs. It complements chemical treatments and mechanical measures. Professional treatment.\" \/>\n<meta property=\"og:url\" content=\"https:\/\/www.sereni-d.com\/en\/produits\/diatomaceous-earth-powder-bed-bugs\/\" \/>\n<meta property=\"og:site_name\" content=\"Sereni-d\u00ae\" \/>\n<meta property=\"article:publisher\" content=\"https:\/\/www.facebook.com\/SereniDsante\/\" \/>\n<meta property=\"article:modified_time\" content=\"2026-04-14T20:23:30+00:00\" \/>\n<meta property=\"og:image\" content=\"https:\/\/www.sereni-d.com\/wp-content\/uploads\/2025\/03\/image_Sachet_diatomee-1-scaled.jpg\" \/>\n\t<meta property=\"og:image:width\" content=\"2560\" \/>\n\t<meta property=\"og:image:height\" content=\"2560\" \/>\n\t<meta property=\"og:image:type\" content=\"image\/jpeg\" \/>\n<meta name=\"twitter:card\" content=\"summary_large_image\" \/>\n<meta name=\"twitter:label1\" content=\"Est. reading time\" \/>\n\t<meta name=\"twitter:data1\" content=\"3 minutes\" \/>\n<script type=\"application\/ld+json\" class=\"yoast-schema-graph\">{\"@context\":\"https:\/\/schema.org\",\"@graph\":[{\"@type\":\"WebPage\",\"@id\":\"https:\/\/www.sereni-d.com\/en\/produits\/diatomaceous-earth-powder-bed-bugs\/\",\"url\":\"https:\/\/www.sereni-d.com\/en\/produits\/diatomaceous-earth-powder-bed-bugs\/\",\"name\":\"Diatomaceous Earth Powder Bed Bug Treatment - Sereni-d\u00ae\",\"isPartOf\":{\"@id\":\"https:\/\/www.sereni-d.com\/en\/#website\"},\"primaryImageOfPage\":{\"@id\":\"https:\/\/www.sereni-d.com\/en\/produits\/diatomaceous-earth-powder-bed-bugs\/#primaryimage\"},\"image\":{\"@id\":\"https:\/\/www.sereni-d.com\/en\/produits\/diatomaceous-earth-powder-bed-bugs\/#primaryimage\"},\"thumbnailUrl\":\"https:\/\/www.sereni-d.com\/wp-content\/uploads\/2025\/04\/Sachet-diatomee_EN_1.jpg\",\"datePublished\":\"2025-03-20T09:04:24+00:00\",\"dateModified\":\"2026-04-14T20:23:30+00:00\",\"description\":\"Diatomaceous earth powder helps eliminate bed bugs. It complements chemical treatments and mechanical measures. Professional treatment.\",\"breadcrumb\":{\"@id\":\"https:\/\/www.sereni-d.com\/en\/produits\/diatomaceous-earth-powder-bed-bugs\/#breadcrumb\"},\"inLanguage\":\"en-US\",\"potentialAction\":[{\"@type\":\"ReadAction\",\"target\":[\"https:\/\/www.sereni-d.com\/en\/produits\/diatomaceous-earth-powder-bed-bugs\/\"]}]},{\"@type\":\"ImageObject\",\"inLanguage\":\"en-US\",\"@id\":\"https:\/\/www.sereni-d.com\/en\/produits\/diatomaceous-earth-powder-bed-bugs\/#primaryimage\",\"url\":\"https:\/\/www.sereni-d.com\/wp-content\/uploads\/2025\/04\/Sachet-diatomee_EN_1.jpg\",\"contentUrl\":\"https:\/\/www.sereni-d.com\/wp-content\/uploads\/2025\/04\/Sachet-diatomee_EN_1.jpg\",\"width\":2500,\"height\":2500,\"caption\":\"Traitement punaise de lit professionnel\"},{\"@type\":\"BreadcrumbList\",\"@id\":\"https:\/\/www.sereni-d.com\/en\/produits\/diatomaceous-earth-powder-bed-bugs\/#breadcrumb\",\"itemListElement\":[{\"@type\":\"ListItem\",\"position\":1,\"name\":\"Home page\",\"item\":\"https:\/\/www.sereni-d.com\/en\/\"},{\"@type\":\"ListItem\",\"position\":2,\"name\":\"Store\",\"item\":\"https:\/\/www.sereni-d.com\/en\/produits\/\"},{\"@type\":\"ListItem\",\"position\":3,\"name\":\"Punaise de lit\",\"item\":\"https:\/\/www.sereni-d.com\/categories\/punaise-de-lit\/\"},{\"@type\":\"ListItem\",\"position\":4,\"name\":\"Products\",\"item\":\"https:\/\/www.sereni-d.com\/en\/categories\/products\/\"},{\"@type\":\"ListItem\",\"position\":5,\"name\":\"Diatomaceous Earth Powder Bed Bugs\"}]},{\"@type\":\"WebSite\",\"@id\":\"https:\/\/www.sereni-d.com\/en\/#website\",\"url\":\"https:\/\/www.sereni-d.com\/en\/\",\"name\":\"Sereni-d\u00ae\",\"description\":\"EXPERT Punaises de Lit - Laboratoire SUISSE - Traitements concentr\u00e9s contres les Punaises de Lit. Protection Longue Dur\u00e9e. Efficacit\u00e9 prouv\u00e9e, r\u00e9sultat maximal. Recommand\u00e9 par les professionnels.\",\"publisher\":{\"@id\":\"https:\/\/www.sereni-d.com\/en\/#organization\"},\"potentialAction\":[{\"@type\":\"SearchAction\",\"target\":{\"@type\":\"EntryPoint\",\"urlTemplate\":\"https:\/\/www.sereni-d.com\/en\/?s={search_term_string}\"},\"query-input\":{\"@type\":\"PropertyValueSpecification\",\"valueRequired\":true,\"valueName\":\"search_term_string\"}}],\"inLanguage\":\"en-US\"},{\"@type\":\"Organization\",\"@id\":\"https:\/\/www.sereni-d.com\/en\/#organization\",\"name\":\"Sereni-d\",\"url\":\"https:\/\/www.sereni-d.com\/en\/\",\"logo\":{\"@type\":\"ImageObject\",\"inLanguage\":\"en-US\",\"@id\":\"https:\/\/www.sereni-d.com\/en\/#\/schema\/logo\/image\/\",\"url\":\"\",\"contentUrl\":\"\",\"caption\":\"Sereni-d\"},\"image\":{\"@id\":\"https:\/\/www.sereni-d.com\/en\/#\/schema\/logo\/image\/\"},\"sameAs\":[\"https:\/\/www.facebook.com\/SereniDsante\/\",\"https:\/\/www.instagram.com\/serenidsante\/\"]}]}<\/script>\n<!-- \/ Yoast SEO plugin. -->","yoast_head_json":{"title":"Diatomaceous Earth Powder Bed Bug Treatment - Sereni-d\u00ae","description":"Diatomaceous earth powder helps eliminate bed bugs. It complements chemical treatments and mechanical measures. Professional treatment.","robots":{"index":"index","follow":"follow","max-snippet":"max-snippet:-1","max-image-preview":"max-image-preview:large","max-video-preview":"max-video-preview:-1"},"canonical":"https:\/\/www.sereni-d.com\/en\/produits\/diatomaceous-earth-powder-bed-bugs\/","og_locale":"en_US","og_type":"article","og_title":"Diatomaceous Earth Powder Bed Bug Treatment - Sereni-d\u00ae","og_description":"Diatomaceous earth powder helps eliminate bed bugs. It complements chemical treatments and mechanical measures. Professional treatment.","og_url":"https:\/\/www.sereni-d.com\/en\/produits\/diatomaceous-earth-powder-bed-bugs\/","og_site_name":"Sereni-d\u00ae","article_publisher":"https:\/\/www.facebook.com\/SereniDsante\/","article_modified_time":"2026-04-14T20:23:30+00:00","og_image":[{"width":2560,"height":2560,"url":"https:\/\/www.sereni-d.com\/wp-content\/uploads\/2025\/03\/image_Sachet_diatomee-1-scaled.jpg","type":"image\/jpeg"}],"twitter_card":"summary_large_image","twitter_misc":{"Est. reading time":"3 minutes"},"schema":{"@context":"https:\/\/schema.org","@graph":[{"@type":"WebPage","@id":"https:\/\/www.sereni-d.com\/en\/produits\/diatomaceous-earth-powder-bed-bugs\/","url":"https:\/\/www.sereni-d.com\/en\/produits\/diatomaceous-earth-powder-bed-bugs\/","name":"Diatomaceous Earth Powder Bed Bug Treatment - Sereni-d\u00ae","isPartOf":{"@id":"https:\/\/www.sereni-d.com\/en\/#website"},"primaryImageOfPage":{"@id":"https:\/\/www.sereni-d.com\/en\/produits\/diatomaceous-earth-powder-bed-bugs\/#primaryimage"},"image":{"@id":"https:\/\/www.sereni-d.com\/en\/produits\/diatomaceous-earth-powder-bed-bugs\/#primaryimage"},"thumbnailUrl":"https:\/\/www.sereni-d.com\/wp-content\/uploads\/2025\/04\/Sachet-diatomee_EN_1.jpg","datePublished":"2025-03-20T09:04:24+00:00","dateModified":"2026-04-14T20:23:30+00:00","description":"Diatomaceous earth powder helps eliminate bed bugs. It complements chemical treatments and mechanical measures. Professional treatment.","breadcrumb":{"@id":"https:\/\/www.sereni-d.com\/en\/produits\/diatomaceous-earth-powder-bed-bugs\/#breadcrumb"},"inLanguage":"en-US","potentialAction":[{"@type":"ReadAction","target":["https:\/\/www.sereni-d.com\/en\/produits\/diatomaceous-earth-powder-bed-bugs\/"]}]},{"@type":"ImageObject","inLanguage":"en-US","@id":"https:\/\/www.sereni-d.com\/en\/produits\/diatomaceous-earth-powder-bed-bugs\/#primaryimage","url":"https:\/\/www.sereni-d.com\/wp-content\/uploads\/2025\/04\/Sachet-diatomee_EN_1.jpg","contentUrl":"https:\/\/www.sereni-d.com\/wp-content\/uploads\/2025\/04\/Sachet-diatomee_EN_1.jpg","width":2500,"height":2500,"caption":"Traitement punaise de lit professionnel"},{"@type":"BreadcrumbList","@id":"https:\/\/www.sereni-d.com\/en\/produits\/diatomaceous-earth-powder-bed-bugs\/#breadcrumb","itemListElement":[{"@type":"ListItem","position":1,"name":"Home page","item":"https:\/\/www.sereni-d.com\/en\/"},{"@type":"ListItem","position":2,"name":"Store","item":"https:\/\/www.sereni-d.com\/en\/produits\/"},{"@type":"ListItem","position":3,"name":"Punaise de lit","item":"https:\/\/www.sereni-d.com\/categories\/punaise-de-lit\/"},{"@type":"ListItem","position":4,"name":"Products","item":"https:\/\/www.sereni-d.com\/en\/categories\/products\/"},{"@type":"ListItem","position":5,"name":"Diatomaceous Earth Powder Bed Bugs"}]},{"@type":"WebSite","@id":"https:\/\/www.sereni-d.com\/en\/#website","url":"https:\/\/www.sereni-d.com\/en\/","name":"Sereni-d\u00ae","description":"EXPERT Punaises de Lit - Laboratoire SUISSE - Traitements concentr\u00e9s contres les Punaises de Lit. Protection Longue Dur\u00e9e. Efficacit\u00e9 prouv\u00e9e, r\u00e9sultat maximal. Recommand\u00e9 par les professionnels.","publisher":{"@id":"https:\/\/www.sereni-d.com\/en\/#organization"},"potentialAction":[{"@type":"SearchAction","target":{"@type":"EntryPoint","urlTemplate":"https:\/\/www.sereni-d.com\/en\/?s={search_term_string}"},"query-input":{"@type":"PropertyValueSpecification","valueRequired":true,"valueName":"search_term_string"}}],"inLanguage":"en-US"},{"@type":"Organization","@id":"https:\/\/www.sereni-d.com\/en\/#organization","name":"Sereni-d","url":"https:\/\/www.sereni-d.com\/en\/","logo":{"@type":"ImageObject","inLanguage":"en-US","@id":"https:\/\/www.sereni-d.com\/en\/#\/schema\/logo\/image\/","url":"","contentUrl":"","caption":"Sereni-d"},"image":{"@id":"https:\/\/www.sereni-d.com\/en\/#\/schema\/logo\/image\/"},"sameAs":["https:\/\/www.facebook.com\/SereniDsante\/","https:\/\/www.instagram.com\/serenidsante\/"]}]}},"_links":{"self":[{"href":"https:\/\/www.sereni-d.com\/en\/wp-json\/wp\/v2\/product\/12807","targetHints":{"allow":["GET"]}}],"collection":[{"href":"https:\/\/www.sereni-d.com\/en\/wp-json\/wp\/v2\/product"}],"about":[{"href":"https:\/\/www.sereni-d.com\/en\/wp-json\/wp\/v2\/types\/product"}],"replies":[{"embeddable":true,"href":"https:\/\/www.sereni-d.com\/en\/wp-json\/wp\/v2\/comments?post=12807"}],"wp:featuredmedia":[{"embeddable":true,"href":"https:\/\/www.sereni-d.com\/en\/wp-json\/wp\/v2\/media\/12813"}],"wp:attachment":[{"href":"https:\/\/www.sereni-d.com\/en\/wp-json\/wp\/v2\/media?parent=12807"}],"wp:term":[{"taxonomy":"product_brand","embeddable":true,"href":"https:\/\/www.sereni-d.com\/en\/wp-json\/wp\/v2\/product_brand?post=12807"},{"taxonomy":"product_cat","embeddable":true,"href":"https:\/\/www.sereni-d.com\/en\/wp-json\/wp\/v2\/product_cat?post=12807"},{"taxonomy":"product_tag","embeddable":true,"href":"https:\/\/www.sereni-d.com\/en\/wp-json\/wp\/v2\/product_tag?post=12807"}],"curies":[{"name":"wp","href":"https:\/\/api.w.org\/{rel}","templated":true}]}}