{"id":15924,"date":"2025-07-03T16:23:51","date_gmt":"2025-07-03T14:23:51","guid":{"rendered":"https:\/\/www.sereni-d.com\/?post_type=product&#038;p=15924"},"modified":"2026-05-05T00:50:44","modified_gmt":"2026-05-04T22:50:44","slug":"shield-xxl-bed-bug-repellent-treatment","status":"publish","type":"product","link":"https:\/\/www.sereni-d.com\/en\/produits\/shield-xxl-bed-bug-repellent-treatment\/","title":{"rendered":"XXL SHIELD Bed Bug Repellent Treatment"},"content":{"rendered":"<p data-start=\"171\" data-end=\"322\"><strong data-start=\"171\" data-end=\"215\">SHIELD XXL Bed Bug Repellent Treatment<\/strong> is a ready-to-use repellent spray inspired by nature, specially developed to prevent bed bug infestations.<\/p>\n<p data-start=\"324\" data-end=\"530\">Its plant-based pyrethrum flower extract, combined with a complex of essential oils selected for their repellent properties, ensures long-lasting preventive efficacy (up to 7 days under optimal conditions).<\/p>\n<p data-start=\"532\" data-end=\"814\">When sprayed on your textiles and luggage, the powerful scent of plant-based active substances will disrupt the bed bugs&#8217; olfactory receptors and deter them from settling or laying eggs. The <strong data-start=\"171\" data-end=\"215\">SHIELD<\/strong> spray is ideal for use as a preventive measure during travel or while on the move.<\/p>\n<p data-start=\"816\" data-end=\"1068\">It can also be applied to surfaces such as door thresholds, window frames, or air vents in case of suspicion of a potentially infested neighboring area. <strong data-start=\"171\" data-end=\"215\">SHIELD<\/strong><strong data-start=\"969\" data-end=\"994\">\u00a0by Sereni-d\u00ae<\/strong> is your best ally while traveling or if you suspect a nearby infestation.<\/p>\n<p><strong>Sereni-d\u00ae<\/strong> satisfaction guarantee: If you are not satisfied with your purchase, contact us using the <a title=\"SERENI-D contact\" href=\"https:\/\/www.sereni-d.com\/en\/contact\/\">contact<\/a> page and we will refund the full amount.<\/p>\n","protected":false},"excerpt":{"rendered":"<p>\u2022 Preventive spray against bed bugs<br \/>\n\u2022 Repels bed bugs as a preventive measure<br \/>\n\u2022 Durable, safe and long-lasting protection<br \/>\n\u2022 Over 200,000 satisfied Sereni-d<sup>\u00ae<\/sup> customers<\/p>\n<p><strong>CONCENTRATED FORMULA \u2013 MAXIMUM RESULT<\/strong><\/p>\n<p>&nbsp;<\/p>\n","protected":false},"featured_media":15930,"comment_status":"open","ping_status":"closed","template":"","meta":{"_acf_changed":false,"_monsterinsights_skip_tracking":false,"_monsterinsights_sitenote_active":false,"_monsterinsights_sitenote_note":"","_monsterinsights_sitenote_category":0},"product_brand":[],"product_cat":[75],"product_tag":[],"class_list":{"0":"post-15924","1":"product","2":"type-product","3":"status-publish","4":"has-post-thumbnail","6":"product_cat-products","8":"first","9":"instock","10":"taxable","11":"shipping-taxable","12":"purchasable","13":"product-type-simple"},"acf":[],"yoast_head":"<!-- This site is optimized with the Yoast SEO plugin v27.4 - https:\/\/yoast.com\/product\/yoast-seo-wordpress\/ -->\n<title>SHIELD Bed Bug Repellent with Essential Oils<\/title>\n<meta name=\"description\" content=\"Preventive Plant-Based BED BUG REPELLENT Treatment! Effective &amp; Long-Lasting Protection \u2013 100% Natural-Origin Long-Term Protection\" \/>\n<meta name=\"robots\" content=\"index, follow, max-snippet:-1, max-image-preview:large, max-video-preview:-1\" \/>\n<link rel=\"canonical\" href=\"https:\/\/www.sereni-d.com\/en\/produits\/shield-xxl-bed-bug-repellent-treatment\/\" \/>\n<meta property=\"og:locale\" content=\"en_US\" \/>\n<meta property=\"og:type\" content=\"article\" \/>\n<meta property=\"og:title\" content=\"SHIELD Bed Bug Repellent with Essential Oils\" \/>\n<meta property=\"og:description\" content=\"Preventive Plant-Based BED BUG REPELLENT Treatment! Effective &amp; Long-Lasting Protection \u2013 100% Natural-Origin Long-Term Protection\" \/>\n<meta property=\"og:url\" content=\"https:\/\/www.sereni-d.com\/en\/produits\/shield-xxl-bed-bug-repellent-treatment\/\" \/>\n<meta property=\"og:site_name\" content=\"Sereni-d\u00ae\" \/>\n<meta property=\"article:publisher\" content=\"https:\/\/www.facebook.com\/SereniDsante\/\" \/>\n<meta property=\"article:modified_time\" content=\"2026-05-04T22:50:44+00:00\" \/>\n<meta property=\"og:image\" content=\"https:\/\/www.sereni-d.com\/wp-content\/uploads\/2025\/07\/FR_bouclier-XXL_1.jpg\" \/>\n\t<meta property=\"og:image:width\" content=\"980\" \/>\n\t<meta property=\"og:image:height\" content=\"980\" \/>\n\t<meta property=\"og:image:type\" content=\"image\/jpeg\" \/>\n<meta name=\"twitter:card\" content=\"summary_large_image\" \/>\n<meta name=\"twitter:label1\" content=\"Est. reading time\" \/>\n\t<meta name=\"twitter:data1\" content=\"2 minutes\" \/>\n<script type=\"application\/ld+json\" class=\"yoast-schema-graph\">{\"@context\":\"https:\\\/\\\/schema.org\",\"@graph\":[{\"@type\":\"WebPage\",\"@id\":\"https:\\\/\\\/www.sereni-d.com\\\/en\\\/produits\\\/shield-xxl-bed-bug-repellent-treatment\\\/\",\"url\":\"https:\\\/\\\/www.sereni-d.com\\\/en\\\/produits\\\/shield-xxl-bed-bug-repellent-treatment\\\/\",\"name\":\"SHIELD Bed Bug Repellent with Essential Oils\",\"isPartOf\":{\"@id\":\"https:\\\/\\\/www.sereni-d.com\\\/en\\\/#website\"},\"primaryImageOfPage\":{\"@id\":\"https:\\\/\\\/www.sereni-d.com\\\/en\\\/produits\\\/shield-xxl-bed-bug-repellent-treatment\\\/#primaryimage\"},\"image\":{\"@id\":\"https:\\\/\\\/www.sereni-d.com\\\/en\\\/produits\\\/shield-xxl-bed-bug-repellent-treatment\\\/#primaryimage\"},\"thumbnailUrl\":\"https:\\\/\\\/www.sereni-d.com\\\/wp-content\\\/uploads\\\/2025\\\/10\\\/EN_bouclier-XXL_0-scaled.jpg\",\"datePublished\":\"2025-07-03T14:23:51+00:00\",\"dateModified\":\"2026-05-04T22:50:44+00:00\",\"description\":\"Preventive Plant-Based BED BUG REPELLENT Treatment! Effective & Long-Lasting Protection \u2013 100% Natural-Origin Long-Term Protection\",\"breadcrumb\":{\"@id\":\"https:\\\/\\\/www.sereni-d.com\\\/en\\\/produits\\\/shield-xxl-bed-bug-repellent-treatment\\\/#breadcrumb\"},\"inLanguage\":\"en-US\",\"potentialAction\":[{\"@type\":\"ReadAction\",\"target\":[\"https:\\\/\\\/www.sereni-d.com\\\/en\\\/produits\\\/shield-xxl-bed-bug-repellent-treatment\\\/\"]}]},{\"@type\":\"ImageObject\",\"inLanguage\":\"en-US\",\"@id\":\"https:\\\/\\\/www.sereni-d.com\\\/en\\\/produits\\\/shield-xxl-bed-bug-repellent-treatment\\\/#primaryimage\",\"url\":\"https:\\\/\\\/www.sereni-d.com\\\/wp-content\\\/uploads\\\/2025\\\/10\\\/EN_bouclier-XXL_0-scaled.jpg\",\"contentUrl\":\"https:\\\/\\\/www.sereni-d.com\\\/wp-content\\\/uploads\\\/2025\\\/10\\\/EN_bouclier-XXL_0-scaled.jpg\",\"width\":2560,\"height\":2560},{\"@type\":\"BreadcrumbList\",\"@id\":\"https:\\\/\\\/www.sereni-d.com\\\/en\\\/produits\\\/shield-xxl-bed-bug-repellent-treatment\\\/#breadcrumb\",\"itemListElement\":[{\"@type\":\"ListItem\",\"position\":1,\"name\":\"Home page\",\"item\":\"https:\\\/\\\/www.sereni-d.com\\\/en\\\/\"},{\"@type\":\"ListItem\",\"position\":2,\"name\":\"Store\",\"item\":\"https:\\\/\\\/www.sereni-d.com\\\/en\\\/produits\\\/\"},{\"@type\":\"ListItem\",\"position\":3,\"name\":\"Punaise de lit\",\"item\":\"https:\\\/\\\/www.sereni-d.com\\\/categories\\\/punaise-de-lit\\\/\"},{\"@type\":\"ListItem\",\"position\":4,\"name\":\"Products\",\"item\":\"https:\\\/\\\/www.sereni-d.com\\\/en\\\/categories\\\/products\\\/\"},{\"@type\":\"ListItem\",\"position\":5,\"name\":\"XXL SHIELD Bed Bug Repellent Treatment\"}]},{\"@type\":\"WebSite\",\"@id\":\"https:\\\/\\\/www.sereni-d.com\\\/en\\\/#website\",\"url\":\"https:\\\/\\\/www.sereni-d.com\\\/en\\\/\",\"name\":\"Sereni-d\u00ae\",\"description\":\"EXPERT Punaises de Lit - Laboratoire SUISSE - Traitements concentr\u00e9s contres les Punaises de Lit. Protection Longue Dur\u00e9e. Efficacit\u00e9 prouv\u00e9e, r\u00e9sultat maximal. Recommand\u00e9 par les professionnels.\",\"publisher\":{\"@id\":\"https:\\\/\\\/www.sereni-d.com\\\/en\\\/#organization\"},\"potentialAction\":[{\"@type\":\"SearchAction\",\"target\":{\"@type\":\"EntryPoint\",\"urlTemplate\":\"https:\\\/\\\/www.sereni-d.com\\\/en\\\/?s={search_term_string}\"},\"query-input\":{\"@type\":\"PropertyValueSpecification\",\"valueRequired\":true,\"valueName\":\"search_term_string\"}}],\"inLanguage\":\"en-US\"},{\"@type\":\"Organization\",\"@id\":\"https:\\\/\\\/www.sereni-d.com\\\/en\\\/#organization\",\"name\":\"Sereni-d\",\"url\":\"https:\\\/\\\/www.sereni-d.com\\\/en\\\/\",\"logo\":{\"@type\":\"ImageObject\",\"inLanguage\":\"en-US\",\"@id\":\"https:\\\/\\\/www.sereni-d.com\\\/en\\\/#\\\/schema\\\/logo\\\/image\\\/\",\"url\":\"\",\"contentUrl\":\"\",\"caption\":\"Sereni-d\"},\"image\":{\"@id\":\"https:\\\/\\\/www.sereni-d.com\\\/en\\\/#\\\/schema\\\/logo\\\/image\\\/\"},\"sameAs\":[\"https:\\\/\\\/www.facebook.com\\\/SereniDsante\\\/\",\"https:\\\/\\\/www.instagram.com\\\/serenidsante\\\/\"]}]}<\/script>\n<!-- \/ Yoast SEO plugin. -->","yoast_head_json":{"title":"SHIELD Bed Bug Repellent with Essential Oils","description":"Preventive Plant-Based BED BUG REPELLENT Treatment! Effective & Long-Lasting Protection \u2013 100% Natural-Origin Long-Term Protection","robots":{"index":"index","follow":"follow","max-snippet":"max-snippet:-1","max-image-preview":"max-image-preview:large","max-video-preview":"max-video-preview:-1"},"canonical":"https:\/\/www.sereni-d.com\/en\/produits\/shield-xxl-bed-bug-repellent-treatment\/","og_locale":"en_US","og_type":"article","og_title":"SHIELD Bed Bug Repellent with Essential Oils","og_description":"Preventive Plant-Based BED BUG REPELLENT Treatment! Effective & Long-Lasting Protection \u2013 100% Natural-Origin Long-Term Protection","og_url":"https:\/\/www.sereni-d.com\/en\/produits\/shield-xxl-bed-bug-repellent-treatment\/","og_site_name":"Sereni-d\u00ae","article_publisher":"https:\/\/www.facebook.com\/SereniDsante\/","article_modified_time":"2026-05-04T22:50:44+00:00","og_image":[{"url":"https:\/\/www.sereni-d.com\/wp-content\/uploads\/2025\/07\/FR_bouclier-XXL_1.jpg","width":980,"height":980,"type":"image\/jpeg"}],"twitter_card":"summary_large_image","twitter_misc":{"Est. reading time":"2 minutes"},"schema":{"@context":"https:\/\/schema.org","@graph":[{"@type":"WebPage","@id":"https:\/\/www.sereni-d.com\/en\/produits\/shield-xxl-bed-bug-repellent-treatment\/","url":"https:\/\/www.sereni-d.com\/en\/produits\/shield-xxl-bed-bug-repellent-treatment\/","name":"SHIELD Bed Bug Repellent with Essential Oils","isPartOf":{"@id":"https:\/\/www.sereni-d.com\/en\/#website"},"primaryImageOfPage":{"@id":"https:\/\/www.sereni-d.com\/en\/produits\/shield-xxl-bed-bug-repellent-treatment\/#primaryimage"},"image":{"@id":"https:\/\/www.sereni-d.com\/en\/produits\/shield-xxl-bed-bug-repellent-treatment\/#primaryimage"},"thumbnailUrl":"https:\/\/www.sereni-d.com\/wp-content\/uploads\/2025\/10\/EN_bouclier-XXL_0-scaled.jpg","datePublished":"2025-07-03T14:23:51+00:00","dateModified":"2026-05-04T22:50:44+00:00","description":"Preventive Plant-Based BED BUG REPELLENT Treatment! Effective & Long-Lasting Protection \u2013 100% Natural-Origin Long-Term Protection","breadcrumb":{"@id":"https:\/\/www.sereni-d.com\/en\/produits\/shield-xxl-bed-bug-repellent-treatment\/#breadcrumb"},"inLanguage":"en-US","potentialAction":[{"@type":"ReadAction","target":["https:\/\/www.sereni-d.com\/en\/produits\/shield-xxl-bed-bug-repellent-treatment\/"]}]},{"@type":"ImageObject","inLanguage":"en-US","@id":"https:\/\/www.sereni-d.com\/en\/produits\/shield-xxl-bed-bug-repellent-treatment\/#primaryimage","url":"https:\/\/www.sereni-d.com\/wp-content\/uploads\/2025\/10\/EN_bouclier-XXL_0-scaled.jpg","contentUrl":"https:\/\/www.sereni-d.com\/wp-content\/uploads\/2025\/10\/EN_bouclier-XXL_0-scaled.jpg","width":2560,"height":2560},{"@type":"BreadcrumbList","@id":"https:\/\/www.sereni-d.com\/en\/produits\/shield-xxl-bed-bug-repellent-treatment\/#breadcrumb","itemListElement":[{"@type":"ListItem","position":1,"name":"Home page","item":"https:\/\/www.sereni-d.com\/en\/"},{"@type":"ListItem","position":2,"name":"Store","item":"https:\/\/www.sereni-d.com\/en\/produits\/"},{"@type":"ListItem","position":3,"name":"Punaise de lit","item":"https:\/\/www.sereni-d.com\/categories\/punaise-de-lit\/"},{"@type":"ListItem","position":4,"name":"Products","item":"https:\/\/www.sereni-d.com\/en\/categories\/products\/"},{"@type":"ListItem","position":5,"name":"XXL SHIELD Bed Bug Repellent Treatment"}]},{"@type":"WebSite","@id":"https:\/\/www.sereni-d.com\/en\/#website","url":"https:\/\/www.sereni-d.com\/en\/","name":"Sereni-d\u00ae","description":"EXPERT Punaises de Lit - Laboratoire SUISSE - Traitements concentr\u00e9s contres les Punaises de Lit. Protection Longue Dur\u00e9e. Efficacit\u00e9 prouv\u00e9e, r\u00e9sultat maximal. Recommand\u00e9 par les professionnels.","publisher":{"@id":"https:\/\/www.sereni-d.com\/en\/#organization"},"potentialAction":[{"@type":"SearchAction","target":{"@type":"EntryPoint","urlTemplate":"https:\/\/www.sereni-d.com\/en\/?s={search_term_string}"},"query-input":{"@type":"PropertyValueSpecification","valueRequired":true,"valueName":"search_term_string"}}],"inLanguage":"en-US"},{"@type":"Organization","@id":"https:\/\/www.sereni-d.com\/en\/#organization","name":"Sereni-d","url":"https:\/\/www.sereni-d.com\/en\/","logo":{"@type":"ImageObject","inLanguage":"en-US","@id":"https:\/\/www.sereni-d.com\/en\/#\/schema\/logo\/image\/","url":"","contentUrl":"","caption":"Sereni-d"},"image":{"@id":"https:\/\/www.sereni-d.com\/en\/#\/schema\/logo\/image\/"},"sameAs":["https:\/\/www.facebook.com\/SereniDsante\/","https:\/\/www.instagram.com\/serenidsante\/"]}]}},"_links":{"self":[{"href":"https:\/\/www.sereni-d.com\/en\/wp-json\/wp\/v2\/product\/15924","targetHints":{"allow":["GET"]}}],"collection":[{"href":"https:\/\/www.sereni-d.com\/en\/wp-json\/wp\/v2\/product"}],"about":[{"href":"https:\/\/www.sereni-d.com\/en\/wp-json\/wp\/v2\/types\/product"}],"replies":[{"embeddable":true,"href":"https:\/\/www.sereni-d.com\/en\/wp-json\/wp\/v2\/comments?post=15924"}],"wp:featuredmedia":[{"embeddable":true,"href":"https:\/\/www.sereni-d.com\/en\/wp-json\/wp\/v2\/media\/15930"}],"wp:attachment":[{"href":"https:\/\/www.sereni-d.com\/en\/wp-json\/wp\/v2\/media?parent=15924"}],"wp:term":[{"taxonomy":"product_brand","embeddable":true,"href":"https:\/\/www.sereni-d.com\/en\/wp-json\/wp\/v2\/product_brand?post=15924"},{"taxonomy":"product_cat","embeddable":true,"href":"https:\/\/www.sereni-d.com\/en\/wp-json\/wp\/v2\/product_cat?post=15924"},{"taxonomy":"product_tag","embeddable":true,"href":"https:\/\/www.sereni-d.com\/en\/wp-json\/wp\/v2\/product_tag?post=15924"}],"curies":[{"name":"wp","href":"https:\/\/api.w.org\/{rel}","templated":true}]}}