{"id":15966,"date":"2025-07-03T17:10:30","date_gmt":"2025-07-03T15:10:30","guid":{"rendered":"https:\/\/www.sereni-d.com\/?post_type=product&#038;p=15966"},"modified":"2026-05-11T14:17:46","modified_gmt":"2026-05-11T12:17:46","slug":"sos-canister-5l","status":"publish","type":"product","link":"https:\/\/www.sereni-d.com\/en\/produits\/sos-canister-5l\/","title":{"rendered":"PRO SOS 5L Canister"},"content":{"rendered":"<p data-start=\"125\" data-end=\"272\"><strong data-start=\"125\" data-end=\"272\">Sereni-d SOS Canister is a ready-to-use treatment inspired by nature, specially developed to eliminate bed bugs as part of a curative protocol.<\/strong><\/p>\n<p data-start=\"274\" data-end=\"553\">Its extract of plant-based pyrethrum flower combined with a natural synergist ensures the rapid destruction of bed bugs at all developmental stages (from larvae to adults), thanks to a shock effect on their nervous systems and exoskeletons, which neutralizes and dehydrates them.<\/p>\n<p data-start=\"555\" data-end=\"681\">Its concentrated formula offers immediate (within minutes) and long-lasting efficacy (up to 12 days under optimal conditions).<\/p>\n<p data-start=\"683\" data-end=\"1214\">The solution should be transferred into a spray bottle of your choice or into a sprayer. One canister treats an area of 100 m\u00b2. Sprayed on textiles, bedding, and surfaces, the dispersed molecules create a destructive film that poisons bed bugs when they come into contact with treated areas. This is a shock treatment to be used as part of a complete <a href=\"https:\/\/www.sereni-d.com\/en\/the-protocol-for-getting-rid-of-bed-bugs\/\">disinfestation protocol<\/a>\u2014after identifying the infestation, decluttering, vacuuming, washing textiles at 60\u00b0C, and applying diatomaceous earth behind baseboards and ceiling corners.<\/p>\n<p data-start=\"1216\" data-end=\"1417\">The SOS canister is your best ally in case of widespread infestation or any doubt about the presence of bed bugs. It is suitable for hotels, professionals, and individuals needing to treat large areas.<\/p>\n<p class=\"\" data-start=\"1339\" data-end=\"1488\"><strong data-start=\"1339\" data-end=\"1376\">Sereni-d\u00ae Satisfaction Guarantee:<\/strong> If you are not satisfied with your purchase, contact us via the <a href=\"https:\/\/www.sereni-d.com\/en\/contact\/\">contact page<\/a>, and we will refund you in full.<\/p>\n","protected":false},"excerpt":{"rendered":"<p align=\"justify\">\u2022 Professional concentrated bed bug treatment<br \/>\n\u2022 Eliminates bed bugs at larval and adult stages<br \/>\n\u2022 100m\u00b2 of treated surface<br \/>\n\u2022 Over 200,000 satisfied Sereni-d<sup>\u00ae<\/sup> customers<\/p>\n<p align=\"justify\"><strong>CONCENTRATED FORMULA \u2013 MAXIMUM RESULT<\/strong><\/p>\n","protected":false},"featured_media":15971,"comment_status":"open","ping_status":"closed","template":"","meta":{"_acf_changed":false,"_monsterinsights_skip_tracking":false,"_monsterinsights_sitenote_active":false,"_monsterinsights_sitenote_note":"","_monsterinsights_sitenote_category":0},"product_brand":[],"product_cat":[75],"product_tag":[],"class_list":{"0":"post-15966","1":"product","2":"type-product","3":"status-publish","4":"has-post-thumbnail","6":"product_cat-products","8":"first","9":"instock","10":"taxable","11":"shipping-taxable","12":"purchasable","13":"product-type-simple"},"acf":[],"yoast_head":"<!-- This site is optimized with the Yoast SEO plugin v27.4 - https:\/\/yoast.com\/product\/yoast-seo-wordpress\/ -->\n<title>Bed Bug Treatment SOS \u2013 5L Canister Sereni-d\u00ae<\/title>\n<meta name=\"description\" content=\"Professional bed bug treatment. One canister contains 5L of solution and can treat 100m\u00b2 of surface.\" \/>\n<meta name=\"robots\" content=\"index, follow, max-snippet:-1, max-image-preview:large, max-video-preview:-1\" \/>\n<link rel=\"canonical\" href=\"https:\/\/www.sereni-d.com\/en\/produits\/sos-canister-5l\/\" \/>\n<meta property=\"og:locale\" content=\"en_US\" \/>\n<meta property=\"og:type\" content=\"article\" \/>\n<meta property=\"og:title\" content=\"Bed Bug Treatment SOS \u2013 5L Canister Sereni-d\u00ae\" \/>\n<meta property=\"og:description\" content=\"Professional bed bug treatment. One canister contains 5L of solution and can treat 100m\u00b2 of surface.\" \/>\n<meta property=\"og:url\" content=\"https:\/\/www.sereni-d.com\/en\/produits\/sos-canister-5l\/\" \/>\n<meta property=\"og:site_name\" content=\"Sereni-d\u00ae\" \/>\n<meta property=\"article:publisher\" content=\"https:\/\/www.facebook.com\/SereniDsante\/\" \/>\n<meta property=\"article:modified_time\" content=\"2026-05-11T12:17:46+00:00\" \/>\n<meta property=\"og:image\" content=\"https:\/\/www.sereni-d.com\/wp-content\/uploads\/2025\/07\/FR_bidon_1.jpg\" \/>\n\t<meta property=\"og:image:width\" content=\"980\" \/>\n\t<meta property=\"og:image:height\" content=\"980\" \/>\n\t<meta property=\"og:image:type\" content=\"image\/jpeg\" \/>\n<meta name=\"twitter:card\" content=\"summary_large_image\" \/>\n<meta name=\"twitter:label1\" content=\"Est. reading time\" \/>\n\t<meta name=\"twitter:data1\" content=\"2 minutes\" \/>\n<script type=\"application\/ld+json\" class=\"yoast-schema-graph\">{\"@context\":\"https:\\\/\\\/schema.org\",\"@graph\":[{\"@type\":\"WebPage\",\"@id\":\"https:\\\/\\\/www.sereni-d.com\\\/en\\\/produits\\\/sos-canister-5l\\\/\",\"url\":\"https:\\\/\\\/www.sereni-d.com\\\/en\\\/produits\\\/sos-canister-5l\\\/\",\"name\":\"Bed Bug Treatment SOS \u2013 5L Canister Sereni-d\u00ae\",\"isPartOf\":{\"@id\":\"https:\\\/\\\/www.sereni-d.com\\\/en\\\/#website\"},\"primaryImageOfPage\":{\"@id\":\"https:\\\/\\\/www.sereni-d.com\\\/en\\\/produits\\\/sos-canister-5l\\\/#primaryimage\"},\"image\":{\"@id\":\"https:\\\/\\\/www.sereni-d.com\\\/en\\\/produits\\\/sos-canister-5l\\\/#primaryimage\"},\"thumbnailUrl\":\"https:\\\/\\\/www.sereni-d.com\\\/wp-content\\\/uploads\\\/2025\\\/10\\\/EN_bidon_0-scaled.jpg\",\"datePublished\":\"2025-07-03T15:10:30+00:00\",\"dateModified\":\"2026-05-11T12:17:46+00:00\",\"description\":\"Professional bed bug treatment. One canister contains 5L of solution and can treat 100m\u00b2 of surface.\",\"breadcrumb\":{\"@id\":\"https:\\\/\\\/www.sereni-d.com\\\/en\\\/produits\\\/sos-canister-5l\\\/#breadcrumb\"},\"inLanguage\":\"en-US\",\"potentialAction\":[{\"@type\":\"ReadAction\",\"target\":[\"https:\\\/\\\/www.sereni-d.com\\\/en\\\/produits\\\/sos-canister-5l\\\/\"]}]},{\"@type\":\"ImageObject\",\"inLanguage\":\"en-US\",\"@id\":\"https:\\\/\\\/www.sereni-d.com\\\/en\\\/produits\\\/sos-canister-5l\\\/#primaryimage\",\"url\":\"https:\\\/\\\/www.sereni-d.com\\\/wp-content\\\/uploads\\\/2025\\\/10\\\/EN_bidon_0-scaled.jpg\",\"contentUrl\":\"https:\\\/\\\/www.sereni-d.com\\\/wp-content\\\/uploads\\\/2025\\\/10\\\/EN_bidon_0-scaled.jpg\",\"width\":2560,\"height\":2560},{\"@type\":\"BreadcrumbList\",\"@id\":\"https:\\\/\\\/www.sereni-d.com\\\/en\\\/produits\\\/sos-canister-5l\\\/#breadcrumb\",\"itemListElement\":[{\"@type\":\"ListItem\",\"position\":1,\"name\":\"Home page\",\"item\":\"https:\\\/\\\/www.sereni-d.com\\\/en\\\/\"},{\"@type\":\"ListItem\",\"position\":2,\"name\":\"Store\",\"item\":\"https:\\\/\\\/www.sereni-d.com\\\/en\\\/produits\\\/\"},{\"@type\":\"ListItem\",\"position\":3,\"name\":\"Punaise de lit\",\"item\":\"https:\\\/\\\/www.sereni-d.com\\\/categories\\\/punaise-de-lit\\\/\"},{\"@type\":\"ListItem\",\"position\":4,\"name\":\"Products\",\"item\":\"https:\\\/\\\/www.sereni-d.com\\\/en\\\/categories\\\/products\\\/\"},{\"@type\":\"ListItem\",\"position\":5,\"name\":\"PRO SOS 5L Canister\"}]},{\"@type\":\"WebSite\",\"@id\":\"https:\\\/\\\/www.sereni-d.com\\\/en\\\/#website\",\"url\":\"https:\\\/\\\/www.sereni-d.com\\\/en\\\/\",\"name\":\"Sereni-d\u00ae\",\"description\":\"EXPERT Punaises de Lit - Laboratoire SUISSE - Traitements concentr\u00e9s contres les Punaises de Lit. Protection Longue Dur\u00e9e. Efficacit\u00e9 prouv\u00e9e, r\u00e9sultat maximal. Recommand\u00e9 par les professionnels.\",\"publisher\":{\"@id\":\"https:\\\/\\\/www.sereni-d.com\\\/en\\\/#organization\"},\"potentialAction\":[{\"@type\":\"SearchAction\",\"target\":{\"@type\":\"EntryPoint\",\"urlTemplate\":\"https:\\\/\\\/www.sereni-d.com\\\/en\\\/?s={search_term_string}\"},\"query-input\":{\"@type\":\"PropertyValueSpecification\",\"valueRequired\":true,\"valueName\":\"search_term_string\"}}],\"inLanguage\":\"en-US\"},{\"@type\":\"Organization\",\"@id\":\"https:\\\/\\\/www.sereni-d.com\\\/en\\\/#organization\",\"name\":\"Sereni-d\",\"url\":\"https:\\\/\\\/www.sereni-d.com\\\/en\\\/\",\"logo\":{\"@type\":\"ImageObject\",\"inLanguage\":\"en-US\",\"@id\":\"https:\\\/\\\/www.sereni-d.com\\\/en\\\/#\\\/schema\\\/logo\\\/image\\\/\",\"url\":\"\",\"contentUrl\":\"\",\"caption\":\"Sereni-d\"},\"image\":{\"@id\":\"https:\\\/\\\/www.sereni-d.com\\\/en\\\/#\\\/schema\\\/logo\\\/image\\\/\"},\"sameAs\":[\"https:\\\/\\\/www.facebook.com\\\/SereniDsante\\\/\",\"https:\\\/\\\/www.instagram.com\\\/serenidsante\\\/\"]}]}<\/script>\n<!-- \/ Yoast SEO plugin. -->","yoast_head_json":{"title":"Bed Bug Treatment SOS \u2013 5L Canister Sereni-d\u00ae","description":"Professional bed bug treatment. One canister contains 5L of solution and can treat 100m\u00b2 of surface.","robots":{"index":"index","follow":"follow","max-snippet":"max-snippet:-1","max-image-preview":"max-image-preview:large","max-video-preview":"max-video-preview:-1"},"canonical":"https:\/\/www.sereni-d.com\/en\/produits\/sos-canister-5l\/","og_locale":"en_US","og_type":"article","og_title":"Bed Bug Treatment SOS \u2013 5L Canister Sereni-d\u00ae","og_description":"Professional bed bug treatment. One canister contains 5L of solution and can treat 100m\u00b2 of surface.","og_url":"https:\/\/www.sereni-d.com\/en\/produits\/sos-canister-5l\/","og_site_name":"Sereni-d\u00ae","article_publisher":"https:\/\/www.facebook.com\/SereniDsante\/","article_modified_time":"2026-05-11T12:17:46+00:00","og_image":[{"url":"https:\/\/www.sereni-d.com\/wp-content\/uploads\/2025\/07\/FR_bidon_1.jpg","width":980,"height":980,"type":"image\/jpeg"}],"twitter_card":"summary_large_image","twitter_misc":{"Est. reading time":"2 minutes"},"schema":{"@context":"https:\/\/schema.org","@graph":[{"@type":"WebPage","@id":"https:\/\/www.sereni-d.com\/en\/produits\/sos-canister-5l\/","url":"https:\/\/www.sereni-d.com\/en\/produits\/sos-canister-5l\/","name":"Bed Bug Treatment SOS \u2013 5L Canister Sereni-d\u00ae","isPartOf":{"@id":"https:\/\/www.sereni-d.com\/en\/#website"},"primaryImageOfPage":{"@id":"https:\/\/www.sereni-d.com\/en\/produits\/sos-canister-5l\/#primaryimage"},"image":{"@id":"https:\/\/www.sereni-d.com\/en\/produits\/sos-canister-5l\/#primaryimage"},"thumbnailUrl":"https:\/\/www.sereni-d.com\/wp-content\/uploads\/2025\/10\/EN_bidon_0-scaled.jpg","datePublished":"2025-07-03T15:10:30+00:00","dateModified":"2026-05-11T12:17:46+00:00","description":"Professional bed bug treatment. One canister contains 5L of solution and can treat 100m\u00b2 of surface.","breadcrumb":{"@id":"https:\/\/www.sereni-d.com\/en\/produits\/sos-canister-5l\/#breadcrumb"},"inLanguage":"en-US","potentialAction":[{"@type":"ReadAction","target":["https:\/\/www.sereni-d.com\/en\/produits\/sos-canister-5l\/"]}]},{"@type":"ImageObject","inLanguage":"en-US","@id":"https:\/\/www.sereni-d.com\/en\/produits\/sos-canister-5l\/#primaryimage","url":"https:\/\/www.sereni-d.com\/wp-content\/uploads\/2025\/10\/EN_bidon_0-scaled.jpg","contentUrl":"https:\/\/www.sereni-d.com\/wp-content\/uploads\/2025\/10\/EN_bidon_0-scaled.jpg","width":2560,"height":2560},{"@type":"BreadcrumbList","@id":"https:\/\/www.sereni-d.com\/en\/produits\/sos-canister-5l\/#breadcrumb","itemListElement":[{"@type":"ListItem","position":1,"name":"Home page","item":"https:\/\/www.sereni-d.com\/en\/"},{"@type":"ListItem","position":2,"name":"Store","item":"https:\/\/www.sereni-d.com\/en\/produits\/"},{"@type":"ListItem","position":3,"name":"Punaise de lit","item":"https:\/\/www.sereni-d.com\/categories\/punaise-de-lit\/"},{"@type":"ListItem","position":4,"name":"Products","item":"https:\/\/www.sereni-d.com\/en\/categories\/products\/"},{"@type":"ListItem","position":5,"name":"PRO SOS 5L Canister"}]},{"@type":"WebSite","@id":"https:\/\/www.sereni-d.com\/en\/#website","url":"https:\/\/www.sereni-d.com\/en\/","name":"Sereni-d\u00ae","description":"EXPERT Punaises de Lit - Laboratoire SUISSE - Traitements concentr\u00e9s contres les Punaises de Lit. Protection Longue Dur\u00e9e. Efficacit\u00e9 prouv\u00e9e, r\u00e9sultat maximal. Recommand\u00e9 par les professionnels.","publisher":{"@id":"https:\/\/www.sereni-d.com\/en\/#organization"},"potentialAction":[{"@type":"SearchAction","target":{"@type":"EntryPoint","urlTemplate":"https:\/\/www.sereni-d.com\/en\/?s={search_term_string}"},"query-input":{"@type":"PropertyValueSpecification","valueRequired":true,"valueName":"search_term_string"}}],"inLanguage":"en-US"},{"@type":"Organization","@id":"https:\/\/www.sereni-d.com\/en\/#organization","name":"Sereni-d","url":"https:\/\/www.sereni-d.com\/en\/","logo":{"@type":"ImageObject","inLanguage":"en-US","@id":"https:\/\/www.sereni-d.com\/en\/#\/schema\/logo\/image\/","url":"","contentUrl":"","caption":"Sereni-d"},"image":{"@id":"https:\/\/www.sereni-d.com\/en\/#\/schema\/logo\/image\/"},"sameAs":["https:\/\/www.facebook.com\/SereniDsante\/","https:\/\/www.instagram.com\/serenidsante\/"]}]}},"_links":{"self":[{"href":"https:\/\/www.sereni-d.com\/en\/wp-json\/wp\/v2\/product\/15966","targetHints":{"allow":["GET"]}}],"collection":[{"href":"https:\/\/www.sereni-d.com\/en\/wp-json\/wp\/v2\/product"}],"about":[{"href":"https:\/\/www.sereni-d.com\/en\/wp-json\/wp\/v2\/types\/product"}],"replies":[{"embeddable":true,"href":"https:\/\/www.sereni-d.com\/en\/wp-json\/wp\/v2\/comments?post=15966"}],"wp:featuredmedia":[{"embeddable":true,"href":"https:\/\/www.sereni-d.com\/en\/wp-json\/wp\/v2\/media\/15971"}],"wp:attachment":[{"href":"https:\/\/www.sereni-d.com\/en\/wp-json\/wp\/v2\/media?parent=15966"}],"wp:term":[{"taxonomy":"product_brand","embeddable":true,"href":"https:\/\/www.sereni-d.com\/en\/wp-json\/wp\/v2\/product_brand?post=15966"},{"taxonomy":"product_cat","embeddable":true,"href":"https:\/\/www.sereni-d.com\/en\/wp-json\/wp\/v2\/product_cat?post=15966"},{"taxonomy":"product_tag","embeddable":true,"href":"https:\/\/www.sereni-d.com\/en\/wp-json\/wp\/v2\/product_tag?post=15966"}],"curies":[{"name":"wp","href":"https:\/\/api.w.org\/{rel}","templated":true}]}}