{"id":20679,"date":"2025-11-20T14:39:31","date_gmt":"2025-11-20T13:39:31","guid":{"rendered":"https:\/\/www.sereni-d.com\/?post_type=product&#038;p=20679"},"modified":"2026-04-19T17:53:34","modified_gmt":"2026-04-19T15:53:34","slug":"tea-tree-diatomaceous-earth-bed-bugs","status":"publish","type":"product","link":"https:\/\/www.sereni-d.com\/en\/produits\/tea-tree-diatomaceous-earth-bed-bugs\/","title":{"rendered":"TEA TREE DIATOMACEOUTH EARTH Bedbugs"},"content":{"rendered":"<p><strong>TEA TREE DIATOMACEOUS EARTH Bed Bug Treatment<\/strong> is a ready-to-use aerosol whose principles are inspired by nature and which has been specially developed to combat bed bugs in both preventive and curative settings.<\/p>\n<p>Its formula, based on diatomaceous earth and composed of microscopic algae fossils, ensures the <strong>destruction of bed bugs at all stages of development<\/strong> (eggs, larvae, and adults). Bed bugs cover their bodies with diatomaceous earth powder through their own movements. The powerful absorption power of the powder leads to the removal of lipids from the cuticle, causing the <strong>insects to dry out<\/strong> and die quickly within a few hours. Tea Tree essential oil with powerful antiparasitic properties enhances the freshness of your home.<\/p>\n<p>Its concentrated formula has<strong> immediate effectiveness (within a few hours) and long-lasting effects (up to 3 weeks of residual activity under optimal conditions of use)<\/strong>. Diatomaceous earth is <strong>amorphous<\/strong>, <strong>non-calcined<\/strong>, and its biocide certification guarantees a <strong>silica<\/strong> (SiO2) content of at least 90%, ensuring a very <strong>high absorption capacity and effectiveness against bed bugs<\/strong>. This is what differentiates it from non-biocide, food-grade diatomaceous earth, which has a lower silica content, larger particle size, and therefore a reduced drying effect, making it ineffective against bed bugs.<\/p>\n<p>Sprayed on surfaces, mattresses, and other dark corners, diatomaceous earth will adhere to the shells of bed bugs and cause their death as they pass over treated surfaces, <strong>dehydrating and killing them<\/strong>.<\/p>\n<p>TEA TREE DIATOMACEOUS EARTH aerosol is a <strong>professional-strength bed bug elimination solution that does not induce resistance<\/strong>. It is also effective against other crawling insects in the home such as <strong>ants, spiders, mites, fleas, silverfish, cockroaches, and beetles<\/strong>&#8230;<\/p>\n<p><strong>TEA TREE DIATOMACEOUS EARTH aerosol<\/strong> is your best ally in prevention, in case of infestation, or at the slightest suspicion of bed bug presence. It is a precise mechanical alternative to chemical treatments. It complements <a href=\"https:\/\/www.sereni-d.com\/en\/produits\/sos-bed-bugs-xxl\/\"><strong>SOS spray<\/strong><\/a> and <a href=\"https:\/\/www.sereni-d.com\/en\/produits\/freeze-begbugs\/\"><strong>FREEZE aerosol<\/strong><\/a>.<\/p>\n<p>Sereni-d\u00ae Satisfaction Guarantee: If you are not satisfied with your purchase, contact us via the<a href=\"https:\/\/www.sereni-d.com\/en\/contact\/\"> contact page<\/a>, and we will refund the full amount.<\/p>\n","protected":false},"excerpt":{"rendered":"<p align=\"justify\">\u2022 Preventive and curative aerosol against bed bugs.<br \/>\n\u2022 Kills and prevents 100% of bedbugs (eggs, larvae, adults).<br \/>\n\u2022 Immediate protection, long-lasting (up to 3 weeks).<br \/>\n\u2022 More than 250,000 satisfied Sereni-d\u00ae customers.<\/p>\n<p align=\"justify\"><strong>CONCENTRATED FORMULA \u2013 MAXIMUM RESULT<\/strong><\/p>\n","protected":false},"featured_media":20684,"comment_status":"open","ping_status":"closed","template":"","meta":{"_acf_changed":false,"_monsterinsights_skip_tracking":false,"_monsterinsights_sitenote_active":false,"_monsterinsights_sitenote_note":"","_monsterinsights_sitenote_category":0},"product_brand":[],"product_cat":[75],"product_tag":[],"class_list":{"0":"post-20679","1":"product","2":"type-product","3":"status-publish","4":"has-post-thumbnail","6":"product_cat-products","8":"first","9":"instock","10":"taxable","11":"shipping-taxable","12":"purchasable","13":"product-type-simple"},"acf":[],"yoast_head":"<!-- This site is optimized with the Yoast SEO plugin v27.2 - https:\/\/yoast.com\/product\/yoast-seo-wordpress\/ -->\n<title>Tea Tree Diatomaceous Earth Bed Bug Treatment - Sereni-d\u00ae<\/title>\n<meta name=\"description\" content=\"Powerful professional solution against bed bugs. Kills and prevents 100% of bed bugs. 3 weeks of effectiveness.\" \/>\n<meta name=\"robots\" content=\"index, follow, max-snippet:-1, max-image-preview:large, max-video-preview:-1\" \/>\n<link rel=\"canonical\" href=\"https:\/\/www.sereni-d.com\/en\/produits\/tea-tree-diatomaceous-earth-bed-bugs\/\" \/>\n<meta property=\"og:locale\" content=\"en_US\" \/>\n<meta property=\"og:type\" content=\"article\" \/>\n<meta property=\"og:title\" content=\"Tea Tree Diatomaceous Earth Bed Bug Treatment - Sereni-d\u00ae\" \/>\n<meta property=\"og:description\" content=\"Powerful professional solution against bed bugs. Kills and prevents 100% of bed bugs. 3 weeks of effectiveness.\" \/>\n<meta property=\"og:url\" content=\"https:\/\/www.sereni-d.com\/en\/produits\/tea-tree-diatomaceous-earth-bed-bugs\/\" \/>\n<meta property=\"og:site_name\" content=\"Sereni-d\u00ae\" \/>\n<meta property=\"article:publisher\" content=\"https:\/\/www.facebook.com\/SereniDsante\/\" \/>\n<meta property=\"article:modified_time\" content=\"2026-04-19T15:53:34+00:00\" \/>\n<meta property=\"og:image\" content=\"https:\/\/www.sereni-d.com\/wp-content\/uploads\/2025\/11\/EN_tea-tree-scaled.jpg\" \/>\n\t<meta property=\"og:image:width\" content=\"2560\" \/>\n\t<meta property=\"og:image:height\" content=\"2560\" \/>\n\t<meta property=\"og:image:type\" content=\"image\/jpeg\" \/>\n<meta name=\"twitter:card\" content=\"summary_large_image\" \/>\n<meta name=\"twitter:label1\" content=\"Est. reading time\" \/>\n\t<meta name=\"twitter:data1\" content=\"2 minutes\" \/>\n<script type=\"application\/ld+json\" class=\"yoast-schema-graph\">{\"@context\":\"https:\/\/schema.org\",\"@graph\":[{\"@type\":\"WebPage\",\"@id\":\"https:\/\/www.sereni-d.com\/en\/produits\/tea-tree-diatomaceous-earth-bed-bugs\/\",\"url\":\"https:\/\/www.sereni-d.com\/en\/produits\/tea-tree-diatomaceous-earth-bed-bugs\/\",\"name\":\"Tea Tree Diatomaceous Earth Bed Bug Treatment - Sereni-d\u00ae\",\"isPartOf\":{\"@id\":\"https:\/\/www.sereni-d.com\/en\/#website\"},\"primaryImageOfPage\":{\"@id\":\"https:\/\/www.sereni-d.com\/en\/produits\/tea-tree-diatomaceous-earth-bed-bugs\/#primaryimage\"},\"image\":{\"@id\":\"https:\/\/www.sereni-d.com\/en\/produits\/tea-tree-diatomaceous-earth-bed-bugs\/#primaryimage\"},\"thumbnailUrl\":\"https:\/\/www.sereni-d.com\/wp-content\/uploads\/2025\/11\/EN_tea-tree-scaled.jpg\",\"datePublished\":\"2025-11-20T13:39:31+00:00\",\"dateModified\":\"2026-04-19T15:53:34+00:00\",\"description\":\"Powerful professional solution against bed bugs. Kills and prevents 100% of bed bugs. 3 weeks of effectiveness.\",\"breadcrumb\":{\"@id\":\"https:\/\/www.sereni-d.com\/en\/produits\/tea-tree-diatomaceous-earth-bed-bugs\/#breadcrumb\"},\"inLanguage\":\"en-US\",\"potentialAction\":[{\"@type\":\"ReadAction\",\"target\":[\"https:\/\/www.sereni-d.com\/en\/produits\/tea-tree-diatomaceous-earth-bed-bugs\/\"]}]},{\"@type\":\"ImageObject\",\"inLanguage\":\"en-US\",\"@id\":\"https:\/\/www.sereni-d.com\/en\/produits\/tea-tree-diatomaceous-earth-bed-bugs\/#primaryimage\",\"url\":\"https:\/\/www.sereni-d.com\/wp-content\/uploads\/2025\/11\/EN_tea-tree-scaled.jpg\",\"contentUrl\":\"https:\/\/www.sereni-d.com\/wp-content\/uploads\/2025\/11\/EN_tea-tree-scaled.jpg\",\"width\":2560,\"height\":2560,\"caption\":\"Tea Tree Diatomaceous Earth Bedbugs\"},{\"@type\":\"BreadcrumbList\",\"@id\":\"https:\/\/www.sereni-d.com\/en\/produits\/tea-tree-diatomaceous-earth-bed-bugs\/#breadcrumb\",\"itemListElement\":[{\"@type\":\"ListItem\",\"position\":1,\"name\":\"Home page\",\"item\":\"https:\/\/www.sereni-d.com\/en\/\"},{\"@type\":\"ListItem\",\"position\":2,\"name\":\"Store\",\"item\":\"https:\/\/www.sereni-d.com\/en\/produits\/\"},{\"@type\":\"ListItem\",\"position\":3,\"name\":\"Punaise de lit\",\"item\":\"https:\/\/www.sereni-d.com\/categories\/punaise-de-lit\/\"},{\"@type\":\"ListItem\",\"position\":4,\"name\":\"Products\",\"item\":\"https:\/\/www.sereni-d.com\/en\/categories\/products\/\"},{\"@type\":\"ListItem\",\"position\":5,\"name\":\"TEA TREE DIATOMACEOUTH EARTH Bedbugs\"}]},{\"@type\":\"WebSite\",\"@id\":\"https:\/\/www.sereni-d.com\/en\/#website\",\"url\":\"https:\/\/www.sereni-d.com\/en\/\",\"name\":\"Sereni-d\u00ae\",\"description\":\"EXPERT Punaises de Lit - Laboratoire SUISSE - Traitements concentr\u00e9s contres les Punaises de Lit. Protection Longue Dur\u00e9e. Efficacit\u00e9 prouv\u00e9e, r\u00e9sultat maximal. Recommand\u00e9 par les professionnels.\",\"publisher\":{\"@id\":\"https:\/\/www.sereni-d.com\/en\/#organization\"},\"potentialAction\":[{\"@type\":\"SearchAction\",\"target\":{\"@type\":\"EntryPoint\",\"urlTemplate\":\"https:\/\/www.sereni-d.com\/en\/?s={search_term_string}\"},\"query-input\":{\"@type\":\"PropertyValueSpecification\",\"valueRequired\":true,\"valueName\":\"search_term_string\"}}],\"inLanguage\":\"en-US\"},{\"@type\":\"Organization\",\"@id\":\"https:\/\/www.sereni-d.com\/en\/#organization\",\"name\":\"Sereni-d\",\"url\":\"https:\/\/www.sereni-d.com\/en\/\",\"logo\":{\"@type\":\"ImageObject\",\"inLanguage\":\"en-US\",\"@id\":\"https:\/\/www.sereni-d.com\/en\/#\/schema\/logo\/image\/\",\"url\":\"\",\"contentUrl\":\"\",\"caption\":\"Sereni-d\"},\"image\":{\"@id\":\"https:\/\/www.sereni-d.com\/en\/#\/schema\/logo\/image\/\"},\"sameAs\":[\"https:\/\/www.facebook.com\/SereniDsante\/\",\"https:\/\/www.instagram.com\/serenidsante\/\"]}]}<\/script>\n<!-- \/ Yoast SEO plugin. -->","yoast_head_json":{"title":"Tea Tree Diatomaceous Earth Bed Bug Treatment - Sereni-d\u00ae","description":"Powerful professional solution against bed bugs. Kills and prevents 100% of bed bugs. 3 weeks of effectiveness.","robots":{"index":"index","follow":"follow","max-snippet":"max-snippet:-1","max-image-preview":"max-image-preview:large","max-video-preview":"max-video-preview:-1"},"canonical":"https:\/\/www.sereni-d.com\/en\/produits\/tea-tree-diatomaceous-earth-bed-bugs\/","og_locale":"en_US","og_type":"article","og_title":"Tea Tree Diatomaceous Earth Bed Bug Treatment - Sereni-d\u00ae","og_description":"Powerful professional solution against bed bugs. Kills and prevents 100% of bed bugs. 3 weeks of effectiveness.","og_url":"https:\/\/www.sereni-d.com\/en\/produits\/tea-tree-diatomaceous-earth-bed-bugs\/","og_site_name":"Sereni-d\u00ae","article_publisher":"https:\/\/www.facebook.com\/SereniDsante\/","article_modified_time":"2026-04-19T15:53:34+00:00","og_image":[{"width":2560,"height":2560,"url":"https:\/\/www.sereni-d.com\/wp-content\/uploads\/2025\/11\/EN_tea-tree-scaled.jpg","type":"image\/jpeg"}],"twitter_card":"summary_large_image","twitter_misc":{"Est. reading time":"2 minutes"},"schema":{"@context":"https:\/\/schema.org","@graph":[{"@type":"WebPage","@id":"https:\/\/www.sereni-d.com\/en\/produits\/tea-tree-diatomaceous-earth-bed-bugs\/","url":"https:\/\/www.sereni-d.com\/en\/produits\/tea-tree-diatomaceous-earth-bed-bugs\/","name":"Tea Tree Diatomaceous Earth Bed Bug Treatment - Sereni-d\u00ae","isPartOf":{"@id":"https:\/\/www.sereni-d.com\/en\/#website"},"primaryImageOfPage":{"@id":"https:\/\/www.sereni-d.com\/en\/produits\/tea-tree-diatomaceous-earth-bed-bugs\/#primaryimage"},"image":{"@id":"https:\/\/www.sereni-d.com\/en\/produits\/tea-tree-diatomaceous-earth-bed-bugs\/#primaryimage"},"thumbnailUrl":"https:\/\/www.sereni-d.com\/wp-content\/uploads\/2025\/11\/EN_tea-tree-scaled.jpg","datePublished":"2025-11-20T13:39:31+00:00","dateModified":"2026-04-19T15:53:34+00:00","description":"Powerful professional solution against bed bugs. Kills and prevents 100% of bed bugs. 3 weeks of effectiveness.","breadcrumb":{"@id":"https:\/\/www.sereni-d.com\/en\/produits\/tea-tree-diatomaceous-earth-bed-bugs\/#breadcrumb"},"inLanguage":"en-US","potentialAction":[{"@type":"ReadAction","target":["https:\/\/www.sereni-d.com\/en\/produits\/tea-tree-diatomaceous-earth-bed-bugs\/"]}]},{"@type":"ImageObject","inLanguage":"en-US","@id":"https:\/\/www.sereni-d.com\/en\/produits\/tea-tree-diatomaceous-earth-bed-bugs\/#primaryimage","url":"https:\/\/www.sereni-d.com\/wp-content\/uploads\/2025\/11\/EN_tea-tree-scaled.jpg","contentUrl":"https:\/\/www.sereni-d.com\/wp-content\/uploads\/2025\/11\/EN_tea-tree-scaled.jpg","width":2560,"height":2560,"caption":"Tea Tree Diatomaceous Earth Bedbugs"},{"@type":"BreadcrumbList","@id":"https:\/\/www.sereni-d.com\/en\/produits\/tea-tree-diatomaceous-earth-bed-bugs\/#breadcrumb","itemListElement":[{"@type":"ListItem","position":1,"name":"Home page","item":"https:\/\/www.sereni-d.com\/en\/"},{"@type":"ListItem","position":2,"name":"Store","item":"https:\/\/www.sereni-d.com\/en\/produits\/"},{"@type":"ListItem","position":3,"name":"Punaise de lit","item":"https:\/\/www.sereni-d.com\/categories\/punaise-de-lit\/"},{"@type":"ListItem","position":4,"name":"Products","item":"https:\/\/www.sereni-d.com\/en\/categories\/products\/"},{"@type":"ListItem","position":5,"name":"TEA TREE DIATOMACEOUTH EARTH Bedbugs"}]},{"@type":"WebSite","@id":"https:\/\/www.sereni-d.com\/en\/#website","url":"https:\/\/www.sereni-d.com\/en\/","name":"Sereni-d\u00ae","description":"EXPERT Punaises de Lit - Laboratoire SUISSE - Traitements concentr\u00e9s contres les Punaises de Lit. Protection Longue Dur\u00e9e. Efficacit\u00e9 prouv\u00e9e, r\u00e9sultat maximal. Recommand\u00e9 par les professionnels.","publisher":{"@id":"https:\/\/www.sereni-d.com\/en\/#organization"},"potentialAction":[{"@type":"SearchAction","target":{"@type":"EntryPoint","urlTemplate":"https:\/\/www.sereni-d.com\/en\/?s={search_term_string}"},"query-input":{"@type":"PropertyValueSpecification","valueRequired":true,"valueName":"search_term_string"}}],"inLanguage":"en-US"},{"@type":"Organization","@id":"https:\/\/www.sereni-d.com\/en\/#organization","name":"Sereni-d","url":"https:\/\/www.sereni-d.com\/en\/","logo":{"@type":"ImageObject","inLanguage":"en-US","@id":"https:\/\/www.sereni-d.com\/en\/#\/schema\/logo\/image\/","url":"","contentUrl":"","caption":"Sereni-d"},"image":{"@id":"https:\/\/www.sereni-d.com\/en\/#\/schema\/logo\/image\/"},"sameAs":["https:\/\/www.facebook.com\/SereniDsante\/","https:\/\/www.instagram.com\/serenidsante\/"]}]}},"_links":{"self":[{"href":"https:\/\/www.sereni-d.com\/en\/wp-json\/wp\/v2\/product\/20679","targetHints":{"allow":["GET"]}}],"collection":[{"href":"https:\/\/www.sereni-d.com\/en\/wp-json\/wp\/v2\/product"}],"about":[{"href":"https:\/\/www.sereni-d.com\/en\/wp-json\/wp\/v2\/types\/product"}],"replies":[{"embeddable":true,"href":"https:\/\/www.sereni-d.com\/en\/wp-json\/wp\/v2\/comments?post=20679"}],"wp:featuredmedia":[{"embeddable":true,"href":"https:\/\/www.sereni-d.com\/en\/wp-json\/wp\/v2\/media\/20684"}],"wp:attachment":[{"href":"https:\/\/www.sereni-d.com\/en\/wp-json\/wp\/v2\/media?parent=20679"}],"wp:term":[{"taxonomy":"product_brand","embeddable":true,"href":"https:\/\/www.sereni-d.com\/en\/wp-json\/wp\/v2\/product_brand?post=20679"},{"taxonomy":"product_cat","embeddable":true,"href":"https:\/\/www.sereni-d.com\/en\/wp-json\/wp\/v2\/product_cat?post=20679"},{"taxonomy":"product_tag","embeddable":true,"href":"https:\/\/www.sereni-d.com\/en\/wp-json\/wp\/v2\/product_tag?post=20679"}],"curies":[{"name":"wp","href":"https:\/\/api.w.org\/{rel}","templated":true}]}}