{"id":20696,"date":"2025-11-20T15:15:18","date_gmt":"2025-11-20T14:15:18","guid":{"rendered":"https:\/\/www.sereni-d.com\/?post_type=product&#038;p=20696"},"modified":"2026-04-19T16:23:34","modified_gmt":"2026-04-19T14:23:34","slug":"diatomaceous-earth-mint-ants","status":"publish","type":"product","link":"https:\/\/www.sereni-d.com\/en\/produits\/diatomaceous-earth-mint-ants\/","title":{"rendered":"DIATOMACEOUS EARTH MINT Ants"},"content":{"rendered":"<p data-start=\"183\" data-end=\"352\"><strong data-start=\"183\" data-end=\"226\">DIATOMACEOUS EARTH essential oil MINT \u2013 ANT TREATMENT<\/strong> is a ready-to-use aerosol inspired by nature and specially developed to combat ants in both preventive and curative contexts.<\/p>\n<p data-start=\"354\" data-end=\"859\">Its formula based on diatomaceous earth and mint, composed of fossilized microscopic algae, ensures the elimination of ants through a razor effect and a desiccating action. Through their own movements, ants cover themselves with diatomaceous earth and mint powder. The powerful absorbent capacity of the powder removes lipids from the cuticle, causing dehydration, which leads to the insects\u2019 death within a few hours. Its mint essential oil fragrance provides a genuine feeling of freshness in your home.<\/p>\n<p data-start=\"861\" data-end=\"1437\">Its concentrated formula offers immediate effectiveness (within a few hours) and long-lasting action (up to 3 weeks of residual effect under optimal conditions of use). The diatomaceous earth is amorphous and non-calcined. Its biocidal approval guarantees a silica (SiO\u2082) content of at least 90%, ensuring a very high level of absorption and effectiveness against ants. This is what differentiates it from non-biocide, food-grade diatomaceous earth, which contains less silica, has larger particle sizes, and therefore reduced drying power, making it ineffective against ants.<\/p>\n<p data-start=\"1439\" data-end=\"1659\">When sprayed on ant pathways, nest entrances, cracks, skirting boards, and other dark areas, the diatomaceous earth adheres to the ants and causes their death when they cross treated surfaces by dehydrating them rapidly.<\/p>\n<p data-start=\"1661\" data-end=\"2033\"><strong data-start=\"1661\" data-end=\"1696\">DIATOMACEOUS EARTH MINT aerosol<\/strong> is a professional-strength ant elimination solution that does not cause resistance. It is also effective against other crawling insects in the home such as bed bugs, spiders, mites, fleas, silverfish, cockroaches and roaches. It represents a complementary alternative to other Sereni-d\u00ae solutions for enhanced long-term home protection.<\/p>\n<p data-start=\"2035\" data-end=\"2452\"><strong data-start=\"2035\" data-end=\"2070\">DIATOMACEOUS EARTH MINT aerosol<\/strong> is your best ally for prevention and in the event of an ant infestation. It is a precise mechanical alternative to chemical treatments. In a preventive approach, when sprayed in strategic areas, it creates a true protective barrier against ants. Sereni-d\u00ae Mint Diatomaceous Earth powder allows for localized, non-volatile application and is ideal for eliminating ants and anthills.<\/p>\n<p data-start=\"2454\" data-end=\"2611\"><strong data-start=\"2454\" data-end=\"2491\">Sereni-d\u00ae Satisfaction Guarantee:<\/strong> If you are not satisfied with your purchase, please contact us via the contact page and we will refund the full amount.<\/p>\n","protected":false},"excerpt":{"rendered":"<p align=\"justify\">\u2022 Preventive and curative aerosol against ants.<br \/>\n\u2022 Eliminates and prevents 100% of ants<br \/>\n\u2022 Immediate protection, long-lasting (up to 3 weeks).<br \/>\n\u2022 More than 250,000 satisfied Sereni-d\u00ae customers.<\/p>\n<p align=\"justify\"><strong>CONCENTRATED FORMULA \u2013 MAXIMUM RESULT<\/strong><\/p>\n","protected":false},"featured_media":20769,"comment_status":"open","ping_status":"closed","template":"","meta":{"_acf_changed":false,"_monsterinsights_skip_tracking":false,"_monsterinsights_sitenote_active":false,"_monsterinsights_sitenote_note":"","_monsterinsights_sitenote_category":0},"product_brand":[],"product_cat":[75],"product_tag":[],"class_list":{"0":"post-20696","1":"product","2":"type-product","3":"status-publish","4":"has-post-thumbnail","6":"product_cat-products","8":"first","9":"instock","10":"taxable","11":"shipping-taxable","12":"purchasable","13":"product-type-simple"},"acf":[],"yoast_head":"<!-- This site is optimized with the Yoast SEO plugin v27.2 - https:\/\/yoast.com\/product\/yoast-seo-wordpress\/ -->\n<title>Diatomaceous Earth Mint Ant Treatment - Sereni-d\u00ae<\/title>\n<meta name=\"description\" content=\"Powerful professional anti-ant solution. Eliminates and prevents 100% of ants. 3 weeks of effectiveness.\" \/>\n<meta name=\"robots\" content=\"index, follow, max-snippet:-1, max-image-preview:large, max-video-preview:-1\" \/>\n<link rel=\"canonical\" href=\"https:\/\/www.sereni-d.com\/en\/produits\/diatomaceous-earth-mint-ants\/\" \/>\n<meta property=\"og:locale\" content=\"en_US\" \/>\n<meta property=\"og:type\" content=\"article\" \/>\n<meta property=\"og:title\" content=\"Diatomaceous Earth Mint Ant Treatment - Sereni-d\u00ae\" \/>\n<meta property=\"og:description\" content=\"Powerful professional anti-ant solution. Eliminates and prevents 100% of ants. 3 weeks of effectiveness.\" \/>\n<meta property=\"og:url\" content=\"https:\/\/www.sereni-d.com\/en\/produits\/diatomaceous-earth-mint-ants\/\" \/>\n<meta property=\"og:site_name\" content=\"Sereni-d\u00ae\" \/>\n<meta property=\"article:publisher\" content=\"https:\/\/www.facebook.com\/SereniDsante\/\" \/>\n<meta property=\"article:modified_time\" content=\"2026-04-19T14:23:34+00:00\" \/>\n<meta property=\"og:image\" content=\"https:\/\/www.sereni-d.com\/wp-content\/uploads\/2025\/11\/EN_menthe-fourmis-400ml-1-scaled.jpg\" \/>\n\t<meta property=\"og:image:width\" content=\"2560\" \/>\n\t<meta property=\"og:image:height\" content=\"2560\" \/>\n\t<meta property=\"og:image:type\" content=\"image\/jpeg\" \/>\n<meta name=\"twitter:card\" content=\"summary_large_image\" \/>\n<meta name=\"twitter:label1\" content=\"Est. reading time\" \/>\n\t<meta name=\"twitter:data1\" content=\"3 minutes\" \/>\n<script type=\"application\/ld+json\" class=\"yoast-schema-graph\">{\"@context\":\"https:\/\/schema.org\",\"@graph\":[{\"@type\":\"WebPage\",\"@id\":\"https:\/\/www.sereni-d.com\/en\/produits\/diatomaceous-earth-mint-ants\/\",\"url\":\"https:\/\/www.sereni-d.com\/en\/produits\/diatomaceous-earth-mint-ants\/\",\"name\":\"Diatomaceous Earth Mint Ant Treatment - Sereni-d\u00ae\",\"isPartOf\":{\"@id\":\"https:\/\/www.sereni-d.com\/en\/#website\"},\"primaryImageOfPage\":{\"@id\":\"https:\/\/www.sereni-d.com\/en\/produits\/diatomaceous-earth-mint-ants\/#primaryimage\"},\"image\":{\"@id\":\"https:\/\/www.sereni-d.com\/en\/produits\/diatomaceous-earth-mint-ants\/#primaryimage\"},\"thumbnailUrl\":\"https:\/\/www.sereni-d.com\/wp-content\/uploads\/2025\/11\/EN_menthe-fourmis-400ml-1-scaled.jpg\",\"datePublished\":\"2025-11-20T14:15:18+00:00\",\"dateModified\":\"2026-04-19T14:23:34+00:00\",\"description\":\"Powerful professional anti-ant solution. Eliminates and prevents 100% of ants. 3 weeks of effectiveness.\",\"breadcrumb\":{\"@id\":\"https:\/\/www.sereni-d.com\/en\/produits\/diatomaceous-earth-mint-ants\/#breadcrumb\"},\"inLanguage\":\"en-US\",\"potentialAction\":[{\"@type\":\"ReadAction\",\"target\":[\"https:\/\/www.sereni-d.com\/en\/produits\/diatomaceous-earth-mint-ants\/\"]}]},{\"@type\":\"ImageObject\",\"inLanguage\":\"en-US\",\"@id\":\"https:\/\/www.sereni-d.com\/en\/produits\/diatomaceous-earth-mint-ants\/#primaryimage\",\"url\":\"https:\/\/www.sereni-d.com\/wp-content\/uploads\/2025\/11\/EN_menthe-fourmis-400ml-1-scaled.jpg\",\"contentUrl\":\"https:\/\/www.sereni-d.com\/wp-content\/uploads\/2025\/11\/EN_menthe-fourmis-400ml-1-scaled.jpg\",\"width\":2560,\"height\":2560,\"caption\":\"Diatomaceous Earth with Essential Oil\"},{\"@type\":\"BreadcrumbList\",\"@id\":\"https:\/\/www.sereni-d.com\/en\/produits\/diatomaceous-earth-mint-ants\/#breadcrumb\",\"itemListElement\":[{\"@type\":\"ListItem\",\"position\":1,\"name\":\"Home page\",\"item\":\"https:\/\/www.sereni-d.com\/en\/\"},{\"@type\":\"ListItem\",\"position\":2,\"name\":\"Store\",\"item\":\"https:\/\/www.sereni-d.com\/en\/produits\/\"},{\"@type\":\"ListItem\",\"position\":3,\"name\":\"Punaise de lit\",\"item\":\"https:\/\/www.sereni-d.com\/categories\/punaise-de-lit\/\"},{\"@type\":\"ListItem\",\"position\":4,\"name\":\"Products\",\"item\":\"https:\/\/www.sereni-d.com\/en\/categories\/products\/\"},{\"@type\":\"ListItem\",\"position\":5,\"name\":\"DIATOMACEOUS EARTH MINT Ants\"}]},{\"@type\":\"WebSite\",\"@id\":\"https:\/\/www.sereni-d.com\/en\/#website\",\"url\":\"https:\/\/www.sereni-d.com\/en\/\",\"name\":\"Sereni-d\u00ae\",\"description\":\"EXPERT Punaises de Lit - Laboratoire SUISSE - Traitements concentr\u00e9s contres les Punaises de Lit. Protection Longue Dur\u00e9e. Efficacit\u00e9 prouv\u00e9e, r\u00e9sultat maximal. Recommand\u00e9 par les professionnels.\",\"publisher\":{\"@id\":\"https:\/\/www.sereni-d.com\/en\/#organization\"},\"potentialAction\":[{\"@type\":\"SearchAction\",\"target\":{\"@type\":\"EntryPoint\",\"urlTemplate\":\"https:\/\/www.sereni-d.com\/en\/?s={search_term_string}\"},\"query-input\":{\"@type\":\"PropertyValueSpecification\",\"valueRequired\":true,\"valueName\":\"search_term_string\"}}],\"inLanguage\":\"en-US\"},{\"@type\":\"Organization\",\"@id\":\"https:\/\/www.sereni-d.com\/en\/#organization\",\"name\":\"Sereni-d\",\"url\":\"https:\/\/www.sereni-d.com\/en\/\",\"logo\":{\"@type\":\"ImageObject\",\"inLanguage\":\"en-US\",\"@id\":\"https:\/\/www.sereni-d.com\/en\/#\/schema\/logo\/image\/\",\"url\":\"\",\"contentUrl\":\"\",\"caption\":\"Sereni-d\"},\"image\":{\"@id\":\"https:\/\/www.sereni-d.com\/en\/#\/schema\/logo\/image\/\"},\"sameAs\":[\"https:\/\/www.facebook.com\/SereniDsante\/\",\"https:\/\/www.instagram.com\/serenidsante\/\"]}]}<\/script>\n<!-- \/ Yoast SEO plugin. -->","yoast_head_json":{"title":"Diatomaceous Earth Mint Ant Treatment - Sereni-d\u00ae","description":"Powerful professional anti-ant solution. Eliminates and prevents 100% of ants. 3 weeks of effectiveness.","robots":{"index":"index","follow":"follow","max-snippet":"max-snippet:-1","max-image-preview":"max-image-preview:large","max-video-preview":"max-video-preview:-1"},"canonical":"https:\/\/www.sereni-d.com\/en\/produits\/diatomaceous-earth-mint-ants\/","og_locale":"en_US","og_type":"article","og_title":"Diatomaceous Earth Mint Ant Treatment - Sereni-d\u00ae","og_description":"Powerful professional anti-ant solution. Eliminates and prevents 100% of ants. 3 weeks of effectiveness.","og_url":"https:\/\/www.sereni-d.com\/en\/produits\/diatomaceous-earth-mint-ants\/","og_site_name":"Sereni-d\u00ae","article_publisher":"https:\/\/www.facebook.com\/SereniDsante\/","article_modified_time":"2026-04-19T14:23:34+00:00","og_image":[{"width":2560,"height":2560,"url":"https:\/\/www.sereni-d.com\/wp-content\/uploads\/2025\/11\/EN_menthe-fourmis-400ml-1-scaled.jpg","type":"image\/jpeg"}],"twitter_card":"summary_large_image","twitter_misc":{"Est. reading time":"3 minutes"},"schema":{"@context":"https:\/\/schema.org","@graph":[{"@type":"WebPage","@id":"https:\/\/www.sereni-d.com\/en\/produits\/diatomaceous-earth-mint-ants\/","url":"https:\/\/www.sereni-d.com\/en\/produits\/diatomaceous-earth-mint-ants\/","name":"Diatomaceous Earth Mint Ant Treatment - Sereni-d\u00ae","isPartOf":{"@id":"https:\/\/www.sereni-d.com\/en\/#website"},"primaryImageOfPage":{"@id":"https:\/\/www.sereni-d.com\/en\/produits\/diatomaceous-earth-mint-ants\/#primaryimage"},"image":{"@id":"https:\/\/www.sereni-d.com\/en\/produits\/diatomaceous-earth-mint-ants\/#primaryimage"},"thumbnailUrl":"https:\/\/www.sereni-d.com\/wp-content\/uploads\/2025\/11\/EN_menthe-fourmis-400ml-1-scaled.jpg","datePublished":"2025-11-20T14:15:18+00:00","dateModified":"2026-04-19T14:23:34+00:00","description":"Powerful professional anti-ant solution. Eliminates and prevents 100% of ants. 3 weeks of effectiveness.","breadcrumb":{"@id":"https:\/\/www.sereni-d.com\/en\/produits\/diatomaceous-earth-mint-ants\/#breadcrumb"},"inLanguage":"en-US","potentialAction":[{"@type":"ReadAction","target":["https:\/\/www.sereni-d.com\/en\/produits\/diatomaceous-earth-mint-ants\/"]}]},{"@type":"ImageObject","inLanguage":"en-US","@id":"https:\/\/www.sereni-d.com\/en\/produits\/diatomaceous-earth-mint-ants\/#primaryimage","url":"https:\/\/www.sereni-d.com\/wp-content\/uploads\/2025\/11\/EN_menthe-fourmis-400ml-1-scaled.jpg","contentUrl":"https:\/\/www.sereni-d.com\/wp-content\/uploads\/2025\/11\/EN_menthe-fourmis-400ml-1-scaled.jpg","width":2560,"height":2560,"caption":"Diatomaceous Earth with Essential Oil"},{"@type":"BreadcrumbList","@id":"https:\/\/www.sereni-d.com\/en\/produits\/diatomaceous-earth-mint-ants\/#breadcrumb","itemListElement":[{"@type":"ListItem","position":1,"name":"Home page","item":"https:\/\/www.sereni-d.com\/en\/"},{"@type":"ListItem","position":2,"name":"Store","item":"https:\/\/www.sereni-d.com\/en\/produits\/"},{"@type":"ListItem","position":3,"name":"Punaise de lit","item":"https:\/\/www.sereni-d.com\/categories\/punaise-de-lit\/"},{"@type":"ListItem","position":4,"name":"Products","item":"https:\/\/www.sereni-d.com\/en\/categories\/products\/"},{"@type":"ListItem","position":5,"name":"DIATOMACEOUS EARTH MINT Ants"}]},{"@type":"WebSite","@id":"https:\/\/www.sereni-d.com\/en\/#website","url":"https:\/\/www.sereni-d.com\/en\/","name":"Sereni-d\u00ae","description":"EXPERT Punaises de Lit - Laboratoire SUISSE - Traitements concentr\u00e9s contres les Punaises de Lit. Protection Longue Dur\u00e9e. Efficacit\u00e9 prouv\u00e9e, r\u00e9sultat maximal. Recommand\u00e9 par les professionnels.","publisher":{"@id":"https:\/\/www.sereni-d.com\/en\/#organization"},"potentialAction":[{"@type":"SearchAction","target":{"@type":"EntryPoint","urlTemplate":"https:\/\/www.sereni-d.com\/en\/?s={search_term_string}"},"query-input":{"@type":"PropertyValueSpecification","valueRequired":true,"valueName":"search_term_string"}}],"inLanguage":"en-US"},{"@type":"Organization","@id":"https:\/\/www.sereni-d.com\/en\/#organization","name":"Sereni-d","url":"https:\/\/www.sereni-d.com\/en\/","logo":{"@type":"ImageObject","inLanguage":"en-US","@id":"https:\/\/www.sereni-d.com\/en\/#\/schema\/logo\/image\/","url":"","contentUrl":"","caption":"Sereni-d"},"image":{"@id":"https:\/\/www.sereni-d.com\/en\/#\/schema\/logo\/image\/"},"sameAs":["https:\/\/www.facebook.com\/SereniDsante\/","https:\/\/www.instagram.com\/serenidsante\/"]}]}},"_links":{"self":[{"href":"https:\/\/www.sereni-d.com\/en\/wp-json\/wp\/v2\/product\/20696","targetHints":{"allow":["GET"]}}],"collection":[{"href":"https:\/\/www.sereni-d.com\/en\/wp-json\/wp\/v2\/product"}],"about":[{"href":"https:\/\/www.sereni-d.com\/en\/wp-json\/wp\/v2\/types\/product"}],"replies":[{"embeddable":true,"href":"https:\/\/www.sereni-d.com\/en\/wp-json\/wp\/v2\/comments?post=20696"}],"wp:featuredmedia":[{"embeddable":true,"href":"https:\/\/www.sereni-d.com\/en\/wp-json\/wp\/v2\/media\/20769"}],"wp:attachment":[{"href":"https:\/\/www.sereni-d.com\/en\/wp-json\/wp\/v2\/media?parent=20696"}],"wp:term":[{"taxonomy":"product_brand","embeddable":true,"href":"https:\/\/www.sereni-d.com\/en\/wp-json\/wp\/v2\/product_brand?post=20696"},{"taxonomy":"product_cat","embeddable":true,"href":"https:\/\/www.sereni-d.com\/en\/wp-json\/wp\/v2\/product_cat?post=20696"},{"taxonomy":"product_tag","embeddable":true,"href":"https:\/\/www.sereni-d.com\/en\/wp-json\/wp\/v2\/product_tag?post=20696"}],"curies":[{"name":"wp","href":"https:\/\/api.w.org\/{rel}","templated":true}]}}