{"id":5208,"date":"2023-04-11T14:26:37","date_gmt":"2023-04-11T12:26:37","guid":{"rendered":"https:\/\/www.sereni-d.com\/produits\/sos-bed-bugs\/"},"modified":"2026-04-23T19:23:08","modified_gmt":"2026-04-23T17:23:08","slug":"sos-bed-bugs","status":"publish","type":"product","link":"https:\/\/www.sereni-d.com\/en\/produits\/sos-bed-bugs\/","title":{"rendered":"SOS Bed bugs"},"content":{"rendered":"<p>SOS Bed Bug Treatment is a ready-to-use small format product, inspired by nature, designed to effectively <strong>combat bed bugs<\/strong> in a curative manner.<\/p>\n<p>Thanks to its <strong>extract of plant-based pyrethrum flower, geraniol, and a complex of essential oils<\/strong> selected for their powerful insecticidal properties, this spray ensures the <strong>rapid elimination of bed bugs<\/strong> at all stages of development (eggs, larvae, adults). Its <strong>shock effect<\/strong> acts on their nervous systems and exoskeletons, neutralizing and drying them out.<\/p>\n<p>Its <strong>concentrated formula<\/strong> offers <strong>immediate effectiveness<\/strong> (in a few minutes) and <strong>long-lasting action<\/strong> (up to 12 days under optimal conditions). When sprayed on textiles and surfaces, the dispersed molecules form a <strong>destructive film<\/strong> that poisons bed bugs when they come into contact with the treated surface.<\/p>\n<p>The SOS spray is your best ally in case of suspected bed bug presence during your travels or upon your return, to treat your personal belongings that may have come into contact with bed bugs.<\/p>\n<p><strong>Sereni-d\u00ae<\/strong> satisfaction guarantee: If you are not satisfied with your purchase, contact us using the <a title=\"SERENI-D contact\" href=\"https:\/\/www.sereni-d.com\/en\/contact\/\">contact<\/a> page and we will refund the full amount.<\/p>\n","protected":false},"excerpt":{"rendered":"<p>\u2022 Super-powerful curative spray for bed bugs<br \/>\n\u2022 Eliminates 100% of all bed bugs (eggs, larvae, adults)<br \/>\n\u2022 Immediate, safe, long-lasting protection<br \/>\n\u2022 Over 200,000 satisfied Sereni-d<sup>\u00ae<\/sup> customers<\/p>\n<p><strong>CONCENTRATED FORMULA \u2013 MAXIMUM RESULT<\/strong><\/p>\n<p>&nbsp;<\/p>\n","protected":false},"featured_media":6359,"comment_status":"open","ping_status":"closed","template":"","meta":{"_acf_changed":false,"_monsterinsights_skip_tracking":false,"_monsterinsights_sitenote_active":false,"_monsterinsights_sitenote_note":"","_monsterinsights_sitenote_category":0},"product_brand":[],"product_cat":[75],"product_tag":[],"class_list":{"0":"post-5208","1":"product","2":"type-product","3":"status-publish","4":"has-post-thumbnail","6":"product_cat-products","8":"first","9":"instock","10":"taxable","11":"shipping-taxable","12":"purchasable","13":"product-type-simple"},"acf":[],"yoast_head":"<!-- This site is optimized with the Yoast SEO plugin v27.2 - https:\/\/yoast.com\/product\/yoast-seo-wordpress\/ -->\n<title>Bedbugs Treatment - Plant-based spray CHOC - Sereni-d\u00ae<\/title>\n<meta name=\"description\" content=\"SOS Plant-Based ANTI-BED BUG Curative Treatment! Effectively &amp; Sustainably Combats - Completely eradicates Bed bugs ! 100% Natural Long-Lasting Protection\" \/>\n<meta name=\"robots\" content=\"index, follow, max-snippet:-1, max-image-preview:large, max-video-preview:-1\" \/>\n<link rel=\"canonical\" href=\"https:\/\/www.sereni-d.com\/en\/produits\/sos-bed-bugs\/\" \/>\n<meta property=\"og:locale\" content=\"en_US\" \/>\n<meta property=\"og:type\" content=\"article\" \/>\n<meta property=\"og:title\" content=\"Bedbugs Treatment - Plant-based spray CHOC - Sereni-d\u00ae\" \/>\n<meta property=\"og:description\" content=\"SOS Plant-Based ANTI-BED BUG Curative Treatment! Effectively &amp; Sustainably Combats - Completely eradicates Bed bugs ! 100% Natural Long-Lasting Protection\" \/>\n<meta property=\"og:url\" content=\"https:\/\/www.sereni-d.com\/en\/produits\/sos-bed-bugs\/\" \/>\n<meta property=\"og:site_name\" content=\"Sereni-d\u00ae\" \/>\n<meta property=\"article:publisher\" content=\"https:\/\/www.facebook.com\/SereniDsante\/\" \/>\n<meta property=\"article:modified_time\" content=\"2026-04-23T17:23:08+00:00\" \/>\n<meta property=\"og:image\" content=\"https:\/\/www.sereni-d.com\/wp-content\/uploads\/2024\/06\/EN_SOS-100ml-1.jpg\" \/>\n\t<meta property=\"og:image:width\" content=\"1000\" \/>\n\t<meta property=\"og:image:height\" content=\"1000\" \/>\n\t<meta property=\"og:image:type\" content=\"image\/jpeg\" \/>\n<meta name=\"twitter:card\" content=\"summary_large_image\" \/>\n<meta name=\"twitter:label1\" content=\"Est. reading time\" \/>\n\t<meta name=\"twitter:data1\" content=\"2 minutes\" \/>\n<script type=\"application\/ld+json\" class=\"yoast-schema-graph\">{\"@context\":\"https:\/\/schema.org\",\"@graph\":[{\"@type\":\"WebPage\",\"@id\":\"https:\/\/www.sereni-d.com\/en\/produits\/sos-bed-bugs\/\",\"url\":\"https:\/\/www.sereni-d.com\/en\/produits\/sos-bed-bugs\/\",\"name\":\"Bedbugs Treatment - Plant-based spray CHOC - Sereni-d\u00ae\",\"isPartOf\":{\"@id\":\"https:\/\/www.sereni-d.com\/en\/#website\"},\"primaryImageOfPage\":{\"@id\":\"https:\/\/www.sereni-d.com\/en\/produits\/sos-bed-bugs\/#primaryimage\"},\"image\":{\"@id\":\"https:\/\/www.sereni-d.com\/en\/produits\/sos-bed-bugs\/#primaryimage\"},\"thumbnailUrl\":\"https:\/\/www.sereni-d.com\/wp-content\/uploads\/2024\/06\/EN_SOS-100ml-1.jpg\",\"datePublished\":\"2023-04-11T12:26:37+00:00\",\"dateModified\":\"2026-04-23T17:23:08+00:00\",\"description\":\"SOS Plant-Based ANTI-BED BUG Curative Treatment! Effectively & Sustainably Combats - Completely eradicates Bed bugs ! 100% Natural Long-Lasting Protection\",\"breadcrumb\":{\"@id\":\"https:\/\/www.sereni-d.com\/en\/produits\/sos-bed-bugs\/#breadcrumb\"},\"inLanguage\":\"en-US\",\"potentialAction\":[{\"@type\":\"ReadAction\",\"target\":[\"https:\/\/www.sereni-d.com\/en\/produits\/sos-bed-bugs\/\"]}]},{\"@type\":\"ImageObject\",\"inLanguage\":\"en-US\",\"@id\":\"https:\/\/www.sereni-d.com\/en\/produits\/sos-bed-bugs\/#primaryimage\",\"url\":\"https:\/\/www.sereni-d.com\/wp-content\/uploads\/2024\/06\/EN_SOS-100ml-1.jpg\",\"contentUrl\":\"https:\/\/www.sereni-d.com\/wp-content\/uploads\/2024\/06\/EN_SOS-100ml-1.jpg\",\"width\":1000,\"height\":1000,\"caption\":\"Bedbugs treatment\"},{\"@type\":\"BreadcrumbList\",\"@id\":\"https:\/\/www.sereni-d.com\/en\/produits\/sos-bed-bugs\/#breadcrumb\",\"itemListElement\":[{\"@type\":\"ListItem\",\"position\":1,\"name\":\"Home page\",\"item\":\"https:\/\/www.sereni-d.com\/en\/\"},{\"@type\":\"ListItem\",\"position\":2,\"name\":\"Store\",\"item\":\"https:\/\/www.sereni-d.com\/en\/produits\/\"},{\"@type\":\"ListItem\",\"position\":3,\"name\":\"Punaise de lit\",\"item\":\"https:\/\/www.sereni-d.com\/categories\/punaise-de-lit\/\"},{\"@type\":\"ListItem\",\"position\":4,\"name\":\"Products\",\"item\":\"https:\/\/www.sereni-d.com\/en\/categories\/products\/\"},{\"@type\":\"ListItem\",\"position\":5,\"name\":\"SOS Bed bugs\"}]},{\"@type\":\"WebSite\",\"@id\":\"https:\/\/www.sereni-d.com\/en\/#website\",\"url\":\"https:\/\/www.sereni-d.com\/en\/\",\"name\":\"Sereni-d\u00ae\",\"description\":\"EXPERT Punaises de Lit - Laboratoire SUISSE - Traitements concentr\u00e9s contres les Punaises de Lit. Protection Longue Dur\u00e9e. Efficacit\u00e9 prouv\u00e9e, r\u00e9sultat maximal. Recommand\u00e9 par les professionnels.\",\"publisher\":{\"@id\":\"https:\/\/www.sereni-d.com\/en\/#organization\"},\"potentialAction\":[{\"@type\":\"SearchAction\",\"target\":{\"@type\":\"EntryPoint\",\"urlTemplate\":\"https:\/\/www.sereni-d.com\/en\/?s={search_term_string}\"},\"query-input\":{\"@type\":\"PropertyValueSpecification\",\"valueRequired\":true,\"valueName\":\"search_term_string\"}}],\"inLanguage\":\"en-US\"},{\"@type\":\"Organization\",\"@id\":\"https:\/\/www.sereni-d.com\/en\/#organization\",\"name\":\"Sereni-d\",\"url\":\"https:\/\/www.sereni-d.com\/en\/\",\"logo\":{\"@type\":\"ImageObject\",\"inLanguage\":\"en-US\",\"@id\":\"https:\/\/www.sereni-d.com\/en\/#\/schema\/logo\/image\/\",\"url\":\"\",\"contentUrl\":\"\",\"caption\":\"Sereni-d\"},\"image\":{\"@id\":\"https:\/\/www.sereni-d.com\/en\/#\/schema\/logo\/image\/\"},\"sameAs\":[\"https:\/\/www.facebook.com\/SereniDsante\/\",\"https:\/\/www.instagram.com\/serenidsante\/\"]}]}<\/script>\n<!-- \/ Yoast SEO plugin. -->","yoast_head_json":{"title":"Bedbugs Treatment - Plant-based spray CHOC - Sereni-d\u00ae","description":"SOS Plant-Based ANTI-BED BUG Curative Treatment! Effectively & Sustainably Combats - Completely eradicates Bed bugs ! 100% Natural Long-Lasting Protection","robots":{"index":"index","follow":"follow","max-snippet":"max-snippet:-1","max-image-preview":"max-image-preview:large","max-video-preview":"max-video-preview:-1"},"canonical":"https:\/\/www.sereni-d.com\/en\/produits\/sos-bed-bugs\/","og_locale":"en_US","og_type":"article","og_title":"Bedbugs Treatment - Plant-based spray CHOC - Sereni-d\u00ae","og_description":"SOS Plant-Based ANTI-BED BUG Curative Treatment! Effectively & Sustainably Combats - Completely eradicates Bed bugs ! 100% Natural Long-Lasting Protection","og_url":"https:\/\/www.sereni-d.com\/en\/produits\/sos-bed-bugs\/","og_site_name":"Sereni-d\u00ae","article_publisher":"https:\/\/www.facebook.com\/SereniDsante\/","article_modified_time":"2026-04-23T17:23:08+00:00","og_image":[{"width":1000,"height":1000,"url":"https:\/\/www.sereni-d.com\/wp-content\/uploads\/2024\/06\/EN_SOS-100ml-1.jpg","type":"image\/jpeg"}],"twitter_card":"summary_large_image","twitter_misc":{"Est. reading time":"2 minutes"},"schema":{"@context":"https:\/\/schema.org","@graph":[{"@type":"WebPage","@id":"https:\/\/www.sereni-d.com\/en\/produits\/sos-bed-bugs\/","url":"https:\/\/www.sereni-d.com\/en\/produits\/sos-bed-bugs\/","name":"Bedbugs Treatment - Plant-based spray CHOC - Sereni-d\u00ae","isPartOf":{"@id":"https:\/\/www.sereni-d.com\/en\/#website"},"primaryImageOfPage":{"@id":"https:\/\/www.sereni-d.com\/en\/produits\/sos-bed-bugs\/#primaryimage"},"image":{"@id":"https:\/\/www.sereni-d.com\/en\/produits\/sos-bed-bugs\/#primaryimage"},"thumbnailUrl":"https:\/\/www.sereni-d.com\/wp-content\/uploads\/2024\/06\/EN_SOS-100ml-1.jpg","datePublished":"2023-04-11T12:26:37+00:00","dateModified":"2026-04-23T17:23:08+00:00","description":"SOS Plant-Based ANTI-BED BUG Curative Treatment! Effectively & Sustainably Combats - Completely eradicates Bed bugs ! 100% Natural Long-Lasting Protection","breadcrumb":{"@id":"https:\/\/www.sereni-d.com\/en\/produits\/sos-bed-bugs\/#breadcrumb"},"inLanguage":"en-US","potentialAction":[{"@type":"ReadAction","target":["https:\/\/www.sereni-d.com\/en\/produits\/sos-bed-bugs\/"]}]},{"@type":"ImageObject","inLanguage":"en-US","@id":"https:\/\/www.sereni-d.com\/en\/produits\/sos-bed-bugs\/#primaryimage","url":"https:\/\/www.sereni-d.com\/wp-content\/uploads\/2024\/06\/EN_SOS-100ml-1.jpg","contentUrl":"https:\/\/www.sereni-d.com\/wp-content\/uploads\/2024\/06\/EN_SOS-100ml-1.jpg","width":1000,"height":1000,"caption":"Bedbugs treatment"},{"@type":"BreadcrumbList","@id":"https:\/\/www.sereni-d.com\/en\/produits\/sos-bed-bugs\/#breadcrumb","itemListElement":[{"@type":"ListItem","position":1,"name":"Home page","item":"https:\/\/www.sereni-d.com\/en\/"},{"@type":"ListItem","position":2,"name":"Store","item":"https:\/\/www.sereni-d.com\/en\/produits\/"},{"@type":"ListItem","position":3,"name":"Punaise de lit","item":"https:\/\/www.sereni-d.com\/categories\/punaise-de-lit\/"},{"@type":"ListItem","position":4,"name":"Products","item":"https:\/\/www.sereni-d.com\/en\/categories\/products\/"},{"@type":"ListItem","position":5,"name":"SOS Bed bugs"}]},{"@type":"WebSite","@id":"https:\/\/www.sereni-d.com\/en\/#website","url":"https:\/\/www.sereni-d.com\/en\/","name":"Sereni-d\u00ae","description":"EXPERT Punaises de Lit - Laboratoire SUISSE - Traitements concentr\u00e9s contres les Punaises de Lit. Protection Longue Dur\u00e9e. Efficacit\u00e9 prouv\u00e9e, r\u00e9sultat maximal. Recommand\u00e9 par les professionnels.","publisher":{"@id":"https:\/\/www.sereni-d.com\/en\/#organization"},"potentialAction":[{"@type":"SearchAction","target":{"@type":"EntryPoint","urlTemplate":"https:\/\/www.sereni-d.com\/en\/?s={search_term_string}"},"query-input":{"@type":"PropertyValueSpecification","valueRequired":true,"valueName":"search_term_string"}}],"inLanguage":"en-US"},{"@type":"Organization","@id":"https:\/\/www.sereni-d.com\/en\/#organization","name":"Sereni-d","url":"https:\/\/www.sereni-d.com\/en\/","logo":{"@type":"ImageObject","inLanguage":"en-US","@id":"https:\/\/www.sereni-d.com\/en\/#\/schema\/logo\/image\/","url":"","contentUrl":"","caption":"Sereni-d"},"image":{"@id":"https:\/\/www.sereni-d.com\/en\/#\/schema\/logo\/image\/"},"sameAs":["https:\/\/www.facebook.com\/SereniDsante\/","https:\/\/www.instagram.com\/serenidsante\/"]}]}},"_links":{"self":[{"href":"https:\/\/www.sereni-d.com\/en\/wp-json\/wp\/v2\/product\/5208","targetHints":{"allow":["GET"]}}],"collection":[{"href":"https:\/\/www.sereni-d.com\/en\/wp-json\/wp\/v2\/product"}],"about":[{"href":"https:\/\/www.sereni-d.com\/en\/wp-json\/wp\/v2\/types\/product"}],"replies":[{"embeddable":true,"href":"https:\/\/www.sereni-d.com\/en\/wp-json\/wp\/v2\/comments?post=5208"}],"wp:featuredmedia":[{"embeddable":true,"href":"https:\/\/www.sereni-d.com\/en\/wp-json\/wp\/v2\/media\/6359"}],"wp:attachment":[{"href":"https:\/\/www.sereni-d.com\/en\/wp-json\/wp\/v2\/media?parent=5208"}],"wp:term":[{"taxonomy":"product_brand","embeddable":true,"href":"https:\/\/www.sereni-d.com\/en\/wp-json\/wp\/v2\/product_brand?post=5208"},{"taxonomy":"product_cat","embeddable":true,"href":"https:\/\/www.sereni-d.com\/en\/wp-json\/wp\/v2\/product_cat?post=5208"},{"taxonomy":"product_tag","embeddable":true,"href":"https:\/\/www.sereni-d.com\/en\/wp-json\/wp\/v2\/product_tag?post=5208"}],"curies":[{"name":"wp","href":"https:\/\/api.w.org\/{rel}","templated":true}]}}