{"id":5268,"date":"2023-05-31T16:26:22","date_gmt":"2023-05-31T14:26:22","guid":{"rendered":"https:\/\/www.sereni-d.com\/produits\/shield-clothing-bed-bugs-pack\/"},"modified":"2026-04-30T06:23:10","modified_gmt":"2026-04-30T04:23:10","slug":"textile-shield-bed-bugs-pack","status":"publish","type":"product","link":"https:\/\/www.sereni-d.com\/en\/produits\/textile-shield-bed-bugs-pack\/","title":{"rendered":"SHIELD Clothing Bed bugs PACK"},"content":{"rendered":"<p><strong>SHIELD plant-based BED BUG preventive treatment<\/strong> is a ready-to-use spray, the principles of which are inspired by nature, that has been specially developed to control bed bugs as a preventive measure.<\/p>\n<p>Its <strong>plant-based pyrethrum flower extract, combined with a mixture of essential oils<\/strong> selected for their repellent properties, guarantees long-lasting preventive effectiveness (up to 7 days in optimal conditions of use).<\/p>\n<p>When your clothing and luggage have been sprayed, the powerful scent of active plant ingredients will disrupt the olfactory receptors of bed bugs, deterring them from taking up residence or laying their eggs.<\/p>\n<p>The spray can also be applied to surfaces such as door sills, window frames or air vents, if there is any doubt about a potentially infested neighbouring environment.<\/p>\n<p>The <strong>Sereni-d\u00ae SHIELD<\/strong> spray is your best solution when you are on the move or when in doubt about a nearby problem.<\/p>\n<p><strong>Sereni-d\u00ae<\/strong> satisfaction guarantee: If you are not satisfied with your purchase, contact us using the <a title=\"SERENI-D contact\" href=\"https:\/\/www.sereni-d.com\/en\/contact\/\">contact<\/a> page and we will refund the full amount.<\/p>\n","protected":false},"excerpt":{"rendered":"<p align=\"justify\">\u2022 Preventive spray against bed bugs<br \/>\n\u2022 Repels bed bugs as a preventive measure<br \/>\n\u2022 Durable, safe and long-lasting protection<br \/>\n\u2022 Over 50,000 satisfied Sereni-d<sup>\u00ae<\/sup> customers<\/p>\n<p><strong>CONCENTRATED FORMULA \u2013 MAXIMUM RESULT<\/strong><\/p>\n<p align=\"justify\"><strong> <\/strong><\/p>\n","protected":false},"featured_media":6458,"comment_status":"open","ping_status":"closed","template":"","meta":{"_acf_changed":false,"_monsterinsights_skip_tracking":false,"_monsterinsights_sitenote_active":false,"_monsterinsights_sitenote_note":"","_monsterinsights_sitenote_category":0},"product_brand":[],"product_cat":[80],"product_tag":[],"class_list":{"0":"post-5268","1":"product","2":"type-product","3":"status-publish","4":"has-post-thumbnail","6":"product_cat-packs-en","8":"first","9":"instock","10":"taxable","11":"shipping-taxable","12":"purchasable","13":"product-type-simple"},"acf":[],"yoast_head":"<!-- This site is optimized with the Yoast SEO plugin v27.4 - https:\/\/yoast.com\/product\/yoast-seo-wordpress\/ -->\n<title>SHIELD Bedbugs - Repellent Spray - 2 x 100ml - Sereni-d\u00ae<\/title>\n<meta name=\"description\" content=\"SHIELD PREVENTIVE PLANT TREATMENT FOR BED BUGS! Effective &amp; Durable Protection - Plant-Based Bed Bug Repellent! Long-term protection\" \/>\n<meta name=\"robots\" content=\"index, follow, max-snippet:-1, max-image-preview:large, max-video-preview:-1\" \/>\n<link rel=\"canonical\" href=\"https:\/\/www.sereni-d.com\/en\/produits\/textile-shield-bed-bugs-pack\/\" \/>\n<meta property=\"og:locale\" content=\"en_US\" \/>\n<meta property=\"og:type\" content=\"article\" \/>\n<meta property=\"og:title\" content=\"SHIELD Bedbugs - Repellent Spray - 2 x 100ml - Sereni-d\u00ae\" \/>\n<meta property=\"og:description\" content=\"SHIELD PREVENTIVE PLANT TREATMENT FOR BED BUGS! Effective &amp; Durable Protection - Plant-Based Bed Bug Repellent! Long-term protection\" \/>\n<meta property=\"og:url\" content=\"https:\/\/www.sereni-d.com\/en\/produits\/textile-shield-bed-bugs-pack\/\" \/>\n<meta property=\"og:site_name\" content=\"Sereni-d\u00ae\" \/>\n<meta property=\"article:publisher\" content=\"https:\/\/www.facebook.com\/SereniDsante\/\" \/>\n<meta property=\"article:modified_time\" content=\"2026-04-30T04:23:10+00:00\" \/>\n<meta property=\"og:image\" content=\"https:\/\/www.sereni-d.com\/wp-content\/uploads\/2024\/06\/kit_EN_duo_bouclier.jpg\" \/>\n\t<meta property=\"og:image:width\" content=\"1000\" \/>\n\t<meta property=\"og:image:height\" content=\"1000\" \/>\n\t<meta property=\"og:image:type\" content=\"image\/jpeg\" \/>\n<meta name=\"twitter:card\" content=\"summary_large_image\" \/>\n<meta name=\"twitter:label1\" content=\"Est. reading time\" \/>\n\t<meta name=\"twitter:data1\" content=\"2 minutes\" \/>\n<script type=\"application\/ld+json\" class=\"yoast-schema-graph\">{\"@context\":\"https:\\\/\\\/schema.org\",\"@graph\":[{\"@type\":\"WebPage\",\"@id\":\"https:\\\/\\\/www.sereni-d.com\\\/en\\\/produits\\\/textile-shield-bed-bugs-pack\\\/\",\"url\":\"https:\\\/\\\/www.sereni-d.com\\\/en\\\/produits\\\/textile-shield-bed-bugs-pack\\\/\",\"name\":\"SHIELD Bedbugs - Repellent Spray - 2 x 100ml - Sereni-d\u00ae\",\"isPartOf\":{\"@id\":\"https:\\\/\\\/www.sereni-d.com\\\/en\\\/#website\"},\"primaryImageOfPage\":{\"@id\":\"https:\\\/\\\/www.sereni-d.com\\\/en\\\/produits\\\/textile-shield-bed-bugs-pack\\\/#primaryimage\"},\"image\":{\"@id\":\"https:\\\/\\\/www.sereni-d.com\\\/en\\\/produits\\\/textile-shield-bed-bugs-pack\\\/#primaryimage\"},\"thumbnailUrl\":\"https:\\\/\\\/www.sereni-d.com\\\/wp-content\\\/uploads\\\/2024\\\/06\\\/kit_EN_duo_bouclier.jpg\",\"datePublished\":\"2023-05-31T14:26:22+00:00\",\"dateModified\":\"2026-04-30T04:23:10+00:00\",\"description\":\"SHIELD PREVENTIVE PLANT TREATMENT FOR BED BUGS! Effective & Durable Protection - Plant-Based Bed Bug Repellent! Long-term protection\",\"breadcrumb\":{\"@id\":\"https:\\\/\\\/www.sereni-d.com\\\/en\\\/produits\\\/textile-shield-bed-bugs-pack\\\/#breadcrumb\"},\"inLanguage\":\"en-US\",\"potentialAction\":[{\"@type\":\"ReadAction\",\"target\":[\"https:\\\/\\\/www.sereni-d.com\\\/en\\\/produits\\\/textile-shield-bed-bugs-pack\\\/\"]}]},{\"@type\":\"ImageObject\",\"inLanguage\":\"en-US\",\"@id\":\"https:\\\/\\\/www.sereni-d.com\\\/en\\\/produits\\\/textile-shield-bed-bugs-pack\\\/#primaryimage\",\"url\":\"https:\\\/\\\/www.sereni-d.com\\\/wp-content\\\/uploads\\\/2024\\\/06\\\/kit_EN_duo_bouclier.jpg\",\"contentUrl\":\"https:\\\/\\\/www.sereni-d.com\\\/wp-content\\\/uploads\\\/2024\\\/06\\\/kit_EN_duo_bouclier.jpg\",\"width\":1000,\"height\":1000},{\"@type\":\"BreadcrumbList\",\"@id\":\"https:\\\/\\\/www.sereni-d.com\\\/en\\\/produits\\\/textile-shield-bed-bugs-pack\\\/#breadcrumb\",\"itemListElement\":[{\"@type\":\"ListItem\",\"position\":1,\"name\":\"Home page\",\"item\":\"https:\\\/\\\/www.sereni-d.com\\\/en\\\/\"},{\"@type\":\"ListItem\",\"position\":2,\"name\":\"Store\",\"item\":\"https:\\\/\\\/www.sereni-d.com\\\/en\\\/produits\\\/\"},{\"@type\":\"ListItem\",\"position\":3,\"name\":\"Punaise de lit\",\"item\":\"https:\\\/\\\/www.sereni-d.com\\\/categories\\\/punaise-de-lit\\\/\"},{\"@type\":\"ListItem\",\"position\":4,\"name\":\"Packs\",\"item\":\"https:\\\/\\\/www.sereni-d.com\\\/en\\\/categories\\\/packs-en\\\/\"},{\"@type\":\"ListItem\",\"position\":5,\"name\":\"SHIELD Clothing Bed bugs PACK\"}]},{\"@type\":\"WebSite\",\"@id\":\"https:\\\/\\\/www.sereni-d.com\\\/en\\\/#website\",\"url\":\"https:\\\/\\\/www.sereni-d.com\\\/en\\\/\",\"name\":\"Sereni-d\u00ae\",\"description\":\"EXPERT Punaises de Lit - Laboratoire SUISSE - Traitements concentr\u00e9s contres les Punaises de Lit. Protection Longue Dur\u00e9e. Efficacit\u00e9 prouv\u00e9e, r\u00e9sultat maximal. Recommand\u00e9 par les professionnels.\",\"publisher\":{\"@id\":\"https:\\\/\\\/www.sereni-d.com\\\/en\\\/#organization\"},\"potentialAction\":[{\"@type\":\"SearchAction\",\"target\":{\"@type\":\"EntryPoint\",\"urlTemplate\":\"https:\\\/\\\/www.sereni-d.com\\\/en\\\/?s={search_term_string}\"},\"query-input\":{\"@type\":\"PropertyValueSpecification\",\"valueRequired\":true,\"valueName\":\"search_term_string\"}}],\"inLanguage\":\"en-US\"},{\"@type\":\"Organization\",\"@id\":\"https:\\\/\\\/www.sereni-d.com\\\/en\\\/#organization\",\"name\":\"Sereni-d\",\"url\":\"https:\\\/\\\/www.sereni-d.com\\\/en\\\/\",\"logo\":{\"@type\":\"ImageObject\",\"inLanguage\":\"en-US\",\"@id\":\"https:\\\/\\\/www.sereni-d.com\\\/en\\\/#\\\/schema\\\/logo\\\/image\\\/\",\"url\":\"\",\"contentUrl\":\"\",\"caption\":\"Sereni-d\"},\"image\":{\"@id\":\"https:\\\/\\\/www.sereni-d.com\\\/en\\\/#\\\/schema\\\/logo\\\/image\\\/\"},\"sameAs\":[\"https:\\\/\\\/www.facebook.com\\\/SereniDsante\\\/\",\"https:\\\/\\\/www.instagram.com\\\/serenidsante\\\/\"]}]}<\/script>\n<!-- \/ Yoast SEO plugin. -->","yoast_head_json":{"title":"SHIELD Bedbugs - Repellent Spray - 2 x 100ml - Sereni-d\u00ae","description":"SHIELD PREVENTIVE PLANT TREATMENT FOR BED BUGS! Effective & Durable Protection - Plant-Based Bed Bug Repellent! Long-term protection","robots":{"index":"index","follow":"follow","max-snippet":"max-snippet:-1","max-image-preview":"max-image-preview:large","max-video-preview":"max-video-preview:-1"},"canonical":"https:\/\/www.sereni-d.com\/en\/produits\/textile-shield-bed-bugs-pack\/","og_locale":"en_US","og_type":"article","og_title":"SHIELD Bedbugs - Repellent Spray - 2 x 100ml - Sereni-d\u00ae","og_description":"SHIELD PREVENTIVE PLANT TREATMENT FOR BED BUGS! Effective & Durable Protection - Plant-Based Bed Bug Repellent! Long-term protection","og_url":"https:\/\/www.sereni-d.com\/en\/produits\/textile-shield-bed-bugs-pack\/","og_site_name":"Sereni-d\u00ae","article_publisher":"https:\/\/www.facebook.com\/SereniDsante\/","article_modified_time":"2026-04-30T04:23:10+00:00","og_image":[{"width":1000,"height":1000,"url":"https:\/\/www.sereni-d.com\/wp-content\/uploads\/2024\/06\/kit_EN_duo_bouclier.jpg","type":"image\/jpeg"}],"twitter_card":"summary_large_image","twitter_misc":{"Est. reading time":"2 minutes"},"schema":{"@context":"https:\/\/schema.org","@graph":[{"@type":"WebPage","@id":"https:\/\/www.sereni-d.com\/en\/produits\/textile-shield-bed-bugs-pack\/","url":"https:\/\/www.sereni-d.com\/en\/produits\/textile-shield-bed-bugs-pack\/","name":"SHIELD Bedbugs - Repellent Spray - 2 x 100ml - Sereni-d\u00ae","isPartOf":{"@id":"https:\/\/www.sereni-d.com\/en\/#website"},"primaryImageOfPage":{"@id":"https:\/\/www.sereni-d.com\/en\/produits\/textile-shield-bed-bugs-pack\/#primaryimage"},"image":{"@id":"https:\/\/www.sereni-d.com\/en\/produits\/textile-shield-bed-bugs-pack\/#primaryimage"},"thumbnailUrl":"https:\/\/www.sereni-d.com\/wp-content\/uploads\/2024\/06\/kit_EN_duo_bouclier.jpg","datePublished":"2023-05-31T14:26:22+00:00","dateModified":"2026-04-30T04:23:10+00:00","description":"SHIELD PREVENTIVE PLANT TREATMENT FOR BED BUGS! Effective & Durable Protection - Plant-Based Bed Bug Repellent! Long-term protection","breadcrumb":{"@id":"https:\/\/www.sereni-d.com\/en\/produits\/textile-shield-bed-bugs-pack\/#breadcrumb"},"inLanguage":"en-US","potentialAction":[{"@type":"ReadAction","target":["https:\/\/www.sereni-d.com\/en\/produits\/textile-shield-bed-bugs-pack\/"]}]},{"@type":"ImageObject","inLanguage":"en-US","@id":"https:\/\/www.sereni-d.com\/en\/produits\/textile-shield-bed-bugs-pack\/#primaryimage","url":"https:\/\/www.sereni-d.com\/wp-content\/uploads\/2024\/06\/kit_EN_duo_bouclier.jpg","contentUrl":"https:\/\/www.sereni-d.com\/wp-content\/uploads\/2024\/06\/kit_EN_duo_bouclier.jpg","width":1000,"height":1000},{"@type":"BreadcrumbList","@id":"https:\/\/www.sereni-d.com\/en\/produits\/textile-shield-bed-bugs-pack\/#breadcrumb","itemListElement":[{"@type":"ListItem","position":1,"name":"Home page","item":"https:\/\/www.sereni-d.com\/en\/"},{"@type":"ListItem","position":2,"name":"Store","item":"https:\/\/www.sereni-d.com\/en\/produits\/"},{"@type":"ListItem","position":3,"name":"Punaise de lit","item":"https:\/\/www.sereni-d.com\/categories\/punaise-de-lit\/"},{"@type":"ListItem","position":4,"name":"Packs","item":"https:\/\/www.sereni-d.com\/en\/categories\/packs-en\/"},{"@type":"ListItem","position":5,"name":"SHIELD Clothing Bed bugs PACK"}]},{"@type":"WebSite","@id":"https:\/\/www.sereni-d.com\/en\/#website","url":"https:\/\/www.sereni-d.com\/en\/","name":"Sereni-d\u00ae","description":"EXPERT Punaises de Lit - Laboratoire SUISSE - Traitements concentr\u00e9s contres les Punaises de Lit. Protection Longue Dur\u00e9e. Efficacit\u00e9 prouv\u00e9e, r\u00e9sultat maximal. Recommand\u00e9 par les professionnels.","publisher":{"@id":"https:\/\/www.sereni-d.com\/en\/#organization"},"potentialAction":[{"@type":"SearchAction","target":{"@type":"EntryPoint","urlTemplate":"https:\/\/www.sereni-d.com\/en\/?s={search_term_string}"},"query-input":{"@type":"PropertyValueSpecification","valueRequired":true,"valueName":"search_term_string"}}],"inLanguage":"en-US"},{"@type":"Organization","@id":"https:\/\/www.sereni-d.com\/en\/#organization","name":"Sereni-d","url":"https:\/\/www.sereni-d.com\/en\/","logo":{"@type":"ImageObject","inLanguage":"en-US","@id":"https:\/\/www.sereni-d.com\/en\/#\/schema\/logo\/image\/","url":"","contentUrl":"","caption":"Sereni-d"},"image":{"@id":"https:\/\/www.sereni-d.com\/en\/#\/schema\/logo\/image\/"},"sameAs":["https:\/\/www.facebook.com\/SereniDsante\/","https:\/\/www.instagram.com\/serenidsante\/"]}]}},"_links":{"self":[{"href":"https:\/\/www.sereni-d.com\/en\/wp-json\/wp\/v2\/product\/5268","targetHints":{"allow":["GET"]}}],"collection":[{"href":"https:\/\/www.sereni-d.com\/en\/wp-json\/wp\/v2\/product"}],"about":[{"href":"https:\/\/www.sereni-d.com\/en\/wp-json\/wp\/v2\/types\/product"}],"replies":[{"embeddable":true,"href":"https:\/\/www.sereni-d.com\/en\/wp-json\/wp\/v2\/comments?post=5268"}],"wp:featuredmedia":[{"embeddable":true,"href":"https:\/\/www.sereni-d.com\/en\/wp-json\/wp\/v2\/media\/6458"}],"wp:attachment":[{"href":"https:\/\/www.sereni-d.com\/en\/wp-json\/wp\/v2\/media?parent=5268"}],"wp:term":[{"taxonomy":"product_brand","embeddable":true,"href":"https:\/\/www.sereni-d.com\/en\/wp-json\/wp\/v2\/product_brand?post=5268"},{"taxonomy":"product_cat","embeddable":true,"href":"https:\/\/www.sereni-d.com\/en\/wp-json\/wp\/v2\/product_cat?post=5268"},{"taxonomy":"product_tag","embeddable":true,"href":"https:\/\/www.sereni-d.com\/en\/wp-json\/wp\/v2\/product_tag?post=5268"}],"curies":[{"name":"wp","href":"https:\/\/api.w.org\/{rel}","templated":true}]}}