{"id":5278,"date":"2023-06-01T16:50:06","date_gmt":"2023-06-01T14:50:06","guid":{"rendered":"https:\/\/www.sereni-d.com\/produits\/bed-bug-bite-soothing-roll-on\/"},"modified":"2026-04-04T05:27:40","modified_gmt":"2026-04-04T03:27:40","slug":"bed-bug-bite-soothing-roll-on","status":"publish","type":"product","link":"https:\/\/www.sereni-d.com\/en\/produits\/bed-bug-bite-soothing-roll-on\/","title":{"rendered":"Bed Bug Bite Soothing ROLL-ON"},"content":{"rendered":"<p>Sereni-d<b>\u00ae<\/b> ANTI-BED BUG BITE ROLL-ON is composed of a synergy of 100% pure and natural organic essential oils rigorously selected to soothe the skin and prevent future bed bug bites.<\/p>\n<p>While moisturising the skin, it soothes the itching caused by bed bug bites, and speeds up healing thanks to the soothing, antiseptic, anti-inflammatory and healing actions of its 100% pure, organic essential oils.<\/p>\n<p>Sereni-d ROLL-ON also acts preventively, thanks to the bed bug repellent properties of its essential oils.<\/p>\n<p><strong>Sereni-d\u00ae<\/strong> satisfaction guarantee: If you are not satisfied with your purchase, contact us using the <a title=\"SERENI-D contact\" href=\"https:\/\/www.sereni-d.com\/en\/contact\/\">contact<\/a> page and we will refund the full amount.<\/p>\n","protected":false},"excerpt":{"rendered":"<p>\u2022 Preventive and curative Roll-On against bed bug bites<br \/>\n\u2022 Soothes and prevents bed bug bites<br \/>\n\u2022 Immediate effect<br \/>\n\u2022 Over 50,000 satisfied Sereni-d<sup>\u00ae<\/sup> customers<\/p>\n<p><strong>CONCENTRATED FORMULA \u2013 MAXIMUM RESULT<\/strong><\/p>\n","protected":false},"featured_media":1346,"comment_status":"open","ping_status":"closed","template":"","meta":{"_acf_changed":false,"_monsterinsights_skip_tracking":false,"_monsterinsights_sitenote_active":false,"_monsterinsights_sitenote_note":"","_monsterinsights_sitenote_category":0},"product_brand":[],"product_cat":[75],"product_tag":[],"class_list":{"0":"post-5278","1":"product","2":"type-product","3":"status-publish","4":"has-post-thumbnail","6":"product_cat-products","8":"first","9":"instock","10":"taxable","11":"shipping-taxable","12":"purchasable","13":"product-type-simple"},"acf":[],"yoast_head":"<!-- This site is optimized with the Yoast SEO plugin v27.2 - https:\/\/yoast.com\/product\/yoast-seo-wordpress\/ -->\n<title>Soothing Bed Bug Bite ROLL-ON - Sereni-d\u00ae<\/title>\n<meta name=\"description\" content=\"Immediate relief from bed bug bites - Preventive &amp; Curative - Synergy of 100% Natural organic essential oils - More than 10,000 satisfied Sereni-d\u00ae customers\u00ae\" \/>\n<meta name=\"robots\" content=\"index, follow, max-snippet:-1, max-image-preview:large, max-video-preview:-1\" \/>\n<link rel=\"canonical\" href=\"https:\/\/www.sereni-d.com\/en\/produits\/bed-bug-bite-soothing-roll-on\/\" \/>\n<meta property=\"og:locale\" content=\"en_US\" \/>\n<meta property=\"og:type\" content=\"article\" \/>\n<meta property=\"og:title\" content=\"Soothing Bed Bug Bite ROLL-ON - Sereni-d\u00ae\" \/>\n<meta property=\"og:description\" content=\"Immediate relief from bed bug bites - Preventive &amp; Curative - Synergy of 100% Natural organic essential oils - More than 10,000 satisfied Sereni-d\u00ae customers\u00ae\" \/>\n<meta property=\"og:url\" content=\"https:\/\/www.sereni-d.com\/en\/produits\/bed-bug-bite-soothing-roll-on\/\" \/>\n<meta property=\"og:site_name\" content=\"Sereni-d\u00ae\" \/>\n<meta property=\"article:publisher\" content=\"https:\/\/www.facebook.com\/SereniDsante\/\" \/>\n<meta property=\"article:modified_time\" content=\"2026-04-04T03:27:40+00:00\" \/>\n<meta property=\"og:image\" content=\"https:\/\/www.sereni-d.com\/wp-content\/uploads\/2024\/06\/DE_roll-on-1-1.jpg\" \/>\n\t<meta property=\"og:image:width\" content=\"2500\" \/>\n\t<meta property=\"og:image:height\" content=\"2500\" \/>\n\t<meta property=\"og:image:type\" content=\"image\/jpeg\" \/>\n<meta name=\"twitter:card\" content=\"summary_large_image\" \/>\n<meta name=\"twitter:label1\" content=\"Est. reading time\" \/>\n\t<meta name=\"twitter:data1\" content=\"1 minute\" \/>\n<script type=\"application\/ld+json\" class=\"yoast-schema-graph\">{\"@context\":\"https:\/\/schema.org\",\"@graph\":[{\"@type\":\"WebPage\",\"@id\":\"https:\/\/www.sereni-d.com\/en\/produits\/bed-bug-bite-soothing-roll-on\/\",\"url\":\"https:\/\/www.sereni-d.com\/en\/produits\/bed-bug-bite-soothing-roll-on\/\",\"name\":\"Soothing Bed Bug Bite ROLL-ON - Sereni-d\u00ae\",\"isPartOf\":{\"@id\":\"https:\/\/www.sereni-d.com\/en\/#website\"},\"primaryImageOfPage\":{\"@id\":\"https:\/\/www.sereni-d.com\/en\/produits\/bed-bug-bite-soothing-roll-on\/#primaryimage\"},\"image\":{\"@id\":\"https:\/\/www.sereni-d.com\/en\/produits\/bed-bug-bite-soothing-roll-on\/#primaryimage\"},\"thumbnailUrl\":\"https:\/\/www.sereni-d.com\/wp-content\/uploads\/2024\/06\/DE_roll-on-1-1.jpg\",\"datePublished\":\"2023-06-01T14:50:06+00:00\",\"dateModified\":\"2026-04-04T03:27:40+00:00\",\"description\":\"Immediate relief from bed bug bites - Preventive & Curative - Synergy of 100% Natural organic essential oils - More than 10,000 satisfied Sereni-d\u00ae customers\u00ae\",\"breadcrumb\":{\"@id\":\"https:\/\/www.sereni-d.com\/en\/produits\/bed-bug-bite-soothing-roll-on\/#breadcrumb\"},\"inLanguage\":\"en-US\",\"potentialAction\":[{\"@type\":\"ReadAction\",\"target\":[\"https:\/\/www.sereni-d.com\/en\/produits\/bed-bug-bite-soothing-roll-on\/\"]}]},{\"@type\":\"ImageObject\",\"inLanguage\":\"en-US\",\"@id\":\"https:\/\/www.sereni-d.com\/en\/produits\/bed-bug-bite-soothing-roll-on\/#primaryimage\",\"url\":\"https:\/\/www.sereni-d.com\/wp-content\/uploads\/2024\/06\/DE_roll-on-1-1.jpg\",\"contentUrl\":\"https:\/\/www.sereni-d.com\/wp-content\/uploads\/2024\/06\/DE_roll-on-1-1.jpg\",\"width\":2500,\"height\":2500,\"caption\":\"bedbugs bites\"},{\"@type\":\"BreadcrumbList\",\"@id\":\"https:\/\/www.sereni-d.com\/en\/produits\/bed-bug-bite-soothing-roll-on\/#breadcrumb\",\"itemListElement\":[{\"@type\":\"ListItem\",\"position\":1,\"name\":\"Home page\",\"item\":\"https:\/\/www.sereni-d.com\/en\/\"},{\"@type\":\"ListItem\",\"position\":2,\"name\":\"Store\",\"item\":\"https:\/\/www.sereni-d.com\/en\/produits\/\"},{\"@type\":\"ListItem\",\"position\":3,\"name\":\"Punaise de lit\",\"item\":\"https:\/\/www.sereni-d.com\/categories\/punaise-de-lit\/\"},{\"@type\":\"ListItem\",\"position\":4,\"name\":\"Products\",\"item\":\"https:\/\/www.sereni-d.com\/en\/categories\/products\/\"},{\"@type\":\"ListItem\",\"position\":5,\"name\":\"Bed Bug Bite Soothing ROLL-ON\"}]},{\"@type\":\"WebSite\",\"@id\":\"https:\/\/www.sereni-d.com\/en\/#website\",\"url\":\"https:\/\/www.sereni-d.com\/en\/\",\"name\":\"Sereni-d\u00ae\",\"description\":\"EXPERT Punaises de Lit - Laboratoire SUISSE - Traitements concentr\u00e9s contres les Punaises de Lit. Protection Longue Dur\u00e9e. Efficacit\u00e9 prouv\u00e9e, r\u00e9sultat maximal. Recommand\u00e9 par les professionnels.\",\"publisher\":{\"@id\":\"https:\/\/www.sereni-d.com\/en\/#organization\"},\"potentialAction\":[{\"@type\":\"SearchAction\",\"target\":{\"@type\":\"EntryPoint\",\"urlTemplate\":\"https:\/\/www.sereni-d.com\/en\/?s={search_term_string}\"},\"query-input\":{\"@type\":\"PropertyValueSpecification\",\"valueRequired\":true,\"valueName\":\"search_term_string\"}}],\"inLanguage\":\"en-US\"},{\"@type\":\"Organization\",\"@id\":\"https:\/\/www.sereni-d.com\/en\/#organization\",\"name\":\"Sereni-d\",\"url\":\"https:\/\/www.sereni-d.com\/en\/\",\"logo\":{\"@type\":\"ImageObject\",\"inLanguage\":\"en-US\",\"@id\":\"https:\/\/www.sereni-d.com\/en\/#\/schema\/logo\/image\/\",\"url\":\"\",\"contentUrl\":\"\",\"caption\":\"Sereni-d\"},\"image\":{\"@id\":\"https:\/\/www.sereni-d.com\/en\/#\/schema\/logo\/image\/\"},\"sameAs\":[\"https:\/\/www.facebook.com\/SereniDsante\/\",\"https:\/\/www.instagram.com\/serenidsante\/\"]}]}<\/script>\n<!-- \/ Yoast SEO plugin. -->","yoast_head_json":{"title":"Soothing Bed Bug Bite ROLL-ON - Sereni-d\u00ae","description":"Immediate relief from bed bug bites - Preventive & Curative - Synergy of 100% Natural organic essential oils - More than 10,000 satisfied Sereni-d\u00ae customers\u00ae","robots":{"index":"index","follow":"follow","max-snippet":"max-snippet:-1","max-image-preview":"max-image-preview:large","max-video-preview":"max-video-preview:-1"},"canonical":"https:\/\/www.sereni-d.com\/en\/produits\/bed-bug-bite-soothing-roll-on\/","og_locale":"en_US","og_type":"article","og_title":"Soothing Bed Bug Bite ROLL-ON - Sereni-d\u00ae","og_description":"Immediate relief from bed bug bites - Preventive & Curative - Synergy of 100% Natural organic essential oils - More than 10,000 satisfied Sereni-d\u00ae customers\u00ae","og_url":"https:\/\/www.sereni-d.com\/en\/produits\/bed-bug-bite-soothing-roll-on\/","og_site_name":"Sereni-d\u00ae","article_publisher":"https:\/\/www.facebook.com\/SereniDsante\/","article_modified_time":"2026-04-04T03:27:40+00:00","og_image":[{"width":2500,"height":2500,"url":"https:\/\/www.sereni-d.com\/wp-content\/uploads\/2024\/06\/DE_roll-on-1-1.jpg","type":"image\/jpeg"}],"twitter_card":"summary_large_image","twitter_misc":{"Est. reading time":"1 minute"},"schema":{"@context":"https:\/\/schema.org","@graph":[{"@type":"WebPage","@id":"https:\/\/www.sereni-d.com\/en\/produits\/bed-bug-bite-soothing-roll-on\/","url":"https:\/\/www.sereni-d.com\/en\/produits\/bed-bug-bite-soothing-roll-on\/","name":"Soothing Bed Bug Bite ROLL-ON - Sereni-d\u00ae","isPartOf":{"@id":"https:\/\/www.sereni-d.com\/en\/#website"},"primaryImageOfPage":{"@id":"https:\/\/www.sereni-d.com\/en\/produits\/bed-bug-bite-soothing-roll-on\/#primaryimage"},"image":{"@id":"https:\/\/www.sereni-d.com\/en\/produits\/bed-bug-bite-soothing-roll-on\/#primaryimage"},"thumbnailUrl":"https:\/\/www.sereni-d.com\/wp-content\/uploads\/2024\/06\/DE_roll-on-1-1.jpg","datePublished":"2023-06-01T14:50:06+00:00","dateModified":"2026-04-04T03:27:40+00:00","description":"Immediate relief from bed bug bites - Preventive & Curative - Synergy of 100% Natural organic essential oils - More than 10,000 satisfied Sereni-d\u00ae customers\u00ae","breadcrumb":{"@id":"https:\/\/www.sereni-d.com\/en\/produits\/bed-bug-bite-soothing-roll-on\/#breadcrumb"},"inLanguage":"en-US","potentialAction":[{"@type":"ReadAction","target":["https:\/\/www.sereni-d.com\/en\/produits\/bed-bug-bite-soothing-roll-on\/"]}]},{"@type":"ImageObject","inLanguage":"en-US","@id":"https:\/\/www.sereni-d.com\/en\/produits\/bed-bug-bite-soothing-roll-on\/#primaryimage","url":"https:\/\/www.sereni-d.com\/wp-content\/uploads\/2024\/06\/DE_roll-on-1-1.jpg","contentUrl":"https:\/\/www.sereni-d.com\/wp-content\/uploads\/2024\/06\/DE_roll-on-1-1.jpg","width":2500,"height":2500,"caption":"bedbugs bites"},{"@type":"BreadcrumbList","@id":"https:\/\/www.sereni-d.com\/en\/produits\/bed-bug-bite-soothing-roll-on\/#breadcrumb","itemListElement":[{"@type":"ListItem","position":1,"name":"Home page","item":"https:\/\/www.sereni-d.com\/en\/"},{"@type":"ListItem","position":2,"name":"Store","item":"https:\/\/www.sereni-d.com\/en\/produits\/"},{"@type":"ListItem","position":3,"name":"Punaise de lit","item":"https:\/\/www.sereni-d.com\/categories\/punaise-de-lit\/"},{"@type":"ListItem","position":4,"name":"Products","item":"https:\/\/www.sereni-d.com\/en\/categories\/products\/"},{"@type":"ListItem","position":5,"name":"Bed Bug Bite Soothing ROLL-ON"}]},{"@type":"WebSite","@id":"https:\/\/www.sereni-d.com\/en\/#website","url":"https:\/\/www.sereni-d.com\/en\/","name":"Sereni-d\u00ae","description":"EXPERT Punaises de Lit - Laboratoire SUISSE - Traitements concentr\u00e9s contres les Punaises de Lit. Protection Longue Dur\u00e9e. Efficacit\u00e9 prouv\u00e9e, r\u00e9sultat maximal. Recommand\u00e9 par les professionnels.","publisher":{"@id":"https:\/\/www.sereni-d.com\/en\/#organization"},"potentialAction":[{"@type":"SearchAction","target":{"@type":"EntryPoint","urlTemplate":"https:\/\/www.sereni-d.com\/en\/?s={search_term_string}"},"query-input":{"@type":"PropertyValueSpecification","valueRequired":true,"valueName":"search_term_string"}}],"inLanguage":"en-US"},{"@type":"Organization","@id":"https:\/\/www.sereni-d.com\/en\/#organization","name":"Sereni-d","url":"https:\/\/www.sereni-d.com\/en\/","logo":{"@type":"ImageObject","inLanguage":"en-US","@id":"https:\/\/www.sereni-d.com\/en\/#\/schema\/logo\/image\/","url":"","contentUrl":"","caption":"Sereni-d"},"image":{"@id":"https:\/\/www.sereni-d.com\/en\/#\/schema\/logo\/image\/"},"sameAs":["https:\/\/www.facebook.com\/SereniDsante\/","https:\/\/www.instagram.com\/serenidsante\/"]}]}},"_links":{"self":[{"href":"https:\/\/www.sereni-d.com\/en\/wp-json\/wp\/v2\/product\/5278","targetHints":{"allow":["GET"]}}],"collection":[{"href":"https:\/\/www.sereni-d.com\/en\/wp-json\/wp\/v2\/product"}],"about":[{"href":"https:\/\/www.sereni-d.com\/en\/wp-json\/wp\/v2\/types\/product"}],"replies":[{"embeddable":true,"href":"https:\/\/www.sereni-d.com\/en\/wp-json\/wp\/v2\/comments?post=5278"}],"wp:featuredmedia":[{"embeddable":true,"href":"https:\/\/www.sereni-d.com\/en\/wp-json\/wp\/v2\/media\/1346"}],"wp:attachment":[{"href":"https:\/\/www.sereni-d.com\/en\/wp-json\/wp\/v2\/media?parent=5278"}],"wp:term":[{"taxonomy":"product_brand","embeddable":true,"href":"https:\/\/www.sereni-d.com\/en\/wp-json\/wp\/v2\/product_brand?post=5278"},{"taxonomy":"product_cat","embeddable":true,"href":"https:\/\/www.sereni-d.com\/en\/wp-json\/wp\/v2\/product_cat?post=5278"},{"taxonomy":"product_tag","embeddable":true,"href":"https:\/\/www.sereni-d.com\/en\/wp-json\/wp\/v2\/product_tag?post=5278"}],"curies":[{"name":"wp","href":"https:\/\/api.w.org\/{rel}","templated":true}]}}