{"id":5287,"date":"2023-09-26T17:51:17","date_gmt":"2023-09-26T15:51:17","guid":{"rendered":"https:\/\/www.sereni-d.com\/produits\/complete-bed-bug-treatment-pack\/"},"modified":"2026-05-07T18:06:05","modified_gmt":"2026-05-07T16:06:05","slug":"complete-bed-bugs-treatment-pack","status":"publish","type":"product","link":"https:\/\/www.sereni-d.com\/en\/produits\/complete-bed-bugs-treatment-pack\/","title":{"rendered":"COMPLETE BED BUG TREATMENT PACK"},"content":{"rendered":"<p>The <strong>Complete Bed Bug Treatment PACK<\/strong> offers full protection against bed bugs.<\/p>\n<p>In case of a bed bug infestation, it is recommended to use parallel methods and treatments to ensure the highest efficiency. Sereni-d has developed 3 complementary methods to guarantee a high level of efficiency in eliminating 100% of bed bugs.<\/p>\n<ul>\n<li>The <a href=\"https:\/\/www.sereni-d.com\/en\/produits\/sos-bed-bugs-xxl\/\"><strong>SOS XXL<\/strong><\/a> is a shock insecticide made from essential oils and plant-based active substances, eliminating 100% of bed bugs.<\/li>\n<li>The <a href=\"https:\/\/www.sereni-d.com\/en\/produits\/freeze-begbugs\/\"><strong>FREEZE aerosol<\/strong> <\/a>is a treatment without biocidal active substances, eliminating 100% of bed bugs and eggs by freezing in the most sensitive spaces and surfaces such as mattresses and children&#8217;s rooms.<\/li>\n<li>The <a href=\"https:\/\/www.sereni-d.com\/en\/produits\/diatomaceous-earth-bed-bugs\/\"><strong>Diatomaceous Earth aerosol<\/strong><\/a> is a drying treatment for bed bugs, localized, long-lasting (3 weeks), with no residual activity possible.<\/li>\n<\/ul>\n<p><strong>Sereni-d\u00ae<\/strong> satisfaction guarantee: If you are not satisfied with your purchase, contact us using the <a title=\"SERENI-D contact\" href=\"https:\/\/www.sereni-d.com\/en\/contact\/\">contact<\/a> page and we will refund the full amount.<\/p>\n","protected":false},"excerpt":{"rendered":"<p align=\"justify\">\u2022 Complete bed bug treatment package<br \/>\n\u2022 Complementary Bed Bug Elimination Methods<br \/>\n\u2022 Long-Lasting Action<br \/>\n\u2022 Over 50,000 Satisfied Sereni-d Customers<\/p>\n<p align=\"justify\"><strong>CONCENTRATED FORMULAS \u2013 MAXIMUM RESULT<\/strong><\/p>\n","protected":false},"featured_media":8565,"comment_status":"open","ping_status":"closed","template":"","meta":{"_acf_changed":false,"_monsterinsights_skip_tracking":false,"_monsterinsights_sitenote_active":false,"_monsterinsights_sitenote_note":"","_monsterinsights_sitenote_category":0},"product_brand":[],"product_cat":[80],"product_tag":[],"class_list":{"0":"post-5287","1":"product","2":"type-product","3":"status-publish","4":"has-post-thumbnail","6":"product_cat-packs-en","8":"first","9":"instock","10":"taxable","11":"shipping-taxable","12":"purchasable","13":"product-type-simple"},"acf":[],"yoast_head":"<!-- This site is optimized with the Yoast SEO plugin v27.4 - https:\/\/yoast.com\/product\/yoast-seo-wordpress\/ -->\n<title>Complete Bed Bug Treatment- Sereni-d\u00ae<\/title>\n<meta name=\"description\" content=\"Complete bed bug treatment. A triple action for a high degree of long-lasting effectiveness.\" \/>\n<meta name=\"robots\" content=\"index, follow, max-snippet:-1, max-image-preview:large, max-video-preview:-1\" \/>\n<link rel=\"canonical\" href=\"https:\/\/www.sereni-d.com\/en\/produits\/complete-bed-bugs-treatment-pack\/\" \/>\n<meta property=\"og:locale\" content=\"en_US\" \/>\n<meta property=\"og:type\" content=\"article\" \/>\n<meta property=\"og:title\" content=\"Complete Bed Bug Treatment- Sereni-d\u00ae\" \/>\n<meta property=\"og:description\" content=\"Complete bed bug treatment. A triple action for a high degree of long-lasting effectiveness.\" \/>\n<meta property=\"og:url\" content=\"https:\/\/www.sereni-d.com\/en\/produits\/complete-bed-bugs-treatment-pack\/\" \/>\n<meta property=\"og:site_name\" content=\"Sereni-d\u00ae\" \/>\n<meta property=\"article:publisher\" content=\"https:\/\/www.facebook.com\/SereniDsante\/\" \/>\n<meta property=\"article:modified_time\" content=\"2026-05-07T16:06:05+00:00\" \/>\n<meta property=\"og:image\" content=\"https:\/\/www.sereni-d.com\/wp-content\/uploads\/2024\/09\/EN_kit_SOS_POMPE_-2.jpg\" \/>\n\t<meta property=\"og:image:width\" content=\"2500\" \/>\n\t<meta property=\"og:image:height\" content=\"2500\" \/>\n\t<meta property=\"og:image:type\" content=\"image\/jpeg\" \/>\n<meta name=\"twitter:card\" content=\"summary_large_image\" \/>\n<meta name=\"twitter:label1\" content=\"Est. reading time\" \/>\n\t<meta name=\"twitter:data1\" content=\"1 minute\" \/>\n<script type=\"application\/ld+json\" class=\"yoast-schema-graph\">{\"@context\":\"https:\\\/\\\/schema.org\",\"@graph\":[{\"@type\":\"WebPage\",\"@id\":\"https:\\\/\\\/www.sereni-d.com\\\/en\\\/produits\\\/complete-bed-bugs-treatment-pack\\\/\",\"url\":\"https:\\\/\\\/www.sereni-d.com\\\/en\\\/produits\\\/complete-bed-bugs-treatment-pack\\\/\",\"name\":\"Complete Bed Bug Treatment- Sereni-d\u00ae\",\"isPartOf\":{\"@id\":\"https:\\\/\\\/www.sereni-d.com\\\/en\\\/#website\"},\"primaryImageOfPage\":{\"@id\":\"https:\\\/\\\/www.sereni-d.com\\\/en\\\/produits\\\/complete-bed-bugs-treatment-pack\\\/#primaryimage\"},\"image\":{\"@id\":\"https:\\\/\\\/www.sereni-d.com\\\/en\\\/produits\\\/complete-bed-bugs-treatment-pack\\\/#primaryimage\"},\"thumbnailUrl\":\"https:\\\/\\\/www.sereni-d.com\\\/wp-content\\\/uploads\\\/2024\\\/09\\\/EN_kit_SOS_POMPE_-2.jpg\",\"datePublished\":\"2023-09-26T15:51:17+00:00\",\"dateModified\":\"2026-05-07T16:06:05+00:00\",\"description\":\"Complete bed bug treatment. A triple action for a high degree of long-lasting effectiveness.\",\"breadcrumb\":{\"@id\":\"https:\\\/\\\/www.sereni-d.com\\\/en\\\/produits\\\/complete-bed-bugs-treatment-pack\\\/#breadcrumb\"},\"inLanguage\":\"en-US\",\"potentialAction\":[{\"@type\":\"ReadAction\",\"target\":[\"https:\\\/\\\/www.sereni-d.com\\\/en\\\/produits\\\/complete-bed-bugs-treatment-pack\\\/\"]}]},{\"@type\":\"ImageObject\",\"inLanguage\":\"en-US\",\"@id\":\"https:\\\/\\\/www.sereni-d.com\\\/en\\\/produits\\\/complete-bed-bugs-treatment-pack\\\/#primaryimage\",\"url\":\"https:\\\/\\\/www.sereni-d.com\\\/wp-content\\\/uploads\\\/2024\\\/09\\\/EN_kit_SOS_POMPE_-2.jpg\",\"contentUrl\":\"https:\\\/\\\/www.sereni-d.com\\\/wp-content\\\/uploads\\\/2024\\\/09\\\/EN_kit_SOS_POMPE_-2.jpg\",\"width\":2500,\"height\":2500,\"caption\":\"Complete bed bug treatment\"},{\"@type\":\"BreadcrumbList\",\"@id\":\"https:\\\/\\\/www.sereni-d.com\\\/en\\\/produits\\\/complete-bed-bugs-treatment-pack\\\/#breadcrumb\",\"itemListElement\":[{\"@type\":\"ListItem\",\"position\":1,\"name\":\"Home page\",\"item\":\"https:\\\/\\\/www.sereni-d.com\\\/en\\\/\"},{\"@type\":\"ListItem\",\"position\":2,\"name\":\"Store\",\"item\":\"https:\\\/\\\/www.sereni-d.com\\\/en\\\/produits\\\/\"},{\"@type\":\"ListItem\",\"position\":3,\"name\":\"Punaise de lit\",\"item\":\"https:\\\/\\\/www.sereni-d.com\\\/categories\\\/punaise-de-lit\\\/\"},{\"@type\":\"ListItem\",\"position\":4,\"name\":\"Packs\",\"item\":\"https:\\\/\\\/www.sereni-d.com\\\/en\\\/categories\\\/packs-en\\\/\"},{\"@type\":\"ListItem\",\"position\":5,\"name\":\"COMPLETE BED BUG TREATMENT PACK\"}]},{\"@type\":\"WebSite\",\"@id\":\"https:\\\/\\\/www.sereni-d.com\\\/en\\\/#website\",\"url\":\"https:\\\/\\\/www.sereni-d.com\\\/en\\\/\",\"name\":\"Sereni-d\u00ae\",\"description\":\"EXPERT Punaises de Lit - Laboratoire SUISSE - Traitements concentr\u00e9s contres les Punaises de Lit. Protection Longue Dur\u00e9e. Efficacit\u00e9 prouv\u00e9e, r\u00e9sultat maximal. Recommand\u00e9 par les professionnels.\",\"publisher\":{\"@id\":\"https:\\\/\\\/www.sereni-d.com\\\/en\\\/#organization\"},\"potentialAction\":[{\"@type\":\"SearchAction\",\"target\":{\"@type\":\"EntryPoint\",\"urlTemplate\":\"https:\\\/\\\/www.sereni-d.com\\\/en\\\/?s={search_term_string}\"},\"query-input\":{\"@type\":\"PropertyValueSpecification\",\"valueRequired\":true,\"valueName\":\"search_term_string\"}}],\"inLanguage\":\"en-US\"},{\"@type\":\"Organization\",\"@id\":\"https:\\\/\\\/www.sereni-d.com\\\/en\\\/#organization\",\"name\":\"Sereni-d\",\"url\":\"https:\\\/\\\/www.sereni-d.com\\\/en\\\/\",\"logo\":{\"@type\":\"ImageObject\",\"inLanguage\":\"en-US\",\"@id\":\"https:\\\/\\\/www.sereni-d.com\\\/en\\\/#\\\/schema\\\/logo\\\/image\\\/\",\"url\":\"\",\"contentUrl\":\"\",\"caption\":\"Sereni-d\"},\"image\":{\"@id\":\"https:\\\/\\\/www.sereni-d.com\\\/en\\\/#\\\/schema\\\/logo\\\/image\\\/\"},\"sameAs\":[\"https:\\\/\\\/www.facebook.com\\\/SereniDsante\\\/\",\"https:\\\/\\\/www.instagram.com\\\/serenidsante\\\/\"]}]}<\/script>\n<!-- \/ Yoast SEO plugin. -->","yoast_head_json":{"title":"Complete Bed Bug Treatment- Sereni-d\u00ae","description":"Complete bed bug treatment. A triple action for a high degree of long-lasting effectiveness.","robots":{"index":"index","follow":"follow","max-snippet":"max-snippet:-1","max-image-preview":"max-image-preview:large","max-video-preview":"max-video-preview:-1"},"canonical":"https:\/\/www.sereni-d.com\/en\/produits\/complete-bed-bugs-treatment-pack\/","og_locale":"en_US","og_type":"article","og_title":"Complete Bed Bug Treatment- Sereni-d\u00ae","og_description":"Complete bed bug treatment. A triple action for a high degree of long-lasting effectiveness.","og_url":"https:\/\/www.sereni-d.com\/en\/produits\/complete-bed-bugs-treatment-pack\/","og_site_name":"Sereni-d\u00ae","article_publisher":"https:\/\/www.facebook.com\/SereniDsante\/","article_modified_time":"2026-05-07T16:06:05+00:00","og_image":[{"width":2500,"height":2500,"url":"https:\/\/www.sereni-d.com\/wp-content\/uploads\/2024\/09\/EN_kit_SOS_POMPE_-2.jpg","type":"image\/jpeg"}],"twitter_card":"summary_large_image","twitter_misc":{"Est. reading time":"1 minute"},"schema":{"@context":"https:\/\/schema.org","@graph":[{"@type":"WebPage","@id":"https:\/\/www.sereni-d.com\/en\/produits\/complete-bed-bugs-treatment-pack\/","url":"https:\/\/www.sereni-d.com\/en\/produits\/complete-bed-bugs-treatment-pack\/","name":"Complete Bed Bug Treatment- Sereni-d\u00ae","isPartOf":{"@id":"https:\/\/www.sereni-d.com\/en\/#website"},"primaryImageOfPage":{"@id":"https:\/\/www.sereni-d.com\/en\/produits\/complete-bed-bugs-treatment-pack\/#primaryimage"},"image":{"@id":"https:\/\/www.sereni-d.com\/en\/produits\/complete-bed-bugs-treatment-pack\/#primaryimage"},"thumbnailUrl":"https:\/\/www.sereni-d.com\/wp-content\/uploads\/2024\/09\/EN_kit_SOS_POMPE_-2.jpg","datePublished":"2023-09-26T15:51:17+00:00","dateModified":"2026-05-07T16:06:05+00:00","description":"Complete bed bug treatment. A triple action for a high degree of long-lasting effectiveness.","breadcrumb":{"@id":"https:\/\/www.sereni-d.com\/en\/produits\/complete-bed-bugs-treatment-pack\/#breadcrumb"},"inLanguage":"en-US","potentialAction":[{"@type":"ReadAction","target":["https:\/\/www.sereni-d.com\/en\/produits\/complete-bed-bugs-treatment-pack\/"]}]},{"@type":"ImageObject","inLanguage":"en-US","@id":"https:\/\/www.sereni-d.com\/en\/produits\/complete-bed-bugs-treatment-pack\/#primaryimage","url":"https:\/\/www.sereni-d.com\/wp-content\/uploads\/2024\/09\/EN_kit_SOS_POMPE_-2.jpg","contentUrl":"https:\/\/www.sereni-d.com\/wp-content\/uploads\/2024\/09\/EN_kit_SOS_POMPE_-2.jpg","width":2500,"height":2500,"caption":"Complete bed bug treatment"},{"@type":"BreadcrumbList","@id":"https:\/\/www.sereni-d.com\/en\/produits\/complete-bed-bugs-treatment-pack\/#breadcrumb","itemListElement":[{"@type":"ListItem","position":1,"name":"Home page","item":"https:\/\/www.sereni-d.com\/en\/"},{"@type":"ListItem","position":2,"name":"Store","item":"https:\/\/www.sereni-d.com\/en\/produits\/"},{"@type":"ListItem","position":3,"name":"Punaise de lit","item":"https:\/\/www.sereni-d.com\/categories\/punaise-de-lit\/"},{"@type":"ListItem","position":4,"name":"Packs","item":"https:\/\/www.sereni-d.com\/en\/categories\/packs-en\/"},{"@type":"ListItem","position":5,"name":"COMPLETE BED BUG TREATMENT PACK"}]},{"@type":"WebSite","@id":"https:\/\/www.sereni-d.com\/en\/#website","url":"https:\/\/www.sereni-d.com\/en\/","name":"Sereni-d\u00ae","description":"EXPERT Punaises de Lit - Laboratoire SUISSE - Traitements concentr\u00e9s contres les Punaises de Lit. Protection Longue Dur\u00e9e. Efficacit\u00e9 prouv\u00e9e, r\u00e9sultat maximal. Recommand\u00e9 par les professionnels.","publisher":{"@id":"https:\/\/www.sereni-d.com\/en\/#organization"},"potentialAction":[{"@type":"SearchAction","target":{"@type":"EntryPoint","urlTemplate":"https:\/\/www.sereni-d.com\/en\/?s={search_term_string}"},"query-input":{"@type":"PropertyValueSpecification","valueRequired":true,"valueName":"search_term_string"}}],"inLanguage":"en-US"},{"@type":"Organization","@id":"https:\/\/www.sereni-d.com\/en\/#organization","name":"Sereni-d","url":"https:\/\/www.sereni-d.com\/en\/","logo":{"@type":"ImageObject","inLanguage":"en-US","@id":"https:\/\/www.sereni-d.com\/en\/#\/schema\/logo\/image\/","url":"","contentUrl":"","caption":"Sereni-d"},"image":{"@id":"https:\/\/www.sereni-d.com\/en\/#\/schema\/logo\/image\/"},"sameAs":["https:\/\/www.facebook.com\/SereniDsante\/","https:\/\/www.instagram.com\/serenidsante\/"]}]}},"_links":{"self":[{"href":"https:\/\/www.sereni-d.com\/en\/wp-json\/wp\/v2\/product\/5287","targetHints":{"allow":["GET"]}}],"collection":[{"href":"https:\/\/www.sereni-d.com\/en\/wp-json\/wp\/v2\/product"}],"about":[{"href":"https:\/\/www.sereni-d.com\/en\/wp-json\/wp\/v2\/types\/product"}],"replies":[{"embeddable":true,"href":"https:\/\/www.sereni-d.com\/en\/wp-json\/wp\/v2\/comments?post=5287"}],"wp:featuredmedia":[{"embeddable":true,"href":"https:\/\/www.sereni-d.com\/en\/wp-json\/wp\/v2\/media\/8565"}],"wp:attachment":[{"href":"https:\/\/www.sereni-d.com\/en\/wp-json\/wp\/v2\/media?parent=5287"}],"wp:term":[{"taxonomy":"product_brand","embeddable":true,"href":"https:\/\/www.sereni-d.com\/en\/wp-json\/wp\/v2\/product_brand?post=5287"},{"taxonomy":"product_cat","embeddable":true,"href":"https:\/\/www.sereni-d.com\/en\/wp-json\/wp\/v2\/product_cat?post=5287"},{"taxonomy":"product_tag","embeddable":true,"href":"https:\/\/www.sereni-d.com\/en\/wp-json\/wp\/v2\/product_tag?post=5287"}],"curies":[{"name":"wp","href":"https:\/\/api.w.org\/{rel}","templated":true}]}}