{"id":5290,"date":"2023-09-26T17:50:48","date_gmt":"2023-09-26T15:50:48","guid":{"rendered":"https:\/\/www.sereni-d.com\/produits\/preventive-bed-bugs-pack\/"},"modified":"2026-04-04T16:27:43","modified_gmt":"2026-04-04T14:27:43","slug":"preventive-bed-bugs-pack","status":"publish","type":"product","link":"https:\/\/www.sereni-d.com\/en\/produits\/preventive-bed-bugs-pack\/","title":{"rendered":"Preventive Bed bugs PACK"},"content":{"rendered":"<p>The <strong>Preventive textile SHIELD<\/strong> and<strong>ANTI-BITE Body Repellent ANTI-BED BUGS <\/strong>are ready-to-use sprays based on principles inspired by nature and specially developed to repel bed bugs in a preventive context.<\/p>\n<p>Their <strong>plant-based pyrethrum flower extract and geraniol, combined with a mixture of essential oils<\/strong> selected for their repellent properties, ensure long-lasting preventive effectiveness (up to 7 days in optimal conditions of use). SHIELD and ANTI-BITE sprays protect your belongings and your skin.<\/p>\n<p>The <strong>Preventive Anti-Bed Bug PACK <\/strong>offers protection against bed bugs and is your best solution on public transport, in cinemas, when travelling or when in doubt about a nearby problem or infestation.<\/p>\n<p><strong>Sereni-d\u00ae<\/strong> satisfaction guarantee: If you are not satisfied with your purchase, contact us using the <a title=\"SERENI-D contact\" href=\"https:\/\/www.sereni-d.com\/en\/contact\/\">contact<\/a> page and we will refund the full amount.<\/p>\n","protected":false},"excerpt":{"rendered":"<p align=\"justify\">\u2022 Preventive pack against bed bugs<br \/>\n\u2022 Repels bed bugs on textiles, luggage and skin<br \/>\n\u2022 Durable, safe and long-lasting protection<br \/>\n\u2022 Over 50,000 satisfied Sereni-d<sup>\u00ae<\/sup> customers<\/p>\n<p align=\"justify\"><strong>CONCENTRATED FORMULAS \u2013 MAXIMUM RESULT<\/strong><\/p>\n","protected":false},"featured_media":6466,"comment_status":"open","ping_status":"closed","template":"","meta":{"_acf_changed":false,"_monsterinsights_skip_tracking":false,"_monsterinsights_sitenote_active":false,"_monsterinsights_sitenote_note":"","_monsterinsights_sitenote_category":0},"product_brand":[],"product_cat":[80],"product_tag":[],"class_list":{"0":"post-5290","1":"product","2":"type-product","3":"status-publish","4":"has-post-thumbnail","6":"product_cat-packs-en","8":"first","9":"instock","10":"taxable","11":"shipping-taxable","12":"purchasable","13":"product-type-simple"},"acf":[],"yoast_head":"<!-- This site is optimized with the Yoast SEO plugin v27.2 - https:\/\/yoast.com\/product\/yoast-seo-wordpress\/ -->\n<title>Preventive PACK Bed bug Repellent - Sereni-d\u00ae<\/title>\n<meta name=\"description\" content=\"Batch of 2x100mL - Preventive pack against bed bugs - Durable, safe and long-lasting protection\" \/>\n<meta name=\"robots\" content=\"index, follow, max-snippet:-1, max-image-preview:large, max-video-preview:-1\" \/>\n<link rel=\"canonical\" href=\"https:\/\/www.sereni-d.com\/en\/produits\/preventive-bed-bugs-pack\/\" \/>\n<meta property=\"og:locale\" content=\"en_US\" \/>\n<meta property=\"og:type\" content=\"article\" \/>\n<meta property=\"og:title\" content=\"Preventive PACK Bed bug Repellent - Sereni-d\u00ae\" \/>\n<meta property=\"og:description\" content=\"Batch of 2x100mL - Preventive pack against bed bugs - Durable, safe and long-lasting protection\" \/>\n<meta property=\"og:url\" content=\"https:\/\/www.sereni-d.com\/en\/produits\/preventive-bed-bugs-pack\/\" \/>\n<meta property=\"og:site_name\" content=\"Sereni-d\u00ae\" \/>\n<meta property=\"article:publisher\" content=\"https:\/\/www.facebook.com\/SereniDsante\/\" \/>\n<meta property=\"article:modified_time\" content=\"2026-04-04T14:27:43+00:00\" \/>\n<meta property=\"og:image\" content=\"https:\/\/www.sereni-d.com\/wp-content\/uploads\/2024\/06\/kit_IT_bouclier_antipique-1.jpg\" \/>\n\t<meta property=\"og:image:width\" content=\"1000\" \/>\n\t<meta property=\"og:image:height\" content=\"1000\" \/>\n\t<meta property=\"og:image:type\" content=\"image\/jpeg\" \/>\n<meta name=\"twitter:card\" content=\"summary_large_image\" \/>\n<meta name=\"twitter:label1\" content=\"Est. reading time\" \/>\n\t<meta name=\"twitter:data1\" content=\"1 minute\" \/>\n<script type=\"application\/ld+json\" class=\"yoast-schema-graph\">{\"@context\":\"https:\/\/schema.org\",\"@graph\":[{\"@type\":\"WebPage\",\"@id\":\"https:\/\/www.sereni-d.com\/en\/produits\/preventive-bed-bugs-pack\/\",\"url\":\"https:\/\/www.sereni-d.com\/en\/produits\/preventive-bed-bugs-pack\/\",\"name\":\"Preventive PACK Bed bug Repellent - Sereni-d\u00ae\",\"isPartOf\":{\"@id\":\"https:\/\/www.sereni-d.com\/en\/#website\"},\"primaryImageOfPage\":{\"@id\":\"https:\/\/www.sereni-d.com\/en\/produits\/preventive-bed-bugs-pack\/#primaryimage\"},\"image\":{\"@id\":\"https:\/\/www.sereni-d.com\/en\/produits\/preventive-bed-bugs-pack\/#primaryimage\"},\"thumbnailUrl\":\"https:\/\/www.sereni-d.com\/wp-content\/uploads\/2024\/06\/kit_IT_bouclier_antipique-1.jpg\",\"datePublished\":\"2023-09-26T15:50:48+00:00\",\"dateModified\":\"2026-04-04T14:27:43+00:00\",\"description\":\"Batch of 2x100mL - Preventive pack against bed bugs - Durable, safe and long-lasting protection\",\"breadcrumb\":{\"@id\":\"https:\/\/www.sereni-d.com\/en\/produits\/preventive-bed-bugs-pack\/#breadcrumb\"},\"inLanguage\":\"en-US\",\"potentialAction\":[{\"@type\":\"ReadAction\",\"target\":[\"https:\/\/www.sereni-d.com\/en\/produits\/preventive-bed-bugs-pack\/\"]}]},{\"@type\":\"ImageObject\",\"inLanguage\":\"en-US\",\"@id\":\"https:\/\/www.sereni-d.com\/en\/produits\/preventive-bed-bugs-pack\/#primaryimage\",\"url\":\"https:\/\/www.sereni-d.com\/wp-content\/uploads\/2024\/06\/kit_IT_bouclier_antipique-1.jpg\",\"contentUrl\":\"https:\/\/www.sereni-d.com\/wp-content\/uploads\/2024\/06\/kit_IT_bouclier_antipique-1.jpg\",\"width\":1000,\"height\":1000},{\"@type\":\"BreadcrumbList\",\"@id\":\"https:\/\/www.sereni-d.com\/en\/produits\/preventive-bed-bugs-pack\/#breadcrumb\",\"itemListElement\":[{\"@type\":\"ListItem\",\"position\":1,\"name\":\"Home page\",\"item\":\"https:\/\/www.sereni-d.com\/en\/\"},{\"@type\":\"ListItem\",\"position\":2,\"name\":\"Store\",\"item\":\"https:\/\/www.sereni-d.com\/en\/produits\/\"},{\"@type\":\"ListItem\",\"position\":3,\"name\":\"Punaise de lit\",\"item\":\"https:\/\/www.sereni-d.com\/categories\/punaise-de-lit\/\"},{\"@type\":\"ListItem\",\"position\":4,\"name\":\"Packs\",\"item\":\"https:\/\/www.sereni-d.com\/en\/categories\/packs-en\/\"},{\"@type\":\"ListItem\",\"position\":5,\"name\":\"Preventive Bed bugs PACK\"}]},{\"@type\":\"WebSite\",\"@id\":\"https:\/\/www.sereni-d.com\/en\/#website\",\"url\":\"https:\/\/www.sereni-d.com\/en\/\",\"name\":\"Sereni-d\u00ae\",\"description\":\"EXPERT Punaises de Lit - Laboratoire SUISSE - Traitements concentr\u00e9s contres les Punaises de Lit. Protection Longue Dur\u00e9e. Efficacit\u00e9 prouv\u00e9e, r\u00e9sultat maximal. Recommand\u00e9 par les professionnels.\",\"publisher\":{\"@id\":\"https:\/\/www.sereni-d.com\/en\/#organization\"},\"potentialAction\":[{\"@type\":\"SearchAction\",\"target\":{\"@type\":\"EntryPoint\",\"urlTemplate\":\"https:\/\/www.sereni-d.com\/en\/?s={search_term_string}\"},\"query-input\":{\"@type\":\"PropertyValueSpecification\",\"valueRequired\":true,\"valueName\":\"search_term_string\"}}],\"inLanguage\":\"en-US\"},{\"@type\":\"Organization\",\"@id\":\"https:\/\/www.sereni-d.com\/en\/#organization\",\"name\":\"Sereni-d\",\"url\":\"https:\/\/www.sereni-d.com\/en\/\",\"logo\":{\"@type\":\"ImageObject\",\"inLanguage\":\"en-US\",\"@id\":\"https:\/\/www.sereni-d.com\/en\/#\/schema\/logo\/image\/\",\"url\":\"\",\"contentUrl\":\"\",\"caption\":\"Sereni-d\"},\"image\":{\"@id\":\"https:\/\/www.sereni-d.com\/en\/#\/schema\/logo\/image\/\"},\"sameAs\":[\"https:\/\/www.facebook.com\/SereniDsante\/\",\"https:\/\/www.instagram.com\/serenidsante\/\"]}]}<\/script>\n<!-- \/ Yoast SEO plugin. -->","yoast_head_json":{"title":"Preventive PACK Bed bug Repellent - Sereni-d\u00ae","description":"Batch of 2x100mL - Preventive pack against bed bugs - Durable, safe and long-lasting protection","robots":{"index":"index","follow":"follow","max-snippet":"max-snippet:-1","max-image-preview":"max-image-preview:large","max-video-preview":"max-video-preview:-1"},"canonical":"https:\/\/www.sereni-d.com\/en\/produits\/preventive-bed-bugs-pack\/","og_locale":"en_US","og_type":"article","og_title":"Preventive PACK Bed bug Repellent - Sereni-d\u00ae","og_description":"Batch of 2x100mL - Preventive pack against bed bugs - Durable, safe and long-lasting protection","og_url":"https:\/\/www.sereni-d.com\/en\/produits\/preventive-bed-bugs-pack\/","og_site_name":"Sereni-d\u00ae","article_publisher":"https:\/\/www.facebook.com\/SereniDsante\/","article_modified_time":"2026-04-04T14:27:43+00:00","og_image":[{"width":1000,"height":1000,"url":"https:\/\/www.sereni-d.com\/wp-content\/uploads\/2024\/06\/kit_IT_bouclier_antipique-1.jpg","type":"image\/jpeg"}],"twitter_card":"summary_large_image","twitter_misc":{"Est. reading time":"1 minute"},"schema":{"@context":"https:\/\/schema.org","@graph":[{"@type":"WebPage","@id":"https:\/\/www.sereni-d.com\/en\/produits\/preventive-bed-bugs-pack\/","url":"https:\/\/www.sereni-d.com\/en\/produits\/preventive-bed-bugs-pack\/","name":"Preventive PACK Bed bug Repellent - Sereni-d\u00ae","isPartOf":{"@id":"https:\/\/www.sereni-d.com\/en\/#website"},"primaryImageOfPage":{"@id":"https:\/\/www.sereni-d.com\/en\/produits\/preventive-bed-bugs-pack\/#primaryimage"},"image":{"@id":"https:\/\/www.sereni-d.com\/en\/produits\/preventive-bed-bugs-pack\/#primaryimage"},"thumbnailUrl":"https:\/\/www.sereni-d.com\/wp-content\/uploads\/2024\/06\/kit_IT_bouclier_antipique-1.jpg","datePublished":"2023-09-26T15:50:48+00:00","dateModified":"2026-04-04T14:27:43+00:00","description":"Batch of 2x100mL - Preventive pack against bed bugs - Durable, safe and long-lasting protection","breadcrumb":{"@id":"https:\/\/www.sereni-d.com\/en\/produits\/preventive-bed-bugs-pack\/#breadcrumb"},"inLanguage":"en-US","potentialAction":[{"@type":"ReadAction","target":["https:\/\/www.sereni-d.com\/en\/produits\/preventive-bed-bugs-pack\/"]}]},{"@type":"ImageObject","inLanguage":"en-US","@id":"https:\/\/www.sereni-d.com\/en\/produits\/preventive-bed-bugs-pack\/#primaryimage","url":"https:\/\/www.sereni-d.com\/wp-content\/uploads\/2024\/06\/kit_IT_bouclier_antipique-1.jpg","contentUrl":"https:\/\/www.sereni-d.com\/wp-content\/uploads\/2024\/06\/kit_IT_bouclier_antipique-1.jpg","width":1000,"height":1000},{"@type":"BreadcrumbList","@id":"https:\/\/www.sereni-d.com\/en\/produits\/preventive-bed-bugs-pack\/#breadcrumb","itemListElement":[{"@type":"ListItem","position":1,"name":"Home page","item":"https:\/\/www.sereni-d.com\/en\/"},{"@type":"ListItem","position":2,"name":"Store","item":"https:\/\/www.sereni-d.com\/en\/produits\/"},{"@type":"ListItem","position":3,"name":"Punaise de lit","item":"https:\/\/www.sereni-d.com\/categories\/punaise-de-lit\/"},{"@type":"ListItem","position":4,"name":"Packs","item":"https:\/\/www.sereni-d.com\/en\/categories\/packs-en\/"},{"@type":"ListItem","position":5,"name":"Preventive Bed bugs PACK"}]},{"@type":"WebSite","@id":"https:\/\/www.sereni-d.com\/en\/#website","url":"https:\/\/www.sereni-d.com\/en\/","name":"Sereni-d\u00ae","description":"EXPERT Punaises de Lit - Laboratoire SUISSE - Traitements concentr\u00e9s contres les Punaises de Lit. Protection Longue Dur\u00e9e. Efficacit\u00e9 prouv\u00e9e, r\u00e9sultat maximal. Recommand\u00e9 par les professionnels.","publisher":{"@id":"https:\/\/www.sereni-d.com\/en\/#organization"},"potentialAction":[{"@type":"SearchAction","target":{"@type":"EntryPoint","urlTemplate":"https:\/\/www.sereni-d.com\/en\/?s={search_term_string}"},"query-input":{"@type":"PropertyValueSpecification","valueRequired":true,"valueName":"search_term_string"}}],"inLanguage":"en-US"},{"@type":"Organization","@id":"https:\/\/www.sereni-d.com\/en\/#organization","name":"Sereni-d","url":"https:\/\/www.sereni-d.com\/en\/","logo":{"@type":"ImageObject","inLanguage":"en-US","@id":"https:\/\/www.sereni-d.com\/en\/#\/schema\/logo\/image\/","url":"","contentUrl":"","caption":"Sereni-d"},"image":{"@id":"https:\/\/www.sereni-d.com\/en\/#\/schema\/logo\/image\/"},"sameAs":["https:\/\/www.facebook.com\/SereniDsante\/","https:\/\/www.instagram.com\/serenidsante\/"]}]}},"_links":{"self":[{"href":"https:\/\/www.sereni-d.com\/en\/wp-json\/wp\/v2\/product\/5290","targetHints":{"allow":["GET"]}}],"collection":[{"href":"https:\/\/www.sereni-d.com\/en\/wp-json\/wp\/v2\/product"}],"about":[{"href":"https:\/\/www.sereni-d.com\/en\/wp-json\/wp\/v2\/types\/product"}],"replies":[{"embeddable":true,"href":"https:\/\/www.sereni-d.com\/en\/wp-json\/wp\/v2\/comments?post=5290"}],"wp:featuredmedia":[{"embeddable":true,"href":"https:\/\/www.sereni-d.com\/en\/wp-json\/wp\/v2\/media\/6466"}],"wp:attachment":[{"href":"https:\/\/www.sereni-d.com\/en\/wp-json\/wp\/v2\/media?parent=5290"}],"wp:term":[{"taxonomy":"product_brand","embeddable":true,"href":"https:\/\/www.sereni-d.com\/en\/wp-json\/wp\/v2\/product_brand?post=5290"},{"taxonomy":"product_cat","embeddable":true,"href":"https:\/\/www.sereni-d.com\/en\/wp-json\/wp\/v2\/product_cat?post=5290"},{"taxonomy":"product_tag","embeddable":true,"href":"https:\/\/www.sereni-d.com\/en\/wp-json\/wp\/v2\/product_tag?post=5290"}],"curies":[{"name":"wp","href":"https:\/\/api.w.org\/{rel}","templated":true}]}}