{"id":6118,"date":"2024-05-08T10:33:57","date_gmt":"2024-05-08T08:33:57","guid":{"rendered":"https:\/\/www.sereni-d.com\/?post_type=product&#038;p=6118"},"modified":"2026-04-15T21:23:16","modified_gmt":"2026-04-15T19:23:16","slug":"freeze-begbugs","status":"publish","type":"product","link":"https:\/\/www.sereni-d.com\/en\/produits\/freeze-begbugs\/","title":{"rendered":"FREEZE Bedbugs"},"content":{"rendered":"<p><strong>FREEZE Bed Bug Treatment<\/strong> is a ready-to-use aerosol whose principles are inspired by nature and has been specially developed to kill bed bugs and their eggs in a curative setting through direct application.<\/p>\n<p>Its <strong>freezing formula at -40\u00b0C<\/strong> ensures the mechanical destruction of bed bugs at all stages of development (eggs, larvae, adults) with a <strong>lightning-fast action<\/strong> that neutralizes and destroys them instantly.<\/p>\n<p>The FREEZE aerosol contains no biocidal active substances; it is a <strong>100% natural solution<\/strong> for eliminating bed bugs through the effect of cold. Its formula has an <strong>immediate SHOCK effectiveness<\/strong> on bed bugs.<\/p>\n<p>When sprayed on bed bugs and their nests, the <strong>cryo effect of the spray will paralyze and kill them instantly<\/strong>. The thermal freezing effect encounters <strong>no resistance<\/strong> from bed bugs.<\/p>\n<p>It is also effective on other crawling and flying insects in the home such as <strong>ants, spiders, mites, fleas, silverfish, moths, lice, mosquitoes, wasps, and flies<\/strong>.<\/p>\n<p>The FREEZE aerosol is your best ally in case of infestation or even the slightest doubt about the presence of bed bugs, larvae, or eggs. It is complementary to bed bug treatments such as <strong>SOS<\/strong> and <strong>DIATOMACEOUS EARTH<\/strong>. Containing <strong>no chemical products<\/strong> or <strong>residual toxic substances<\/strong>, it is ideal for treating sensitive areas such as a baby\u2019s room, a mattress, a sofa, or a kitchen, <strong>without compromising your health<\/strong> or that of your family. It is also ideal for treating <strong>hard-to-reach areas<\/strong> such as baseboards, cracks, and the ends of bed slats.<\/p>\n<p><strong>Sereni-d\u00ae<\/strong> Satisfaction Guarantee: If you are not satisfied with your purchase, contact us via the <a href=\"https:\/\/www.sereni-d.com\/en\/contact\/\">contact page<\/a> and we will refund the full amount.<\/p>\n","protected":false},"excerpt":{"rendered":"<p align=\"justify\">\u2022 Natural lightning-fast treatment for bed bugs<br \/>\n\u2022 Kills 100% of bed bugs (eggs, larvae, adults) through freezing<br \/>\n\u2022 Immediate protection, non-harmful to your health and your family&#8217;s health<br \/>\n\u2022 Over 50,000 satisfied Sereni-d\u00ae customers<\/p>\n<p align=\"justify\"><strong>FREEZING SPRAY -40\u00b0C \u2013 INSTANT RESULTS<\/strong><\/p>\n","protected":false},"featured_media":6186,"comment_status":"open","ping_status":"closed","template":"","meta":{"_acf_changed":false,"_monsterinsights_skip_tracking":false,"_monsterinsights_sitenote_active":false,"_monsterinsights_sitenote_note":"","_monsterinsights_sitenote_category":0},"product_brand":[],"product_cat":[75],"product_tag":[],"class_list":{"0":"post-6118","1":"product","2":"type-product","3":"status-publish","4":"has-post-thumbnail","6":"product_cat-products","8":"first","9":"instock","10":"taxable","11":"shipping-taxable","12":"purchasable","13":"product-type-simple"},"acf":[],"yoast_head":"<!-- This site is optimized with the Yoast SEO plugin v27.2 - https:\/\/yoast.com\/product\/yoast-seo-wordpress\/ -->\n<title>FREEZE - Bed Bug Freezing Treatment - Sereni-d\u00ae<\/title>\n<meta name=\"description\" content=\"Freezing Aerosol -40\u00b0C. Kill BedBugs and Their Eggs with Cold. Shock Effect Without Chemicals\" \/>\n<meta name=\"robots\" content=\"index, follow, max-snippet:-1, max-image-preview:large, max-video-preview:-1\" \/>\n<link rel=\"canonical\" href=\"https:\/\/www.sereni-d.com\/en\/produits\/freeze-begbugs\/\" \/>\n<meta property=\"og:locale\" content=\"en_US\" \/>\n<meta property=\"og:type\" content=\"article\" \/>\n<meta property=\"og:title\" content=\"FREEZE - Bed Bug Freezing Treatment - Sereni-d\u00ae\" \/>\n<meta property=\"og:description\" content=\"Freezing Aerosol -40\u00b0C. Kill BedBugs and Their Eggs with Cold. Shock Effect Without Chemicals\" \/>\n<meta property=\"og:url\" content=\"https:\/\/www.sereni-d.com\/en\/produits\/freeze-begbugs\/\" \/>\n<meta property=\"og:site_name\" content=\"Sereni-d\u00ae\" \/>\n<meta property=\"article:publisher\" content=\"https:\/\/www.facebook.com\/SereniDsante\/\" \/>\n<meta property=\"article:modified_time\" content=\"2026-04-15T19:23:16+00:00\" \/>\n<meta property=\"og:image\" content=\"https:\/\/www.sereni-d.com\/wp-content\/uploads\/2024\/05\/image_freeze-400ml_1.jpg\" \/>\n\t<meta property=\"og:image:width\" content=\"2500\" \/>\n\t<meta property=\"og:image:height\" content=\"2500\" \/>\n\t<meta property=\"og:image:type\" content=\"image\/jpeg\" \/>\n<meta name=\"twitter:card\" content=\"summary_large_image\" \/>\n<meta name=\"twitter:label1\" content=\"Est. reading time\" \/>\n\t<meta name=\"twitter:data1\" content=\"2 minutes\" \/>\n<script type=\"application\/ld+json\" class=\"yoast-schema-graph\">{\"@context\":\"https:\/\/schema.org\",\"@graph\":[{\"@type\":\"WebPage\",\"@id\":\"https:\/\/www.sereni-d.com\/en\/produits\/freeze-begbugs\/\",\"url\":\"https:\/\/www.sereni-d.com\/en\/produits\/freeze-begbugs\/\",\"name\":\"FREEZE - Bed Bug Freezing Treatment - Sereni-d\u00ae\",\"isPartOf\":{\"@id\":\"https:\/\/www.sereni-d.com\/en\/#website\"},\"primaryImageOfPage\":{\"@id\":\"https:\/\/www.sereni-d.com\/en\/produits\/freeze-begbugs\/#primaryimage\"},\"image\":{\"@id\":\"https:\/\/www.sereni-d.com\/en\/produits\/freeze-begbugs\/#primaryimage\"},\"thumbnailUrl\":\"https:\/\/www.sereni-d.com\/wp-content\/uploads\/2024\/08\/DE_freeze-400ml_1-scaled.jpg\",\"datePublished\":\"2024-05-08T08:33:57+00:00\",\"dateModified\":\"2026-04-15T19:23:16+00:00\",\"description\":\"Freezing Aerosol -40\u00b0C. Kill BedBugs and Their Eggs with Cold. Shock Effect Without Chemicals\",\"breadcrumb\":{\"@id\":\"https:\/\/www.sereni-d.com\/en\/produits\/freeze-begbugs\/#breadcrumb\"},\"inLanguage\":\"en-US\",\"potentialAction\":[{\"@type\":\"ReadAction\",\"target\":[\"https:\/\/www.sereni-d.com\/en\/produits\/freeze-begbugs\/\"]}]},{\"@type\":\"ImageObject\",\"inLanguage\":\"en-US\",\"@id\":\"https:\/\/www.sereni-d.com\/en\/produits\/freeze-begbugs\/#primaryimage\",\"url\":\"https:\/\/www.sereni-d.com\/wp-content\/uploads\/2024\/08\/DE_freeze-400ml_1-scaled.jpg\",\"contentUrl\":\"https:\/\/www.sereni-d.com\/wp-content\/uploads\/2024\/08\/DE_freeze-400ml_1-scaled.jpg\",\"width\":2560,\"height\":2560,\"caption\":\"Aerosol FREEZE cryo bedbugs\"},{\"@type\":\"BreadcrumbList\",\"@id\":\"https:\/\/www.sereni-d.com\/en\/produits\/freeze-begbugs\/#breadcrumb\",\"itemListElement\":[{\"@type\":\"ListItem\",\"position\":1,\"name\":\"Home page\",\"item\":\"https:\/\/www.sereni-d.com\/en\/\"},{\"@type\":\"ListItem\",\"position\":2,\"name\":\"Store\",\"item\":\"https:\/\/www.sereni-d.com\/en\/produits\/\"},{\"@type\":\"ListItem\",\"position\":3,\"name\":\"Punaise de lit\",\"item\":\"https:\/\/www.sereni-d.com\/categories\/punaise-de-lit\/\"},{\"@type\":\"ListItem\",\"position\":4,\"name\":\"Products\",\"item\":\"https:\/\/www.sereni-d.com\/en\/categories\/products\/\"},{\"@type\":\"ListItem\",\"position\":5,\"name\":\"FREEZE Bedbugs\"}]},{\"@type\":\"WebSite\",\"@id\":\"https:\/\/www.sereni-d.com\/en\/#website\",\"url\":\"https:\/\/www.sereni-d.com\/en\/\",\"name\":\"Sereni-d\u00ae\",\"description\":\"EXPERT Punaises de Lit - Laboratoire SUISSE - Traitements concentr\u00e9s contres les Punaises de Lit. Protection Longue Dur\u00e9e. Efficacit\u00e9 prouv\u00e9e, r\u00e9sultat maximal. Recommand\u00e9 par les professionnels.\",\"publisher\":{\"@id\":\"https:\/\/www.sereni-d.com\/en\/#organization\"},\"potentialAction\":[{\"@type\":\"SearchAction\",\"target\":{\"@type\":\"EntryPoint\",\"urlTemplate\":\"https:\/\/www.sereni-d.com\/en\/?s={search_term_string}\"},\"query-input\":{\"@type\":\"PropertyValueSpecification\",\"valueRequired\":true,\"valueName\":\"search_term_string\"}}],\"inLanguage\":\"en-US\"},{\"@type\":\"Organization\",\"@id\":\"https:\/\/www.sereni-d.com\/en\/#organization\",\"name\":\"Sereni-d\",\"url\":\"https:\/\/www.sereni-d.com\/en\/\",\"logo\":{\"@type\":\"ImageObject\",\"inLanguage\":\"en-US\",\"@id\":\"https:\/\/www.sereni-d.com\/en\/#\/schema\/logo\/image\/\",\"url\":\"\",\"contentUrl\":\"\",\"caption\":\"Sereni-d\"},\"image\":{\"@id\":\"https:\/\/www.sereni-d.com\/en\/#\/schema\/logo\/image\/\"},\"sameAs\":[\"https:\/\/www.facebook.com\/SereniDsante\/\",\"https:\/\/www.instagram.com\/serenidsante\/\"]}]}<\/script>\n<!-- \/ Yoast SEO plugin. -->","yoast_head_json":{"title":"FREEZE - Bed Bug Freezing Treatment - Sereni-d\u00ae","description":"Freezing Aerosol -40\u00b0C. Kill BedBugs and Their Eggs with Cold. Shock Effect Without Chemicals","robots":{"index":"index","follow":"follow","max-snippet":"max-snippet:-1","max-image-preview":"max-image-preview:large","max-video-preview":"max-video-preview:-1"},"canonical":"https:\/\/www.sereni-d.com\/en\/produits\/freeze-begbugs\/","og_locale":"en_US","og_type":"article","og_title":"FREEZE - Bed Bug Freezing Treatment - Sereni-d\u00ae","og_description":"Freezing Aerosol -40\u00b0C. Kill BedBugs and Their Eggs with Cold. Shock Effect Without Chemicals","og_url":"https:\/\/www.sereni-d.com\/en\/produits\/freeze-begbugs\/","og_site_name":"Sereni-d\u00ae","article_publisher":"https:\/\/www.facebook.com\/SereniDsante\/","article_modified_time":"2026-04-15T19:23:16+00:00","og_image":[{"width":2500,"height":2500,"url":"https:\/\/www.sereni-d.com\/wp-content\/uploads\/2024\/05\/image_freeze-400ml_1.jpg","type":"image\/jpeg"}],"twitter_card":"summary_large_image","twitter_misc":{"Est. reading time":"2 minutes"},"schema":{"@context":"https:\/\/schema.org","@graph":[{"@type":"WebPage","@id":"https:\/\/www.sereni-d.com\/en\/produits\/freeze-begbugs\/","url":"https:\/\/www.sereni-d.com\/en\/produits\/freeze-begbugs\/","name":"FREEZE - Bed Bug Freezing Treatment - Sereni-d\u00ae","isPartOf":{"@id":"https:\/\/www.sereni-d.com\/en\/#website"},"primaryImageOfPage":{"@id":"https:\/\/www.sereni-d.com\/en\/produits\/freeze-begbugs\/#primaryimage"},"image":{"@id":"https:\/\/www.sereni-d.com\/en\/produits\/freeze-begbugs\/#primaryimage"},"thumbnailUrl":"https:\/\/www.sereni-d.com\/wp-content\/uploads\/2024\/08\/DE_freeze-400ml_1-scaled.jpg","datePublished":"2024-05-08T08:33:57+00:00","dateModified":"2026-04-15T19:23:16+00:00","description":"Freezing Aerosol -40\u00b0C. Kill BedBugs and Their Eggs with Cold. Shock Effect Without Chemicals","breadcrumb":{"@id":"https:\/\/www.sereni-d.com\/en\/produits\/freeze-begbugs\/#breadcrumb"},"inLanguage":"en-US","potentialAction":[{"@type":"ReadAction","target":["https:\/\/www.sereni-d.com\/en\/produits\/freeze-begbugs\/"]}]},{"@type":"ImageObject","inLanguage":"en-US","@id":"https:\/\/www.sereni-d.com\/en\/produits\/freeze-begbugs\/#primaryimage","url":"https:\/\/www.sereni-d.com\/wp-content\/uploads\/2024\/08\/DE_freeze-400ml_1-scaled.jpg","contentUrl":"https:\/\/www.sereni-d.com\/wp-content\/uploads\/2024\/08\/DE_freeze-400ml_1-scaled.jpg","width":2560,"height":2560,"caption":"Aerosol FREEZE cryo bedbugs"},{"@type":"BreadcrumbList","@id":"https:\/\/www.sereni-d.com\/en\/produits\/freeze-begbugs\/#breadcrumb","itemListElement":[{"@type":"ListItem","position":1,"name":"Home page","item":"https:\/\/www.sereni-d.com\/en\/"},{"@type":"ListItem","position":2,"name":"Store","item":"https:\/\/www.sereni-d.com\/en\/produits\/"},{"@type":"ListItem","position":3,"name":"Punaise de lit","item":"https:\/\/www.sereni-d.com\/categories\/punaise-de-lit\/"},{"@type":"ListItem","position":4,"name":"Products","item":"https:\/\/www.sereni-d.com\/en\/categories\/products\/"},{"@type":"ListItem","position":5,"name":"FREEZE Bedbugs"}]},{"@type":"WebSite","@id":"https:\/\/www.sereni-d.com\/en\/#website","url":"https:\/\/www.sereni-d.com\/en\/","name":"Sereni-d\u00ae","description":"EXPERT Punaises de Lit - Laboratoire SUISSE - Traitements concentr\u00e9s contres les Punaises de Lit. Protection Longue Dur\u00e9e. Efficacit\u00e9 prouv\u00e9e, r\u00e9sultat maximal. Recommand\u00e9 par les professionnels.","publisher":{"@id":"https:\/\/www.sereni-d.com\/en\/#organization"},"potentialAction":[{"@type":"SearchAction","target":{"@type":"EntryPoint","urlTemplate":"https:\/\/www.sereni-d.com\/en\/?s={search_term_string}"},"query-input":{"@type":"PropertyValueSpecification","valueRequired":true,"valueName":"search_term_string"}}],"inLanguage":"en-US"},{"@type":"Organization","@id":"https:\/\/www.sereni-d.com\/en\/#organization","name":"Sereni-d","url":"https:\/\/www.sereni-d.com\/en\/","logo":{"@type":"ImageObject","inLanguage":"en-US","@id":"https:\/\/www.sereni-d.com\/en\/#\/schema\/logo\/image\/","url":"","contentUrl":"","caption":"Sereni-d"},"image":{"@id":"https:\/\/www.sereni-d.com\/en\/#\/schema\/logo\/image\/"},"sameAs":["https:\/\/www.facebook.com\/SereniDsante\/","https:\/\/www.instagram.com\/serenidsante\/"]}]}},"_links":{"self":[{"href":"https:\/\/www.sereni-d.com\/en\/wp-json\/wp\/v2\/product\/6118","targetHints":{"allow":["GET"]}}],"collection":[{"href":"https:\/\/www.sereni-d.com\/en\/wp-json\/wp\/v2\/product"}],"about":[{"href":"https:\/\/www.sereni-d.com\/en\/wp-json\/wp\/v2\/types\/product"}],"replies":[{"embeddable":true,"href":"https:\/\/www.sereni-d.com\/en\/wp-json\/wp\/v2\/comments?post=6118"}],"wp:featuredmedia":[{"embeddable":true,"href":"https:\/\/www.sereni-d.com\/en\/wp-json\/wp\/v2\/media\/6186"}],"wp:attachment":[{"href":"https:\/\/www.sereni-d.com\/en\/wp-json\/wp\/v2\/media?parent=6118"}],"wp:term":[{"taxonomy":"product_brand","embeddable":true,"href":"https:\/\/www.sereni-d.com\/en\/wp-json\/wp\/v2\/product_brand?post=6118"},{"taxonomy":"product_cat","embeddable":true,"href":"https:\/\/www.sereni-d.com\/en\/wp-json\/wp\/v2\/product_cat?post=6118"},{"taxonomy":"product_tag","embeddable":true,"href":"https:\/\/www.sereni-d.com\/en\/wp-json\/wp\/v2\/product_tag?post=6118"}],"curies":[{"name":"wp","href":"https:\/\/api.w.org\/{rel}","templated":true}]}}