{"id":10340,"date":"2023-12-22T11:00:36","date_gmt":"2023-12-22T10:00:36","guid":{"rendered":"https:\/\/www.sereni-d.com\/nous-trouver\/"},"modified":"2024-12-02T11:47:32","modified_gmt":"2024-12-02T10:47:32","slug":"donde-puede-encontrarnos","status":"publish","type":"page","link":"https:\/\/www.sereni-d.com\/es\/donde-puede-encontrarnos\/","title":{"rendered":"\u00bfD\u00f3nde puede encontrarnos?"},"content":{"rendered":"\r\n            \r\n            \r\n            \r\n            <a name='map2'><\/a>\r\n            \r\n            \r\n            <div class=\"wpgmza-store-locator wpgmza_sl_main_div\" data-id=\"2\">\r\n\t<div class=\"wpgmza-address-container wpgmza-form-field wpgmza_sl_query_div\">\r\n\t\t<label class=\"wpgmza-address wpgmza-form-field__label wpgmza-form-field__label--float\" data-name=\"addressLabel\" for=\"addressInput_2\">ZIP \/ C\u00f3digo Postal \/ Direcci\u00f3n<\/label>\r\n\t\t<input class=\"wpgmza-address addressInput\" type=\"text\" placeholder=\"Introduce una ubicaci\u00f3n\" autocomplete=\"off\" data-name=\"defaultAddress\" value=\"\" id=\"addressInput_2\" size=\"20\" aria-label=\"ZIP \/ C\u00f3digo Postal \/ Direcci\u00f3n\">\r\n\t<\/div>\r\n\t\r\n\t<div class=\"wpgmza-radius-container wpgmza-form-field wpgmza_sl_radius_div wpgmza-clearfix\">\r\n\t\t<label class=\"wpgmza-radius wpgmza-form-field__label wpgmza-form-field__label--float\" for=\"radiusSelect_2\">\r\n\t\t\tRadio:\t\t<\/label>\r\n\t\t<select class=\"wpgmza-radius wpgmza-form-field__input wpgmza_sl_radius_select\" id=\"radiusSelect_2\" aria-label=\"Radio:\"><option class=\"wpgmza-radius wpgmza_sl_select_option\" value=\"1\">1km<\/option><option class=\"wpgmza-radius wpgmza_sl_select_option\" value=\"5\">5km<\/option><option class=\"wpgmza-radius wpgmza_sl_select_option\" value=\"10\" selected>10km<\/option><option class=\"wpgmza-radius wpgmza_sl_select_option\" value=\"25\">25km<\/option><option class=\"wpgmza-radius wpgmza_sl_select_option\" value=\"50\">50km<\/option><option class=\"wpgmza-radius wpgmza_sl_select_option\" value=\"75\">75km<\/option><option class=\"wpgmza-radius wpgmza_sl_select_option\" value=\"100\">100km<\/option><option class=\"wpgmza-radius wpgmza_sl_select_option\" value=\"150\">150km<\/option><option class=\"wpgmza-radius wpgmza_sl_select_option\" value=\"200\">200km<\/option><option class=\"wpgmza-radius wpgmza_sl_select_option\" value=\"300\">300km<\/option><\/select>\r\n\t<\/div>\r\n\t\r\n\t<div class=\"wpgmza-search wpgmza_sl_search_button_div\"><input class=\"wpgmza-search wpgmza_sl_search_button_2\" value=\"Buscar\" type=\"button\" onclick=\"searchLocations(2)\" mid=\"2\"><\/div>\r\n\t\r\n\t<div class=\"wpgmza-reset wpgmza_sl_reset_button_div\">\n\t<input class=\"wpgmza-reset wpgmza_sl_reset_button_2\" type=\"button\" value=\"Reset\" mid=\"2\" onclick=\"resetLocations(2)\">\n<\/div><div class=\"wpgmza-no-results wpgmza-not-found-msg js-not-found-msg\" style=\"display: none;\">\r\n\t\t<p data-name=\"notFoundMessage\">No se han encontrado resultados en esta ubicaci\u00f3n. Vuelve a intentarlo.<\/p>\r\n\t<\/div>\r\n<\/div>\r\n            \r\n            <div class=\"wpgmza_map \"  id=\"wpgmza_map_2\" style=\"display:block; overflow:auto; width:100%; height:600px; float:left;\" data-settings='{\"id\":\"2\",\"map_title\":\"Nous trouver\",\"map_width\":\"100\",\"map_height\":\"600\",\"map_start_lat\":\"45.73761775056428\",\"map_start_lng\":\"3.1126932556398614\",\"map_start_location\":\"45.950464398418106,-109.81550500000003\",\"map_start_zoom\":\"6\",\"default_marker\":\"{\\\"url\\\":\\\"\\\/\\\/www.sereni-d.com\\\/wp-content\\\/uploads\\\/2023\\\/12\\\/locator-serenid.png\\\",\\\"retina\\\":true}\",\"type\":\"1\",\"alignment\":\"4\",\"directions_enabled\":\"0\",\"styling_enabled\":\"0\",\"styling_json\":\"\",\"active\":\"0\",\"kml\":\"\",\"bicycle\":\"0\",\"traffic\":\"0\",\"dbox\":\"1\",\"dbox_width\":\"0\",\"listmarkers\":\"0\",\"listmarkers_advanced\":\"0\",\"filterbycat\":\"0\",\"ugm_enabled\":\"0\",\"ugm_category_enabled\":\"0\",\"fusion\":\"\",\"map_width_type\":\"%\",\"map_height_type\":\"px\",\"mass_marker_support\":\"0\",\"ugm_access\":\"0\",\"order_markers_by\":\"1\",\"order_markers_choice\":\"1\",\"show_user_location\":\"1\",\"default_to\":\"\",\"other_settings\":{\"map_type\":1,\"sl_stroke_color\":\"#000000\",\"sl_fill_color\":\"#000000\",\"sl_stroke_opacity\":\"0.25\",\"sl_fill_opacity\":\"0.25\",\"transport_layer\":false,\"shortcodeAttributes\":{\"id\":\"2\",\"enable_directions\":\"0\"},\"action\":\"wpgmza_save_map\",\"redirect_to\":\"\\\/wp-admin\\\/admin-post.php\",\"map_id\":\"2\",\"http_referer\":\"\\\/wp-admin\\\/admin.php?page=wp-google-maps-menu&amp;amp;action=edit&amp;amp;map_id=1\",\"wpgmza_id\":\"1\",\"wpgmza_start_location\":\"45.73761775056428,3.1126932556398614\",\"wpgmza_start_zoom\":\"6\",\"wpgmza_theme_data\":\"[{\\\"featureType\\\":\\\"administrative.locality\\\",\\\"elementType\\\":\\\"all\\\",\\\"stylers\\\":[{\\\"hue\\\":\\\"#2c2e33\\\"},{\\\"saturation\\\":7},{\\\"lightness\\\":19},{\\\"visibility\\\":\\\"on\\\"}]},{\\\"featureType\\\":\\\"landscape\\\",\\\"elementType\\\":\\\"all\\\",\\\"stylers\\\":[{\\\"hue\\\":\\\"#ffffff\\\"},{\\\"saturation\\\":-100},{\\\"lightness\\\":100},{\\\"visibility\\\":\\\"simplified\\\"}]},{\\\"featureType\\\":\\\"poi\\\",\\\"elementType\\\":\\\"all\\\",\\\"stylers\\\":[{\\\"hue\\\":\\\"#ffffff\\\"},{\\\"saturation\\\":-100},{\\\"lightness\\\":100},{\\\"visibility\\\":\\\"off\\\"}]},{\\\"featureType\\\":\\\"road\\\",\\\"elementType\\\":\\\"geometry\\\",\\\"stylers\\\":[{\\\"hue\\\":\\\"#bbc0c4\\\"},{\\\"saturation\\\":-93},{\\\"lightness\\\":31},{\\\"visibility\\\":\\\"simplified\\\"}]},{\\\"featureType\\\":\\\"road\\\",\\\"elementType\\\":\\\"labels\\\",\\\"stylers\\\":[{\\\"hue\\\":\\\"#bbc0c4\\\"},{\\\"saturation\\\":-93},{\\\"lightness\\\":31},{\\\"visibility\\\":\\\"on\\\"}]},{\\\"featureType\\\":\\\"road.arterial\\\",\\\"elementType\\\":\\\"labels\\\",\\\"stylers\\\":[{\\\"hue\\\":\\\"#bbc0c4\\\"},{\\\"saturation\\\":-93},{\\\"lightness\\\":-2},{\\\"visibility\\\":\\\"simplified\\\"}]},{\\\"featureType\\\":\\\"road.local\\\",\\\"elementType\\\":\\\"geometry\\\",\\\"stylers\\\":[{\\\"hue\\\":\\\"#e9ebed\\\"},{\\\"saturation\\\":-90},{\\\"lightness\\\":-8},{\\\"visibility\\\":\\\"simplified\\\"}]},{\\\"featureType\\\":\\\"transit\\\",\\\"elementType\\\":\\\"all\\\",\\\"stylers\\\":[{\\\"hue\\\":\\\"#e9ebed\\\"},{\\\"saturation\\\":10},{\\\"lightness\\\":69},{\\\"visibility\\\":\\\"on\\\"}]},{\\\"featureType\\\":\\\"water\\\",\\\"elementType\\\":\\\"all\\\",\\\"stylers\\\":[{\\\"hue\\\":\\\"#e9ebed\\\"},{\\\"saturation\\\":-78},{\\\"lightness\\\":67},{\\\"visibility\\\":\\\"simplified\\\"}]}]\",\"directions_box_style\":\"default\",\"wpgmza_dbox_width_type\":\"%\",\"default_from\":\"\",\"directions_behaviour\":\"intelligent\",\"force_google_directions_app\":false,\"directions_route_origin_icon\":\"https:\\\/\\\/dev.sereni-d.com\\\/wp-content\\\/plugins\\\/wp-google-maps\\\/images\\\/spotlight-poi3.png\",\"directions_origin_retina\":false,\"directions_route_destination_icon\":\"https:\\\/\\\/dev.sereni-d.com\\\/wp-content\\\/plugins\\\/wp-google-maps\\\/images\\\/spotlight-poi3.png\",\"directions_destination_retina\":false,\"directions_route_stroke_color\":\"#4f8df5\",\"directions_route_stroke_weight\":\"4\",\"directions_route_stroke_opacity\":\"0.8\",\"directions_fit_bounds_to_route\":false,\"store_locator_enabled\":true,\"store_locator_search_area\":\"auto\",\"wpgmza_store_locator_radius_style\":\"legacy\",\"wpgmza_store_locator_default_radius\":\"10\",\"store_locator_auto_area_max_zoom\":\"\",\"wpgmza_store_locator_restrict\":\"\",\"store_locator_distance\":false,\"wpgmza_store_locator_position\":false,\"store_locator_show_distance\":false,\"store_locator_category\":false,\"wpgmza_store_locator_use_their_location\":false,\"wpgmza_store_locator_bounce\":false,\"upload_default_sl_marker\":\"\",\"upload_default_sl_marker_retina\":false,\"wpgmza_sl_animation\":\"0\",\"wpgmza_store_locator_hide_before_search\":false,\"store_locator_query_string\":\"\",\"store_locator_location_placeholder\":\"\",\"store_locator_default_address\":\"\",\"store_locator_name_search\":false,\"store_locator_name_string\":\"\",\"store_locator_not_found_message\":\"\",\"retina\":true,\"wpgmza_map_align\":\"1\",\"upload_default_ul_marker\":\"\\\/\\\/www.sereni-d.com\\\/wp-content\\\/uploads\\\/2023\\\/12\\\/position-serenid.png\",\"upload_default_ul_marker_retina\":true,\"jump_to_nearest_marker_on_initialization\":false,\"automatically_pan_to_users_location\":true,\"override_users_location_zoom_level\":false,\"override_users_location_zoom_levels\":\"\",\"show_distance_from_location\":false,\"map_max_zoom\":\"3\",\"map_min_zoom\":\"21\",\"click_open_link\":true,\"fit_maps_bounds_to_markers\":false,\"fit_maps_bounds_to_markers_after_filtering\":false,\"hide_point_of_interest\":false,\"wpgmza_zoom_on_marker_click\":false,\"wpgmza_zoom_on_marker_click_slider\":\"\",\"close_infowindow_on_map_click\":false,\"disable_lightbox_images\":false,\"use_Raw_Jpeg_Coordinates\":false,\"polygon_labels\":false,\"disable_polygon_info_windows\":false,\"enable_advanced_custom_fields_integration\":false,\"enable_toolset_woocommerce_integration\":false,\"only_load_markers_within_viewport\":true,\"iw_primary_color\":\"#000000\",\"iw_accent_color\":\"#000000\",\"iw_text_color\":\"#000000\",\"wpgmza_listmarkers_by\":\"4\",\"wpgmza_marker_listing_position\":false,\"wpgmza_push_in_map\":false,\"wpgmza_push_in_map_placement\":\"1\",\"wpgmza_push_in_map_width\":\"\",\"wpgmza_push_in_map_height\":\"\",\"zoom_level_on_marker_listing_override\":false,\"zoom_level_on_marker_listing_click\":\"\",\"marker_listing_disable_zoom\":false,\"datatable_no_result_message\":\"\",\"remove_search_box_datables\":false,\"dataTable_pagination_style\":\"default\",\"datatable_search_string\":\"\",\"datatable_result_start\":\"\",\"datatable_result_of\":\"\",\"datatable_result_to\":\"\",\"datatable_result_total\":\"\",\"datatable_result_show\":\"\",\"datatable_result_entries\":\"\",\"wpgmza_savemap\":\"Enregistrer la carte \\u00bb\",\"wpgmza_theme\":\"7\",\"store_locator_style\":\"legacy\",\"wpgmza_iw_type\":\"0\",\"enable_marker_labels\":false,\"zoom_level_mobile_override_enabled\":false,\"zoom_level_mobile_override\":\"\"}}' data-map-id='2' data-shortcode-attributes='{\"id\":\"2\",\"enable_directions\":\"0\"}'> <\/div>\r\n            \r\n            <div data-wpgmza-table data-wpgmza-php-class=\"WPGMZA\\MarkerListing\\BasicList\" data-wpgmza-rest-api-route=\"\/marker-listing\/\" data-wpgmza-marker-listing=\"true\" class=\"wpgmza_marker_list_class\" style=\"width:100%;\" data-wpgmza-ajax-parameters='{\"map_id\":\"2\"}' id=\"wpgmza_marker_list_2\"><\/div>   \r\n        \n\n\n\n<p><\/p>\n","protected":false},"excerpt":{"rendered":"","protected":false},"author":1,"featured_media":0,"parent":0,"menu_order":0,"comment_status":"closed","ping_status":"closed","template":"","meta":{"_acf_changed":false,"_monsterinsights_skip_tracking":false,"_monsterinsights_sitenote_active":false,"_monsterinsights_sitenote_note":"","_monsterinsights_sitenote_category":0,"footnotes":""},"class_list":["post-10340","page","type-page","status-publish","hentry"],"acf":[],"yoast_head":"<!-- This site is optimized with the Yoast SEO plugin v27.2 - https:\/\/yoast.com\/product\/yoast-seo-wordpress\/ -->\n<title>O\u00f9 nous trouver ? - Points de vente - Sereni-d\u00ae<\/title>\n<meta name=\"description\" content=\"Avec plus de 1000 points de vente dans plus de 15 pays, Sereni-D am\u00e8ne le traitement des punaises de lit SWISS MADE pr\u00e8s de chez vous. Retrouvez ici tous nos points de vente\" \/>\n<meta name=\"robots\" content=\"index, follow, max-snippet:-1, max-image-preview:large, max-video-preview:-1\" \/>\n<link rel=\"canonical\" href=\"https:\/\/www.sereni-d.com\/es\/donde-puede-encontrarnos\/\" \/>\n<meta property=\"og:locale\" content=\"es_ES\" \/>\n<meta property=\"og:type\" content=\"article\" \/>\n<meta property=\"og:title\" content=\"O\u00f9 nous trouver ? - Points de vente - Sereni-d\u00ae\" \/>\n<meta property=\"og:description\" content=\"Avec plus de 1000 points de vente dans plus de 15 pays, Sereni-D am\u00e8ne le traitement des punaises de lit SWISS MADE pr\u00e8s de chez vous. Retrouvez ici tous nos points de vente\" \/>\n<meta property=\"og:url\" content=\"https:\/\/www.sereni-d.com\/es\/donde-puede-encontrarnos\/\" \/>\n<meta property=\"og:site_name\" content=\"Sereni-d\u00ae\" \/>\n<meta property=\"article:publisher\" content=\"https:\/\/www.facebook.com\/SereniDsante\/\" \/>\n<meta property=\"article:modified_time\" content=\"2024-12-02T10:47:32+00:00\" \/>\n<meta name=\"twitter:card\" content=\"summary_large_image\" \/>\n<meta name=\"twitter:label1\" content=\"Tiempo de lectura\" \/>\n\t<meta name=\"twitter:data1\" content=\"1 minuto\" \/>\n<script type=\"application\/ld+json\" class=\"yoast-schema-graph\">{\"@context\":\"https:\/\/schema.org\",\"@graph\":[{\"@type\":\"WebPage\",\"@id\":\"https:\/\/www.sereni-d.com\/es\/donde-puede-encontrarnos\/\",\"url\":\"https:\/\/www.sereni-d.com\/es\/donde-puede-encontrarnos\/\",\"name\":\"O\u00f9 nous trouver ? - Points de vente - Sereni-d\u00ae\",\"isPartOf\":{\"@id\":\"https:\/\/www.sereni-d.com\/es\/#website\"},\"datePublished\":\"2023-12-22T10:00:36+00:00\",\"dateModified\":\"2024-12-02T10:47:32+00:00\",\"description\":\"Avec plus de 1000 points de vente dans plus de 15 pays, Sereni-D am\u00e8ne le traitement des punaises de lit SWISS MADE pr\u00e8s de chez vous. Retrouvez ici tous nos points de vente\",\"breadcrumb\":{\"@id\":\"https:\/\/www.sereni-d.com\/es\/donde-puede-encontrarnos\/#breadcrumb\"},\"inLanguage\":\"es\",\"potentialAction\":[{\"@type\":\"ReadAction\",\"target\":[\"https:\/\/www.sereni-d.com\/es\/donde-puede-encontrarnos\/\"]}]},{\"@type\":\"BreadcrumbList\",\"@id\":\"https:\/\/www.sereni-d.com\/es\/donde-puede-encontrarnos\/#breadcrumb\",\"itemListElement\":[{\"@type\":\"ListItem\",\"position\":1,\"name\":\"Inicio\",\"item\":\"https:\/\/www.sereni-d.com\/es\/\"},{\"@type\":\"ListItem\",\"position\":2,\"name\":\"\u00bfD\u00f3nde puede encontrarnos?\"}]},{\"@type\":\"WebSite\",\"@id\":\"https:\/\/www.sereni-d.com\/es\/#website\",\"url\":\"https:\/\/www.sereni-d.com\/es\/\",\"name\":\"Sereni-d\u00ae\",\"description\":\"EXPERT Punaises de Lit - Laboratoire SUISSE - Traitements concentr\u00e9s contres les Punaises de Lit. Protection Longue Dur\u00e9e. Efficacit\u00e9 prouv\u00e9e, r\u00e9sultat maximal. Recommand\u00e9 par les professionnels.\",\"publisher\":{\"@id\":\"https:\/\/www.sereni-d.com\/es\/#organization\"},\"potentialAction\":[{\"@type\":\"SearchAction\",\"target\":{\"@type\":\"EntryPoint\",\"urlTemplate\":\"https:\/\/www.sereni-d.com\/es\/?s={search_term_string}\"},\"query-input\":{\"@type\":\"PropertyValueSpecification\",\"valueRequired\":true,\"valueName\":\"search_term_string\"}}],\"inLanguage\":\"es\"},{\"@type\":\"Organization\",\"@id\":\"https:\/\/www.sereni-d.com\/es\/#organization\",\"name\":\"Sereni-d\",\"url\":\"https:\/\/www.sereni-d.com\/es\/\",\"logo\":{\"@type\":\"ImageObject\",\"inLanguage\":\"es\",\"@id\":\"https:\/\/www.sereni-d.com\/es\/#\/schema\/logo\/image\/\",\"url\":\"\",\"contentUrl\":\"\",\"caption\":\"Sereni-d\"},\"image\":{\"@id\":\"https:\/\/www.sereni-d.com\/es\/#\/schema\/logo\/image\/\"},\"sameAs\":[\"https:\/\/www.facebook.com\/SereniDsante\/\",\"https:\/\/www.instagram.com\/serenidsante\/\"]}]}<\/script>\n<!-- \/ Yoast SEO plugin. -->","yoast_head_json":{"title":"O\u00f9 nous trouver ? - Points de vente - Sereni-d\u00ae","description":"Avec plus de 1000 points de vente dans plus de 15 pays, Sereni-D am\u00e8ne le traitement des punaises de lit SWISS MADE pr\u00e8s de chez vous. Retrouvez ici tous nos points de vente","robots":{"index":"index","follow":"follow","max-snippet":"max-snippet:-1","max-image-preview":"max-image-preview:large","max-video-preview":"max-video-preview:-1"},"canonical":"https:\/\/www.sereni-d.com\/es\/donde-puede-encontrarnos\/","og_locale":"es_ES","og_type":"article","og_title":"O\u00f9 nous trouver ? - Points de vente - Sereni-d\u00ae","og_description":"Avec plus de 1000 points de vente dans plus de 15 pays, Sereni-D am\u00e8ne le traitement des punaises de lit SWISS MADE pr\u00e8s de chez vous. Retrouvez ici tous nos points de vente","og_url":"https:\/\/www.sereni-d.com\/es\/donde-puede-encontrarnos\/","og_site_name":"Sereni-d\u00ae","article_publisher":"https:\/\/www.facebook.com\/SereniDsante\/","article_modified_time":"2024-12-02T10:47:32+00:00","twitter_card":"summary_large_image","twitter_misc":{"Tiempo de lectura":"1 minuto"},"schema":{"@context":"https:\/\/schema.org","@graph":[{"@type":"WebPage","@id":"https:\/\/www.sereni-d.com\/es\/donde-puede-encontrarnos\/","url":"https:\/\/www.sereni-d.com\/es\/donde-puede-encontrarnos\/","name":"O\u00f9 nous trouver ? - Points de vente - Sereni-d\u00ae","isPartOf":{"@id":"https:\/\/www.sereni-d.com\/es\/#website"},"datePublished":"2023-12-22T10:00:36+00:00","dateModified":"2024-12-02T10:47:32+00:00","description":"Avec plus de 1000 points de vente dans plus de 15 pays, Sereni-D am\u00e8ne le traitement des punaises de lit SWISS MADE pr\u00e8s de chez vous. Retrouvez ici tous nos points de vente","breadcrumb":{"@id":"https:\/\/www.sereni-d.com\/es\/donde-puede-encontrarnos\/#breadcrumb"},"inLanguage":"es","potentialAction":[{"@type":"ReadAction","target":["https:\/\/www.sereni-d.com\/es\/donde-puede-encontrarnos\/"]}]},{"@type":"BreadcrumbList","@id":"https:\/\/www.sereni-d.com\/es\/donde-puede-encontrarnos\/#breadcrumb","itemListElement":[{"@type":"ListItem","position":1,"name":"Inicio","item":"https:\/\/www.sereni-d.com\/es\/"},{"@type":"ListItem","position":2,"name":"\u00bfD\u00f3nde puede encontrarnos?"}]},{"@type":"WebSite","@id":"https:\/\/www.sereni-d.com\/es\/#website","url":"https:\/\/www.sereni-d.com\/es\/","name":"Sereni-d\u00ae","description":"EXPERT Punaises de Lit - Laboratoire SUISSE - Traitements concentr\u00e9s contres les Punaises de Lit. Protection Longue Dur\u00e9e. Efficacit\u00e9 prouv\u00e9e, r\u00e9sultat maximal. Recommand\u00e9 par les professionnels.","publisher":{"@id":"https:\/\/www.sereni-d.com\/es\/#organization"},"potentialAction":[{"@type":"SearchAction","target":{"@type":"EntryPoint","urlTemplate":"https:\/\/www.sereni-d.com\/es\/?s={search_term_string}"},"query-input":{"@type":"PropertyValueSpecification","valueRequired":true,"valueName":"search_term_string"}}],"inLanguage":"es"},{"@type":"Organization","@id":"https:\/\/www.sereni-d.com\/es\/#organization","name":"Sereni-d","url":"https:\/\/www.sereni-d.com\/es\/","logo":{"@type":"ImageObject","inLanguage":"es","@id":"https:\/\/www.sereni-d.com\/es\/#\/schema\/logo\/image\/","url":"","contentUrl":"","caption":"Sereni-d"},"image":{"@id":"https:\/\/www.sereni-d.com\/es\/#\/schema\/logo\/image\/"},"sameAs":["https:\/\/www.facebook.com\/SereniDsante\/","https:\/\/www.instagram.com\/serenidsante\/"]}]}},"_links":{"self":[{"href":"https:\/\/www.sereni-d.com\/es\/wp-json\/wp\/v2\/pages\/10340","targetHints":{"allow":["GET"]}}],"collection":[{"href":"https:\/\/www.sereni-d.com\/es\/wp-json\/wp\/v2\/pages"}],"about":[{"href":"https:\/\/www.sereni-d.com\/es\/wp-json\/wp\/v2\/types\/page"}],"author":[{"embeddable":true,"href":"https:\/\/www.sereni-d.com\/es\/wp-json\/wp\/v2\/users\/1"}],"replies":[{"embeddable":true,"href":"https:\/\/www.sereni-d.com\/es\/wp-json\/wp\/v2\/comments?post=10340"}],"version-history":[{"count":2,"href":"https:\/\/www.sereni-d.com\/es\/wp-json\/wp\/v2\/pages\/10340\/revisions"}],"predecessor-version":[{"id":10343,"href":"https:\/\/www.sereni-d.com\/es\/wp-json\/wp\/v2\/pages\/10340\/revisions\/10343"}],"wp:attachment":[{"href":"https:\/\/www.sereni-d.com\/es\/wp-json\/wp\/v2\/media?parent=10340"}],"curies":[{"name":"wp","href":"https:\/\/api.w.org\/{rel}","templated":true}]}}