{"id":10350,"date":"2023-04-28T13:43:42","date_gmt":"2023-04-28T11:43:42","guid":{"rendered":"https:\/\/www.sereni-d.com\/la-marque\/"},"modified":"2024-12-06T12:16:15","modified_gmt":"2024-12-06T11:16:15","slug":"la-marca","status":"publish","type":"page","link":"https:\/\/www.sereni-d.com\/es\/la-marca\/","title":{"rendered":"La marca"},"content":{"rendered":"\n<h2 class=\"wp-block-heading has-text-align-center d-lg-none\">El proyecto<\/h2>\n\n\n\n<div class=\"wp-block-media-text is-stacked-on-mobile mobile-img-full no-fit\"><figure class=\"wp-block-media-text__media\"><img loading=\"lazy\" decoding=\"async\" width=\"800\" height=\"500\" src=\"https:\/\/www.sereni-d.com\/wp-content\/uploads\/2023\/04\/img_marque_800x500_le-projet.jpg\" alt=\"\" class=\"wp-image-323 size-full\" srcset=\"https:\/\/www.sereni-d.com\/wp-content\/uploads\/2023\/04\/img_marque_800x500_le-projet.jpg 800w, https:\/\/www.sereni-d.com\/wp-content\/uploads\/2023\/04\/img_marque_800x500_le-projet-600x375.jpg 600w, https:\/\/www.sereni-d.com\/wp-content\/uploads\/2023\/04\/img_marque_800x500_le-projet-300x188.jpg 300w, https:\/\/www.sereni-d.com\/wp-content\/uploads\/2023\/04\/img_marque_800x500_le-projet-768x480.jpg 768w\" sizes=\"auto, (max-width: 800px) 100vw, 800px\" \/><\/figure><div class=\"wp-block-media-text__content\">\n<h2 class=\"wp-block-heading d-none d-lg-block\">El proyecto<\/h2>\n\n\n\n<p>M\u00e1s de un mill\u00f3n de personas se vieron afectadas por chinches en 2020 en Suiza y Francia, y uno de cada diez hogares entre 2017 y 2022. Uno de cada tres alquileres de AirBnB en Nueva York est\u00e1 afectado por chinches, al igual que la mayor\u00eda de albergues juveniles y refugios en rutas de senderismo de larga distancia. Los edificios se ven afectados regularmente en su totalidad en algunos distritos de Ginebra, Par\u00eds, Marsella y otras grandes ciudades.<\/p>\n\n\n\n<p class=\"read-more-block\"><a class=\"btn-more\" href=\"#\">Seguir leyendo<\/a><\/p>\n\n\n\n<p>Las chinches de la cama se han convertido en una aut\u00e9ntica plaga y en un problema de salud p\u00fablica. Tanto si viaja a lugares de gran afluencia como hoteles, AirBnB, bed and breakfasts, casas rurales, refugios o campings, como si pasa tiempo en establecimientos sanitarios, transportes p\u00fablicos, bibliotecas o alquila su alojamiento, es muy probable que se vea afectado por las chinches. Ante este resurgimiento en Suiza, Francia y el resto del mundo, y a falta de productos naturales eficaces en el mercado para combatir las chinches, el laboratorio suizo Sereni-d\u00ae ha invertido en la investigaci\u00f3n de sustancias vegetales activas y en el desarrollo de f\u00f3rmulas saludables para su familia y nuestro entorno. El laboratorio utiliza m\u00e1s de 15 plantas y sustancias vegetales activas para combatir las chinches y sus problemas.<\/p>\n<\/div><\/div>\n\n\n\n<div style=\"height:2vw\" aria-hidden=\"true\" class=\"wp-block-spacer\"><\/div>\n\n\n\n<h2 class=\"wp-block-heading has-text-align-center d-lg-none\">Nuestra historia<\/h2>\n\n\n\n<div class=\"wp-block-media-text has-media-on-the-right is-stacked-on-mobile mobile-img-full no-fit\"><div class=\"wp-block-media-text__content\">\n<h2 class=\"wp-block-heading d-none d-lg-block\">Nuestra historia<\/h2>\n\n\n\n<p>Fue tras una mala experiencia en los refugios infestados de chinches del GR20 en C\u00f3rcega, luego en un alquiler de AirBnB en Montreal, Canad\u00e1, y en una oficina en Ginebra, cuando la idea fue arraigando poco a poco. Al darse cuenta de que no exist\u00edan ni productos preventivos eficaces y naturales ni tratamientos curativos radicales, r\u00e1pidos y sanos para deshacerse de las chinches cuando estaban infestadas, y de que esto desencadenaba a menudo angustia psicol\u00f3gica en las v\u00edctimas, Marine Falconnet decidi\u00f3 en 2021 colmar esta laguna desarrollando una gama de productos eficaces y duraderos para ayudar tanto a particulares como a profesionales. Los productos demostraron ser muy eficaces, y hoy en d\u00eda m\u00e1s de 250.000 familias est\u00e1n satisfechas.<\/p>\n\n\n\n<p class=\"read-more-block\"><a href=\"#\" class=\"btn-more\">Seguir leyendo<\/a><\/p>\n\n\n\n<p>\u00abIngeniera, madre de dos hijos y sensible a los productos naturales, he reunido a los mejores expertos para investigar sustancias vegetales activas y desarrollar una alternativa sana, no t\u00f3xica y sostenible para su familia y nuestro medio ambiente. Sereni-d\u00ae es un laboratorio suizo experto en chinches, dise\u00f1ado para combatir de forma sostenible esta aut\u00e9ntica plaga del siglo XXI.\u00bb<\/p>\n<\/div><figure class=\"wp-block-media-text__media\"><img loading=\"lazy\" decoding=\"async\" width=\"800\" height=\"500\" src=\"https:\/\/www.sereni-d.com\/wp-content\/uploads\/2023\/04\/img_marque_800x500_notre-histoire.jpg\" alt=\"\" class=\"wp-image-326 size-full\" srcset=\"https:\/\/www.sereni-d.com\/wp-content\/uploads\/2023\/04\/img_marque_800x500_notre-histoire.jpg 800w, https:\/\/www.sereni-d.com\/wp-content\/uploads\/2023\/04\/img_marque_800x500_notre-histoire-600x375.jpg 600w, https:\/\/www.sereni-d.com\/wp-content\/uploads\/2023\/04\/img_marque_800x500_notre-histoire-300x188.jpg 300w, https:\/\/www.sereni-d.com\/wp-content\/uploads\/2023\/04\/img_marque_800x500_notre-histoire-768x480.jpg 768w\" sizes=\"auto, (max-width: 800px) 100vw, 800px\" \/><\/figure><\/div>\n","protected":false},"excerpt":{"rendered":"<p>El proyecto El proyecto M\u00e1s de un mill\u00f3n de personas se vieron afectadas por chinches en 2020 en Suiza y Francia, y uno de cada diez hogares entre 2017 y 2022. Uno de cada tres alquileres de AirBnB en Nueva York est\u00e1 afectado por chinches, al igual que la mayor\u00eda de albergues juveniles y refugios [&hellip;]<\/p>\n","protected":false},"author":1,"featured_media":0,"parent":0,"menu_order":0,"comment_status":"closed","ping_status":"closed","template":"template-page-marque.php","meta":{"_acf_changed":false,"_monsterinsights_skip_tracking":false,"_monsterinsights_sitenote_active":false,"_monsterinsights_sitenote_note":"","_monsterinsights_sitenote_category":0,"footnotes":""},"class_list":["post-10350","page","type-page","status-publish","hentry"],"acf":[],"yoast_head":"<!-- This site is optimized with the Yoast SEO plugin v27.4 - https:\/\/yoast.com\/product\/yoast-seo-wordpress\/ -->\n<title>La marca SERENI-D<\/title>\n<meta name=\"description\" content=\"Descubra Sereni-d\u00ae EXPERT BED BITES, su soluci\u00f3n natural y eficaz contra las chinches. LABORATORIO Suizo, le proponemos productos a base de plantas, aceites esenciales y agua. Para particulares y profesionales.\" \/>\n<meta name=\"robots\" content=\"index, follow, max-snippet:-1, max-image-preview:large, max-video-preview:-1\" \/>\n<link rel=\"canonical\" href=\"https:\/\/www.sereni-d.com\/es\/la-marca\/\" \/>\n<meta property=\"og:locale\" content=\"es_ES\" \/>\n<meta property=\"og:type\" content=\"article\" \/>\n<meta property=\"og:title\" content=\"La marca SERENI-D\" \/>\n<meta property=\"og:description\" content=\"Descubra Sereni-d\u00ae EXPERT BED BITES, su soluci\u00f3n natural y eficaz contra las chinches. LABORATORIO Suizo, le proponemos productos a base de plantas, aceites esenciales y agua. Para particulares y profesionales.\" \/>\n<meta property=\"og:url\" content=\"https:\/\/www.sereni-d.com\/es\/la-marca\/\" \/>\n<meta property=\"og:site_name\" content=\"Sereni-d\u00ae\" \/>\n<meta property=\"article:publisher\" content=\"https:\/\/www.facebook.com\/SereniDsante\/\" \/>\n<meta property=\"article:modified_time\" content=\"2024-12-06T11:16:15+00:00\" \/>\n<meta property=\"og:image\" content=\"https:\/\/www.sereni-d.com\/wp-content\/uploads\/2023\/04\/img_marque_800x500_le-projet.jpg\" \/>\n<meta name=\"twitter:card\" content=\"summary_large_image\" \/>\n<meta name=\"twitter:label1\" content=\"Tiempo de lectura\" \/>\n\t<meta name=\"twitter:data1\" content=\"3 minutos\" \/>\n<script type=\"application\/ld+json\" class=\"yoast-schema-graph\">{\"@context\":\"https:\\\/\\\/schema.org\",\"@graph\":[{\"@type\":\"WebPage\",\"@id\":\"https:\\\/\\\/www.sereni-d.com\\\/es\\\/la-marca\\\/\",\"url\":\"https:\\\/\\\/www.sereni-d.com\\\/es\\\/la-marca\\\/\",\"name\":\"La marca SERENI-D\",\"isPartOf\":{\"@id\":\"https:\\\/\\\/www.sereni-d.com\\\/es\\\/#website\"},\"primaryImageOfPage\":{\"@id\":\"https:\\\/\\\/www.sereni-d.com\\\/es\\\/la-marca\\\/#primaryimage\"},\"image\":{\"@id\":\"https:\\\/\\\/www.sereni-d.com\\\/es\\\/la-marca\\\/#primaryimage\"},\"thumbnailUrl\":\"https:\\\/\\\/www.sereni-d.com\\\/wp-content\\\/uploads\\\/2023\\\/04\\\/img_marque_800x500_le-projet.jpg\",\"datePublished\":\"2023-04-28T11:43:42+00:00\",\"dateModified\":\"2024-12-06T11:16:15+00:00\",\"description\":\"Descubra Sereni-d\u00ae EXPERT BED BITES, su soluci\u00f3n natural y eficaz contra las chinches. LABORATORIO Suizo, le proponemos productos a base de plantas, aceites esenciales y agua. Para particulares y profesionales.\",\"breadcrumb\":{\"@id\":\"https:\\\/\\\/www.sereni-d.com\\\/es\\\/la-marca\\\/#breadcrumb\"},\"inLanguage\":\"es\",\"potentialAction\":[{\"@type\":\"ReadAction\",\"target\":[\"https:\\\/\\\/www.sereni-d.com\\\/es\\\/la-marca\\\/\"]}]},{\"@type\":\"ImageObject\",\"inLanguage\":\"es\",\"@id\":\"https:\\\/\\\/www.sereni-d.com\\\/es\\\/la-marca\\\/#primaryimage\",\"url\":\"https:\\\/\\\/www.sereni-d.com\\\/wp-content\\\/uploads\\\/2023\\\/04\\\/img_marque_800x500_le-projet.jpg\",\"contentUrl\":\"https:\\\/\\\/www.sereni-d.com\\\/wp-content\\\/uploads\\\/2023\\\/04\\\/img_marque_800x500_le-projet.jpg\"},{\"@type\":\"BreadcrumbList\",\"@id\":\"https:\\\/\\\/www.sereni-d.com\\\/es\\\/la-marca\\\/#breadcrumb\",\"itemListElement\":[{\"@type\":\"ListItem\",\"position\":1,\"name\":\"Inicio\",\"item\":\"https:\\\/\\\/www.sereni-d.com\\\/es\\\/\"},{\"@type\":\"ListItem\",\"position\":2,\"name\":\"La marca\"}]},{\"@type\":\"WebSite\",\"@id\":\"https:\\\/\\\/www.sereni-d.com\\\/es\\\/#website\",\"url\":\"https:\\\/\\\/www.sereni-d.com\\\/es\\\/\",\"name\":\"Sereni-d\u00ae\",\"description\":\"EXPERT Punaises de Lit - Laboratoire SUISSE - Traitements concentr\u00e9s contres les Punaises de Lit. Protection Longue Dur\u00e9e. Efficacit\u00e9 prouv\u00e9e, r\u00e9sultat maximal. Recommand\u00e9 par les professionnels.\",\"publisher\":{\"@id\":\"https:\\\/\\\/www.sereni-d.com\\\/es\\\/#organization\"},\"potentialAction\":[{\"@type\":\"SearchAction\",\"target\":{\"@type\":\"EntryPoint\",\"urlTemplate\":\"https:\\\/\\\/www.sereni-d.com\\\/es\\\/?s={search_term_string}\"},\"query-input\":{\"@type\":\"PropertyValueSpecification\",\"valueRequired\":true,\"valueName\":\"search_term_string\"}}],\"inLanguage\":\"es\"},{\"@type\":\"Organization\",\"@id\":\"https:\\\/\\\/www.sereni-d.com\\\/es\\\/#organization\",\"name\":\"Sereni-d\",\"url\":\"https:\\\/\\\/www.sereni-d.com\\\/es\\\/\",\"logo\":{\"@type\":\"ImageObject\",\"inLanguage\":\"es\",\"@id\":\"https:\\\/\\\/www.sereni-d.com\\\/es\\\/#\\\/schema\\\/logo\\\/image\\\/\",\"url\":\"\",\"contentUrl\":\"\",\"caption\":\"Sereni-d\"},\"image\":{\"@id\":\"https:\\\/\\\/www.sereni-d.com\\\/es\\\/#\\\/schema\\\/logo\\\/image\\\/\"},\"sameAs\":[\"https:\\\/\\\/www.facebook.com\\\/SereniDsante\\\/\",\"https:\\\/\\\/www.instagram.com\\\/serenidsante\\\/\"]}]}<\/script>\n<!-- \/ Yoast SEO plugin. -->","yoast_head_json":{"title":"La marca SERENI-D","description":"Descubra Sereni-d\u00ae EXPERT BED BITES, su soluci\u00f3n natural y eficaz contra las chinches. LABORATORIO Suizo, le proponemos productos a base de plantas, aceites esenciales y agua. Para particulares y profesionales.","robots":{"index":"index","follow":"follow","max-snippet":"max-snippet:-1","max-image-preview":"max-image-preview:large","max-video-preview":"max-video-preview:-1"},"canonical":"https:\/\/www.sereni-d.com\/es\/la-marca\/","og_locale":"es_ES","og_type":"article","og_title":"La marca SERENI-D","og_description":"Descubra Sereni-d\u00ae EXPERT BED BITES, su soluci\u00f3n natural y eficaz contra las chinches. LABORATORIO Suizo, le proponemos productos a base de plantas, aceites esenciales y agua. Para particulares y profesionales.","og_url":"https:\/\/www.sereni-d.com\/es\/la-marca\/","og_site_name":"Sereni-d\u00ae","article_publisher":"https:\/\/www.facebook.com\/SereniDsante\/","article_modified_time":"2024-12-06T11:16:15+00:00","og_image":[{"url":"https:\/\/www.sereni-d.com\/wp-content\/uploads\/2023\/04\/img_marque_800x500_le-projet.jpg","type":"","width":"","height":""}],"twitter_card":"summary_large_image","twitter_misc":{"Tiempo de lectura":"3 minutos"},"schema":{"@context":"https:\/\/schema.org","@graph":[{"@type":"WebPage","@id":"https:\/\/www.sereni-d.com\/es\/la-marca\/","url":"https:\/\/www.sereni-d.com\/es\/la-marca\/","name":"La marca SERENI-D","isPartOf":{"@id":"https:\/\/www.sereni-d.com\/es\/#website"},"primaryImageOfPage":{"@id":"https:\/\/www.sereni-d.com\/es\/la-marca\/#primaryimage"},"image":{"@id":"https:\/\/www.sereni-d.com\/es\/la-marca\/#primaryimage"},"thumbnailUrl":"https:\/\/www.sereni-d.com\/wp-content\/uploads\/2023\/04\/img_marque_800x500_le-projet.jpg","datePublished":"2023-04-28T11:43:42+00:00","dateModified":"2024-12-06T11:16:15+00:00","description":"Descubra Sereni-d\u00ae EXPERT BED BITES, su soluci\u00f3n natural y eficaz contra las chinches. LABORATORIO Suizo, le proponemos productos a base de plantas, aceites esenciales y agua. Para particulares y profesionales.","breadcrumb":{"@id":"https:\/\/www.sereni-d.com\/es\/la-marca\/#breadcrumb"},"inLanguage":"es","potentialAction":[{"@type":"ReadAction","target":["https:\/\/www.sereni-d.com\/es\/la-marca\/"]}]},{"@type":"ImageObject","inLanguage":"es","@id":"https:\/\/www.sereni-d.com\/es\/la-marca\/#primaryimage","url":"https:\/\/www.sereni-d.com\/wp-content\/uploads\/2023\/04\/img_marque_800x500_le-projet.jpg","contentUrl":"https:\/\/www.sereni-d.com\/wp-content\/uploads\/2023\/04\/img_marque_800x500_le-projet.jpg"},{"@type":"BreadcrumbList","@id":"https:\/\/www.sereni-d.com\/es\/la-marca\/#breadcrumb","itemListElement":[{"@type":"ListItem","position":1,"name":"Inicio","item":"https:\/\/www.sereni-d.com\/es\/"},{"@type":"ListItem","position":2,"name":"La marca"}]},{"@type":"WebSite","@id":"https:\/\/www.sereni-d.com\/es\/#website","url":"https:\/\/www.sereni-d.com\/es\/","name":"Sereni-d\u00ae","description":"EXPERT Punaises de Lit - Laboratoire SUISSE - Traitements concentr\u00e9s contres les Punaises de Lit. Protection Longue Dur\u00e9e. Efficacit\u00e9 prouv\u00e9e, r\u00e9sultat maximal. Recommand\u00e9 par les professionnels.","publisher":{"@id":"https:\/\/www.sereni-d.com\/es\/#organization"},"potentialAction":[{"@type":"SearchAction","target":{"@type":"EntryPoint","urlTemplate":"https:\/\/www.sereni-d.com\/es\/?s={search_term_string}"},"query-input":{"@type":"PropertyValueSpecification","valueRequired":true,"valueName":"search_term_string"}}],"inLanguage":"es"},{"@type":"Organization","@id":"https:\/\/www.sereni-d.com\/es\/#organization","name":"Sereni-d","url":"https:\/\/www.sereni-d.com\/es\/","logo":{"@type":"ImageObject","inLanguage":"es","@id":"https:\/\/www.sereni-d.com\/es\/#\/schema\/logo\/image\/","url":"","contentUrl":"","caption":"Sereni-d"},"image":{"@id":"https:\/\/www.sereni-d.com\/es\/#\/schema\/logo\/image\/"},"sameAs":["https:\/\/www.facebook.com\/SereniDsante\/","https:\/\/www.instagram.com\/serenidsante\/"]}]}},"_links":{"self":[{"href":"https:\/\/www.sereni-d.com\/es\/wp-json\/wp\/v2\/pages\/10350","targetHints":{"allow":["GET"]}}],"collection":[{"href":"https:\/\/www.sereni-d.com\/es\/wp-json\/wp\/v2\/pages"}],"about":[{"href":"https:\/\/www.sereni-d.com\/es\/wp-json\/wp\/v2\/types\/page"}],"author":[{"embeddable":true,"href":"https:\/\/www.sereni-d.com\/es\/wp-json\/wp\/v2\/users\/1"}],"replies":[{"embeddable":true,"href":"https:\/\/www.sereni-d.com\/es\/wp-json\/wp\/v2\/comments?post=10350"}],"version-history":[{"count":7,"href":"https:\/\/www.sereni-d.com\/es\/wp-json\/wp\/v2\/pages\/10350\/revisions"}],"predecessor-version":[{"id":10991,"href":"https:\/\/www.sereni-d.com\/es\/wp-json\/wp\/v2\/pages\/10350\/revisions\/10991"}],"wp:attachment":[{"href":"https:\/\/www.sereni-d.com\/es\/wp-json\/wp\/v2\/media?parent=10350"}],"curies":[{"name":"wp","href":"https:\/\/api.w.org\/{rel}","templated":true}]}}