{"id":10372,"date":"2023-04-29T12:03:22","date_gmt":"2023-04-29T10:03:22","guid":{"rendered":"https:\/\/www.sereni-d.com\/ingredients\/"},"modified":"2024-12-02T13:41:57","modified_gmt":"2024-12-02T12:41:57","slug":"ingredientes","status":"publish","type":"page","link":"https:\/\/www.sereni-d.com\/es\/ingredientes\/","title":{"rendered":"Ingredientes"},"content":{"rendered":"","protected":false},"excerpt":{"rendered":"","protected":false},"author":1,"featured_media":0,"parent":0,"menu_order":0,"comment_status":"closed","ping_status":"closed","template":"template-page-ingredients.php","meta":{"_acf_changed":false,"_monsterinsights_skip_tracking":false,"_monsterinsights_sitenote_active":false,"_monsterinsights_sitenote_note":"","_monsterinsights_sitenote_category":0,"footnotes":""},"class_list":["post-10372","page","type-page","status-publish","hentry"],"acf":[],"yoast_head":"<!-- This site is optimized with the Yoast SEO plugin v27.2 - https:\/\/yoast.com\/product\/yoast-seo-wordpress\/ -->\n<title>Aceites esenciales y sustancias vegetales activas para combatir las chinches de la cama - Sereni-d\u00ae<\/title>\n<meta name=\"description\" content=\"Soluciones naturales y duraderas contra las chinches: los sprays Sereni-d\u00ae combinan aceites esenciales, flor de piretro y geraniol para una eficacia duradera.\" \/>\n<meta name=\"robots\" content=\"index, follow, max-snippet:-1, max-image-preview:large, max-video-preview:-1\" \/>\n<link rel=\"canonical\" href=\"https:\/\/www.sereni-d.com\/es\/ingredientes\/\" \/>\n<meta property=\"og:locale\" content=\"es_ES\" \/>\n<meta property=\"og:type\" content=\"article\" \/>\n<meta property=\"og:title\" content=\"Aceites esenciales y sustancias vegetales activas para combatir las chinches de la cama - Sereni-d\u00ae\" \/>\n<meta property=\"og:description\" content=\"Soluciones naturales y duraderas contra las chinches: los sprays Sereni-d\u00ae combinan aceites esenciales, flor de piretro y geraniol para una eficacia duradera.\" \/>\n<meta property=\"og:url\" content=\"https:\/\/www.sereni-d.com\/es\/ingredientes\/\" \/>\n<meta property=\"og:site_name\" content=\"Sereni-d\u00ae\" \/>\n<meta property=\"article:publisher\" content=\"https:\/\/www.facebook.com\/SereniDsante\/\" \/>\n<meta property=\"article:modified_time\" content=\"2024-12-02T12:41:57+00:00\" \/>\n<meta name=\"twitter:card\" content=\"summary_large_image\" \/>\n<script type=\"application\/ld+json\" class=\"yoast-schema-graph\">{\"@context\":\"https:\/\/schema.org\",\"@graph\":[{\"@type\":\"WebPage\",\"@id\":\"https:\/\/www.sereni-d.com\/es\/ingredientes\/\",\"url\":\"https:\/\/www.sereni-d.com\/es\/ingredientes\/\",\"name\":\"Aceites esenciales y sustancias vegetales activas para combatir las chinches de la cama - Sereni-d\u00ae\",\"isPartOf\":{\"@id\":\"https:\/\/www.sereni-d.com\/es\/#website\"},\"datePublished\":\"2023-04-29T10:03:22+00:00\",\"dateModified\":\"2024-12-02T12:41:57+00:00\",\"description\":\"Soluciones naturales y duraderas contra las chinches: los sprays Sereni-d\u00ae combinan aceites esenciales, flor de piretro y geraniol para una eficacia duradera.\",\"breadcrumb\":{\"@id\":\"https:\/\/www.sereni-d.com\/es\/ingredientes\/#breadcrumb\"},\"inLanguage\":\"es\",\"potentialAction\":[{\"@type\":\"ReadAction\",\"target\":[\"https:\/\/www.sereni-d.com\/es\/ingredientes\/\"]}]},{\"@type\":\"BreadcrumbList\",\"@id\":\"https:\/\/www.sereni-d.com\/es\/ingredientes\/#breadcrumb\",\"itemListElement\":[{\"@type\":\"ListItem\",\"position\":1,\"name\":\"Inicio\",\"item\":\"https:\/\/www.sereni-d.com\/es\/\"},{\"@type\":\"ListItem\",\"position\":2,\"name\":\"Ingredientes\"}]},{\"@type\":\"WebSite\",\"@id\":\"https:\/\/www.sereni-d.com\/es\/#website\",\"url\":\"https:\/\/www.sereni-d.com\/es\/\",\"name\":\"Sereni-d\u00ae\",\"description\":\"EXPERT Punaises de Lit - Laboratoire SUISSE - Traitements concentr\u00e9s contres les Punaises de Lit. Protection Longue Dur\u00e9e. Efficacit\u00e9 prouv\u00e9e, r\u00e9sultat maximal. Recommand\u00e9 par les professionnels.\",\"publisher\":{\"@id\":\"https:\/\/www.sereni-d.com\/es\/#organization\"},\"potentialAction\":[{\"@type\":\"SearchAction\",\"target\":{\"@type\":\"EntryPoint\",\"urlTemplate\":\"https:\/\/www.sereni-d.com\/es\/?s={search_term_string}\"},\"query-input\":{\"@type\":\"PropertyValueSpecification\",\"valueRequired\":true,\"valueName\":\"search_term_string\"}}],\"inLanguage\":\"es\"},{\"@type\":\"Organization\",\"@id\":\"https:\/\/www.sereni-d.com\/es\/#organization\",\"name\":\"Sereni-d\",\"url\":\"https:\/\/www.sereni-d.com\/es\/\",\"logo\":{\"@type\":\"ImageObject\",\"inLanguage\":\"es\",\"@id\":\"https:\/\/www.sereni-d.com\/es\/#\/schema\/logo\/image\/\",\"url\":\"\",\"contentUrl\":\"\",\"caption\":\"Sereni-d\"},\"image\":{\"@id\":\"https:\/\/www.sereni-d.com\/es\/#\/schema\/logo\/image\/\"},\"sameAs\":[\"https:\/\/www.facebook.com\/SereniDsante\/\",\"https:\/\/www.instagram.com\/serenidsante\/\"]}]}<\/script>\n<!-- \/ Yoast SEO plugin. -->","yoast_head_json":{"title":"Aceites esenciales y sustancias vegetales activas para combatir las chinches de la cama - Sereni-d\u00ae","description":"Soluciones naturales y duraderas contra las chinches: los sprays Sereni-d\u00ae combinan aceites esenciales, flor de piretro y geraniol para una eficacia duradera.","robots":{"index":"index","follow":"follow","max-snippet":"max-snippet:-1","max-image-preview":"max-image-preview:large","max-video-preview":"max-video-preview:-1"},"canonical":"https:\/\/www.sereni-d.com\/es\/ingredientes\/","og_locale":"es_ES","og_type":"article","og_title":"Aceites esenciales y sustancias vegetales activas para combatir las chinches de la cama - Sereni-d\u00ae","og_description":"Soluciones naturales y duraderas contra las chinches: los sprays Sereni-d\u00ae combinan aceites esenciales, flor de piretro y geraniol para una eficacia duradera.","og_url":"https:\/\/www.sereni-d.com\/es\/ingredientes\/","og_site_name":"Sereni-d\u00ae","article_publisher":"https:\/\/www.facebook.com\/SereniDsante\/","article_modified_time":"2024-12-02T12:41:57+00:00","twitter_card":"summary_large_image","schema":{"@context":"https:\/\/schema.org","@graph":[{"@type":"WebPage","@id":"https:\/\/www.sereni-d.com\/es\/ingredientes\/","url":"https:\/\/www.sereni-d.com\/es\/ingredientes\/","name":"Aceites esenciales y sustancias vegetales activas para combatir las chinches de la cama - Sereni-d\u00ae","isPartOf":{"@id":"https:\/\/www.sereni-d.com\/es\/#website"},"datePublished":"2023-04-29T10:03:22+00:00","dateModified":"2024-12-02T12:41:57+00:00","description":"Soluciones naturales y duraderas contra las chinches: los sprays Sereni-d\u00ae combinan aceites esenciales, flor de piretro y geraniol para una eficacia duradera.","breadcrumb":{"@id":"https:\/\/www.sereni-d.com\/es\/ingredientes\/#breadcrumb"},"inLanguage":"es","potentialAction":[{"@type":"ReadAction","target":["https:\/\/www.sereni-d.com\/es\/ingredientes\/"]}]},{"@type":"BreadcrumbList","@id":"https:\/\/www.sereni-d.com\/es\/ingredientes\/#breadcrumb","itemListElement":[{"@type":"ListItem","position":1,"name":"Inicio","item":"https:\/\/www.sereni-d.com\/es\/"},{"@type":"ListItem","position":2,"name":"Ingredientes"}]},{"@type":"WebSite","@id":"https:\/\/www.sereni-d.com\/es\/#website","url":"https:\/\/www.sereni-d.com\/es\/","name":"Sereni-d\u00ae","description":"EXPERT Punaises de Lit - Laboratoire SUISSE - Traitements concentr\u00e9s contres les Punaises de Lit. Protection Longue Dur\u00e9e. Efficacit\u00e9 prouv\u00e9e, r\u00e9sultat maximal. Recommand\u00e9 par les professionnels.","publisher":{"@id":"https:\/\/www.sereni-d.com\/es\/#organization"},"potentialAction":[{"@type":"SearchAction","target":{"@type":"EntryPoint","urlTemplate":"https:\/\/www.sereni-d.com\/es\/?s={search_term_string}"},"query-input":{"@type":"PropertyValueSpecification","valueRequired":true,"valueName":"search_term_string"}}],"inLanguage":"es"},{"@type":"Organization","@id":"https:\/\/www.sereni-d.com\/es\/#organization","name":"Sereni-d","url":"https:\/\/www.sereni-d.com\/es\/","logo":{"@type":"ImageObject","inLanguage":"es","@id":"https:\/\/www.sereni-d.com\/es\/#\/schema\/logo\/image\/","url":"","contentUrl":"","caption":"Sereni-d"},"image":{"@id":"https:\/\/www.sereni-d.com\/es\/#\/schema\/logo\/image\/"},"sameAs":["https:\/\/www.facebook.com\/SereniDsante\/","https:\/\/www.instagram.com\/serenidsante\/"]}]}},"_links":{"self":[{"href":"https:\/\/www.sereni-d.com\/es\/wp-json\/wp\/v2\/pages\/10372","targetHints":{"allow":["GET"]}}],"collection":[{"href":"https:\/\/www.sereni-d.com\/es\/wp-json\/wp\/v2\/pages"}],"about":[{"href":"https:\/\/www.sereni-d.com\/es\/wp-json\/wp\/v2\/types\/page"}],"author":[{"embeddable":true,"href":"https:\/\/www.sereni-d.com\/es\/wp-json\/wp\/v2\/users\/1"}],"replies":[{"embeddable":true,"href":"https:\/\/www.sereni-d.com\/es\/wp-json\/wp\/v2\/comments?post=10372"}],"version-history":[{"count":5,"href":"https:\/\/www.sereni-d.com\/es\/wp-json\/wp\/v2\/pages\/10372\/revisions"}],"predecessor-version":[{"id":10400,"href":"https:\/\/www.sereni-d.com\/es\/wp-json\/wp\/v2\/pages\/10372\/revisions\/10400"}],"wp:attachment":[{"href":"https:\/\/www.sereni-d.com\/es\/wp-json\/wp\/v2\/media?parent=10372"}],"curies":[{"name":"wp","href":"https:\/\/api.w.org\/{rel}","templated":true}]}}