{"id":10334,"date":"2023-04-11T14:26:37","date_gmt":"2023-04-11T12:26:37","guid":{"rendered":"https:\/\/www.sereni-d.com\/?post_type=product&#038;p=10334"},"modified":"2026-04-20T04:53:22","modified_gmt":"2026-04-20T02:53:22","slug":"sos-chinches","status":"publish","type":"product","link":"https:\/\/www.sereni-d.com\/es\/produits\/sos-chinches\/","title":{"rendered":"SOS Chinches"},"content":{"rendered":"<p><strong>SOS Chinches<\/strong>\u00a0es un peque\u00f1o producto listo para usar, inspirado en la naturaleza, dise\u00f1ado para combatir eficazmente las chinches de cama como medida curativa.<\/p>\n<p>Gracias a su <strong>extracto vegetal de flores de piretro, al geraniol y a un complejo de aceites esenciales<\/strong> seleccionados por sus <strong>potentes propiedades insecticidas<\/strong>, este spray<strong>elimina r\u00e1pidamente las chinches<\/strong> en todas las fases de desarrollo (huevos, larvas, adultos). Su <strong>efecto de choque<\/strong> act\u00faa sobre su sistema nervioso y su exoesqueleto, neutraliz\u00e1ndolos y sec\u00e1ndolos.<\/p>\n<p>Su <strong>f\u00f3rmula concentrada<\/strong> ofrece una eficacia <strong>inmediata<\/strong> (en pocos minutos) y <strong>duradera<\/strong> (hasta 12 d\u00edas en condiciones \u00f3ptimas). Cuando se pulveriza sobre tejidos y superficies, las mol\u00e9culas dispersas forman una pel\u00edcula destructiva que envenena a las chinches cuando entran en contacto con la superficie tratada.<\/p>\n<p>El spray SOS es su mejor aliado si sospecha de la presencia de chinches cuando est\u00e1 <strong>fuera de casa o de viaje<\/strong>, y a su regreso para <strong>tratar sus efectos personales<\/strong> que puedan haber estado en contacto con chinches.<\/p>\n<p>Garant\u00eda de satisfacci\u00f3n <strong>Sereni-d\u00ae<\/strong>: Si no queda satisfecho con su compra, p\u00f3ngase en contacto con nosotros a trav\u00e9s de la p\u00e1gina <a href=\"https:\/\/www.sereni-d.com\/contact\/\">de contacto<\/a> y le devolveremos el importe \u00edntegro.<\/p>\n","protected":false},"excerpt":{"rendered":"<p>\u2022 Potente spray contra chinches en tama\u00f1o de viaje<br \/>\n\u2022 Elimina el 100% de las chinches (huevos, larvas y adultos)<br \/>\n\u2022 Protecci\u00f3n inmediata, segura y duradera<br \/>\n\u2022 M\u00e1s de 200.000 clientes de Sereni-d<sup>\u00ae <\/sup>satisfechos<\/p>\n<p><strong>F\u00d3RMULA CONCENTRADA &#8211; M\u00c1XIMOS RESULTADOS<\/strong><\/p>\n<p>&nbsp;<\/p>\n","protected":false},"featured_media":10333,"comment_status":"open","ping_status":"closed","template":"","meta":{"_acf_changed":false,"_monsterinsights_skip_tracking":false,"_monsterinsights_sitenote_active":false,"_monsterinsights_sitenote_note":"","_monsterinsights_sitenote_category":0},"product_brand":[],"product_cat":[137],"product_tag":[],"class_list":{"0":"post-10334","1":"product","2":"type-product","3":"status-publish","4":"has-post-thumbnail","6":"product_cat-produits-es","8":"first","9":"instock","10":"taxable","11":"shipping-taxable","12":"purchasable","13":"product-type-simple"},"acf":[],"yoast_head":"<!-- This site is optimized with the Yoast SEO plugin v27.2 - https:\/\/yoast.com\/product\/yoast-seo-wordpress\/ -->\n<title>SOS Chinches - Sereni-d\u00ae<\/title>\n<meta name=\"description\" content=\"\u00a1SOS Tratamiento para chinches tama\u00f1o viaje! Control Eficaz y Duradero - \u00a1Mata las chinches! Protecci\u00f3n duradera 100% natural\" \/>\n<meta name=\"robots\" content=\"index, follow, max-snippet:-1, max-image-preview:large, max-video-preview:-1\" \/>\n<link rel=\"canonical\" href=\"https:\/\/www.sereni-d.com\/es\/produits\/sos-chinches\/\" \/>\n<meta property=\"og:locale\" content=\"es_ES\" \/>\n<meta property=\"og:type\" content=\"article\" \/>\n<meta property=\"og:title\" content=\"SOS Chinches - Sereni-d\u00ae\" \/>\n<meta property=\"og:description\" content=\"\u00a1SOS Tratamiento para chinches tama\u00f1o viaje! Control Eficaz y Duradero - \u00a1Mata las chinches! Protecci\u00f3n duradera 100% natural\" \/>\n<meta property=\"og:url\" content=\"https:\/\/www.sereni-d.com\/es\/produits\/sos-chinches\/\" \/>\n<meta property=\"og:site_name\" content=\"Sereni-d\u00ae\" \/>\n<meta property=\"article:publisher\" content=\"https:\/\/www.facebook.com\/SereniDsante\/\" \/>\n<meta property=\"article:modified_time\" content=\"2026-04-20T02:53:22+00:00\" \/>\n<meta property=\"og:image\" content=\"https:\/\/www.sereni-d.com\/wp-content\/uploads\/2024\/12\/ES_SOS-100ml-1-1-scaled.jpg\" \/>\n\t<meta property=\"og:image:width\" content=\"2560\" \/>\n\t<meta property=\"og:image:height\" content=\"2560\" \/>\n\t<meta property=\"og:image:type\" content=\"image\/jpeg\" \/>\n<meta name=\"twitter:card\" content=\"summary_large_image\" \/>\n<meta name=\"twitter:label1\" content=\"Tiempo de lectura\" \/>\n\t<meta name=\"twitter:data1\" content=\"2 minutos\" \/>\n<script type=\"application\/ld+json\" class=\"yoast-schema-graph\">{\"@context\":\"https:\/\/schema.org\",\"@graph\":[{\"@type\":\"WebPage\",\"@id\":\"https:\/\/www.sereni-d.com\/es\/produits\/sos-chinches\/\",\"url\":\"https:\/\/www.sereni-d.com\/es\/produits\/sos-chinches\/\",\"name\":\"SOS Chinches - Sereni-d\u00ae\",\"isPartOf\":{\"@id\":\"https:\/\/www.sereni-d.com\/es\/#website\"},\"primaryImageOfPage\":{\"@id\":\"https:\/\/www.sereni-d.com\/es\/produits\/sos-chinches\/#primaryimage\"},\"image\":{\"@id\":\"https:\/\/www.sereni-d.com\/es\/produits\/sos-chinches\/#primaryimage\"},\"thumbnailUrl\":\"https:\/\/www.sereni-d.com\/wp-content\/uploads\/2024\/12\/ES_SOS-100ml-1-1-scaled.jpg\",\"datePublished\":\"2023-04-11T12:26:37+00:00\",\"dateModified\":\"2026-04-20T02:53:22+00:00\",\"description\":\"\u00a1SOS Tratamiento para chinches tama\u00f1o viaje! Control Eficaz y Duradero - \u00a1Mata las chinches! Protecci\u00f3n duradera 100% natural\",\"breadcrumb\":{\"@id\":\"https:\/\/www.sereni-d.com\/es\/produits\/sos-chinches\/#breadcrumb\"},\"inLanguage\":\"es\",\"potentialAction\":[{\"@type\":\"ReadAction\",\"target\":[\"https:\/\/www.sereni-d.com\/es\/produits\/sos-chinches\/\"]}]},{\"@type\":\"ImageObject\",\"inLanguage\":\"es\",\"@id\":\"https:\/\/www.sereni-d.com\/es\/produits\/sos-chinches\/#primaryimage\",\"url\":\"https:\/\/www.sereni-d.com\/wp-content\/uploads\/2024\/12\/ES_SOS-100ml-1-1-scaled.jpg\",\"contentUrl\":\"https:\/\/www.sereni-d.com\/wp-content\/uploads\/2024\/12\/ES_SOS-100ml-1-1-scaled.jpg\",\"width\":2560,\"height\":2560,\"caption\":\"Tratamiento chinches 100mL\"},{\"@type\":\"BreadcrumbList\",\"@id\":\"https:\/\/www.sereni-d.com\/es\/produits\/sos-chinches\/#breadcrumb\",\"itemListElement\":[{\"@type\":\"ListItem\",\"position\":1,\"name\":\"Inicio\",\"item\":\"https:\/\/www.sereni-d.com\/es\/\"},{\"@type\":\"ListItem\",\"position\":2,\"name\":\"Tienda\",\"item\":\"https:\/\/www.sereni-d.com\/es\/produits\/\"},{\"@type\":\"ListItem\",\"position\":3,\"name\":\"Punaise de lit\",\"item\":\"https:\/\/www.sereni-d.com\/categories\/punaise-de-lit\/\"},{\"@type\":\"ListItem\",\"position\":4,\"name\":\"Produits\",\"item\":\"https:\/\/www.sereni-d.com\/es\/categories\/produits-es\/\"},{\"@type\":\"ListItem\",\"position\":5,\"name\":\"SOS Chinches\"}]},{\"@type\":\"WebSite\",\"@id\":\"https:\/\/www.sereni-d.com\/es\/#website\",\"url\":\"https:\/\/www.sereni-d.com\/es\/\",\"name\":\"Sereni-d\u00ae\",\"description\":\"EXPERT Punaises de Lit - Laboratoire SUISSE - Traitements concentr\u00e9s contres les Punaises de Lit. Protection Longue Dur\u00e9e. Efficacit\u00e9 prouv\u00e9e, r\u00e9sultat maximal. Recommand\u00e9 par les professionnels.\",\"publisher\":{\"@id\":\"https:\/\/www.sereni-d.com\/es\/#organization\"},\"potentialAction\":[{\"@type\":\"SearchAction\",\"target\":{\"@type\":\"EntryPoint\",\"urlTemplate\":\"https:\/\/www.sereni-d.com\/es\/?s={search_term_string}\"},\"query-input\":{\"@type\":\"PropertyValueSpecification\",\"valueRequired\":true,\"valueName\":\"search_term_string\"}}],\"inLanguage\":\"es\"},{\"@type\":\"Organization\",\"@id\":\"https:\/\/www.sereni-d.com\/es\/#organization\",\"name\":\"Sereni-d\",\"url\":\"https:\/\/www.sereni-d.com\/es\/\",\"logo\":{\"@type\":\"ImageObject\",\"inLanguage\":\"es\",\"@id\":\"https:\/\/www.sereni-d.com\/es\/#\/schema\/logo\/image\/\",\"url\":\"\",\"contentUrl\":\"\",\"caption\":\"Sereni-d\"},\"image\":{\"@id\":\"https:\/\/www.sereni-d.com\/es\/#\/schema\/logo\/image\/\"},\"sameAs\":[\"https:\/\/www.facebook.com\/SereniDsante\/\",\"https:\/\/www.instagram.com\/serenidsante\/\"]}]}<\/script>\n<!-- \/ Yoast SEO plugin. -->","yoast_head_json":{"title":"SOS Chinches - Sereni-d\u00ae","description":"\u00a1SOS Tratamiento para chinches tama\u00f1o viaje! Control Eficaz y Duradero - \u00a1Mata las chinches! Protecci\u00f3n duradera 100% natural","robots":{"index":"index","follow":"follow","max-snippet":"max-snippet:-1","max-image-preview":"max-image-preview:large","max-video-preview":"max-video-preview:-1"},"canonical":"https:\/\/www.sereni-d.com\/es\/produits\/sos-chinches\/","og_locale":"es_ES","og_type":"article","og_title":"SOS Chinches - Sereni-d\u00ae","og_description":"\u00a1SOS Tratamiento para chinches tama\u00f1o viaje! Control Eficaz y Duradero - \u00a1Mata las chinches! Protecci\u00f3n duradera 100% natural","og_url":"https:\/\/www.sereni-d.com\/es\/produits\/sos-chinches\/","og_site_name":"Sereni-d\u00ae","article_publisher":"https:\/\/www.facebook.com\/SereniDsante\/","article_modified_time":"2026-04-20T02:53:22+00:00","og_image":[{"width":2560,"height":2560,"url":"https:\/\/www.sereni-d.com\/wp-content\/uploads\/2024\/12\/ES_SOS-100ml-1-1-scaled.jpg","type":"image\/jpeg"}],"twitter_card":"summary_large_image","twitter_misc":{"Tiempo de lectura":"2 minutos"},"schema":{"@context":"https:\/\/schema.org","@graph":[{"@type":"WebPage","@id":"https:\/\/www.sereni-d.com\/es\/produits\/sos-chinches\/","url":"https:\/\/www.sereni-d.com\/es\/produits\/sos-chinches\/","name":"SOS Chinches - Sereni-d\u00ae","isPartOf":{"@id":"https:\/\/www.sereni-d.com\/es\/#website"},"primaryImageOfPage":{"@id":"https:\/\/www.sereni-d.com\/es\/produits\/sos-chinches\/#primaryimage"},"image":{"@id":"https:\/\/www.sereni-d.com\/es\/produits\/sos-chinches\/#primaryimage"},"thumbnailUrl":"https:\/\/www.sereni-d.com\/wp-content\/uploads\/2024\/12\/ES_SOS-100ml-1-1-scaled.jpg","datePublished":"2023-04-11T12:26:37+00:00","dateModified":"2026-04-20T02:53:22+00:00","description":"\u00a1SOS Tratamiento para chinches tama\u00f1o viaje! Control Eficaz y Duradero - \u00a1Mata las chinches! Protecci\u00f3n duradera 100% natural","breadcrumb":{"@id":"https:\/\/www.sereni-d.com\/es\/produits\/sos-chinches\/#breadcrumb"},"inLanguage":"es","potentialAction":[{"@type":"ReadAction","target":["https:\/\/www.sereni-d.com\/es\/produits\/sos-chinches\/"]}]},{"@type":"ImageObject","inLanguage":"es","@id":"https:\/\/www.sereni-d.com\/es\/produits\/sos-chinches\/#primaryimage","url":"https:\/\/www.sereni-d.com\/wp-content\/uploads\/2024\/12\/ES_SOS-100ml-1-1-scaled.jpg","contentUrl":"https:\/\/www.sereni-d.com\/wp-content\/uploads\/2024\/12\/ES_SOS-100ml-1-1-scaled.jpg","width":2560,"height":2560,"caption":"Tratamiento chinches 100mL"},{"@type":"BreadcrumbList","@id":"https:\/\/www.sereni-d.com\/es\/produits\/sos-chinches\/#breadcrumb","itemListElement":[{"@type":"ListItem","position":1,"name":"Inicio","item":"https:\/\/www.sereni-d.com\/es\/"},{"@type":"ListItem","position":2,"name":"Tienda","item":"https:\/\/www.sereni-d.com\/es\/produits\/"},{"@type":"ListItem","position":3,"name":"Punaise de lit","item":"https:\/\/www.sereni-d.com\/categories\/punaise-de-lit\/"},{"@type":"ListItem","position":4,"name":"Produits","item":"https:\/\/www.sereni-d.com\/es\/categories\/produits-es\/"},{"@type":"ListItem","position":5,"name":"SOS Chinches"}]},{"@type":"WebSite","@id":"https:\/\/www.sereni-d.com\/es\/#website","url":"https:\/\/www.sereni-d.com\/es\/","name":"Sereni-d\u00ae","description":"EXPERT Punaises de Lit - Laboratoire SUISSE - Traitements concentr\u00e9s contres les Punaises de Lit. Protection Longue Dur\u00e9e. Efficacit\u00e9 prouv\u00e9e, r\u00e9sultat maximal. Recommand\u00e9 par les professionnels.","publisher":{"@id":"https:\/\/www.sereni-d.com\/es\/#organization"},"potentialAction":[{"@type":"SearchAction","target":{"@type":"EntryPoint","urlTemplate":"https:\/\/www.sereni-d.com\/es\/?s={search_term_string}"},"query-input":{"@type":"PropertyValueSpecification","valueRequired":true,"valueName":"search_term_string"}}],"inLanguage":"es"},{"@type":"Organization","@id":"https:\/\/www.sereni-d.com\/es\/#organization","name":"Sereni-d","url":"https:\/\/www.sereni-d.com\/es\/","logo":{"@type":"ImageObject","inLanguage":"es","@id":"https:\/\/www.sereni-d.com\/es\/#\/schema\/logo\/image\/","url":"","contentUrl":"","caption":"Sereni-d"},"image":{"@id":"https:\/\/www.sereni-d.com\/es\/#\/schema\/logo\/image\/"},"sameAs":["https:\/\/www.facebook.com\/SereniDsante\/","https:\/\/www.instagram.com\/serenidsante\/"]}]}},"_links":{"self":[{"href":"https:\/\/www.sereni-d.com\/es\/wp-json\/wp\/v2\/product\/10334","targetHints":{"allow":["GET"]}}],"collection":[{"href":"https:\/\/www.sereni-d.com\/es\/wp-json\/wp\/v2\/product"}],"about":[{"href":"https:\/\/www.sereni-d.com\/es\/wp-json\/wp\/v2\/types\/product"}],"replies":[{"embeddable":true,"href":"https:\/\/www.sereni-d.com\/es\/wp-json\/wp\/v2\/comments?post=10334"}],"wp:featuredmedia":[{"embeddable":true,"href":"https:\/\/www.sereni-d.com\/es\/wp-json\/wp\/v2\/media\/10333"}],"wp:attachment":[{"href":"https:\/\/www.sereni-d.com\/es\/wp-json\/wp\/v2\/media?parent=10334"}],"wp:term":[{"taxonomy":"product_brand","embeddable":true,"href":"https:\/\/www.sereni-d.com\/es\/wp-json\/wp\/v2\/product_brand?post=10334"},{"taxonomy":"product_cat","embeddable":true,"href":"https:\/\/www.sereni-d.com\/es\/wp-json\/wp\/v2\/product_cat?post=10334"},{"taxonomy":"product_tag","embeddable":true,"href":"https:\/\/www.sereni-d.com\/es\/wp-json\/wp\/v2\/product_tag?post=10334"}],"curies":[{"name":"wp","href":"https:\/\/api.w.org\/{rel}","templated":true}]}}