{"id":10573,"date":"2023-05-31T16:26:22","date_gmt":"2023-05-31T14:26:22","guid":{"rendered":"https:\/\/www.sereni-d.com\/produits\/bouclier-textile-punaises-de-lit-pack\/"},"modified":"2026-04-17T06:23:24","modified_gmt":"2026-04-17T04:23:24","slug":"textil-escudo-pack-chinches","status":"publish","type":"product","link":"https:\/\/www.sereni-d.com\/es\/produits\/textil-escudo-pack-chinches\/","title":{"rendered":"Textil ESCUDO PACK Chinches"},"content":{"rendered":"<p><strong>El TRATAMIENTO VEGETAL PREVENTIVO CONTRA<\/strong> LAS CHINCHES <strong>ESCUDO<\/strong>\u00a0es un spray listo para usar basado en principios inspirados en la naturaleza y especialmente desarrollado para controlar las chinches de cama de forma preventiva.<\/p>\n<p>Su <strong>extracto vegetal de flores de piretro, combinado con un complejo de aceites esenciales<\/strong> seleccionados por sus propiedades repelentes, garantiza una eficacia preventiva de larga duraci\u00f3n (hasta 7 d\u00edas en condiciones \u00f3ptimas de uso).<\/p>\n<p>Pulverizado sobre los textiles y el equipaje, el spray, con su potente aroma de principios activos vegetales, perturbar\u00e1 los receptores olfativos de las chinches y las disuadir\u00e1 de venir a instalarse o de poner sus huevos.<\/p>\n<p>El spray tambi\u00e9n puede aplicarse a superficies como los umbrales de las puertas, los marcos de las ventanas o los conductos de ventilaci\u00f3n en caso de duda sobre un entorno vecino potencialmente infestado.<\/p>\n<p><strong>Sereni-d\u00ae ESCUDO <\/strong>spray es su mejor aliado cuando viaja o cuando tiene dudas sobre una molestia cercana.<\/p>\n<p>Garant\u00eda de satisfacci\u00f3n <strong>Sereni-d\u00ae<\/strong>: Si no queda satisfecho con su compra, p\u00f3ngase en contacto con nosotros a trav\u00e9s de la p\u00e1gina <a href=\"https:\/\/www.sereni-d.com\/es\/contacto\/\">de contacto<\/a> y le devolveremos el importe \u00edntegro.<\/p>\n","protected":false},"excerpt":{"rendered":"<p align=\"justify\">\u2022 Spray preventivo contra chinches<br \/>\n\u2022 Repele las chinches de forma preventiva<br \/>\n\u2022 Protecci\u00f3n duradera y segura<br \/>\n\u2022 M\u00e1s de 250.000 clientes satisfechos de <sup>Sereni-d<\/sup><\/p>\n<p><strong>F\u00d3RMULA CONCENTRADA &#8211; M\u00c1XIMOS RESULTADOS<\/strong><\/p>\n<p align=\"justify\"><strong>\u00a0<\/strong><\/p>\n","protected":false},"featured_media":10574,"comment_status":"open","ping_status":"closed","template":"","meta":{"_acf_changed":false,"_monsterinsights_skip_tracking":false,"_monsterinsights_sitenote_active":false,"_monsterinsights_sitenote_note":"","_monsterinsights_sitenote_category":0},"product_brand":[],"product_cat":[151],"product_tag":[],"class_list":{"0":"post-10573","1":"product","2":"type-product","3":"status-publish","4":"has-post-thumbnail","6":"product_cat-packs-es","8":"first","9":"instock","10":"taxable","11":"shipping-taxable","12":"purchasable","13":"product-type-simple"},"acf":[],"yoast_head":"<!-- This site is optimized with the Yoast SEO plugin v27.2 - https:\/\/yoast.com\/product\/yoast-seo-wordpress\/ -->\n<title>BOUCLIER Punaises de Lit - Spray R\u00e9pulsif - 2 X 100mL - Sereni-d\u00ae<\/title>\n<meta name=\"description\" content=\"\u00a1ESCUDO TRATAMIENTO VEGETAL PREVENTIVO CONTRA LAS CHINCHES ! Protecci\u00f3n eficaz y duradera - \u00a1 Repelente de chinches a base de plantas ! Protecci\u00f3n duradera\" \/>\n<meta name=\"robots\" content=\"index, follow, max-snippet:-1, max-image-preview:large, max-video-preview:-1\" \/>\n<link rel=\"canonical\" href=\"https:\/\/www.sereni-d.com\/es\/produits\/textil-escudo-pack-chinches\/\" \/>\n<meta property=\"og:locale\" content=\"es_ES\" \/>\n<meta property=\"og:type\" content=\"article\" \/>\n<meta property=\"og:title\" content=\"BOUCLIER Punaises de Lit - Spray R\u00e9pulsif - 2 X 100mL - Sereni-d\u00ae\" \/>\n<meta property=\"og:description\" content=\"\u00a1ESCUDO TRATAMIENTO VEGETAL PREVENTIVO CONTRA LAS CHINCHES ! Protecci\u00f3n eficaz y duradera - \u00a1 Repelente de chinches a base de plantas ! Protecci\u00f3n duradera\" \/>\n<meta property=\"og:url\" content=\"https:\/\/www.sereni-d.com\/es\/produits\/textil-escudo-pack-chinches\/\" \/>\n<meta property=\"og:site_name\" content=\"Sereni-d\u00ae\" \/>\n<meta property=\"article:publisher\" content=\"https:\/\/www.facebook.com\/SereniDsante\/\" \/>\n<meta property=\"article:modified_time\" content=\"2026-04-17T04:23:24+00:00\" \/>\n<meta property=\"og:image\" content=\"https:\/\/www.sereni-d.com\/wp-content\/uploads\/2024\/12\/kit_ES_bouclier_x2-scaled.jpg\" \/>\n\t<meta property=\"og:image:width\" content=\"2560\" \/>\n\t<meta property=\"og:image:height\" content=\"2560\" \/>\n\t<meta property=\"og:image:type\" content=\"image\/jpeg\" \/>\n<meta name=\"twitter:card\" content=\"summary_large_image\" \/>\n<meta name=\"twitter:label1\" content=\"Tiempo de lectura\" \/>\n\t<meta name=\"twitter:data1\" content=\"2 minutos\" \/>\n<script type=\"application\/ld+json\" class=\"yoast-schema-graph\">{\"@context\":\"https:\/\/schema.org\",\"@graph\":[{\"@type\":\"WebPage\",\"@id\":\"https:\/\/www.sereni-d.com\/es\/produits\/textil-escudo-pack-chinches\/\",\"url\":\"https:\/\/www.sereni-d.com\/es\/produits\/textil-escudo-pack-chinches\/\",\"name\":\"BOUCLIER Punaises de Lit - Spray R\u00e9pulsif - 2 X 100mL - Sereni-d\u00ae\",\"isPartOf\":{\"@id\":\"https:\/\/www.sereni-d.com\/es\/#website\"},\"primaryImageOfPage\":{\"@id\":\"https:\/\/www.sereni-d.com\/es\/produits\/textil-escudo-pack-chinches\/#primaryimage\"},\"image\":{\"@id\":\"https:\/\/www.sereni-d.com\/es\/produits\/textil-escudo-pack-chinches\/#primaryimage\"},\"thumbnailUrl\":\"https:\/\/www.sereni-d.com\/wp-content\/uploads\/2024\/12\/kit_ES_bouclier_x2-scaled.jpg\",\"datePublished\":\"2023-05-31T14:26:22+00:00\",\"dateModified\":\"2026-04-17T04:23:24+00:00\",\"description\":\"\u00a1ESCUDO TRATAMIENTO VEGETAL PREVENTIVO CONTRA LAS CHINCHES ! Protecci\u00f3n eficaz y duradera - \u00a1 Repelente de chinches a base de plantas ! Protecci\u00f3n duradera\",\"breadcrumb\":{\"@id\":\"https:\/\/www.sereni-d.com\/es\/produits\/textil-escudo-pack-chinches\/#breadcrumb\"},\"inLanguage\":\"es\",\"potentialAction\":[{\"@type\":\"ReadAction\",\"target\":[\"https:\/\/www.sereni-d.com\/es\/produits\/textil-escudo-pack-chinches\/\"]}]},{\"@type\":\"ImageObject\",\"inLanguage\":\"es\",\"@id\":\"https:\/\/www.sereni-d.com\/es\/produits\/textil-escudo-pack-chinches\/#primaryimage\",\"url\":\"https:\/\/www.sereni-d.com\/wp-content\/uploads\/2024\/12\/kit_ES_bouclier_x2-scaled.jpg\",\"contentUrl\":\"https:\/\/www.sereni-d.com\/wp-content\/uploads\/2024\/12\/kit_ES_bouclier_x2-scaled.jpg\",\"width\":2560,\"height\":2560,\"caption\":\"congelaci\u00f3n de chinches\"},{\"@type\":\"BreadcrumbList\",\"@id\":\"https:\/\/www.sereni-d.com\/es\/produits\/textil-escudo-pack-chinches\/#breadcrumb\",\"itemListElement\":[{\"@type\":\"ListItem\",\"position\":1,\"name\":\"Inicio\",\"item\":\"https:\/\/www.sereni-d.com\/es\/\"},{\"@type\":\"ListItem\",\"position\":2,\"name\":\"Tienda\",\"item\":\"https:\/\/www.sereni-d.com\/es\/produits\/\"},{\"@type\":\"ListItem\",\"position\":3,\"name\":\"Punaise de lit\",\"item\":\"https:\/\/www.sereni-d.com\/categories\/punaise-de-lit\/\"},{\"@type\":\"ListItem\",\"position\":4,\"name\":\"Packs\",\"item\":\"https:\/\/www.sereni-d.com\/es\/categories\/packs-es\/\"},{\"@type\":\"ListItem\",\"position\":5,\"name\":\"Textil ESCUDO PACK Chinches\"}]},{\"@type\":\"WebSite\",\"@id\":\"https:\/\/www.sereni-d.com\/es\/#website\",\"url\":\"https:\/\/www.sereni-d.com\/es\/\",\"name\":\"Sereni-d\u00ae\",\"description\":\"EXPERT Punaises de Lit - Laboratoire SUISSE - Traitements concentr\u00e9s contres les Punaises de Lit. Protection Longue Dur\u00e9e. Efficacit\u00e9 prouv\u00e9e, r\u00e9sultat maximal. Recommand\u00e9 par les professionnels.\",\"publisher\":{\"@id\":\"https:\/\/www.sereni-d.com\/es\/#organization\"},\"potentialAction\":[{\"@type\":\"SearchAction\",\"target\":{\"@type\":\"EntryPoint\",\"urlTemplate\":\"https:\/\/www.sereni-d.com\/es\/?s={search_term_string}\"},\"query-input\":{\"@type\":\"PropertyValueSpecification\",\"valueRequired\":true,\"valueName\":\"search_term_string\"}}],\"inLanguage\":\"es\"},{\"@type\":\"Organization\",\"@id\":\"https:\/\/www.sereni-d.com\/es\/#organization\",\"name\":\"Sereni-d\",\"url\":\"https:\/\/www.sereni-d.com\/es\/\",\"logo\":{\"@type\":\"ImageObject\",\"inLanguage\":\"es\",\"@id\":\"https:\/\/www.sereni-d.com\/es\/#\/schema\/logo\/image\/\",\"url\":\"\",\"contentUrl\":\"\",\"caption\":\"Sereni-d\"},\"image\":{\"@id\":\"https:\/\/www.sereni-d.com\/es\/#\/schema\/logo\/image\/\"},\"sameAs\":[\"https:\/\/www.facebook.com\/SereniDsante\/\",\"https:\/\/www.instagram.com\/serenidsante\/\"]}]}<\/script>\n<!-- \/ Yoast SEO plugin. -->","yoast_head_json":{"title":"BOUCLIER Punaises de Lit - Spray R\u00e9pulsif - 2 X 100mL - Sereni-d\u00ae","description":"\u00a1ESCUDO TRATAMIENTO VEGETAL PREVENTIVO CONTRA LAS CHINCHES ! Protecci\u00f3n eficaz y duradera - \u00a1 Repelente de chinches a base de plantas ! Protecci\u00f3n duradera","robots":{"index":"index","follow":"follow","max-snippet":"max-snippet:-1","max-image-preview":"max-image-preview:large","max-video-preview":"max-video-preview:-1"},"canonical":"https:\/\/www.sereni-d.com\/es\/produits\/textil-escudo-pack-chinches\/","og_locale":"es_ES","og_type":"article","og_title":"BOUCLIER Punaises de Lit - Spray R\u00e9pulsif - 2 X 100mL - Sereni-d\u00ae","og_description":"\u00a1ESCUDO TRATAMIENTO VEGETAL PREVENTIVO CONTRA LAS CHINCHES ! Protecci\u00f3n eficaz y duradera - \u00a1 Repelente de chinches a base de plantas ! Protecci\u00f3n duradera","og_url":"https:\/\/www.sereni-d.com\/es\/produits\/textil-escudo-pack-chinches\/","og_site_name":"Sereni-d\u00ae","article_publisher":"https:\/\/www.facebook.com\/SereniDsante\/","article_modified_time":"2026-04-17T04:23:24+00:00","og_image":[{"width":2560,"height":2560,"url":"https:\/\/www.sereni-d.com\/wp-content\/uploads\/2024\/12\/kit_ES_bouclier_x2-scaled.jpg","type":"image\/jpeg"}],"twitter_card":"summary_large_image","twitter_misc":{"Tiempo de lectura":"2 minutos"},"schema":{"@context":"https:\/\/schema.org","@graph":[{"@type":"WebPage","@id":"https:\/\/www.sereni-d.com\/es\/produits\/textil-escudo-pack-chinches\/","url":"https:\/\/www.sereni-d.com\/es\/produits\/textil-escudo-pack-chinches\/","name":"BOUCLIER Punaises de Lit - Spray R\u00e9pulsif - 2 X 100mL - Sereni-d\u00ae","isPartOf":{"@id":"https:\/\/www.sereni-d.com\/es\/#website"},"primaryImageOfPage":{"@id":"https:\/\/www.sereni-d.com\/es\/produits\/textil-escudo-pack-chinches\/#primaryimage"},"image":{"@id":"https:\/\/www.sereni-d.com\/es\/produits\/textil-escudo-pack-chinches\/#primaryimage"},"thumbnailUrl":"https:\/\/www.sereni-d.com\/wp-content\/uploads\/2024\/12\/kit_ES_bouclier_x2-scaled.jpg","datePublished":"2023-05-31T14:26:22+00:00","dateModified":"2026-04-17T04:23:24+00:00","description":"\u00a1ESCUDO TRATAMIENTO VEGETAL PREVENTIVO CONTRA LAS CHINCHES ! Protecci\u00f3n eficaz y duradera - \u00a1 Repelente de chinches a base de plantas ! Protecci\u00f3n duradera","breadcrumb":{"@id":"https:\/\/www.sereni-d.com\/es\/produits\/textil-escudo-pack-chinches\/#breadcrumb"},"inLanguage":"es","potentialAction":[{"@type":"ReadAction","target":["https:\/\/www.sereni-d.com\/es\/produits\/textil-escudo-pack-chinches\/"]}]},{"@type":"ImageObject","inLanguage":"es","@id":"https:\/\/www.sereni-d.com\/es\/produits\/textil-escudo-pack-chinches\/#primaryimage","url":"https:\/\/www.sereni-d.com\/wp-content\/uploads\/2024\/12\/kit_ES_bouclier_x2-scaled.jpg","contentUrl":"https:\/\/www.sereni-d.com\/wp-content\/uploads\/2024\/12\/kit_ES_bouclier_x2-scaled.jpg","width":2560,"height":2560,"caption":"congelaci\u00f3n de chinches"},{"@type":"BreadcrumbList","@id":"https:\/\/www.sereni-d.com\/es\/produits\/textil-escudo-pack-chinches\/#breadcrumb","itemListElement":[{"@type":"ListItem","position":1,"name":"Inicio","item":"https:\/\/www.sereni-d.com\/es\/"},{"@type":"ListItem","position":2,"name":"Tienda","item":"https:\/\/www.sereni-d.com\/es\/produits\/"},{"@type":"ListItem","position":3,"name":"Punaise de lit","item":"https:\/\/www.sereni-d.com\/categories\/punaise-de-lit\/"},{"@type":"ListItem","position":4,"name":"Packs","item":"https:\/\/www.sereni-d.com\/es\/categories\/packs-es\/"},{"@type":"ListItem","position":5,"name":"Textil ESCUDO PACK Chinches"}]},{"@type":"WebSite","@id":"https:\/\/www.sereni-d.com\/es\/#website","url":"https:\/\/www.sereni-d.com\/es\/","name":"Sereni-d\u00ae","description":"EXPERT Punaises de Lit - Laboratoire SUISSE - Traitements concentr\u00e9s contres les Punaises de Lit. Protection Longue Dur\u00e9e. Efficacit\u00e9 prouv\u00e9e, r\u00e9sultat maximal. Recommand\u00e9 par les professionnels.","publisher":{"@id":"https:\/\/www.sereni-d.com\/es\/#organization"},"potentialAction":[{"@type":"SearchAction","target":{"@type":"EntryPoint","urlTemplate":"https:\/\/www.sereni-d.com\/es\/?s={search_term_string}"},"query-input":{"@type":"PropertyValueSpecification","valueRequired":true,"valueName":"search_term_string"}}],"inLanguage":"es"},{"@type":"Organization","@id":"https:\/\/www.sereni-d.com\/es\/#organization","name":"Sereni-d","url":"https:\/\/www.sereni-d.com\/es\/","logo":{"@type":"ImageObject","inLanguage":"es","@id":"https:\/\/www.sereni-d.com\/es\/#\/schema\/logo\/image\/","url":"","contentUrl":"","caption":"Sereni-d"},"image":{"@id":"https:\/\/www.sereni-d.com\/es\/#\/schema\/logo\/image\/"},"sameAs":["https:\/\/www.facebook.com\/SereniDsante\/","https:\/\/www.instagram.com\/serenidsante\/"]}]}},"_links":{"self":[{"href":"https:\/\/www.sereni-d.com\/es\/wp-json\/wp\/v2\/product\/10573","targetHints":{"allow":["GET"]}}],"collection":[{"href":"https:\/\/www.sereni-d.com\/es\/wp-json\/wp\/v2\/product"}],"about":[{"href":"https:\/\/www.sereni-d.com\/es\/wp-json\/wp\/v2\/types\/product"}],"replies":[{"embeddable":true,"href":"https:\/\/www.sereni-d.com\/es\/wp-json\/wp\/v2\/comments?post=10573"}],"wp:featuredmedia":[{"embeddable":true,"href":"https:\/\/www.sereni-d.com\/es\/wp-json\/wp\/v2\/media\/10574"}],"wp:attachment":[{"href":"https:\/\/www.sereni-d.com\/es\/wp-json\/wp\/v2\/media?parent=10573"}],"wp:term":[{"taxonomy":"product_brand","embeddable":true,"href":"https:\/\/www.sereni-d.com\/es\/wp-json\/wp\/v2\/product_brand?post=10573"},{"taxonomy":"product_cat","embeddable":true,"href":"https:\/\/www.sereni-d.com\/es\/wp-json\/wp\/v2\/product_cat?post=10573"},{"taxonomy":"product_tag","embeddable":true,"href":"https:\/\/www.sereni-d.com\/es\/wp-json\/wp\/v2\/product_tag?post=10573"}],"curies":[{"name":"wp","href":"https:\/\/api.w.org\/{rel}","templated":true}]}}