{"id":10583,"date":"2023-06-01T16:50:06","date_gmt":"2023-06-01T14:50:06","guid":{"rendered":"https:\/\/www.sereni-d.com\/produits\/roll-on-apaisant-piqures-punaises-de-lit\/"},"modified":"2026-05-10T17:47:37","modified_gmt":"2026-05-10T15:47:37","slug":"roll-on-calmante-picaduras-de-chinche","status":"publish","type":"product","link":"https:\/\/www.sereni-d.com\/es\/produits\/roll-on-calmante-picaduras-de-chinche\/","title":{"rendered":"ROLL-ON Calmante Picaduras de Chinche"},"content":{"rendered":"<p><b>Sereni-d\u00ae<\/b> ROLL-ON ANTIPICADURAS est\u00e1 compuesto por una sinergia de aceites esenciales ecol\u00f3gicos 100% puros y naturales cuidadosamente seleccionados para calmar la piel y prevenir futuras picaduras de chinches.<\/p>\n<p>Al mismo tiempo que hidrata la piel, calma el picor causado por las picaduras de chinches y acelera la cicatrizaci\u00f3n gracias a la acci\u00f3n calmante, antis\u00e9ptica, antiinflamatoria y cicatrizante de sus aceites esenciales ecol\u00f3gicos 100% puros.<\/p>\n<p>Sereni-d ROLL-ON tambi\u00e9n act\u00faa de forma preventiva gracias a las propiedades repelentes de chinches de sus aceites esenciales.<\/p>\n<p>Garant\u00eda de satisfacci\u00f3n <strong>Sereni-d\u00ae<\/strong>: Si no queda satisfecho con su compra, p\u00f3ngase en contacto con nosotros a trav\u00e9s de la p\u00e1gina <a title=\"Contact SERENI-D\" href=\"https:\/\/www.sereni-d.com\/es\/contacto\/\">de contacto<\/a> y le devolveremos el importe \u00edntegro.<\/p>\n","protected":false},"excerpt":{"rendered":"<p>\u2022 Roll-On preventivo y curativo contra las picaduras de chinches de la cama<br \/>\n\u2022 Alivia y previene las picaduras de chinches<br \/>\n\u2022 Efecto inmediato<br \/>\n\u2022 M\u00e1s de 250.000 clientes satisfechos de <sup>Sereni-d<\/sup><\/p>\n<p><strong>F\u00d3RMULA CONCENTRADA &#8211; M\u00c1XIMOS RESULTADOS<\/strong><\/p>\n","protected":false},"featured_media":10588,"comment_status":"open","ping_status":"closed","template":"","meta":{"_acf_changed":false,"_monsterinsights_skip_tracking":false,"_monsterinsights_sitenote_active":false,"_monsterinsights_sitenote_note":"","_monsterinsights_sitenote_category":0},"product_brand":[],"product_cat":[137],"product_tag":[],"class_list":{"0":"post-10583","1":"product","2":"type-product","3":"status-publish","4":"has-post-thumbnail","6":"product_cat-produits-es","8":"first","9":"instock","10":"taxable","11":"shipping-taxable","12":"purchasable","13":"product-type-simple"},"acf":[],"yoast_head":"<!-- This site is optimized with the Yoast SEO plugin v27.4 - https:\/\/yoast.com\/product\/yoast-seo-wordpress\/ -->\n<title>ROLL-ON Calmante Picaduras de Chinche - Sereni-d\u00ae<\/title>\n<meta name=\"description\" content=\"Alivio inmediato de las picaduras de chinches - Preventivo y curativo Preventivo y Curativo - Sinergia de Aceites Esenciales Org\u00e1nicos 100% Naturales - + 10.000 clientes satisfechos de Sereni- d\u00ae\" \/>\n<meta name=\"robots\" content=\"index, follow, max-snippet:-1, max-image-preview:large, max-video-preview:-1\" \/>\n<link rel=\"canonical\" href=\"https:\/\/www.sereni-d.com\/es\/produits\/roll-on-calmante-picaduras-de-chinche\/\" \/>\n<meta property=\"og:locale\" content=\"es_ES\" \/>\n<meta property=\"og:type\" content=\"article\" \/>\n<meta property=\"og:title\" content=\"ROLL-ON Calmante Picaduras de Chinche - Sereni-d\u00ae\" \/>\n<meta property=\"og:description\" content=\"Alivio inmediato de las picaduras de chinches - Preventivo y curativo Preventivo y Curativo - Sinergia de Aceites Esenciales Org\u00e1nicos 100% Naturales - + 10.000 clientes satisfechos de Sereni- d\u00ae\" \/>\n<meta property=\"og:url\" content=\"https:\/\/www.sereni-d.com\/es\/produits\/roll-on-calmante-picaduras-de-chinche\/\" \/>\n<meta property=\"og:site_name\" content=\"Sereni-d\u00ae\" \/>\n<meta property=\"article:publisher\" content=\"https:\/\/www.facebook.com\/SereniDsante\/\" \/>\n<meta property=\"article:modified_time\" content=\"2026-05-10T15:47:37+00:00\" \/>\n<meta property=\"og:image\" content=\"https:\/\/www.sereni-d.com\/wp-content\/uploads\/2024\/12\/ES_roll-on-1-scaled.jpg\" \/>\n\t<meta property=\"og:image:width\" content=\"2560\" \/>\n\t<meta property=\"og:image:height\" content=\"2560\" \/>\n\t<meta property=\"og:image:type\" content=\"image\/jpeg\" \/>\n<meta name=\"twitter:card\" content=\"summary_large_image\" \/>\n<meta name=\"twitter:label1\" content=\"Tiempo de lectura\" \/>\n\t<meta name=\"twitter:data1\" content=\"1 minuto\" \/>\n<script type=\"application\/ld+json\" class=\"yoast-schema-graph\">{\"@context\":\"https:\\\/\\\/schema.org\",\"@graph\":[{\"@type\":\"WebPage\",\"@id\":\"https:\\\/\\\/www.sereni-d.com\\\/es\\\/produits\\\/roll-on-calmante-picaduras-de-chinche\\\/\",\"url\":\"https:\\\/\\\/www.sereni-d.com\\\/es\\\/produits\\\/roll-on-calmante-picaduras-de-chinche\\\/\",\"name\":\"ROLL-ON Calmante Picaduras de Chinche - Sereni-d\u00ae\",\"isPartOf\":{\"@id\":\"https:\\\/\\\/www.sereni-d.com\\\/es\\\/#website\"},\"primaryImageOfPage\":{\"@id\":\"https:\\\/\\\/www.sereni-d.com\\\/es\\\/produits\\\/roll-on-calmante-picaduras-de-chinche\\\/#primaryimage\"},\"image\":{\"@id\":\"https:\\\/\\\/www.sereni-d.com\\\/es\\\/produits\\\/roll-on-calmante-picaduras-de-chinche\\\/#primaryimage\"},\"thumbnailUrl\":\"https:\\\/\\\/www.sereni-d.com\\\/wp-content\\\/uploads\\\/2024\\\/12\\\/ES_roll-on-1-scaled.jpg\",\"datePublished\":\"2023-06-01T14:50:06+00:00\",\"dateModified\":\"2026-05-10T15:47:37+00:00\",\"description\":\"Alivio inmediato de las picaduras de chinches - Preventivo y curativo Preventivo y Curativo - Sinergia de Aceites Esenciales Org\u00e1nicos 100% Naturales - + 10.000 clientes satisfechos de Sereni- d\u00ae\",\"breadcrumb\":{\"@id\":\"https:\\\/\\\/www.sereni-d.com\\\/es\\\/produits\\\/roll-on-calmante-picaduras-de-chinche\\\/#breadcrumb\"},\"inLanguage\":\"es\",\"potentialAction\":[{\"@type\":\"ReadAction\",\"target\":[\"https:\\\/\\\/www.sereni-d.com\\\/es\\\/produits\\\/roll-on-calmante-picaduras-de-chinche\\\/\"]}]},{\"@type\":\"ImageObject\",\"inLanguage\":\"es\",\"@id\":\"https:\\\/\\\/www.sereni-d.com\\\/es\\\/produits\\\/roll-on-calmante-picaduras-de-chinche\\\/#primaryimage\",\"url\":\"https:\\\/\\\/www.sereni-d.com\\\/wp-content\\\/uploads\\\/2024\\\/12\\\/ES_roll-on-1-scaled.jpg\",\"contentUrl\":\"https:\\\/\\\/www.sereni-d.com\\\/wp-content\\\/uploads\\\/2024\\\/12\\\/ES_roll-on-1-scaled.jpg\",\"width\":2560,\"height\":2560,\"caption\":\"ROLL-ON ANTI-PICADURAS 5mL\"},{\"@type\":\"BreadcrumbList\",\"@id\":\"https:\\\/\\\/www.sereni-d.com\\\/es\\\/produits\\\/roll-on-calmante-picaduras-de-chinche\\\/#breadcrumb\",\"itemListElement\":[{\"@type\":\"ListItem\",\"position\":1,\"name\":\"Inicio\",\"item\":\"https:\\\/\\\/www.sereni-d.com\\\/es\\\/\"},{\"@type\":\"ListItem\",\"position\":2,\"name\":\"Tienda\",\"item\":\"https:\\\/\\\/www.sereni-d.com\\\/es\\\/produits\\\/\"},{\"@type\":\"ListItem\",\"position\":3,\"name\":\"Punaise de lit\",\"item\":\"https:\\\/\\\/www.sereni-d.com\\\/categories\\\/punaise-de-lit\\\/\"},{\"@type\":\"ListItem\",\"position\":4,\"name\":\"Produits\",\"item\":\"https:\\\/\\\/www.sereni-d.com\\\/es\\\/categories\\\/produits-es\\\/\"},{\"@type\":\"ListItem\",\"position\":5,\"name\":\"ROLL-ON Calmante Picaduras de Chinche\"}]},{\"@type\":\"WebSite\",\"@id\":\"https:\\\/\\\/www.sereni-d.com\\\/es\\\/#website\",\"url\":\"https:\\\/\\\/www.sereni-d.com\\\/es\\\/\",\"name\":\"Sereni-d\u00ae\",\"description\":\"EXPERT Punaises de Lit - Laboratoire SUISSE - Traitements concentr\u00e9s contres les Punaises de Lit. Protection Longue Dur\u00e9e. Efficacit\u00e9 prouv\u00e9e, r\u00e9sultat maximal. Recommand\u00e9 par les professionnels.\",\"publisher\":{\"@id\":\"https:\\\/\\\/www.sereni-d.com\\\/es\\\/#organization\"},\"potentialAction\":[{\"@type\":\"SearchAction\",\"target\":{\"@type\":\"EntryPoint\",\"urlTemplate\":\"https:\\\/\\\/www.sereni-d.com\\\/es\\\/?s={search_term_string}\"},\"query-input\":{\"@type\":\"PropertyValueSpecification\",\"valueRequired\":true,\"valueName\":\"search_term_string\"}}],\"inLanguage\":\"es\"},{\"@type\":\"Organization\",\"@id\":\"https:\\\/\\\/www.sereni-d.com\\\/es\\\/#organization\",\"name\":\"Sereni-d\",\"url\":\"https:\\\/\\\/www.sereni-d.com\\\/es\\\/\",\"logo\":{\"@type\":\"ImageObject\",\"inLanguage\":\"es\",\"@id\":\"https:\\\/\\\/www.sereni-d.com\\\/es\\\/#\\\/schema\\\/logo\\\/image\\\/\",\"url\":\"\",\"contentUrl\":\"\",\"caption\":\"Sereni-d\"},\"image\":{\"@id\":\"https:\\\/\\\/www.sereni-d.com\\\/es\\\/#\\\/schema\\\/logo\\\/image\\\/\"},\"sameAs\":[\"https:\\\/\\\/www.facebook.com\\\/SereniDsante\\\/\",\"https:\\\/\\\/www.instagram.com\\\/serenidsante\\\/\"]}]}<\/script>\n<!-- \/ Yoast SEO plugin. -->","yoast_head_json":{"title":"ROLL-ON Calmante Picaduras de Chinche - Sereni-d\u00ae","description":"Alivio inmediato de las picaduras de chinches - Preventivo y curativo Preventivo y Curativo - Sinergia de Aceites Esenciales Org\u00e1nicos 100% Naturales - + 10.000 clientes satisfechos de Sereni- d\u00ae","robots":{"index":"index","follow":"follow","max-snippet":"max-snippet:-1","max-image-preview":"max-image-preview:large","max-video-preview":"max-video-preview:-1"},"canonical":"https:\/\/www.sereni-d.com\/es\/produits\/roll-on-calmante-picaduras-de-chinche\/","og_locale":"es_ES","og_type":"article","og_title":"ROLL-ON Calmante Picaduras de Chinche - Sereni-d\u00ae","og_description":"Alivio inmediato de las picaduras de chinches - Preventivo y curativo Preventivo y Curativo - Sinergia de Aceites Esenciales Org\u00e1nicos 100% Naturales - + 10.000 clientes satisfechos de Sereni- d\u00ae","og_url":"https:\/\/www.sereni-d.com\/es\/produits\/roll-on-calmante-picaduras-de-chinche\/","og_site_name":"Sereni-d\u00ae","article_publisher":"https:\/\/www.facebook.com\/SereniDsante\/","article_modified_time":"2026-05-10T15:47:37+00:00","og_image":[{"width":2560,"height":2560,"url":"https:\/\/www.sereni-d.com\/wp-content\/uploads\/2024\/12\/ES_roll-on-1-scaled.jpg","type":"image\/jpeg"}],"twitter_card":"summary_large_image","twitter_misc":{"Tiempo de lectura":"1 minuto"},"schema":{"@context":"https:\/\/schema.org","@graph":[{"@type":"WebPage","@id":"https:\/\/www.sereni-d.com\/es\/produits\/roll-on-calmante-picaduras-de-chinche\/","url":"https:\/\/www.sereni-d.com\/es\/produits\/roll-on-calmante-picaduras-de-chinche\/","name":"ROLL-ON Calmante Picaduras de Chinche - Sereni-d\u00ae","isPartOf":{"@id":"https:\/\/www.sereni-d.com\/es\/#website"},"primaryImageOfPage":{"@id":"https:\/\/www.sereni-d.com\/es\/produits\/roll-on-calmante-picaduras-de-chinche\/#primaryimage"},"image":{"@id":"https:\/\/www.sereni-d.com\/es\/produits\/roll-on-calmante-picaduras-de-chinche\/#primaryimage"},"thumbnailUrl":"https:\/\/www.sereni-d.com\/wp-content\/uploads\/2024\/12\/ES_roll-on-1-scaled.jpg","datePublished":"2023-06-01T14:50:06+00:00","dateModified":"2026-05-10T15:47:37+00:00","description":"Alivio inmediato de las picaduras de chinches - Preventivo y curativo Preventivo y Curativo - Sinergia de Aceites Esenciales Org\u00e1nicos 100% Naturales - + 10.000 clientes satisfechos de Sereni- d\u00ae","breadcrumb":{"@id":"https:\/\/www.sereni-d.com\/es\/produits\/roll-on-calmante-picaduras-de-chinche\/#breadcrumb"},"inLanguage":"es","potentialAction":[{"@type":"ReadAction","target":["https:\/\/www.sereni-d.com\/es\/produits\/roll-on-calmante-picaduras-de-chinche\/"]}]},{"@type":"ImageObject","inLanguage":"es","@id":"https:\/\/www.sereni-d.com\/es\/produits\/roll-on-calmante-picaduras-de-chinche\/#primaryimage","url":"https:\/\/www.sereni-d.com\/wp-content\/uploads\/2024\/12\/ES_roll-on-1-scaled.jpg","contentUrl":"https:\/\/www.sereni-d.com\/wp-content\/uploads\/2024\/12\/ES_roll-on-1-scaled.jpg","width":2560,"height":2560,"caption":"ROLL-ON ANTI-PICADURAS 5mL"},{"@type":"BreadcrumbList","@id":"https:\/\/www.sereni-d.com\/es\/produits\/roll-on-calmante-picaduras-de-chinche\/#breadcrumb","itemListElement":[{"@type":"ListItem","position":1,"name":"Inicio","item":"https:\/\/www.sereni-d.com\/es\/"},{"@type":"ListItem","position":2,"name":"Tienda","item":"https:\/\/www.sereni-d.com\/es\/produits\/"},{"@type":"ListItem","position":3,"name":"Punaise de lit","item":"https:\/\/www.sereni-d.com\/categories\/punaise-de-lit\/"},{"@type":"ListItem","position":4,"name":"Produits","item":"https:\/\/www.sereni-d.com\/es\/categories\/produits-es\/"},{"@type":"ListItem","position":5,"name":"ROLL-ON Calmante Picaduras de Chinche"}]},{"@type":"WebSite","@id":"https:\/\/www.sereni-d.com\/es\/#website","url":"https:\/\/www.sereni-d.com\/es\/","name":"Sereni-d\u00ae","description":"EXPERT Punaises de Lit - Laboratoire SUISSE - Traitements concentr\u00e9s contres les Punaises de Lit. Protection Longue Dur\u00e9e. Efficacit\u00e9 prouv\u00e9e, r\u00e9sultat maximal. Recommand\u00e9 par les professionnels.","publisher":{"@id":"https:\/\/www.sereni-d.com\/es\/#organization"},"potentialAction":[{"@type":"SearchAction","target":{"@type":"EntryPoint","urlTemplate":"https:\/\/www.sereni-d.com\/es\/?s={search_term_string}"},"query-input":{"@type":"PropertyValueSpecification","valueRequired":true,"valueName":"search_term_string"}}],"inLanguage":"es"},{"@type":"Organization","@id":"https:\/\/www.sereni-d.com\/es\/#organization","name":"Sereni-d","url":"https:\/\/www.sereni-d.com\/es\/","logo":{"@type":"ImageObject","inLanguage":"es","@id":"https:\/\/www.sereni-d.com\/es\/#\/schema\/logo\/image\/","url":"","contentUrl":"","caption":"Sereni-d"},"image":{"@id":"https:\/\/www.sereni-d.com\/es\/#\/schema\/logo\/image\/"},"sameAs":["https:\/\/www.facebook.com\/SereniDsante\/","https:\/\/www.instagram.com\/serenidsante\/"]}]}},"_links":{"self":[{"href":"https:\/\/www.sereni-d.com\/es\/wp-json\/wp\/v2\/product\/10583","targetHints":{"allow":["GET"]}}],"collection":[{"href":"https:\/\/www.sereni-d.com\/es\/wp-json\/wp\/v2\/product"}],"about":[{"href":"https:\/\/www.sereni-d.com\/es\/wp-json\/wp\/v2\/types\/product"}],"replies":[{"embeddable":true,"href":"https:\/\/www.sereni-d.com\/es\/wp-json\/wp\/v2\/comments?post=10583"}],"wp:featuredmedia":[{"embeddable":true,"href":"https:\/\/www.sereni-d.com\/es\/wp-json\/wp\/v2\/media\/10588"}],"wp:attachment":[{"href":"https:\/\/www.sereni-d.com\/es\/wp-json\/wp\/v2\/media?parent=10583"}],"wp:term":[{"taxonomy":"product_brand","embeddable":true,"href":"https:\/\/www.sereni-d.com\/es\/wp-json\/wp\/v2\/product_brand?post=10583"},{"taxonomy":"product_cat","embeddable":true,"href":"https:\/\/www.sereni-d.com\/es\/wp-json\/wp\/v2\/product_cat?post=10583"},{"taxonomy":"product_tag","embeddable":true,"href":"https:\/\/www.sereni-d.com\/es\/wp-json\/wp\/v2\/product_tag?post=10583"}],"curies":[{"name":"wp","href":"https:\/\/api.w.org\/{rel}","templated":true}]}}