{"id":10590,"date":"2023-06-26T21:23:03","date_gmt":"2023-06-26T19:23:03","guid":{"rendered":"https:\/\/www.sereni-d.com\/produits\/anti-pique-corporel-punaises-de-lit\/"},"modified":"2026-05-12T15:53:29","modified_gmt":"2026-05-12T13:53:29","slug":"chinches-anti-pic-corporal","status":"publish","type":"product","link":"https:\/\/www.sereni-d.com\/es\/produits\/chinches-anti-pic-corporal\/","title":{"rendered":"CHINCHES ANTI-PIC corporal"},"content":{"rendered":"<p><strong data-sanitized-data-mce-fragment=\"1\">ANTI-PIC CHINCHES Tratamiento Corporal Repelente Natural<\/strong> es un spray corporal repelente listo para usar cuyos principios se inspiran en la naturaleza y que ha sido especialmente desarrollado para ofrecer una protecci\u00f3n eficaz contra las chinches de la cama.<\/p>\n<p>Su extracto <strong>de geraniol, combinado con un complejo de aceites esenciales y vegetales<\/strong> seleccionados por sus mol\u00e9culas con propiedades repelentes, hidratantes y calmantes, garantiza una eficacia preventiva duradera, al tiempo que protege su piel.<\/p>\n<p>Pulverizado sobre las zonas descubiertas, el <strong>spray corporal disuadir\u00e1 a las chinches de venir a picarle<\/strong> al perturbar sus receptores olfativos. El Spray <strong>Antichinches Sereni-d\u00ae <\/strong>es su mejor aliado cuando est\u00e9 fuera de casa o si tiene dudas sobre la presencia de una plaga cercana. Como medida preventiva, es complementario del <strong>preventivo textil anti chinches ESCUDO<\/strong>, y en caso de infestaci\u00f3n, complementario de <strong>SOS, FREEZE y Tierra de Diatomeas<\/strong>.<\/p>\n<p>Garant\u00eda de satisfacci\u00f3n <strong>Sereni-d\u00ae<\/strong>: Si no queda satisfecho con su compra, p\u00f3ngase en contacto con nosotros a trav\u00e9s de la p\u00e1gina <a title=\"Contact SERENI-D\" href=\"https:\/\/www.sereni-d.com\/es\/contacto\/\">de contacto<\/a> y le devolveremos el importe \u00edntegro. En caso de infestaci\u00f3n por chinches, es esencial tratar su hogar en paralelo siguiendo nuestro <a href=\"https:\/\/www.sereni-d.com\/conseils\/protocole-de-desinsectisation-punaises-de-lit-comment-lutter-efficacement\/\">protocolo de control de plagas<\/a>.<\/p>\n","protected":false},"excerpt":{"rendered":"<p>\u2022 Spray corporal para repeler las picaduras de chinches<br \/>\n\u2022 Repele las chinches como medida preventiva<br \/>\n\u2022 Protecci\u00f3n duradera y segura<br \/>\n\u2022 M\u00e1s de 50.000 clientes satisfechos <sup>de Sereni-d<\/sup><\/p>\n<p><strong>F\u00d3RMULA CONCENTRADA &#8211; M\u00c1XIMOS RESULTADOS<\/strong><\/p>\n","protected":false},"featured_media":10597,"comment_status":"open","ping_status":"closed","template":"","meta":{"_acf_changed":false,"_monsterinsights_skip_tracking":false,"_monsterinsights_sitenote_active":false,"_monsterinsights_sitenote_note":"","_monsterinsights_sitenote_category":0},"product_brand":[],"product_cat":[137],"product_tag":[],"class_list":{"0":"post-10590","1":"product","2":"type-product","3":"status-publish","4":"has-post-thumbnail","6":"product_cat-produits-es","8":"first","9":"instock","10":"taxable","11":"shipping-taxable","12":"purchasable","13":"product-type-simple"},"acf":[],"yoast_head":"<!-- This site is optimized with the Yoast SEO plugin v27.4 - https:\/\/yoast.com\/product\/yoast-seo-wordpress\/ -->\n<title>CHINCHES ANTI-PIC corporal - Sereni-d\u00ae<\/title>\n<meta name=\"description\" content=\"Tratamiento corporal repelente ANTI-PICADURAS. 8 horas de protecci\u00f3n contra las picaduras. M\u00e1xima eficacia.\" \/>\n<meta name=\"robots\" content=\"index, follow, max-snippet:-1, max-image-preview:large, max-video-preview:-1\" \/>\n<link rel=\"canonical\" href=\"https:\/\/www.sereni-d.com\/es\/produits\/chinches-anti-pic-corporal\/\" \/>\n<meta property=\"og:locale\" content=\"es_ES\" \/>\n<meta property=\"og:type\" content=\"article\" \/>\n<meta property=\"og:title\" content=\"CHINCHES ANTI-PIC corporal - Sereni-d\u00ae\" \/>\n<meta property=\"og:description\" content=\"Tratamiento corporal repelente ANTI-PICADURAS. 8 horas de protecci\u00f3n contra las picaduras. M\u00e1xima eficacia.\" \/>\n<meta property=\"og:url\" content=\"https:\/\/www.sereni-d.com\/es\/produits\/chinches-anti-pic-corporal\/\" \/>\n<meta property=\"og:site_name\" content=\"Sereni-d\u00ae\" \/>\n<meta property=\"article:publisher\" content=\"https:\/\/www.facebook.com\/SereniDsante\/\" \/>\n<meta property=\"article:modified_time\" content=\"2026-05-12T13:53:29+00:00\" \/>\n<meta property=\"og:image\" content=\"https:\/\/www.sereni-d.com\/wp-content\/uploads\/2024\/12\/ES_anti-pique-100ml-1-scaled.jpg\" \/>\n\t<meta property=\"og:image:width\" content=\"2560\" \/>\n\t<meta property=\"og:image:height\" content=\"2560\" \/>\n\t<meta property=\"og:image:type\" content=\"image\/jpeg\" \/>\n<meta name=\"twitter:card\" content=\"summary_large_image\" \/>\n<meta name=\"twitter:label1\" content=\"Tiempo de lectura\" \/>\n\t<meta name=\"twitter:data1\" content=\"2 minutos\" \/>\n<script type=\"application\/ld+json\" class=\"yoast-schema-graph\">{\"@context\":\"https:\\\/\\\/schema.org\",\"@graph\":[{\"@type\":\"WebPage\",\"@id\":\"https:\\\/\\\/www.sereni-d.com\\\/es\\\/produits\\\/chinches-anti-pic-corporal\\\/\",\"url\":\"https:\\\/\\\/www.sereni-d.com\\\/es\\\/produits\\\/chinches-anti-pic-corporal\\\/\",\"name\":\"CHINCHES ANTI-PIC corporal - Sereni-d\u00ae\",\"isPartOf\":{\"@id\":\"https:\\\/\\\/www.sereni-d.com\\\/es\\\/#website\"},\"primaryImageOfPage\":{\"@id\":\"https:\\\/\\\/www.sereni-d.com\\\/es\\\/produits\\\/chinches-anti-pic-corporal\\\/#primaryimage\"},\"image\":{\"@id\":\"https:\\\/\\\/www.sereni-d.com\\\/es\\\/produits\\\/chinches-anti-pic-corporal\\\/#primaryimage\"},\"thumbnailUrl\":\"https:\\\/\\\/www.sereni-d.com\\\/wp-content\\\/uploads\\\/2024\\\/12\\\/ES_anti-pique-100ml-1-scaled.jpg\",\"datePublished\":\"2023-06-26T19:23:03+00:00\",\"dateModified\":\"2026-05-12T13:53:29+00:00\",\"description\":\"Tratamiento corporal repelente ANTI-PICADURAS. 8 horas de protecci\u00f3n contra las picaduras. M\u00e1xima eficacia.\",\"breadcrumb\":{\"@id\":\"https:\\\/\\\/www.sereni-d.com\\\/es\\\/produits\\\/chinches-anti-pic-corporal\\\/#breadcrumb\"},\"inLanguage\":\"es\",\"potentialAction\":[{\"@type\":\"ReadAction\",\"target\":[\"https:\\\/\\\/www.sereni-d.com\\\/es\\\/produits\\\/chinches-anti-pic-corporal\\\/\"]}]},{\"@type\":\"ImageObject\",\"inLanguage\":\"es\",\"@id\":\"https:\\\/\\\/www.sereni-d.com\\\/es\\\/produits\\\/chinches-anti-pic-corporal\\\/#primaryimage\",\"url\":\"https:\\\/\\\/www.sereni-d.com\\\/wp-content\\\/uploads\\\/2024\\\/12\\\/ES_anti-pique-100ml-1-scaled.jpg\",\"contentUrl\":\"https:\\\/\\\/www.sereni-d.com\\\/wp-content\\\/uploads\\\/2024\\\/12\\\/ES_anti-pique-100ml-1-scaled.jpg\",\"width\":2560,\"height\":2560,\"caption\":\"Repelente corporal para chinches de cama\"},{\"@type\":\"BreadcrumbList\",\"@id\":\"https:\\\/\\\/www.sereni-d.com\\\/es\\\/produits\\\/chinches-anti-pic-corporal\\\/#breadcrumb\",\"itemListElement\":[{\"@type\":\"ListItem\",\"position\":1,\"name\":\"Inicio\",\"item\":\"https:\\\/\\\/www.sereni-d.com\\\/es\\\/\"},{\"@type\":\"ListItem\",\"position\":2,\"name\":\"Tienda\",\"item\":\"https:\\\/\\\/www.sereni-d.com\\\/es\\\/produits\\\/\"},{\"@type\":\"ListItem\",\"position\":3,\"name\":\"Punaise de lit\",\"item\":\"https:\\\/\\\/www.sereni-d.com\\\/categories\\\/punaise-de-lit\\\/\"},{\"@type\":\"ListItem\",\"position\":4,\"name\":\"Produits\",\"item\":\"https:\\\/\\\/www.sereni-d.com\\\/es\\\/categories\\\/produits-es\\\/\"},{\"@type\":\"ListItem\",\"position\":5,\"name\":\"CHINCHES ANTI-PIC corporal\"}]},{\"@type\":\"WebSite\",\"@id\":\"https:\\\/\\\/www.sereni-d.com\\\/es\\\/#website\",\"url\":\"https:\\\/\\\/www.sereni-d.com\\\/es\\\/\",\"name\":\"Sereni-d\u00ae\",\"description\":\"EXPERT Punaises de Lit - Laboratoire SUISSE - Traitements concentr\u00e9s contres les Punaises de Lit. Protection Longue Dur\u00e9e. Efficacit\u00e9 prouv\u00e9e, r\u00e9sultat maximal. Recommand\u00e9 par les professionnels.\",\"publisher\":{\"@id\":\"https:\\\/\\\/www.sereni-d.com\\\/es\\\/#organization\"},\"potentialAction\":[{\"@type\":\"SearchAction\",\"target\":{\"@type\":\"EntryPoint\",\"urlTemplate\":\"https:\\\/\\\/www.sereni-d.com\\\/es\\\/?s={search_term_string}\"},\"query-input\":{\"@type\":\"PropertyValueSpecification\",\"valueRequired\":true,\"valueName\":\"search_term_string\"}}],\"inLanguage\":\"es\"},{\"@type\":\"Organization\",\"@id\":\"https:\\\/\\\/www.sereni-d.com\\\/es\\\/#organization\",\"name\":\"Sereni-d\",\"url\":\"https:\\\/\\\/www.sereni-d.com\\\/es\\\/\",\"logo\":{\"@type\":\"ImageObject\",\"inLanguage\":\"es\",\"@id\":\"https:\\\/\\\/www.sereni-d.com\\\/es\\\/#\\\/schema\\\/logo\\\/image\\\/\",\"url\":\"\",\"contentUrl\":\"\",\"caption\":\"Sereni-d\"},\"image\":{\"@id\":\"https:\\\/\\\/www.sereni-d.com\\\/es\\\/#\\\/schema\\\/logo\\\/image\\\/\"},\"sameAs\":[\"https:\\\/\\\/www.facebook.com\\\/SereniDsante\\\/\",\"https:\\\/\\\/www.instagram.com\\\/serenidsante\\\/\"]}]}<\/script>\n<!-- \/ Yoast SEO plugin. -->","yoast_head_json":{"title":"CHINCHES ANTI-PIC corporal - Sereni-d\u00ae","description":"Tratamiento corporal repelente ANTI-PICADURAS. 8 horas de protecci\u00f3n contra las picaduras. M\u00e1xima eficacia.","robots":{"index":"index","follow":"follow","max-snippet":"max-snippet:-1","max-image-preview":"max-image-preview:large","max-video-preview":"max-video-preview:-1"},"canonical":"https:\/\/www.sereni-d.com\/es\/produits\/chinches-anti-pic-corporal\/","og_locale":"es_ES","og_type":"article","og_title":"CHINCHES ANTI-PIC corporal - Sereni-d\u00ae","og_description":"Tratamiento corporal repelente ANTI-PICADURAS. 8 horas de protecci\u00f3n contra las picaduras. M\u00e1xima eficacia.","og_url":"https:\/\/www.sereni-d.com\/es\/produits\/chinches-anti-pic-corporal\/","og_site_name":"Sereni-d\u00ae","article_publisher":"https:\/\/www.facebook.com\/SereniDsante\/","article_modified_time":"2026-05-12T13:53:29+00:00","og_image":[{"width":2560,"height":2560,"url":"https:\/\/www.sereni-d.com\/wp-content\/uploads\/2024\/12\/ES_anti-pique-100ml-1-scaled.jpg","type":"image\/jpeg"}],"twitter_card":"summary_large_image","twitter_misc":{"Tiempo de lectura":"2 minutos"},"schema":{"@context":"https:\/\/schema.org","@graph":[{"@type":"WebPage","@id":"https:\/\/www.sereni-d.com\/es\/produits\/chinches-anti-pic-corporal\/","url":"https:\/\/www.sereni-d.com\/es\/produits\/chinches-anti-pic-corporal\/","name":"CHINCHES ANTI-PIC corporal - Sereni-d\u00ae","isPartOf":{"@id":"https:\/\/www.sereni-d.com\/es\/#website"},"primaryImageOfPage":{"@id":"https:\/\/www.sereni-d.com\/es\/produits\/chinches-anti-pic-corporal\/#primaryimage"},"image":{"@id":"https:\/\/www.sereni-d.com\/es\/produits\/chinches-anti-pic-corporal\/#primaryimage"},"thumbnailUrl":"https:\/\/www.sereni-d.com\/wp-content\/uploads\/2024\/12\/ES_anti-pique-100ml-1-scaled.jpg","datePublished":"2023-06-26T19:23:03+00:00","dateModified":"2026-05-12T13:53:29+00:00","description":"Tratamiento corporal repelente ANTI-PICADURAS. 8 horas de protecci\u00f3n contra las picaduras. M\u00e1xima eficacia.","breadcrumb":{"@id":"https:\/\/www.sereni-d.com\/es\/produits\/chinches-anti-pic-corporal\/#breadcrumb"},"inLanguage":"es","potentialAction":[{"@type":"ReadAction","target":["https:\/\/www.sereni-d.com\/es\/produits\/chinches-anti-pic-corporal\/"]}]},{"@type":"ImageObject","inLanguage":"es","@id":"https:\/\/www.sereni-d.com\/es\/produits\/chinches-anti-pic-corporal\/#primaryimage","url":"https:\/\/www.sereni-d.com\/wp-content\/uploads\/2024\/12\/ES_anti-pique-100ml-1-scaled.jpg","contentUrl":"https:\/\/www.sereni-d.com\/wp-content\/uploads\/2024\/12\/ES_anti-pique-100ml-1-scaled.jpg","width":2560,"height":2560,"caption":"Repelente corporal para chinches de cama"},{"@type":"BreadcrumbList","@id":"https:\/\/www.sereni-d.com\/es\/produits\/chinches-anti-pic-corporal\/#breadcrumb","itemListElement":[{"@type":"ListItem","position":1,"name":"Inicio","item":"https:\/\/www.sereni-d.com\/es\/"},{"@type":"ListItem","position":2,"name":"Tienda","item":"https:\/\/www.sereni-d.com\/es\/produits\/"},{"@type":"ListItem","position":3,"name":"Punaise de lit","item":"https:\/\/www.sereni-d.com\/categories\/punaise-de-lit\/"},{"@type":"ListItem","position":4,"name":"Produits","item":"https:\/\/www.sereni-d.com\/es\/categories\/produits-es\/"},{"@type":"ListItem","position":5,"name":"CHINCHES ANTI-PIC corporal"}]},{"@type":"WebSite","@id":"https:\/\/www.sereni-d.com\/es\/#website","url":"https:\/\/www.sereni-d.com\/es\/","name":"Sereni-d\u00ae","description":"EXPERT Punaises de Lit - Laboratoire SUISSE - Traitements concentr\u00e9s contres les Punaises de Lit. Protection Longue Dur\u00e9e. Efficacit\u00e9 prouv\u00e9e, r\u00e9sultat maximal. Recommand\u00e9 par les professionnels.","publisher":{"@id":"https:\/\/www.sereni-d.com\/es\/#organization"},"potentialAction":[{"@type":"SearchAction","target":{"@type":"EntryPoint","urlTemplate":"https:\/\/www.sereni-d.com\/es\/?s={search_term_string}"},"query-input":{"@type":"PropertyValueSpecification","valueRequired":true,"valueName":"search_term_string"}}],"inLanguage":"es"},{"@type":"Organization","@id":"https:\/\/www.sereni-d.com\/es\/#organization","name":"Sereni-d","url":"https:\/\/www.sereni-d.com\/es\/","logo":{"@type":"ImageObject","inLanguage":"es","@id":"https:\/\/www.sereni-d.com\/es\/#\/schema\/logo\/image\/","url":"","contentUrl":"","caption":"Sereni-d"},"image":{"@id":"https:\/\/www.sereni-d.com\/es\/#\/schema\/logo\/image\/"},"sameAs":["https:\/\/www.facebook.com\/SereniDsante\/","https:\/\/www.instagram.com\/serenidsante\/"]}]}},"_links":{"self":[{"href":"https:\/\/www.sereni-d.com\/es\/wp-json\/wp\/v2\/product\/10590","targetHints":{"allow":["GET"]}}],"collection":[{"href":"https:\/\/www.sereni-d.com\/es\/wp-json\/wp\/v2\/product"}],"about":[{"href":"https:\/\/www.sereni-d.com\/es\/wp-json\/wp\/v2\/types\/product"}],"replies":[{"embeddable":true,"href":"https:\/\/www.sereni-d.com\/es\/wp-json\/wp\/v2\/comments?post=10590"}],"wp:featuredmedia":[{"embeddable":true,"href":"https:\/\/www.sereni-d.com\/es\/wp-json\/wp\/v2\/media\/10597"}],"wp:attachment":[{"href":"https:\/\/www.sereni-d.com\/es\/wp-json\/wp\/v2\/media?parent=10590"}],"wp:term":[{"taxonomy":"product_brand","embeddable":true,"href":"https:\/\/www.sereni-d.com\/es\/wp-json\/wp\/v2\/product_brand?post=10590"},{"taxonomy":"product_cat","embeddable":true,"href":"https:\/\/www.sereni-d.com\/es\/wp-json\/wp\/v2\/product_cat?post=10590"},{"taxonomy":"product_tag","embeddable":true,"href":"https:\/\/www.sereni-d.com\/es\/wp-json\/wp\/v2\/product_tag?post=10590"}],"curies":[{"name":"wp","href":"https:\/\/api.w.org\/{rel}","templated":true}]}}