{"id":10616,"date":"2023-09-26T17:51:17","date_gmt":"2023-09-26T15:51:17","guid":{"rendered":"https:\/\/www.sereni-d.com\/produits\/traitement-complet-punaises-de-lit-pack\/"},"modified":"2026-04-30T19:23:26","modified_gmt":"2026-04-30T17:23:26","slug":"pack-completo-de-tratamiento-contra-chinche","status":"publish","type":"product","link":"https:\/\/www.sereni-d.com\/es\/produits\/pack-completo-de-tratamiento-contra-chinche\/","title":{"rendered":"PACK COMPLETO DE TRATAMIENTO contra chinche"},"content":{"rendered":"<p>El PACK de <strong>Tratamiento Completo<\/strong> contra las Chinches ofrece una protecci\u00f3n completa contra las chinches.<\/p>\n<p>En caso de infestaci\u00f3n por chinches, se recomiendan m\u00e9todos y tratamientos paralelos para garantizar el m\u00e1ximo nivel de eficacia. Sereni-d ha desarrollado 3 m\u00e9todos complementarios para garantizar un alto grado de eficacia en la eliminaci\u00f3n del 100% de las chinches.<\/p>\n<ul>\n<li><a href=\"https:\/\/www.sereni-d.com\/es\/produits\/sos-punaises-de-lit-xxl\/\"><strong>SOS XXL<\/strong><\/a> es un insecticida de CHOQUE a base de aceites esenciales y sustancias activas de origen vegetal que elimina el 100% de las chinches.<\/li>\n<li><a href=\"https:\/\/www.sereni-d.com\/produits\/freeze-punaises-de-lit-spray-froid\/\"><strong>FREEZE<\/strong><\/a> aerosol es un tratamiento sin sustancias activas biocidas, que elimina el 100% de las chinches y huevos por congelaci\u00f3n en los espacios y superficies m\u00e1s sensibles, como colchones y dormitorios infantiles.<\/li>\n<li><a href=\"https:\/\/www.sereni-d.com\/produits\/terre-de-diatomee-punaises-de-lit\/\"><strong>El Aerosol de Tierra de Diatomeas<\/strong><\/a> es un tratamiento localizado y duradero (3 semanas) que seca las chinches sin efecto residual.<\/li>\n<\/ul>\n<p>Garant\u00eda de satisfacci\u00f3n <strong>Sereni-d\u00ae<\/strong>: Si no queda satisfecho con su compra, p\u00f3ngase en contacto con nosotros a trav\u00e9s de la p\u00e1gina <a title=\"Contact SERENI-D\" href=\"https:\/\/www.sereni-d.com\/es\/contacto\/\">de contacto<\/a> y le devolveremos el importe \u00edntegro.<\/p>\n","protected":false},"excerpt":{"rendered":"<p align=\"justify\">\u2022 Pack completo de tratamiento contra chinches<br \/>\n\u2022 M\u00e9todos complementarios de eliminaci\u00f3n de chinches<br \/>\n\u2022 Acci\u00f3n duradera<br \/>\n\u2022 M\u00e1s de 250.000 clientes satisfechos de Sereni-d<sup>\u00ae<\/sup><\/p>\n<p align=\"justify\"><strong>F\u00d3RMULAS CONCENTRADAS &#8211; M\u00c1XIMOS RESULTADOS<\/strong><\/p>\n","protected":false},"featured_media":10621,"comment_status":"open","ping_status":"closed","template":"","meta":{"_acf_changed":false,"_monsterinsights_skip_tracking":false,"_monsterinsights_sitenote_active":false,"_monsterinsights_sitenote_note":"","_monsterinsights_sitenote_category":0},"product_brand":[],"product_cat":[151],"product_tag":[],"class_list":{"0":"post-10616","1":"product","2":"type-product","3":"status-publish","4":"has-post-thumbnail","6":"product_cat-packs-es","8":"first","9":"instock","10":"taxable","11":"shipping-taxable","12":"purchasable","13":"product-type-simple"},"acf":[],"yoast_head":"<!-- This site is optimized with the Yoast SEO plugin v27.4 - https:\/\/yoast.com\/product\/yoast-seo-wordpress\/ -->\n<title>PACK COMPLETO DE TRATAMIENTO contra chinche - Sereni-d\u00ae<\/title>\n<meta name=\"description\" content=\"Descubra nuestro tratamiento completo contra las chinches. Una triple acci\u00f3n para un alto nivel de eficacia duradera.\" \/>\n<meta name=\"robots\" content=\"index, follow, max-snippet:-1, max-image-preview:large, max-video-preview:-1\" \/>\n<link rel=\"canonical\" href=\"https:\/\/www.sereni-d.com\/es\/produits\/pack-completo-de-tratamiento-contra-chinche\/\" \/>\n<meta property=\"og:locale\" content=\"es_ES\" \/>\n<meta property=\"og:type\" content=\"article\" \/>\n<meta property=\"og:title\" content=\"PACK COMPLETO DE TRATAMIENTO contra chinche - Sereni-d\u00ae\" \/>\n<meta property=\"og:description\" content=\"Descubra nuestro tratamiento completo contra las chinches. Una triple acci\u00f3n para un alto nivel de eficacia duradera.\" \/>\n<meta property=\"og:url\" content=\"https:\/\/www.sereni-d.com\/es\/produits\/pack-completo-de-tratamiento-contra-chinche\/\" \/>\n<meta property=\"og:site_name\" content=\"Sereni-d\u00ae\" \/>\n<meta property=\"article:publisher\" content=\"https:\/\/www.facebook.com\/SereniDsante\/\" \/>\n<meta property=\"article:modified_time\" content=\"2026-04-30T17:23:26+00:00\" \/>\n<meta property=\"og:image\" content=\"https:\/\/www.sereni-d.com\/wp-content\/uploads\/2024\/12\/ES_kit_SOS_POMPES-scaled.jpg\" \/>\n\t<meta property=\"og:image:width\" content=\"2560\" \/>\n\t<meta property=\"og:image:height\" content=\"2560\" \/>\n\t<meta property=\"og:image:type\" content=\"image\/jpeg\" \/>\n<meta name=\"twitter:card\" content=\"summary_large_image\" \/>\n<meta name=\"twitter:label1\" content=\"Tiempo de lectura\" \/>\n\t<meta name=\"twitter:data1\" content=\"2 minutos\" \/>\n<script type=\"application\/ld+json\" class=\"yoast-schema-graph\">{\"@context\":\"https:\\\/\\\/schema.org\",\"@graph\":[{\"@type\":\"WebPage\",\"@id\":\"https:\\\/\\\/www.sereni-d.com\\\/es\\\/produits\\\/pack-completo-de-tratamiento-contra-chinche\\\/\",\"url\":\"https:\\\/\\\/www.sereni-d.com\\\/es\\\/produits\\\/pack-completo-de-tratamiento-contra-chinche\\\/\",\"name\":\"PACK COMPLETO DE TRATAMIENTO contra chinche - Sereni-d\u00ae\",\"isPartOf\":{\"@id\":\"https:\\\/\\\/www.sereni-d.com\\\/es\\\/#website\"},\"primaryImageOfPage\":{\"@id\":\"https:\\\/\\\/www.sereni-d.com\\\/es\\\/produits\\\/pack-completo-de-tratamiento-contra-chinche\\\/#primaryimage\"},\"image\":{\"@id\":\"https:\\\/\\\/www.sereni-d.com\\\/es\\\/produits\\\/pack-completo-de-tratamiento-contra-chinche\\\/#primaryimage\"},\"thumbnailUrl\":\"https:\\\/\\\/www.sereni-d.com\\\/wp-content\\\/uploads\\\/2024\\\/12\\\/ES_kit_SOS_POMPES-scaled.jpg\",\"datePublished\":\"2023-09-26T15:51:17+00:00\",\"dateModified\":\"2026-04-30T17:23:26+00:00\",\"description\":\"Descubra nuestro tratamiento completo contra las chinches. Una triple acci\u00f3n para un alto nivel de eficacia duradera.\",\"breadcrumb\":{\"@id\":\"https:\\\/\\\/www.sereni-d.com\\\/es\\\/produits\\\/pack-completo-de-tratamiento-contra-chinche\\\/#breadcrumb\"},\"inLanguage\":\"es\",\"potentialAction\":[{\"@type\":\"ReadAction\",\"target\":[\"https:\\\/\\\/www.sereni-d.com\\\/es\\\/produits\\\/pack-completo-de-tratamiento-contra-chinche\\\/\"]}]},{\"@type\":\"ImageObject\",\"inLanguage\":\"es\",\"@id\":\"https:\\\/\\\/www.sereni-d.com\\\/es\\\/produits\\\/pack-completo-de-tratamiento-contra-chinche\\\/#primaryimage\",\"url\":\"https:\\\/\\\/www.sereni-d.com\\\/wp-content\\\/uploads\\\/2024\\\/12\\\/ES_kit_SOS_POMPES-scaled.jpg\",\"contentUrl\":\"https:\\\/\\\/www.sereni-d.com\\\/wp-content\\\/uploads\\\/2024\\\/12\\\/ES_kit_SOS_POMPES-scaled.jpg\",\"width\":2560,\"height\":2560,\"caption\":\"tratamiento completo contra las chinches\"},{\"@type\":\"BreadcrumbList\",\"@id\":\"https:\\\/\\\/www.sereni-d.com\\\/es\\\/produits\\\/pack-completo-de-tratamiento-contra-chinche\\\/#breadcrumb\",\"itemListElement\":[{\"@type\":\"ListItem\",\"position\":1,\"name\":\"Inicio\",\"item\":\"https:\\\/\\\/www.sereni-d.com\\\/es\\\/\"},{\"@type\":\"ListItem\",\"position\":2,\"name\":\"Tienda\",\"item\":\"https:\\\/\\\/www.sereni-d.com\\\/es\\\/produits\\\/\"},{\"@type\":\"ListItem\",\"position\":3,\"name\":\"Punaise de lit\",\"item\":\"https:\\\/\\\/www.sereni-d.com\\\/categories\\\/punaise-de-lit\\\/\"},{\"@type\":\"ListItem\",\"position\":4,\"name\":\"Packs\",\"item\":\"https:\\\/\\\/www.sereni-d.com\\\/es\\\/categories\\\/packs-es\\\/\"},{\"@type\":\"ListItem\",\"position\":5,\"name\":\"PACK COMPLETO DE TRATAMIENTO contra chinche\"}]},{\"@type\":\"WebSite\",\"@id\":\"https:\\\/\\\/www.sereni-d.com\\\/es\\\/#website\",\"url\":\"https:\\\/\\\/www.sereni-d.com\\\/es\\\/\",\"name\":\"Sereni-d\u00ae\",\"description\":\"EXPERT Punaises de Lit - Laboratoire SUISSE - Traitements concentr\u00e9s contres les Punaises de Lit. Protection Longue Dur\u00e9e. Efficacit\u00e9 prouv\u00e9e, r\u00e9sultat maximal. Recommand\u00e9 par les professionnels.\",\"publisher\":{\"@id\":\"https:\\\/\\\/www.sereni-d.com\\\/es\\\/#organization\"},\"potentialAction\":[{\"@type\":\"SearchAction\",\"target\":{\"@type\":\"EntryPoint\",\"urlTemplate\":\"https:\\\/\\\/www.sereni-d.com\\\/es\\\/?s={search_term_string}\"},\"query-input\":{\"@type\":\"PropertyValueSpecification\",\"valueRequired\":true,\"valueName\":\"search_term_string\"}}],\"inLanguage\":\"es\"},{\"@type\":\"Organization\",\"@id\":\"https:\\\/\\\/www.sereni-d.com\\\/es\\\/#organization\",\"name\":\"Sereni-d\",\"url\":\"https:\\\/\\\/www.sereni-d.com\\\/es\\\/\",\"logo\":{\"@type\":\"ImageObject\",\"inLanguage\":\"es\",\"@id\":\"https:\\\/\\\/www.sereni-d.com\\\/es\\\/#\\\/schema\\\/logo\\\/image\\\/\",\"url\":\"\",\"contentUrl\":\"\",\"caption\":\"Sereni-d\"},\"image\":{\"@id\":\"https:\\\/\\\/www.sereni-d.com\\\/es\\\/#\\\/schema\\\/logo\\\/image\\\/\"},\"sameAs\":[\"https:\\\/\\\/www.facebook.com\\\/SereniDsante\\\/\",\"https:\\\/\\\/www.instagram.com\\\/serenidsante\\\/\"]}]}<\/script>\n<!-- \/ Yoast SEO plugin. -->","yoast_head_json":{"title":"PACK COMPLETO DE TRATAMIENTO contra chinche - Sereni-d\u00ae","description":"Descubra nuestro tratamiento completo contra las chinches. Una triple acci\u00f3n para un alto nivel de eficacia duradera.","robots":{"index":"index","follow":"follow","max-snippet":"max-snippet:-1","max-image-preview":"max-image-preview:large","max-video-preview":"max-video-preview:-1"},"canonical":"https:\/\/www.sereni-d.com\/es\/produits\/pack-completo-de-tratamiento-contra-chinche\/","og_locale":"es_ES","og_type":"article","og_title":"PACK COMPLETO DE TRATAMIENTO contra chinche - Sereni-d\u00ae","og_description":"Descubra nuestro tratamiento completo contra las chinches. Una triple acci\u00f3n para un alto nivel de eficacia duradera.","og_url":"https:\/\/www.sereni-d.com\/es\/produits\/pack-completo-de-tratamiento-contra-chinche\/","og_site_name":"Sereni-d\u00ae","article_publisher":"https:\/\/www.facebook.com\/SereniDsante\/","article_modified_time":"2026-04-30T17:23:26+00:00","og_image":[{"width":2560,"height":2560,"url":"https:\/\/www.sereni-d.com\/wp-content\/uploads\/2024\/12\/ES_kit_SOS_POMPES-scaled.jpg","type":"image\/jpeg"}],"twitter_card":"summary_large_image","twitter_misc":{"Tiempo de lectura":"2 minutos"},"schema":{"@context":"https:\/\/schema.org","@graph":[{"@type":"WebPage","@id":"https:\/\/www.sereni-d.com\/es\/produits\/pack-completo-de-tratamiento-contra-chinche\/","url":"https:\/\/www.sereni-d.com\/es\/produits\/pack-completo-de-tratamiento-contra-chinche\/","name":"PACK COMPLETO DE TRATAMIENTO contra chinche - Sereni-d\u00ae","isPartOf":{"@id":"https:\/\/www.sereni-d.com\/es\/#website"},"primaryImageOfPage":{"@id":"https:\/\/www.sereni-d.com\/es\/produits\/pack-completo-de-tratamiento-contra-chinche\/#primaryimage"},"image":{"@id":"https:\/\/www.sereni-d.com\/es\/produits\/pack-completo-de-tratamiento-contra-chinche\/#primaryimage"},"thumbnailUrl":"https:\/\/www.sereni-d.com\/wp-content\/uploads\/2024\/12\/ES_kit_SOS_POMPES-scaled.jpg","datePublished":"2023-09-26T15:51:17+00:00","dateModified":"2026-04-30T17:23:26+00:00","description":"Descubra nuestro tratamiento completo contra las chinches. Una triple acci\u00f3n para un alto nivel de eficacia duradera.","breadcrumb":{"@id":"https:\/\/www.sereni-d.com\/es\/produits\/pack-completo-de-tratamiento-contra-chinche\/#breadcrumb"},"inLanguage":"es","potentialAction":[{"@type":"ReadAction","target":["https:\/\/www.sereni-d.com\/es\/produits\/pack-completo-de-tratamiento-contra-chinche\/"]}]},{"@type":"ImageObject","inLanguage":"es","@id":"https:\/\/www.sereni-d.com\/es\/produits\/pack-completo-de-tratamiento-contra-chinche\/#primaryimage","url":"https:\/\/www.sereni-d.com\/wp-content\/uploads\/2024\/12\/ES_kit_SOS_POMPES-scaled.jpg","contentUrl":"https:\/\/www.sereni-d.com\/wp-content\/uploads\/2024\/12\/ES_kit_SOS_POMPES-scaled.jpg","width":2560,"height":2560,"caption":"tratamiento completo contra las chinches"},{"@type":"BreadcrumbList","@id":"https:\/\/www.sereni-d.com\/es\/produits\/pack-completo-de-tratamiento-contra-chinche\/#breadcrumb","itemListElement":[{"@type":"ListItem","position":1,"name":"Inicio","item":"https:\/\/www.sereni-d.com\/es\/"},{"@type":"ListItem","position":2,"name":"Tienda","item":"https:\/\/www.sereni-d.com\/es\/produits\/"},{"@type":"ListItem","position":3,"name":"Punaise de lit","item":"https:\/\/www.sereni-d.com\/categories\/punaise-de-lit\/"},{"@type":"ListItem","position":4,"name":"Packs","item":"https:\/\/www.sereni-d.com\/es\/categories\/packs-es\/"},{"@type":"ListItem","position":5,"name":"PACK COMPLETO DE TRATAMIENTO contra chinche"}]},{"@type":"WebSite","@id":"https:\/\/www.sereni-d.com\/es\/#website","url":"https:\/\/www.sereni-d.com\/es\/","name":"Sereni-d\u00ae","description":"EXPERT Punaises de Lit - Laboratoire SUISSE - Traitements concentr\u00e9s contres les Punaises de Lit. Protection Longue Dur\u00e9e. Efficacit\u00e9 prouv\u00e9e, r\u00e9sultat maximal. Recommand\u00e9 par les professionnels.","publisher":{"@id":"https:\/\/www.sereni-d.com\/es\/#organization"},"potentialAction":[{"@type":"SearchAction","target":{"@type":"EntryPoint","urlTemplate":"https:\/\/www.sereni-d.com\/es\/?s={search_term_string}"},"query-input":{"@type":"PropertyValueSpecification","valueRequired":true,"valueName":"search_term_string"}}],"inLanguage":"es"},{"@type":"Organization","@id":"https:\/\/www.sereni-d.com\/es\/#organization","name":"Sereni-d","url":"https:\/\/www.sereni-d.com\/es\/","logo":{"@type":"ImageObject","inLanguage":"es","@id":"https:\/\/www.sereni-d.com\/es\/#\/schema\/logo\/image\/","url":"","contentUrl":"","caption":"Sereni-d"},"image":{"@id":"https:\/\/www.sereni-d.com\/es\/#\/schema\/logo\/image\/"},"sameAs":["https:\/\/www.facebook.com\/SereniDsante\/","https:\/\/www.instagram.com\/serenidsante\/"]}]}},"_links":{"self":[{"href":"https:\/\/www.sereni-d.com\/es\/wp-json\/wp\/v2\/product\/10616","targetHints":{"allow":["GET"]}}],"collection":[{"href":"https:\/\/www.sereni-d.com\/es\/wp-json\/wp\/v2\/product"}],"about":[{"href":"https:\/\/www.sereni-d.com\/es\/wp-json\/wp\/v2\/types\/product"}],"replies":[{"embeddable":true,"href":"https:\/\/www.sereni-d.com\/es\/wp-json\/wp\/v2\/comments?post=10616"}],"wp:featuredmedia":[{"embeddable":true,"href":"https:\/\/www.sereni-d.com\/es\/wp-json\/wp\/v2\/media\/10621"}],"wp:attachment":[{"href":"https:\/\/www.sereni-d.com\/es\/wp-json\/wp\/v2\/media?parent=10616"}],"wp:term":[{"taxonomy":"product_brand","embeddable":true,"href":"https:\/\/www.sereni-d.com\/es\/wp-json\/wp\/v2\/product_brand?post=10616"},{"taxonomy":"product_cat","embeddable":true,"href":"https:\/\/www.sereni-d.com\/es\/wp-json\/wp\/v2\/product_cat?post=10616"},{"taxonomy":"product_tag","embeddable":true,"href":"https:\/\/www.sereni-d.com\/es\/wp-json\/wp\/v2\/product_tag?post=10616"}],"curies":[{"name":"wp","href":"https:\/\/api.w.org\/{rel}","templated":true}]}}