{"id":10627,"date":"2024-05-08T10:33:57","date_gmt":"2024-05-08T08:33:57","guid":{"rendered":"https:\/\/www.sereni-d.com\/produits\/freeze-punaises-de-lit-spray-froid\/"},"modified":"2026-05-12T16:04:48","modified_gmt":"2026-05-12T14:04:48","slug":"freeze-chinches","status":"publish","type":"product","link":"https:\/\/www.sereni-d.com\/es\/produits\/freeze-chinches\/","title":{"rendered":"FREEZE  Chinches"},"content":{"rendered":"<p><strong>FREEZE <\/strong><strong>tratamiento de las chinches<\/strong><strong>\u00a0<\/strong>es un aerosol listo para usar basado en principios inspirados en la naturaleza y especialmente desarrollado para matar las chinches de cama y sus huevos como medida curativa de uso directo.<\/p>\n<p>Su <b>f\u00f3rmula congelante <\/b>a -40\u00b0C garantiza la destrucci\u00f3n mec\u00e1nica de las chinches en todas las fases de desarrollo (huevos, larvas, adultos) gracias a una <strong>acci\u00f3n rel\u00e1mpago<\/strong> que las neutraliza y destruye instant\u00e1neamente.<\/p>\n<p>El aerosol FREEZE no contiene sustancias biocidas activas, y es una soluci\u00f3n<strong>100% natural<\/strong> para<strong>eliminar las chinches de la<\/strong> cama utilizando el<strong>efecto del fr\u00edo<\/strong>. Su f\u00f3rmula tiene un <strong>efecto de SHOCK inmediato<\/strong> sobre las chinches.<\/p>\n<p>Pulverizado sobre las chinches y sus nidos, <strong>el efecto criog\u00e9nico del spray las paraliza y mata brutalmente<\/strong>. El efecto de congelaci\u00f3n t\u00e9rmica <strong>no<\/strong> conoce <strong>resistencia<\/strong> en las chinches.<\/p>\n<p>Tambi\u00e9n es eficaz contra otros insectos rastreros y voladores del hogar, como <strong>hormigas, ara\u00f1as, \u00e1caros, pulgas, pececillos de plata, polillas, piojos, mosquitos, avispas, moscas<\/strong>, etc.<\/p>\n<p>El aerosol FREEZE es su mejor aliado en caso de infestaci\u00f3n o ante la m\u00e1s m\u00ednima duda sobre la presencia de chinches, larvas o huevos. <strong>Complementa los <a href=\"https:\/\/www.sereni-d.com\/es\/produits\/sos-punaises-de-lit-xxl\/\">tratamientos contra chinches SOS<\/a> y TERRE de DIATOMEE<\/strong>. Al <strong>no<\/strong> contener <strong>productos qu\u00edmicos<\/strong> ni <strong>sustancias t\u00f3xicas persistentes<\/strong>, es ideal para tratar <strong>superficies sensibles<\/strong> como la habitaci\u00f3n de un beb\u00e9, el colch\u00f3n, el sof\u00e1 o la cocina, <strong>sin comprometer su salud<\/strong> ni la de su familia. Tambi\u00e9n es ideal para tratar <strong>zonas de dif\u00edcil acceso<\/strong> como z\u00f3calos, grietas y los extremos de las lamas de los somieres.<\/p>\n<p>Garant\u00eda de satisfacci\u00f3n <strong>Sereni-d\u00ae<\/strong>: Si no queda satisfecho con su compra, p\u00f3ngase en contacto con nosotros a trav\u00e9s de la p\u00e1gina <a title=\"Contact SERENI-D\" href=\"https:\/\/www.sereni-d.com\/es\/contacto\/\">de contacto<\/a> y le devolveremos el importe \u00edntegro.<\/p>\n","protected":false},"excerpt":{"rendered":"<p align=\"justify\">\u2022 Tratamiento rel\u00e1mpago natural para chinches<br \/>\n\u2022 Mata el 100% de las chinches (huevos, larvas, adultos) por congelaci\u00f3n<br \/>\n\u2022 Protecci\u00f3n inmediata y no da\u00f1ina para usted y su familia<br \/>\n\u2022 M\u00e1s de 250.000 clientes satisfechos de Sereni-d<sup>\u00ae<\/sup><\/p>\n<p align=\"justify\"><strong>SPRAY CONGELADOR -40\u00b0C &#8211; RESULTADOS INSTANT\u00c1NEOS<\/strong><\/p>\n","protected":false},"featured_media":10628,"comment_status":"open","ping_status":"closed","template":"","meta":{"_acf_changed":false,"_monsterinsights_skip_tracking":false,"_monsterinsights_sitenote_active":false,"_monsterinsights_sitenote_note":"","_monsterinsights_sitenote_category":0},"product_brand":[],"product_cat":[137],"product_tag":[],"class_list":{"0":"post-10627","1":"product","2":"type-product","3":"status-publish","4":"has-post-thumbnail","6":"product_cat-produits-es","8":"first","9":"instock","10":"taxable","11":"shipping-taxable","12":"purchasable","13":"product-type-simple"},"acf":[],"yoast_head":"<!-- This site is optimized with the Yoast SEO plugin v27.4 - https:\/\/yoast.com\/product\/yoast-seo-wordpress\/ -->\n<title>FREEZE - Tratamiento chinches congelador- Sereni-d\u00ae<\/title>\n<meta name=\"description\" content=\"Spray congelador a -40\u00b0C. Mata las chinches y sus huevos por congelaci\u00f3n. Efecto de choque sin productos qu\u00edmicos\" \/>\n<meta name=\"robots\" content=\"index, follow, max-snippet:-1, max-image-preview:large, max-video-preview:-1\" \/>\n<link rel=\"canonical\" href=\"https:\/\/www.sereni-d.com\/es\/produits\/freeze-chinches\/\" \/>\n<meta property=\"og:locale\" content=\"es_ES\" \/>\n<meta property=\"og:type\" content=\"article\" \/>\n<meta property=\"og:title\" content=\"FREEZE - Tratamiento chinches congelador- Sereni-d\u00ae\" \/>\n<meta property=\"og:description\" content=\"Spray congelador a -40\u00b0C. Mata las chinches y sus huevos por congelaci\u00f3n. Efecto de choque sin productos qu\u00edmicos\" \/>\n<meta property=\"og:url\" content=\"https:\/\/www.sereni-d.com\/es\/produits\/freeze-chinches\/\" \/>\n<meta property=\"og:site_name\" content=\"Sereni-d\u00ae\" \/>\n<meta property=\"article:publisher\" content=\"https:\/\/www.facebook.com\/SereniDsante\/\" \/>\n<meta property=\"article:modified_time\" content=\"2026-05-12T14:04:48+00:00\" \/>\n<meta property=\"og:image\" content=\"https:\/\/www.sereni-d.com\/wp-content\/uploads\/2024\/12\/ES_freeze-400ml_-scaled.jpg\" \/>\n\t<meta property=\"og:image:width\" content=\"2560\" \/>\n\t<meta property=\"og:image:height\" content=\"2560\" \/>\n\t<meta property=\"og:image:type\" content=\"image\/jpeg\" \/>\n<meta name=\"twitter:card\" content=\"summary_large_image\" \/>\n<meta name=\"twitter:label1\" content=\"Tiempo de lectura\" \/>\n\t<meta name=\"twitter:data1\" content=\"2 minutos\" \/>\n<script type=\"application\/ld+json\" class=\"yoast-schema-graph\">{\"@context\":\"https:\\\/\\\/schema.org\",\"@graph\":[{\"@type\":\"WebPage\",\"@id\":\"https:\\\/\\\/www.sereni-d.com\\\/es\\\/produits\\\/freeze-chinches\\\/\",\"url\":\"https:\\\/\\\/www.sereni-d.com\\\/es\\\/produits\\\/freeze-chinches\\\/\",\"name\":\"FREEZE - Tratamiento chinches congelador- Sereni-d\u00ae\",\"isPartOf\":{\"@id\":\"https:\\\/\\\/www.sereni-d.com\\\/es\\\/#website\"},\"primaryImageOfPage\":{\"@id\":\"https:\\\/\\\/www.sereni-d.com\\\/es\\\/produits\\\/freeze-chinches\\\/#primaryimage\"},\"image\":{\"@id\":\"https:\\\/\\\/www.sereni-d.com\\\/es\\\/produits\\\/freeze-chinches\\\/#primaryimage\"},\"thumbnailUrl\":\"https:\\\/\\\/www.sereni-d.com\\\/wp-content\\\/uploads\\\/2024\\\/12\\\/ES_freeze-400ml_-scaled.jpg\",\"datePublished\":\"2024-05-08T08:33:57+00:00\",\"dateModified\":\"2026-05-12T14:04:48+00:00\",\"description\":\"Spray congelador a -40\u00b0C. Mata las chinches y sus huevos por congelaci\u00f3n. Efecto de choque sin productos qu\u00edmicos\",\"breadcrumb\":{\"@id\":\"https:\\\/\\\/www.sereni-d.com\\\/es\\\/produits\\\/freeze-chinches\\\/#breadcrumb\"},\"inLanguage\":\"es\",\"potentialAction\":[{\"@type\":\"ReadAction\",\"target\":[\"https:\\\/\\\/www.sereni-d.com\\\/es\\\/produits\\\/freeze-chinches\\\/\"]}]},{\"@type\":\"ImageObject\",\"inLanguage\":\"es\",\"@id\":\"https:\\\/\\\/www.sereni-d.com\\\/es\\\/produits\\\/freeze-chinches\\\/#primaryimage\",\"url\":\"https:\\\/\\\/www.sereni-d.com\\\/wp-content\\\/uploads\\\/2024\\\/12\\\/ES_freeze-400ml_-scaled.jpg\",\"contentUrl\":\"https:\\\/\\\/www.sereni-d.com\\\/wp-content\\\/uploads\\\/2024\\\/12\\\/ES_freeze-400ml_-scaled.jpg\",\"width\":2560,\"height\":2560,\"caption\":\"Aerosol FREEZE crio chinches\"},{\"@type\":\"BreadcrumbList\",\"@id\":\"https:\\\/\\\/www.sereni-d.com\\\/es\\\/produits\\\/freeze-chinches\\\/#breadcrumb\",\"itemListElement\":[{\"@type\":\"ListItem\",\"position\":1,\"name\":\"Inicio\",\"item\":\"https:\\\/\\\/www.sereni-d.com\\\/es\\\/\"},{\"@type\":\"ListItem\",\"position\":2,\"name\":\"Tienda\",\"item\":\"https:\\\/\\\/www.sereni-d.com\\\/es\\\/produits\\\/\"},{\"@type\":\"ListItem\",\"position\":3,\"name\":\"Punaise de lit\",\"item\":\"https:\\\/\\\/www.sereni-d.com\\\/categories\\\/punaise-de-lit\\\/\"},{\"@type\":\"ListItem\",\"position\":4,\"name\":\"Produits\",\"item\":\"https:\\\/\\\/www.sereni-d.com\\\/es\\\/categories\\\/produits-es\\\/\"},{\"@type\":\"ListItem\",\"position\":5,\"name\":\"FREEZE Chinches\"}]},{\"@type\":\"WebSite\",\"@id\":\"https:\\\/\\\/www.sereni-d.com\\\/es\\\/#website\",\"url\":\"https:\\\/\\\/www.sereni-d.com\\\/es\\\/\",\"name\":\"Sereni-d\u00ae\",\"description\":\"EXPERT Punaises de Lit - Laboratoire SUISSE - Traitements concentr\u00e9s contres les Punaises de Lit. Protection Longue Dur\u00e9e. Efficacit\u00e9 prouv\u00e9e, r\u00e9sultat maximal. Recommand\u00e9 par les professionnels.\",\"publisher\":{\"@id\":\"https:\\\/\\\/www.sereni-d.com\\\/es\\\/#organization\"},\"potentialAction\":[{\"@type\":\"SearchAction\",\"target\":{\"@type\":\"EntryPoint\",\"urlTemplate\":\"https:\\\/\\\/www.sereni-d.com\\\/es\\\/?s={search_term_string}\"},\"query-input\":{\"@type\":\"PropertyValueSpecification\",\"valueRequired\":true,\"valueName\":\"search_term_string\"}}],\"inLanguage\":\"es\"},{\"@type\":\"Organization\",\"@id\":\"https:\\\/\\\/www.sereni-d.com\\\/es\\\/#organization\",\"name\":\"Sereni-d\",\"url\":\"https:\\\/\\\/www.sereni-d.com\\\/es\\\/\",\"logo\":{\"@type\":\"ImageObject\",\"inLanguage\":\"es\",\"@id\":\"https:\\\/\\\/www.sereni-d.com\\\/es\\\/#\\\/schema\\\/logo\\\/image\\\/\",\"url\":\"\",\"contentUrl\":\"\",\"caption\":\"Sereni-d\"},\"image\":{\"@id\":\"https:\\\/\\\/www.sereni-d.com\\\/es\\\/#\\\/schema\\\/logo\\\/image\\\/\"},\"sameAs\":[\"https:\\\/\\\/www.facebook.com\\\/SereniDsante\\\/\",\"https:\\\/\\\/www.instagram.com\\\/serenidsante\\\/\"]}]}<\/script>\n<!-- \/ Yoast SEO plugin. -->","yoast_head_json":{"title":"FREEZE - Tratamiento chinches congelador- Sereni-d\u00ae","description":"Spray congelador a -40\u00b0C. Mata las chinches y sus huevos por congelaci\u00f3n. Efecto de choque sin productos qu\u00edmicos","robots":{"index":"index","follow":"follow","max-snippet":"max-snippet:-1","max-image-preview":"max-image-preview:large","max-video-preview":"max-video-preview:-1"},"canonical":"https:\/\/www.sereni-d.com\/es\/produits\/freeze-chinches\/","og_locale":"es_ES","og_type":"article","og_title":"FREEZE - Tratamiento chinches congelador- Sereni-d\u00ae","og_description":"Spray congelador a -40\u00b0C. Mata las chinches y sus huevos por congelaci\u00f3n. Efecto de choque sin productos qu\u00edmicos","og_url":"https:\/\/www.sereni-d.com\/es\/produits\/freeze-chinches\/","og_site_name":"Sereni-d\u00ae","article_publisher":"https:\/\/www.facebook.com\/SereniDsante\/","article_modified_time":"2026-05-12T14:04:48+00:00","og_image":[{"width":2560,"height":2560,"url":"https:\/\/www.sereni-d.com\/wp-content\/uploads\/2024\/12\/ES_freeze-400ml_-scaled.jpg","type":"image\/jpeg"}],"twitter_card":"summary_large_image","twitter_misc":{"Tiempo de lectura":"2 minutos"},"schema":{"@context":"https:\/\/schema.org","@graph":[{"@type":"WebPage","@id":"https:\/\/www.sereni-d.com\/es\/produits\/freeze-chinches\/","url":"https:\/\/www.sereni-d.com\/es\/produits\/freeze-chinches\/","name":"FREEZE - Tratamiento chinches congelador- Sereni-d\u00ae","isPartOf":{"@id":"https:\/\/www.sereni-d.com\/es\/#website"},"primaryImageOfPage":{"@id":"https:\/\/www.sereni-d.com\/es\/produits\/freeze-chinches\/#primaryimage"},"image":{"@id":"https:\/\/www.sereni-d.com\/es\/produits\/freeze-chinches\/#primaryimage"},"thumbnailUrl":"https:\/\/www.sereni-d.com\/wp-content\/uploads\/2024\/12\/ES_freeze-400ml_-scaled.jpg","datePublished":"2024-05-08T08:33:57+00:00","dateModified":"2026-05-12T14:04:48+00:00","description":"Spray congelador a -40\u00b0C. Mata las chinches y sus huevos por congelaci\u00f3n. Efecto de choque sin productos qu\u00edmicos","breadcrumb":{"@id":"https:\/\/www.sereni-d.com\/es\/produits\/freeze-chinches\/#breadcrumb"},"inLanguage":"es","potentialAction":[{"@type":"ReadAction","target":["https:\/\/www.sereni-d.com\/es\/produits\/freeze-chinches\/"]}]},{"@type":"ImageObject","inLanguage":"es","@id":"https:\/\/www.sereni-d.com\/es\/produits\/freeze-chinches\/#primaryimage","url":"https:\/\/www.sereni-d.com\/wp-content\/uploads\/2024\/12\/ES_freeze-400ml_-scaled.jpg","contentUrl":"https:\/\/www.sereni-d.com\/wp-content\/uploads\/2024\/12\/ES_freeze-400ml_-scaled.jpg","width":2560,"height":2560,"caption":"Aerosol FREEZE crio chinches"},{"@type":"BreadcrumbList","@id":"https:\/\/www.sereni-d.com\/es\/produits\/freeze-chinches\/#breadcrumb","itemListElement":[{"@type":"ListItem","position":1,"name":"Inicio","item":"https:\/\/www.sereni-d.com\/es\/"},{"@type":"ListItem","position":2,"name":"Tienda","item":"https:\/\/www.sereni-d.com\/es\/produits\/"},{"@type":"ListItem","position":3,"name":"Punaise de lit","item":"https:\/\/www.sereni-d.com\/categories\/punaise-de-lit\/"},{"@type":"ListItem","position":4,"name":"Produits","item":"https:\/\/www.sereni-d.com\/es\/categories\/produits-es\/"},{"@type":"ListItem","position":5,"name":"FREEZE Chinches"}]},{"@type":"WebSite","@id":"https:\/\/www.sereni-d.com\/es\/#website","url":"https:\/\/www.sereni-d.com\/es\/","name":"Sereni-d\u00ae","description":"EXPERT Punaises de Lit - Laboratoire SUISSE - Traitements concentr\u00e9s contres les Punaises de Lit. Protection Longue Dur\u00e9e. Efficacit\u00e9 prouv\u00e9e, r\u00e9sultat maximal. Recommand\u00e9 par les professionnels.","publisher":{"@id":"https:\/\/www.sereni-d.com\/es\/#organization"},"potentialAction":[{"@type":"SearchAction","target":{"@type":"EntryPoint","urlTemplate":"https:\/\/www.sereni-d.com\/es\/?s={search_term_string}"},"query-input":{"@type":"PropertyValueSpecification","valueRequired":true,"valueName":"search_term_string"}}],"inLanguage":"es"},{"@type":"Organization","@id":"https:\/\/www.sereni-d.com\/es\/#organization","name":"Sereni-d","url":"https:\/\/www.sereni-d.com\/es\/","logo":{"@type":"ImageObject","inLanguage":"es","@id":"https:\/\/www.sereni-d.com\/es\/#\/schema\/logo\/image\/","url":"","contentUrl":"","caption":"Sereni-d"},"image":{"@id":"https:\/\/www.sereni-d.com\/es\/#\/schema\/logo\/image\/"},"sameAs":["https:\/\/www.facebook.com\/SereniDsante\/","https:\/\/www.instagram.com\/serenidsante\/"]}]}},"_links":{"self":[{"href":"https:\/\/www.sereni-d.com\/es\/wp-json\/wp\/v2\/product\/10627","targetHints":{"allow":["GET"]}}],"collection":[{"href":"https:\/\/www.sereni-d.com\/es\/wp-json\/wp\/v2\/product"}],"about":[{"href":"https:\/\/www.sereni-d.com\/es\/wp-json\/wp\/v2\/types\/product"}],"replies":[{"embeddable":true,"href":"https:\/\/www.sereni-d.com\/es\/wp-json\/wp\/v2\/comments?post=10627"}],"wp:featuredmedia":[{"embeddable":true,"href":"https:\/\/www.sereni-d.com\/es\/wp-json\/wp\/v2\/media\/10628"}],"wp:attachment":[{"href":"https:\/\/www.sereni-d.com\/es\/wp-json\/wp\/v2\/media?parent=10627"}],"wp:term":[{"taxonomy":"product_brand","embeddable":true,"href":"https:\/\/www.sereni-d.com\/es\/wp-json\/wp\/v2\/product_brand?post=10627"},{"taxonomy":"product_cat","embeddable":true,"href":"https:\/\/www.sereni-d.com\/es\/wp-json\/wp\/v2\/product_cat?post=10627"},{"taxonomy":"product_tag","embeddable":true,"href":"https:\/\/www.sereni-d.com\/es\/wp-json\/wp\/v2\/product_tag?post=10627"}],"curies":[{"name":"wp","href":"https:\/\/api.w.org\/{rel}","templated":true}]}}