{"id":10635,"date":"2024-05-08T11:30:11","date_gmt":"2024-05-08T09:30:11","guid":{"rendered":"https:\/\/www.sereni-d.com\/produits\/terre-de-diatomee-punaises-de-lit\/"},"modified":"2026-04-17T04:23:26","modified_gmt":"2026-04-17T02:23:26","slug":"tierra-de-diatomeas-chinches","status":"publish","type":"product","link":"https:\/\/www.sereni-d.com\/es\/produits\/tierra-de-diatomeas-chinches\/","title":{"rendered":"TIERRA DE DIATOMEAS Chinches"},"content":{"rendered":"<p><strong>TIERRA DE DIATOMEAS tratamiento de las chinches <\/strong>\u00a0es un aerosol listo para usar basado en principios inspirados en la naturaleza, especialmente desarrollado para combatir las chinches de cama como medida preventiva y curativa.<\/p>\n<p>Su f\u00f3rmula, a base de tierra de diatomeas y compuesta por f\u00f3siles de algas microsc\u00f3picas, garantiza la <strong>destrucci\u00f3n de las chinches en todas las fases de desarrollo<\/strong> (huevos, larvas y adultos) gracias a un <strong>efecto navaja y a una acci\u00f3n desecante<\/strong>. Las chinches cubren sus cuerpos con polvo de tierra de diatomeas por sus propios movimientos. La <strong>potente<\/strong> capacidad de absorci\u00f3n del polvo elimina los l\u00edpidos de la cut\u00edcula, provocando <strong>que los insectos se sequen<\/strong> y mueran en pocas horas.<\/p>\n<p>Su <strong>f\u00f3rmula concentrada es a la vez de eficacia inmediata (unas horas) y duradera (hasta 3 semanas en condiciones \u00f3ptimas de uso)<\/strong>. La tierra de diatomeas es <strong>amorfa<\/strong>, <strong>no calcinada<\/strong>, y su homologaci\u00f3n biocida garantiza un contenido de <strong>s\u00edlice<\/strong> (SiO2) de al menos el 90%, lo que asegura un <strong>alto poder de absorci\u00f3n y eficacia contra las chinches de cama<\/strong>. Esto es lo que la diferencia de la tierra de diatomeas no biocida, de calidad alimentaria, que tiene un menor contenido de s\u00edlice, part\u00edculas de mayor tama\u00f1o y, por lo tanto, un menor efecto desecante, resultando ineficaz contra las chinches de cama.<\/p>\n<p>Pulverizada sobre superficies, somieres y otros rincones oscuros, la tierra de diatomeas se adhiere al caparaz\u00f3n de las chinches y las hace morir a su paso por las superficies tratadas, <strong>deshidrat\u00e1ndolas y mat\u00e1ndolas<\/strong>.<\/p>\n<p>El aerosol Tierra de Diatomeas es una soluci\u00f3n <strong>profesionalmente potente<\/strong> para eliminar las chinches de la cama, <strong>sin inducir resistencia<\/strong>. Tambi\u00e9n es eficaz contra otros insectos rastreros del hogar, como <strong>hormigas, ara\u00f1as, \u00e1caros, pulgas, pececillos de plata, cucarachas, cucarachas<\/strong>, etc.<\/p>\n<p><strong>TIERRA DE DIATOMEAS aerosol <\/strong>es su mejor aliado en la prevenci\u00f3n, en caso de infestaci\u00f3n o si tiene la m\u00e1s m\u00ednima duda sobre la presencia de chinches. En caso de infestaci\u00f3n, es una alternativa mec\u00e1nica de precisi\u00f3n a los tratamientos qu\u00edmicos. <strong>Complementa el <a href=\"https:\/\/www.sereni-d.com\/es\/produits\/sos-chinches-xxl\/\">spray SOS<\/a> y el<a href=\"https:\/\/www.sereni-d.com\/es\/produits\/freeze-chinches\/\">aerosol FREEZE<\/a><\/strong>. Como medida preventiva, pulverizado en lugares estrat\u00e9gicos, el aerosol crear\u00e1 una aut\u00e9ntica <strong>barrera protectora<\/strong> contra las chinches. <strong>\u00a0Sereni-d TIERRA DE DIATOMEAS\u00a0en polvo<\/strong> puede aplicarse localmente y no es vol\u00e1til. Es ideal para deshacerse de las chinches.<\/p>\n<p>Garant\u00eda de satisfacci\u00f3n <strong>Sereni-d\u00ae<\/strong>: Si no queda satisfecho con su compra, p\u00f3ngase en contacto con nosotros a trav\u00e9s de la p\u00e1gina <a title=\"Contact SERENI-D\" href=\"https:\/\/www.sereni-d.com\/es\/contacto\/\">de contacto<\/a> y le devolveremos el importe \u00edntegro.<\/p>\n","protected":false},"excerpt":{"rendered":"<p align=\"justify\">\u2022 Aerosol preventivo y curativo contra las chinches<br \/>\n\u2022 Elimina y previene el 100% de las chinches (huevos, larvas, adultos)<br \/>\n\u2022 Protecci\u00f3n inmediata y duradera (hasta 3 semanas)<br \/>\n\u2022 M\u00e1s de 250.000 clientes satisfechos de<sup>Sereni-d<\/sup><\/p>\n<p align=\"justify\"><strong>F\u00d3RMULA CONCENTRADA &#8211; M\u00c1XIMOS RESULTADOS<\/strong><\/p>\n","protected":false},"featured_media":10636,"comment_status":"open","ping_status":"closed","template":"","meta":{"_acf_changed":false,"_monsterinsights_skip_tracking":false,"_monsterinsights_sitenote_active":false,"_monsterinsights_sitenote_note":"","_monsterinsights_sitenote_category":0},"product_brand":[],"product_cat":[137],"product_tag":[],"class_list":{"0":"post-10635","1":"product","2":"type-product","3":"status-publish","4":"has-post-thumbnail","6":"product_cat-produits-es","8":"first","9":"instock","10":"taxable","11":"shipping-taxable","12":"purchasable","13":"product-type-simple"},"acf":[],"yoast_head":"<!-- This site is optimized with the Yoast SEO plugin v27.2 - https:\/\/yoast.com\/product\/yoast-seo-wordpress\/ -->\n<title>TIERRA DE DIATOMEAS Tratamiento de chinches- Sereni-d\u00ae<\/title>\n<meta name=\"description\" content=\"Soluci\u00f3n antichinches profesional y potente. Erradica y previene el 100% de las chinches. 3 semanas de eficacia.\" \/>\n<meta name=\"robots\" content=\"index, follow, max-snippet:-1, max-image-preview:large, max-video-preview:-1\" \/>\n<link rel=\"canonical\" href=\"https:\/\/www.sereni-d.com\/es\/produits\/tierra-de-diatomeas-chinches\/\" \/>\n<meta property=\"og:locale\" content=\"es_ES\" \/>\n<meta property=\"og:type\" content=\"article\" \/>\n<meta property=\"og:title\" content=\"TIERRA DE DIATOMEAS Tratamiento de chinches- Sereni-d\u00ae\" \/>\n<meta property=\"og:description\" content=\"Soluci\u00f3n antichinches profesional y potente. Erradica y previene el 100% de las chinches. 3 semanas de eficacia.\" \/>\n<meta property=\"og:url\" content=\"https:\/\/www.sereni-d.com\/es\/produits\/tierra-de-diatomeas-chinches\/\" \/>\n<meta property=\"og:site_name\" content=\"Sereni-d\u00ae\" \/>\n<meta property=\"article:publisher\" content=\"https:\/\/www.facebook.com\/SereniDsante\/\" \/>\n<meta property=\"article:modified_time\" content=\"2026-04-17T02:23:26+00:00\" \/>\n<meta property=\"og:image\" content=\"https:\/\/www.sereni-d.com\/wp-content\/uploads\/2024\/12\/ES_diatomee-400ml_-1-scaled.jpg\" \/>\n\t<meta property=\"og:image:width\" content=\"2560\" \/>\n\t<meta property=\"og:image:height\" content=\"2560\" \/>\n\t<meta property=\"og:image:type\" content=\"image\/jpeg\" \/>\n<meta name=\"twitter:card\" content=\"summary_large_image\" \/>\n<meta name=\"twitter:label1\" content=\"Tiempo de lectura\" \/>\n\t<meta name=\"twitter:data1\" content=\"3 minutos\" \/>\n<script type=\"application\/ld+json\" class=\"yoast-schema-graph\">{\"@context\":\"https:\/\/schema.org\",\"@graph\":[{\"@type\":\"WebPage\",\"@id\":\"https:\/\/www.sereni-d.com\/es\/produits\/tierra-de-diatomeas-chinches\/\",\"url\":\"https:\/\/www.sereni-d.com\/es\/produits\/tierra-de-diatomeas-chinches\/\",\"name\":\"TIERRA DE DIATOMEAS Tratamiento de chinches- Sereni-d\u00ae\",\"isPartOf\":{\"@id\":\"https:\/\/www.sereni-d.com\/es\/#website\"},\"primaryImageOfPage\":{\"@id\":\"https:\/\/www.sereni-d.com\/es\/produits\/tierra-de-diatomeas-chinches\/#primaryimage\"},\"image\":{\"@id\":\"https:\/\/www.sereni-d.com\/es\/produits\/tierra-de-diatomeas-chinches\/#primaryimage\"},\"thumbnailUrl\":\"https:\/\/www.sereni-d.com\/wp-content\/uploads\/2024\/12\/ES_diatomee-400ml_-1-scaled.jpg\",\"datePublished\":\"2024-05-08T09:30:11+00:00\",\"dateModified\":\"2026-04-17T02:23:26+00:00\",\"description\":\"Soluci\u00f3n antichinches profesional y potente. Erradica y previene el 100% de las chinches. 3 semanas de eficacia.\",\"breadcrumb\":{\"@id\":\"https:\/\/www.sereni-d.com\/es\/produits\/tierra-de-diatomeas-chinches\/#breadcrumb\"},\"inLanguage\":\"es\",\"potentialAction\":[{\"@type\":\"ReadAction\",\"target\":[\"https:\/\/www.sereni-d.com\/es\/produits\/tierra-de-diatomeas-chinches\/\"]}]},{\"@type\":\"ImageObject\",\"inLanguage\":\"es\",\"@id\":\"https:\/\/www.sereni-d.com\/es\/produits\/tierra-de-diatomeas-chinches\/#primaryimage\",\"url\":\"https:\/\/www.sereni-d.com\/wp-content\/uploads\/2024\/12\/ES_diatomee-400ml_-1-scaled.jpg\",\"contentUrl\":\"https:\/\/www.sereni-d.com\/wp-content\/uploads\/2024\/12\/ES_diatomee-400ml_-1-scaled.jpg\",\"width\":2560,\"height\":2560,\"caption\":\"Eliminar chinches con tierra de diatomeas\"},{\"@type\":\"BreadcrumbList\",\"@id\":\"https:\/\/www.sereni-d.com\/es\/produits\/tierra-de-diatomeas-chinches\/#breadcrumb\",\"itemListElement\":[{\"@type\":\"ListItem\",\"position\":1,\"name\":\"Inicio\",\"item\":\"https:\/\/www.sereni-d.com\/es\/\"},{\"@type\":\"ListItem\",\"position\":2,\"name\":\"Tienda\",\"item\":\"https:\/\/www.sereni-d.com\/es\/produits\/\"},{\"@type\":\"ListItem\",\"position\":3,\"name\":\"Produits\",\"item\":\"https:\/\/www.sereni-d.com\/es\/categories\/produits-es\/\"},{\"@type\":\"ListItem\",\"position\":4,\"name\":\"TIERRA DE DIATOMEAS Chinches\"}]},{\"@type\":\"WebSite\",\"@id\":\"https:\/\/www.sereni-d.com\/es\/#website\",\"url\":\"https:\/\/www.sereni-d.com\/es\/\",\"name\":\"Sereni-d\u00ae\",\"description\":\"EXPERT Punaises de Lit - Laboratoire SUISSE - Traitements concentr\u00e9s contres les Punaises de Lit. Protection Longue Dur\u00e9e. Efficacit\u00e9 prouv\u00e9e, r\u00e9sultat maximal. Recommand\u00e9 par les professionnels.\",\"publisher\":{\"@id\":\"https:\/\/www.sereni-d.com\/es\/#organization\"},\"potentialAction\":[{\"@type\":\"SearchAction\",\"target\":{\"@type\":\"EntryPoint\",\"urlTemplate\":\"https:\/\/www.sereni-d.com\/es\/?s={search_term_string}\"},\"query-input\":{\"@type\":\"PropertyValueSpecification\",\"valueRequired\":true,\"valueName\":\"search_term_string\"}}],\"inLanguage\":\"es\"},{\"@type\":\"Organization\",\"@id\":\"https:\/\/www.sereni-d.com\/es\/#organization\",\"name\":\"Sereni-d\",\"url\":\"https:\/\/www.sereni-d.com\/es\/\",\"logo\":{\"@type\":\"ImageObject\",\"inLanguage\":\"es\",\"@id\":\"https:\/\/www.sereni-d.com\/es\/#\/schema\/logo\/image\/\",\"url\":\"\",\"contentUrl\":\"\",\"caption\":\"Sereni-d\"},\"image\":{\"@id\":\"https:\/\/www.sereni-d.com\/es\/#\/schema\/logo\/image\/\"},\"sameAs\":[\"https:\/\/www.facebook.com\/SereniDsante\/\",\"https:\/\/www.instagram.com\/serenidsante\/\"]}]}<\/script>\n<!-- \/ Yoast SEO plugin. -->","yoast_head_json":{"title":"TIERRA DE DIATOMEAS Tratamiento de chinches- Sereni-d\u00ae","description":"Soluci\u00f3n antichinches profesional y potente. Erradica y previene el 100% de las chinches. 3 semanas de eficacia.","robots":{"index":"index","follow":"follow","max-snippet":"max-snippet:-1","max-image-preview":"max-image-preview:large","max-video-preview":"max-video-preview:-1"},"canonical":"https:\/\/www.sereni-d.com\/es\/produits\/tierra-de-diatomeas-chinches\/","og_locale":"es_ES","og_type":"article","og_title":"TIERRA DE DIATOMEAS Tratamiento de chinches- Sereni-d\u00ae","og_description":"Soluci\u00f3n antichinches profesional y potente. Erradica y previene el 100% de las chinches. 3 semanas de eficacia.","og_url":"https:\/\/www.sereni-d.com\/es\/produits\/tierra-de-diatomeas-chinches\/","og_site_name":"Sereni-d\u00ae","article_publisher":"https:\/\/www.facebook.com\/SereniDsante\/","article_modified_time":"2026-04-17T02:23:26+00:00","og_image":[{"width":2560,"height":2560,"url":"https:\/\/www.sereni-d.com\/wp-content\/uploads\/2024\/12\/ES_diatomee-400ml_-1-scaled.jpg","type":"image\/jpeg"}],"twitter_card":"summary_large_image","twitter_misc":{"Tiempo de lectura":"3 minutos"},"schema":{"@context":"https:\/\/schema.org","@graph":[{"@type":"WebPage","@id":"https:\/\/www.sereni-d.com\/es\/produits\/tierra-de-diatomeas-chinches\/","url":"https:\/\/www.sereni-d.com\/es\/produits\/tierra-de-diatomeas-chinches\/","name":"TIERRA DE DIATOMEAS Tratamiento de chinches- Sereni-d\u00ae","isPartOf":{"@id":"https:\/\/www.sereni-d.com\/es\/#website"},"primaryImageOfPage":{"@id":"https:\/\/www.sereni-d.com\/es\/produits\/tierra-de-diatomeas-chinches\/#primaryimage"},"image":{"@id":"https:\/\/www.sereni-d.com\/es\/produits\/tierra-de-diatomeas-chinches\/#primaryimage"},"thumbnailUrl":"https:\/\/www.sereni-d.com\/wp-content\/uploads\/2024\/12\/ES_diatomee-400ml_-1-scaled.jpg","datePublished":"2024-05-08T09:30:11+00:00","dateModified":"2026-04-17T02:23:26+00:00","description":"Soluci\u00f3n antichinches profesional y potente. Erradica y previene el 100% de las chinches. 3 semanas de eficacia.","breadcrumb":{"@id":"https:\/\/www.sereni-d.com\/es\/produits\/tierra-de-diatomeas-chinches\/#breadcrumb"},"inLanguage":"es","potentialAction":[{"@type":"ReadAction","target":["https:\/\/www.sereni-d.com\/es\/produits\/tierra-de-diatomeas-chinches\/"]}]},{"@type":"ImageObject","inLanguage":"es","@id":"https:\/\/www.sereni-d.com\/es\/produits\/tierra-de-diatomeas-chinches\/#primaryimage","url":"https:\/\/www.sereni-d.com\/wp-content\/uploads\/2024\/12\/ES_diatomee-400ml_-1-scaled.jpg","contentUrl":"https:\/\/www.sereni-d.com\/wp-content\/uploads\/2024\/12\/ES_diatomee-400ml_-1-scaled.jpg","width":2560,"height":2560,"caption":"Eliminar chinches con tierra de diatomeas"},{"@type":"BreadcrumbList","@id":"https:\/\/www.sereni-d.com\/es\/produits\/tierra-de-diatomeas-chinches\/#breadcrumb","itemListElement":[{"@type":"ListItem","position":1,"name":"Inicio","item":"https:\/\/www.sereni-d.com\/es\/"},{"@type":"ListItem","position":2,"name":"Tienda","item":"https:\/\/www.sereni-d.com\/es\/produits\/"},{"@type":"ListItem","position":3,"name":"Produits","item":"https:\/\/www.sereni-d.com\/es\/categories\/produits-es\/"},{"@type":"ListItem","position":4,"name":"TIERRA DE DIATOMEAS Chinches"}]},{"@type":"WebSite","@id":"https:\/\/www.sereni-d.com\/es\/#website","url":"https:\/\/www.sereni-d.com\/es\/","name":"Sereni-d\u00ae","description":"EXPERT Punaises de Lit - Laboratoire SUISSE - Traitements concentr\u00e9s contres les Punaises de Lit. Protection Longue Dur\u00e9e. Efficacit\u00e9 prouv\u00e9e, r\u00e9sultat maximal. Recommand\u00e9 par les professionnels.","publisher":{"@id":"https:\/\/www.sereni-d.com\/es\/#organization"},"potentialAction":[{"@type":"SearchAction","target":{"@type":"EntryPoint","urlTemplate":"https:\/\/www.sereni-d.com\/es\/?s={search_term_string}"},"query-input":{"@type":"PropertyValueSpecification","valueRequired":true,"valueName":"search_term_string"}}],"inLanguage":"es"},{"@type":"Organization","@id":"https:\/\/www.sereni-d.com\/es\/#organization","name":"Sereni-d","url":"https:\/\/www.sereni-d.com\/es\/","logo":{"@type":"ImageObject","inLanguage":"es","@id":"https:\/\/www.sereni-d.com\/es\/#\/schema\/logo\/image\/","url":"","contentUrl":"","caption":"Sereni-d"},"image":{"@id":"https:\/\/www.sereni-d.com\/es\/#\/schema\/logo\/image\/"},"sameAs":["https:\/\/www.facebook.com\/SereniDsante\/","https:\/\/www.instagram.com\/serenidsante\/"]}]}},"_links":{"self":[{"href":"https:\/\/www.sereni-d.com\/es\/wp-json\/wp\/v2\/product\/10635","targetHints":{"allow":["GET"]}}],"collection":[{"href":"https:\/\/www.sereni-d.com\/es\/wp-json\/wp\/v2\/product"}],"about":[{"href":"https:\/\/www.sereni-d.com\/es\/wp-json\/wp\/v2\/types\/product"}],"replies":[{"embeddable":true,"href":"https:\/\/www.sereni-d.com\/es\/wp-json\/wp\/v2\/comments?post=10635"}],"wp:featuredmedia":[{"embeddable":true,"href":"https:\/\/www.sereni-d.com\/es\/wp-json\/wp\/v2\/media\/10636"}],"wp:attachment":[{"href":"https:\/\/www.sereni-d.com\/es\/wp-json\/wp\/v2\/media?parent=10635"}],"wp:term":[{"taxonomy":"product_brand","embeddable":true,"href":"https:\/\/www.sereni-d.com\/es\/wp-json\/wp\/v2\/product_brand?post=10635"},{"taxonomy":"product_cat","embeddable":true,"href":"https:\/\/www.sereni-d.com\/es\/wp-json\/wp\/v2\/product_cat?post=10635"},{"taxonomy":"product_tag","embeddable":true,"href":"https:\/\/www.sereni-d.com\/es\/wp-json\/wp\/v2\/product_tag?post=10635"}],"curies":[{"name":"wp","href":"https:\/\/api.w.org\/{rel}","templated":true}]}}