{"id":12639,"date":"2025-03-13T15:23:44","date_gmt":"2025-03-13T14:23:44","guid":{"rendered":"https:\/\/www.sereni-d.com\/?post_type=product&#038;p=12639"},"modified":"2026-05-11T14:17:42","modified_gmt":"2026-05-11T12:17:42","slug":"sos-chinches-de-cama-pro-concentrado","status":"publish","type":"product","link":"https:\/\/www.sereni-d.com\/es\/produits\/sos-chinches-de-cama-pro-concentrado\/","title":{"rendered":"SOS PRO Concentrado"},"content":{"rendered":"<p class=\"\" data-start=\"1517\" data-end=\"1713\">El <strong>SOS PRO Concentrado<\/strong> de Sereni-d es un tratamiento concentrado para diluir, inspirado en la naturaleza y desarrollado espec\u00edficamente para combatir las chinches de cama en un enfoque curativo.<\/p>\n<p class=\"\" data-start=\"1715\" data-end=\"2033\">Su extracto de flor de Piretro vegetal, combinado con su sinergizante de origen vegetal, garantiza la <strong>destrucci\u00f3n fulminante<\/strong> de las chinches de cama en todas las etapas de desarrollo (desde larvas hasta adultos) mediante un efecto de choque en su sistema nervioso y exoesqueleto, neutraliz\u00e1ndolas y deshidrat\u00e1ndolas.<\/p>\n<p class=\"\" data-start=\"2035\" data-end=\"2180\">Su f\u00f3rmula concentrada proporciona una <strong>eficacia inmediata<\/strong> (en pocos minutos) y de larga duraci\u00f3n (hasta 12 d\u00edas en condiciones \u00f3ptimas de uso).<\/p>\n<p class=\"\" data-start=\"2182\" data-end=\"2798\">El frasco de 100mL debe diluirse con agua en un pulverizador de 5L, permitiendo <strong>tratar una superficie de 100m\u00b2<\/strong>. Pulverizado sobre textiles, ropa de cama y superficies, las mol\u00e9culas dispersadas forman una pel\u00edcula destructiva que intoxica a las chinches de cama al entrar en contacto con la superficie tratada. Es un tratamiento de choque que debe realizarse como parte de un <a href=\"https:\/\/www.sereni-d.com\/es\/consejos\/protocolo-contra-los-insectos-de-las-camas-como-combatirlos-eficazmente\/\">protocolo completo de desinsectaci\u00f3n<\/a>, despu\u00e9s de identificar y evaluar la infestaci\u00f3n de chinches, eliminar el desorden, aspirar, lavar los textiles a 60\u00b0C y esparcir tierra de diatomeas detr\u00e1s de los rodapi\u00e9s y en los rincones del techo.<\/p>\n<p class=\"\" data-start=\"2800\" data-end=\"2937\">El SOS PRO Concentrado es su mejor aliado en caso de una infestaci\u00f3n extensa o ante la menor sospecha de presencia de chinches de cama. Es adecuado para <strong>hoteles, profesionales<\/strong> y tambi\u00e9n para particulares que deseen <strong>tratar grandes superficies<\/strong>.<\/p>\n<p class=\"\" data-start=\"2939\" data-end=\"3099\"><strong data-start=\"2939\" data-end=\"2978\">Garant\u00eda de satisfacci\u00f3n Sereni-d\u00ae:<\/strong> Si no est\u00e1 satisfecho con su compra, cont\u00e1ctenos a trav\u00e9s de la <a href=\"https:\/\/www.sereni-d.com\/es\/contacto\/\">p\u00e1gina de contacto<\/a> y le reembolsaremos el monto total.<\/p>\n","protected":false},"excerpt":{"rendered":"<p align=\"justify\">\u2022 Tratamiento profesional concentrado contra las chinches de cama<br \/>\n\u2022 Elimina las chinches de cama en las etapas de larva y adulto<br \/>\n\u2022 100m\u00b2 de superficie tratada<br \/>\n\u2022 M\u00e1s de 200.000 clientes satisfechos de Sereni-d\u00ae<\/p>\n<p><strong>F\u00d3RMULA CONCENTRADA &#8211; M\u00c1XIMOS RESULTADOS<\/strong><\/p>\n","protected":false},"featured_media":12645,"comment_status":"open","ping_status":"closed","template":"","meta":{"_acf_changed":false,"_monsterinsights_skip_tracking":false,"_monsterinsights_sitenote_active":false,"_monsterinsights_sitenote_note":"","_monsterinsights_sitenote_category":0},"product_brand":[],"product_cat":[137],"product_tag":[],"class_list":{"0":"post-12639","1":"product","2":"type-product","3":"status-publish","4":"has-post-thumbnail","6":"product_cat-produits-es","8":"first","9":"instock","10":"taxable","11":"shipping-taxable","12":"purchasable","13":"product-type-simple"},"acf":[],"yoast_head":"<!-- This site is optimized with the Yoast SEO plugin v27.4 - https:\/\/yoast.com\/product\/yoast-seo-wordpress\/ -->\n<title>Tratamiento contra las chinches SOS PRO Concentrado- Sereni-d\u00ae<\/title>\n<meta name=\"description\" content=\"Tratamiento profesional contra las chinches de cama. Concentrado para diluir, un frasco de 100 mL = 5 L = 100 m\u00b2 de superficie tratada.\" \/>\n<meta name=\"robots\" content=\"index, follow, max-snippet:-1, max-image-preview:large, max-video-preview:-1\" \/>\n<link rel=\"canonical\" href=\"https:\/\/www.sereni-d.com\/es\/produits\/sos-chinches-de-cama-pro-concentrado\/\" \/>\n<meta property=\"og:locale\" content=\"es_ES\" \/>\n<meta property=\"og:type\" content=\"article\" \/>\n<meta property=\"og:title\" content=\"Tratamiento contra las chinches SOS PRO Concentrado- Sereni-d\u00ae\" \/>\n<meta property=\"og:description\" content=\"Tratamiento profesional contra las chinches de cama. Concentrado para diluir, un frasco de 100 mL = 5 L = 100 m\u00b2 de superficie tratada.\" \/>\n<meta property=\"og:url\" content=\"https:\/\/www.sereni-d.com\/es\/produits\/sos-chinches-de-cama-pro-concentrado\/\" \/>\n<meta property=\"og:site_name\" content=\"Sereni-d\u00ae\" \/>\n<meta property=\"article:publisher\" content=\"https:\/\/www.facebook.com\/SereniDsante\/\" \/>\n<meta property=\"article:modified_time\" content=\"2026-05-11T12:17:42+00:00\" \/>\n<meta property=\"og:image\" content=\"https:\/\/www.sereni-d.com\/wp-content\/uploads\/2025\/04\/SOS_pro_ES_1.jpg\" \/>\n\t<meta property=\"og:image:width\" content=\"2500\" \/>\n\t<meta property=\"og:image:height\" content=\"2500\" \/>\n\t<meta property=\"og:image:type\" content=\"image\/jpeg\" \/>\n<meta name=\"twitter:card\" content=\"summary_large_image\" \/>\n<meta name=\"twitter:label1\" content=\"Tiempo de lectura\" \/>\n\t<meta name=\"twitter:data1\" content=\"2 minutos\" \/>\n<script type=\"application\/ld+json\" class=\"yoast-schema-graph\">{\"@context\":\"https:\\\/\\\/schema.org\",\"@graph\":[{\"@type\":\"WebPage\",\"@id\":\"https:\\\/\\\/www.sereni-d.com\\\/es\\\/produits\\\/sos-chinches-de-cama-pro-concentrado\\\/\",\"url\":\"https:\\\/\\\/www.sereni-d.com\\\/es\\\/produits\\\/sos-chinches-de-cama-pro-concentrado\\\/\",\"name\":\"Tratamiento contra las chinches SOS PRO Concentrado- Sereni-d\u00ae\",\"isPartOf\":{\"@id\":\"https:\\\/\\\/www.sereni-d.com\\\/es\\\/#website\"},\"primaryImageOfPage\":{\"@id\":\"https:\\\/\\\/www.sereni-d.com\\\/es\\\/produits\\\/sos-chinches-de-cama-pro-concentrado\\\/#primaryimage\"},\"image\":{\"@id\":\"https:\\\/\\\/www.sereni-d.com\\\/es\\\/produits\\\/sos-chinches-de-cama-pro-concentrado\\\/#primaryimage\"},\"thumbnailUrl\":\"https:\\\/\\\/www.sereni-d.com\\\/wp-content\\\/uploads\\\/2025\\\/04\\\/SOS_pro_ES_1.jpg\",\"datePublished\":\"2025-03-13T14:23:44+00:00\",\"dateModified\":\"2026-05-11T12:17:42+00:00\",\"description\":\"Tratamiento profesional contra las chinches de cama. Concentrado para diluir, un frasco de 100 mL = 5 L = 100 m\u00b2 de superficie tratada.\",\"breadcrumb\":{\"@id\":\"https:\\\/\\\/www.sereni-d.com\\\/es\\\/produits\\\/sos-chinches-de-cama-pro-concentrado\\\/#breadcrumb\"},\"inLanguage\":\"es\",\"potentialAction\":[{\"@type\":\"ReadAction\",\"target\":[\"https:\\\/\\\/www.sereni-d.com\\\/es\\\/produits\\\/sos-chinches-de-cama-pro-concentrado\\\/\"]}]},{\"@type\":\"ImageObject\",\"inLanguage\":\"es\",\"@id\":\"https:\\\/\\\/www.sereni-d.com\\\/es\\\/produits\\\/sos-chinches-de-cama-pro-concentrado\\\/#primaryimage\",\"url\":\"https:\\\/\\\/www.sereni-d.com\\\/wp-content\\\/uploads\\\/2025\\\/04\\\/SOS_pro_ES_1.jpg\",\"contentUrl\":\"https:\\\/\\\/www.sereni-d.com\\\/wp-content\\\/uploads\\\/2025\\\/04\\\/SOS_pro_ES_1.jpg\",\"width\":2500,\"height\":2500,\"caption\":\"SOS PRO Concentr\u00e9\"},{\"@type\":\"BreadcrumbList\",\"@id\":\"https:\\\/\\\/www.sereni-d.com\\\/es\\\/produits\\\/sos-chinches-de-cama-pro-concentrado\\\/#breadcrumb\",\"itemListElement\":[{\"@type\":\"ListItem\",\"position\":1,\"name\":\"Inicio\",\"item\":\"https:\\\/\\\/www.sereni-d.com\\\/es\\\/\"},{\"@type\":\"ListItem\",\"position\":2,\"name\":\"Tienda\",\"item\":\"https:\\\/\\\/www.sereni-d.com\\\/es\\\/produits\\\/\"},{\"@type\":\"ListItem\",\"position\":3,\"name\":\"Punaise de lit\",\"item\":\"https:\\\/\\\/www.sereni-d.com\\\/categories\\\/punaise-de-lit\\\/\"},{\"@type\":\"ListItem\",\"position\":4,\"name\":\"Produits\",\"item\":\"https:\\\/\\\/www.sereni-d.com\\\/es\\\/categories\\\/produits-es\\\/\"},{\"@type\":\"ListItem\",\"position\":5,\"name\":\"SOS PRO Concentrado\"}]},{\"@type\":\"WebSite\",\"@id\":\"https:\\\/\\\/www.sereni-d.com\\\/es\\\/#website\",\"url\":\"https:\\\/\\\/www.sereni-d.com\\\/es\\\/\",\"name\":\"Sereni-d\u00ae\",\"description\":\"EXPERT Punaises de Lit - Laboratoire SUISSE - Traitements concentr\u00e9s contres les Punaises de Lit. Protection Longue Dur\u00e9e. Efficacit\u00e9 prouv\u00e9e, r\u00e9sultat maximal. Recommand\u00e9 par les professionnels.\",\"publisher\":{\"@id\":\"https:\\\/\\\/www.sereni-d.com\\\/es\\\/#organization\"},\"potentialAction\":[{\"@type\":\"SearchAction\",\"target\":{\"@type\":\"EntryPoint\",\"urlTemplate\":\"https:\\\/\\\/www.sereni-d.com\\\/es\\\/?s={search_term_string}\"},\"query-input\":{\"@type\":\"PropertyValueSpecification\",\"valueRequired\":true,\"valueName\":\"search_term_string\"}}],\"inLanguage\":\"es\"},{\"@type\":\"Organization\",\"@id\":\"https:\\\/\\\/www.sereni-d.com\\\/es\\\/#organization\",\"name\":\"Sereni-d\",\"url\":\"https:\\\/\\\/www.sereni-d.com\\\/es\\\/\",\"logo\":{\"@type\":\"ImageObject\",\"inLanguage\":\"es\",\"@id\":\"https:\\\/\\\/www.sereni-d.com\\\/es\\\/#\\\/schema\\\/logo\\\/image\\\/\",\"url\":\"\",\"contentUrl\":\"\",\"caption\":\"Sereni-d\"},\"image\":{\"@id\":\"https:\\\/\\\/www.sereni-d.com\\\/es\\\/#\\\/schema\\\/logo\\\/image\\\/\"},\"sameAs\":[\"https:\\\/\\\/www.facebook.com\\\/SereniDsante\\\/\",\"https:\\\/\\\/www.instagram.com\\\/serenidsante\\\/\"]}]}<\/script>\n<!-- \/ Yoast SEO plugin. -->","yoast_head_json":{"title":"Tratamiento contra las chinches SOS PRO Concentrado- Sereni-d\u00ae","description":"Tratamiento profesional contra las chinches de cama. Concentrado para diluir, un frasco de 100 mL = 5 L = 100 m\u00b2 de superficie tratada.","robots":{"index":"index","follow":"follow","max-snippet":"max-snippet:-1","max-image-preview":"max-image-preview:large","max-video-preview":"max-video-preview:-1"},"canonical":"https:\/\/www.sereni-d.com\/es\/produits\/sos-chinches-de-cama-pro-concentrado\/","og_locale":"es_ES","og_type":"article","og_title":"Tratamiento contra las chinches SOS PRO Concentrado- Sereni-d\u00ae","og_description":"Tratamiento profesional contra las chinches de cama. Concentrado para diluir, un frasco de 100 mL = 5 L = 100 m\u00b2 de superficie tratada.","og_url":"https:\/\/www.sereni-d.com\/es\/produits\/sos-chinches-de-cama-pro-concentrado\/","og_site_name":"Sereni-d\u00ae","article_publisher":"https:\/\/www.facebook.com\/SereniDsante\/","article_modified_time":"2026-05-11T12:17:42+00:00","og_image":[{"width":2500,"height":2500,"url":"https:\/\/www.sereni-d.com\/wp-content\/uploads\/2025\/04\/SOS_pro_ES_1.jpg","type":"image\/jpeg"}],"twitter_card":"summary_large_image","twitter_misc":{"Tiempo de lectura":"2 minutos"},"schema":{"@context":"https:\/\/schema.org","@graph":[{"@type":"WebPage","@id":"https:\/\/www.sereni-d.com\/es\/produits\/sos-chinches-de-cama-pro-concentrado\/","url":"https:\/\/www.sereni-d.com\/es\/produits\/sos-chinches-de-cama-pro-concentrado\/","name":"Tratamiento contra las chinches SOS PRO Concentrado- Sereni-d\u00ae","isPartOf":{"@id":"https:\/\/www.sereni-d.com\/es\/#website"},"primaryImageOfPage":{"@id":"https:\/\/www.sereni-d.com\/es\/produits\/sos-chinches-de-cama-pro-concentrado\/#primaryimage"},"image":{"@id":"https:\/\/www.sereni-d.com\/es\/produits\/sos-chinches-de-cama-pro-concentrado\/#primaryimage"},"thumbnailUrl":"https:\/\/www.sereni-d.com\/wp-content\/uploads\/2025\/04\/SOS_pro_ES_1.jpg","datePublished":"2025-03-13T14:23:44+00:00","dateModified":"2026-05-11T12:17:42+00:00","description":"Tratamiento profesional contra las chinches de cama. Concentrado para diluir, un frasco de 100 mL = 5 L = 100 m\u00b2 de superficie tratada.","breadcrumb":{"@id":"https:\/\/www.sereni-d.com\/es\/produits\/sos-chinches-de-cama-pro-concentrado\/#breadcrumb"},"inLanguage":"es","potentialAction":[{"@type":"ReadAction","target":["https:\/\/www.sereni-d.com\/es\/produits\/sos-chinches-de-cama-pro-concentrado\/"]}]},{"@type":"ImageObject","inLanguage":"es","@id":"https:\/\/www.sereni-d.com\/es\/produits\/sos-chinches-de-cama-pro-concentrado\/#primaryimage","url":"https:\/\/www.sereni-d.com\/wp-content\/uploads\/2025\/04\/SOS_pro_ES_1.jpg","contentUrl":"https:\/\/www.sereni-d.com\/wp-content\/uploads\/2025\/04\/SOS_pro_ES_1.jpg","width":2500,"height":2500,"caption":"SOS PRO Concentr\u00e9"},{"@type":"BreadcrumbList","@id":"https:\/\/www.sereni-d.com\/es\/produits\/sos-chinches-de-cama-pro-concentrado\/#breadcrumb","itemListElement":[{"@type":"ListItem","position":1,"name":"Inicio","item":"https:\/\/www.sereni-d.com\/es\/"},{"@type":"ListItem","position":2,"name":"Tienda","item":"https:\/\/www.sereni-d.com\/es\/produits\/"},{"@type":"ListItem","position":3,"name":"Punaise de lit","item":"https:\/\/www.sereni-d.com\/categories\/punaise-de-lit\/"},{"@type":"ListItem","position":4,"name":"Produits","item":"https:\/\/www.sereni-d.com\/es\/categories\/produits-es\/"},{"@type":"ListItem","position":5,"name":"SOS PRO Concentrado"}]},{"@type":"WebSite","@id":"https:\/\/www.sereni-d.com\/es\/#website","url":"https:\/\/www.sereni-d.com\/es\/","name":"Sereni-d\u00ae","description":"EXPERT Punaises de Lit - Laboratoire SUISSE - Traitements concentr\u00e9s contres les Punaises de Lit. Protection Longue Dur\u00e9e. Efficacit\u00e9 prouv\u00e9e, r\u00e9sultat maximal. Recommand\u00e9 par les professionnels.","publisher":{"@id":"https:\/\/www.sereni-d.com\/es\/#organization"},"potentialAction":[{"@type":"SearchAction","target":{"@type":"EntryPoint","urlTemplate":"https:\/\/www.sereni-d.com\/es\/?s={search_term_string}"},"query-input":{"@type":"PropertyValueSpecification","valueRequired":true,"valueName":"search_term_string"}}],"inLanguage":"es"},{"@type":"Organization","@id":"https:\/\/www.sereni-d.com\/es\/#organization","name":"Sereni-d","url":"https:\/\/www.sereni-d.com\/es\/","logo":{"@type":"ImageObject","inLanguage":"es","@id":"https:\/\/www.sereni-d.com\/es\/#\/schema\/logo\/image\/","url":"","contentUrl":"","caption":"Sereni-d"},"image":{"@id":"https:\/\/www.sereni-d.com\/es\/#\/schema\/logo\/image\/"},"sameAs":["https:\/\/www.facebook.com\/SereniDsante\/","https:\/\/www.instagram.com\/serenidsante\/"]}]}},"_links":{"self":[{"href":"https:\/\/www.sereni-d.com\/es\/wp-json\/wp\/v2\/product\/12639","targetHints":{"allow":["GET"]}}],"collection":[{"href":"https:\/\/www.sereni-d.com\/es\/wp-json\/wp\/v2\/product"}],"about":[{"href":"https:\/\/www.sereni-d.com\/es\/wp-json\/wp\/v2\/types\/product"}],"replies":[{"embeddable":true,"href":"https:\/\/www.sereni-d.com\/es\/wp-json\/wp\/v2\/comments?post=12639"}],"wp:featuredmedia":[{"embeddable":true,"href":"https:\/\/www.sereni-d.com\/es\/wp-json\/wp\/v2\/media\/12645"}],"wp:attachment":[{"href":"https:\/\/www.sereni-d.com\/es\/wp-json\/wp\/v2\/media?parent=12639"}],"wp:term":[{"taxonomy":"product_brand","embeddable":true,"href":"https:\/\/www.sereni-d.com\/es\/wp-json\/wp\/v2\/product_brand?post=12639"},{"taxonomy":"product_cat","embeddable":true,"href":"https:\/\/www.sereni-d.com\/es\/wp-json\/wp\/v2\/product_cat?post=12639"},{"taxonomy":"product_tag","embeddable":true,"href":"https:\/\/www.sereni-d.com\/es\/wp-json\/wp\/v2\/product_tag?post=12639"}],"curies":[{"name":"wp","href":"https:\/\/api.w.org\/{rel}","templated":true}]}}