{"id":12810,"date":"2025-03-20T10:04:24","date_gmt":"2025-03-20T09:04:24","guid":{"rendered":"https:\/\/www.sereni-d.com\/?post_type=product&#038;p=12810"},"modified":"2026-05-13T15:53:35","modified_gmt":"2026-05-13T13:53:35","slug":"tierra-de-diatomeas-polvo-chinches-de-cama","status":"publish","type":"product","link":"https:\/\/www.sereni-d.com\/es\/produits\/tierra-de-diatomeas-polvo-chinches-de-cama\/","title":{"rendered":"Tierra de Diatomeas en Polvo Chinches de Cama"},"content":{"rendered":"<p class=\"\" data-start=\"2656\" data-end=\"2925\"><strong data-start=\"2656\" data-end=\"2705\">TIERRA DE DIATOMEAS en Polvo CHINCHES DE CAMA<\/strong> es un polvo de tierra de diatomeas listo para usar y f\u00e1cil de dispersar. Inspirado en la naturaleza, ha sido desarrollado especialmente para combatir las chinches de cama en un contexto tanto preventivo como curativo.<\/p>\n<p class=\"\" data-start=\"2927\" data-end=\"3439\">La tierra de diatomeas est\u00e1 compuesta por <strong>f\u00f3siles de algas microsc\u00f3picas<\/strong> y garantiza la <strong>eliminaci\u00f3n de las chinches de cama en todas las etapas de desarrollo<\/strong> (desde ninfas inmaduras hasta adultos) mediante un efecto abrasivo y una acci\u00f3n desecante. Las chinches de cama se impregnan de polvo de tierra de diatomeas con sus propios movimientos. El gran poder de absorci\u00f3n del polvo elimina los l\u00edpidos de la cut\u00edcula, lo que provoca la deshidrataci\u00f3n de los insectos, que mueren r\u00e1pidamente en unas pocas horas.<\/p>\n<p class=\"\" data-start=\"3441\" data-end=\"4010\">La tierra de diatomeas tiene una <strong>eficacia inmediata<\/strong> (unas pocas horas) y de<strong> larga duraci\u00f3n<\/strong> (hasta varios meses en condiciones \u00f3ptimas, es decir, sin humedad ni aspirado). Con su certificaci\u00f3n biocida, la tierra de diatomeas garantiza un contenido de s\u00edlice (SiO2) de al menos el 90%, lo que le confiere un alto poder de absorci\u00f3n y eficacia contra las chinches de cama. Esto la diferencia de la tierra de diatomeas no biocida o de grado alimentario, que contiene menos s\u00edlice, tiene part\u00edculas m\u00e1s grandes y, por lo tanto, es menos eficaz contra las chinches de cama.<\/p>\n<p class=\"\" data-start=\"4012\" data-end=\"4404\">Aplicada detr\u00e1s de los rodapi\u00e9s, en falsos techos, conductos y detr\u00e1s de tabiques, la tierra de diatomeas act\u00faa en profundidad, adhiri\u00e9ndose al exoesqueleto de las chinches de cama y provocando su muerte al deshidratarlas cuando cruzan las superficies tratadas. El polvo de tierra de diatomeas es complementario al aerosol, que es ideal para peque\u00f1as grietas y esquinas de paredes y techos.<\/p>\n<p class=\"\" data-start=\"4406\" data-end=\"4681\"><strong data-start=\"4406\" data-end=\"4438\">TIERRA DE DIATOMEAS en Polvo<\/strong> es una soluci\u00f3n profesional para la eliminaci\u00f3n de chinches de cama sin riesgo de resistencia. Tambi\u00e9n es eficaz contra otros insectos rastreros del hogar como hormigas, ara\u00f1as, \u00e1caros, pulgas, pececillos de plata, cucarachas y escarabajos.<\/p>\n<p class=\"\" data-start=\"4683\" data-end=\"5315\">La tierra de diatomeas es su mejor aliada para la prevenci\u00f3n, en caso de infestaci\u00f3n o ante la m\u00e1s m\u00ednima sospecha de presencia de chinches de cama. En caso de infestaci\u00f3n, es una alternativa mec\u00e1nica precisa a los tratamientos qu\u00edmicos y complementaria a ellos. Funciona en combinaci\u00f3n con el <a href=\"https:\/\/www.sereni-d.com\/es\/produits\/tierra-de-diatomeas-chinches\/\">aerosol de tierra de diatomeas<\/a>, el <a href=\"https:\/\/www.sereni-d.com\/es\/produits\/sos-chinches-xxl\/\">spray SOS<\/a> y el <a href=\"https:\/\/www.sereni-d.com\/es\/produits\/freeze-chinches\/\">aerosol FREEZE<\/a>. En prevenci\u00f3n, aplicada en lugares estrat\u00e9gicos, la tierra de diatomeas crear\u00e1 una aut\u00e9ntica barrera de protecci\u00f3n contra las chinches de cama. El <strong data-start=\"5190\" data-end=\"5232\">Polvo de TIERRA DE DIATOMEAS Sereni-d\u00ae<\/strong> permite una aplicaci\u00f3n localizada y es ideal para eliminar las chinches de cama.<\/p>\n<p class=\"\" data-start=\"5317\" data-end=\"5477\"><strong data-start=\"5317\" data-end=\"5356\">Garant\u00eda de satisfacci\u00f3n Sereni-d\u00ae:<\/strong> Si no est\u00e1 satisfecho con su compra, cont\u00e1ctenos a trav\u00e9s de la <a href=\"https:\/\/www.sereni-d.com\/es\/contacto\/\">p\u00e1gina de contacto<\/a> y le reembolsaremos el monto total.<\/p>\n","protected":false},"excerpt":{"rendered":"<p align=\"justify\">\u2022 Polvo preventivo y curativo contra las chinches de cama<br \/>\n\u2022 Elimina y previene el 100% de las chinches de cama (ninfas, adultas)<br \/>\n\u2022 Protecci\u00f3n inmediata y duradera (hasta 3 semanas)<br \/>\n\u2022 M\u00e1s de 200.000 clientes satisfechos de Sereni-d<\/p>\n<p align=\"justify\"><strong>F\u00d3RMULA CONCENTRADA &#8211; M\u00c1XIMOS RESULTADOS<\/strong><\/p>\n","protected":false},"featured_media":12816,"comment_status":"open","ping_status":"closed","template":"","meta":{"_acf_changed":false,"_monsterinsights_skip_tracking":false,"_monsterinsights_sitenote_active":false,"_monsterinsights_sitenote_note":"","_monsterinsights_sitenote_category":0},"product_brand":[],"product_cat":[137],"product_tag":[],"class_list":{"0":"post-12810","1":"product","2":"type-product","3":"status-publish","4":"has-post-thumbnail","6":"product_cat-produits-es","8":"first","9":"instock","10":"taxable","11":"shipping-taxable","12":"purchasable","13":"product-type-simple"},"acf":[],"yoast_head":"<!-- This site is optimized with the Yoast SEO plugin v27.4 - https:\/\/yoast.com\/product\/yoast-seo-wordpress\/ -->\n<title>Polvo de Tierra de Diatomeas Tratamiento Chinches de Cama- Sereni-d\u00ae<\/title>\n<meta name=\"description\" content=\"El polvo de tierra de diatomeas ayuda a eliminar las chinches de cama. Es complementario a los tratamientos qu\u00edmicos y las medidas mec\u00e1nicas.\" \/>\n<meta name=\"robots\" content=\"index, follow, max-snippet:-1, max-image-preview:large, max-video-preview:-1\" \/>\n<link rel=\"canonical\" href=\"https:\/\/www.sereni-d.com\/es\/produits\/tierra-de-diatomeas-polvo-chinches-de-cama\/\" \/>\n<meta property=\"og:locale\" content=\"es_ES\" \/>\n<meta property=\"og:type\" content=\"article\" \/>\n<meta property=\"og:title\" content=\"Polvo de Tierra de Diatomeas Tratamiento Chinches de Cama- Sereni-d\u00ae\" \/>\n<meta property=\"og:description\" content=\"El polvo de tierra de diatomeas ayuda a eliminar las chinches de cama. Es complementario a los tratamientos qu\u00edmicos y las medidas mec\u00e1nicas.\" \/>\n<meta property=\"og:url\" content=\"https:\/\/www.sereni-d.com\/es\/produits\/tierra-de-diatomeas-polvo-chinches-de-cama\/\" \/>\n<meta property=\"og:site_name\" content=\"Sereni-d\u00ae\" \/>\n<meta property=\"article:publisher\" content=\"https:\/\/www.facebook.com\/SereniDsante\/\" \/>\n<meta property=\"article:modified_time\" content=\"2026-05-13T13:53:35+00:00\" \/>\n<meta property=\"og:image\" content=\"https:\/\/www.sereni-d.com\/wp-content\/uploads\/2025\/03\/image_Sachet_diatomee-1-scaled.jpg\" \/>\n\t<meta property=\"og:image:width\" content=\"2560\" \/>\n\t<meta property=\"og:image:height\" content=\"2560\" \/>\n\t<meta property=\"og:image:type\" content=\"image\/jpeg\" \/>\n<meta name=\"twitter:card\" content=\"summary_large_image\" \/>\n<meta name=\"twitter:label1\" content=\"Tiempo de lectura\" \/>\n\t<meta name=\"twitter:data1\" content=\"3 minutos\" \/>\n<script type=\"application\/ld+json\" class=\"yoast-schema-graph\">{\"@context\":\"https:\\\/\\\/schema.org\",\"@graph\":[{\"@type\":\"WebPage\",\"@id\":\"https:\\\/\\\/www.sereni-d.com\\\/es\\\/produits\\\/tierra-de-diatomeas-polvo-chinches-de-cama\\\/\",\"url\":\"https:\\\/\\\/www.sereni-d.com\\\/es\\\/produits\\\/tierra-de-diatomeas-polvo-chinches-de-cama\\\/\",\"name\":\"Polvo de Tierra de Diatomeas Tratamiento Chinches de Cama- Sereni-d\u00ae\",\"isPartOf\":{\"@id\":\"https:\\\/\\\/www.sereni-d.com\\\/es\\\/#website\"},\"primaryImageOfPage\":{\"@id\":\"https:\\\/\\\/www.sereni-d.com\\\/es\\\/produits\\\/tierra-de-diatomeas-polvo-chinches-de-cama\\\/#primaryimage\"},\"image\":{\"@id\":\"https:\\\/\\\/www.sereni-d.com\\\/es\\\/produits\\\/tierra-de-diatomeas-polvo-chinches-de-cama\\\/#primaryimage\"},\"thumbnailUrl\":\"https:\\\/\\\/www.sereni-d.com\\\/wp-content\\\/uploads\\\/2025\\\/04\\\/Sachet-diatomee_ES_1.jpg\",\"datePublished\":\"2025-03-20T09:04:24+00:00\",\"dateModified\":\"2026-05-13T13:53:35+00:00\",\"description\":\"El polvo de tierra de diatomeas ayuda a eliminar las chinches de cama. Es complementario a los tratamientos qu\u00edmicos y las medidas mec\u00e1nicas.\",\"breadcrumb\":{\"@id\":\"https:\\\/\\\/www.sereni-d.com\\\/es\\\/produits\\\/tierra-de-diatomeas-polvo-chinches-de-cama\\\/#breadcrumb\"},\"inLanguage\":\"es\",\"potentialAction\":[{\"@type\":\"ReadAction\",\"target\":[\"https:\\\/\\\/www.sereni-d.com\\\/es\\\/produits\\\/tierra-de-diatomeas-polvo-chinches-de-cama\\\/\"]}]},{\"@type\":\"ImageObject\",\"inLanguage\":\"es\",\"@id\":\"https:\\\/\\\/www.sereni-d.com\\\/es\\\/produits\\\/tierra-de-diatomeas-polvo-chinches-de-cama\\\/#primaryimage\",\"url\":\"https:\\\/\\\/www.sereni-d.com\\\/wp-content\\\/uploads\\\/2025\\\/04\\\/Sachet-diatomee_ES_1.jpg\",\"contentUrl\":\"https:\\\/\\\/www.sereni-d.com\\\/wp-content\\\/uploads\\\/2025\\\/04\\\/Sachet-diatomee_ES_1.jpg\",\"width\":2500,\"height\":2500,\"caption\":\"Traitement punaise de lit professionnel\"},{\"@type\":\"BreadcrumbList\",\"@id\":\"https:\\\/\\\/www.sereni-d.com\\\/es\\\/produits\\\/tierra-de-diatomeas-polvo-chinches-de-cama\\\/#breadcrumb\",\"itemListElement\":[{\"@type\":\"ListItem\",\"position\":1,\"name\":\"Inicio\",\"item\":\"https:\\\/\\\/www.sereni-d.com\\\/es\\\/\"},{\"@type\":\"ListItem\",\"position\":2,\"name\":\"Tienda\",\"item\":\"https:\\\/\\\/www.sereni-d.com\\\/es\\\/produits\\\/\"},{\"@type\":\"ListItem\",\"position\":3,\"name\":\"Punaise de lit\",\"item\":\"https:\\\/\\\/www.sereni-d.com\\\/categories\\\/punaise-de-lit\\\/\"},{\"@type\":\"ListItem\",\"position\":4,\"name\":\"Produits\",\"item\":\"https:\\\/\\\/www.sereni-d.com\\\/es\\\/categories\\\/produits-es\\\/\"},{\"@type\":\"ListItem\",\"position\":5,\"name\":\"Tierra de Diatomeas en Polvo Chinches de Cama\"}]},{\"@type\":\"WebSite\",\"@id\":\"https:\\\/\\\/www.sereni-d.com\\\/es\\\/#website\",\"url\":\"https:\\\/\\\/www.sereni-d.com\\\/es\\\/\",\"name\":\"Sereni-d\u00ae\",\"description\":\"EXPERT Punaises de Lit - Laboratoire SUISSE - Traitements concentr\u00e9s contres les Punaises de Lit. Protection Longue Dur\u00e9e. Efficacit\u00e9 prouv\u00e9e, r\u00e9sultat maximal. Recommand\u00e9 par les professionnels.\",\"publisher\":{\"@id\":\"https:\\\/\\\/www.sereni-d.com\\\/es\\\/#organization\"},\"potentialAction\":[{\"@type\":\"SearchAction\",\"target\":{\"@type\":\"EntryPoint\",\"urlTemplate\":\"https:\\\/\\\/www.sereni-d.com\\\/es\\\/?s={search_term_string}\"},\"query-input\":{\"@type\":\"PropertyValueSpecification\",\"valueRequired\":true,\"valueName\":\"search_term_string\"}}],\"inLanguage\":\"es\"},{\"@type\":\"Organization\",\"@id\":\"https:\\\/\\\/www.sereni-d.com\\\/es\\\/#organization\",\"name\":\"Sereni-d\",\"url\":\"https:\\\/\\\/www.sereni-d.com\\\/es\\\/\",\"logo\":{\"@type\":\"ImageObject\",\"inLanguage\":\"es\",\"@id\":\"https:\\\/\\\/www.sereni-d.com\\\/es\\\/#\\\/schema\\\/logo\\\/image\\\/\",\"url\":\"\",\"contentUrl\":\"\",\"caption\":\"Sereni-d\"},\"image\":{\"@id\":\"https:\\\/\\\/www.sereni-d.com\\\/es\\\/#\\\/schema\\\/logo\\\/image\\\/\"},\"sameAs\":[\"https:\\\/\\\/www.facebook.com\\\/SereniDsante\\\/\",\"https:\\\/\\\/www.instagram.com\\\/serenidsante\\\/\"]}]}<\/script>\n<!-- \/ Yoast SEO plugin. -->","yoast_head_json":{"title":"Polvo de Tierra de Diatomeas Tratamiento Chinches de Cama- Sereni-d\u00ae","description":"El polvo de tierra de diatomeas ayuda a eliminar las chinches de cama. Es complementario a los tratamientos qu\u00edmicos y las medidas mec\u00e1nicas.","robots":{"index":"index","follow":"follow","max-snippet":"max-snippet:-1","max-image-preview":"max-image-preview:large","max-video-preview":"max-video-preview:-1"},"canonical":"https:\/\/www.sereni-d.com\/es\/produits\/tierra-de-diatomeas-polvo-chinches-de-cama\/","og_locale":"es_ES","og_type":"article","og_title":"Polvo de Tierra de Diatomeas Tratamiento Chinches de Cama- Sereni-d\u00ae","og_description":"El polvo de tierra de diatomeas ayuda a eliminar las chinches de cama. Es complementario a los tratamientos qu\u00edmicos y las medidas mec\u00e1nicas.","og_url":"https:\/\/www.sereni-d.com\/es\/produits\/tierra-de-diatomeas-polvo-chinches-de-cama\/","og_site_name":"Sereni-d\u00ae","article_publisher":"https:\/\/www.facebook.com\/SereniDsante\/","article_modified_time":"2026-05-13T13:53:35+00:00","og_image":[{"width":2560,"height":2560,"url":"https:\/\/www.sereni-d.com\/wp-content\/uploads\/2025\/03\/image_Sachet_diatomee-1-scaled.jpg","type":"image\/jpeg"}],"twitter_card":"summary_large_image","twitter_misc":{"Tiempo de lectura":"3 minutos"},"schema":{"@context":"https:\/\/schema.org","@graph":[{"@type":"WebPage","@id":"https:\/\/www.sereni-d.com\/es\/produits\/tierra-de-diatomeas-polvo-chinches-de-cama\/","url":"https:\/\/www.sereni-d.com\/es\/produits\/tierra-de-diatomeas-polvo-chinches-de-cama\/","name":"Polvo de Tierra de Diatomeas Tratamiento Chinches de Cama- Sereni-d\u00ae","isPartOf":{"@id":"https:\/\/www.sereni-d.com\/es\/#website"},"primaryImageOfPage":{"@id":"https:\/\/www.sereni-d.com\/es\/produits\/tierra-de-diatomeas-polvo-chinches-de-cama\/#primaryimage"},"image":{"@id":"https:\/\/www.sereni-d.com\/es\/produits\/tierra-de-diatomeas-polvo-chinches-de-cama\/#primaryimage"},"thumbnailUrl":"https:\/\/www.sereni-d.com\/wp-content\/uploads\/2025\/04\/Sachet-diatomee_ES_1.jpg","datePublished":"2025-03-20T09:04:24+00:00","dateModified":"2026-05-13T13:53:35+00:00","description":"El polvo de tierra de diatomeas ayuda a eliminar las chinches de cama. Es complementario a los tratamientos qu\u00edmicos y las medidas mec\u00e1nicas.","breadcrumb":{"@id":"https:\/\/www.sereni-d.com\/es\/produits\/tierra-de-diatomeas-polvo-chinches-de-cama\/#breadcrumb"},"inLanguage":"es","potentialAction":[{"@type":"ReadAction","target":["https:\/\/www.sereni-d.com\/es\/produits\/tierra-de-diatomeas-polvo-chinches-de-cama\/"]}]},{"@type":"ImageObject","inLanguage":"es","@id":"https:\/\/www.sereni-d.com\/es\/produits\/tierra-de-diatomeas-polvo-chinches-de-cama\/#primaryimage","url":"https:\/\/www.sereni-d.com\/wp-content\/uploads\/2025\/04\/Sachet-diatomee_ES_1.jpg","contentUrl":"https:\/\/www.sereni-d.com\/wp-content\/uploads\/2025\/04\/Sachet-diatomee_ES_1.jpg","width":2500,"height":2500,"caption":"Traitement punaise de lit professionnel"},{"@type":"BreadcrumbList","@id":"https:\/\/www.sereni-d.com\/es\/produits\/tierra-de-diatomeas-polvo-chinches-de-cama\/#breadcrumb","itemListElement":[{"@type":"ListItem","position":1,"name":"Inicio","item":"https:\/\/www.sereni-d.com\/es\/"},{"@type":"ListItem","position":2,"name":"Tienda","item":"https:\/\/www.sereni-d.com\/es\/produits\/"},{"@type":"ListItem","position":3,"name":"Punaise de lit","item":"https:\/\/www.sereni-d.com\/categories\/punaise-de-lit\/"},{"@type":"ListItem","position":4,"name":"Produits","item":"https:\/\/www.sereni-d.com\/es\/categories\/produits-es\/"},{"@type":"ListItem","position":5,"name":"Tierra de Diatomeas en Polvo Chinches de Cama"}]},{"@type":"WebSite","@id":"https:\/\/www.sereni-d.com\/es\/#website","url":"https:\/\/www.sereni-d.com\/es\/","name":"Sereni-d\u00ae","description":"EXPERT Punaises de Lit - Laboratoire SUISSE - Traitements concentr\u00e9s contres les Punaises de Lit. Protection Longue Dur\u00e9e. Efficacit\u00e9 prouv\u00e9e, r\u00e9sultat maximal. Recommand\u00e9 par les professionnels.","publisher":{"@id":"https:\/\/www.sereni-d.com\/es\/#organization"},"potentialAction":[{"@type":"SearchAction","target":{"@type":"EntryPoint","urlTemplate":"https:\/\/www.sereni-d.com\/es\/?s={search_term_string}"},"query-input":{"@type":"PropertyValueSpecification","valueRequired":true,"valueName":"search_term_string"}}],"inLanguage":"es"},{"@type":"Organization","@id":"https:\/\/www.sereni-d.com\/es\/#organization","name":"Sereni-d","url":"https:\/\/www.sereni-d.com\/es\/","logo":{"@type":"ImageObject","inLanguage":"es","@id":"https:\/\/www.sereni-d.com\/es\/#\/schema\/logo\/image\/","url":"","contentUrl":"","caption":"Sereni-d"},"image":{"@id":"https:\/\/www.sereni-d.com\/es\/#\/schema\/logo\/image\/"},"sameAs":["https:\/\/www.facebook.com\/SereniDsante\/","https:\/\/www.instagram.com\/serenidsante\/"]}]}},"_links":{"self":[{"href":"https:\/\/www.sereni-d.com\/es\/wp-json\/wp\/v2\/product\/12810","targetHints":{"allow":["GET"]}}],"collection":[{"href":"https:\/\/www.sereni-d.com\/es\/wp-json\/wp\/v2\/product"}],"about":[{"href":"https:\/\/www.sereni-d.com\/es\/wp-json\/wp\/v2\/types\/product"}],"replies":[{"embeddable":true,"href":"https:\/\/www.sereni-d.com\/es\/wp-json\/wp\/v2\/comments?post=12810"}],"wp:featuredmedia":[{"embeddable":true,"href":"https:\/\/www.sereni-d.com\/es\/wp-json\/wp\/v2\/media\/12816"}],"wp:attachment":[{"href":"https:\/\/www.sereni-d.com\/es\/wp-json\/wp\/v2\/media?parent=12810"}],"wp:term":[{"taxonomy":"product_brand","embeddable":true,"href":"https:\/\/www.sereni-d.com\/es\/wp-json\/wp\/v2\/product_brand?post=12810"},{"taxonomy":"product_cat","embeddable":true,"href":"https:\/\/www.sereni-d.com\/es\/wp-json\/wp\/v2\/product_cat?post=12810"},{"taxonomy":"product_tag","embeddable":true,"href":"https:\/\/www.sereni-d.com\/es\/wp-json\/wp\/v2\/product_tag?post=12810"}],"curies":[{"name":"wp","href":"https:\/\/api.w.org\/{rel}","templated":true}]}}