{"id":15927,"date":"2025-07-03T16:23:51","date_gmt":"2025-07-03T14:23:51","guid":{"rendered":"https:\/\/www.sereni-d.com\/?post_type=product&#038;p=15927"},"modified":"2026-05-04T22:20:44","modified_gmt":"2026-05-04T20:20:44","slug":"escudo-xxl-tratamiento-repelente-chinches-de-cama","status":"publish","type":"product","link":"https:\/\/www.sereni-d.com\/es\/produits\/escudo-xxl-tratamiento-repelente-chinches-de-cama\/","title":{"rendered":"ESCUDO XXL Tratamiento Repelente CONTRA CHINCHES DE CAMA"},"content":{"rendered":"<p data-start=\"3571\" data-end=\"3775\"><strong data-start=\"3571\" data-end=\"3631\">ESCUDO XXL Tratamiento Repelente para Chinches de Cama<\/strong> es un spray repelente listo para usar, inspirado en la naturaleza y desarrollado especialmente para prevenir infestaciones de chinches de cama.<\/p>\n<p data-start=\"3777\" data-end=\"4006\">Su extracto vegetal de flor de piretro, combinado con un complejo de aceites esenciales seleccionados por sus propiedades repelentes, garantiza una alta eficacia preventiva de larga duraci\u00f3n (hasta 7 d\u00edas en condiciones \u00f3ptimas).<\/p>\n<p data-start=\"4008\" data-end=\"4279\">Pulverizado sobre textiles y equipaje, el fuerte olor de las sustancias activas vegetales altera los receptores olfativos de las chinches de cama y las disuade de instalarse o poner huevos. <strong data-start=\"3571\" data-end=\"3631\">ESCUDO<\/strong>\u00a0es ideal para usar como prevenci\u00f3n durante desplazamientos o viajes.<\/p>\n<p data-start=\"4281\" data-end=\"4559\">Tambi\u00e9n puede aplicarse sobre superficies como umbrales de puertas, marcos de ventanas o salidas de ventilaci\u00f3n si se sospecha de un entorno vecino potencialmente infestado. <strong data-start=\"3571\" data-end=\"3631\">ESCUDO<\/strong><strong data-start=\"4455\" data-end=\"4480\">\u00a0de Sereni-d\u00ae<\/strong> es tu mejor aliado durante los viajes o en caso de sospecha de chinches cerca.<\/p>\n<p>Garant\u00eda de satisfacci\u00f3n <strong>Sereni-d\u00ae<\/strong>: Si no queda satisfecho con su compra, p\u00f3ngase en contacto con nosotros a trav\u00e9s de la p\u00e1gina <a href=\"https:\/\/www.sereni-d.com\/es\/contacto\/\">de contacto<\/a> y le devolveremos el importe \u00edntegro.<\/p>\n","protected":false},"excerpt":{"rendered":"<p>\u2022 Spray preventivo contra chinches<br \/>\n\u2022 Repele las chinches de forma preventiva<br \/>\n\u2022 Protecci\u00f3n duradera y segura<br \/>\n\u2022 M\u00e1s de 200.000 clientes satisfechos de <sup>Sereni-d<\/sup><\/p>\n<p><strong>F\u00d3RMULA CONCENTRADA &#8211; M\u00c1XIMOS RESULTADOS<\/strong><\/p>\n<p><strong>\u00a0<\/strong><\/p>\n","protected":false},"featured_media":15933,"comment_status":"open","ping_status":"closed","template":"","meta":{"_acf_changed":false,"_monsterinsights_skip_tracking":false,"_monsterinsights_sitenote_active":false,"_monsterinsights_sitenote_note":"","_monsterinsights_sitenote_category":0},"product_brand":[],"product_cat":[137],"product_tag":[],"class_list":{"0":"post-15927","1":"product","2":"type-product","3":"status-publish","4":"has-post-thumbnail","6":"product_cat-produits-es","8":"first","9":"instock","10":"taxable","11":"shipping-taxable","12":"purchasable","13":"product-type-simple"},"acf":[],"yoast_head":"<!-- This site is optimized with the Yoast SEO plugin v27.4 - https:\/\/yoast.com\/product\/yoast-seo-wordpress\/ -->\n<title>ESCUDO Repelente para chinches de Cama con Aceites Esenciales<\/title>\n<meta name=\"description\" content=\"Tratamiento REPELENTE Preventivo de Origen Vegetal CONTRA LAS CHINCHES DE CAMA! Protecci\u00f3n Eficaz y Duradera \u2013 Protecci\u00f3n 100% Natural de Larga Duraci\u00f3n\" \/>\n<meta name=\"robots\" content=\"index, follow, max-snippet:-1, max-image-preview:large, max-video-preview:-1\" \/>\n<link rel=\"canonical\" href=\"https:\/\/www.sereni-d.com\/es\/produits\/escudo-xxl-tratamiento-repelente-chinches-de-cama\/\" \/>\n<meta property=\"og:locale\" content=\"es_ES\" \/>\n<meta property=\"og:type\" content=\"article\" \/>\n<meta property=\"og:title\" content=\"ESCUDO Repelente para chinches de Cama con Aceites Esenciales\" \/>\n<meta property=\"og:description\" content=\"Tratamiento REPELENTE Preventivo de Origen Vegetal CONTRA LAS CHINCHES DE CAMA! Protecci\u00f3n Eficaz y Duradera \u2013 Protecci\u00f3n 100% Natural de Larga Duraci\u00f3n\" \/>\n<meta property=\"og:url\" content=\"https:\/\/www.sereni-d.com\/es\/produits\/escudo-xxl-tratamiento-repelente-chinches-de-cama\/\" \/>\n<meta property=\"og:site_name\" content=\"Sereni-d\u00ae\" \/>\n<meta property=\"article:publisher\" content=\"https:\/\/www.facebook.com\/SereniDsante\/\" \/>\n<meta property=\"article:modified_time\" content=\"2026-05-04T20:20:44+00:00\" \/>\n<meta property=\"og:image\" content=\"https:\/\/www.sereni-d.com\/wp-content\/uploads\/2025\/07\/FR_bouclier-XXL_1.jpg\" \/>\n\t<meta property=\"og:image:width\" content=\"980\" \/>\n\t<meta property=\"og:image:height\" content=\"980\" \/>\n\t<meta property=\"og:image:type\" content=\"image\/jpeg\" \/>\n<meta name=\"twitter:card\" content=\"summary_large_image\" \/>\n<meta name=\"twitter:label1\" content=\"Tiempo de lectura\" \/>\n\t<meta name=\"twitter:data1\" content=\"2 minutos\" \/>\n<script type=\"application\/ld+json\" class=\"yoast-schema-graph\">{\"@context\":\"https:\\\/\\\/schema.org\",\"@graph\":[{\"@type\":\"WebPage\",\"@id\":\"https:\\\/\\\/www.sereni-d.com\\\/es\\\/produits\\\/escudo-xxl-tratamiento-repelente-chinches-de-cama\\\/\",\"url\":\"https:\\\/\\\/www.sereni-d.com\\\/es\\\/produits\\\/escudo-xxl-tratamiento-repelente-chinches-de-cama\\\/\",\"name\":\"ESCUDO Repelente para chinches de Cama con Aceites Esenciales\",\"isPartOf\":{\"@id\":\"https:\\\/\\\/www.sereni-d.com\\\/es\\\/#website\"},\"primaryImageOfPage\":{\"@id\":\"https:\\\/\\\/www.sereni-d.com\\\/es\\\/produits\\\/escudo-xxl-tratamiento-repelente-chinches-de-cama\\\/#primaryimage\"},\"image\":{\"@id\":\"https:\\\/\\\/www.sereni-d.com\\\/es\\\/produits\\\/escudo-xxl-tratamiento-repelente-chinches-de-cama\\\/#primaryimage\"},\"thumbnailUrl\":\"https:\\\/\\\/www.sereni-d.com\\\/wp-content\\\/uploads\\\/2025\\\/10\\\/ES_bouclier-XXL_0-1-scaled.jpg\",\"datePublished\":\"2025-07-03T14:23:51+00:00\",\"dateModified\":\"2026-05-04T20:20:44+00:00\",\"description\":\"Tratamiento REPELENTE Preventivo de Origen Vegetal CONTRA LAS CHINCHES DE CAMA! Protecci\u00f3n Eficaz y Duradera \u2013 Protecci\u00f3n 100% Natural de Larga Duraci\u00f3n\",\"breadcrumb\":{\"@id\":\"https:\\\/\\\/www.sereni-d.com\\\/es\\\/produits\\\/escudo-xxl-tratamiento-repelente-chinches-de-cama\\\/#breadcrumb\"},\"inLanguage\":\"es\",\"potentialAction\":[{\"@type\":\"ReadAction\",\"target\":[\"https:\\\/\\\/www.sereni-d.com\\\/es\\\/produits\\\/escudo-xxl-tratamiento-repelente-chinches-de-cama\\\/\"]}]},{\"@type\":\"ImageObject\",\"inLanguage\":\"es\",\"@id\":\"https:\\\/\\\/www.sereni-d.com\\\/es\\\/produits\\\/escudo-xxl-tratamiento-repelente-chinches-de-cama\\\/#primaryimage\",\"url\":\"https:\\\/\\\/www.sereni-d.com\\\/wp-content\\\/uploads\\\/2025\\\/10\\\/ES_bouclier-XXL_0-1-scaled.jpg\",\"contentUrl\":\"https:\\\/\\\/www.sereni-d.com\\\/wp-content\\\/uploads\\\/2025\\\/10\\\/ES_bouclier-XXL_0-1-scaled.jpg\",\"width\":2560,\"height\":2560},{\"@type\":\"BreadcrumbList\",\"@id\":\"https:\\\/\\\/www.sereni-d.com\\\/es\\\/produits\\\/escudo-xxl-tratamiento-repelente-chinches-de-cama\\\/#breadcrumb\",\"itemListElement\":[{\"@type\":\"ListItem\",\"position\":1,\"name\":\"Inicio\",\"item\":\"https:\\\/\\\/www.sereni-d.com\\\/es\\\/\"},{\"@type\":\"ListItem\",\"position\":2,\"name\":\"Tienda\",\"item\":\"https:\\\/\\\/www.sereni-d.com\\\/es\\\/produits\\\/\"},{\"@type\":\"ListItem\",\"position\":3,\"name\":\"Produits\",\"item\":\"https:\\\/\\\/www.sereni-d.com\\\/es\\\/categories\\\/produits-es\\\/\"},{\"@type\":\"ListItem\",\"position\":4,\"name\":\"ESCUDO XXL Tratamiento Repelente CONTRA CHINCHES DE CAMA\"}]},{\"@type\":\"WebSite\",\"@id\":\"https:\\\/\\\/www.sereni-d.com\\\/es\\\/#website\",\"url\":\"https:\\\/\\\/www.sereni-d.com\\\/es\\\/\",\"name\":\"Sereni-d\u00ae\",\"description\":\"EXPERT Punaises de Lit - Laboratoire SUISSE - Traitements concentr\u00e9s contres les Punaises de Lit. Protection Longue Dur\u00e9e. Efficacit\u00e9 prouv\u00e9e, r\u00e9sultat maximal. Recommand\u00e9 par les professionnels.\",\"publisher\":{\"@id\":\"https:\\\/\\\/www.sereni-d.com\\\/es\\\/#organization\"},\"potentialAction\":[{\"@type\":\"SearchAction\",\"target\":{\"@type\":\"EntryPoint\",\"urlTemplate\":\"https:\\\/\\\/www.sereni-d.com\\\/es\\\/?s={search_term_string}\"},\"query-input\":{\"@type\":\"PropertyValueSpecification\",\"valueRequired\":true,\"valueName\":\"search_term_string\"}}],\"inLanguage\":\"es\"},{\"@type\":\"Organization\",\"@id\":\"https:\\\/\\\/www.sereni-d.com\\\/es\\\/#organization\",\"name\":\"Sereni-d\",\"url\":\"https:\\\/\\\/www.sereni-d.com\\\/es\\\/\",\"logo\":{\"@type\":\"ImageObject\",\"inLanguage\":\"es\",\"@id\":\"https:\\\/\\\/www.sereni-d.com\\\/es\\\/#\\\/schema\\\/logo\\\/image\\\/\",\"url\":\"\",\"contentUrl\":\"\",\"caption\":\"Sereni-d\"},\"image\":{\"@id\":\"https:\\\/\\\/www.sereni-d.com\\\/es\\\/#\\\/schema\\\/logo\\\/image\\\/\"},\"sameAs\":[\"https:\\\/\\\/www.facebook.com\\\/SereniDsante\\\/\",\"https:\\\/\\\/www.instagram.com\\\/serenidsante\\\/\"]}]}<\/script>\n<!-- \/ Yoast SEO plugin. -->","yoast_head_json":{"title":"ESCUDO Repelente para chinches de Cama con Aceites Esenciales","description":"Tratamiento REPELENTE Preventivo de Origen Vegetal CONTRA LAS CHINCHES DE CAMA! Protecci\u00f3n Eficaz y Duradera \u2013 Protecci\u00f3n 100% Natural de Larga Duraci\u00f3n","robots":{"index":"index","follow":"follow","max-snippet":"max-snippet:-1","max-image-preview":"max-image-preview:large","max-video-preview":"max-video-preview:-1"},"canonical":"https:\/\/www.sereni-d.com\/es\/produits\/escudo-xxl-tratamiento-repelente-chinches-de-cama\/","og_locale":"es_ES","og_type":"article","og_title":"ESCUDO Repelente para chinches de Cama con Aceites Esenciales","og_description":"Tratamiento REPELENTE Preventivo de Origen Vegetal CONTRA LAS CHINCHES DE CAMA! Protecci\u00f3n Eficaz y Duradera \u2013 Protecci\u00f3n 100% Natural de Larga Duraci\u00f3n","og_url":"https:\/\/www.sereni-d.com\/es\/produits\/escudo-xxl-tratamiento-repelente-chinches-de-cama\/","og_site_name":"Sereni-d\u00ae","article_publisher":"https:\/\/www.facebook.com\/SereniDsante\/","article_modified_time":"2026-05-04T20:20:44+00:00","og_image":[{"url":"https:\/\/www.sereni-d.com\/wp-content\/uploads\/2025\/07\/FR_bouclier-XXL_1.jpg","width":980,"height":980,"type":"image\/jpeg"}],"twitter_card":"summary_large_image","twitter_misc":{"Tiempo de lectura":"2 minutos"},"schema":{"@context":"https:\/\/schema.org","@graph":[{"@type":"WebPage","@id":"https:\/\/www.sereni-d.com\/es\/produits\/escudo-xxl-tratamiento-repelente-chinches-de-cama\/","url":"https:\/\/www.sereni-d.com\/es\/produits\/escudo-xxl-tratamiento-repelente-chinches-de-cama\/","name":"ESCUDO Repelente para chinches de Cama con Aceites Esenciales","isPartOf":{"@id":"https:\/\/www.sereni-d.com\/es\/#website"},"primaryImageOfPage":{"@id":"https:\/\/www.sereni-d.com\/es\/produits\/escudo-xxl-tratamiento-repelente-chinches-de-cama\/#primaryimage"},"image":{"@id":"https:\/\/www.sereni-d.com\/es\/produits\/escudo-xxl-tratamiento-repelente-chinches-de-cama\/#primaryimage"},"thumbnailUrl":"https:\/\/www.sereni-d.com\/wp-content\/uploads\/2025\/10\/ES_bouclier-XXL_0-1-scaled.jpg","datePublished":"2025-07-03T14:23:51+00:00","dateModified":"2026-05-04T20:20:44+00:00","description":"Tratamiento REPELENTE Preventivo de Origen Vegetal CONTRA LAS CHINCHES DE CAMA! Protecci\u00f3n Eficaz y Duradera \u2013 Protecci\u00f3n 100% Natural de Larga Duraci\u00f3n","breadcrumb":{"@id":"https:\/\/www.sereni-d.com\/es\/produits\/escudo-xxl-tratamiento-repelente-chinches-de-cama\/#breadcrumb"},"inLanguage":"es","potentialAction":[{"@type":"ReadAction","target":["https:\/\/www.sereni-d.com\/es\/produits\/escudo-xxl-tratamiento-repelente-chinches-de-cama\/"]}]},{"@type":"ImageObject","inLanguage":"es","@id":"https:\/\/www.sereni-d.com\/es\/produits\/escudo-xxl-tratamiento-repelente-chinches-de-cama\/#primaryimage","url":"https:\/\/www.sereni-d.com\/wp-content\/uploads\/2025\/10\/ES_bouclier-XXL_0-1-scaled.jpg","contentUrl":"https:\/\/www.sereni-d.com\/wp-content\/uploads\/2025\/10\/ES_bouclier-XXL_0-1-scaled.jpg","width":2560,"height":2560},{"@type":"BreadcrumbList","@id":"https:\/\/www.sereni-d.com\/es\/produits\/escudo-xxl-tratamiento-repelente-chinches-de-cama\/#breadcrumb","itemListElement":[{"@type":"ListItem","position":1,"name":"Inicio","item":"https:\/\/www.sereni-d.com\/es\/"},{"@type":"ListItem","position":2,"name":"Tienda","item":"https:\/\/www.sereni-d.com\/es\/produits\/"},{"@type":"ListItem","position":3,"name":"Produits","item":"https:\/\/www.sereni-d.com\/es\/categories\/produits-es\/"},{"@type":"ListItem","position":4,"name":"ESCUDO XXL Tratamiento Repelente CONTRA CHINCHES DE CAMA"}]},{"@type":"WebSite","@id":"https:\/\/www.sereni-d.com\/es\/#website","url":"https:\/\/www.sereni-d.com\/es\/","name":"Sereni-d\u00ae","description":"EXPERT Punaises de Lit - Laboratoire SUISSE - Traitements concentr\u00e9s contres les Punaises de Lit. Protection Longue Dur\u00e9e. Efficacit\u00e9 prouv\u00e9e, r\u00e9sultat maximal. Recommand\u00e9 par les professionnels.","publisher":{"@id":"https:\/\/www.sereni-d.com\/es\/#organization"},"potentialAction":[{"@type":"SearchAction","target":{"@type":"EntryPoint","urlTemplate":"https:\/\/www.sereni-d.com\/es\/?s={search_term_string}"},"query-input":{"@type":"PropertyValueSpecification","valueRequired":true,"valueName":"search_term_string"}}],"inLanguage":"es"},{"@type":"Organization","@id":"https:\/\/www.sereni-d.com\/es\/#organization","name":"Sereni-d","url":"https:\/\/www.sereni-d.com\/es\/","logo":{"@type":"ImageObject","inLanguage":"es","@id":"https:\/\/www.sereni-d.com\/es\/#\/schema\/logo\/image\/","url":"","contentUrl":"","caption":"Sereni-d"},"image":{"@id":"https:\/\/www.sereni-d.com\/es\/#\/schema\/logo\/image\/"},"sameAs":["https:\/\/www.facebook.com\/SereniDsante\/","https:\/\/www.instagram.com\/serenidsante\/"]}]}},"_links":{"self":[{"href":"https:\/\/www.sereni-d.com\/es\/wp-json\/wp\/v2\/product\/15927","targetHints":{"allow":["GET"]}}],"collection":[{"href":"https:\/\/www.sereni-d.com\/es\/wp-json\/wp\/v2\/product"}],"about":[{"href":"https:\/\/www.sereni-d.com\/es\/wp-json\/wp\/v2\/types\/product"}],"replies":[{"embeddable":true,"href":"https:\/\/www.sereni-d.com\/es\/wp-json\/wp\/v2\/comments?post=15927"}],"wp:featuredmedia":[{"embeddable":true,"href":"https:\/\/www.sereni-d.com\/es\/wp-json\/wp\/v2\/media\/15933"}],"wp:attachment":[{"href":"https:\/\/www.sereni-d.com\/es\/wp-json\/wp\/v2\/media?parent=15927"}],"wp:term":[{"taxonomy":"product_brand","embeddable":true,"href":"https:\/\/www.sereni-d.com\/es\/wp-json\/wp\/v2\/product_brand?post=15927"},{"taxonomy":"product_cat","embeddable":true,"href":"https:\/\/www.sereni-d.com\/es\/wp-json\/wp\/v2\/product_cat?post=15927"},{"taxonomy":"product_tag","embeddable":true,"href":"https:\/\/www.sereni-d.com\/es\/wp-json\/wp\/v2\/product_tag?post=15927"}],"curies":[{"name":"wp","href":"https:\/\/api.w.org\/{rel}","templated":true}]}}