{"id":15969,"date":"2025-07-03T17:10:30","date_gmt":"2025-07-03T15:10:30","guid":{"rendered":"https:\/\/www.sereni-d.com\/?post_type=product&#038;p=15969"},"modified":"2026-05-11T14:47:47","modified_gmt":"2026-05-11T12:47:47","slug":"sos-bidon-5l","status":"publish","type":"product","link":"https:\/\/www.sereni-d.com\/es\/produits\/sos-bidon-5l\/","title":{"rendered":"Bid\u00f3n PRO SOS 5L"},"content":{"rendered":"<p data-start=\"4665\" data-end=\"4856\"><strong data-start=\"4665\" data-end=\"4856\">El Bid\u00f3n SOS de Sereni-d es un tratamiento listo para usar, inspirado en la naturaleza y especialmente desarrollado para combatir las chinches de cama como parte de un protocolo curativo.<\/strong><\/p>\n<p data-start=\"4858\" data-end=\"5162\">Su extracto de flor de pelitre vegetal, combinado con un sinergizante de origen natural, asegura la eliminaci\u00f3n r\u00e1pida de las chinches en todos sus estados de desarrollo (desde larvas hasta adultas), gracias a un efecto de choque sobre su sistema nervioso y exoesqueleto, que las neutraliza y deshidrata.<\/p>\n<p data-start=\"5164\" data-end=\"5285\">Su f\u00f3rmula concentrada tiene una eficacia inmediata (en pocos minutos) y duradera (hasta 12 d\u00edas en condiciones \u00f3ptimas).<\/p>\n<p data-start=\"5287\" data-end=\"5783\">Debe transferirse a un pulverizador o botella de spray de su elecci\u00f3n. Un bid\u00f3n permite tratar hasta 100 m\u00b2 de superficie. Pulverizado sobre textiles, ropa de cama y superficies, las mol\u00e9culas forman una pel\u00edcula activa que intoxica a las chinches al pasar por las zonas tratadas. Es un tratamiento de choque que debe aplicarse como parte de un <a href=\"https:\/\/www.sereni-d.com\/es\/el-protocolo-para-deshacerse-de-las-chinches-definitivamente\/\">protocolo completo<\/a>: identificar la infestaci\u00f3n, ordenar, aspirar, lavar textiles a 60\u00b0C, aplicar tierra de diatomeas en z\u00f3calos y esquinas del techo&#8230;<\/p>\n<p data-start=\"5785\" data-end=\"5984\">El bid\u00f3n SOS es su mejor aliado ante una infestaci\u00f3n extensa o ante la menor sospecha de chinches de cama. Es apto para hoteles, profesionales y particulares que necesiten tratar grandes superficies.<\/p>\n<p class=\"\" data-start=\"2939\" data-end=\"3099\"><strong data-start=\"2939\" data-end=\"2978\">Garant\u00eda de satisfacci\u00f3n Sereni-d\u00ae:<\/strong> Si no est\u00e1 satisfecho con su compra, cont\u00e1ctenos a trav\u00e9s de la <a href=\"https:\/\/www.sereni-d.com\/es\/contacto\/\">p\u00e1gina de contacto<\/a> y le reembolsaremos el monto total.<\/p>\n","protected":false},"excerpt":{"rendered":"<p align=\"justify\">\u2022 Tratamiento profesional concentrado contra las chinches de cama<br \/>\n\u2022 Elimina las chinches de cama en las etapas de larva y adulto<br \/>\n\u2022 100m\u00b2 de superficie tratada<br \/>\n\u2022 M\u00e1s de 200.000 clientes satisfechos de Sereni-d\u00ae<\/p>\n<p><strong>F\u00d3RMULA CONCENTRADA &#8211; M\u00c1XIMOS RESULTADOS<\/strong><\/p>\n","protected":false},"featured_media":15974,"comment_status":"open","ping_status":"closed","template":"","meta":{"_acf_changed":false,"_monsterinsights_skip_tracking":false,"_monsterinsights_sitenote_active":false,"_monsterinsights_sitenote_note":"","_monsterinsights_sitenote_category":0},"product_brand":[],"product_cat":[137],"product_tag":[],"class_list":{"0":"post-15969","1":"product","2":"type-product","3":"status-publish","4":"has-post-thumbnail","6":"product_cat-produits-es","8":"first","9":"instock","10":"taxable","11":"shipping-taxable","12":"purchasable","13":"product-type-simple"},"acf":[],"yoast_head":"<!-- This site is optimized with the Yoast SEO plugin v27.4 - https:\/\/yoast.com\/product\/yoast-seo-wordpress\/ -->\n<title>Tratamiento Chinches de Cama SOS \u2013 Bid\u00f3n de 5L Sereni-d\u00ae<\/title>\n<meta name=\"description\" content=\"Tratamiento profesional contra las chinches de cama. Un bid\u00f3n contiene 5\u202fL de preparaci\u00f3n y permite tratar una superficie de 100\u202fm\u00b2.\" \/>\n<meta name=\"robots\" content=\"index, follow, max-snippet:-1, max-image-preview:large, max-video-preview:-1\" \/>\n<link rel=\"canonical\" href=\"https:\/\/www.sereni-d.com\/es\/produits\/sos-bidon-5l\/\" \/>\n<meta property=\"og:locale\" content=\"es_ES\" \/>\n<meta property=\"og:type\" content=\"article\" \/>\n<meta property=\"og:title\" content=\"Tratamiento Chinches de Cama SOS \u2013 Bid\u00f3n de 5L Sereni-d\u00ae\" \/>\n<meta property=\"og:description\" content=\"Tratamiento profesional contra las chinches de cama. Un bid\u00f3n contiene 5\u202fL de preparaci\u00f3n y permite tratar una superficie de 100\u202fm\u00b2.\" \/>\n<meta property=\"og:url\" content=\"https:\/\/www.sereni-d.com\/es\/produits\/sos-bidon-5l\/\" \/>\n<meta property=\"og:site_name\" content=\"Sereni-d\u00ae\" \/>\n<meta property=\"article:publisher\" content=\"https:\/\/www.facebook.com\/SereniDsante\/\" \/>\n<meta property=\"article:modified_time\" content=\"2026-05-11T12:47:47+00:00\" \/>\n<meta property=\"og:image\" content=\"https:\/\/www.sereni-d.com\/wp-content\/uploads\/2025\/10\/ES_bidon_0-scaled.jpg\" \/>\n\t<meta property=\"og:image:width\" content=\"2560\" \/>\n\t<meta property=\"og:image:height\" content=\"2560\" \/>\n\t<meta property=\"og:image:type\" content=\"image\/jpeg\" \/>\n<meta name=\"twitter:card\" content=\"summary_large_image\" \/>\n<meta name=\"twitter:label1\" content=\"Tiempo de lectura\" \/>\n\t<meta name=\"twitter:data1\" content=\"2 minutos\" \/>\n<script type=\"application\/ld+json\" class=\"yoast-schema-graph\">{\"@context\":\"https:\\\/\\\/schema.org\",\"@graph\":[{\"@type\":\"WebPage\",\"@id\":\"https:\\\/\\\/www.sereni-d.com\\\/es\\\/produits\\\/sos-bidon-5l\\\/\",\"url\":\"https:\\\/\\\/www.sereni-d.com\\\/es\\\/produits\\\/sos-bidon-5l\\\/\",\"name\":\"Tratamiento Chinches de Cama SOS \u2013 Bid\u00f3n de 5L Sereni-d\u00ae\",\"isPartOf\":{\"@id\":\"https:\\\/\\\/www.sereni-d.com\\\/es\\\/#website\"},\"primaryImageOfPage\":{\"@id\":\"https:\\\/\\\/www.sereni-d.com\\\/es\\\/produits\\\/sos-bidon-5l\\\/#primaryimage\"},\"image\":{\"@id\":\"https:\\\/\\\/www.sereni-d.com\\\/es\\\/produits\\\/sos-bidon-5l\\\/#primaryimage\"},\"thumbnailUrl\":\"https:\\\/\\\/www.sereni-d.com\\\/wp-content\\\/uploads\\\/2025\\\/10\\\/ES_bidon_0-scaled.jpg\",\"datePublished\":\"2025-07-03T15:10:30+00:00\",\"dateModified\":\"2026-05-11T12:47:47+00:00\",\"description\":\"Tratamiento profesional contra las chinches de cama. Un bid\u00f3n contiene 5\u202fL de preparaci\u00f3n y permite tratar una superficie de 100\u202fm\u00b2.\",\"breadcrumb\":{\"@id\":\"https:\\\/\\\/www.sereni-d.com\\\/es\\\/produits\\\/sos-bidon-5l\\\/#breadcrumb\"},\"inLanguage\":\"es\",\"potentialAction\":[{\"@type\":\"ReadAction\",\"target\":[\"https:\\\/\\\/www.sereni-d.com\\\/es\\\/produits\\\/sos-bidon-5l\\\/\"]}]},{\"@type\":\"ImageObject\",\"inLanguage\":\"es\",\"@id\":\"https:\\\/\\\/www.sereni-d.com\\\/es\\\/produits\\\/sos-bidon-5l\\\/#primaryimage\",\"url\":\"https:\\\/\\\/www.sereni-d.com\\\/wp-content\\\/uploads\\\/2025\\\/10\\\/ES_bidon_0-scaled.jpg\",\"contentUrl\":\"https:\\\/\\\/www.sereni-d.com\\\/wp-content\\\/uploads\\\/2025\\\/10\\\/ES_bidon_0-scaled.jpg\",\"width\":2560,\"height\":2560},{\"@type\":\"BreadcrumbList\",\"@id\":\"https:\\\/\\\/www.sereni-d.com\\\/es\\\/produits\\\/sos-bidon-5l\\\/#breadcrumb\",\"itemListElement\":[{\"@type\":\"ListItem\",\"position\":1,\"name\":\"Inicio\",\"item\":\"https:\\\/\\\/www.sereni-d.com\\\/es\\\/\"},{\"@type\":\"ListItem\",\"position\":2,\"name\":\"Tienda\",\"item\":\"https:\\\/\\\/www.sereni-d.com\\\/es\\\/produits\\\/\"},{\"@type\":\"ListItem\",\"position\":3,\"name\":\"Punaise de lit\",\"item\":\"https:\\\/\\\/www.sereni-d.com\\\/categories\\\/punaise-de-lit\\\/\"},{\"@type\":\"ListItem\",\"position\":4,\"name\":\"Produits\",\"item\":\"https:\\\/\\\/www.sereni-d.com\\\/es\\\/categories\\\/produits-es\\\/\"},{\"@type\":\"ListItem\",\"position\":5,\"name\":\"Bid\u00f3n PRO SOS 5L\"}]},{\"@type\":\"WebSite\",\"@id\":\"https:\\\/\\\/www.sereni-d.com\\\/es\\\/#website\",\"url\":\"https:\\\/\\\/www.sereni-d.com\\\/es\\\/\",\"name\":\"Sereni-d\u00ae\",\"description\":\"EXPERT Punaises de Lit - Laboratoire SUISSE - Traitements concentr\u00e9s contres les Punaises de Lit. Protection Longue Dur\u00e9e. Efficacit\u00e9 prouv\u00e9e, r\u00e9sultat maximal. Recommand\u00e9 par les professionnels.\",\"publisher\":{\"@id\":\"https:\\\/\\\/www.sereni-d.com\\\/es\\\/#organization\"},\"potentialAction\":[{\"@type\":\"SearchAction\",\"target\":{\"@type\":\"EntryPoint\",\"urlTemplate\":\"https:\\\/\\\/www.sereni-d.com\\\/es\\\/?s={search_term_string}\"},\"query-input\":{\"@type\":\"PropertyValueSpecification\",\"valueRequired\":true,\"valueName\":\"search_term_string\"}}],\"inLanguage\":\"es\"},{\"@type\":\"Organization\",\"@id\":\"https:\\\/\\\/www.sereni-d.com\\\/es\\\/#organization\",\"name\":\"Sereni-d\",\"url\":\"https:\\\/\\\/www.sereni-d.com\\\/es\\\/\",\"logo\":{\"@type\":\"ImageObject\",\"inLanguage\":\"es\",\"@id\":\"https:\\\/\\\/www.sereni-d.com\\\/es\\\/#\\\/schema\\\/logo\\\/image\\\/\",\"url\":\"\",\"contentUrl\":\"\",\"caption\":\"Sereni-d\"},\"image\":{\"@id\":\"https:\\\/\\\/www.sereni-d.com\\\/es\\\/#\\\/schema\\\/logo\\\/image\\\/\"},\"sameAs\":[\"https:\\\/\\\/www.facebook.com\\\/SereniDsante\\\/\",\"https:\\\/\\\/www.instagram.com\\\/serenidsante\\\/\"]}]}<\/script>\n<!-- \/ Yoast SEO plugin. -->","yoast_head_json":{"title":"Tratamiento Chinches de Cama SOS \u2013 Bid\u00f3n de 5L Sereni-d\u00ae","description":"Tratamiento profesional contra las chinches de cama. Un bid\u00f3n contiene 5\u202fL de preparaci\u00f3n y permite tratar una superficie de 100\u202fm\u00b2.","robots":{"index":"index","follow":"follow","max-snippet":"max-snippet:-1","max-image-preview":"max-image-preview:large","max-video-preview":"max-video-preview:-1"},"canonical":"https:\/\/www.sereni-d.com\/es\/produits\/sos-bidon-5l\/","og_locale":"es_ES","og_type":"article","og_title":"Tratamiento Chinches de Cama SOS \u2013 Bid\u00f3n de 5L Sereni-d\u00ae","og_description":"Tratamiento profesional contra las chinches de cama. Un bid\u00f3n contiene 5\u202fL de preparaci\u00f3n y permite tratar una superficie de 100\u202fm\u00b2.","og_url":"https:\/\/www.sereni-d.com\/es\/produits\/sos-bidon-5l\/","og_site_name":"Sereni-d\u00ae","article_publisher":"https:\/\/www.facebook.com\/SereniDsante\/","article_modified_time":"2026-05-11T12:47:47+00:00","og_image":[{"width":2560,"height":2560,"url":"https:\/\/www.sereni-d.com\/wp-content\/uploads\/2025\/10\/ES_bidon_0-scaled.jpg","type":"image\/jpeg"}],"twitter_card":"summary_large_image","twitter_misc":{"Tiempo de lectura":"2 minutos"},"schema":{"@context":"https:\/\/schema.org","@graph":[{"@type":"WebPage","@id":"https:\/\/www.sereni-d.com\/es\/produits\/sos-bidon-5l\/","url":"https:\/\/www.sereni-d.com\/es\/produits\/sos-bidon-5l\/","name":"Tratamiento Chinches de Cama SOS \u2013 Bid\u00f3n de 5L Sereni-d\u00ae","isPartOf":{"@id":"https:\/\/www.sereni-d.com\/es\/#website"},"primaryImageOfPage":{"@id":"https:\/\/www.sereni-d.com\/es\/produits\/sos-bidon-5l\/#primaryimage"},"image":{"@id":"https:\/\/www.sereni-d.com\/es\/produits\/sos-bidon-5l\/#primaryimage"},"thumbnailUrl":"https:\/\/www.sereni-d.com\/wp-content\/uploads\/2025\/10\/ES_bidon_0-scaled.jpg","datePublished":"2025-07-03T15:10:30+00:00","dateModified":"2026-05-11T12:47:47+00:00","description":"Tratamiento profesional contra las chinches de cama. Un bid\u00f3n contiene 5\u202fL de preparaci\u00f3n y permite tratar una superficie de 100\u202fm\u00b2.","breadcrumb":{"@id":"https:\/\/www.sereni-d.com\/es\/produits\/sos-bidon-5l\/#breadcrumb"},"inLanguage":"es","potentialAction":[{"@type":"ReadAction","target":["https:\/\/www.sereni-d.com\/es\/produits\/sos-bidon-5l\/"]}]},{"@type":"ImageObject","inLanguage":"es","@id":"https:\/\/www.sereni-d.com\/es\/produits\/sos-bidon-5l\/#primaryimage","url":"https:\/\/www.sereni-d.com\/wp-content\/uploads\/2025\/10\/ES_bidon_0-scaled.jpg","contentUrl":"https:\/\/www.sereni-d.com\/wp-content\/uploads\/2025\/10\/ES_bidon_0-scaled.jpg","width":2560,"height":2560},{"@type":"BreadcrumbList","@id":"https:\/\/www.sereni-d.com\/es\/produits\/sos-bidon-5l\/#breadcrumb","itemListElement":[{"@type":"ListItem","position":1,"name":"Inicio","item":"https:\/\/www.sereni-d.com\/es\/"},{"@type":"ListItem","position":2,"name":"Tienda","item":"https:\/\/www.sereni-d.com\/es\/produits\/"},{"@type":"ListItem","position":3,"name":"Punaise de lit","item":"https:\/\/www.sereni-d.com\/categories\/punaise-de-lit\/"},{"@type":"ListItem","position":4,"name":"Produits","item":"https:\/\/www.sereni-d.com\/es\/categories\/produits-es\/"},{"@type":"ListItem","position":5,"name":"Bid\u00f3n PRO SOS 5L"}]},{"@type":"WebSite","@id":"https:\/\/www.sereni-d.com\/es\/#website","url":"https:\/\/www.sereni-d.com\/es\/","name":"Sereni-d\u00ae","description":"EXPERT Punaises de Lit - Laboratoire SUISSE - Traitements concentr\u00e9s contres les Punaises de Lit. Protection Longue Dur\u00e9e. Efficacit\u00e9 prouv\u00e9e, r\u00e9sultat maximal. Recommand\u00e9 par les professionnels.","publisher":{"@id":"https:\/\/www.sereni-d.com\/es\/#organization"},"potentialAction":[{"@type":"SearchAction","target":{"@type":"EntryPoint","urlTemplate":"https:\/\/www.sereni-d.com\/es\/?s={search_term_string}"},"query-input":{"@type":"PropertyValueSpecification","valueRequired":true,"valueName":"search_term_string"}}],"inLanguage":"es"},{"@type":"Organization","@id":"https:\/\/www.sereni-d.com\/es\/#organization","name":"Sereni-d","url":"https:\/\/www.sereni-d.com\/es\/","logo":{"@type":"ImageObject","inLanguage":"es","@id":"https:\/\/www.sereni-d.com\/es\/#\/schema\/logo\/image\/","url":"","contentUrl":"","caption":"Sereni-d"},"image":{"@id":"https:\/\/www.sereni-d.com\/es\/#\/schema\/logo\/image\/"},"sameAs":["https:\/\/www.facebook.com\/SereniDsante\/","https:\/\/www.instagram.com\/serenidsante\/"]}]}},"_links":{"self":[{"href":"https:\/\/www.sereni-d.com\/es\/wp-json\/wp\/v2\/product\/15969","targetHints":{"allow":["GET"]}}],"collection":[{"href":"https:\/\/www.sereni-d.com\/es\/wp-json\/wp\/v2\/product"}],"about":[{"href":"https:\/\/www.sereni-d.com\/es\/wp-json\/wp\/v2\/types\/product"}],"replies":[{"embeddable":true,"href":"https:\/\/www.sereni-d.com\/es\/wp-json\/wp\/v2\/comments?post=15969"}],"wp:featuredmedia":[{"embeddable":true,"href":"https:\/\/www.sereni-d.com\/es\/wp-json\/wp\/v2\/media\/15974"}],"wp:attachment":[{"href":"https:\/\/www.sereni-d.com\/es\/wp-json\/wp\/v2\/media?parent=15969"}],"wp:term":[{"taxonomy":"product_brand","embeddable":true,"href":"https:\/\/www.sereni-d.com\/es\/wp-json\/wp\/v2\/product_brand?post=15969"},{"taxonomy":"product_cat","embeddable":true,"href":"https:\/\/www.sereni-d.com\/es\/wp-json\/wp\/v2\/product_cat?post=15969"},{"taxonomy":"product_tag","embeddable":true,"href":"https:\/\/www.sereni-d.com\/es\/wp-json\/wp\/v2\/product_tag?post=15969"}],"curies":[{"name":"wp","href":"https:\/\/api.w.org\/{rel}","templated":true}]}}