{"id":20699,"date":"2025-11-20T15:15:18","date_gmt":"2025-11-20T14:15:18","guid":{"rendered":"https:\/\/www.sereni-d.com\/?post_type=product&#038;p=20699"},"modified":"2026-04-19T16:23:35","modified_gmt":"2026-04-19T14:23:35","slug":"tierra-de-diatomeas-menta-hormigas","status":"publish","type":"product","link":"https:\/\/www.sereni-d.com\/es\/produits\/tierra-de-diatomeas-menta-hormigas\/","title":{"rendered":"TIERRA DE DIATOMEAS MENTA Hormigas"},"content":{"rendered":"<p data-start=\"2639\" data-end=\"2843\"><strong data-start=\"2639\" data-end=\"2691\">TIERRA DE DIATOMEAS aceite esencial MENTA \u2013 TRATAMIENTO HORMIGAS<\/strong> es un aerosol listo para usar, de inspiraci\u00f3n natural, desarrollado espec\u00edficamente para combatir las hormigas tanto de forma preventiva como curativa.<\/p>\n<p data-start=\"2845\" data-end=\"3375\">Su f\u00f3rmula a base de tierra de diatomeas y menta, compuesta por f\u00f3siles de algas microsc\u00f3picas, garantiza la eliminaci\u00f3n de las hormigas gracias a un efecto cortante y una acci\u00f3n desecante. A trav\u00e9s de su propio movimiento, las hormigas se cubren con polvo de tierra de diatomeas y menta. El alto poder de absorci\u00f3n del polvo elimina los l\u00edpidos de la cut\u00edcula, provocando la deshidrataci\u00f3n y la muerte de los insectos en pocas horas. Su fragancia de aceite esencial de menta aporta una aut\u00e9ntica sensaci\u00f3n de frescor en el hogar.<\/p>\n<p data-start=\"3377\" data-end=\"3966\">Su f\u00f3rmula concentrada ofrece una eficacia inmediata (en pocas horas) y una acci\u00f3n duradera (hasta 3 semanas de efecto residual en condiciones \u00f3ptimas de uso). La tierra de diatomeas es amorfa y no calcinada. Su homologaci\u00f3n como biocida garantiza un contenido m\u00ednimo del 90% de s\u00edlice (SiO\u2082), lo que asegura un nivel muy elevado de absorci\u00f3n y eficacia contra las hormigas. Esto la diferencia de la tierra de diatomeas no biocida, de uso alimentario, que contiene menos s\u00edlice, part\u00edculas de mayor tama\u00f1o y, por tanto, un poder de desecaci\u00f3n reducido, siendo ineficaz contra las hormigas.<\/p>\n<p data-start=\"3968\" data-end=\"4220\">Pulverizada en los lugares de paso de las hormigas, entradas de nidos, grietas, rodapi\u00e9s y otras zonas oscuras, la tierra de diatomeas se adhiere a las hormigas y provoca su muerte al pasar sobre las superficies tratadas mediante deshidrataci\u00f3n r\u00e1pida.<\/p>\n<p data-start=\"4222\" data-end=\"4610\">El aerosol <strong data-start=\"4233\" data-end=\"4262\">TIERRA DE DIATOMEAS MENTA<\/strong> es una soluci\u00f3n profesional para la eliminaci\u00f3n de hormigas que no genera resistencia. Tambi\u00e9n es eficaz contra otros insectos rastreros del hogar, como chinches, ara\u00f1as, \u00e1caros, pulgas, pececillos de plata, cucarachas, etc. Constituye una alternativa complementaria a otras soluciones Sereni-d\u00ae para una protecci\u00f3n dom\u00e9stica duradera y reforzada.<\/p>\n<p data-start=\"4612\" data-end=\"5048\">El aerosol <strong data-start=\"4623\" data-end=\"4652\">TIERRA DE DIATOMEAS MENTA<\/strong> es su mejor aliado en prevenci\u00f3n y en caso de infestaci\u00f3n de hormigas. Es una alternativa mec\u00e1nica de alta precisi\u00f3n a los tratamientos qu\u00edmicos. En uso preventivo, aplicado en zonas estrat\u00e9gicas, crea una aut\u00e9ntica barrera protectora contra las hormigas. El polvo de Tierra de Diatomeas Menta Sereni-d\u00ae permite una aplicaci\u00f3n localizada y no vol\u00e1til, ideal para eliminar hormigas y hormigueros.<\/p>\n<p data-start=\"5050\" data-end=\"5210\"><strong data-start=\"5050\" data-end=\"5089\">Garant\u00eda de satisfacci\u00f3n Sereni-d\u00ae:<\/strong> Si no est\u00e1 satisfecho con su compra, cont\u00e1ctenos a trav\u00e9s de la p\u00e1gina de contacto y le reembolsaremos el importe total.<\/p>\n","protected":false},"excerpt":{"rendered":"<p align=\"justify\">\u2022 Aerosol preventivo y curativo contra hormigas<br \/>\n\u2022 Elimina y previene el 100% de las hormigas<br \/>\n\u2022 Protecci\u00f3n inmediata y duradera (hasta 3 semanas)<br \/>\n\u2022 M\u00e1s de 250.000 clientes satisfechos de<sup>Sereni-d<\/sup><\/p>\n<p align=\"justify\"><strong>F\u00d3RMULA CONCENTRADA \u2013 RESULTADO M\u00c1XIMO<\/strong><\/p>\n","protected":false},"featured_media":20772,"comment_status":"open","ping_status":"closed","template":"","meta":{"_acf_changed":false,"_monsterinsights_skip_tracking":false,"_monsterinsights_sitenote_active":false,"_monsterinsights_sitenote_note":"","_monsterinsights_sitenote_category":0},"product_brand":[],"product_cat":[137],"product_tag":[],"class_list":{"0":"post-20699","1":"product","2":"type-product","3":"status-publish","4":"has-post-thumbnail","6":"product_cat-produits-es","8":"first","9":"instock","10":"taxable","11":"shipping-taxable","12":"purchasable","13":"product-type-simple"},"acf":[],"yoast_head":"<!-- This site is optimized with the Yoast SEO plugin v27.2 - https:\/\/yoast.com\/product\/yoast-seo-wordpress\/ -->\n<title>Tierra de Diatomeas aceite esencial Menta Tratamiento Hormigas- Sereni-d\u00ae<\/title>\n<meta name=\"description\" content=\"Potente soluci\u00f3n profesional contra hormigas. Elimina y previene el 100 % de las hormigas. 3 semanas de eficacia.\" \/>\n<meta name=\"robots\" content=\"index, follow, max-snippet:-1, max-image-preview:large, max-video-preview:-1\" \/>\n<link rel=\"canonical\" href=\"https:\/\/www.sereni-d.com\/es\/produits\/tierra-de-diatomeas-menta-hormigas\/\" \/>\n<meta property=\"og:locale\" content=\"es_ES\" \/>\n<meta property=\"og:type\" content=\"article\" \/>\n<meta property=\"og:title\" content=\"Tierra de Diatomeas aceite esencial Menta Tratamiento Hormigas- Sereni-d\u00ae\" \/>\n<meta property=\"og:description\" content=\"Potente soluci\u00f3n profesional contra hormigas. Elimina y previene el 100 % de las hormigas. 3 semanas de eficacia.\" \/>\n<meta property=\"og:url\" content=\"https:\/\/www.sereni-d.com\/es\/produits\/tierra-de-diatomeas-menta-hormigas\/\" \/>\n<meta property=\"og:site_name\" content=\"Sereni-d\u00ae\" \/>\n<meta property=\"article:publisher\" content=\"https:\/\/www.facebook.com\/SereniDsante\/\" \/>\n<meta property=\"article:modified_time\" content=\"2026-04-19T14:23:35+00:00\" \/>\n<meta property=\"og:image\" content=\"https:\/\/www.sereni-d.com\/wp-content\/uploads\/2025\/11\/ES_menthe-fourmis-scaled.jpg\" \/>\n\t<meta property=\"og:image:width\" content=\"2560\" \/>\n\t<meta property=\"og:image:height\" content=\"2560\" \/>\n\t<meta property=\"og:image:type\" content=\"image\/jpeg\" \/>\n<meta name=\"twitter:card\" content=\"summary_large_image\" \/>\n<meta name=\"twitter:label1\" content=\"Tiempo de lectura\" \/>\n\t<meta name=\"twitter:data1\" content=\"3 minutos\" \/>\n<script type=\"application\/ld+json\" class=\"yoast-schema-graph\">{\"@context\":\"https:\/\/schema.org\",\"@graph\":[{\"@type\":\"WebPage\",\"@id\":\"https:\/\/www.sereni-d.com\/es\/produits\/tierra-de-diatomeas-menta-hormigas\/\",\"url\":\"https:\/\/www.sereni-d.com\/es\/produits\/tierra-de-diatomeas-menta-hormigas\/\",\"name\":\"Tierra de Diatomeas aceite esencial Menta Tratamiento Hormigas- Sereni-d\u00ae\",\"isPartOf\":{\"@id\":\"https:\/\/www.sereni-d.com\/es\/#website\"},\"primaryImageOfPage\":{\"@id\":\"https:\/\/www.sereni-d.com\/es\/produits\/tierra-de-diatomeas-menta-hormigas\/#primaryimage\"},\"image\":{\"@id\":\"https:\/\/www.sereni-d.com\/es\/produits\/tierra-de-diatomeas-menta-hormigas\/#primaryimage\"},\"thumbnailUrl\":\"https:\/\/www.sereni-d.com\/wp-content\/uploads\/2025\/11\/ES_menthe-fourmis-scaled.jpg\",\"datePublished\":\"2025-11-20T14:15:18+00:00\",\"dateModified\":\"2026-04-19T14:23:35+00:00\",\"description\":\"Potente soluci\u00f3n profesional contra hormigas. Elimina y previene el 100 % de las hormigas. 3 semanas de eficacia.\",\"breadcrumb\":{\"@id\":\"https:\/\/www.sereni-d.com\/es\/produits\/tierra-de-diatomeas-menta-hormigas\/#breadcrumb\"},\"inLanguage\":\"es\",\"potentialAction\":[{\"@type\":\"ReadAction\",\"target\":[\"https:\/\/www.sereni-d.com\/es\/produits\/tierra-de-diatomeas-menta-hormigas\/\"]}]},{\"@type\":\"ImageObject\",\"inLanguage\":\"es\",\"@id\":\"https:\/\/www.sereni-d.com\/es\/produits\/tierra-de-diatomeas-menta-hormigas\/#primaryimage\",\"url\":\"https:\/\/www.sereni-d.com\/wp-content\/uploads\/2025\/11\/ES_menthe-fourmis-scaled.jpg\",\"contentUrl\":\"https:\/\/www.sereni-d.com\/wp-content\/uploads\/2025\/11\/ES_menthe-fourmis-scaled.jpg\",\"width\":2560,\"height\":2560,\"caption\":\"Tierra de Diatomeas con Aceite Esencialenthe\"},{\"@type\":\"BreadcrumbList\",\"@id\":\"https:\/\/www.sereni-d.com\/es\/produits\/tierra-de-diatomeas-menta-hormigas\/#breadcrumb\",\"itemListElement\":[{\"@type\":\"ListItem\",\"position\":1,\"name\":\"Inicio\",\"item\":\"https:\/\/www.sereni-d.com\/es\/\"},{\"@type\":\"ListItem\",\"position\":2,\"name\":\"Tienda\",\"item\":\"https:\/\/www.sereni-d.com\/es\/produits\/\"},{\"@type\":\"ListItem\",\"position\":3,\"name\":\"Punaise de lit\",\"item\":\"https:\/\/www.sereni-d.com\/categories\/punaise-de-lit\/\"},{\"@type\":\"ListItem\",\"position\":4,\"name\":\"Produits\",\"item\":\"https:\/\/www.sereni-d.com\/es\/categories\/produits-es\/\"},{\"@type\":\"ListItem\",\"position\":5,\"name\":\"TIERRA DE DIATOMEAS MENTA Hormigas\"}]},{\"@type\":\"WebSite\",\"@id\":\"https:\/\/www.sereni-d.com\/es\/#website\",\"url\":\"https:\/\/www.sereni-d.com\/es\/\",\"name\":\"Sereni-d\u00ae\",\"description\":\"EXPERT Punaises de Lit - Laboratoire SUISSE - Traitements concentr\u00e9s contres les Punaises de Lit. Protection Longue Dur\u00e9e. Efficacit\u00e9 prouv\u00e9e, r\u00e9sultat maximal. Recommand\u00e9 par les professionnels.\",\"publisher\":{\"@id\":\"https:\/\/www.sereni-d.com\/es\/#organization\"},\"potentialAction\":[{\"@type\":\"SearchAction\",\"target\":{\"@type\":\"EntryPoint\",\"urlTemplate\":\"https:\/\/www.sereni-d.com\/es\/?s={search_term_string}\"},\"query-input\":{\"@type\":\"PropertyValueSpecification\",\"valueRequired\":true,\"valueName\":\"search_term_string\"}}],\"inLanguage\":\"es\"},{\"@type\":\"Organization\",\"@id\":\"https:\/\/www.sereni-d.com\/es\/#organization\",\"name\":\"Sereni-d\",\"url\":\"https:\/\/www.sereni-d.com\/es\/\",\"logo\":{\"@type\":\"ImageObject\",\"inLanguage\":\"es\",\"@id\":\"https:\/\/www.sereni-d.com\/es\/#\/schema\/logo\/image\/\",\"url\":\"\",\"contentUrl\":\"\",\"caption\":\"Sereni-d\"},\"image\":{\"@id\":\"https:\/\/www.sereni-d.com\/es\/#\/schema\/logo\/image\/\"},\"sameAs\":[\"https:\/\/www.facebook.com\/SereniDsante\/\",\"https:\/\/www.instagram.com\/serenidsante\/\"]}]}<\/script>\n<!-- \/ Yoast SEO plugin. -->","yoast_head_json":{"title":"Tierra de Diatomeas aceite esencial Menta Tratamiento Hormigas- Sereni-d\u00ae","description":"Potente soluci\u00f3n profesional contra hormigas. Elimina y previene el 100 % de las hormigas. 3 semanas de eficacia.","robots":{"index":"index","follow":"follow","max-snippet":"max-snippet:-1","max-image-preview":"max-image-preview:large","max-video-preview":"max-video-preview:-1"},"canonical":"https:\/\/www.sereni-d.com\/es\/produits\/tierra-de-diatomeas-menta-hormigas\/","og_locale":"es_ES","og_type":"article","og_title":"Tierra de Diatomeas aceite esencial Menta Tratamiento Hormigas- Sereni-d\u00ae","og_description":"Potente soluci\u00f3n profesional contra hormigas. Elimina y previene el 100 % de las hormigas. 3 semanas de eficacia.","og_url":"https:\/\/www.sereni-d.com\/es\/produits\/tierra-de-diatomeas-menta-hormigas\/","og_site_name":"Sereni-d\u00ae","article_publisher":"https:\/\/www.facebook.com\/SereniDsante\/","article_modified_time":"2026-04-19T14:23:35+00:00","og_image":[{"width":2560,"height":2560,"url":"https:\/\/www.sereni-d.com\/wp-content\/uploads\/2025\/11\/ES_menthe-fourmis-scaled.jpg","type":"image\/jpeg"}],"twitter_card":"summary_large_image","twitter_misc":{"Tiempo de lectura":"3 minutos"},"schema":{"@context":"https:\/\/schema.org","@graph":[{"@type":"WebPage","@id":"https:\/\/www.sereni-d.com\/es\/produits\/tierra-de-diatomeas-menta-hormigas\/","url":"https:\/\/www.sereni-d.com\/es\/produits\/tierra-de-diatomeas-menta-hormigas\/","name":"Tierra de Diatomeas aceite esencial Menta Tratamiento Hormigas- Sereni-d\u00ae","isPartOf":{"@id":"https:\/\/www.sereni-d.com\/es\/#website"},"primaryImageOfPage":{"@id":"https:\/\/www.sereni-d.com\/es\/produits\/tierra-de-diatomeas-menta-hormigas\/#primaryimage"},"image":{"@id":"https:\/\/www.sereni-d.com\/es\/produits\/tierra-de-diatomeas-menta-hormigas\/#primaryimage"},"thumbnailUrl":"https:\/\/www.sereni-d.com\/wp-content\/uploads\/2025\/11\/ES_menthe-fourmis-scaled.jpg","datePublished":"2025-11-20T14:15:18+00:00","dateModified":"2026-04-19T14:23:35+00:00","description":"Potente soluci\u00f3n profesional contra hormigas. Elimina y previene el 100 % de las hormigas. 3 semanas de eficacia.","breadcrumb":{"@id":"https:\/\/www.sereni-d.com\/es\/produits\/tierra-de-diatomeas-menta-hormigas\/#breadcrumb"},"inLanguage":"es","potentialAction":[{"@type":"ReadAction","target":["https:\/\/www.sereni-d.com\/es\/produits\/tierra-de-diatomeas-menta-hormigas\/"]}]},{"@type":"ImageObject","inLanguage":"es","@id":"https:\/\/www.sereni-d.com\/es\/produits\/tierra-de-diatomeas-menta-hormigas\/#primaryimage","url":"https:\/\/www.sereni-d.com\/wp-content\/uploads\/2025\/11\/ES_menthe-fourmis-scaled.jpg","contentUrl":"https:\/\/www.sereni-d.com\/wp-content\/uploads\/2025\/11\/ES_menthe-fourmis-scaled.jpg","width":2560,"height":2560,"caption":"Tierra de Diatomeas con Aceite Esencialenthe"},{"@type":"BreadcrumbList","@id":"https:\/\/www.sereni-d.com\/es\/produits\/tierra-de-diatomeas-menta-hormigas\/#breadcrumb","itemListElement":[{"@type":"ListItem","position":1,"name":"Inicio","item":"https:\/\/www.sereni-d.com\/es\/"},{"@type":"ListItem","position":2,"name":"Tienda","item":"https:\/\/www.sereni-d.com\/es\/produits\/"},{"@type":"ListItem","position":3,"name":"Punaise de lit","item":"https:\/\/www.sereni-d.com\/categories\/punaise-de-lit\/"},{"@type":"ListItem","position":4,"name":"Produits","item":"https:\/\/www.sereni-d.com\/es\/categories\/produits-es\/"},{"@type":"ListItem","position":5,"name":"TIERRA DE DIATOMEAS MENTA Hormigas"}]},{"@type":"WebSite","@id":"https:\/\/www.sereni-d.com\/es\/#website","url":"https:\/\/www.sereni-d.com\/es\/","name":"Sereni-d\u00ae","description":"EXPERT Punaises de Lit - Laboratoire SUISSE - Traitements concentr\u00e9s contres les Punaises de Lit. Protection Longue Dur\u00e9e. Efficacit\u00e9 prouv\u00e9e, r\u00e9sultat maximal. Recommand\u00e9 par les professionnels.","publisher":{"@id":"https:\/\/www.sereni-d.com\/es\/#organization"},"potentialAction":[{"@type":"SearchAction","target":{"@type":"EntryPoint","urlTemplate":"https:\/\/www.sereni-d.com\/es\/?s={search_term_string}"},"query-input":{"@type":"PropertyValueSpecification","valueRequired":true,"valueName":"search_term_string"}}],"inLanguage":"es"},{"@type":"Organization","@id":"https:\/\/www.sereni-d.com\/es\/#organization","name":"Sereni-d","url":"https:\/\/www.sereni-d.com\/es\/","logo":{"@type":"ImageObject","inLanguage":"es","@id":"https:\/\/www.sereni-d.com\/es\/#\/schema\/logo\/image\/","url":"","contentUrl":"","caption":"Sereni-d"},"image":{"@id":"https:\/\/www.sereni-d.com\/es\/#\/schema\/logo\/image\/"},"sameAs":["https:\/\/www.facebook.com\/SereniDsante\/","https:\/\/www.instagram.com\/serenidsante\/"]}]}},"_links":{"self":[{"href":"https:\/\/www.sereni-d.com\/es\/wp-json\/wp\/v2\/product\/20699","targetHints":{"allow":["GET"]}}],"collection":[{"href":"https:\/\/www.sereni-d.com\/es\/wp-json\/wp\/v2\/product"}],"about":[{"href":"https:\/\/www.sereni-d.com\/es\/wp-json\/wp\/v2\/types\/product"}],"replies":[{"embeddable":true,"href":"https:\/\/www.sereni-d.com\/es\/wp-json\/wp\/v2\/comments?post=20699"}],"wp:featuredmedia":[{"embeddable":true,"href":"https:\/\/www.sereni-d.com\/es\/wp-json\/wp\/v2\/media\/20772"}],"wp:attachment":[{"href":"https:\/\/www.sereni-d.com\/es\/wp-json\/wp\/v2\/media?parent=20699"}],"wp:term":[{"taxonomy":"product_brand","embeddable":true,"href":"https:\/\/www.sereni-d.com\/es\/wp-json\/wp\/v2\/product_brand?post=20699"},{"taxonomy":"product_cat","embeddable":true,"href":"https:\/\/www.sereni-d.com\/es\/wp-json\/wp\/v2\/product_cat?post=20699"},{"taxonomy":"product_tag","embeddable":true,"href":"https:\/\/www.sereni-d.com\/es\/wp-json\/wp\/v2\/product_tag?post=20699"}],"curies":[{"name":"wp","href":"https:\/\/api.w.org\/{rel}","templated":true}]}}