{"id":23193,"date":"2026-03-17T13:37:15","date_gmt":"2026-03-17T12:37:15","guid":{"rendered":"https:\/\/www.sereni-d.com\/?post_type=product&#038;p=23193"},"modified":"2026-05-03T19:50:53","modified_gmt":"2026-05-03T17:50:53","slug":"difusor-repelente-polillas-textiles","status":"publish","type":"product","link":"https:\/\/www.sereni-d.com\/es\/produits\/difusor-repelente-polillas-textiles\/","title":{"rendered":"MINT POWER \u2013 Difusor Repelente de Polillas Textiles"},"content":{"rendered":"<p data-start=\"5497\" data-end=\"5701\"><strong>MINT POWER \u2013 Difusor Repelente de Polillas Textiles<\/strong> es una soluci\u00f3n lista para usar, especialmente desarrollada para <strong>proteger eficazmente su ropa contra las polillas<\/strong>, exclusivamente con fines preventivos.<\/p>\n<p data-start=\"5703\" data-end=\"6014\">Su f\u00f3rmula a base de aceite de menta, cuidadosamente seleccionada por sus <strong>propiedades naturalmente repelentes<\/strong>, crea una potente barrera olfativa que altera los receptores sensoriales de las polillas. Incapaces de reconocer un entorno adecuado, se les impide acercarse, instalarse y poner huevos en sus textiles.<\/p>\n<p data-start=\"6016\" data-end=\"6322\">Colocado en cajones, armarios o vestidores, la difusi\u00f3n gradual del activo asegura una protecci\u00f3n homog\u00e9nea y continua de sus espacios de almacenamiento. El difusor <strong>protege de forma duradera la ropa, lana, cachemir, abrigos, pieles y tejidos delicados, mientras difunde una agradable sensaci\u00f3n de frescura<\/strong>.<\/p>\n<p data-start=\"6324\" data-end=\"6591\">Las polillas textiles se sienten atra\u00eddas por fibras naturales y ambientes oscuros y poco ventilados, por lo que la prevenci\u00f3n es esencial. Gracias a su acci\u00f3n dirigida, MINT POWER constituye una soluci\u00f3n sencilla, limpia y eficaz para proteger sus textiles a diario.<\/p>\n<p data-start=\"6593\" data-end=\"6824\">Su acci\u00f3n es inmediata y su eficacia <strong>puede durar hasta 1 mes en condiciones \u00f3ptimas de uso<\/strong>. Para un rendimiento m\u00e1ximo, se recomienda dejar que el producto se difunda <strong>durante al menos 7 d\u00edas para garantizar una protecci\u00f3n duradera<\/strong>.<\/p>\n<p data-start=\"6826\" data-end=\"7038\"><strong>El difusor MINT POWER<\/strong> es \u00fanicamente para uso preventivo. Antes de usarlo, aseg\u00farese de que no haya infestaciones activas (larvas o polillas visibles). En caso de duda, aplique previamente un tratamiento curativo.<\/p>\n<p data-start=\"7040\" data-end=\"7210\">F\u00e1cil de usar, sin contacto directo con la ropa, el difusor MINT POWER se integra perfectamente en su rutina de cuidado para una protecci\u00f3n continua y sin complicaciones.<\/p>\n<p data-start=\"5050\" data-end=\"5210\"><strong data-start=\"5050\" data-end=\"5089\">Garant\u00eda de satisfacci\u00f3n Sereni-d\u00ae:<\/strong> Si no est\u00e1 satisfecho con su compra, cont\u00e1ctenos a trav\u00e9s de la <a href=\"https:\/\/www.sereni-d.com\/es\/contacto\/\">p\u00e1gina de contacto<\/a> y le reembolsaremos el importe total.<\/p>\n","protected":false},"excerpt":{"rendered":"<p align=\"justify\">\u2022 Barrera olfativa protectora natural a base de menta<br \/>\n\u2022 Protege contra las polillas textiles en armarios, vestidores y cajones<br \/>\n\u2022 Protecci\u00f3n inmediata y duradera (hasta 1 mes)<br \/>\n\u2022 M\u00e1s de 250.000 clientes satisfechos de<sup>Sereni-d<\/sup><\/p>\n<p align=\"justify\"><strong>F\u00d3RMULA CONCENTRADA \u2013 RESULTADO M\u00c1XIMO<\/strong><\/p>\n","protected":false},"featured_media":23200,"comment_status":"open","ping_status":"closed","template":"","meta":{"_acf_changed":false,"_monsterinsights_skip_tracking":false,"_monsterinsights_sitenote_active":false,"_monsterinsights_sitenote_note":"","_monsterinsights_sitenote_category":0},"product_brand":[],"product_cat":[137],"product_tag":[],"class_list":{"0":"post-23193","1":"product","2":"type-product","3":"status-publish","4":"has-post-thumbnail","6":"product_cat-produits-es","8":"first","9":"outofstock","10":"taxable","11":"shipping-taxable","12":"purchasable","13":"product-type-simple"},"acf":[],"yoast_head":"<!-- This site is optimized with the Yoast SEO plugin v27.4 - https:\/\/yoast.com\/product\/yoast-seo-wordpress\/ -->\n<title>Difusor Repelente de Polillas Textiles MINT POWER- Sereni-d\u00ae<\/title>\n<meta name=\"description\" content=\"Soluci\u00f3n profesional potente contra las polillas. Repelente antipolillas textiles a base de aceite de menta. Eficacia hasta 1 mes.\" \/>\n<meta name=\"robots\" content=\"index, follow, max-snippet:-1, max-image-preview:large, max-video-preview:-1\" \/>\n<link rel=\"canonical\" href=\"https:\/\/www.sereni-d.com\/es\/produits\/difusor-repelente-polillas-textiles\/\" \/>\n<meta property=\"og:locale\" content=\"es_ES\" \/>\n<meta property=\"og:type\" content=\"article\" \/>\n<meta property=\"og:title\" content=\"Difusor Repelente de Polillas Textiles MINT POWER- Sereni-d\u00ae\" \/>\n<meta property=\"og:description\" content=\"Soluci\u00f3n profesional potente contra las polillas. Repelente antipolillas textiles a base de aceite de menta. Eficacia hasta 1 mes.\" \/>\n<meta property=\"og:url\" content=\"https:\/\/www.sereni-d.com\/es\/produits\/difusor-repelente-polillas-textiles\/\" \/>\n<meta property=\"og:site_name\" content=\"Sereni-d\u00ae\" \/>\n<meta property=\"article:publisher\" content=\"https:\/\/www.facebook.com\/SereniDsante\/\" \/>\n<meta property=\"article:modified_time\" content=\"2026-05-03T17:50:53+00:00\" \/>\n<meta property=\"og:image\" content=\"https:\/\/www.sereni-d.com\/wp-content\/uploads\/2026\/03\/ES_anti-mites-cire-1-scaled.jpg\" \/>\n\t<meta property=\"og:image:width\" content=\"2560\" \/>\n\t<meta property=\"og:image:height\" content=\"2560\" \/>\n\t<meta property=\"og:image:type\" content=\"image\/jpeg\" \/>\n<meta name=\"twitter:card\" content=\"summary_large_image\" \/>\n<meta name=\"twitter:label1\" content=\"Tiempo de lectura\" \/>\n\t<meta name=\"twitter:data1\" content=\"2 minutos\" \/>\n<script type=\"application\/ld+json\" class=\"yoast-schema-graph\">{\"@context\":\"https:\\\/\\\/schema.org\",\"@graph\":[{\"@type\":\"WebPage\",\"@id\":\"https:\\\/\\\/www.sereni-d.com\\\/es\\\/produits\\\/difusor-repelente-polillas-textiles\\\/\",\"url\":\"https:\\\/\\\/www.sereni-d.com\\\/es\\\/produits\\\/difusor-repelente-polillas-textiles\\\/\",\"name\":\"Difusor Repelente de Polillas Textiles MINT POWER- Sereni-d\u00ae\",\"isPartOf\":{\"@id\":\"https:\\\/\\\/www.sereni-d.com\\\/es\\\/#website\"},\"primaryImageOfPage\":{\"@id\":\"https:\\\/\\\/www.sereni-d.com\\\/es\\\/produits\\\/difusor-repelente-polillas-textiles\\\/#primaryimage\"},\"image\":{\"@id\":\"https:\\\/\\\/www.sereni-d.com\\\/es\\\/produits\\\/difusor-repelente-polillas-textiles\\\/#primaryimage\"},\"thumbnailUrl\":\"https:\\\/\\\/www.sereni-d.com\\\/wp-content\\\/uploads\\\/2026\\\/03\\\/ES_anti-mites-cire-1-scaled.jpg\",\"datePublished\":\"2026-03-17T12:37:15+00:00\",\"dateModified\":\"2026-05-03T17:50:53+00:00\",\"description\":\"Soluci\u00f3n profesional potente contra las polillas. Repelente antipolillas textiles a base de aceite de menta. Eficacia hasta 1 mes.\",\"breadcrumb\":{\"@id\":\"https:\\\/\\\/www.sereni-d.com\\\/es\\\/produits\\\/difusor-repelente-polillas-textiles\\\/#breadcrumb\"},\"inLanguage\":\"es\",\"potentialAction\":[{\"@type\":\"ReadAction\",\"target\":[\"https:\\\/\\\/www.sereni-d.com\\\/es\\\/produits\\\/difusor-repelente-polillas-textiles\\\/\"]}]},{\"@type\":\"ImageObject\",\"inLanguage\":\"es\",\"@id\":\"https:\\\/\\\/www.sereni-d.com\\\/es\\\/produits\\\/difusor-repelente-polillas-textiles\\\/#primaryimage\",\"url\":\"https:\\\/\\\/www.sereni-d.com\\\/wp-content\\\/uploads\\\/2026\\\/03\\\/ES_anti-mites-cire-1-scaled.jpg\",\"contentUrl\":\"https:\\\/\\\/www.sereni-d.com\\\/wp-content\\\/uploads\\\/2026\\\/03\\\/ES_anti-mites-cire-1-scaled.jpg\",\"width\":2560,\"height\":2560},{\"@type\":\"BreadcrumbList\",\"@id\":\"https:\\\/\\\/www.sereni-d.com\\\/es\\\/produits\\\/difusor-repelente-polillas-textiles\\\/#breadcrumb\",\"itemListElement\":[{\"@type\":\"ListItem\",\"position\":1,\"name\":\"Inicio\",\"item\":\"https:\\\/\\\/www.sereni-d.com\\\/es\\\/\"},{\"@type\":\"ListItem\",\"position\":2,\"name\":\"Tienda\",\"item\":\"https:\\\/\\\/www.sereni-d.com\\\/es\\\/produits\\\/\"},{\"@type\":\"ListItem\",\"position\":3,\"name\":\"Punaise de lit\",\"item\":\"https:\\\/\\\/www.sereni-d.com\\\/categories\\\/punaise-de-lit\\\/\"},{\"@type\":\"ListItem\",\"position\":4,\"name\":\"Produits\",\"item\":\"https:\\\/\\\/www.sereni-d.com\\\/es\\\/categories\\\/produits-es\\\/\"},{\"@type\":\"ListItem\",\"position\":5,\"name\":\"MINT POWER \u2013 Difusor Repelente de Polillas Textiles\"}]},{\"@type\":\"WebSite\",\"@id\":\"https:\\\/\\\/www.sereni-d.com\\\/es\\\/#website\",\"url\":\"https:\\\/\\\/www.sereni-d.com\\\/es\\\/\",\"name\":\"Sereni-d\u00ae\",\"description\":\"EXPERT Punaises de Lit - Laboratoire SUISSE - Traitements concentr\u00e9s contres les Punaises de Lit. Protection Longue Dur\u00e9e. Efficacit\u00e9 prouv\u00e9e, r\u00e9sultat maximal. Recommand\u00e9 par les professionnels.\",\"publisher\":{\"@id\":\"https:\\\/\\\/www.sereni-d.com\\\/es\\\/#organization\"},\"potentialAction\":[{\"@type\":\"SearchAction\",\"target\":{\"@type\":\"EntryPoint\",\"urlTemplate\":\"https:\\\/\\\/www.sereni-d.com\\\/es\\\/?s={search_term_string}\"},\"query-input\":{\"@type\":\"PropertyValueSpecification\",\"valueRequired\":true,\"valueName\":\"search_term_string\"}}],\"inLanguage\":\"es\"},{\"@type\":\"Organization\",\"@id\":\"https:\\\/\\\/www.sereni-d.com\\\/es\\\/#organization\",\"name\":\"Sereni-d\",\"url\":\"https:\\\/\\\/www.sereni-d.com\\\/es\\\/\",\"logo\":{\"@type\":\"ImageObject\",\"inLanguage\":\"es\",\"@id\":\"https:\\\/\\\/www.sereni-d.com\\\/es\\\/#\\\/schema\\\/logo\\\/image\\\/\",\"url\":\"\",\"contentUrl\":\"\",\"caption\":\"Sereni-d\"},\"image\":{\"@id\":\"https:\\\/\\\/www.sereni-d.com\\\/es\\\/#\\\/schema\\\/logo\\\/image\\\/\"},\"sameAs\":[\"https:\\\/\\\/www.facebook.com\\\/SereniDsante\\\/\",\"https:\\\/\\\/www.instagram.com\\\/serenidsante\\\/\"]}]}<\/script>\n<!-- \/ Yoast SEO plugin. -->","yoast_head_json":{"title":"Difusor Repelente de Polillas Textiles MINT POWER- Sereni-d\u00ae","description":"Soluci\u00f3n profesional potente contra las polillas. Repelente antipolillas textiles a base de aceite de menta. Eficacia hasta 1 mes.","robots":{"index":"index","follow":"follow","max-snippet":"max-snippet:-1","max-image-preview":"max-image-preview:large","max-video-preview":"max-video-preview:-1"},"canonical":"https:\/\/www.sereni-d.com\/es\/produits\/difusor-repelente-polillas-textiles\/","og_locale":"es_ES","og_type":"article","og_title":"Difusor Repelente de Polillas Textiles MINT POWER- Sereni-d\u00ae","og_description":"Soluci\u00f3n profesional potente contra las polillas. Repelente antipolillas textiles a base de aceite de menta. Eficacia hasta 1 mes.","og_url":"https:\/\/www.sereni-d.com\/es\/produits\/difusor-repelente-polillas-textiles\/","og_site_name":"Sereni-d\u00ae","article_publisher":"https:\/\/www.facebook.com\/SereniDsante\/","article_modified_time":"2026-05-03T17:50:53+00:00","og_image":[{"width":2560,"height":2560,"url":"https:\/\/www.sereni-d.com\/wp-content\/uploads\/2026\/03\/ES_anti-mites-cire-1-scaled.jpg","type":"image\/jpeg"}],"twitter_card":"summary_large_image","twitter_misc":{"Tiempo de lectura":"2 minutos"},"schema":{"@context":"https:\/\/schema.org","@graph":[{"@type":"WebPage","@id":"https:\/\/www.sereni-d.com\/es\/produits\/difusor-repelente-polillas-textiles\/","url":"https:\/\/www.sereni-d.com\/es\/produits\/difusor-repelente-polillas-textiles\/","name":"Difusor Repelente de Polillas Textiles MINT POWER- Sereni-d\u00ae","isPartOf":{"@id":"https:\/\/www.sereni-d.com\/es\/#website"},"primaryImageOfPage":{"@id":"https:\/\/www.sereni-d.com\/es\/produits\/difusor-repelente-polillas-textiles\/#primaryimage"},"image":{"@id":"https:\/\/www.sereni-d.com\/es\/produits\/difusor-repelente-polillas-textiles\/#primaryimage"},"thumbnailUrl":"https:\/\/www.sereni-d.com\/wp-content\/uploads\/2026\/03\/ES_anti-mites-cire-1-scaled.jpg","datePublished":"2026-03-17T12:37:15+00:00","dateModified":"2026-05-03T17:50:53+00:00","description":"Soluci\u00f3n profesional potente contra las polillas. Repelente antipolillas textiles a base de aceite de menta. Eficacia hasta 1 mes.","breadcrumb":{"@id":"https:\/\/www.sereni-d.com\/es\/produits\/difusor-repelente-polillas-textiles\/#breadcrumb"},"inLanguage":"es","potentialAction":[{"@type":"ReadAction","target":["https:\/\/www.sereni-d.com\/es\/produits\/difusor-repelente-polillas-textiles\/"]}]},{"@type":"ImageObject","inLanguage":"es","@id":"https:\/\/www.sereni-d.com\/es\/produits\/difusor-repelente-polillas-textiles\/#primaryimage","url":"https:\/\/www.sereni-d.com\/wp-content\/uploads\/2026\/03\/ES_anti-mites-cire-1-scaled.jpg","contentUrl":"https:\/\/www.sereni-d.com\/wp-content\/uploads\/2026\/03\/ES_anti-mites-cire-1-scaled.jpg","width":2560,"height":2560},{"@type":"BreadcrumbList","@id":"https:\/\/www.sereni-d.com\/es\/produits\/difusor-repelente-polillas-textiles\/#breadcrumb","itemListElement":[{"@type":"ListItem","position":1,"name":"Inicio","item":"https:\/\/www.sereni-d.com\/es\/"},{"@type":"ListItem","position":2,"name":"Tienda","item":"https:\/\/www.sereni-d.com\/es\/produits\/"},{"@type":"ListItem","position":3,"name":"Punaise de lit","item":"https:\/\/www.sereni-d.com\/categories\/punaise-de-lit\/"},{"@type":"ListItem","position":4,"name":"Produits","item":"https:\/\/www.sereni-d.com\/es\/categories\/produits-es\/"},{"@type":"ListItem","position":5,"name":"MINT POWER \u2013 Difusor Repelente de Polillas Textiles"}]},{"@type":"WebSite","@id":"https:\/\/www.sereni-d.com\/es\/#website","url":"https:\/\/www.sereni-d.com\/es\/","name":"Sereni-d\u00ae","description":"EXPERT Punaises de Lit - Laboratoire SUISSE - Traitements concentr\u00e9s contres les Punaises de Lit. Protection Longue Dur\u00e9e. Efficacit\u00e9 prouv\u00e9e, r\u00e9sultat maximal. Recommand\u00e9 par les professionnels.","publisher":{"@id":"https:\/\/www.sereni-d.com\/es\/#organization"},"potentialAction":[{"@type":"SearchAction","target":{"@type":"EntryPoint","urlTemplate":"https:\/\/www.sereni-d.com\/es\/?s={search_term_string}"},"query-input":{"@type":"PropertyValueSpecification","valueRequired":true,"valueName":"search_term_string"}}],"inLanguage":"es"},{"@type":"Organization","@id":"https:\/\/www.sereni-d.com\/es\/#organization","name":"Sereni-d","url":"https:\/\/www.sereni-d.com\/es\/","logo":{"@type":"ImageObject","inLanguage":"es","@id":"https:\/\/www.sereni-d.com\/es\/#\/schema\/logo\/image\/","url":"","contentUrl":"","caption":"Sereni-d"},"image":{"@id":"https:\/\/www.sereni-d.com\/es\/#\/schema\/logo\/image\/"},"sameAs":["https:\/\/www.facebook.com\/SereniDsante\/","https:\/\/www.instagram.com\/serenidsante\/"]}]}},"_links":{"self":[{"href":"https:\/\/www.sereni-d.com\/es\/wp-json\/wp\/v2\/product\/23193","targetHints":{"allow":["GET"]}}],"collection":[{"href":"https:\/\/www.sereni-d.com\/es\/wp-json\/wp\/v2\/product"}],"about":[{"href":"https:\/\/www.sereni-d.com\/es\/wp-json\/wp\/v2\/types\/product"}],"replies":[{"embeddable":true,"href":"https:\/\/www.sereni-d.com\/es\/wp-json\/wp\/v2\/comments?post=23193"}],"wp:featuredmedia":[{"embeddable":true,"href":"https:\/\/www.sereni-d.com\/es\/wp-json\/wp\/v2\/media\/23200"}],"wp:attachment":[{"href":"https:\/\/www.sereni-d.com\/es\/wp-json\/wp\/v2\/media?parent=23193"}],"wp:term":[{"taxonomy":"product_brand","embeddable":true,"href":"https:\/\/www.sereni-d.com\/es\/wp-json\/wp\/v2\/product_brand?post=23193"},{"taxonomy":"product_cat","embeddable":true,"href":"https:\/\/www.sereni-d.com\/es\/wp-json\/wp\/v2\/product_cat?post=23193"},{"taxonomy":"product_tag","embeddable":true,"href":"https:\/\/www.sereni-d.com\/es\/wp-json\/wp\/v2\/product_tag?post=23193"}],"curies":[{"name":"wp","href":"https:\/\/api.w.org\/{rel}","templated":true}]}}