{"id":23338,"date":"2026-03-18T13:01:47","date_gmt":"2026-03-18T12:01:47","guid":{"rendered":"https:\/\/www.sereni-d.com\/?post_type=product&#038;p=23338"},"modified":"2026-05-07T17:06:32","modified_gmt":"2026-05-07T15:06:32","slug":"spray-anti-polillas-alimentarias-textiles","status":"publish","type":"product","link":"https:\/\/www.sereni-d.com\/es\/produits\/spray-anti-polillas-alimentarias-textiles\/","title":{"rendered":"EXTERMINT Polillas de Alimentos y Textiles"},"content":{"rendered":"<p data-start=\"6302\" data-end=\"6510\"><strong data-start=\"6302\" data-end=\"6363\">EXTERMINT \u2013 Spray contra polillas de alimentos y textiles<\/strong> es un insecticida listo para usar especialmente desarrollado para eliminar eficazmente las polillas visibles, en un enfoque curativo y espec\u00edfico.<\/p>\n<p data-start=\"6512\" data-end=\"6853\">Su f\u00f3rmula a base de aceite de menta, seleccionado por sus potentes propiedades insecticidas de origen vegetal, act\u00faa por contacto directo sobre los insectos. Este modo de acci\u00f3n permite una eliminaci\u00f3n r\u00e1pida de las polillas alimentarias y textiles desde su detecci\u00f3n, sin necesidad de tratar superficies ni difundir el producto en el aire.<\/p>\n<p data-start=\"6855\" data-end=\"7198\">Utilizado en pulverizaci\u00f3n directa, EXTERMINT es ideal para una intervenci\u00f3n inmediata y localizada, especialmente en armarios, cocinas, despensas, roperos y zonas de almacenamiento de alimentos o textiles donde se observan insectos. Constituye una soluci\u00f3n sencilla y eficaz para detener r\u00e1pidamente la presencia de polillas adultas visibles.<\/p>\n<p data-start=\"7200\" data-end=\"7379\">Gracias a su acci\u00f3n dirigida, EXTERMINT permite recuperar r\u00e1pidamente el control en caso de infestaci\u00f3n, neutralizando los insectos antes de que puedan reproducirse o dispersarse.<\/p>\n<p data-start=\"7381\" data-end=\"7523\">Su tiempo de acci\u00f3n puede extenderse hasta 24 horas despu\u00e9s de la aplicaci\u00f3n, garantizando una eficacia r\u00e1pida en condiciones normales de uso.<\/p>\n<p data-start=\"7525\" data-end=\"7937\">El spray EXTERMINT act\u00faa \u00fanicamente sobre los insectos visibles. Para una protecci\u00f3n completa y duradera, se recomienda combinarlo con una soluci\u00f3n preventiva. EXTERMINT se utiliza idealmente en combinaci\u00f3n con el difusor repelente MINT POWER, que act\u00faa de forma preventiva. Este enfoque combinado permite: eliminar inmediatamente las polillas visibles (EXTERMINT) y evitar su regreso e instalaci\u00f3n (MINT POWER).<\/p>\n<p data-start=\"7939\" data-end=\"8386\">Pulverizar directamente sobre los insectos visibles. No pulverizar sobre superficies, alimentos o textiles. Utilizar solo en caso de presencia comprobada de insectos. Las polillas alimentarias y textiles se reproducen r\u00e1pidamente. Para una eficacia \u00f3ptima, se recomienda eliminar las fuentes contaminadas, limpiar regularmente las zonas infestadas y combinar un tratamiento curativo con una soluci\u00f3n preventiva para evitar cualquier reinfestaci\u00f3n.<\/p>\n<p data-start=\"5050\" data-end=\"5210\"><strong data-start=\"5050\" data-end=\"5089\">Garant\u00eda de satisfacci\u00f3n Sereni-d\u00ae:<\/strong> Si no est\u00e1 satisfecho con su compra, cont\u00e1ctenos a trav\u00e9s de la <a href=\"https:\/\/www.sereni-d.com\/es\/contacto\/\">p\u00e1gina de contacto<\/a> y le reembolsaremos el importe total.<\/p>\n","protected":false},"excerpt":{"rendered":"<p align=\"justify\">\u2022 Spray curativo contra polillas alimentarias y de ropa<br \/>\n\u2022 Elimina el 100% de las polillas (huevos, larvas, adultos)<br \/>\n\u2022 Protecci\u00f3n inmediata y de larga duraci\u00f3n<br \/>\n\u2022 M\u00e1s de 250.000 clientes satisfechos de<sup>Sereni-d<\/sup><\/p>\n<p align=\"justify\"><strong>F\u00d3RMULA CONCENTRADA \u2013 RESULTADO M\u00c1XIMO<\/strong><\/p>\n","protected":false},"featured_media":23343,"comment_status":"open","ping_status":"closed","template":"","meta":{"_acf_changed":false,"_monsterinsights_skip_tracking":false,"_monsterinsights_sitenote_active":false,"_monsterinsights_sitenote_note":"","_monsterinsights_sitenote_category":0},"product_brand":[],"product_cat":[137],"product_tag":[],"class_list":{"0":"post-23338","1":"product","2":"type-product","3":"status-publish","4":"has-post-thumbnail","6":"product_cat-produits-es","8":"first","9":"outofstock","10":"taxable","11":"shipping-taxable","12":"purchasable","13":"product-type-simple"},"acf":[],"yoast_head":"<!-- This site is optimized with the Yoast SEO plugin v27.4 - https:\/\/yoast.com\/product\/yoast-seo-wordpress\/ -->\n<title>PRAY ANTI-POLILLAS ALIMENTARIAS Y DE ROPA- Sereni-d\u00ae<\/title>\n<meta name=\"description\" content=\"Soluci\u00f3n profesional potente contra las polillas. Spray anti-polillas para textiles y ropa con aceite de menta. Efecto inmediato y de larga duraci\u00f3n.\" \/>\n<meta name=\"robots\" content=\"index, follow, max-snippet:-1, max-image-preview:large, max-video-preview:-1\" \/>\n<link rel=\"canonical\" href=\"https:\/\/www.sereni-d.com\/es\/produits\/spray-anti-polillas-alimentarias-textiles\/\" \/>\n<meta property=\"og:locale\" content=\"es_ES\" \/>\n<meta property=\"og:type\" content=\"article\" \/>\n<meta property=\"og:title\" content=\"PRAY ANTI-POLILLAS ALIMENTARIAS Y DE ROPA- Sereni-d\u00ae\" \/>\n<meta property=\"og:description\" content=\"Soluci\u00f3n profesional potente contra las polillas. Spray anti-polillas para textiles y ropa con aceite de menta. Efecto inmediato y de larga duraci\u00f3n.\" \/>\n<meta property=\"og:url\" content=\"https:\/\/www.sereni-d.com\/es\/produits\/spray-anti-polillas-alimentarias-textiles\/\" \/>\n<meta property=\"og:site_name\" content=\"Sereni-d\u00ae\" \/>\n<meta property=\"article:publisher\" content=\"https:\/\/www.facebook.com\/SereniDsante\/\" \/>\n<meta property=\"article:modified_time\" content=\"2026-05-07T15:06:32+00:00\" \/>\n<meta property=\"og:image\" content=\"https:\/\/www.sereni-d.com\/wp-content\/uploads\/2026\/03\/ES_image-anti-mites-XXL-scaled.jpg\" \/>\n\t<meta property=\"og:image:width\" content=\"2560\" \/>\n\t<meta property=\"og:image:height\" content=\"2560\" \/>\n\t<meta property=\"og:image:type\" content=\"image\/jpeg\" \/>\n<meta name=\"twitter:card\" content=\"summary_large_image\" \/>\n<meta name=\"twitter:label1\" content=\"Tiempo de lectura\" \/>\n\t<meta name=\"twitter:data1\" content=\"2 minutos\" \/>\n<script type=\"application\/ld+json\" class=\"yoast-schema-graph\">{\"@context\":\"https:\\\/\\\/schema.org\",\"@graph\":[{\"@type\":\"WebPage\",\"@id\":\"https:\\\/\\\/www.sereni-d.com\\\/es\\\/produits\\\/spray-anti-polillas-alimentarias-textiles\\\/\",\"url\":\"https:\\\/\\\/www.sereni-d.com\\\/es\\\/produits\\\/spray-anti-polillas-alimentarias-textiles\\\/\",\"name\":\"PRAY ANTI-POLILLAS ALIMENTARIAS Y DE ROPA- Sereni-d\u00ae\",\"isPartOf\":{\"@id\":\"https:\\\/\\\/www.sereni-d.com\\\/es\\\/#website\"},\"primaryImageOfPage\":{\"@id\":\"https:\\\/\\\/www.sereni-d.com\\\/es\\\/produits\\\/spray-anti-polillas-alimentarias-textiles\\\/#primaryimage\"},\"image\":{\"@id\":\"https:\\\/\\\/www.sereni-d.com\\\/es\\\/produits\\\/spray-anti-polillas-alimentarias-textiles\\\/#primaryimage\"},\"thumbnailUrl\":\"https:\\\/\\\/www.sereni-d.com\\\/wp-content\\\/uploads\\\/2026\\\/03\\\/ES_image-anti-mites-XXL-scaled.jpg\",\"datePublished\":\"2026-03-18T12:01:47+00:00\",\"dateModified\":\"2026-05-07T15:06:32+00:00\",\"description\":\"Soluci\u00f3n profesional potente contra las polillas. Spray anti-polillas para textiles y ropa con aceite de menta. Efecto inmediato y de larga duraci\u00f3n.\",\"breadcrumb\":{\"@id\":\"https:\\\/\\\/www.sereni-d.com\\\/es\\\/produits\\\/spray-anti-polillas-alimentarias-textiles\\\/#breadcrumb\"},\"inLanguage\":\"es\",\"potentialAction\":[{\"@type\":\"ReadAction\",\"target\":[\"https:\\\/\\\/www.sereni-d.com\\\/es\\\/produits\\\/spray-anti-polillas-alimentarias-textiles\\\/\"]}]},{\"@type\":\"ImageObject\",\"inLanguage\":\"es\",\"@id\":\"https:\\\/\\\/www.sereni-d.com\\\/es\\\/produits\\\/spray-anti-polillas-alimentarias-textiles\\\/#primaryimage\",\"url\":\"https:\\\/\\\/www.sereni-d.com\\\/wp-content\\\/uploads\\\/2026\\\/03\\\/ES_image-anti-mites-XXL-scaled.jpg\",\"contentUrl\":\"https:\\\/\\\/www.sereni-d.com\\\/wp-content\\\/uploads\\\/2026\\\/03\\\/ES_image-anti-mites-XXL-scaled.jpg\",\"width\":2560,\"height\":2560},{\"@type\":\"BreadcrumbList\",\"@id\":\"https:\\\/\\\/www.sereni-d.com\\\/es\\\/produits\\\/spray-anti-polillas-alimentarias-textiles\\\/#breadcrumb\",\"itemListElement\":[{\"@type\":\"ListItem\",\"position\":1,\"name\":\"Inicio\",\"item\":\"https:\\\/\\\/www.sereni-d.com\\\/es\\\/\"},{\"@type\":\"ListItem\",\"position\":2,\"name\":\"Tienda\",\"item\":\"https:\\\/\\\/www.sereni-d.com\\\/es\\\/produits\\\/\"},{\"@type\":\"ListItem\",\"position\":3,\"name\":\"Punaise de lit\",\"item\":\"https:\\\/\\\/www.sereni-d.com\\\/categories\\\/punaise-de-lit\\\/\"},{\"@type\":\"ListItem\",\"position\":4,\"name\":\"Produits\",\"item\":\"https:\\\/\\\/www.sereni-d.com\\\/es\\\/categories\\\/produits-es\\\/\"},{\"@type\":\"ListItem\",\"position\":5,\"name\":\"EXTERMINT Polillas de Alimentos y Textiles\"}]},{\"@type\":\"WebSite\",\"@id\":\"https:\\\/\\\/www.sereni-d.com\\\/es\\\/#website\",\"url\":\"https:\\\/\\\/www.sereni-d.com\\\/es\\\/\",\"name\":\"Sereni-d\u00ae\",\"description\":\"EXPERT Punaises de Lit - Laboratoire SUISSE - Traitements concentr\u00e9s contres les Punaises de Lit. Protection Longue Dur\u00e9e. Efficacit\u00e9 prouv\u00e9e, r\u00e9sultat maximal. Recommand\u00e9 par les professionnels.\",\"publisher\":{\"@id\":\"https:\\\/\\\/www.sereni-d.com\\\/es\\\/#organization\"},\"potentialAction\":[{\"@type\":\"SearchAction\",\"target\":{\"@type\":\"EntryPoint\",\"urlTemplate\":\"https:\\\/\\\/www.sereni-d.com\\\/es\\\/?s={search_term_string}\"},\"query-input\":{\"@type\":\"PropertyValueSpecification\",\"valueRequired\":true,\"valueName\":\"search_term_string\"}}],\"inLanguage\":\"es\"},{\"@type\":\"Organization\",\"@id\":\"https:\\\/\\\/www.sereni-d.com\\\/es\\\/#organization\",\"name\":\"Sereni-d\",\"url\":\"https:\\\/\\\/www.sereni-d.com\\\/es\\\/\",\"logo\":{\"@type\":\"ImageObject\",\"inLanguage\":\"es\",\"@id\":\"https:\\\/\\\/www.sereni-d.com\\\/es\\\/#\\\/schema\\\/logo\\\/image\\\/\",\"url\":\"\",\"contentUrl\":\"\",\"caption\":\"Sereni-d\"},\"image\":{\"@id\":\"https:\\\/\\\/www.sereni-d.com\\\/es\\\/#\\\/schema\\\/logo\\\/image\\\/\"},\"sameAs\":[\"https:\\\/\\\/www.facebook.com\\\/SereniDsante\\\/\",\"https:\\\/\\\/www.instagram.com\\\/serenidsante\\\/\"]}]}<\/script>\n<!-- \/ Yoast SEO plugin. -->","yoast_head_json":{"title":"PRAY ANTI-POLILLAS ALIMENTARIAS Y DE ROPA- Sereni-d\u00ae","description":"Soluci\u00f3n profesional potente contra las polillas. Spray anti-polillas para textiles y ropa con aceite de menta. Efecto inmediato y de larga duraci\u00f3n.","robots":{"index":"index","follow":"follow","max-snippet":"max-snippet:-1","max-image-preview":"max-image-preview:large","max-video-preview":"max-video-preview:-1"},"canonical":"https:\/\/www.sereni-d.com\/es\/produits\/spray-anti-polillas-alimentarias-textiles\/","og_locale":"es_ES","og_type":"article","og_title":"PRAY ANTI-POLILLAS ALIMENTARIAS Y DE ROPA- Sereni-d\u00ae","og_description":"Soluci\u00f3n profesional potente contra las polillas. Spray anti-polillas para textiles y ropa con aceite de menta. Efecto inmediato y de larga duraci\u00f3n.","og_url":"https:\/\/www.sereni-d.com\/es\/produits\/spray-anti-polillas-alimentarias-textiles\/","og_site_name":"Sereni-d\u00ae","article_publisher":"https:\/\/www.facebook.com\/SereniDsante\/","article_modified_time":"2026-05-07T15:06:32+00:00","og_image":[{"width":2560,"height":2560,"url":"https:\/\/www.sereni-d.com\/wp-content\/uploads\/2026\/03\/ES_image-anti-mites-XXL-scaled.jpg","type":"image\/jpeg"}],"twitter_card":"summary_large_image","twitter_misc":{"Tiempo de lectura":"2 minutos"},"schema":{"@context":"https:\/\/schema.org","@graph":[{"@type":"WebPage","@id":"https:\/\/www.sereni-d.com\/es\/produits\/spray-anti-polillas-alimentarias-textiles\/","url":"https:\/\/www.sereni-d.com\/es\/produits\/spray-anti-polillas-alimentarias-textiles\/","name":"PRAY ANTI-POLILLAS ALIMENTARIAS Y DE ROPA- Sereni-d\u00ae","isPartOf":{"@id":"https:\/\/www.sereni-d.com\/es\/#website"},"primaryImageOfPage":{"@id":"https:\/\/www.sereni-d.com\/es\/produits\/spray-anti-polillas-alimentarias-textiles\/#primaryimage"},"image":{"@id":"https:\/\/www.sereni-d.com\/es\/produits\/spray-anti-polillas-alimentarias-textiles\/#primaryimage"},"thumbnailUrl":"https:\/\/www.sereni-d.com\/wp-content\/uploads\/2026\/03\/ES_image-anti-mites-XXL-scaled.jpg","datePublished":"2026-03-18T12:01:47+00:00","dateModified":"2026-05-07T15:06:32+00:00","description":"Soluci\u00f3n profesional potente contra las polillas. Spray anti-polillas para textiles y ropa con aceite de menta. Efecto inmediato y de larga duraci\u00f3n.","breadcrumb":{"@id":"https:\/\/www.sereni-d.com\/es\/produits\/spray-anti-polillas-alimentarias-textiles\/#breadcrumb"},"inLanguage":"es","potentialAction":[{"@type":"ReadAction","target":["https:\/\/www.sereni-d.com\/es\/produits\/spray-anti-polillas-alimentarias-textiles\/"]}]},{"@type":"ImageObject","inLanguage":"es","@id":"https:\/\/www.sereni-d.com\/es\/produits\/spray-anti-polillas-alimentarias-textiles\/#primaryimage","url":"https:\/\/www.sereni-d.com\/wp-content\/uploads\/2026\/03\/ES_image-anti-mites-XXL-scaled.jpg","contentUrl":"https:\/\/www.sereni-d.com\/wp-content\/uploads\/2026\/03\/ES_image-anti-mites-XXL-scaled.jpg","width":2560,"height":2560},{"@type":"BreadcrumbList","@id":"https:\/\/www.sereni-d.com\/es\/produits\/spray-anti-polillas-alimentarias-textiles\/#breadcrumb","itemListElement":[{"@type":"ListItem","position":1,"name":"Inicio","item":"https:\/\/www.sereni-d.com\/es\/"},{"@type":"ListItem","position":2,"name":"Tienda","item":"https:\/\/www.sereni-d.com\/es\/produits\/"},{"@type":"ListItem","position":3,"name":"Punaise de lit","item":"https:\/\/www.sereni-d.com\/categories\/punaise-de-lit\/"},{"@type":"ListItem","position":4,"name":"Produits","item":"https:\/\/www.sereni-d.com\/es\/categories\/produits-es\/"},{"@type":"ListItem","position":5,"name":"EXTERMINT Polillas de Alimentos y Textiles"}]},{"@type":"WebSite","@id":"https:\/\/www.sereni-d.com\/es\/#website","url":"https:\/\/www.sereni-d.com\/es\/","name":"Sereni-d\u00ae","description":"EXPERT Punaises de Lit - Laboratoire SUISSE - Traitements concentr\u00e9s contres les Punaises de Lit. Protection Longue Dur\u00e9e. Efficacit\u00e9 prouv\u00e9e, r\u00e9sultat maximal. Recommand\u00e9 par les professionnels.","publisher":{"@id":"https:\/\/www.sereni-d.com\/es\/#organization"},"potentialAction":[{"@type":"SearchAction","target":{"@type":"EntryPoint","urlTemplate":"https:\/\/www.sereni-d.com\/es\/?s={search_term_string}"},"query-input":{"@type":"PropertyValueSpecification","valueRequired":true,"valueName":"search_term_string"}}],"inLanguage":"es"},{"@type":"Organization","@id":"https:\/\/www.sereni-d.com\/es\/#organization","name":"Sereni-d","url":"https:\/\/www.sereni-d.com\/es\/","logo":{"@type":"ImageObject","inLanguage":"es","@id":"https:\/\/www.sereni-d.com\/es\/#\/schema\/logo\/image\/","url":"","contentUrl":"","caption":"Sereni-d"},"image":{"@id":"https:\/\/www.sereni-d.com\/es\/#\/schema\/logo\/image\/"},"sameAs":["https:\/\/www.facebook.com\/SereniDsante\/","https:\/\/www.instagram.com\/serenidsante\/"]}]}},"_links":{"self":[{"href":"https:\/\/www.sereni-d.com\/es\/wp-json\/wp\/v2\/product\/23338","targetHints":{"allow":["GET"]}}],"collection":[{"href":"https:\/\/www.sereni-d.com\/es\/wp-json\/wp\/v2\/product"}],"about":[{"href":"https:\/\/www.sereni-d.com\/es\/wp-json\/wp\/v2\/types\/product"}],"replies":[{"embeddable":true,"href":"https:\/\/www.sereni-d.com\/es\/wp-json\/wp\/v2\/comments?post=23338"}],"wp:featuredmedia":[{"embeddable":true,"href":"https:\/\/www.sereni-d.com\/es\/wp-json\/wp\/v2\/media\/23343"}],"wp:attachment":[{"href":"https:\/\/www.sereni-d.com\/es\/wp-json\/wp\/v2\/media?parent=23338"}],"wp:term":[{"taxonomy":"product_brand","embeddable":true,"href":"https:\/\/www.sereni-d.com\/es\/wp-json\/wp\/v2\/product_brand?post=23338"},{"taxonomy":"product_cat","embeddable":true,"href":"https:\/\/www.sereni-d.com\/es\/wp-json\/wp\/v2\/product_cat?post=23338"},{"taxonomy":"product_tag","embeddable":true,"href":"https:\/\/www.sereni-d.com\/es\/wp-json\/wp\/v2\/product_tag?post=23338"}],"curies":[{"name":"wp","href":"https:\/\/api.w.org\/{rel}","templated":true}]}}