{"id":23364,"date":"2026-03-18T14:02:42","date_gmt":"2026-03-18T13:02:42","guid":{"rendered":"https:\/\/www.sereni-d.com\/?post_type=product&#038;p=23364"},"modified":"2026-05-07T16:06:34","modified_gmt":"2026-05-07T14:06:34","slug":"stopper-pececillos-de-plata","status":"publish","type":"product","link":"https:\/\/www.sereni-d.com\/es\/produits\/stopper-pececillos-de-plata\/","title":{"rendered":"STOPPER Pececillos de Plata"},"content":{"rendered":"<p data-start=\"4928\" data-end=\"5121\"><strong data-start=\"4928\" data-end=\"4959\">STOPPER Pececillos de Plata<\/strong> es un <strong data-start=\"4966\" data-end=\"4991\">spray listo para usar<\/strong> especialmente desarrollado para <strong data-start=\"5024\" data-end=\"5083\">controlar eficazmente los pececillos de plata (lepisma)<\/strong> con acci\u00f3n <strong data-start=\"5095\" data-end=\"5120\">curativa y preventiva<\/strong>.<\/p>\n<p data-start=\"5123\" data-end=\"5484\">Su f\u00f3rmula combina un <strong data-start=\"5145\" data-end=\"5184\">extracto de flor de piretro vegetal<\/strong>, conocido por sus <strong data-start=\"5203\" data-end=\"5240\">potentes propiedades insecticidas<\/strong>, con un <strong data-start=\"5249\" data-end=\"5283\">complejo de aceites esenciales<\/strong> seleccionados por su <strong data-start=\"5305\" data-end=\"5325\">acci\u00f3n repelente<\/strong>. Esta <strong data-start=\"5332\" data-end=\"5373\">sinergia de activos de origen vegetal<\/strong> garantiza una <strong data-start=\"5388\" data-end=\"5421\">eficacia inmediata y duradera<\/strong>, eliminando los insectos presentes y limitando su reaparici\u00f3n.<\/p>\n<p data-start=\"5486\" data-end=\"5855\">Pulverizado directamente en <strong data-start=\"5514\" data-end=\"5546\">zonas infestadas o de riesgo<\/strong>, act\u00faa de forma <strong data-start=\"5563\" data-end=\"5575\">dirigida<\/strong> alterando los <strong data-start=\"5590\" data-end=\"5643\">receptores sensoriales de los pececillos de plata<\/strong>. Este mecanismo provoca su eliminaci\u00f3n por <strong data-start=\"5687\" data-end=\"5707\">contacto directo<\/strong> e impide que <strong data-start=\"5721\" data-end=\"5768\">se desplacen, se alimenten y se reproduzcan<\/strong>. Resultado: una <strong data-start=\"5785\" data-end=\"5804\">acci\u00f3n completa<\/strong> para recuperar r\u00e1pidamente el control del entorno.<\/p>\n<p data-start=\"5857\" data-end=\"6169\">El <strong data-start=\"5860\" data-end=\"5877\">spray STOPPER<\/strong> es especialmente adecuado para <strong data-start=\"5909\" data-end=\"5953\">zonas h\u00famedas, oscuras y poco ventiladas<\/strong>, h\u00e1bitat preferido de estos insectos. Puede utilizarse en <strong data-start=\"6012\" data-end=\"6047\">ba\u00f1os, cocinas, WC, lavander\u00edas<\/strong>, as\u00ed como en <strong data-start=\"6061\" data-end=\"6168\">rodapi\u00e9s, juntas, grietas, debajo de fregaderos, umbrales, marcos de ventanas y rejillas de ventilaci\u00f3n<\/strong>.<\/p>\n<p data-start=\"6171\" data-end=\"6321\">Gracias a su <strong data-start=\"6184\" data-end=\"6224\">doble acci\u00f3n (curativa y preventiva)<\/strong>, STOPPER permite tratar r\u00e1pidamente una infestaci\u00f3n y <strong data-start=\"6279\" data-end=\"6320\">prevenir su reaparici\u00f3n a largo plazo<\/strong>.<\/p>\n<p data-start=\"6323\" data-end=\"6442\"><strong data-start=\"6323\" data-end=\"6340\">F\u00e1cil de usar<\/strong>, se integra perfectamente en la <strong data-start=\"6373\" data-end=\"6395\">rutina de limpieza<\/strong> para una <strong data-start=\"6405\" data-end=\"6441\">protecci\u00f3n eficaz y sin esfuerzo<\/strong>.<\/p>\n<p data-start=\"6444\" data-end=\"6713\">Los pececillos de plata se desarrollan principalmente en <strong data-start=\"6501\" data-end=\"6522\">ambientes h\u00famedos<\/strong>. Para mejorar la eficacia, se recomienda <strong data-start=\"6564\" data-end=\"6619\">reducir la humedad (ventilaci\u00f3n, deshumidificaci\u00f3n)<\/strong>, <strong data-start=\"6621\" data-end=\"6665\">limpiar regularmente las zonas sensibles<\/strong> y actuar sobre las <strong data-start=\"6685\" data-end=\"6712\">zonas de paso y refugio<\/strong>.<\/p>\n<p>Garant\u00eda de satisfacci\u00f3n <strong>Sereni-d\u00ae<\/strong>: Si no queda satisfecho con su compra, p\u00f3ngase en contacto con nosotros a trav\u00e9s de la p\u00e1gina <a href=\"https:\/\/www.sereni-d.com\/es\/contacto\/\">de contacto<\/a> y le devolveremos el importe \u00edntegro.<\/p>\n","protected":false},"excerpt":{"rendered":"<p align=\"justify\">\u2022 Spray curativo contra pececillos de plata<br \/>\n\u2022 Elimina el 100% (huevos, larvas, adultos)<br \/>\n\u2022 Protecci\u00f3n inmediata, segura y duradera<br \/>\n\u2022 M\u00e1s de 250.000 clientes satisfechos de Sereni-d<\/p>\n<p><strong>F\u00d3RMULA CONCENTRADA &#8211; M\u00c1XIMOS RESULTADOS<\/strong><\/p>\n","protected":false},"featured_media":23375,"comment_status":"open","ping_status":"closed","template":"","meta":{"_acf_changed":false,"_monsterinsights_skip_tracking":false,"_monsterinsights_sitenote_active":false,"_monsterinsights_sitenote_note":"","_monsterinsights_sitenote_category":0},"product_brand":[],"product_cat":[137],"product_tag":[],"class_list":{"0":"post-23364","1":"product","2":"type-product","3":"status-publish","4":"has-post-thumbnail","6":"product_cat-produits-es","8":"first","9":"outofstock","10":"taxable","11":"shipping-taxable","12":"purchasable","13":"product-type-simple"},"acf":[],"yoast_head":"<!-- This site is optimized with the Yoast SEO plugin v27.4 - https:\/\/yoast.com\/product\/yoast-seo-wordpress\/ -->\n<title>STOPPER Tratamiento Pececillos de Plata - Spray potente- Sereni-d\u00ae<\/title>\n<meta name=\"description\" content=\"Tratamiento elimina el 100% de los pececillos de plata. Larga duraci\u00f3n - Efecto choque. Fin a la pesadilla. Spray STOPPER 100% eficaz\" \/>\n<meta name=\"robots\" content=\"index, follow, max-snippet:-1, max-image-preview:large, max-video-preview:-1\" \/>\n<link rel=\"canonical\" href=\"https:\/\/www.sereni-d.com\/es\/produits\/stopper-pececillos-de-plata\/\" \/>\n<meta property=\"og:locale\" content=\"es_ES\" \/>\n<meta property=\"og:type\" content=\"article\" \/>\n<meta property=\"og:title\" content=\"STOPPER Tratamiento Pececillos de Plata - Spray potente- Sereni-d\u00ae\" \/>\n<meta property=\"og:description\" content=\"Tratamiento elimina el 100% de los pececillos de plata. Larga duraci\u00f3n - Efecto choque. Fin a la pesadilla. Spray STOPPER 100% eficaz\" \/>\n<meta property=\"og:url\" content=\"https:\/\/www.sereni-d.com\/es\/produits\/stopper-pececillos-de-plata\/\" \/>\n<meta property=\"og:site_name\" content=\"Sereni-d\u00ae\" \/>\n<meta property=\"article:publisher\" content=\"https:\/\/www.facebook.com\/SereniDsante\/\" \/>\n<meta property=\"article:modified_time\" content=\"2026-05-07T14:06:34+00:00\" \/>\n<meta property=\"og:image\" content=\"https:\/\/www.sereni-d.com\/wp-content\/uploads\/2026\/03\/Poisson_argent_ES_1-scaled.jpg\" \/>\n\t<meta property=\"og:image:width\" content=\"2560\" \/>\n\t<meta property=\"og:image:height\" content=\"2560\" \/>\n\t<meta property=\"og:image:type\" content=\"image\/jpeg\" \/>\n<meta name=\"twitter:card\" content=\"summary_large_image\" \/>\n<meta name=\"twitter:label1\" content=\"Tiempo de lectura\" \/>\n\t<meta name=\"twitter:data1\" content=\"2 minutos\" \/>\n<script type=\"application\/ld+json\" class=\"yoast-schema-graph\">{\"@context\":\"https:\\\/\\\/schema.org\",\"@graph\":[{\"@type\":\"WebPage\",\"@id\":\"https:\\\/\\\/www.sereni-d.com\\\/es\\\/produits\\\/stopper-pececillos-de-plata\\\/\",\"url\":\"https:\\\/\\\/www.sereni-d.com\\\/es\\\/produits\\\/stopper-pececillos-de-plata\\\/\",\"name\":\"STOPPER Tratamiento Pececillos de Plata - Spray potente- Sereni-d\u00ae\",\"isPartOf\":{\"@id\":\"https:\\\/\\\/www.sereni-d.com\\\/es\\\/#website\"},\"primaryImageOfPage\":{\"@id\":\"https:\\\/\\\/www.sereni-d.com\\\/es\\\/produits\\\/stopper-pececillos-de-plata\\\/#primaryimage\"},\"image\":{\"@id\":\"https:\\\/\\\/www.sereni-d.com\\\/es\\\/produits\\\/stopper-pececillos-de-plata\\\/#primaryimage\"},\"thumbnailUrl\":\"https:\\\/\\\/www.sereni-d.com\\\/wp-content\\\/uploads\\\/2026\\\/03\\\/Poisson_argent_ES_1-scaled.jpg\",\"datePublished\":\"2026-03-18T13:02:42+00:00\",\"dateModified\":\"2026-05-07T14:06:34+00:00\",\"description\":\"Tratamiento elimina el 100% de los pececillos de plata. Larga duraci\u00f3n - Efecto choque. Fin a la pesadilla. Spray STOPPER 100% eficaz\",\"breadcrumb\":{\"@id\":\"https:\\\/\\\/www.sereni-d.com\\\/es\\\/produits\\\/stopper-pececillos-de-plata\\\/#breadcrumb\"},\"inLanguage\":\"es\",\"potentialAction\":[{\"@type\":\"ReadAction\",\"target\":[\"https:\\\/\\\/www.sereni-d.com\\\/es\\\/produits\\\/stopper-pececillos-de-plata\\\/\"]}]},{\"@type\":\"ImageObject\",\"inLanguage\":\"es\",\"@id\":\"https:\\\/\\\/www.sereni-d.com\\\/es\\\/produits\\\/stopper-pececillos-de-plata\\\/#primaryimage\",\"url\":\"https:\\\/\\\/www.sereni-d.com\\\/wp-content\\\/uploads\\\/2026\\\/03\\\/Poisson_argent_ES_1-scaled.jpg\",\"contentUrl\":\"https:\\\/\\\/www.sereni-d.com\\\/wp-content\\\/uploads\\\/2026\\\/03\\\/Poisson_argent_ES_1-scaled.jpg\",\"width\":2560,\"height\":2560},{\"@type\":\"BreadcrumbList\",\"@id\":\"https:\\\/\\\/www.sereni-d.com\\\/es\\\/produits\\\/stopper-pececillos-de-plata\\\/#breadcrumb\",\"itemListElement\":[{\"@type\":\"ListItem\",\"position\":1,\"name\":\"Inicio\",\"item\":\"https:\\\/\\\/www.sereni-d.com\\\/es\\\/\"},{\"@type\":\"ListItem\",\"position\":2,\"name\":\"Tienda\",\"item\":\"https:\\\/\\\/www.sereni-d.com\\\/es\\\/produits\\\/\"},{\"@type\":\"ListItem\",\"position\":3,\"name\":\"Punaise de lit\",\"item\":\"https:\\\/\\\/www.sereni-d.com\\\/categories\\\/punaise-de-lit\\\/\"},{\"@type\":\"ListItem\",\"position\":4,\"name\":\"Produits\",\"item\":\"https:\\\/\\\/www.sereni-d.com\\\/es\\\/categories\\\/produits-es\\\/\"},{\"@type\":\"ListItem\",\"position\":5,\"name\":\"STOPPER Pececillos de Plata\"}]},{\"@type\":\"WebSite\",\"@id\":\"https:\\\/\\\/www.sereni-d.com\\\/es\\\/#website\",\"url\":\"https:\\\/\\\/www.sereni-d.com\\\/es\\\/\",\"name\":\"Sereni-d\u00ae\",\"description\":\"EXPERT Punaises de Lit - Laboratoire SUISSE - Traitements concentr\u00e9s contres les Punaises de Lit. Protection Longue Dur\u00e9e. Efficacit\u00e9 prouv\u00e9e, r\u00e9sultat maximal. Recommand\u00e9 par les professionnels.\",\"publisher\":{\"@id\":\"https:\\\/\\\/www.sereni-d.com\\\/es\\\/#organization\"},\"potentialAction\":[{\"@type\":\"SearchAction\",\"target\":{\"@type\":\"EntryPoint\",\"urlTemplate\":\"https:\\\/\\\/www.sereni-d.com\\\/es\\\/?s={search_term_string}\"},\"query-input\":{\"@type\":\"PropertyValueSpecification\",\"valueRequired\":true,\"valueName\":\"search_term_string\"}}],\"inLanguage\":\"es\"},{\"@type\":\"Organization\",\"@id\":\"https:\\\/\\\/www.sereni-d.com\\\/es\\\/#organization\",\"name\":\"Sereni-d\",\"url\":\"https:\\\/\\\/www.sereni-d.com\\\/es\\\/\",\"logo\":{\"@type\":\"ImageObject\",\"inLanguage\":\"es\",\"@id\":\"https:\\\/\\\/www.sereni-d.com\\\/es\\\/#\\\/schema\\\/logo\\\/image\\\/\",\"url\":\"\",\"contentUrl\":\"\",\"caption\":\"Sereni-d\"},\"image\":{\"@id\":\"https:\\\/\\\/www.sereni-d.com\\\/es\\\/#\\\/schema\\\/logo\\\/image\\\/\"},\"sameAs\":[\"https:\\\/\\\/www.facebook.com\\\/SereniDsante\\\/\",\"https:\\\/\\\/www.instagram.com\\\/serenidsante\\\/\"]}]}<\/script>\n<!-- \/ Yoast SEO plugin. -->","yoast_head_json":{"title":"STOPPER Tratamiento Pececillos de Plata - Spray potente- Sereni-d\u00ae","description":"Tratamiento elimina el 100% de los pececillos de plata. Larga duraci\u00f3n - Efecto choque. Fin a la pesadilla. Spray STOPPER 100% eficaz","robots":{"index":"index","follow":"follow","max-snippet":"max-snippet:-1","max-image-preview":"max-image-preview:large","max-video-preview":"max-video-preview:-1"},"canonical":"https:\/\/www.sereni-d.com\/es\/produits\/stopper-pececillos-de-plata\/","og_locale":"es_ES","og_type":"article","og_title":"STOPPER Tratamiento Pececillos de Plata - Spray potente- Sereni-d\u00ae","og_description":"Tratamiento elimina el 100% de los pececillos de plata. Larga duraci\u00f3n - Efecto choque. Fin a la pesadilla. Spray STOPPER 100% eficaz","og_url":"https:\/\/www.sereni-d.com\/es\/produits\/stopper-pececillos-de-plata\/","og_site_name":"Sereni-d\u00ae","article_publisher":"https:\/\/www.facebook.com\/SereniDsante\/","article_modified_time":"2026-05-07T14:06:34+00:00","og_image":[{"width":2560,"height":2560,"url":"https:\/\/www.sereni-d.com\/wp-content\/uploads\/2026\/03\/Poisson_argent_ES_1-scaled.jpg","type":"image\/jpeg"}],"twitter_card":"summary_large_image","twitter_misc":{"Tiempo de lectura":"2 minutos"},"schema":{"@context":"https:\/\/schema.org","@graph":[{"@type":"WebPage","@id":"https:\/\/www.sereni-d.com\/es\/produits\/stopper-pececillos-de-plata\/","url":"https:\/\/www.sereni-d.com\/es\/produits\/stopper-pececillos-de-plata\/","name":"STOPPER Tratamiento Pececillos de Plata - Spray potente- Sereni-d\u00ae","isPartOf":{"@id":"https:\/\/www.sereni-d.com\/es\/#website"},"primaryImageOfPage":{"@id":"https:\/\/www.sereni-d.com\/es\/produits\/stopper-pececillos-de-plata\/#primaryimage"},"image":{"@id":"https:\/\/www.sereni-d.com\/es\/produits\/stopper-pececillos-de-plata\/#primaryimage"},"thumbnailUrl":"https:\/\/www.sereni-d.com\/wp-content\/uploads\/2026\/03\/Poisson_argent_ES_1-scaled.jpg","datePublished":"2026-03-18T13:02:42+00:00","dateModified":"2026-05-07T14:06:34+00:00","description":"Tratamiento elimina el 100% de los pececillos de plata. Larga duraci\u00f3n - Efecto choque. Fin a la pesadilla. Spray STOPPER 100% eficaz","breadcrumb":{"@id":"https:\/\/www.sereni-d.com\/es\/produits\/stopper-pececillos-de-plata\/#breadcrumb"},"inLanguage":"es","potentialAction":[{"@type":"ReadAction","target":["https:\/\/www.sereni-d.com\/es\/produits\/stopper-pececillos-de-plata\/"]}]},{"@type":"ImageObject","inLanguage":"es","@id":"https:\/\/www.sereni-d.com\/es\/produits\/stopper-pececillos-de-plata\/#primaryimage","url":"https:\/\/www.sereni-d.com\/wp-content\/uploads\/2026\/03\/Poisson_argent_ES_1-scaled.jpg","contentUrl":"https:\/\/www.sereni-d.com\/wp-content\/uploads\/2026\/03\/Poisson_argent_ES_1-scaled.jpg","width":2560,"height":2560},{"@type":"BreadcrumbList","@id":"https:\/\/www.sereni-d.com\/es\/produits\/stopper-pececillos-de-plata\/#breadcrumb","itemListElement":[{"@type":"ListItem","position":1,"name":"Inicio","item":"https:\/\/www.sereni-d.com\/es\/"},{"@type":"ListItem","position":2,"name":"Tienda","item":"https:\/\/www.sereni-d.com\/es\/produits\/"},{"@type":"ListItem","position":3,"name":"Punaise de lit","item":"https:\/\/www.sereni-d.com\/categories\/punaise-de-lit\/"},{"@type":"ListItem","position":4,"name":"Produits","item":"https:\/\/www.sereni-d.com\/es\/categories\/produits-es\/"},{"@type":"ListItem","position":5,"name":"STOPPER Pececillos de Plata"}]},{"@type":"WebSite","@id":"https:\/\/www.sereni-d.com\/es\/#website","url":"https:\/\/www.sereni-d.com\/es\/","name":"Sereni-d\u00ae","description":"EXPERT Punaises de Lit - Laboratoire SUISSE - Traitements concentr\u00e9s contres les Punaises de Lit. Protection Longue Dur\u00e9e. Efficacit\u00e9 prouv\u00e9e, r\u00e9sultat maximal. Recommand\u00e9 par les professionnels.","publisher":{"@id":"https:\/\/www.sereni-d.com\/es\/#organization"},"potentialAction":[{"@type":"SearchAction","target":{"@type":"EntryPoint","urlTemplate":"https:\/\/www.sereni-d.com\/es\/?s={search_term_string}"},"query-input":{"@type":"PropertyValueSpecification","valueRequired":true,"valueName":"search_term_string"}}],"inLanguage":"es"},{"@type":"Organization","@id":"https:\/\/www.sereni-d.com\/es\/#organization","name":"Sereni-d","url":"https:\/\/www.sereni-d.com\/es\/","logo":{"@type":"ImageObject","inLanguage":"es","@id":"https:\/\/www.sereni-d.com\/es\/#\/schema\/logo\/image\/","url":"","contentUrl":"","caption":"Sereni-d"},"image":{"@id":"https:\/\/www.sereni-d.com\/es\/#\/schema\/logo\/image\/"},"sameAs":["https:\/\/www.facebook.com\/SereniDsante\/","https:\/\/www.instagram.com\/serenidsante\/"]}]}},"_links":{"self":[{"href":"https:\/\/www.sereni-d.com\/es\/wp-json\/wp\/v2\/product\/23364","targetHints":{"allow":["GET"]}}],"collection":[{"href":"https:\/\/www.sereni-d.com\/es\/wp-json\/wp\/v2\/product"}],"about":[{"href":"https:\/\/www.sereni-d.com\/es\/wp-json\/wp\/v2\/types\/product"}],"replies":[{"embeddable":true,"href":"https:\/\/www.sereni-d.com\/es\/wp-json\/wp\/v2\/comments?post=23364"}],"wp:featuredmedia":[{"embeddable":true,"href":"https:\/\/www.sereni-d.com\/es\/wp-json\/wp\/v2\/media\/23375"}],"wp:attachment":[{"href":"https:\/\/www.sereni-d.com\/es\/wp-json\/wp\/v2\/media?parent=23364"}],"wp:term":[{"taxonomy":"product_brand","embeddable":true,"href":"https:\/\/www.sereni-d.com\/es\/wp-json\/wp\/v2\/product_brand?post=23364"},{"taxonomy":"product_cat","embeddable":true,"href":"https:\/\/www.sereni-d.com\/es\/wp-json\/wp\/v2\/product_cat?post=23364"},{"taxonomy":"product_tag","embeddable":true,"href":"https:\/\/www.sereni-d.com\/es\/wp-json\/wp\/v2\/product_tag?post=23364"}],"curies":[{"name":"wp","href":"https:\/\/api.w.org\/{rel}","templated":true}]}}