{"id":5239,"date":"2023-04-28T13:43:42","date_gmt":"2023-04-28T11:43:42","guid":{"rendered":"https:\/\/www.sereni-d.com\/il-marchio\/"},"modified":"2024-08-22T17:33:36","modified_gmt":"2024-08-22T15:33:36","slug":"il-marchio","status":"publish","type":"page","link":"https:\/\/www.sereni-d.com\/it\/il-marchio\/","title":{"rendered":"Il marchio"},"content":{"rendered":"\n<h2 class=\"wp-block-heading has-text-align-center d-lg-none\">Il progetto<\/h2>\n\n\n\n<div class=\"wp-block-media-text is-stacked-on-mobile mobile-img-full no-fit\"><figure class=\"wp-block-media-text__media\"><img loading=\"lazy\" decoding=\"async\" width=\"800\" height=\"500\" src=\"https:\/\/www.sereni-d.com\/wp-content\/uploads\/2023\/04\/img_marque_800x500_le-projet.jpg\" alt=\"\" class=\"wp-image-323 size-full\" srcset=\"https:\/\/www.sereni-d.com\/wp-content\/uploads\/2023\/04\/img_marque_800x500_le-projet.jpg 800w, https:\/\/www.sereni-d.com\/wp-content\/uploads\/2023\/04\/img_marque_800x500_le-projet-600x375.jpg 600w, https:\/\/www.sereni-d.com\/wp-content\/uploads\/2023\/04\/img_marque_800x500_le-projet-300x188.jpg 300w, https:\/\/www.sereni-d.com\/wp-content\/uploads\/2023\/04\/img_marque_800x500_le-projet-768x480.jpg 768w\" sizes=\"auto, (max-width: 800px) 100vw, 800px\" \/><\/figure><div class=\"wp-block-media-text__content\">\n<h2 class=\"wp-block-heading d-none d-lg-block\">Il progetto<\/h2>\n\n\n\n<p>Pi\u00f9 di un milione di persone ha dovuto affrontare il problema delle cimici da letto nel 2020 in Svizzera e in Francia, e una famiglia su 10 tra il 2017 e il 2022. A New York, un alloggio AirBnB su tre presenta cimici da letto, cos\u00ec come la maggior parte degli ostelli della giovent\u00f9 e dei rifugi sui sentieri a lunga percorrenza. Gli edifici sono regolarmente colpiti nella loro interezza in alcuni quartieri di Ginevra, Parigi, Marsiglia e altre grandi citt\u00e0. <\/p>\n\n\n\n<p class=\"read-more-block\"><a href=\"#\" class=\"btn-more\">Continuare la lettura<\/a><\/p>\n\n\n\n<p>Le cimici da letto sono diventate un vero e proprio flagello e un problema di salute pubblica. Se viaggiate in luoghi ad alta frequentazione, come alberghi, AirBnB, bed and breakfast, pensioni, rifugi, campeggi, o trascorrete del tempo in strutture sanitarie, trasporti pubblici, biblioteche, o affittate il vostro alloggio, \u00e8 molto probabile che abbiate a che fare con le cimici da letto. Di fronte a questa recrudescenza in Svizzera, Francia e nel resto del mondo, e in assenza di prodotti naturali efficaci sul mercato per combattere le cimici da letto, il laboratorio svizzero Sereni-d<strong><sup>\u00ae<\/sup><\/strong> si \u00e8 impegnato nella ricerca di ingredienti vegetali attivi e nello sviluppo di formule salutari per la famiglia e per l&#8217;ambiente. Il laboratorio utilizza oltre 15 piante e sostanze vegetali attive per combattere le cimici da letto e i problemi che ne derivano.<\/p>\n<\/div><\/div>\n\n\n\n<div style=\"height:2vw\" aria-hidden=\"true\" class=\"wp-block-spacer\"><\/div>\n\n\n\n<h2 class=\"wp-block-heading has-text-align-center d-lg-none\">La nostra storia<\/h2>\n\n\n\n<div class=\"wp-block-media-text has-media-on-the-right is-stacked-on-mobile mobile-img-full no-fit\"><div class=\"wp-block-media-text__content\">\n<h2 class=\"wp-block-heading d-none d-lg-block\">La nostra storia<\/h2>\n\n\n\n<p>\u00c8 stato dopo una brutta esperienza nei rifugi infestati dalle cimici da letto del GR20 in Corsica, poi in alloggi affittati da AirBnB a Montreal, in Canada, e in un ufficio a Ginevra, che l&#8217;idea si \u00e8 gradualmente radicata. Rendendosi conto che non esistevano n\u00e9 prodotti preventivi efficaci e naturali n\u00e9 trattamenti curativi radicali, rapidi e salutari per sbarazzarsi delle cimici da letto quando era in atto un&#8217;infestazione, e che questo spesso scatenava un disagio psicologico nelle vittime, Marine Falconnet ha deciso nel 2021 di colmare questa lacuna sviluppando una gamma di prodotti efficaci e duraturi per aiutare sia i privati che i professionisti. I prodotti hanno dimostrato di avere massima efficacia e oggi pi\u00f9 di 250.000 famiglie sono soddisfatte.<\/p>\n\n\n\n<p class=\"read-more-block\"><a href=\"#\" class=\"btn-more\">Continuare la lettura<\/a><\/p>\n\n\n\n<p>&#8220;Come ingegnere, madre di due figli e appassionata di prodotti naturali, ho riunito i migliori esperti per ricercare sostanze vegetali attive e sviluppare un&#8217;alternativa sana, non tossica e sostenibile per la vostra famiglia e il nostro ambiente. Sereni-d<strong><sup>\u00ae<\/sup><\/strong> \u00e8 un laboratorio svizzero specializzato in cimici da letto, che offre un controllo a lungo termine di questo vero e proprio flagello del XXI secolo.&#8221;<\/p>\n<\/div><figure class=\"wp-block-media-text__media\"><img loading=\"lazy\" decoding=\"async\" width=\"800\" height=\"500\" src=\"https:\/\/www.sereni-d.com\/wp-content\/uploads\/2023\/04\/img_marque_800x500_notre-histoire.jpg\" alt=\"\" class=\"wp-image-326 size-full\" srcset=\"https:\/\/www.sereni-d.com\/wp-content\/uploads\/2023\/04\/img_marque_800x500_notre-histoire.jpg 800w, https:\/\/www.sereni-d.com\/wp-content\/uploads\/2023\/04\/img_marque_800x500_notre-histoire-600x375.jpg 600w, https:\/\/www.sereni-d.com\/wp-content\/uploads\/2023\/04\/img_marque_800x500_notre-histoire-300x188.jpg 300w, https:\/\/www.sereni-d.com\/wp-content\/uploads\/2023\/04\/img_marque_800x500_notre-histoire-768x480.jpg 768w\" sizes=\"auto, (max-width: 800px) 100vw, 800px\" \/><\/figure><\/div>\n","protected":false},"excerpt":{"rendered":"<p>Il progetto Il progetto Pi\u00f9 di un milione di persone ha dovuto affrontare il problema delle cimici da letto nel 2020 in Svizzera e in Francia, e una famiglia su 10 tra il 2017 e il 2022. A New York, un alloggio AirBnB su tre presenta cimici da letto, cos\u00ec come la maggior parte degli [&hellip;]<\/p>\n","protected":false},"author":1,"featured_media":0,"parent":0,"menu_order":0,"comment_status":"closed","ping_status":"closed","template":"template-page-marque.php","meta":{"_acf_changed":false,"_monsterinsights_skip_tracking":false,"_monsterinsights_sitenote_active":false,"_monsterinsights_sitenote_note":"","_monsterinsights_sitenote_category":0,"footnotes":""},"class_list":["post-5239","page","type-page","status-publish","hentry"],"acf":[],"yoast_head":"<!-- This site is optimized with the Yoast SEO plugin v27.2 - https:\/\/yoast.com\/product\/yoast-seo-wordpress\/ -->\n<title>Il marchio SERENI-D<\/title>\n<meta name=\"description\" content=\"Scoprite Sereni-d\u00ae EXPERT CIMICI DA LETTO, la vostra soluzione naturale ed efficace contro le cimici da letto. Siamo un LABORATORIO svizzero che offre prodotti a base di piante, oli essenziali e acqua. Per privati e professionisti.\" \/>\n<meta name=\"robots\" content=\"index, follow, max-snippet:-1, max-image-preview:large, max-video-preview:-1\" \/>\n<link rel=\"canonical\" href=\"https:\/\/www.sereni-d.com\/it\/il-marchio\/\" \/>\n<meta property=\"og:locale\" content=\"it_IT\" \/>\n<meta property=\"og:type\" content=\"article\" \/>\n<meta property=\"og:title\" content=\"Il marchio SERENI-D\" \/>\n<meta property=\"og:description\" content=\"Scoprite Sereni-d\u00ae EXPERT CIMICI DA LETTO, la vostra soluzione naturale ed efficace contro le cimici da letto. Siamo un LABORATORIO svizzero che offre prodotti a base di piante, oli essenziali e acqua. Per privati e professionisti.\" \/>\n<meta property=\"og:url\" content=\"https:\/\/www.sereni-d.com\/it\/il-marchio\/\" \/>\n<meta property=\"og:site_name\" content=\"Sereni-d\u00ae\" \/>\n<meta property=\"article:publisher\" content=\"https:\/\/www.facebook.com\/SereniDsante\/\" \/>\n<meta property=\"article:modified_time\" content=\"2024-08-22T15:33:36+00:00\" \/>\n<meta property=\"og:image\" content=\"https:\/\/www.sereni-d.com\/wp-content\/uploads\/2023\/04\/img_marque_800x500_le-projet.jpg\" \/>\n<meta name=\"twitter:card\" content=\"summary_large_image\" \/>\n<meta name=\"twitter:label1\" content=\"Tempo di lettura stimato\" \/>\n\t<meta name=\"twitter:data1\" content=\"3 minuti\" \/>\n<script type=\"application\/ld+json\" class=\"yoast-schema-graph\">{\"@context\":\"https:\/\/schema.org\",\"@graph\":[{\"@type\":\"WebPage\",\"@id\":\"https:\/\/www.sereni-d.com\/it\/il-marchio\/\",\"url\":\"https:\/\/www.sereni-d.com\/it\/il-marchio\/\",\"name\":\"Il marchio SERENI-D\",\"isPartOf\":{\"@id\":\"https:\/\/www.sereni-d.com\/it\/#website\"},\"primaryImageOfPage\":{\"@id\":\"https:\/\/www.sereni-d.com\/it\/il-marchio\/#primaryimage\"},\"image\":{\"@id\":\"https:\/\/www.sereni-d.com\/it\/il-marchio\/#primaryimage\"},\"thumbnailUrl\":\"https:\/\/www.sereni-d.com\/wp-content\/uploads\/2023\/04\/img_marque_800x500_le-projet.jpg\",\"datePublished\":\"2023-04-28T11:43:42+00:00\",\"dateModified\":\"2024-08-22T15:33:36+00:00\",\"description\":\"Scoprite Sereni-d\u00ae EXPERT CIMICI DA LETTO, la vostra soluzione naturale ed efficace contro le cimici da letto. Siamo un LABORATORIO svizzero che offre prodotti a base di piante, oli essenziali e acqua. Per privati e professionisti.\",\"breadcrumb\":{\"@id\":\"https:\/\/www.sereni-d.com\/it\/il-marchio\/#breadcrumb\"},\"inLanguage\":\"it-IT\",\"potentialAction\":[{\"@type\":\"ReadAction\",\"target\":[\"https:\/\/www.sereni-d.com\/it\/il-marchio\/\"]}]},{\"@type\":\"ImageObject\",\"inLanguage\":\"it-IT\",\"@id\":\"https:\/\/www.sereni-d.com\/it\/il-marchio\/#primaryimage\",\"url\":\"https:\/\/www.sereni-d.com\/wp-content\/uploads\/2023\/04\/img_marque_800x500_le-projet.jpg\",\"contentUrl\":\"https:\/\/www.sereni-d.com\/wp-content\/uploads\/2023\/04\/img_marque_800x500_le-projet.jpg\"},{\"@type\":\"BreadcrumbList\",\"@id\":\"https:\/\/www.sereni-d.com\/it\/il-marchio\/#breadcrumb\",\"itemListElement\":[{\"@type\":\"ListItem\",\"position\":1,\"name\":\"Home page\",\"item\":\"https:\/\/www.sereni-d.com\/it\/\"},{\"@type\":\"ListItem\",\"position\":2,\"name\":\"Il marchio\"}]},{\"@type\":\"WebSite\",\"@id\":\"https:\/\/www.sereni-d.com\/it\/#website\",\"url\":\"https:\/\/www.sereni-d.com\/it\/\",\"name\":\"Sereni-d\u00ae\",\"description\":\"EXPERT Punaises de Lit - Laboratoire SUISSE - Traitements concentr\u00e9s contres les Punaises de Lit. Protection Longue Dur\u00e9e. Efficacit\u00e9 prouv\u00e9e, r\u00e9sultat maximal. Recommand\u00e9 par les professionnels.\",\"publisher\":{\"@id\":\"https:\/\/www.sereni-d.com\/it\/#organization\"},\"potentialAction\":[{\"@type\":\"SearchAction\",\"target\":{\"@type\":\"EntryPoint\",\"urlTemplate\":\"https:\/\/www.sereni-d.com\/it\/?s={search_term_string}\"},\"query-input\":{\"@type\":\"PropertyValueSpecification\",\"valueRequired\":true,\"valueName\":\"search_term_string\"}}],\"inLanguage\":\"it-IT\"},{\"@type\":\"Organization\",\"@id\":\"https:\/\/www.sereni-d.com\/it\/#organization\",\"name\":\"Sereni-d\",\"url\":\"https:\/\/www.sereni-d.com\/it\/\",\"logo\":{\"@type\":\"ImageObject\",\"inLanguage\":\"it-IT\",\"@id\":\"https:\/\/www.sereni-d.com\/it\/#\/schema\/logo\/image\/\",\"url\":\"\",\"contentUrl\":\"\",\"caption\":\"Sereni-d\"},\"image\":{\"@id\":\"https:\/\/www.sereni-d.com\/it\/#\/schema\/logo\/image\/\"},\"sameAs\":[\"https:\/\/www.facebook.com\/SereniDsante\/\",\"https:\/\/www.instagram.com\/serenidsante\/\"]}]}<\/script>\n<!-- \/ Yoast SEO plugin. -->","yoast_head_json":{"title":"Il marchio SERENI-D","description":"Scoprite Sereni-d\u00ae EXPERT CIMICI DA LETTO, la vostra soluzione naturale ed efficace contro le cimici da letto. Siamo un LABORATORIO svizzero che offre prodotti a base di piante, oli essenziali e acqua. Per privati e professionisti.","robots":{"index":"index","follow":"follow","max-snippet":"max-snippet:-1","max-image-preview":"max-image-preview:large","max-video-preview":"max-video-preview:-1"},"canonical":"https:\/\/www.sereni-d.com\/it\/il-marchio\/","og_locale":"it_IT","og_type":"article","og_title":"Il marchio SERENI-D","og_description":"Scoprite Sereni-d\u00ae EXPERT CIMICI DA LETTO, la vostra soluzione naturale ed efficace contro le cimici da letto. Siamo un LABORATORIO svizzero che offre prodotti a base di piante, oli essenziali e acqua. Per privati e professionisti.","og_url":"https:\/\/www.sereni-d.com\/it\/il-marchio\/","og_site_name":"Sereni-d\u00ae","article_publisher":"https:\/\/www.facebook.com\/SereniDsante\/","article_modified_time":"2024-08-22T15:33:36+00:00","og_image":[{"url":"https:\/\/www.sereni-d.com\/wp-content\/uploads\/2023\/04\/img_marque_800x500_le-projet.jpg","type":"","width":"","height":""}],"twitter_card":"summary_large_image","twitter_misc":{"Tempo di lettura stimato":"3 minuti"},"schema":{"@context":"https:\/\/schema.org","@graph":[{"@type":"WebPage","@id":"https:\/\/www.sereni-d.com\/it\/il-marchio\/","url":"https:\/\/www.sereni-d.com\/it\/il-marchio\/","name":"Il marchio SERENI-D","isPartOf":{"@id":"https:\/\/www.sereni-d.com\/it\/#website"},"primaryImageOfPage":{"@id":"https:\/\/www.sereni-d.com\/it\/il-marchio\/#primaryimage"},"image":{"@id":"https:\/\/www.sereni-d.com\/it\/il-marchio\/#primaryimage"},"thumbnailUrl":"https:\/\/www.sereni-d.com\/wp-content\/uploads\/2023\/04\/img_marque_800x500_le-projet.jpg","datePublished":"2023-04-28T11:43:42+00:00","dateModified":"2024-08-22T15:33:36+00:00","description":"Scoprite Sereni-d\u00ae EXPERT CIMICI DA LETTO, la vostra soluzione naturale ed efficace contro le cimici da letto. Siamo un LABORATORIO svizzero che offre prodotti a base di piante, oli essenziali e acqua. Per privati e professionisti.","breadcrumb":{"@id":"https:\/\/www.sereni-d.com\/it\/il-marchio\/#breadcrumb"},"inLanguage":"it-IT","potentialAction":[{"@type":"ReadAction","target":["https:\/\/www.sereni-d.com\/it\/il-marchio\/"]}]},{"@type":"ImageObject","inLanguage":"it-IT","@id":"https:\/\/www.sereni-d.com\/it\/il-marchio\/#primaryimage","url":"https:\/\/www.sereni-d.com\/wp-content\/uploads\/2023\/04\/img_marque_800x500_le-projet.jpg","contentUrl":"https:\/\/www.sereni-d.com\/wp-content\/uploads\/2023\/04\/img_marque_800x500_le-projet.jpg"},{"@type":"BreadcrumbList","@id":"https:\/\/www.sereni-d.com\/it\/il-marchio\/#breadcrumb","itemListElement":[{"@type":"ListItem","position":1,"name":"Home page","item":"https:\/\/www.sereni-d.com\/it\/"},{"@type":"ListItem","position":2,"name":"Il marchio"}]},{"@type":"WebSite","@id":"https:\/\/www.sereni-d.com\/it\/#website","url":"https:\/\/www.sereni-d.com\/it\/","name":"Sereni-d\u00ae","description":"EXPERT Punaises de Lit - Laboratoire SUISSE - Traitements concentr\u00e9s contres les Punaises de Lit. Protection Longue Dur\u00e9e. Efficacit\u00e9 prouv\u00e9e, r\u00e9sultat maximal. Recommand\u00e9 par les professionnels.","publisher":{"@id":"https:\/\/www.sereni-d.com\/it\/#organization"},"potentialAction":[{"@type":"SearchAction","target":{"@type":"EntryPoint","urlTemplate":"https:\/\/www.sereni-d.com\/it\/?s={search_term_string}"},"query-input":{"@type":"PropertyValueSpecification","valueRequired":true,"valueName":"search_term_string"}}],"inLanguage":"it-IT"},{"@type":"Organization","@id":"https:\/\/www.sereni-d.com\/it\/#organization","name":"Sereni-d","url":"https:\/\/www.sereni-d.com\/it\/","logo":{"@type":"ImageObject","inLanguage":"it-IT","@id":"https:\/\/www.sereni-d.com\/it\/#\/schema\/logo\/image\/","url":"","contentUrl":"","caption":"Sereni-d"},"image":{"@id":"https:\/\/www.sereni-d.com\/it\/#\/schema\/logo\/image\/"},"sameAs":["https:\/\/www.facebook.com\/SereniDsante\/","https:\/\/www.instagram.com\/serenidsante\/"]}]}},"_links":{"self":[{"href":"https:\/\/www.sereni-d.com\/it\/wp-json\/wp\/v2\/pages\/5239","targetHints":{"allow":["GET"]}}],"collection":[{"href":"https:\/\/www.sereni-d.com\/it\/wp-json\/wp\/v2\/pages"}],"about":[{"href":"https:\/\/www.sereni-d.com\/it\/wp-json\/wp\/v2\/types\/page"}],"author":[{"embeddable":true,"href":"https:\/\/www.sereni-d.com\/it\/wp-json\/wp\/v2\/users\/1"}],"replies":[{"embeddable":true,"href":"https:\/\/www.sereni-d.com\/it\/wp-json\/wp\/v2\/comments?post=5239"}],"version-history":[{"count":4,"href":"https:\/\/www.sereni-d.com\/it\/wp-json\/wp\/v2\/pages\/5239\/revisions"}],"predecessor-version":[{"id":7773,"href":"https:\/\/www.sereni-d.com\/it\/wp-json\/wp\/v2\/pages\/5239\/revisions\/7773"}],"wp:attachment":[{"href":"https:\/\/www.sereni-d.com\/it\/wp-json\/wp\/v2\/media?parent=5239"}],"curies":[{"name":"wp","href":"https:\/\/api.w.org\/{rel}","templated":true}]}}