{"id":5257,"date":"2023-05-12T14:45:48","date_gmt":"2023-05-12T12:45:48","guid":{"rendered":"https:\/\/www.sereni-d.com\/informazioni-legali\/"},"modified":"2024-09-14T17:20:25","modified_gmt":"2024-09-14T15:20:25","slug":"informazioni-legali","status":"publish","type":"page","link":"https:\/\/www.sereni-d.com\/it\/informazioni-legali\/","title":{"rendered":"Informazioni legali"},"content":{"rendered":"\n<h2 class=\"wp-block-heading\">PROPRIETARIO E\/O EDITORE DEL SITO<\/h2>\n\n\n\n<p>Questo sito web \u00e8 pubblicato da Swiss Biocontrol Laboratories SA, una societ\u00e0 con capitale di 100.000 franchi svizzeri., iscritta al Registro del Commercio e delle Imprese di Ginevra con il numero CHE-372.366.766, con sede legale in Chemin du Pr\u00e9-Fleuri 3 &#8211; 1228 Plan-les-Ouates &#8211; SVIZZERA.<\/p>\n\n\n\n<p>Nome del direttore della pubblicazione: Sig.ra Marine FALCONNET<\/p>\n\n\n\n<p><a href=\"http:\/\/sereni-d.com\/\">www.sereni-d.com<\/a> (di seguito indicato come il &#8220;Sito&#8221;)<\/p>\n\n\n\n<p>Tutti i diritti sul Sito e su tutti gli elementi sono di propriet\u00e0 esclusiva di <\/p>\n\n\n\n<p>Swiss Biocontrol Laboratories SA. Tali diritti sono riservati. Tutta la documentazione disponibile su questo Sito \u00e8 offerta ai nostri visitatori solo per uso personale.<\/p>\n\n\n\n<h2 class=\"wp-block-heading\">CONTATTACI<\/h2>\n\n\n\n<p>+41 78 320 74 72<\/p>\n\n\n\n<p>Oppure via e-mail support@sereni-d.com<\/p>\n\n\n\n<p> <strong>HOSTING DEL SITO WEB<\/strong><\/p>\n\n\n\n<p>ALPES NETWORK<\/p>\n","protected":false},"excerpt":{"rendered":"<p>PROPRIETARIO E\/O EDITORE DEL SITO Questo sito web \u00e8 pubblicato da Swiss Biocontrol Laboratories SA, una societ\u00e0 con capitale di 100.000 franchi svizzeri., iscritta al Registro del Commercio e delle Imprese di Ginevra con il numero CHE-372.366.766, con sede legale in Chemin du Pr\u00e9-Fleuri 3 &#8211; 1228 Plan-les-Ouates &#8211; SVIZZERA. Nome del direttore della pubblicazione: [&hellip;]<\/p>\n","protected":false},"author":1,"featured_media":0,"parent":0,"menu_order":0,"comment_status":"closed","ping_status":"closed","template":"template-page-slim.php","meta":{"_acf_changed":false,"_monsterinsights_skip_tracking":false,"_monsterinsights_sitenote_active":false,"_monsterinsights_sitenote_note":"","_monsterinsights_sitenote_category":0,"footnotes":""},"class_list":["post-5257","page","type-page","status-publish","hentry"],"acf":[],"yoast_head":"<!-- This site is optimized with the Yoast SEO plugin v27.4 - https:\/\/yoast.com\/product\/yoast-seo-wordpress\/ -->\n<title>Informazioni legali - Sereni-d\u00ae<\/title>\n<meta name=\"robots\" content=\"index, follow, max-snippet:-1, max-image-preview:large, max-video-preview:-1\" \/>\n<link rel=\"canonical\" href=\"https:\/\/www.sereni-d.com\/it\/informazioni-legali\/\" \/>\n<meta property=\"og:locale\" content=\"it_IT\" \/>\n<meta property=\"og:type\" content=\"article\" \/>\n<meta property=\"og:title\" content=\"Informazioni legali - Sereni-d\u00ae\" \/>\n<meta property=\"og:description\" content=\"PROPRIETARIO E\/O EDITORE DEL SITO Questo sito web \u00e8 pubblicato da Swiss Biocontrol Laboratories SA, una societ\u00e0 con capitale di 100.000 franchi svizzeri., iscritta al Registro del Commercio e delle Imprese di Ginevra con il numero CHE-372.366.766, con sede legale in Chemin du Pr\u00e9-Fleuri 3 &#8211; 1228 Plan-les-Ouates &#8211; SVIZZERA. Nome del direttore della pubblicazione: [&hellip;]\" \/>\n<meta property=\"og:url\" content=\"https:\/\/www.sereni-d.com\/it\/informazioni-legali\/\" \/>\n<meta property=\"og:site_name\" content=\"Sereni-d\u00ae\" \/>\n<meta property=\"article:publisher\" content=\"https:\/\/www.facebook.com\/SereniDsante\/\" \/>\n<meta property=\"article:modified_time\" content=\"2024-09-14T15:20:25+00:00\" \/>\n<meta name=\"twitter:card\" content=\"summary_large_image\" \/>\n<meta name=\"twitter:label1\" content=\"Tempo di lettura stimato\" \/>\n\t<meta name=\"twitter:data1\" content=\"1 minuto\" \/>\n<script type=\"application\/ld+json\" class=\"yoast-schema-graph\">{\"@context\":\"https:\\\/\\\/schema.org\",\"@graph\":[{\"@type\":\"WebPage\",\"@id\":\"https:\\\/\\\/www.sereni-d.com\\\/it\\\/informazioni-legali\\\/\",\"url\":\"https:\\\/\\\/www.sereni-d.com\\\/it\\\/informazioni-legali\\\/\",\"name\":\"Informazioni legali - Sereni-d\u00ae\",\"isPartOf\":{\"@id\":\"https:\\\/\\\/www.sereni-d.com\\\/it\\\/#website\"},\"datePublished\":\"2023-05-12T12:45:48+00:00\",\"dateModified\":\"2024-09-14T15:20:25+00:00\",\"breadcrumb\":{\"@id\":\"https:\\\/\\\/www.sereni-d.com\\\/it\\\/informazioni-legali\\\/#breadcrumb\"},\"inLanguage\":\"it-IT\",\"potentialAction\":[{\"@type\":\"ReadAction\",\"target\":[\"https:\\\/\\\/www.sereni-d.com\\\/it\\\/informazioni-legali\\\/\"]}]},{\"@type\":\"BreadcrumbList\",\"@id\":\"https:\\\/\\\/www.sereni-d.com\\\/it\\\/informazioni-legali\\\/#breadcrumb\",\"itemListElement\":[{\"@type\":\"ListItem\",\"position\":1,\"name\":\"Home page\",\"item\":\"https:\\\/\\\/www.sereni-d.com\\\/it\\\/\"},{\"@type\":\"ListItem\",\"position\":2,\"name\":\"Informazioni legali\"}]},{\"@type\":\"WebSite\",\"@id\":\"https:\\\/\\\/www.sereni-d.com\\\/it\\\/#website\",\"url\":\"https:\\\/\\\/www.sereni-d.com\\\/it\\\/\",\"name\":\"Sereni-d\u00ae\",\"description\":\"EXPERT Punaises de Lit - Laboratoire SUISSE - Traitements concentr\u00e9s contres les Punaises de Lit. Protection Longue Dur\u00e9e. Efficacit\u00e9 prouv\u00e9e, r\u00e9sultat maximal. Recommand\u00e9 par les professionnels.\",\"publisher\":{\"@id\":\"https:\\\/\\\/www.sereni-d.com\\\/it\\\/#organization\"},\"potentialAction\":[{\"@type\":\"SearchAction\",\"target\":{\"@type\":\"EntryPoint\",\"urlTemplate\":\"https:\\\/\\\/www.sereni-d.com\\\/it\\\/?s={search_term_string}\"},\"query-input\":{\"@type\":\"PropertyValueSpecification\",\"valueRequired\":true,\"valueName\":\"search_term_string\"}}],\"inLanguage\":\"it-IT\"},{\"@type\":\"Organization\",\"@id\":\"https:\\\/\\\/www.sereni-d.com\\\/it\\\/#organization\",\"name\":\"Sereni-d\",\"url\":\"https:\\\/\\\/www.sereni-d.com\\\/it\\\/\",\"logo\":{\"@type\":\"ImageObject\",\"inLanguage\":\"it-IT\",\"@id\":\"https:\\\/\\\/www.sereni-d.com\\\/it\\\/#\\\/schema\\\/logo\\\/image\\\/\",\"url\":\"\",\"contentUrl\":\"\",\"caption\":\"Sereni-d\"},\"image\":{\"@id\":\"https:\\\/\\\/www.sereni-d.com\\\/it\\\/#\\\/schema\\\/logo\\\/image\\\/\"},\"sameAs\":[\"https:\\\/\\\/www.facebook.com\\\/SereniDsante\\\/\",\"https:\\\/\\\/www.instagram.com\\\/serenidsante\\\/\"]}]}<\/script>\n<!-- \/ Yoast SEO plugin. -->","yoast_head_json":{"title":"Informazioni legali - Sereni-d\u00ae","robots":{"index":"index","follow":"follow","max-snippet":"max-snippet:-1","max-image-preview":"max-image-preview:large","max-video-preview":"max-video-preview:-1"},"canonical":"https:\/\/www.sereni-d.com\/it\/informazioni-legali\/","og_locale":"it_IT","og_type":"article","og_title":"Informazioni legali - Sereni-d\u00ae","og_description":"PROPRIETARIO E\/O EDITORE DEL SITO Questo sito web \u00e8 pubblicato da Swiss Biocontrol Laboratories SA, una societ\u00e0 con capitale di 100.000 franchi svizzeri., iscritta al Registro del Commercio e delle Imprese di Ginevra con il numero CHE-372.366.766, con sede legale in Chemin du Pr\u00e9-Fleuri 3 &#8211; 1228 Plan-les-Ouates &#8211; SVIZZERA. Nome del direttore della pubblicazione: [&hellip;]","og_url":"https:\/\/www.sereni-d.com\/it\/informazioni-legali\/","og_site_name":"Sereni-d\u00ae","article_publisher":"https:\/\/www.facebook.com\/SereniDsante\/","article_modified_time":"2024-09-14T15:20:25+00:00","twitter_card":"summary_large_image","twitter_misc":{"Tempo di lettura stimato":"1 minuto"},"schema":{"@context":"https:\/\/schema.org","@graph":[{"@type":"WebPage","@id":"https:\/\/www.sereni-d.com\/it\/informazioni-legali\/","url":"https:\/\/www.sereni-d.com\/it\/informazioni-legali\/","name":"Informazioni legali - Sereni-d\u00ae","isPartOf":{"@id":"https:\/\/www.sereni-d.com\/it\/#website"},"datePublished":"2023-05-12T12:45:48+00:00","dateModified":"2024-09-14T15:20:25+00:00","breadcrumb":{"@id":"https:\/\/www.sereni-d.com\/it\/informazioni-legali\/#breadcrumb"},"inLanguage":"it-IT","potentialAction":[{"@type":"ReadAction","target":["https:\/\/www.sereni-d.com\/it\/informazioni-legali\/"]}]},{"@type":"BreadcrumbList","@id":"https:\/\/www.sereni-d.com\/it\/informazioni-legali\/#breadcrumb","itemListElement":[{"@type":"ListItem","position":1,"name":"Home page","item":"https:\/\/www.sereni-d.com\/it\/"},{"@type":"ListItem","position":2,"name":"Informazioni legali"}]},{"@type":"WebSite","@id":"https:\/\/www.sereni-d.com\/it\/#website","url":"https:\/\/www.sereni-d.com\/it\/","name":"Sereni-d\u00ae","description":"EXPERT Punaises de Lit - Laboratoire SUISSE - Traitements concentr\u00e9s contres les Punaises de Lit. Protection Longue Dur\u00e9e. Efficacit\u00e9 prouv\u00e9e, r\u00e9sultat maximal. Recommand\u00e9 par les professionnels.","publisher":{"@id":"https:\/\/www.sereni-d.com\/it\/#organization"},"potentialAction":[{"@type":"SearchAction","target":{"@type":"EntryPoint","urlTemplate":"https:\/\/www.sereni-d.com\/it\/?s={search_term_string}"},"query-input":{"@type":"PropertyValueSpecification","valueRequired":true,"valueName":"search_term_string"}}],"inLanguage":"it-IT"},{"@type":"Organization","@id":"https:\/\/www.sereni-d.com\/it\/#organization","name":"Sereni-d","url":"https:\/\/www.sereni-d.com\/it\/","logo":{"@type":"ImageObject","inLanguage":"it-IT","@id":"https:\/\/www.sereni-d.com\/it\/#\/schema\/logo\/image\/","url":"","contentUrl":"","caption":"Sereni-d"},"image":{"@id":"https:\/\/www.sereni-d.com\/it\/#\/schema\/logo\/image\/"},"sameAs":["https:\/\/www.facebook.com\/SereniDsante\/","https:\/\/www.instagram.com\/serenidsante\/"]}]}},"_links":{"self":[{"href":"https:\/\/www.sereni-d.com\/it\/wp-json\/wp\/v2\/pages\/5257","targetHints":{"allow":["GET"]}}],"collection":[{"href":"https:\/\/www.sereni-d.com\/it\/wp-json\/wp\/v2\/pages"}],"about":[{"href":"https:\/\/www.sereni-d.com\/it\/wp-json\/wp\/v2\/types\/page"}],"author":[{"embeddable":true,"href":"https:\/\/www.sereni-d.com\/it\/wp-json\/wp\/v2\/users\/1"}],"replies":[{"embeddable":true,"href":"https:\/\/www.sereni-d.com\/it\/wp-json\/wp\/v2\/comments?post=5257"}],"version-history":[{"count":4,"href":"https:\/\/www.sereni-d.com\/it\/wp-json\/wp\/v2\/pages\/5257\/revisions"}],"predecessor-version":[{"id":8514,"href":"https:\/\/www.sereni-d.com\/it\/wp-json\/wp\/v2\/pages\/5257\/revisions\/8514"}],"wp:attachment":[{"href":"https:\/\/www.sereni-d.com\/it\/wp-json\/wp\/v2\/media?parent=5257"}],"curies":[{"name":"wp","href":"https:\/\/api.w.org\/{rel}","templated":true}]}}